{"id":8076,"date":"2022-11-18T21:37:59","date_gmt":"2022-11-18T21:37:59","guid":{"rendered":"https:\/\/everydaychemshop.com\/it\/?post_type=product&#038;p=8076"},"modified":"2023-04-06T21:11:05","modified_gmt":"2023-04-06T21:11:05","slug":"polvere-di-4-fa-4-fluoroanfetamine","status":"publish","type":"product","link":"https:\/\/everydaychemshop.com\/it\/product\/polvere-di-4-fa-4-fluoroanfetamine\/","title":{"rendered":"Polvere di 4-FA (4-fluoroanfetamine)."},"content":{"rendered":"<div class=\"container\">\n<div class=\"row main-content-wrap\">\n<div class=\"main-content col-lg-12\">\n<div id=\"primary\" class=\"content-area\">\n<h1>Acquista la polvere 4-FA online<\/h1>\n<div id=\"product-1651\" class=\"product type-product post-1651 status-publish first instock product_cat-research-chemicals- e-sale da bagno product_tag-2-fluoroamphetamine product_tag-4-fa-buy-canada product_tag-4-fa-buy-online product_tag-4-fa-buy-uk product_tag-4-fa-buy-usa product_tag-4- fa-effetti product_tag-4-fa-in-vendita-online product_tag-4-fa-in-vendita-usa-online product_tag-4-fa-online product_tag-4-fa-online-acquista product_tag-4-fa-polvere -acquista-canada product_tag-4-fa-polvere-acquista-uk product_tag-4-fa-polvere-acquista-usa product_tag-4-fa-polvere-in-vendita product_tag-4-fa-polvere-in-vendita-online product_tag-4-fa-polvere-in-vendita-usa-online product_tag-4-fa-polvere-online product_tag-4-fa-polvere-online-acquista product_tag-4-fa-polvere-prezzo-online product_tag-4- fa-prezzo-online product_tag-4-fa-research-chemical product_tag-4-fluoro anfetamina-stato-legale product_tag-4-sintesi-di-fluoroanfetamine product_tag-5-mapb-legal product_tag-buy-4-fa-australia product_tag-buy-4-fa-canada product_tag-buy-4-fa-europe product_tag-buy- 4-fa-in-vendita product_tag-acquista-4-fa-online product_tag-acquista-4-fa-polvere-australia product_tag-acquista-4-fa-polvere-canada product_tag-acquista-4-fa-polvere-europa product_tag -acquista-4-fa-polvere-in-vendita product_tag-acquista-4-fa-polvere-online product_tag-acquista-4-fa-polvere-uk product_tag-acquista-4-fa-polvere-usa product_tag-acquista-4 -fa-uk product_tag-buy-4-fa-usa product_tag-is-4-fa-legal product_tag-is-4-fa-legal-in-the-us-2020 product_tag-is-4-fma-legal product_tag- qualit\u00e0-4-fa-in-vendita product_tag-qualit\u00e0-4-fa-polvere-in-vendita product_tag-dove-acquistare-4-fa-product_tag-dove-acquistare-4-fa-sali ha-post- thumbnail spedizione tassabile acquistabile product-type-variable has-default-attributes product-layout-default\">\n<div id=\"product-tab\" class=\"woocommerce-tabs woocommerce-tabs-z37slqdj resp-htabs\">\n<div class=\"resp-tabs-contenitore\">\n<div id=\"tab-description\" class=\"tab-content resp-tab-content resp-tab-content-active\" aria-labelledby=\"tab_item-0\"><a href=\"https:\/\/everydaychemshop.com\/it\/product\/polvere-di-4-fa-4-fluoroanfetamine\/\">Acquista la polvere 4-FA online<\/a>. 4-FA (4-fluoramphetamine) \u00e8 un farmaco simile all&#8217;anfetamina che si \u00e8 appena presentato sul mercato olandese per un periodo di tempo moderatamente breve. Nel periodo dal 2007 al 2009, \u00e8 stato essenzialmente venduto come speed o MDMA. Acquista polvere 4-FA online. Ci\u00f2 era dovuto al fatto che all&#8217;epoca vi era una carenza di materie prime per questi specialisti, quindi 4-FA \u00e8 stato utilizzato come specialista del taglio. In ogni caso, dal <a href=\"https:\/\/en.wikipedia.org\/wiki\/4-Fluoroamphetamine\">2010<\/a>, 4-FA \u00e8 stato progressivamente venduto come 4-FA dai venditori, il che implica anche che gli acquirenti lo considerino un &#8220;farmaco della decisione&#8221;. Polvere 4-FA in vendita \u2013 Vendita intera Polveri chimiche di ricerca \u2013 Acquista 4-Fluoroamphetamine online<\/p>\n<h2><span data-preserver-spaces=\"true\">Effetti\u00a0<b>4-Fluoroamphetamine<\/b><\/span><\/h2>\n<p><span data-preserver-spaces=\"true\">Il soggettivo\u00a0gli effetti della 4-fluoroanfetamina\u00a0includono\u00a0<\/span><span data-preserver-spaces=\"true\">euforia<\/span><span data-preserver-spaces=\"true\">, che alcuni trovano simile agli effetti di\u00a0<\/span><span data-preserver-spaces=\"true\">M<\/span><span data-preserver-spaces=\"true\">D<\/span><span data-preserver-spaces=\"true\">MA<\/span><span data-preserver-spaces=\"true\">\u00a0e anfetamina,<\/span><span data-preserver-spaces=\"true\">\u00a0aumento dell&#8217;energia (stimolazione), elevazione dell&#8217;umore, sentimenti di calore ed empatia, discorsi eccessivi,\u00a0<\/span><span data-preserver-spaces=\"true\">bruxismo<\/span> <span data-preserver-spaces=\"true\"> e appetito soppresso (anoressico). Il corso generale degli effetti comporta principalmente effetti empatogeni per le prime ore, che svaniscono man mano che si sviluppa una maggiore stimolazione nelle ore successive. Vendita all&#8217;ingrosso Polveri chimiche di ricerca<\/span><\/p>\n<p><span data-preserver-spaces=\"true\">Le\u00a0<\/span><span data-preserver-spaces=\"true\">inibizione della ricaptazione della dopamina<\/span><span data-preserver-spaces=\"true\">\u00a0prodotto da 4-FA \u00e8 pi\u00f9 forte di quello di entrambi\u00a0<\/span><span data-preserver-spaces=\"true\">4-CA<\/span><span data-preserver-spaces=\"true\">\u00a0o\u00a0<\/span><span data-preserver-spaces=\"true\"> 4-IA<\/span><span data-preserver-spaces=\"true\">.<\/span><span data-preserver-spaces=\"true\">\u00a0Anche 4-FA produce meno\u00a0<\/span> <span data-preserver=\"\">ipertermia<\/span><span data-preserver-spaces=\"true\">\u00a0rispetto a composti simili come\u00a0<\/span><span data-preserver-spaces=\"true\">PMA<\/span>,\u00a0<span data-preserver-spaces=\"true\">3-MTA<\/span><span data-preserver-spaces=\"true \"> e\u00a0<\/span>4-metilanfetamina<span data-preserver-spaces=\"true\">.<\/span><\/p>\n<p>Gli effetti collaterali acuti comuni sono nausea, mal di testa, aumento della frequenza cardiaca e insonnia.<\/p>\n<p><span data-preserver-spaces=\"true\">\u00c8 comunemente rep ortato che le prime tre o quattro ore di 4-FA presentino\u00a0<\/span><span data-preserver-spaces=\"true\">entactogenic<\/span><span data-preserver-spaces=\"true\">\u00a0effetti che sono stati segnalati come in qualche modo simili all&#8217;MDMA, sebbene non altrettanto potente. Si ritiene che ci\u00f2 sia correlato alla durata in cui promuove il rilascio di\u00a0<\/span><span data-preserver-spaces=\"true\">serotonina<\/span><span data-preserver-spaces=\"true\">\u00a0(oltre a\u00a0<\/span><span data-preserver-spaces=\"true\">dopamina<\/span><span data-preserver-spaces=\"true\">\u00a0e\u00a0<\/span><span data-preserver-spaces=\"true\">norepinefrina<\/span><span data-preserver-spaces=\"true\">). Dopo questa prima fase dell&#8217;esperienza, l&#8217;effetto si sposta quindi verso qualcosa che sembra classico\u00a0<\/span><span data-preserver-spaces=\"true\">anfetamina<\/span><span data-preserver-spaces=\"true \">\u00a0stimolazione, che pu\u00f2 persistere per un periodo prolungato. Intera vendita Ricerca polveri chimiche &#8211; Acquista 4-Fluoroamphetamine online<\/span><\/p>\n<p>Acquista polvere 4-FA online, 4-FA in vendita online, Acquista 4-FA Uk, 4-FA acquista online, Acquista 4-FA USA, Acquista 4-FA Australia, Acquista online 4-FA, Acquista 4-FA Europa, Acquista 4-FA Canada, Dove acquistare 4-FA, Acquista 4-FA in vendita, 4-FA online, Acquista 4-FA online , 4-FA acquista Canada, 4-FA acquista Regno Unito, 4-FA acquista USA, 4-FA prezzo online, qualit\u00e0 4-FA in vendita, 4-FA in vendita online, 4-FA in vendita USA online, Acquista 4- FA online, Acquista 4-Fluoroamphetamine online<\/p>\n<h3>Polvere 4-FA in vendita online. Fairpricemedical.com<\/h3>\n<p><strong><span data-preserver-spaces=\"true\">Non usare 4-FA se hai una storia di problemi cardiaci o se provi un forte mal di testa dopo il suo uso. <\/span><\/strong><span data-preserver-spaces=\"true\">\u00a0Siamo stati informati di un rapporto pubblicato da Trimbos-instituut e Nationaal Vergiftigingen Informatie Centrum (NVIC), che descrive gli episodi di ictus dopo un maggiore uso di 4 FA. Oltre ai comuni effetti simili all&#8217;anfetamina (agitazione, ansia, tachicardia, ipertensione, dolore toracico et al.), sono state segnalate gravi complicanze cardiovascolari e cerebrovascolari, incluso il ritmo (aritmia sinusale, extrasistoli ventricolari (bigeminismo), disturbi della conduzione) e insufficienza cardiaca acuta. Sebbene non sia stata confermata una relazione causale, una valutazione medica presso un pronto soccorso dovrebbe essere condotta immediatamente quando si presenta un forte mal di testa e lateralizzazione dopo l&#8217;uso di 4-FA. Vendita all&#8217;ingrosso Polveri chimiche di ricerca &#8211; Acquista 4-Fluoroamphetamine online<\/span><\/p>\n<p><strong><em><span data-preserver-spaces=\"true\">Disclaimer:<\/span><\/em> <\/strong><em><span data-preserver-spaces=\"true\">\u00a0Gli effetti elencati di seguito citano\u00a0<\/span><\/em><strong><em><span data-preserver-spaces=\"true\">Indice degli effetti soggettivi<\/span><\/em><\/strong><em><span data-preserver-spaces=\"true\">\u00a0(<\/span><\/em><strong><em>SEI<\/em><\/strong><em><span data-preserver-spaces=\"true\">), letteratura di ricerca aperta basata su resoconti aneddotici degli utenti e dati personali analisi dei collaboratori di PsychonautWiki. Di conseguenza, dovrebbero essere visti con un sano grado di scetticismo.<\/span><\/em><\/p>\n<div class=\"CCgQ5 vCa9Yd QfkTvb MUxGbd v0nnCb\" role=\" header\"><\/div>\n<\/div>\n<\/div>\n<\/div>\n<\/div>\n<p>&nbsp;<\/p>\n<\/div>\n<\/div>\n<\/div>\n<\/div>\n<div class=\"prodotti correlati\">\n<div class=\"container\"><\/div>\n<\/div>\n","protected":false},"excerpt":{"rendered":"<p>Vuoi acquistare la polvere 4-FA online a un prezzo conveniente e conveniente? Ce l&#8217;hai qui meglio con l&#8217;alta qualit\u00e0 (99% di purezza). Le nostre spedizioni e consegne per 4-FA Powder Research Chemicals sono sicure, protette e discrete al 100%. Fair Price \u00e8 il principale distributore di 4-fluorometamfetamine e altri prodotti correlati in tutto il mondo.<\/p>\n","protected":false},"featured_media":8083,"comment_status":"open","ping_status":"closed","template":"","meta":{"inline_featured_image":false},"product_brand":[],"product_cat":[264],"product_tag":[],"class_list":{"0":"post-8076","1":"product","2":"type-product","3":"status-publish","4":"has-post-thumbnail","6":"product_cat-ricerca-chimica","8":"first","9":"instock","10":"shipping-taxable","11":"purchasable","12":"product-type-variable","13":"has-default-attributes"},"yoast_head":"<!-- This site is optimized with the Yoast SEO Premium plugin v19.2 (Yoast SEO v27.3) - https:\/\/yoast.com\/product\/yoast-seo-premium-wordpress\/ -->\n<title>Acquista la polvere 4-FA online- Everyday Chem Shop<\/title>\n<meta name=\"description\" content=\"Acquista la polvere 4-FA online. Vendiamo polvere 4-FA della migliore qualit\u00e0 online. Contatta per ulteriori informazioni e prezzi per effettuare l&#039;ordine.\" \/>\n<meta name=\"robots\" content=\"index, follow, max-snippet:-1, max-image-preview:large, max-video-preview:-1\" \/>\n<link rel=\"canonical\" href=\"https:\/\/everydaychemshop.com\/it\/product\/polvere-di-4-fa-4-fluoroanfetamine\/\" \/>\n<meta property=\"og:locale\" content=\"en_US\" \/>\n<meta property=\"og:type\" content=\"article\" \/>\n<meta property=\"og:title\" content=\"Polvere di 4-FA (4-fluoroanfetamine).\" \/>\n<meta property=\"og:description\" content=\"Acquista la polvere 4-FA online. Vendiamo polvere 4-FA della migliore qualit\u00e0 online. Contatta per ulteriori informazioni e prezzi per effettuare l&#039;ordine.\" \/>\n<meta property=\"og:url\" content=\"https:\/\/everydaychemshop.com\/it\/product\/polvere-di-4-fa-4-fluoroanfetamine\/\" \/>\n<meta property=\"og:site_name\" content=\"Everyday Chem Shop\" \/>\n<meta property=\"article:modified_time\" content=\"2023-04-06T21:11:05+00:00\" \/>\n<meta property=\"og:image\" content=\"https:\/\/everydaychemshop.com\/it\/wp-content\/uploads\/sites\/6\/2022\/11\/Buy-4-FA-Powder.jpeg\" \/>\n\t<meta property=\"og:image:width\" content=\"510\" \/>\n\t<meta property=\"og:image:height\" content=\"365\" \/>\n\t<meta property=\"og:image:type\" content=\"image\/jpeg\" \/>\n<meta name=\"twitter:card\" content=\"summary_large_image\" \/>\n<meta name=\"twitter:label1\" content=\"Est. reading time\" \/>\n\t<meta name=\"twitter:data1\" content=\"3 minutes\" \/>\n<script type=\"application\/ld+json\" class=\"yoast-schema-graph\">{\"@context\":\"https:\\\/\\\/schema.org\",\"@graph\":[{\"@type\":\"WebPage\",\"@id\":\"https:\\\/\\\/everydaychemshop.com\\\/it\\\/product\\\/polvere-di-4-fa-4-fluoroanfetamine\\\/\",\"url\":\"https:\\\/\\\/everydaychemshop.com\\\/it\\\/product\\\/polvere-di-4-fa-4-fluoroanfetamine\\\/\",\"name\":\"Acquista la polvere 4-FA online- Everyday Chem Shop\",\"isPartOf\":{\"@id\":\"https:\\\/\\\/everydaychemshop.com\\\/it\\\/#website\"},\"primaryImageOfPage\":{\"@id\":\"https:\\\/\\\/everydaychemshop.com\\\/it\\\/product\\\/polvere-di-4-fa-4-fluoroanfetamine\\\/#primaryimage\"},\"image\":{\"@id\":\"https:\\\/\\\/everydaychemshop.com\\\/it\\\/product\\\/polvere-di-4-fa-4-fluoroanfetamine\\\/#primaryimage\"},\"thumbnailUrl\":\"https:\\\/\\\/everydaychemshop.com\\\/it\\\/wp-content\\\/uploads\\\/sites\\\/6\\\/2022\\\/11\\\/Buy-4-FA-Powder.jpeg\",\"datePublished\":\"2022-11-18T21:37:59+00:00\",\"dateModified\":\"2023-04-06T21:11:05+00:00\",\"description\":\"Acquista la polvere 4-FA online. Vendiamo polvere 4-FA della migliore qualit\u00e0 online. Contatta per ulteriori informazioni e prezzi per effettuare l'ordine.\",\"breadcrumb\":{\"@id\":\"https:\\\/\\\/everydaychemshop.com\\\/it\\\/product\\\/polvere-di-4-fa-4-fluoroanfetamine\\\/#breadcrumb\"},\"inLanguage\":\"en-US\",\"potentialAction\":[{\"@type\":\"ReadAction\",\"target\":[\"https:\\\/\\\/everydaychemshop.com\\\/it\\\/product\\\/polvere-di-4-fa-4-fluoroanfetamine\\\/\"]}]},{\"@type\":\"ImageObject\",\"inLanguage\":\"en-US\",\"@id\":\"https:\\\/\\\/everydaychemshop.com\\\/it\\\/product\\\/polvere-di-4-fa-4-fluoroanfetamine\\\/#primaryimage\",\"url\":\"https:\\\/\\\/everydaychemshop.com\\\/it\\\/wp-content\\\/uploads\\\/sites\\\/6\\\/2022\\\/11\\\/Buy-4-FA-Powder.jpeg\",\"contentUrl\":\"https:\\\/\\\/everydaychemshop.com\\\/it\\\/wp-content\\\/uploads\\\/sites\\\/6\\\/2022\\\/11\\\/Buy-4-FA-Powder.jpeg\",\"width\":510,\"height\":365,\"caption\":\"Acquista la polvere 4-FA online\"},{\"@type\":\"BreadcrumbList\",\"@id\":\"https:\\\/\\\/everydaychemshop.com\\\/it\\\/product\\\/polvere-di-4-fa-4-fluoroanfetamine\\\/#breadcrumb\",\"itemListElement\":[{\"@type\":\"ListItem\",\"position\":1,\"name\":\"Home\",\"item\":\"https:\\\/\\\/everydaychemshop.com\\\/it\\\/\"},{\"@type\":\"ListItem\",\"position\":2,\"name\":\"Prodotti\",\"item\":\"https:\\\/\\\/everydaychemshop.com\\\/it\\\/prodotti\\\/\"},{\"@type\":\"ListItem\",\"position\":3,\"name\":\"Polvere di 4-FA (4-fluoroanfetamine).\"}]},{\"@type\":\"WebSite\",\"@id\":\"https:\\\/\\\/everydaychemshop.com\\\/it\\\/#website\",\"url\":\"https:\\\/\\\/everydaychemshop.com\\\/it\\\/\",\"name\":\"Everyday Chem Shop\",\"description\":\"\",\"potentialAction\":[{\"@type\":\"SearchAction\",\"target\":{\"@type\":\"EntryPoint\",\"urlTemplate\":\"https:\\\/\\\/everydaychemshop.com\\\/it\\\/?s={search_term_string}\"},\"query-input\":{\"@type\":\"PropertyValueSpecification\",\"valueRequired\":true,\"valueName\":\"search_term_string\"}}],\"inLanguage\":\"en-US\"}]}<\/script>\n<!-- \/ Yoast SEO Premium plugin. -->","yoast_head_json":{"title":"Acquista la polvere 4-FA online- Everyday Chem Shop","description":"Acquista la polvere 4-FA online. Vendiamo polvere 4-FA della migliore qualit\u00e0 online. Contatta per ulteriori informazioni e prezzi per effettuare l'ordine.","robots":{"index":"index","follow":"follow","max-snippet":"max-snippet:-1","max-image-preview":"max-image-preview:large","max-video-preview":"max-video-preview:-1"},"canonical":"https:\/\/everydaychemshop.com\/it\/product\/polvere-di-4-fa-4-fluoroanfetamine\/","og_locale":"en_US","og_type":"article","og_title":"Polvere di 4-FA (4-fluoroanfetamine).","og_description":"Acquista la polvere 4-FA online. Vendiamo polvere 4-FA della migliore qualit\u00e0 online. Contatta per ulteriori informazioni e prezzi per effettuare l'ordine.","og_url":"https:\/\/everydaychemshop.com\/it\/product\/polvere-di-4-fa-4-fluoroanfetamine\/","og_site_name":"Everyday Chem Shop","article_modified_time":"2023-04-06T21:11:05+00:00","og_image":[{"width":510,"height":365,"url":"https:\/\/everydaychemshop.com\/it\/wp-content\/uploads\/sites\/6\/2022\/11\/Buy-4-FA-Powder.jpeg","type":"image\/jpeg"}],"twitter_card":"summary_large_image","twitter_misc":{"Est. reading time":"3 minutes"},"schema":{"@context":"https:\/\/schema.org","@graph":[{"@type":"WebPage","@id":"https:\/\/everydaychemshop.com\/it\/product\/polvere-di-4-fa-4-fluoroanfetamine\/","url":"https:\/\/everydaychemshop.com\/it\/product\/polvere-di-4-fa-4-fluoroanfetamine\/","name":"Acquista la polvere 4-FA online- Everyday Chem Shop","isPartOf":{"@id":"https:\/\/everydaychemshop.com\/it\/#website"},"primaryImageOfPage":{"@id":"https:\/\/everydaychemshop.com\/it\/product\/polvere-di-4-fa-4-fluoroanfetamine\/#primaryimage"},"image":{"@id":"https:\/\/everydaychemshop.com\/it\/product\/polvere-di-4-fa-4-fluoroanfetamine\/#primaryimage"},"thumbnailUrl":"https:\/\/everydaychemshop.com\/it\/wp-content\/uploads\/sites\/6\/2022\/11\/Buy-4-FA-Powder.jpeg","datePublished":"2022-11-18T21:37:59+00:00","dateModified":"2023-04-06T21:11:05+00:00","description":"Acquista la polvere 4-FA online. Vendiamo polvere 4-FA della migliore qualit\u00e0 online. Contatta per ulteriori informazioni e prezzi per effettuare l'ordine.","breadcrumb":{"@id":"https:\/\/everydaychemshop.com\/it\/product\/polvere-di-4-fa-4-fluoroanfetamine\/#breadcrumb"},"inLanguage":"en-US","potentialAction":[{"@type":"ReadAction","target":["https:\/\/everydaychemshop.com\/it\/product\/polvere-di-4-fa-4-fluoroanfetamine\/"]}]},{"@type":"ImageObject","inLanguage":"en-US","@id":"https:\/\/everydaychemshop.com\/it\/product\/polvere-di-4-fa-4-fluoroanfetamine\/#primaryimage","url":"https:\/\/everydaychemshop.com\/it\/wp-content\/uploads\/sites\/6\/2022\/11\/Buy-4-FA-Powder.jpeg","contentUrl":"https:\/\/everydaychemshop.com\/it\/wp-content\/uploads\/sites\/6\/2022\/11\/Buy-4-FA-Powder.jpeg","width":510,"height":365,"caption":"Acquista la polvere 4-FA online"},{"@type":"BreadcrumbList","@id":"https:\/\/everydaychemshop.com\/it\/product\/polvere-di-4-fa-4-fluoroanfetamine\/#breadcrumb","itemListElement":[{"@type":"ListItem","position":1,"name":"Home","item":"https:\/\/everydaychemshop.com\/it\/"},{"@type":"ListItem","position":2,"name":"Prodotti","item":"https:\/\/everydaychemshop.com\/it\/prodotti\/"},{"@type":"ListItem","position":3,"name":"Polvere di 4-FA (4-fluoroanfetamine)."}]},{"@type":"WebSite","@id":"https:\/\/everydaychemshop.com\/it\/#website","url":"https:\/\/everydaychemshop.com\/it\/","name":"Everyday Chem Shop","description":"","potentialAction":[{"@type":"SearchAction","target":{"@type":"EntryPoint","urlTemplate":"https:\/\/everydaychemshop.com\/it\/?s={search_term_string}"},"query-input":{"@type":"PropertyValueSpecification","valueRequired":true,"valueName":"search_term_string"}}],"inLanguage":"en-US"}]}},"_links":{"self":[{"href":"https:\/\/everydaychemshop.com\/it\/wp-json\/wp\/v2\/product\/8076","targetHints":{"allow":["GET"]}}],"collection":[{"href":"https:\/\/everydaychemshop.com\/it\/wp-json\/wp\/v2\/product"}],"about":[{"href":"https:\/\/everydaychemshop.com\/it\/wp-json\/wp\/v2\/types\/product"}],"replies":[{"embeddable":true,"href":"https:\/\/everydaychemshop.com\/it\/wp-json\/wp\/v2\/comments?post=8076"}],"wp:featuredmedia":[{"embeddable":true,"href":"https:\/\/everydaychemshop.com\/it\/wp-json\/wp\/v2\/media\/8083"}],"wp:attachment":[{"href":"https:\/\/everydaychemshop.com\/it\/wp-json\/wp\/v2\/media?parent=8076"}],"wp:term":[{"taxonomy":"product_brand","embeddable":true,"href":"https:\/\/everydaychemshop.com\/it\/wp-json\/wp\/v2\/product_brand?post=8076"},{"taxonomy":"product_cat","embeddable":true,"href":"https:\/\/everydaychemshop.com\/it\/wp-json\/wp\/v2\/product_cat?post=8076"},{"taxonomy":"product_tag","embeddable":true,"href":"https:\/\/everydaychemshop.com\/it\/wp-json\/wp\/v2\/product_tag?post=8076"}],"curies":[{"name":"wp","href":"https:\/\/api.w.org\/{rel}","templated":true}]}}