{"id":8084,"date":"2022-11-18T21:42:22","date_gmt":"2022-11-18T21:42:22","guid":{"rendered":"https:\/\/everydaychemshop.com\/it\/?post_type=product&#038;p=8084"},"modified":"2023-04-06T21:09:00","modified_gmt":"2023-04-06T21:09:00","slug":"5f-mdmb-2201-cristalli","status":"publish","type":"product","link":"https:\/\/everydaychemshop.com\/it\/product\/5f-mdmb-2201-cristalli\/","title":{"rendered":"5F-MDMB-2201 Cristalli"},"content":{"rendered":"<div class=\"container\">\n<div class=\"row main-content-wrap\">\n<div class=\"main-content col-lg-12\">\n<div id=\"primary\" class=\"content-area\">\n<h1>Acquista cristalli 5F-MDMB-2201 online<\/h1>\n<div id=\"product-1685\" class=\"product type-product post-1685 status-publish first instock product_cat-research-chemicals- e-sale da bagno product_tag-4f-adb-recensione product_tag-4f-mdmb-binaca-uk product_tag-5f-polvere product_tag-5f-mdmb-2201 product_tag-5f-mdmb-2201-cannabinoidi product_tag-5f-mdmb-2201- cannabinoidi-in-vendita product_tag-5f-mdmb-2201-in-vendita product_tag-5f-mdmb-2201-in-vendita-online product_tag-5f-mdmb-2201-polvere product_tag-5f-mdmb-2201-polvere-australia product_tag -5f-mdmb-2201-polvere-canada product_tag-5f-mdmb-2201-dosaggio-polvere product_tag-5f-mdmb-2201-polvere-in-vendita product_tag-5f-mdmb-2201-polvere-recensione product_tag-5f-mdmb -2201-powder-supplier product_tag-5f-mdmb-2201-powder-uk product_tag-5f-mdmb-2201-powder-usa product_tag-5f-mdmb-2201-powder-vendor product_tag-5f-mdmb-2201-reddit product_t ag-5f-mdmb-2201-review product_tag-5f-mdmb-pinaca-buy product_tag-5f-sgt-151 product_tag-buy-5f-mdmb-2201 product_tag-buy-5f-mdmb-2201-cannabinoidi product_tag-buy-5f -mdmb-2201-online product_tag-buy-5f-mdmb-2201-polvere-online product_tag-buy-diclazepam-uk product_tag-c-sospensione-chimica-liquida product_tag-mail-5f-mdmb-2201 product_tag-order-5f- mdmb-2201 product_tag-order-5f-mdmb-2201-online product_tag-order-5f-mdmb-2201-polvere product_tag-pure-5f-mdmb-2201-polvere product_tag-sgt-151-legale product_tag-dove-acquistare -5f-mdmb-2201 has-post-thumbnail shipping-taxable product-type-variable acquistabile has-default-attributes product-layout-default\">\n<div id=\"product-tab\" class=\"woocommerce-tabs woocommerce-tabs -dwcbz5qo resp-htabs\">\n<div class=\"resp-tabs-container\">\n<div id=\"tab-description\" class=\"tab-content resp-tab-content resp-tab-content-active\" aria-labelledby=\"tab_item-0\">\n<p><a href=\"https:\/\/everydaychemshop.com\/it\/product\/5f-mdmb-2201-cristalli\/\">Acquista cristalli 5F-MDMB-2201 online<\/a>. \u00c8 un&#8217;auto indazolo 3 boxamide che sta cominciando <a href=\"https:\/\/en.wikipedia.org\/wiki\/MMB-2201\">a<\/a> essere visto nei prodotti di cannabis sintetica in tutto il mondo.<\/p>\n<p>Farmacologia:<br \/>\n5F-MDMB-2201 \u00e8 considerato un agonista CB1 molto potente, ma non \u00e8 noto se ha una forte selettivit\u00e0 per CB1, o addirittura se lo \u00e8 affatto. Saranno necessari ulteriori test in quest&#8217;area.<\/p>\n<p>Composti simili:<br \/>\n5F-AB-PINACA<br \/>\nPX-3<br \/>\nMDMB-FUBINACA<br \/>\nMDMB-CHMICA<br \/>\nAPINACA<br \/>\nAPICA<br \/>\nADB-PINACA<br \/>\nADBICA<br \/>\nADB-FUBINACA<br \/>\nADB-CHMINACA<br \/>\nAB-PINACA<br \/>\nAB-FUBINACA<br \/>\nAB-CHMINACA<br \/>\nAB-CHFUPYCA<br \/>\n5F-APINACA<br \/>\n5F-AMB<\/p>\n<p>Legalit\u00e0:<br \/>\n5F-MDMB-2201 non \u00e8 noto per essere considerato una sostanza controllata in qualsiasi paese o giurisdizione principale al momento, ma pu\u00f2 essere considerato un analogo di 5F-ADB o composti correlati. Ci\u00f2 potrebbe rendere illegale la vendita o il possesso in alcune giurisdizioni, quindi \u00e8 necessario prestare attenzione quando si importa questa sostanza chimica.<br \/>\n5F-MDMB-2201 \u00e8 venduto esclusivamente come sostanza chimica di ricerca ed \u00e8 quindi inadatto al consumo umano o animale. Dovrebbe essere utilizzato solo da personale addestrato in un ambiente di laboratorio o forense.<\/p>\n<\/div>\n<\/div>\n<\/div>\n<\/div>\n<p>&nbsp;<\/p>\n<\/div>\n<\/div>\n<\/div>\n<\/div>\n<div class=\"prodotti correlati\">\n<div class=\"container\"><\/div>\n<\/div>\n","protected":false},"excerpt":{"rendered":"<p>Acquista online 5 cristalli MDMB 2201. 5F-MDMB-2201 \u00e8 un cannabinoide sintetico della famiglia degli indazoli ed \u00e8 strettamente correlato al pi\u00f9 noto 5F-MDMB-PINACA.<\/p>\n<p><em>Acquista<\/em>\u00a0pura alta qualit\u00e0\u00a0<em>5F<\/em>\u2013<em>MDMB<\/em>\u2013<em>2201<\/em>\u00a0Polvere online con Bitcoin \u2013\u00a0<em>Acquista<\/em>\u00a0droghe legali online,\u00a0<em>acquista<\/em>\u00a0ricerca prodotti chimici,\u00a0<em>comprare<\/em>\u00a0polveri farmaceutiche grezze. <em>5F<\/em>\u2013<em>MDMB<\/em>\u2013<em>2201<\/em><\/p>\n<p>Ordina un campione per il test o\u00a0<em>acquista 5F<\/em> \u2013<em>mdmb<\/em>\u2013<em>2201<\/em>\u00a0in vendita e spedizione gratuita nel Regno Unito, negli Stati Uniti o in Europa.<\/p>\n","protected":false},"featured_media":8091,"comment_status":"open","ping_status":"closed","template":"","meta":{"inline_featured_image":false},"product_brand":[],"product_cat":[264],"product_tag":[],"class_list":{"0":"post-8084","1":"product","2":"type-product","3":"status-publish","4":"has-post-thumbnail","6":"product_cat-ricerca-chimica","8":"first","9":"instock","10":"shipping-taxable","11":"purchasable","12":"product-type-variable","13":"has-default-attributes"},"yoast_head":"<!-- This site is optimized with the Yoast SEO Premium plugin v19.2 (Yoast SEO v27.3) - https:\/\/yoast.com\/product\/yoast-seo-premium-wordpress\/ -->\n<title>Acquista cristalli 5F-MDMB-2201 online- Everyday Chem Shop<\/title>\n<meta name=\"description\" content=\"Acquista cristalli 5F-MDMB-2201 online. Vendiamo cristalli 5F-MDMB-2201 della migliore qualit\u00e0 online. Si prega di contattare per ulteriori informazioni e prezzi.\" \/>\n<meta name=\"robots\" content=\"index, follow, max-snippet:-1, max-image-preview:large, max-video-preview:-1\" \/>\n<link rel=\"canonical\" href=\"https:\/\/everydaychemshop.com\/it\/product\/5f-mdmb-2201-cristalli\/\" \/>\n<meta property=\"og:locale\" content=\"en_US\" \/>\n<meta property=\"og:type\" content=\"article\" \/>\n<meta property=\"og:title\" content=\"5F-MDMB-2201 Cristalli\" \/>\n<meta property=\"og:description\" content=\"Acquista cristalli 5F-MDMB-2201 online. Vendiamo cristalli 5F-MDMB-2201 della migliore qualit\u00e0 online. Si prega di contattare per ulteriori informazioni e prezzi.\" \/>\n<meta property=\"og:url\" content=\"https:\/\/everydaychemshop.com\/it\/product\/5f-mdmb-2201-cristalli\/\" \/>\n<meta property=\"og:site_name\" content=\"Everyday Chem Shop\" \/>\n<meta property=\"article:modified_time\" content=\"2023-04-06T21:09:00+00:00\" \/>\n<meta property=\"og:image\" content=\"https:\/\/everydaychemshop.com\/it\/wp-content\/uploads\/sites\/6\/2022\/11\/Buy-5f-MDMB-2201.jpg\" \/>\n\t<meta property=\"og:image:width\" content=\"232\" \/>\n\t<meta property=\"og:image:height\" content=\"217\" \/>\n\t<meta property=\"og:image:type\" content=\"image\/jpeg\" \/>\n<meta name=\"twitter:card\" content=\"summary_large_image\" \/>\n<meta name=\"twitter:label1\" content=\"Est. reading time\" \/>\n\t<meta name=\"twitter:data1\" content=\"1 minute\" \/>\n<script type=\"application\/ld+json\" class=\"yoast-schema-graph\">{\"@context\":\"https:\\\/\\\/schema.org\",\"@graph\":[{\"@type\":\"WebPage\",\"@id\":\"https:\\\/\\\/everydaychemshop.com\\\/it\\\/product\\\/5f-mdmb-2201-cristalli\\\/\",\"url\":\"https:\\\/\\\/everydaychemshop.com\\\/it\\\/product\\\/5f-mdmb-2201-cristalli\\\/\",\"name\":\"Acquista cristalli 5F-MDMB-2201 online- Everyday Chem Shop\",\"isPartOf\":{\"@id\":\"https:\\\/\\\/everydaychemshop.com\\\/it\\\/#website\"},\"primaryImageOfPage\":{\"@id\":\"https:\\\/\\\/everydaychemshop.com\\\/it\\\/product\\\/5f-mdmb-2201-cristalli\\\/#primaryimage\"},\"image\":{\"@id\":\"https:\\\/\\\/everydaychemshop.com\\\/it\\\/product\\\/5f-mdmb-2201-cristalli\\\/#primaryimage\"},\"thumbnailUrl\":\"https:\\\/\\\/everydaychemshop.com\\\/it\\\/wp-content\\\/uploads\\\/sites\\\/6\\\/2022\\\/11\\\/Buy-5f-MDMB-2201.jpg\",\"datePublished\":\"2022-11-18T21:42:22+00:00\",\"dateModified\":\"2023-04-06T21:09:00+00:00\",\"description\":\"Acquista cristalli 5F-MDMB-2201 online. Vendiamo cristalli 5F-MDMB-2201 della migliore qualit\u00e0 online. Si prega di contattare per ulteriori informazioni e prezzi.\",\"breadcrumb\":{\"@id\":\"https:\\\/\\\/everydaychemshop.com\\\/it\\\/product\\\/5f-mdmb-2201-cristalli\\\/#breadcrumb\"},\"inLanguage\":\"en-US\",\"potentialAction\":[{\"@type\":\"ReadAction\",\"target\":[\"https:\\\/\\\/everydaychemshop.com\\\/it\\\/product\\\/5f-mdmb-2201-cristalli\\\/\"]}]},{\"@type\":\"ImageObject\",\"inLanguage\":\"en-US\",\"@id\":\"https:\\\/\\\/everydaychemshop.com\\\/it\\\/product\\\/5f-mdmb-2201-cristalli\\\/#primaryimage\",\"url\":\"https:\\\/\\\/everydaychemshop.com\\\/it\\\/wp-content\\\/uploads\\\/sites\\\/6\\\/2022\\\/11\\\/Buy-5f-MDMB-2201.jpg\",\"contentUrl\":\"https:\\\/\\\/everydaychemshop.com\\\/it\\\/wp-content\\\/uploads\\\/sites\\\/6\\\/2022\\\/11\\\/Buy-5f-MDMB-2201.jpg\",\"width\":232,\"height\":217,\"caption\":\"Acquista cristalli 5F-MDMB-2201 online\"},{\"@type\":\"BreadcrumbList\",\"@id\":\"https:\\\/\\\/everydaychemshop.com\\\/it\\\/product\\\/5f-mdmb-2201-cristalli\\\/#breadcrumb\",\"itemListElement\":[{\"@type\":\"ListItem\",\"position\":1,\"name\":\"Home\",\"item\":\"https:\\\/\\\/everydaychemshop.com\\\/it\\\/\"},{\"@type\":\"ListItem\",\"position\":2,\"name\":\"Prodotti\",\"item\":\"https:\\\/\\\/everydaychemshop.com\\\/it\\\/prodotti\\\/\"},{\"@type\":\"ListItem\",\"position\":3,\"name\":\"5F-MDMB-2201 Cristalli\"}]},{\"@type\":\"WebSite\",\"@id\":\"https:\\\/\\\/everydaychemshop.com\\\/it\\\/#website\",\"url\":\"https:\\\/\\\/everydaychemshop.com\\\/it\\\/\",\"name\":\"Everyday Chem Shop\",\"description\":\"\",\"potentialAction\":[{\"@type\":\"SearchAction\",\"target\":{\"@type\":\"EntryPoint\",\"urlTemplate\":\"https:\\\/\\\/everydaychemshop.com\\\/it\\\/?s={search_term_string}\"},\"query-input\":{\"@type\":\"PropertyValueSpecification\",\"valueRequired\":true,\"valueName\":\"search_term_string\"}}],\"inLanguage\":\"en-US\"}]}<\/script>\n<!-- \/ Yoast SEO Premium plugin. -->","yoast_head_json":{"title":"Acquista cristalli 5F-MDMB-2201 online- Everyday Chem Shop","description":"Acquista cristalli 5F-MDMB-2201 online. Vendiamo cristalli 5F-MDMB-2201 della migliore qualit\u00e0 online. Si prega di contattare per ulteriori informazioni e prezzi.","robots":{"index":"index","follow":"follow","max-snippet":"max-snippet:-1","max-image-preview":"max-image-preview:large","max-video-preview":"max-video-preview:-1"},"canonical":"https:\/\/everydaychemshop.com\/it\/product\/5f-mdmb-2201-cristalli\/","og_locale":"en_US","og_type":"article","og_title":"5F-MDMB-2201 Cristalli","og_description":"Acquista cristalli 5F-MDMB-2201 online. Vendiamo cristalli 5F-MDMB-2201 della migliore qualit\u00e0 online. Si prega di contattare per ulteriori informazioni e prezzi.","og_url":"https:\/\/everydaychemshop.com\/it\/product\/5f-mdmb-2201-cristalli\/","og_site_name":"Everyday Chem Shop","article_modified_time":"2023-04-06T21:09:00+00:00","og_image":[{"width":232,"height":217,"url":"https:\/\/everydaychemshop.com\/it\/wp-content\/uploads\/sites\/6\/2022\/11\/Buy-5f-MDMB-2201.jpg","type":"image\/jpeg"}],"twitter_card":"summary_large_image","twitter_misc":{"Est. reading time":"1 minute"},"schema":{"@context":"https:\/\/schema.org","@graph":[{"@type":"WebPage","@id":"https:\/\/everydaychemshop.com\/it\/product\/5f-mdmb-2201-cristalli\/","url":"https:\/\/everydaychemshop.com\/it\/product\/5f-mdmb-2201-cristalli\/","name":"Acquista cristalli 5F-MDMB-2201 online- Everyday Chem Shop","isPartOf":{"@id":"https:\/\/everydaychemshop.com\/it\/#website"},"primaryImageOfPage":{"@id":"https:\/\/everydaychemshop.com\/it\/product\/5f-mdmb-2201-cristalli\/#primaryimage"},"image":{"@id":"https:\/\/everydaychemshop.com\/it\/product\/5f-mdmb-2201-cristalli\/#primaryimage"},"thumbnailUrl":"https:\/\/everydaychemshop.com\/it\/wp-content\/uploads\/sites\/6\/2022\/11\/Buy-5f-MDMB-2201.jpg","datePublished":"2022-11-18T21:42:22+00:00","dateModified":"2023-04-06T21:09:00+00:00","description":"Acquista cristalli 5F-MDMB-2201 online. Vendiamo cristalli 5F-MDMB-2201 della migliore qualit\u00e0 online. Si prega di contattare per ulteriori informazioni e prezzi.","breadcrumb":{"@id":"https:\/\/everydaychemshop.com\/it\/product\/5f-mdmb-2201-cristalli\/#breadcrumb"},"inLanguage":"en-US","potentialAction":[{"@type":"ReadAction","target":["https:\/\/everydaychemshop.com\/it\/product\/5f-mdmb-2201-cristalli\/"]}]},{"@type":"ImageObject","inLanguage":"en-US","@id":"https:\/\/everydaychemshop.com\/it\/product\/5f-mdmb-2201-cristalli\/#primaryimage","url":"https:\/\/everydaychemshop.com\/it\/wp-content\/uploads\/sites\/6\/2022\/11\/Buy-5f-MDMB-2201.jpg","contentUrl":"https:\/\/everydaychemshop.com\/it\/wp-content\/uploads\/sites\/6\/2022\/11\/Buy-5f-MDMB-2201.jpg","width":232,"height":217,"caption":"Acquista cristalli 5F-MDMB-2201 online"},{"@type":"BreadcrumbList","@id":"https:\/\/everydaychemshop.com\/it\/product\/5f-mdmb-2201-cristalli\/#breadcrumb","itemListElement":[{"@type":"ListItem","position":1,"name":"Home","item":"https:\/\/everydaychemshop.com\/it\/"},{"@type":"ListItem","position":2,"name":"Prodotti","item":"https:\/\/everydaychemshop.com\/it\/prodotti\/"},{"@type":"ListItem","position":3,"name":"5F-MDMB-2201 Cristalli"}]},{"@type":"WebSite","@id":"https:\/\/everydaychemshop.com\/it\/#website","url":"https:\/\/everydaychemshop.com\/it\/","name":"Everyday Chem Shop","description":"","potentialAction":[{"@type":"SearchAction","target":{"@type":"EntryPoint","urlTemplate":"https:\/\/everydaychemshop.com\/it\/?s={search_term_string}"},"query-input":{"@type":"PropertyValueSpecification","valueRequired":true,"valueName":"search_term_string"}}],"inLanguage":"en-US"}]}},"_links":{"self":[{"href":"https:\/\/everydaychemshop.com\/it\/wp-json\/wp\/v2\/product\/8084","targetHints":{"allow":["GET"]}}],"collection":[{"href":"https:\/\/everydaychemshop.com\/it\/wp-json\/wp\/v2\/product"}],"about":[{"href":"https:\/\/everydaychemshop.com\/it\/wp-json\/wp\/v2\/types\/product"}],"replies":[{"embeddable":true,"href":"https:\/\/everydaychemshop.com\/it\/wp-json\/wp\/v2\/comments?post=8084"}],"wp:featuredmedia":[{"embeddable":true,"href":"https:\/\/everydaychemshop.com\/it\/wp-json\/wp\/v2\/media\/8091"}],"wp:attachment":[{"href":"https:\/\/everydaychemshop.com\/it\/wp-json\/wp\/v2\/media?parent=8084"}],"wp:term":[{"taxonomy":"product_brand","embeddable":true,"href":"https:\/\/everydaychemshop.com\/it\/wp-json\/wp\/v2\/product_brand?post=8084"},{"taxonomy":"product_cat","embeddable":true,"href":"https:\/\/everydaychemshop.com\/it\/wp-json\/wp\/v2\/product_cat?post=8084"},{"taxonomy":"product_tag","embeddable":true,"href":"https:\/\/everydaychemshop.com\/it\/wp-json\/wp\/v2\/product_tag?post=8084"}],"curies":[{"name":"wp","href":"https:\/\/api.w.org\/{rel}","templated":true}]}}