{"id":8124,"date":"2022-11-19T08:31:19","date_gmt":"2022-11-19T08:31:19","guid":{"rendered":"https:\/\/everydaychemshop.com\/it\/?post_type=product&#038;p=8124"},"modified":"2023-04-06T21:02:43","modified_gmt":"2023-04-06T21:02:43","slug":"alprazolam-polvere","status":"publish","type":"product","link":"https:\/\/everydaychemshop.com\/it\/product\/alprazolam-polvere\/","title":{"rendered":"Polvere di alprazolam"},"content":{"rendered":"<h1><strong>Acquista polvere di alprazolam online<\/strong><\/h1>\n<p><a href=\"https:\/\/everydaychemshop.com\/it\/product\/alprazolam-polvere\/\">Acquista polvere di alprazolam online<\/a>. L&#8217;alprazolam \u00e8 una potente benzodiazepina con un effetto a breve durata d&#8217;azione che calma il sistema nervoso centrale. Questo \u00e8 principalmente usato per trattare l&#8217;ansia e i <a href=\"https:\/\/it.wikipedia.org\/wiki\/Alprazolam\">disturbi<\/a> di panico. La domanda di polvere di Alprazolam \u00e8 alimentata dall&#8217;aumento della popolazione geriatrica vulnerabile alla depressione e dalla prevalenza di disturbi d&#8217;ansia, tra cui fobia e ansie generalizzate. Inoltre, lo stile di vita rapido e stressante che porta alla depressione alimenta la crescita del settore. Inoltre, durante il periodo di previsione sono previsti lavori di ricerca e sviluppo su Alprazolam per esplorare nuove opportunit\u00e0. Le severe normative governative e gli effetti sfavorevoli sulle droghe come la tossicodipendenza, tuttavia, ostacolano la crescita. Puoi acquistare ALPRAZOLAM online e ottenere <strong>ALPRAZOLAM in vendita online.<\/strong><\/p>\n<h3><strong>Uso<\/strong><\/h3>\n<p>Alprazolam (episodi improvvisi e imprevedibili di intensa paura e preoccupazione per questi episodi) \u00e8 usato per trattare l&#8217;ansia e i disturbi di panico. Una classe di farmaci chiamata benzodiazepine \u00e8 Alprazolam. Funziona riducendo l&#8217;eccitazione eccessiva nel cervello. L&#8217;alprazolam \u00e8 talvolta usato anche per trattare la depressione, l&#8217;ansia da spazio aperto e la sindrome premestruale. Pu\u00f2 essere utilizzato in circostanze dolorose. Discuti con il tuo medico delle potenziali minacce alla tua condizione quando usi questo farmaco.<\/p>\n<h3><strong>Dosaggio<\/strong><\/h3>\n<p>L&#8217;alprazolam \u00e8 disponibile sotto forma di compressa, compressa a rilascio prolungato e compressa che si decompone per via orale (una compressa che si scioglie rapidamente in bocca). La compressa viene normalmente assunta due o quattro volte al giorno, compressa disintegrata per via orale e soluzioni concentrate. Il tablet remoto viene assunto una volta al giorno, di solito al mattino. Segui attentamente le note sulla tua tabella delle prescrizioni e chiedi al tuo farmacista o medico di descrivere qualcosa che non capisci. Proprio come indicato, prendi alprazolam. Utilizzare solo il contagocce fornito con la prescrizione per prendere il liquido concentrato. Disegna la dose richiesta nel contagocce. Spruzza il contagocce in cibi fluidi o semisolidi come t\u00e8, latte, soda, zuppa di mele o budino. Per alcuni secondi frullare delicatamente il liquido o il cibo. Il liquido si concentra interamente nel cibo. Bevi o mangia immediatamente tutta la miscela. Rimuovere la compressa dal flacone per via orale appena prima della scadenza del dosaggio. Apri il flacone con i palmi asciutti, rimuovi la compressa e mettila sulla lingua immediatamente. La compressa pu\u00f2 dissolversi e la saliva pu\u00f2 essere ingerita.<\/p>\n","protected":false},"excerpt":{"rendered":"<p><em>Acquista<\/em>\u00a0Alprazolam Online &#8211; bestglobalmeds.com \u00e8 il miglior fornitore e venditore di\u00a0<em>Alprazolam in polvere<\/em>\u00a0dove puoi\u00a0<em>acquistare<\/em>\u00a0Xanax in polvere all&#8217;ingrosso. <em>Ordina<\/em>\u00a0Ora!<\/p>\n<p>Acquista Alprazolam in polvere online. Vera polvere di Alprazolam online \u2013 Polvere di Alprazolam in vendita | Acquista Alprazolam in polvere online | Acquista Alprazolam in polvere in vendita| Acquista polvere di Alprazolam a buon mercato | Dove acquistare la polvere di Alprazolam online<\/p>\n","protected":false},"featured_media":8127,"comment_status":"open","ping_status":"closed","template":"","meta":{"inline_featured_image":false},"product_brand":[],"product_cat":[264],"product_tag":[],"class_list":{"0":"post-8124","1":"product","2":"type-product","3":"status-publish","4":"has-post-thumbnail","6":"product_cat-ricerca-chimica","8":"first","9":"instock","10":"shipping-taxable","11":"purchasable","12":"product-type-variable","13":"has-default-attributes"},"yoast_head":"<!-- This site is optimized with the Yoast SEO Premium plugin v19.2 (Yoast SEO v27.3) - https:\/\/yoast.com\/product\/yoast-seo-premium-wordpress\/ -->\n<title>Acquista polvere di alprazolam online - Everyday Chem Shop<\/title>\n<meta name=\"description\" content=\"Acquista polvere di alprazolam online. Vendiamo polvere di alprazolam della migliore qualit\u00e0 online. Si prega di contattare per ulteriori informazioni e prezzi.\" \/>\n<meta name=\"robots\" content=\"index, follow, max-snippet:-1, max-image-preview:large, max-video-preview:-1\" \/>\n<link rel=\"canonical\" href=\"https:\/\/everydaychemshop.com\/it\/product\/alprazolam-polvere\/\" \/>\n<meta property=\"og:locale\" content=\"en_US\" \/>\n<meta property=\"og:type\" content=\"article\" \/>\n<meta property=\"og:title\" content=\"Polvere di alprazolam\" \/>\n<meta property=\"og:description\" content=\"Acquista polvere di alprazolam online. Vendiamo polvere di alprazolam della migliore qualit\u00e0 online. Si prega di contattare per ulteriori informazioni e prezzi.\" \/>\n<meta property=\"og:url\" content=\"https:\/\/everydaychemshop.com\/it\/product\/alprazolam-polvere\/\" \/>\n<meta property=\"og:site_name\" content=\"Everyday Chem Shop\" \/>\n<meta property=\"article:modified_time\" content=\"2023-04-06T21:02:43+00:00\" \/>\n<meta property=\"og:image\" content=\"https:\/\/everydaychemshop.com\/it\/wp-content\/uploads\/sites\/6\/2022\/11\/Buy-Alprazolam-powder.jpg\" \/>\n\t<meta property=\"og:image:width\" content=\"259\" \/>\n\t<meta property=\"og:image:height\" content=\"194\" \/>\n\t<meta property=\"og:image:type\" content=\"image\/jpeg\" \/>\n<meta name=\"twitter:card\" content=\"summary_large_image\" \/>\n<meta name=\"twitter:label1\" content=\"Est. reading time\" \/>\n\t<meta name=\"twitter:data1\" content=\"2 minutes\" \/>\n<script type=\"application\/ld+json\" class=\"yoast-schema-graph\">{\"@context\":\"https:\\\/\\\/schema.org\",\"@graph\":[{\"@type\":\"WebPage\",\"@id\":\"https:\\\/\\\/everydaychemshop.com\\\/it\\\/product\\\/alprazolam-polvere\\\/\",\"url\":\"https:\\\/\\\/everydaychemshop.com\\\/it\\\/product\\\/alprazolam-polvere\\\/\",\"name\":\"Acquista polvere di alprazolam online - Everyday Chem Shop\",\"isPartOf\":{\"@id\":\"https:\\\/\\\/everydaychemshop.com\\\/it\\\/#website\"},\"primaryImageOfPage\":{\"@id\":\"https:\\\/\\\/everydaychemshop.com\\\/it\\\/product\\\/alprazolam-polvere\\\/#primaryimage\"},\"image\":{\"@id\":\"https:\\\/\\\/everydaychemshop.com\\\/it\\\/product\\\/alprazolam-polvere\\\/#primaryimage\"},\"thumbnailUrl\":\"https:\\\/\\\/everydaychemshop.com\\\/it\\\/wp-content\\\/uploads\\\/sites\\\/6\\\/2022\\\/11\\\/Buy-Alprazolam-powder.jpg\",\"datePublished\":\"2022-11-19T08:31:19+00:00\",\"dateModified\":\"2023-04-06T21:02:43+00:00\",\"description\":\"Acquista polvere di alprazolam online. Vendiamo polvere di alprazolam della migliore qualit\u00e0 online. Si prega di contattare per ulteriori informazioni e prezzi.\",\"breadcrumb\":{\"@id\":\"https:\\\/\\\/everydaychemshop.com\\\/it\\\/product\\\/alprazolam-polvere\\\/#breadcrumb\"},\"inLanguage\":\"en-US\",\"potentialAction\":[{\"@type\":\"ReadAction\",\"target\":[\"https:\\\/\\\/everydaychemshop.com\\\/it\\\/product\\\/alprazolam-polvere\\\/\"]}]},{\"@type\":\"ImageObject\",\"inLanguage\":\"en-US\",\"@id\":\"https:\\\/\\\/everydaychemshop.com\\\/it\\\/product\\\/alprazolam-polvere\\\/#primaryimage\",\"url\":\"https:\\\/\\\/everydaychemshop.com\\\/it\\\/wp-content\\\/uploads\\\/sites\\\/6\\\/2022\\\/11\\\/Buy-Alprazolam-powder.jpg\",\"contentUrl\":\"https:\\\/\\\/everydaychemshop.com\\\/it\\\/wp-content\\\/uploads\\\/sites\\\/6\\\/2022\\\/11\\\/Buy-Alprazolam-powder.jpg\",\"width\":259,\"height\":194,\"caption\":\"Acquista polvere di alprazolam online\"},{\"@type\":\"BreadcrumbList\",\"@id\":\"https:\\\/\\\/everydaychemshop.com\\\/it\\\/product\\\/alprazolam-polvere\\\/#breadcrumb\",\"itemListElement\":[{\"@type\":\"ListItem\",\"position\":1,\"name\":\"Home\",\"item\":\"https:\\\/\\\/everydaychemshop.com\\\/it\\\/\"},{\"@type\":\"ListItem\",\"position\":2,\"name\":\"Prodotti\",\"item\":\"https:\\\/\\\/everydaychemshop.com\\\/it\\\/prodotti\\\/\"},{\"@type\":\"ListItem\",\"position\":3,\"name\":\"Polvere di alprazolam\"}]},{\"@type\":\"WebSite\",\"@id\":\"https:\\\/\\\/everydaychemshop.com\\\/it\\\/#website\",\"url\":\"https:\\\/\\\/everydaychemshop.com\\\/it\\\/\",\"name\":\"Everyday Chem Shop\",\"description\":\"\",\"potentialAction\":[{\"@type\":\"SearchAction\",\"target\":{\"@type\":\"EntryPoint\",\"urlTemplate\":\"https:\\\/\\\/everydaychemshop.com\\\/it\\\/?s={search_term_string}\"},\"query-input\":{\"@type\":\"PropertyValueSpecification\",\"valueRequired\":true,\"valueName\":\"search_term_string\"}}],\"inLanguage\":\"en-US\"}]}<\/script>\n<!-- \/ Yoast SEO Premium plugin. -->","yoast_head_json":{"title":"Acquista polvere di alprazolam online - Everyday Chem Shop","description":"Acquista polvere di alprazolam online. Vendiamo polvere di alprazolam della migliore qualit\u00e0 online. Si prega di contattare per ulteriori informazioni e prezzi.","robots":{"index":"index","follow":"follow","max-snippet":"max-snippet:-1","max-image-preview":"max-image-preview:large","max-video-preview":"max-video-preview:-1"},"canonical":"https:\/\/everydaychemshop.com\/it\/product\/alprazolam-polvere\/","og_locale":"en_US","og_type":"article","og_title":"Polvere di alprazolam","og_description":"Acquista polvere di alprazolam online. Vendiamo polvere di alprazolam della migliore qualit\u00e0 online. Si prega di contattare per ulteriori informazioni e prezzi.","og_url":"https:\/\/everydaychemshop.com\/it\/product\/alprazolam-polvere\/","og_site_name":"Everyday Chem Shop","article_modified_time":"2023-04-06T21:02:43+00:00","og_image":[{"width":259,"height":194,"url":"https:\/\/everydaychemshop.com\/it\/wp-content\/uploads\/sites\/6\/2022\/11\/Buy-Alprazolam-powder.jpg","type":"image\/jpeg"}],"twitter_card":"summary_large_image","twitter_misc":{"Est. reading time":"2 minutes"},"schema":{"@context":"https:\/\/schema.org","@graph":[{"@type":"WebPage","@id":"https:\/\/everydaychemshop.com\/it\/product\/alprazolam-polvere\/","url":"https:\/\/everydaychemshop.com\/it\/product\/alprazolam-polvere\/","name":"Acquista polvere di alprazolam online - Everyday Chem Shop","isPartOf":{"@id":"https:\/\/everydaychemshop.com\/it\/#website"},"primaryImageOfPage":{"@id":"https:\/\/everydaychemshop.com\/it\/product\/alprazolam-polvere\/#primaryimage"},"image":{"@id":"https:\/\/everydaychemshop.com\/it\/product\/alprazolam-polvere\/#primaryimage"},"thumbnailUrl":"https:\/\/everydaychemshop.com\/it\/wp-content\/uploads\/sites\/6\/2022\/11\/Buy-Alprazolam-powder.jpg","datePublished":"2022-11-19T08:31:19+00:00","dateModified":"2023-04-06T21:02:43+00:00","description":"Acquista polvere di alprazolam online. Vendiamo polvere di alprazolam della migliore qualit\u00e0 online. Si prega di contattare per ulteriori informazioni e prezzi.","breadcrumb":{"@id":"https:\/\/everydaychemshop.com\/it\/product\/alprazolam-polvere\/#breadcrumb"},"inLanguage":"en-US","potentialAction":[{"@type":"ReadAction","target":["https:\/\/everydaychemshop.com\/it\/product\/alprazolam-polvere\/"]}]},{"@type":"ImageObject","inLanguage":"en-US","@id":"https:\/\/everydaychemshop.com\/it\/product\/alprazolam-polvere\/#primaryimage","url":"https:\/\/everydaychemshop.com\/it\/wp-content\/uploads\/sites\/6\/2022\/11\/Buy-Alprazolam-powder.jpg","contentUrl":"https:\/\/everydaychemshop.com\/it\/wp-content\/uploads\/sites\/6\/2022\/11\/Buy-Alprazolam-powder.jpg","width":259,"height":194,"caption":"Acquista polvere di alprazolam online"},{"@type":"BreadcrumbList","@id":"https:\/\/everydaychemshop.com\/it\/product\/alprazolam-polvere\/#breadcrumb","itemListElement":[{"@type":"ListItem","position":1,"name":"Home","item":"https:\/\/everydaychemshop.com\/it\/"},{"@type":"ListItem","position":2,"name":"Prodotti","item":"https:\/\/everydaychemshop.com\/it\/prodotti\/"},{"@type":"ListItem","position":3,"name":"Polvere di alprazolam"}]},{"@type":"WebSite","@id":"https:\/\/everydaychemshop.com\/it\/#website","url":"https:\/\/everydaychemshop.com\/it\/","name":"Everyday Chem Shop","description":"","potentialAction":[{"@type":"SearchAction","target":{"@type":"EntryPoint","urlTemplate":"https:\/\/everydaychemshop.com\/it\/?s={search_term_string}"},"query-input":{"@type":"PropertyValueSpecification","valueRequired":true,"valueName":"search_term_string"}}],"inLanguage":"en-US"}]}},"_links":{"self":[{"href":"https:\/\/everydaychemshop.com\/it\/wp-json\/wp\/v2\/product\/8124","targetHints":{"allow":["GET"]}}],"collection":[{"href":"https:\/\/everydaychemshop.com\/it\/wp-json\/wp\/v2\/product"}],"about":[{"href":"https:\/\/everydaychemshop.com\/it\/wp-json\/wp\/v2\/types\/product"}],"replies":[{"embeddable":true,"href":"https:\/\/everydaychemshop.com\/it\/wp-json\/wp\/v2\/comments?post=8124"}],"wp:featuredmedia":[{"embeddable":true,"href":"https:\/\/everydaychemshop.com\/it\/wp-json\/wp\/v2\/media\/8127"}],"wp:attachment":[{"href":"https:\/\/everydaychemshop.com\/it\/wp-json\/wp\/v2\/media?parent=8124"}],"wp:term":[{"taxonomy":"product_brand","embeddable":true,"href":"https:\/\/everydaychemshop.com\/it\/wp-json\/wp\/v2\/product_brand?post=8124"},{"taxonomy":"product_cat","embeddable":true,"href":"https:\/\/everydaychemshop.com\/it\/wp-json\/wp\/v2\/product_cat?post=8124"},{"taxonomy":"product_tag","embeddable":true,"href":"https:\/\/everydaychemshop.com\/it\/wp-json\/wp\/v2\/product_tag?post=8124"}],"curies":[{"name":"wp","href":"https:\/\/api.w.org\/{rel}","templated":true}]}}