{"id":8251,"date":"2022-11-20T06:07:35","date_gmt":"2022-11-20T06:07:35","guid":{"rendered":"https:\/\/everydaychemshop.com\/it\/?post_type=product&#038;p=8251"},"modified":"2023-04-06T20:37:47","modified_gmt":"2023-04-06T20:37:47","slug":"ak-47-marijuana","status":"publish","type":"product","link":"https:\/\/everydaychemshop.com\/it\/product\/ak-47-marijuana\/","title":{"rendered":"Marijuana AK-47"},"content":{"rendered":"<h1 id=\"description\">Acquista la variet\u00e0 AK-47 online<\/h1>\n<div class=\"field-name-field-description field-items\">\n<p><a href=\"https:\/\/everydaychemshop.com\/it\/product\/ak-47-marijuana\/\">Acquista la variet\u00e0 AK-47 online<\/a>. Questa pianta facile da coltivare \u00e8 la nostra pi\u00f9 popolare, grazie alla sua qualit\u00e0 eccezionale. La variet\u00e0 <em>AK-47<\/em>\u00a0\u00e8 stata spesso copiata o utilizzata da altre aziende produttrici di semi per incroci.<\/p>\n<p>Questa pianta \u00e8 di altezza media e produce raccolti molto buoni abbastanza rapidamente. <strong>Odore e fumo estremamente FORTI<\/strong>. Fai molta attenzione al controllo degli odori quando coltivi vicino ai vicini!<\/p>\n<p>Il nome non \u00e8 stato dato per un&#8217;idea di violenza, ma pi\u00f9 in associazione con la &#8220;meraviglia in un colpo solo&#8221; che \u00e8 il fumo. Dopo la sua introduzione, i visitatori dei coffeeshop di Amsterdam svenivano regolarmente dopo un tiro della\u00a0<em>variet\u00e0 AK47<\/em>. La qualit\u00e0 senza compromessi rende i semi AK47 adatti alla coltivazione commerciale o domestica. Per essere un <a href=\"https:\/\/it.wikipedia.org\/wiki\/Cannabidiolo\">incrocio<\/a> prevalentemente Sativa, queste piante hanno un breve periodo di fioritura, producendo cime compatte con poche foglie che luccicano con uno\u00a0<strong>cappotto di cristalli di resina<\/strong>.<\/p>\n<p><strong>Vincendo 27\u00a0premi (! !!) nelle competizioni di Cannabis<\/strong>\u00a0dimostra che \u00e8 una delle preferite sia da coltivare che da fumare.<\/p>\n<p>Offre uno sballo molto forte, duraturo e piacevole. Nel 1999 alla Cannabis Cup, un test di laboratorio indipendente\u00a0<strong>ha dimostrato<\/strong>\u00a0<em>AK47<\/em>\u00a0che l&#8217;erba aveva la\u00a0<strong>percentuale di THC pi\u00f9 alta di tutte le candidature di quell&#8217;anno<\/strong>. <strong>Pianta medicinale eccellente per alleviare il dolore<\/strong>.<\/p>\n<\/div>\n","protected":false},"excerpt":{"rendered":"<p>La variet\u00e0 AK-47 \u00e8 la nostra variet\u00e0 pi\u00f9 popolare. \u00c8 una pianta facile da coltivare e con pi\u00f9 di 27 premi, e il conteggio, \u00e8 ufficialmente la variet\u00e0 di cannabis pi\u00f9 premiata sul mercato. La nostra variet\u00e0 AK47 \u00e8 stata spesso copiata o utilizzata da altre aziende produttrici di semi per migliorare gli incroci.<\/p>\n","protected":false},"featured_media":8253,"comment_status":"open","ping_status":"closed","template":"","meta":{"inline_featured_image":false},"product_brand":[],"product_cat":[60],"product_tag":[],"class_list":{"0":"post-8251","1":"product","2":"type-product","3":"status-publish","4":"has-post-thumbnail","6":"product_cat-cbd-fiore-di-canapa","8":"first","9":"instock","10":"sale","11":"shipping-taxable","12":"purchasable","13":"product-type-variable","14":"has-default-attributes"},"yoast_head":"<!-- This site is optimized with the Yoast SEO Premium plugin v19.2 (Yoast SEO v27.3) - https:\/\/yoast.com\/product\/yoast-seo-premium-wordpress\/ -->\n<title>Acquista la variet\u00e0 AK-47 online- Everyday Chem Shop<\/title>\n<meta name=\"description\" content=\"Acquista la variet\u00e0 AK-47 online. Vendiamo ceppo AK-47 di prima qualit\u00e0 online. Vi preghiamo di contattarci per ulteriori informazioni e prezzi.\" \/>\n<meta name=\"robots\" content=\"index, follow, max-snippet:-1, max-image-preview:large, max-video-preview:-1\" \/>\n<link rel=\"canonical\" href=\"https:\/\/everydaychemshop.com\/it\/product\/ak-47-marijuana\/\" \/>\n<meta property=\"og:locale\" content=\"en_US\" \/>\n<meta property=\"og:type\" content=\"article\" \/>\n<meta property=\"og:title\" content=\"Marijuana AK-47\" \/>\n<meta property=\"og:description\" content=\"Acquista la variet\u00e0 AK-47 online. Vendiamo ceppo AK-47 di prima qualit\u00e0 online. Vi preghiamo di contattarci per ulteriori informazioni e prezzi.\" \/>\n<meta property=\"og:url\" content=\"https:\/\/everydaychemshop.com\/it\/product\/ak-47-marijuana\/\" \/>\n<meta property=\"og:site_name\" content=\"Everyday Chem Shop\" \/>\n<meta property=\"article:modified_time\" content=\"2023-04-06T20:37:47+00:00\" \/>\n<meta property=\"og:image\" content=\"https:\/\/everydaychemshop.com\/it\/wp-content\/uploads\/sites\/6\/2022\/11\/1-4.jpg\" \/>\n\t<meta property=\"og:image:width\" content=\"300\" \/>\n\t<meta property=\"og:image:height\" content=\"300\" \/>\n\t<meta property=\"og:image:type\" content=\"image\/jpeg\" \/>\n<meta name=\"twitter:card\" content=\"summary_large_image\" \/>\n<meta name=\"twitter:label1\" content=\"Est. reading time\" \/>\n\t<meta name=\"twitter:data1\" content=\"1 minute\" \/>\n<script type=\"application\/ld+json\" class=\"yoast-schema-graph\">{\"@context\":\"https:\\\/\\\/schema.org\",\"@graph\":[{\"@type\":\"WebPage\",\"@id\":\"https:\\\/\\\/everydaychemshop.com\\\/it\\\/product\\\/ak-47-marijuana\\\/\",\"url\":\"https:\\\/\\\/everydaychemshop.com\\\/it\\\/product\\\/ak-47-marijuana\\\/\",\"name\":\"Acquista la variet\u00e0 AK-47 online- Everyday Chem Shop\",\"isPartOf\":{\"@id\":\"https:\\\/\\\/everydaychemshop.com\\\/it\\\/#website\"},\"primaryImageOfPage\":{\"@id\":\"https:\\\/\\\/everydaychemshop.com\\\/it\\\/product\\\/ak-47-marijuana\\\/#primaryimage\"},\"image\":{\"@id\":\"https:\\\/\\\/everydaychemshop.com\\\/it\\\/product\\\/ak-47-marijuana\\\/#primaryimage\"},\"thumbnailUrl\":\"https:\\\/\\\/everydaychemshop.com\\\/it\\\/wp-content\\\/uploads\\\/sites\\\/6\\\/2022\\\/11\\\/1-4.jpg\",\"datePublished\":\"2022-11-20T06:07:35+00:00\",\"dateModified\":\"2023-04-06T20:37:47+00:00\",\"description\":\"Acquista la variet\u00e0 AK-47 online. Vendiamo ceppo AK-47 di prima qualit\u00e0 online. Vi preghiamo di contattarci per ulteriori informazioni e prezzi.\",\"breadcrumb\":{\"@id\":\"https:\\\/\\\/everydaychemshop.com\\\/it\\\/product\\\/ak-47-marijuana\\\/#breadcrumb\"},\"inLanguage\":\"en-US\",\"potentialAction\":[{\"@type\":\"ReadAction\",\"target\":[\"https:\\\/\\\/everydaychemshop.com\\\/it\\\/product\\\/ak-47-marijuana\\\/\"]}]},{\"@type\":\"ImageObject\",\"inLanguage\":\"en-US\",\"@id\":\"https:\\\/\\\/everydaychemshop.com\\\/it\\\/product\\\/ak-47-marijuana\\\/#primaryimage\",\"url\":\"https:\\\/\\\/everydaychemshop.com\\\/it\\\/wp-content\\\/uploads\\\/sites\\\/6\\\/2022\\\/11\\\/1-4.jpg\",\"contentUrl\":\"https:\\\/\\\/everydaychemshop.com\\\/it\\\/wp-content\\\/uploads\\\/sites\\\/6\\\/2022\\\/11\\\/1-4.jpg\",\"width\":300,\"height\":300,\"caption\":\"Acquista la variet\u00e0 AK-47 online\"},{\"@type\":\"BreadcrumbList\",\"@id\":\"https:\\\/\\\/everydaychemshop.com\\\/it\\\/product\\\/ak-47-marijuana\\\/#breadcrumb\",\"itemListElement\":[{\"@type\":\"ListItem\",\"position\":1,\"name\":\"Home\",\"item\":\"https:\\\/\\\/everydaychemshop.com\\\/it\\\/\"},{\"@type\":\"ListItem\",\"position\":2,\"name\":\"Prodotti\",\"item\":\"https:\\\/\\\/everydaychemshop.com\\\/it\\\/prodotti\\\/\"},{\"@type\":\"ListItem\",\"position\":3,\"name\":\"Marijuana AK-47\"}]},{\"@type\":\"WebSite\",\"@id\":\"https:\\\/\\\/everydaychemshop.com\\\/it\\\/#website\",\"url\":\"https:\\\/\\\/everydaychemshop.com\\\/it\\\/\",\"name\":\"Everyday Chem Shop\",\"description\":\"\",\"potentialAction\":[{\"@type\":\"SearchAction\",\"target\":{\"@type\":\"EntryPoint\",\"urlTemplate\":\"https:\\\/\\\/everydaychemshop.com\\\/it\\\/?s={search_term_string}\"},\"query-input\":{\"@type\":\"PropertyValueSpecification\",\"valueRequired\":true,\"valueName\":\"search_term_string\"}}],\"inLanguage\":\"en-US\"}]}<\/script>\n<!-- \/ Yoast SEO Premium plugin. -->","yoast_head_json":{"title":"Acquista la variet\u00e0 AK-47 online- Everyday Chem Shop","description":"Acquista la variet\u00e0 AK-47 online. Vendiamo ceppo AK-47 di prima qualit\u00e0 online. Vi preghiamo di contattarci per ulteriori informazioni e prezzi.","robots":{"index":"index","follow":"follow","max-snippet":"max-snippet:-1","max-image-preview":"max-image-preview:large","max-video-preview":"max-video-preview:-1"},"canonical":"https:\/\/everydaychemshop.com\/it\/product\/ak-47-marijuana\/","og_locale":"en_US","og_type":"article","og_title":"Marijuana AK-47","og_description":"Acquista la variet\u00e0 AK-47 online. Vendiamo ceppo AK-47 di prima qualit\u00e0 online. Vi preghiamo di contattarci per ulteriori informazioni e prezzi.","og_url":"https:\/\/everydaychemshop.com\/it\/product\/ak-47-marijuana\/","og_site_name":"Everyday Chem Shop","article_modified_time":"2023-04-06T20:37:47+00:00","og_image":[{"width":300,"height":300,"url":"https:\/\/everydaychemshop.com\/it\/wp-content\/uploads\/sites\/6\/2022\/11\/1-4.jpg","type":"image\/jpeg"}],"twitter_card":"summary_large_image","twitter_misc":{"Est. reading time":"1 minute"},"schema":{"@context":"https:\/\/schema.org","@graph":[{"@type":"WebPage","@id":"https:\/\/everydaychemshop.com\/it\/product\/ak-47-marijuana\/","url":"https:\/\/everydaychemshop.com\/it\/product\/ak-47-marijuana\/","name":"Acquista la variet\u00e0 AK-47 online- Everyday Chem Shop","isPartOf":{"@id":"https:\/\/everydaychemshop.com\/it\/#website"},"primaryImageOfPage":{"@id":"https:\/\/everydaychemshop.com\/it\/product\/ak-47-marijuana\/#primaryimage"},"image":{"@id":"https:\/\/everydaychemshop.com\/it\/product\/ak-47-marijuana\/#primaryimage"},"thumbnailUrl":"https:\/\/everydaychemshop.com\/it\/wp-content\/uploads\/sites\/6\/2022\/11\/1-4.jpg","datePublished":"2022-11-20T06:07:35+00:00","dateModified":"2023-04-06T20:37:47+00:00","description":"Acquista la variet\u00e0 AK-47 online. Vendiamo ceppo AK-47 di prima qualit\u00e0 online. Vi preghiamo di contattarci per ulteriori informazioni e prezzi.","breadcrumb":{"@id":"https:\/\/everydaychemshop.com\/it\/product\/ak-47-marijuana\/#breadcrumb"},"inLanguage":"en-US","potentialAction":[{"@type":"ReadAction","target":["https:\/\/everydaychemshop.com\/it\/product\/ak-47-marijuana\/"]}]},{"@type":"ImageObject","inLanguage":"en-US","@id":"https:\/\/everydaychemshop.com\/it\/product\/ak-47-marijuana\/#primaryimage","url":"https:\/\/everydaychemshop.com\/it\/wp-content\/uploads\/sites\/6\/2022\/11\/1-4.jpg","contentUrl":"https:\/\/everydaychemshop.com\/it\/wp-content\/uploads\/sites\/6\/2022\/11\/1-4.jpg","width":300,"height":300,"caption":"Acquista la variet\u00e0 AK-47 online"},{"@type":"BreadcrumbList","@id":"https:\/\/everydaychemshop.com\/it\/product\/ak-47-marijuana\/#breadcrumb","itemListElement":[{"@type":"ListItem","position":1,"name":"Home","item":"https:\/\/everydaychemshop.com\/it\/"},{"@type":"ListItem","position":2,"name":"Prodotti","item":"https:\/\/everydaychemshop.com\/it\/prodotti\/"},{"@type":"ListItem","position":3,"name":"Marijuana AK-47"}]},{"@type":"WebSite","@id":"https:\/\/everydaychemshop.com\/it\/#website","url":"https:\/\/everydaychemshop.com\/it\/","name":"Everyday Chem Shop","description":"","potentialAction":[{"@type":"SearchAction","target":{"@type":"EntryPoint","urlTemplate":"https:\/\/everydaychemshop.com\/it\/?s={search_term_string}"},"query-input":{"@type":"PropertyValueSpecification","valueRequired":true,"valueName":"search_term_string"}}],"inLanguage":"en-US"}]}},"_links":{"self":[{"href":"https:\/\/everydaychemshop.com\/it\/wp-json\/wp\/v2\/product\/8251","targetHints":{"allow":["GET"]}}],"collection":[{"href":"https:\/\/everydaychemshop.com\/it\/wp-json\/wp\/v2\/product"}],"about":[{"href":"https:\/\/everydaychemshop.com\/it\/wp-json\/wp\/v2\/types\/product"}],"replies":[{"embeddable":true,"href":"https:\/\/everydaychemshop.com\/it\/wp-json\/wp\/v2\/comments?post=8251"}],"wp:featuredmedia":[{"embeddable":true,"href":"https:\/\/everydaychemshop.com\/it\/wp-json\/wp\/v2\/media\/8253"}],"wp:attachment":[{"href":"https:\/\/everydaychemshop.com\/it\/wp-json\/wp\/v2\/media?parent=8251"}],"wp:term":[{"taxonomy":"product_brand","embeddable":true,"href":"https:\/\/everydaychemshop.com\/it\/wp-json\/wp\/v2\/product_brand?post=8251"},{"taxonomy":"product_cat","embeddable":true,"href":"https:\/\/everydaychemshop.com\/it\/wp-json\/wp\/v2\/product_cat?post=8251"},{"taxonomy":"product_tag","embeddable":true,"href":"https:\/\/everydaychemshop.com\/it\/wp-json\/wp\/v2\/product_tag?post=8251"}],"curies":[{"name":"wp","href":"https:\/\/api.w.org\/{rel}","templated":true}]}}