{"id":8258,"date":"2022-11-20T06:13:42","date_gmt":"2022-11-20T06:13:42","guid":{"rendered":"https:\/\/everydaychemshop.com\/it\/?post_type=product&#038;p=8258"},"modified":"2023-04-06T20:36:39","modified_gmt":"2023-04-06T20:36:39","slug":"amnesia-haze-marijuana","status":"publish","type":"product","link":"https:\/\/everydaychemshop.com\/it\/product\/amnesia-haze-marijuana\/","title":{"rendered":"Amnesia Haze Marijuana"},"content":{"rendered":"<h1>Acquista la variet\u00e0 Amnesia Haze online<\/h1>\n<p><a href=\"https:\/\/everydaychemshop.com\/it\/product\/amnesia-haze-marijuana\/\">Acquista la variet\u00e0 Amnesia Haze online<\/a>. Con sapori terrosi di limoni e agrumi, Amnesia\u00a0Haze \u00e8 la\u00a0<b>variet\u00e0 sativa<\/b>\u00a0perfetta per iniziare la giornata con un sorriso. Il ronzio edificante ed energico \u00e8 uno che non dimenticherai presto. \u2026 Con sapori terrosi di limoni e agrumi, Amnesia Haze \u00e8 la variet\u00e0 sativa perfetta per iniziare la giornata con un sorriso.<\/p>\n<div class=\"wWOJcd\" role=\"button\" aria-labelledby=\"exacc_VJZrYdLkLtGbgQaatL7QCA58\"><\/div>\n<div id=\"exacc_VJZrYdLkLtGbgQaatL7QCA59\" class=\"MBtdbb\" data-ved=\"2ahUKEwjS3vu0vtDzAhXRTcAKHRqaD4oQ7NUEegQIPxAD\">\n<div class=\" ymu2Hb\">\n<div id=\"_VJZrYdLkLtGbgQaatL7QCA60\" class=\"t0bRye r2fjmd\" data-hveid=\"CD8QBA\" data-ved=\"2ahUKEwjS3vu0vtDzAhXRTcAKHRqaD4oQu04oAHoECD8QBA\">\n<div id=\"VJZrYdLkLtGbgQaatL7QCA__37\">\n<div class=\"wDYxhc\" data-md=\"61\">\n<div class=\"LGOjhe\" role=\"heading\" data-attrid=\"wa:\/description\" data-hveid=\"CDIQAA\"><span class=\"ILfuVd NA6bn\"> <span class=\"hgKElc\">A differenza di quanto suggerisce il nome,\u00a0<b>L&#8217;Amnesia Haze non ti porter\u00e0 cos\u00ec in alto<\/b>\u00a0e fuori della <a href=\"https:\/\/it.wikipedia.org\/wiki\/Cannabidiolo\">tua<\/a> mente che inizierai a dimenticare tutto. Al contrario, ha la tendenza a suscitare interesse per gli sbocchi creativi, provocando ondate di motivazione ed energia produttiva.<\/span><\/span><\/div>\n<div role=\"heading\" data-attrid=\" wa:\/description\" data-hveid=\"CDIQAA\">\n<div class=\"wWOJcd\" role=\"button\" aria-labelledby=\"exacc_VJZrYdLkLtGbgQaatL7QCA53\"><\/div>\n<div id=\"exacc_VJZrYdLkLtGbgQaatL7QCA54\" class=\"MBtdbb\" data-ved=\"2ahUKEwjS3vu0vtDzAhXRTcAKHRqaD4oQ7NUEegQIOhAD\">\n<div class=\"ymu2Hb\">\n<div id=\"_VJZrYdLkLtGbgQaatL7QCA56\" class=\"t0bRye r2fjmd\" data-hveid=\"CDoQBA\" data-ved=\"2ahUKEwjS3vu0vtDzAhXRTcAKHRqaD4oQu04oAHoECDoQBA\">\n<div id=\"VJZrYdLkLtGbgQaatL7QCA__40\">\n<div class=\"wDYxhc\" data-md=\"61\">\n<div><span class=\"ILfuVd NA6bn\"><span class=\"hgKElc\">Dato il suo umore- potenziando gli effetti, molte persone consigliano l&#8217;Amnesia Haze per l&#8217;<b>ansia<\/b>. Ci sono alcune prove che il suo ingrediente pi\u00f9 attivo, il THC, potrebbe aiutare alcune persone a rilassarsi. Sfortunatamente, questo potrebbe non essere il caso di tutti. I genitori dell&#8217;Amnesia Haze comprendono diverse variet\u00e0 ad alto contenuto di THC.<\/span><\/span><\/div>\n<\/div>\n<\/div>\n<\/div>\n<\/div>\n<\/div>\n<\/div>\n<\/div>\n<\/div>\n<\/div>\n<\/div>\n<\/div>\n","protected":false},"excerpt":{"rendered":"<p>Con sapori terrosi di limoni e agrumi, l&#8217;Amnesia Haze \u00e8 una variet\u00e0 perfetta per iniziare la giornata con un sorriso. Il ronzio edificante ed energico \u00e8 uno che non dimenticherai presto. La sua genetica \u00e8 stata fatta risalire alle variet\u00e0 terrestri dell&#8217;Asia meridionale e della Giamaica, e questo vincitore della Cannabis Cup (1\u00b0 posto nel 2004, 1\u00b0 posto nella Sativa Cup 2012) \u00e8 diventato popolare nei coffee shop di Amsterdam.<\/p>\n","protected":false},"featured_media":8260,"comment_status":"open","ping_status":"closed","template":"","meta":{"inline_featured_image":false},"product_brand":[],"product_cat":[60],"product_tag":[],"class_list":{"0":"post-8258","1":"product","2":"type-product","3":"status-publish","4":"has-post-thumbnail","6":"product_cat-cbd-fiore-di-canapa","8":"first","9":"instock","10":"shipping-taxable","11":"purchasable","12":"product-type-variable","13":"has-default-attributes"},"yoast_head":"<!-- This site is optimized with the Yoast SEO Premium plugin v19.2 (Yoast SEO v27.3) - https:\/\/yoast.com\/product\/yoast-seo-premium-wordpress\/ -->\n<title>Acquista la variet\u00e0 Amnesia Haze online - Everyday Chem Shop<\/title>\n<meta name=\"description\" content=\"Acquista la variet\u00e0 Amnesia Haze online. Vendiamo la variet\u00e0 Amnesia\u00a0Haze\u00a0della migliore qualit\u00e0 online. Vi preghiamo di contattarci per ulteriori informazioni e prezzi.\" \/>\n<meta name=\"robots\" content=\"index, follow, max-snippet:-1, max-image-preview:large, max-video-preview:-1\" \/>\n<link rel=\"canonical\" href=\"https:\/\/everydaychemshop.com\/it\/product\/amnesia-haze-marijuana\/\" \/>\n<meta property=\"og:locale\" content=\"en_US\" \/>\n<meta property=\"og:type\" content=\"article\" \/>\n<meta property=\"og:title\" content=\"Amnesia Haze Marijuana\" \/>\n<meta property=\"og:description\" content=\"Acquista la variet\u00e0 Amnesia Haze online. Vendiamo la variet\u00e0 Amnesia\u00a0Haze\u00a0della migliore qualit\u00e0 online. Vi preghiamo di contattarci per ulteriori informazioni e prezzi.\" \/>\n<meta property=\"og:url\" content=\"https:\/\/everydaychemshop.com\/it\/product\/amnesia-haze-marijuana\/\" \/>\n<meta property=\"og:site_name\" content=\"Everyday Chem Shop\" \/>\n<meta property=\"article:modified_time\" content=\"2023-04-06T20:36:39+00:00\" \/>\n<meta property=\"og:image\" content=\"https:\/\/everydaychemshop.com\/it\/wp-content\/uploads\/sites\/6\/2022\/11\/Amnesia-haze.jpg\" \/>\n\t<meta property=\"og:image:width\" content=\"620\" \/>\n\t<meta property=\"og:image:height\" content=\"620\" \/>\n\t<meta property=\"og:image:type\" content=\"image\/jpeg\" \/>\n<meta name=\"twitter:card\" content=\"summary_large_image\" \/>\n<meta name=\"twitter:label1\" content=\"Est. reading time\" \/>\n\t<meta name=\"twitter:data1\" content=\"1 minute\" \/>\n<script type=\"application\/ld+json\" class=\"yoast-schema-graph\">{\"@context\":\"https:\\\/\\\/schema.org\",\"@graph\":[{\"@type\":\"WebPage\",\"@id\":\"https:\\\/\\\/everydaychemshop.com\\\/it\\\/product\\\/amnesia-haze-marijuana\\\/\",\"url\":\"https:\\\/\\\/everydaychemshop.com\\\/it\\\/product\\\/amnesia-haze-marijuana\\\/\",\"name\":\"Acquista la variet\u00e0 Amnesia Haze online - Everyday Chem Shop\",\"isPartOf\":{\"@id\":\"https:\\\/\\\/everydaychemshop.com\\\/it\\\/#website\"},\"primaryImageOfPage\":{\"@id\":\"https:\\\/\\\/everydaychemshop.com\\\/it\\\/product\\\/amnesia-haze-marijuana\\\/#primaryimage\"},\"image\":{\"@id\":\"https:\\\/\\\/everydaychemshop.com\\\/it\\\/product\\\/amnesia-haze-marijuana\\\/#primaryimage\"},\"thumbnailUrl\":\"https:\\\/\\\/everydaychemshop.com\\\/it\\\/wp-content\\\/uploads\\\/sites\\\/6\\\/2022\\\/11\\\/Amnesia-haze.jpg\",\"datePublished\":\"2022-11-20T06:13:42+00:00\",\"dateModified\":\"2023-04-06T20:36:39+00:00\",\"description\":\"Acquista la variet\u00e0 Amnesia Haze online. Vendiamo la variet\u00e0 Amnesia\u00a0Haze\u00a0della migliore qualit\u00e0 online. Vi preghiamo di contattarci per ulteriori informazioni e prezzi.\",\"breadcrumb\":{\"@id\":\"https:\\\/\\\/everydaychemshop.com\\\/it\\\/product\\\/amnesia-haze-marijuana\\\/#breadcrumb\"},\"inLanguage\":\"en-US\",\"potentialAction\":[{\"@type\":\"ReadAction\",\"target\":[\"https:\\\/\\\/everydaychemshop.com\\\/it\\\/product\\\/amnesia-haze-marijuana\\\/\"]}]},{\"@type\":\"ImageObject\",\"inLanguage\":\"en-US\",\"@id\":\"https:\\\/\\\/everydaychemshop.com\\\/it\\\/product\\\/amnesia-haze-marijuana\\\/#primaryimage\",\"url\":\"https:\\\/\\\/everydaychemshop.com\\\/it\\\/wp-content\\\/uploads\\\/sites\\\/6\\\/2022\\\/11\\\/Amnesia-haze.jpg\",\"contentUrl\":\"https:\\\/\\\/everydaychemshop.com\\\/it\\\/wp-content\\\/uploads\\\/sites\\\/6\\\/2022\\\/11\\\/Amnesia-haze.jpg\",\"width\":620,\"height\":620,\"caption\":\"Acquista la variet\u00e0 Amnesia Haze online\"},{\"@type\":\"BreadcrumbList\",\"@id\":\"https:\\\/\\\/everydaychemshop.com\\\/it\\\/product\\\/amnesia-haze-marijuana\\\/#breadcrumb\",\"itemListElement\":[{\"@type\":\"ListItem\",\"position\":1,\"name\":\"Home\",\"item\":\"https:\\\/\\\/everydaychemshop.com\\\/it\\\/\"},{\"@type\":\"ListItem\",\"position\":2,\"name\":\"Prodotti\",\"item\":\"https:\\\/\\\/everydaychemshop.com\\\/it\\\/prodotti\\\/\"},{\"@type\":\"ListItem\",\"position\":3,\"name\":\"Amnesia Haze Marijuana\"}]},{\"@type\":\"WebSite\",\"@id\":\"https:\\\/\\\/everydaychemshop.com\\\/it\\\/#website\",\"url\":\"https:\\\/\\\/everydaychemshop.com\\\/it\\\/\",\"name\":\"Everyday Chem Shop\",\"description\":\"\",\"potentialAction\":[{\"@type\":\"SearchAction\",\"target\":{\"@type\":\"EntryPoint\",\"urlTemplate\":\"https:\\\/\\\/everydaychemshop.com\\\/it\\\/?s={search_term_string}\"},\"query-input\":{\"@type\":\"PropertyValueSpecification\",\"valueRequired\":true,\"valueName\":\"search_term_string\"}}],\"inLanguage\":\"en-US\"}]}<\/script>\n<!-- \/ Yoast SEO Premium plugin. -->","yoast_head_json":{"title":"Acquista la variet\u00e0 Amnesia Haze online - Everyday Chem Shop","description":"Acquista la variet\u00e0 Amnesia Haze online. Vendiamo la variet\u00e0 Amnesia\u00a0Haze\u00a0della migliore qualit\u00e0 online. Vi preghiamo di contattarci per ulteriori informazioni e prezzi.","robots":{"index":"index","follow":"follow","max-snippet":"max-snippet:-1","max-image-preview":"max-image-preview:large","max-video-preview":"max-video-preview:-1"},"canonical":"https:\/\/everydaychemshop.com\/it\/product\/amnesia-haze-marijuana\/","og_locale":"en_US","og_type":"article","og_title":"Amnesia Haze Marijuana","og_description":"Acquista la variet\u00e0 Amnesia Haze online. Vendiamo la variet\u00e0 Amnesia\u00a0Haze\u00a0della migliore qualit\u00e0 online. Vi preghiamo di contattarci per ulteriori informazioni e prezzi.","og_url":"https:\/\/everydaychemshop.com\/it\/product\/amnesia-haze-marijuana\/","og_site_name":"Everyday Chem Shop","article_modified_time":"2023-04-06T20:36:39+00:00","og_image":[{"width":620,"height":620,"url":"https:\/\/everydaychemshop.com\/it\/wp-content\/uploads\/sites\/6\/2022\/11\/Amnesia-haze.jpg","type":"image\/jpeg"}],"twitter_card":"summary_large_image","twitter_misc":{"Est. reading time":"1 minute"},"schema":{"@context":"https:\/\/schema.org","@graph":[{"@type":"WebPage","@id":"https:\/\/everydaychemshop.com\/it\/product\/amnesia-haze-marijuana\/","url":"https:\/\/everydaychemshop.com\/it\/product\/amnesia-haze-marijuana\/","name":"Acquista la variet\u00e0 Amnesia Haze online - Everyday Chem Shop","isPartOf":{"@id":"https:\/\/everydaychemshop.com\/it\/#website"},"primaryImageOfPage":{"@id":"https:\/\/everydaychemshop.com\/it\/product\/amnesia-haze-marijuana\/#primaryimage"},"image":{"@id":"https:\/\/everydaychemshop.com\/it\/product\/amnesia-haze-marijuana\/#primaryimage"},"thumbnailUrl":"https:\/\/everydaychemshop.com\/it\/wp-content\/uploads\/sites\/6\/2022\/11\/Amnesia-haze.jpg","datePublished":"2022-11-20T06:13:42+00:00","dateModified":"2023-04-06T20:36:39+00:00","description":"Acquista la variet\u00e0 Amnesia Haze online. Vendiamo la variet\u00e0 Amnesia\u00a0Haze\u00a0della migliore qualit\u00e0 online. Vi preghiamo di contattarci per ulteriori informazioni e prezzi.","breadcrumb":{"@id":"https:\/\/everydaychemshop.com\/it\/product\/amnesia-haze-marijuana\/#breadcrumb"},"inLanguage":"en-US","potentialAction":[{"@type":"ReadAction","target":["https:\/\/everydaychemshop.com\/it\/product\/amnesia-haze-marijuana\/"]}]},{"@type":"ImageObject","inLanguage":"en-US","@id":"https:\/\/everydaychemshop.com\/it\/product\/amnesia-haze-marijuana\/#primaryimage","url":"https:\/\/everydaychemshop.com\/it\/wp-content\/uploads\/sites\/6\/2022\/11\/Amnesia-haze.jpg","contentUrl":"https:\/\/everydaychemshop.com\/it\/wp-content\/uploads\/sites\/6\/2022\/11\/Amnesia-haze.jpg","width":620,"height":620,"caption":"Acquista la variet\u00e0 Amnesia Haze online"},{"@type":"BreadcrumbList","@id":"https:\/\/everydaychemshop.com\/it\/product\/amnesia-haze-marijuana\/#breadcrumb","itemListElement":[{"@type":"ListItem","position":1,"name":"Home","item":"https:\/\/everydaychemshop.com\/it\/"},{"@type":"ListItem","position":2,"name":"Prodotti","item":"https:\/\/everydaychemshop.com\/it\/prodotti\/"},{"@type":"ListItem","position":3,"name":"Amnesia Haze Marijuana"}]},{"@type":"WebSite","@id":"https:\/\/everydaychemshop.com\/it\/#website","url":"https:\/\/everydaychemshop.com\/it\/","name":"Everyday Chem Shop","description":"","potentialAction":[{"@type":"SearchAction","target":{"@type":"EntryPoint","urlTemplate":"https:\/\/everydaychemshop.com\/it\/?s={search_term_string}"},"query-input":{"@type":"PropertyValueSpecification","valueRequired":true,"valueName":"search_term_string"}}],"inLanguage":"en-US"}]}},"_links":{"self":[{"href":"https:\/\/everydaychemshop.com\/it\/wp-json\/wp\/v2\/product\/8258","targetHints":{"allow":["GET"]}}],"collection":[{"href":"https:\/\/everydaychemshop.com\/it\/wp-json\/wp\/v2\/product"}],"about":[{"href":"https:\/\/everydaychemshop.com\/it\/wp-json\/wp\/v2\/types\/product"}],"replies":[{"embeddable":true,"href":"https:\/\/everydaychemshop.com\/it\/wp-json\/wp\/v2\/comments?post=8258"}],"wp:featuredmedia":[{"embeddable":true,"href":"https:\/\/everydaychemshop.com\/it\/wp-json\/wp\/v2\/media\/8260"}],"wp:attachment":[{"href":"https:\/\/everydaychemshop.com\/it\/wp-json\/wp\/v2\/media?parent=8258"}],"wp:term":[{"taxonomy":"product_brand","embeddable":true,"href":"https:\/\/everydaychemshop.com\/it\/wp-json\/wp\/v2\/product_brand?post=8258"},{"taxonomy":"product_cat","embeddable":true,"href":"https:\/\/everydaychemshop.com\/it\/wp-json\/wp\/v2\/product_cat?post=8258"},{"taxonomy":"product_tag","embeddable":true,"href":"https:\/\/everydaychemshop.com\/it\/wp-json\/wp\/v2\/product_tag?post=8258"}],"curies":[{"name":"wp","href":"https:\/\/api.w.org\/{rel}","templated":true}]}}