{"id":8271,"date":"2022-11-20T06:36:40","date_gmt":"2022-11-20T06:36:40","guid":{"rendered":"https:\/\/everydaychemshop.com\/it\/?post_type=product&#038;p=8271"},"modified":"2023-04-06T20:33:37","modified_gmt":"2023-04-06T20:33:37","slug":"mora-kush","status":"publish","type":"product","link":"https:\/\/everydaychemshop.com\/it\/product\/mora-kush\/","title":{"rendered":"Mora Kush"},"content":{"rendered":"<h1 class=\"fusion-woocommerce-tab-title fusion-responsive-typography-calculated\" data-fontsize=\"29\" data-lineheight=\"33.06px\">Acquista Blackberry Kush di qualit\u00e0 premium online<\/h1>\n<p><a href=\"https:\/\/everydaychemshop.com\/it\/product\/mora-kush\/\">Acquista Blackberry Kush di qualit\u00e0 premium online<\/a>. I pi\u00f9 conosciuti per il suo aroma caratteristico, skunk ma fruttato, la marijuana Blackberry Kush \u00e8 una di quelle variet\u00e0 prevalentemente indica che \u00e8 potentemente calmante ed eccellente per la gestione del dolore cronico.<\/p>\n<p>Con un clock tra il 16% e il 20% di THC, Blackberry La marijuana Kush \u00e8 piuttosto potente, <a href=\"https:\/\/it.wikipedia.org\/wiki\/Cannabidiolo\">ma<\/a> questa variet\u00e0 pesante \u00e8 eccellente per invertire uno stato d&#8217;animo aspro e fornire una dose di dolce relax che rimuove lo stress e l&#8217;ansia. Insieme al suo profilo accattivante, Blackberry Kush \u00e8 diventato popolare nella comunit\u00e0 medica per la sua capacit\u00e0 di invertire abilmente i disturbi mentali, l&#8217;insonnia e gli effetti collaterali legati al cancro.<\/p>\n<p>I semi di marijuana Blackberry Kush sono considerati facili da coltivare e produce piante resistenti alla muffa e ad altri parassiti comuni, ma \u00e8 meglio coltivarlo al chiuso, dove si pu\u00f2 fare attenzione a mantenerne l&#8217;altezza e la forma. La Blackberry Kush trascorrer\u00e0 dalle 7 alle 9 settimane di fioritura e sar\u00e0 pronta con una resa impressionante &#8211; tra 14 e 42 once, a seconda dell&#8217;ambiente scelto.<\/p>\n","protected":false},"excerpt":{"rendered":"<p>La marijuana Blackberry Kush \u00e8 ben nota per la sua fragranza dolce e il suo profilo versatile. Facile per i principianti, fiorisce rapidamente e offre una resa impressionante.<\/p>\n","protected":false},"featured_media":8273,"comment_status":"open","ping_status":"closed","template":"","meta":{"inline_featured_image":false},"product_brand":[],"product_cat":[60],"product_tag":[],"class_list":{"0":"post-8271","1":"product","2":"type-product","3":"status-publish","4":"has-post-thumbnail","6":"product_cat-cbd-fiore-di-canapa","8":"first","9":"instock","10":"shipping-taxable","11":"purchasable","12":"product-type-variable","13":"has-default-attributes"},"yoast_head":"<!-- This site is optimized with the Yoast SEO Premium plugin v19.2 (Yoast SEO v27.3) - https:\/\/yoast.com\/product\/yoast-seo-premium-wordpress\/ -->\n<title>Blackberry Kush di qualit\u00e0 premium - Everyday Chem Shop<\/title>\n<meta name=\"description\" content=\"Acquista Blackberry Kush di qualit\u00e0 premium online. Vendiamo Blackberry Kush della migliore qualit\u00e0 online. Si prega di contattare per ulteriori informazioni e prezzi.\" \/>\n<meta name=\"robots\" content=\"index, follow, max-snippet:-1, max-image-preview:large, max-video-preview:-1\" \/>\n<link rel=\"canonical\" href=\"https:\/\/everydaychemshop.com\/it\/product\/mora-kush\/\" \/>\n<meta property=\"og:locale\" content=\"en_US\" \/>\n<meta property=\"og:type\" content=\"article\" \/>\n<meta property=\"og:title\" content=\"Mora Kush\" \/>\n<meta property=\"og:description\" content=\"Acquista Blackberry Kush di qualit\u00e0 premium online. Vendiamo Blackberry Kush della migliore qualit\u00e0 online. Si prega di contattare per ulteriori informazioni e prezzi.\" \/>\n<meta property=\"og:url\" content=\"https:\/\/everydaychemshop.com\/it\/product\/mora-kush\/\" \/>\n<meta property=\"og:site_name\" content=\"Everyday Chem Shop\" \/>\n<meta property=\"article:modified_time\" content=\"2023-04-06T20:33:37+00:00\" \/>\n<meta property=\"og:image\" content=\"https:\/\/everydaychemshop.com\/it\/wp-content\/uploads\/sites\/6\/2022\/11\/buy-best-marijuana-seeds-backberry-kush.jpg\" \/>\n\t<meta property=\"og:image:width\" content=\"360\" \/>\n\t<meta property=\"og:image:height\" content=\"450\" \/>\n\t<meta property=\"og:image:type\" content=\"image\/jpeg\" \/>\n<meta name=\"twitter:card\" content=\"summary_large_image\" \/>\n<meta name=\"twitter:label1\" content=\"Est. reading time\" \/>\n\t<meta name=\"twitter:data1\" content=\"1 minute\" \/>\n<script type=\"application\/ld+json\" class=\"yoast-schema-graph\">{\"@context\":\"https:\\\/\\\/schema.org\",\"@graph\":[{\"@type\":\"WebPage\",\"@id\":\"https:\\\/\\\/everydaychemshop.com\\\/it\\\/product\\\/mora-kush\\\/\",\"url\":\"https:\\\/\\\/everydaychemshop.com\\\/it\\\/product\\\/mora-kush\\\/\",\"name\":\"Blackberry Kush di qualit\u00e0 premium - Everyday Chem Shop\",\"isPartOf\":{\"@id\":\"https:\\\/\\\/everydaychemshop.com\\\/it\\\/#website\"},\"primaryImageOfPage\":{\"@id\":\"https:\\\/\\\/everydaychemshop.com\\\/it\\\/product\\\/mora-kush\\\/#primaryimage\"},\"image\":{\"@id\":\"https:\\\/\\\/everydaychemshop.com\\\/it\\\/product\\\/mora-kush\\\/#primaryimage\"},\"thumbnailUrl\":\"https:\\\/\\\/everydaychemshop.com\\\/it\\\/wp-content\\\/uploads\\\/sites\\\/6\\\/2022\\\/11\\\/buy-best-marijuana-seeds-backberry-kush.jpg\",\"datePublished\":\"2022-11-20T06:36:40+00:00\",\"dateModified\":\"2023-04-06T20:33:37+00:00\",\"description\":\"Acquista Blackberry Kush di qualit\u00e0 premium online. Vendiamo Blackberry Kush della migliore qualit\u00e0 online. Si prega di contattare per ulteriori informazioni e prezzi.\",\"breadcrumb\":{\"@id\":\"https:\\\/\\\/everydaychemshop.com\\\/it\\\/product\\\/mora-kush\\\/#breadcrumb\"},\"inLanguage\":\"en-US\",\"potentialAction\":[{\"@type\":\"ReadAction\",\"target\":[\"https:\\\/\\\/everydaychemshop.com\\\/it\\\/product\\\/mora-kush\\\/\"]}]},{\"@type\":\"ImageObject\",\"inLanguage\":\"en-US\",\"@id\":\"https:\\\/\\\/everydaychemshop.com\\\/it\\\/product\\\/mora-kush\\\/#primaryimage\",\"url\":\"https:\\\/\\\/everydaychemshop.com\\\/it\\\/wp-content\\\/uploads\\\/sites\\\/6\\\/2022\\\/11\\\/buy-best-marijuana-seeds-backberry-kush.jpg\",\"contentUrl\":\"https:\\\/\\\/everydaychemshop.com\\\/it\\\/wp-content\\\/uploads\\\/sites\\\/6\\\/2022\\\/11\\\/buy-best-marijuana-seeds-backberry-kush.jpg\",\"width\":360,\"height\":450,\"caption\":\"Acquista Blackberry Kush di qualit\u00e0 premium online\"},{\"@type\":\"BreadcrumbList\",\"@id\":\"https:\\\/\\\/everydaychemshop.com\\\/it\\\/product\\\/mora-kush\\\/#breadcrumb\",\"itemListElement\":[{\"@type\":\"ListItem\",\"position\":1,\"name\":\"Home\",\"item\":\"https:\\\/\\\/everydaychemshop.com\\\/it\\\/\"},{\"@type\":\"ListItem\",\"position\":2,\"name\":\"Prodotti\",\"item\":\"https:\\\/\\\/everydaychemshop.com\\\/it\\\/prodotti\\\/\"},{\"@type\":\"ListItem\",\"position\":3,\"name\":\"Mora Kush\"}]},{\"@type\":\"WebSite\",\"@id\":\"https:\\\/\\\/everydaychemshop.com\\\/it\\\/#website\",\"url\":\"https:\\\/\\\/everydaychemshop.com\\\/it\\\/\",\"name\":\"Everyday Chem Shop\",\"description\":\"\",\"potentialAction\":[{\"@type\":\"SearchAction\",\"target\":{\"@type\":\"EntryPoint\",\"urlTemplate\":\"https:\\\/\\\/everydaychemshop.com\\\/it\\\/?s={search_term_string}\"},\"query-input\":{\"@type\":\"PropertyValueSpecification\",\"valueRequired\":true,\"valueName\":\"search_term_string\"}}],\"inLanguage\":\"en-US\"}]}<\/script>\n<!-- \/ Yoast SEO Premium plugin. -->","yoast_head_json":{"title":"Blackberry Kush di qualit\u00e0 premium - Everyday Chem Shop","description":"Acquista Blackberry Kush di qualit\u00e0 premium online. Vendiamo Blackberry Kush della migliore qualit\u00e0 online. Si prega di contattare per ulteriori informazioni e prezzi.","robots":{"index":"index","follow":"follow","max-snippet":"max-snippet:-1","max-image-preview":"max-image-preview:large","max-video-preview":"max-video-preview:-1"},"canonical":"https:\/\/everydaychemshop.com\/it\/product\/mora-kush\/","og_locale":"en_US","og_type":"article","og_title":"Mora Kush","og_description":"Acquista Blackberry Kush di qualit\u00e0 premium online. Vendiamo Blackberry Kush della migliore qualit\u00e0 online. Si prega di contattare per ulteriori informazioni e prezzi.","og_url":"https:\/\/everydaychemshop.com\/it\/product\/mora-kush\/","og_site_name":"Everyday Chem Shop","article_modified_time":"2023-04-06T20:33:37+00:00","og_image":[{"width":360,"height":450,"url":"https:\/\/everydaychemshop.com\/it\/wp-content\/uploads\/sites\/6\/2022\/11\/buy-best-marijuana-seeds-backberry-kush.jpg","type":"image\/jpeg"}],"twitter_card":"summary_large_image","twitter_misc":{"Est. reading time":"1 minute"},"schema":{"@context":"https:\/\/schema.org","@graph":[{"@type":"WebPage","@id":"https:\/\/everydaychemshop.com\/it\/product\/mora-kush\/","url":"https:\/\/everydaychemshop.com\/it\/product\/mora-kush\/","name":"Blackberry Kush di qualit\u00e0 premium - Everyday Chem Shop","isPartOf":{"@id":"https:\/\/everydaychemshop.com\/it\/#website"},"primaryImageOfPage":{"@id":"https:\/\/everydaychemshop.com\/it\/product\/mora-kush\/#primaryimage"},"image":{"@id":"https:\/\/everydaychemshop.com\/it\/product\/mora-kush\/#primaryimage"},"thumbnailUrl":"https:\/\/everydaychemshop.com\/it\/wp-content\/uploads\/sites\/6\/2022\/11\/buy-best-marijuana-seeds-backberry-kush.jpg","datePublished":"2022-11-20T06:36:40+00:00","dateModified":"2023-04-06T20:33:37+00:00","description":"Acquista Blackberry Kush di qualit\u00e0 premium online. Vendiamo Blackberry Kush della migliore qualit\u00e0 online. Si prega di contattare per ulteriori informazioni e prezzi.","breadcrumb":{"@id":"https:\/\/everydaychemshop.com\/it\/product\/mora-kush\/#breadcrumb"},"inLanguage":"en-US","potentialAction":[{"@type":"ReadAction","target":["https:\/\/everydaychemshop.com\/it\/product\/mora-kush\/"]}]},{"@type":"ImageObject","inLanguage":"en-US","@id":"https:\/\/everydaychemshop.com\/it\/product\/mora-kush\/#primaryimage","url":"https:\/\/everydaychemshop.com\/it\/wp-content\/uploads\/sites\/6\/2022\/11\/buy-best-marijuana-seeds-backberry-kush.jpg","contentUrl":"https:\/\/everydaychemshop.com\/it\/wp-content\/uploads\/sites\/6\/2022\/11\/buy-best-marijuana-seeds-backberry-kush.jpg","width":360,"height":450,"caption":"Acquista Blackberry Kush di qualit\u00e0 premium online"},{"@type":"BreadcrumbList","@id":"https:\/\/everydaychemshop.com\/it\/product\/mora-kush\/#breadcrumb","itemListElement":[{"@type":"ListItem","position":1,"name":"Home","item":"https:\/\/everydaychemshop.com\/it\/"},{"@type":"ListItem","position":2,"name":"Prodotti","item":"https:\/\/everydaychemshop.com\/it\/prodotti\/"},{"@type":"ListItem","position":3,"name":"Mora Kush"}]},{"@type":"WebSite","@id":"https:\/\/everydaychemshop.com\/it\/#website","url":"https:\/\/everydaychemshop.com\/it\/","name":"Everyday Chem Shop","description":"","potentialAction":[{"@type":"SearchAction","target":{"@type":"EntryPoint","urlTemplate":"https:\/\/everydaychemshop.com\/it\/?s={search_term_string}"},"query-input":{"@type":"PropertyValueSpecification","valueRequired":true,"valueName":"search_term_string"}}],"inLanguage":"en-US"}]}},"_links":{"self":[{"href":"https:\/\/everydaychemshop.com\/it\/wp-json\/wp\/v2\/product\/8271","targetHints":{"allow":["GET"]}}],"collection":[{"href":"https:\/\/everydaychemshop.com\/it\/wp-json\/wp\/v2\/product"}],"about":[{"href":"https:\/\/everydaychemshop.com\/it\/wp-json\/wp\/v2\/types\/product"}],"replies":[{"embeddable":true,"href":"https:\/\/everydaychemshop.com\/it\/wp-json\/wp\/v2\/comments?post=8271"}],"wp:featuredmedia":[{"embeddable":true,"href":"https:\/\/everydaychemshop.com\/it\/wp-json\/wp\/v2\/media\/8273"}],"wp:attachment":[{"href":"https:\/\/everydaychemshop.com\/it\/wp-json\/wp\/v2\/media?parent=8271"}],"wp:term":[{"taxonomy":"product_brand","embeddable":true,"href":"https:\/\/everydaychemshop.com\/it\/wp-json\/wp\/v2\/product_brand?post=8271"},{"taxonomy":"product_cat","embeddable":true,"href":"https:\/\/everydaychemshop.com\/it\/wp-json\/wp\/v2\/product_cat?post=8271"},{"taxonomy":"product_tag","embeddable":true,"href":"https:\/\/everydaychemshop.com\/it\/wp-json\/wp\/v2\/product_tag?post=8271"}],"curies":[{"name":"wp","href":"https:\/\/api.w.org\/{rel}","templated":true}]}}