{"id":8284,"date":"2022-11-20T06:47:12","date_gmt":"2022-11-20T06:47:12","guid":{"rendered":"https:\/\/everydaychemshop.com\/it\/?post_type=product&#038;p=8284"},"modified":"2023-04-06T20:30:58","modified_gmt":"2023-04-06T20:30:58","slug":"colla-di-ciliegia-gorilla","status":"publish","type":"product","link":"https:\/\/everydaychemshop.com\/it\/product\/colla-di-ciliegia-gorilla\/","title":{"rendered":"Cherry Gorilla alias Cherry Gorilla Glue"},"content":{"rendered":"<h1>Acquista online Cherry Gorilla di alta qualit\u00e0<\/h1>\n<p><a href=\"https:\/\/everydaychemshop.com\/it\/product\/colla-di-ciliegia-gorilla\/\">Acquista online Cherry Gorilla di alta qualit\u00e0<\/a>. Cherry Gorilla, nota anche come &#8220;Cherry Gorilla Glue&#8221;, \u00e8 una variet\u00e0 ibrida di marijuana. Gli effetti di Cherry Gorilla sono pi\u00f9 calmanti che energizzanti. I consumatori affermano che questa variet\u00e0 offre uno sballo incredibile con sensazioni istantanee di euforia prima che alla fine ti porti in uno <a href=\"https:\/\/it.wikipedia.org\/wiki\/Cannabidiolo\">stato<\/a> di sonnolenza. Cherry Gorilla contiene il 17% di THC, ma le variet\u00e0 di questa variet\u00e0 sono state testate fino al 20% di THC o pi\u00f9. Per questo motivo, Cherry Gorilla \u00e8 meglio riservata ai consumatori di cannabis esperti con un&#8217;elevata tolleranza al THC. Questa variet\u00e0 emette un profilo aromatico terroso supportato da note di frutti di bosco e gasolio. I pazienti con marijuana medica possono scegliere Cherry Gorilla per alleviare i sintomi associati a depressione, stress e dolore.<\/p>\n","protected":false},"excerpt":{"rendered":"<p>Cherry Gorilla, nota anche come &#8220;Cherry Gorilla Glue&#8221;, \u00e8 una variet\u00e0 ibrida di marijuana. Gli effetti di Cherry Gorilla sono pi\u00f9 calmanti che energizzanti. I consumatori affermano che questa variet\u00e0 offre uno sballo incredibile con istantanee sensazioni di euforia prima che alla fine ti porti in uno stato di sonnolenza.<\/p>\n","protected":false},"featured_media":8286,"comment_status":"open","ping_status":"closed","template":"","meta":{"inline_featured_image":false},"product_brand":[],"product_cat":[60],"product_tag":[],"class_list":{"0":"post-8284","1":"product","2":"type-product","3":"status-publish","4":"has-post-thumbnail","6":"product_cat-cbd-fiore-di-canapa","8":"first","9":"instock","10":"shipping-taxable","11":"purchasable","12":"product-type-variable","13":"has-default-attributes"},"yoast_head":"<!-- This site is optimized with the Yoast SEO Premium plugin v19.2 (Yoast SEO v27.3) - https:\/\/yoast.com\/product\/yoast-seo-premium-wordpress\/ -->\n<title>Acquista online Cherry Gorilla di alta qualit\u00e0 - Everyday Chem Shop<\/title>\n<meta name=\"description\" content=\"Acquista online Cherry Gorilla di alta qualit\u00e0. Vendiamo Cherry Gorilla della migliore qualit\u00e0 online. Si prega di contattare per ulteriori informazioni e prezzi.\" \/>\n<meta name=\"robots\" content=\"index, follow, max-snippet:-1, max-image-preview:large, max-video-preview:-1\" \/>\n<link rel=\"canonical\" href=\"https:\/\/everydaychemshop.com\/it\/product\/colla-di-ciliegia-gorilla\/\" \/>\n<meta property=\"og:locale\" content=\"en_US\" \/>\n<meta property=\"og:type\" content=\"article\" \/>\n<meta property=\"og:title\" content=\"Cherry Gorilla alias Cherry Gorilla Glue\" \/>\n<meta property=\"og:description\" content=\"Acquista online Cherry Gorilla di alta qualit\u00e0. Vendiamo Cherry Gorilla della migliore qualit\u00e0 online. Si prega di contattare per ulteriori informazioni e prezzi.\" \/>\n<meta property=\"og:url\" content=\"https:\/\/everydaychemshop.com\/it\/product\/colla-di-ciliegia-gorilla\/\" \/>\n<meta property=\"og:site_name\" content=\"Everyday Chem Shop\" \/>\n<meta property=\"article:modified_time\" content=\"2023-04-06T20:30:58+00:00\" \/>\n<meta property=\"og:image\" content=\"https:\/\/everydaychemshop.com\/it\/wp-content\/uploads\/sites\/6\/2022\/11\/Cherry-Gorilla-C-scaled-1.jpeg\" \/>\n\t<meta property=\"og:image:width\" content=\"1920\" \/>\n\t<meta property=\"og:image:height\" content=\"2560\" \/>\n\t<meta property=\"og:image:type\" content=\"image\/jpeg\" \/>\n<meta name=\"twitter:card\" content=\"summary_large_image\" \/>\n<meta name=\"twitter:label1\" content=\"Est. reading time\" \/>\n\t<meta name=\"twitter:data1\" content=\"1 minute\" \/>\n<script type=\"application\/ld+json\" class=\"yoast-schema-graph\">{\"@context\":\"https:\\\/\\\/schema.org\",\"@graph\":[{\"@type\":\"WebPage\",\"@id\":\"https:\\\/\\\/everydaychemshop.com\\\/it\\\/product\\\/colla-di-ciliegia-gorilla\\\/\",\"url\":\"https:\\\/\\\/everydaychemshop.com\\\/it\\\/product\\\/colla-di-ciliegia-gorilla\\\/\",\"name\":\"Acquista online Cherry Gorilla di alta qualit\u00e0 - Everyday Chem Shop\",\"isPartOf\":{\"@id\":\"https:\\\/\\\/everydaychemshop.com\\\/it\\\/#website\"},\"primaryImageOfPage\":{\"@id\":\"https:\\\/\\\/everydaychemshop.com\\\/it\\\/product\\\/colla-di-ciliegia-gorilla\\\/#primaryimage\"},\"image\":{\"@id\":\"https:\\\/\\\/everydaychemshop.com\\\/it\\\/product\\\/colla-di-ciliegia-gorilla\\\/#primaryimage\"},\"thumbnailUrl\":\"https:\\\/\\\/everydaychemshop.com\\\/it\\\/wp-content\\\/uploads\\\/sites\\\/6\\\/2022\\\/11\\\/Cherry-Gorilla-C-scaled-1.jpeg\",\"datePublished\":\"2022-11-20T06:47:12+00:00\",\"dateModified\":\"2023-04-06T20:30:58+00:00\",\"description\":\"Acquista online Cherry Gorilla di alta qualit\u00e0. Vendiamo Cherry Gorilla della migliore qualit\u00e0 online. Si prega di contattare per ulteriori informazioni e prezzi.\",\"breadcrumb\":{\"@id\":\"https:\\\/\\\/everydaychemshop.com\\\/it\\\/product\\\/colla-di-ciliegia-gorilla\\\/#breadcrumb\"},\"inLanguage\":\"en-US\",\"potentialAction\":[{\"@type\":\"ReadAction\",\"target\":[\"https:\\\/\\\/everydaychemshop.com\\\/it\\\/product\\\/colla-di-ciliegia-gorilla\\\/\"]}]},{\"@type\":\"ImageObject\",\"inLanguage\":\"en-US\",\"@id\":\"https:\\\/\\\/everydaychemshop.com\\\/it\\\/product\\\/colla-di-ciliegia-gorilla\\\/#primaryimage\",\"url\":\"https:\\\/\\\/everydaychemshop.com\\\/it\\\/wp-content\\\/uploads\\\/sites\\\/6\\\/2022\\\/11\\\/Cherry-Gorilla-C-scaled-1.jpeg\",\"contentUrl\":\"https:\\\/\\\/everydaychemshop.com\\\/it\\\/wp-content\\\/uploads\\\/sites\\\/6\\\/2022\\\/11\\\/Cherry-Gorilla-C-scaled-1.jpeg\",\"width\":1920,\"height\":2560,\"caption\":\"Acquista online Cherry Gorilla di alta qualit\u00e0\"},{\"@type\":\"BreadcrumbList\",\"@id\":\"https:\\\/\\\/everydaychemshop.com\\\/it\\\/product\\\/colla-di-ciliegia-gorilla\\\/#breadcrumb\",\"itemListElement\":[{\"@type\":\"ListItem\",\"position\":1,\"name\":\"Home\",\"item\":\"https:\\\/\\\/everydaychemshop.com\\\/it\\\/\"},{\"@type\":\"ListItem\",\"position\":2,\"name\":\"Prodotti\",\"item\":\"https:\\\/\\\/everydaychemshop.com\\\/it\\\/prodotti\\\/\"},{\"@type\":\"ListItem\",\"position\":3,\"name\":\"Cherry Gorilla alias Cherry Gorilla Glue\"}]},{\"@type\":\"WebSite\",\"@id\":\"https:\\\/\\\/everydaychemshop.com\\\/it\\\/#website\",\"url\":\"https:\\\/\\\/everydaychemshop.com\\\/it\\\/\",\"name\":\"Everyday Chem Shop\",\"description\":\"\",\"potentialAction\":[{\"@type\":\"SearchAction\",\"target\":{\"@type\":\"EntryPoint\",\"urlTemplate\":\"https:\\\/\\\/everydaychemshop.com\\\/it\\\/?s={search_term_string}\"},\"query-input\":{\"@type\":\"PropertyValueSpecification\",\"valueRequired\":true,\"valueName\":\"search_term_string\"}}],\"inLanguage\":\"en-US\"}]}<\/script>\n<!-- \/ Yoast SEO Premium plugin. -->","yoast_head_json":{"title":"Acquista online Cherry Gorilla di alta qualit\u00e0 - Everyday Chem Shop","description":"Acquista online Cherry Gorilla di alta qualit\u00e0. Vendiamo Cherry Gorilla della migliore qualit\u00e0 online. Si prega di contattare per ulteriori informazioni e prezzi.","robots":{"index":"index","follow":"follow","max-snippet":"max-snippet:-1","max-image-preview":"max-image-preview:large","max-video-preview":"max-video-preview:-1"},"canonical":"https:\/\/everydaychemshop.com\/it\/product\/colla-di-ciliegia-gorilla\/","og_locale":"en_US","og_type":"article","og_title":"Cherry Gorilla alias Cherry Gorilla Glue","og_description":"Acquista online Cherry Gorilla di alta qualit\u00e0. Vendiamo Cherry Gorilla della migliore qualit\u00e0 online. Si prega di contattare per ulteriori informazioni e prezzi.","og_url":"https:\/\/everydaychemshop.com\/it\/product\/colla-di-ciliegia-gorilla\/","og_site_name":"Everyday Chem Shop","article_modified_time":"2023-04-06T20:30:58+00:00","og_image":[{"width":1920,"height":2560,"url":"https:\/\/everydaychemshop.com\/it\/wp-content\/uploads\/sites\/6\/2022\/11\/Cherry-Gorilla-C-scaled-1.jpeg","type":"image\/jpeg"}],"twitter_card":"summary_large_image","twitter_misc":{"Est. reading time":"1 minute"},"schema":{"@context":"https:\/\/schema.org","@graph":[{"@type":"WebPage","@id":"https:\/\/everydaychemshop.com\/it\/product\/colla-di-ciliegia-gorilla\/","url":"https:\/\/everydaychemshop.com\/it\/product\/colla-di-ciliegia-gorilla\/","name":"Acquista online Cherry Gorilla di alta qualit\u00e0 - Everyday Chem Shop","isPartOf":{"@id":"https:\/\/everydaychemshop.com\/it\/#website"},"primaryImageOfPage":{"@id":"https:\/\/everydaychemshop.com\/it\/product\/colla-di-ciliegia-gorilla\/#primaryimage"},"image":{"@id":"https:\/\/everydaychemshop.com\/it\/product\/colla-di-ciliegia-gorilla\/#primaryimage"},"thumbnailUrl":"https:\/\/everydaychemshop.com\/it\/wp-content\/uploads\/sites\/6\/2022\/11\/Cherry-Gorilla-C-scaled-1.jpeg","datePublished":"2022-11-20T06:47:12+00:00","dateModified":"2023-04-06T20:30:58+00:00","description":"Acquista online Cherry Gorilla di alta qualit\u00e0. Vendiamo Cherry Gorilla della migliore qualit\u00e0 online. Si prega di contattare per ulteriori informazioni e prezzi.","breadcrumb":{"@id":"https:\/\/everydaychemshop.com\/it\/product\/colla-di-ciliegia-gorilla\/#breadcrumb"},"inLanguage":"en-US","potentialAction":[{"@type":"ReadAction","target":["https:\/\/everydaychemshop.com\/it\/product\/colla-di-ciliegia-gorilla\/"]}]},{"@type":"ImageObject","inLanguage":"en-US","@id":"https:\/\/everydaychemshop.com\/it\/product\/colla-di-ciliegia-gorilla\/#primaryimage","url":"https:\/\/everydaychemshop.com\/it\/wp-content\/uploads\/sites\/6\/2022\/11\/Cherry-Gorilla-C-scaled-1.jpeg","contentUrl":"https:\/\/everydaychemshop.com\/it\/wp-content\/uploads\/sites\/6\/2022\/11\/Cherry-Gorilla-C-scaled-1.jpeg","width":1920,"height":2560,"caption":"Acquista online Cherry Gorilla di alta qualit\u00e0"},{"@type":"BreadcrumbList","@id":"https:\/\/everydaychemshop.com\/it\/product\/colla-di-ciliegia-gorilla\/#breadcrumb","itemListElement":[{"@type":"ListItem","position":1,"name":"Home","item":"https:\/\/everydaychemshop.com\/it\/"},{"@type":"ListItem","position":2,"name":"Prodotti","item":"https:\/\/everydaychemshop.com\/it\/prodotti\/"},{"@type":"ListItem","position":3,"name":"Cherry Gorilla alias Cherry Gorilla Glue"}]},{"@type":"WebSite","@id":"https:\/\/everydaychemshop.com\/it\/#website","url":"https:\/\/everydaychemshop.com\/it\/","name":"Everyday Chem Shop","description":"","potentialAction":[{"@type":"SearchAction","target":{"@type":"EntryPoint","urlTemplate":"https:\/\/everydaychemshop.com\/it\/?s={search_term_string}"},"query-input":{"@type":"PropertyValueSpecification","valueRequired":true,"valueName":"search_term_string"}}],"inLanguage":"en-US"}]}},"_links":{"self":[{"href":"https:\/\/everydaychemshop.com\/it\/wp-json\/wp\/v2\/product\/8284","targetHints":{"allow":["GET"]}}],"collection":[{"href":"https:\/\/everydaychemshop.com\/it\/wp-json\/wp\/v2\/product"}],"about":[{"href":"https:\/\/everydaychemshop.com\/it\/wp-json\/wp\/v2\/types\/product"}],"replies":[{"embeddable":true,"href":"https:\/\/everydaychemshop.com\/it\/wp-json\/wp\/v2\/comments?post=8284"}],"wp:featuredmedia":[{"embeddable":true,"href":"https:\/\/everydaychemshop.com\/it\/wp-json\/wp\/v2\/media\/8286"}],"wp:attachment":[{"href":"https:\/\/everydaychemshop.com\/it\/wp-json\/wp\/v2\/media?parent=8284"}],"wp:term":[{"taxonomy":"product_brand","embeddable":true,"href":"https:\/\/everydaychemshop.com\/it\/wp-json\/wp\/v2\/product_brand?post=8284"},{"taxonomy":"product_cat","embeddable":true,"href":"https:\/\/everydaychemshop.com\/it\/wp-json\/wp\/v2\/product_cat?post=8284"},{"taxonomy":"product_tag","embeddable":true,"href":"https:\/\/everydaychemshop.com\/it\/wp-json\/wp\/v2\/product_tag?post=8284"}],"curies":[{"name":"wp","href":"https:\/\/api.w.org\/{rel}","templated":true}]}}