{"id":8293,"date":"2022-11-20T06:59:04","date_gmt":"2022-11-20T06:59:04","guid":{"rendered":"https:\/\/everydaychemshop.com\/it\/?post_type=product&#038;p=8293"},"modified":"2023-04-06T20:29:48","modified_gmt":"2023-04-06T20:29:48","slug":"fiore-di-canapa-pino-hawaiano","status":"publish","type":"product","link":"https:\/\/everydaychemshop.com\/it\/product\/fiore-di-canapa-pino-hawaiano\/","title":{"rendered":"Fiore di canapa di pino hawaiano"},"content":{"rendered":"<h1><strong>Fiore di canapa di pino hawaiano<\/strong><\/h1>\n<p><a href=\"https:\/\/everydaychemshop.com\/it\/product\/fiore-di-canapa-pino-hawaiano\/\">Fiore di canapa di pino hawaiano<\/a>. Vola verso i tropici con il nostro delizioso ibrido, la Hawaiian Haze! Questa speciale variet\u00e0 di CBD Plain Jane vanta sapori ed effetti eccezionali che ti faranno sentire tranquillo e gioioso. Coltivati \u200b\u200bsotto i cieli soleggiati dell&#8217;Oregon, i fiori di Hawaiian Haze CBD vengono tagliati alla perfezione, pronti per l&#8217;uso. <a href=\"https:\/\/it.wikipedia.org\/wiki\/Cannabidiolo\">Le<\/a> sue cime conciate sprigionano un intenso aroma tropicale che ricorda la papaia, l&#8217;ananas e il frutto della passione. I dolci sapori fruttati creati dai suoi terpeni sono ulteriormente accompagnati da morbide note di pino e legnose. I fiori di canapa Hawaiian Haze sono audaci e belli! Possiedono un ricco colore verde pino e sono spesso ricoperti da uno spesso strato di vibranti pistilli di arancia rossa. Ora, i fiori di Plain Jane Hawaiian Haze CBD contengono un&#8217;abbondanza di cannabinoidi e terpeni, entrambi agiscono in sinergia, creando effetti calmanti e rilassanti. Quando viene fumata o vaporizzata, i fan spesso descrivono gli effetti come energizzanti combinati con un graduale rilassamento muscolare e mentale. Il principale livello di CBD di questa variet\u00e0 \u00e8 l&#8217;11,0226%. Inoltre, i principali terpeni trovati nei suoi fiori includono alfa-pinene, mircene e terpinolene.<\/p>\n<p>Tutti i fiori di canapa Plain Jane sono conformi al Farm Bill del 2018 in modo tale da contenere livelli di THC inferiori allo 0,3%. Ci\u00f2 significa che i nostri fiori di canapa Hawaiian Haze non produrranno effetti inebrianti psicoattivi. I fiori di canapa Plain Jane Hawaiian Haze CBD contengono livelli di CBD dell&#8217;11,0226%.<\/p>\n<h2><strong>Indicazioni<\/strong><\/h2>\n<p>I fiori di canapa Plain Jane Hawaiian Haze CBD si consumano meglio fumandoli o vaporizzandoli. Molti fan scelgono di macinare, arrotolare e fumare i loro fiori di canapa Plain Jane. Tuttavia, puoi anche consumare fiori di canapa attraverso bong e vaporizzatori a secco.<\/p>\n<p>Dai un&#8217;occhiata alla nostra\u00a0Plain Jane grezza e completamente naturale cartine!<\/p>\n<h2><strong>Cos&#8217;\u00e8 il CBD?<\/strong><\/h2>\n<p>Il CBD, noto anche come cannabidiolo, \u00e8 un cannabinoide ben studiato dominante nei nostri fiori di canapa Plain Jane . I fiori di canapa ricchi di CBD non sono psicoattivi, il che significa che non faranno sballare chi ne fa uso. Oggi, il CBD \u00e8 considerato uno dei cannabinoidi pi\u00f9 studiati della pianta di canapa, principalmente perch\u00e9 si ritiene che abbia una serie di propriet\u00e0 terapeutiche.<\/p>\n<p>Alcuni dei benefici pi\u00f9 comuni segnalati dai clienti includono:<\/p>\n<ul>\n<li style=\"list-style-type: none\">\n<ul>\n<li>Sollievo dall&#8217;ansia<\/li>\n<\/ul>\n<\/li>\n<\/ul>\n<p>&nbsp;<\/p>\n<ul>\n<li style=\"list-style-type: none\">\n<ul>\n<li>Sollievo da emicrania e mal di testa<\/li>\n<\/ul>\n<\/li>\n<\/ul>\n<p>Plain Jane attualmente dispone di CBD di alta qualit\u00e0 prodotto negli Stati Uniti. Alcuni dei nostri prodotti pi\u00f9 venduti includono i nostri\u00a0oli e topici al CBD,\u00a0Fiori di canapa al CBD,\u00a0Gummies al CBD e altro !<\/p>\n<h2><strong>Attenzione<\/strong><\/h2>\n<p>&nbsp;<\/p>\n<ul>\n<li style=\"list-style-type: none\">\n<ul>\n<li>Non utilizzare il prodotto mentre si guida un veicolo o macchinari pesanti.<\/li>\n<\/ul>\n<\/li>\n<\/ul>\n<p>&nbsp;<\/p>\n<ul>\n<li>\n<ul>\n<li>Usa responsabilmente e tieni fuori dalla portata dei bambini.<\/li>\n<\/ul>\n<\/li>\n<\/ul>\n<p>&nbsp;<\/p>\n<ul>\n<li style=\"list-style-type: none\">\n<ul>\n<li>\u00a0Se sei soggetto a controlli antidroga regolari o casuali, \u00e8 meglio non consumare questo prodotto. La maggior parte dei test antidroga standard non sar\u00e0 in grado di distinguere tra Delta-8-THC e Delta-9.<\/li>\n<\/ul>\n<\/li>\n<\/ul>\n<p>&nbsp;<\/p>\n<ul>\n<li style=\"list-style-type: none\">\n<ul>\n<li>\u00a0Plain Jane non pu\u00f2 essere ritenuta responsabile per chiunque consumi questo prodotto.<\/li>\n<\/ul>\n<\/li>\n<\/ul>\n<p>&nbsp;<\/p>\n<ul>\n<li style=\"list-style-type: none\">\n<ul>\n<li>\u00a0Il\u00a0Food and Drug Administration\u00a0non ha valutato queste affermazioni.<\/li>\n<\/ul>\n<\/li>\n<\/ul>\n<p>&nbsp;<\/p>\n<ul>\n<li style=\"list-style-type: none\">\n<ul>\n<li>\u00a0Questo prodotto non \u00e8 destinato a diagnosticare, trattare, curare o prevenire alcuna malattia. Usare con cautela.<\/li>\n<\/ul>\n<\/li>\n<\/ul>\n<p>&nbsp;<\/p>\n<ul>\n<li style=\"list-style-type: none\">\n<ul>\n<li>Non usare in caso di gravidanza.<\/li>\n<\/ul>\n<\/li>\n<\/ul>\n<p>&nbsp;<\/p>\n<h2><strong>Politica di spedizione di Plain Jane<\/strong><\/h2>\n<p>Plain Jane cerca sempre di spedire gli ordini dal nostro centro logistico entro 1-3 giorni lavorativi. Tuttavia, il tempo necessario per l&#8217;arrivo del pacco dipende dal metodo di spedizione scelto.<\/p>\n<p>Se scegli la spedizione espressa, il prodotto arriver\u00e0 1-2 giorni lavorativi dopo la spedizione.<\/p>\n<p>Nota: la nostra stima del tempo di spedizione inizia quando il pacco \u00e8 stato spedito, il che pu\u00f2 richiedere da 3 a 7 giorni lavorativi dopo l&#8217;elaborazione dell&#8217;acquisto.<\/p>\n<p>Offriamo la spedizione gratuita per tutti gli ordini negli Stati Uniti superiori a $ 40 . Questi ordini verranno inviati tramite spedizione di prima classe USPS. Se richiedi il tuo prodotto prima, hai ancora la possibilit\u00e0 di scegliere un altro metodo di spedizione durante il checkout. A causa delle normative vigenti, su alcuni articoli \u00e8 richiesta la firma di un adulto e verranno spediti UPS. I costi di spedizione aggiuntivi verranno visualizzati al momento del pagamento.<\/p>\n<p>Inviamo un&#8217;e-mail di conferma con un numero di tracciamento quando il tuo ordine \u00e8 stato spedito. Le spese di spedizione non sono rimborsabili. Spediamo solo negli Stati Uniti e nei territori degli Stati Uniti.<\/p>\n<p>Plain Jane si impegna a garantire la massima soddisfazione del cliente con ogni acquisto.<\/p>\n<p>Inviaci un&#8217;e-mail a\u00a0hi@tryplainjane.com\u00a0per farcelo sapere stai restituendo un prodotto. Ti forniremo un indirizzo di spedizione. Si prega di prendere in considerazione l&#8217;utilizzo di servizi di spedizione tracciabili per tutti i resi superiori a $ 75. Non possiamo garantire che riceveremo i prodotti restituiti. Una volta ricevuti i prodotti, rimborseremo gli articoli non aperti e non utilizzati. Le spese di spedizione non sono rimborsabili. Si prega di consentire fino a 10 giorni lavorativi per l&#8217;elaborazione del rimborso.<\/p>\n<p>Se ricevi prodotti danneggiati o difettosi, faccelo sapere e ti rimborseremo o sostituiremo i tuoi articoli. Accettiamo solo resi e rimborsi per acquisti effettuati tramite il nostro negozio online.<\/p>\n<p>Non abbiamo una garanzia di rimborso, poich\u00e9 il CBD influisce su ogni individuo in modo diverso.<\/p>\n<p>Non offriamo rimborsi su prodotti che sono stati utilizzati o aperti.<\/p>\n<p>Se il tuo pacco viene smarrito o ritardato, ti consigliamo di contattare il tuo corriere di spedizione. Di solito si tratta di USPS. In caso di domande, puoi contattare USPS al numero 800-ASK-USPS. Se hai utilizzato UPS, contattali al numero 866-PICK-UPS.<\/p>\n<p>Per gli ordini di fiori tramite posta prioritaria, non \u00e8 prevista alcuna polizza assicurativa. Pertanto, se il pacco viene smarrito, non offriremo una sostituzione o un rimborso.<\/p>\n<p>Non siamo responsabili per i pacchi rubati dalla tua casella di posta o dalla porta di casa<\/p>\n","protected":false},"excerpt":{"rendered":"<p>Vola verso i tropici con il nostro delizioso ibrido, la Hawaiian Haze! Questa speciale variet\u00e0 di CBD Plain Jane vanta sapori ed effetti eccezionali che ti faranno sentire tranquillo e gioioso.<\/p>\n","protected":false},"featured_media":8295,"comment_status":"open","ping_status":"closed","template":"","meta":{"inline_featured_image":false},"product_brand":[],"product_cat":[60],"product_tag":[],"class_list":{"0":"post-8293","1":"product","2":"type-product","3":"status-publish","4":"has-post-thumbnail","6":"product_cat-cbd-fiore-di-canapa","8":"first","9":"instock","10":"shipping-taxable","11":"purchasable","12":"product-type-variable","13":"has-default-attributes"},"yoast_head":"<!-- This site is optimized with the Yoast SEO Premium plugin v19.2 (Yoast SEO v27.3) - https:\/\/yoast.com\/product\/yoast-seo-premium-wordpress\/ -->\n<title>Fiore di canapa di pino hawaiano- Everyday Chem Shop<\/title>\n<meta name=\"description\" content=\"Fiore di canapa di pino hawaiano. Vendiamo online fiori di canapa di pino hawaiano di alta qualit\u00e0. Si prega di contattare per ulteriori informazioni e prezzi.\" \/>\n<meta name=\"robots\" content=\"index, follow, max-snippet:-1, max-image-preview:large, max-video-preview:-1\" \/>\n<link rel=\"canonical\" href=\"https:\/\/everydaychemshop.com\/it\/product\/fiore-di-canapa-pino-hawaiano\/\" \/>\n<meta property=\"og:locale\" content=\"en_US\" \/>\n<meta property=\"og:type\" content=\"article\" \/>\n<meta property=\"og:title\" content=\"Fiore di canapa di pino hawaiano\" \/>\n<meta property=\"og:description\" content=\"Fiore di canapa di pino hawaiano. Vendiamo online fiori di canapa di pino hawaiano di alta qualit\u00e0. Si prega di contattare per ulteriori informazioni e prezzi.\" \/>\n<meta property=\"og:url\" content=\"https:\/\/everydaychemshop.com\/it\/product\/fiore-di-canapa-pino-hawaiano\/\" \/>\n<meta property=\"og:site_name\" content=\"Everyday Chem Shop\" \/>\n<meta property=\"article:modified_time\" content=\"2023-04-06T20:29:48+00:00\" \/>\n<meta property=\"og:image\" content=\"https:\/\/everydaychemshop.com\/it\/wp-content\/uploads\/sites\/6\/2022\/11\/plain_jane_-_hawaiian_haze_02__46672_1592418041_1280_1280__73248.jpg\" \/>\n\t<meta property=\"og:image:width\" content=\"640\" \/>\n\t<meta property=\"og:image:height\" content=\"640\" \/>\n\t<meta property=\"og:image:type\" content=\"image\/jpeg\" \/>\n<meta name=\"twitter:card\" content=\"summary_large_image\" \/>\n<meta name=\"twitter:label1\" content=\"Est. reading time\" \/>\n\t<meta name=\"twitter:data1\" content=\"5 minutes\" \/>\n<script type=\"application\/ld+json\" class=\"yoast-schema-graph\">{\"@context\":\"https:\\\/\\\/schema.org\",\"@graph\":[{\"@type\":\"WebPage\",\"@id\":\"https:\\\/\\\/everydaychemshop.com\\\/it\\\/product\\\/fiore-di-canapa-pino-hawaiano\\\/\",\"url\":\"https:\\\/\\\/everydaychemshop.com\\\/it\\\/product\\\/fiore-di-canapa-pino-hawaiano\\\/\",\"name\":\"Fiore di canapa di pino hawaiano- Everyday Chem Shop\",\"isPartOf\":{\"@id\":\"https:\\\/\\\/everydaychemshop.com\\\/it\\\/#website\"},\"primaryImageOfPage\":{\"@id\":\"https:\\\/\\\/everydaychemshop.com\\\/it\\\/product\\\/fiore-di-canapa-pino-hawaiano\\\/#primaryimage\"},\"image\":{\"@id\":\"https:\\\/\\\/everydaychemshop.com\\\/it\\\/product\\\/fiore-di-canapa-pino-hawaiano\\\/#primaryimage\"},\"thumbnailUrl\":\"https:\\\/\\\/everydaychemshop.com\\\/it\\\/wp-content\\\/uploads\\\/sites\\\/6\\\/2022\\\/11\\\/plain_jane_-_hawaiian_haze_02__46672_1592418041_1280_1280__73248.jpg\",\"datePublished\":\"2022-11-20T06:59:04+00:00\",\"dateModified\":\"2023-04-06T20:29:48+00:00\",\"description\":\"Fiore di canapa di pino hawaiano. Vendiamo online fiori di canapa di pino hawaiano di alta qualit\u00e0. Si prega di contattare per ulteriori informazioni e prezzi.\",\"breadcrumb\":{\"@id\":\"https:\\\/\\\/everydaychemshop.com\\\/it\\\/product\\\/fiore-di-canapa-pino-hawaiano\\\/#breadcrumb\"},\"inLanguage\":\"en-US\",\"potentialAction\":[{\"@type\":\"ReadAction\",\"target\":[\"https:\\\/\\\/everydaychemshop.com\\\/it\\\/product\\\/fiore-di-canapa-pino-hawaiano\\\/\"]}]},{\"@type\":\"ImageObject\",\"inLanguage\":\"en-US\",\"@id\":\"https:\\\/\\\/everydaychemshop.com\\\/it\\\/product\\\/fiore-di-canapa-pino-hawaiano\\\/#primaryimage\",\"url\":\"https:\\\/\\\/everydaychemshop.com\\\/it\\\/wp-content\\\/uploads\\\/sites\\\/6\\\/2022\\\/11\\\/plain_jane_-_hawaiian_haze_02__46672_1592418041_1280_1280__73248.jpg\",\"contentUrl\":\"https:\\\/\\\/everydaychemshop.com\\\/it\\\/wp-content\\\/uploads\\\/sites\\\/6\\\/2022\\\/11\\\/plain_jane_-_hawaiian_haze_02__46672_1592418041_1280_1280__73248.jpg\",\"width\":640,\"height\":640,\"caption\":\"Fiore di canapa di pino hawaiano\"},{\"@type\":\"BreadcrumbList\",\"@id\":\"https:\\\/\\\/everydaychemshop.com\\\/it\\\/product\\\/fiore-di-canapa-pino-hawaiano\\\/#breadcrumb\",\"itemListElement\":[{\"@type\":\"ListItem\",\"position\":1,\"name\":\"Home\",\"item\":\"https:\\\/\\\/everydaychemshop.com\\\/it\\\/\"},{\"@type\":\"ListItem\",\"position\":2,\"name\":\"Prodotti\",\"item\":\"https:\\\/\\\/everydaychemshop.com\\\/it\\\/prodotti\\\/\"},{\"@type\":\"ListItem\",\"position\":3,\"name\":\"Fiore di canapa di pino hawaiano\"}]},{\"@type\":\"WebSite\",\"@id\":\"https:\\\/\\\/everydaychemshop.com\\\/it\\\/#website\",\"url\":\"https:\\\/\\\/everydaychemshop.com\\\/it\\\/\",\"name\":\"Everyday Chem Shop\",\"description\":\"\",\"potentialAction\":[{\"@type\":\"SearchAction\",\"target\":{\"@type\":\"EntryPoint\",\"urlTemplate\":\"https:\\\/\\\/everydaychemshop.com\\\/it\\\/?s={search_term_string}\"},\"query-input\":{\"@type\":\"PropertyValueSpecification\",\"valueRequired\":true,\"valueName\":\"search_term_string\"}}],\"inLanguage\":\"en-US\"}]}<\/script>\n<!-- \/ Yoast SEO Premium plugin. -->","yoast_head_json":{"title":"Fiore di canapa di pino hawaiano- Everyday Chem Shop","description":"Fiore di canapa di pino hawaiano. Vendiamo online fiori di canapa di pino hawaiano di alta qualit\u00e0. Si prega di contattare per ulteriori informazioni e prezzi.","robots":{"index":"index","follow":"follow","max-snippet":"max-snippet:-1","max-image-preview":"max-image-preview:large","max-video-preview":"max-video-preview:-1"},"canonical":"https:\/\/everydaychemshop.com\/it\/product\/fiore-di-canapa-pino-hawaiano\/","og_locale":"en_US","og_type":"article","og_title":"Fiore di canapa di pino hawaiano","og_description":"Fiore di canapa di pino hawaiano. Vendiamo online fiori di canapa di pino hawaiano di alta qualit\u00e0. Si prega di contattare per ulteriori informazioni e prezzi.","og_url":"https:\/\/everydaychemshop.com\/it\/product\/fiore-di-canapa-pino-hawaiano\/","og_site_name":"Everyday Chem Shop","article_modified_time":"2023-04-06T20:29:48+00:00","og_image":[{"width":640,"height":640,"url":"https:\/\/everydaychemshop.com\/it\/wp-content\/uploads\/sites\/6\/2022\/11\/plain_jane_-_hawaiian_haze_02__46672_1592418041_1280_1280__73248.jpg","type":"image\/jpeg"}],"twitter_card":"summary_large_image","twitter_misc":{"Est. reading time":"5 minutes"},"schema":{"@context":"https:\/\/schema.org","@graph":[{"@type":"WebPage","@id":"https:\/\/everydaychemshop.com\/it\/product\/fiore-di-canapa-pino-hawaiano\/","url":"https:\/\/everydaychemshop.com\/it\/product\/fiore-di-canapa-pino-hawaiano\/","name":"Fiore di canapa di pino hawaiano- Everyday Chem Shop","isPartOf":{"@id":"https:\/\/everydaychemshop.com\/it\/#website"},"primaryImageOfPage":{"@id":"https:\/\/everydaychemshop.com\/it\/product\/fiore-di-canapa-pino-hawaiano\/#primaryimage"},"image":{"@id":"https:\/\/everydaychemshop.com\/it\/product\/fiore-di-canapa-pino-hawaiano\/#primaryimage"},"thumbnailUrl":"https:\/\/everydaychemshop.com\/it\/wp-content\/uploads\/sites\/6\/2022\/11\/plain_jane_-_hawaiian_haze_02__46672_1592418041_1280_1280__73248.jpg","datePublished":"2022-11-20T06:59:04+00:00","dateModified":"2023-04-06T20:29:48+00:00","description":"Fiore di canapa di pino hawaiano. Vendiamo online fiori di canapa di pino hawaiano di alta qualit\u00e0. Si prega di contattare per ulteriori informazioni e prezzi.","breadcrumb":{"@id":"https:\/\/everydaychemshop.com\/it\/product\/fiore-di-canapa-pino-hawaiano\/#breadcrumb"},"inLanguage":"en-US","potentialAction":[{"@type":"ReadAction","target":["https:\/\/everydaychemshop.com\/it\/product\/fiore-di-canapa-pino-hawaiano\/"]}]},{"@type":"ImageObject","inLanguage":"en-US","@id":"https:\/\/everydaychemshop.com\/it\/product\/fiore-di-canapa-pino-hawaiano\/#primaryimage","url":"https:\/\/everydaychemshop.com\/it\/wp-content\/uploads\/sites\/6\/2022\/11\/plain_jane_-_hawaiian_haze_02__46672_1592418041_1280_1280__73248.jpg","contentUrl":"https:\/\/everydaychemshop.com\/it\/wp-content\/uploads\/sites\/6\/2022\/11\/plain_jane_-_hawaiian_haze_02__46672_1592418041_1280_1280__73248.jpg","width":640,"height":640,"caption":"Fiore di canapa di pino hawaiano"},{"@type":"BreadcrumbList","@id":"https:\/\/everydaychemshop.com\/it\/product\/fiore-di-canapa-pino-hawaiano\/#breadcrumb","itemListElement":[{"@type":"ListItem","position":1,"name":"Home","item":"https:\/\/everydaychemshop.com\/it\/"},{"@type":"ListItem","position":2,"name":"Prodotti","item":"https:\/\/everydaychemshop.com\/it\/prodotti\/"},{"@type":"ListItem","position":3,"name":"Fiore di canapa di pino hawaiano"}]},{"@type":"WebSite","@id":"https:\/\/everydaychemshop.com\/it\/#website","url":"https:\/\/everydaychemshop.com\/it\/","name":"Everyday Chem Shop","description":"","potentialAction":[{"@type":"SearchAction","target":{"@type":"EntryPoint","urlTemplate":"https:\/\/everydaychemshop.com\/it\/?s={search_term_string}"},"query-input":{"@type":"PropertyValueSpecification","valueRequired":true,"valueName":"search_term_string"}}],"inLanguage":"en-US"}]}},"_links":{"self":[{"href":"https:\/\/everydaychemshop.com\/it\/wp-json\/wp\/v2\/product\/8293","targetHints":{"allow":["GET"]}}],"collection":[{"href":"https:\/\/everydaychemshop.com\/it\/wp-json\/wp\/v2\/product"}],"about":[{"href":"https:\/\/everydaychemshop.com\/it\/wp-json\/wp\/v2\/types\/product"}],"replies":[{"embeddable":true,"href":"https:\/\/everydaychemshop.com\/it\/wp-json\/wp\/v2\/comments?post=8293"}],"wp:featuredmedia":[{"embeddable":true,"href":"https:\/\/everydaychemshop.com\/it\/wp-json\/wp\/v2\/media\/8295"}],"wp:attachment":[{"href":"https:\/\/everydaychemshop.com\/it\/wp-json\/wp\/v2\/media?parent=8293"}],"wp:term":[{"taxonomy":"product_brand","embeddable":true,"href":"https:\/\/everydaychemshop.com\/it\/wp-json\/wp\/v2\/product_brand?post=8293"},{"taxonomy":"product_cat","embeddable":true,"href":"https:\/\/everydaychemshop.com\/it\/wp-json\/wp\/v2\/product_cat?post=8293"},{"taxonomy":"product_tag","embeddable":true,"href":"https:\/\/everydaychemshop.com\/it\/wp-json\/wp\/v2\/product_tag?post=8293"}],"curies":[{"name":"wp","href":"https:\/\/api.w.org\/{rel}","templated":true}]}}