{"id":8309,"date":"2022-11-20T07:19:03","date_gmt":"2022-11-20T07:19:03","guid":{"rendered":"https:\/\/everydaychemshop.com\/it\/?post_type=product&#038;p=8309"},"modified":"2023-04-06T20:27:13","modified_gmt":"2023-04-06T20:27:13","slug":"sour-diesel-cbd-fiore-di-canapa","status":"publish","type":"product","link":"https:\/\/everydaychemshop.com\/it\/product\/sour-diesel-cbd-fiore-di-canapa\/","title":{"rendered":"Fiore di canapa Sour Diesel CBD"},"content":{"rendered":"<h1><strong>Acquista Sour Diesel CBD Fiore Di Canapa Online<\/strong><\/h1>\n<p><a href=\"https:\/\/everydaychemshop.com\/it\/product\/sour-diesel-cbd-fiore-di-canapa\/\">Acquista Sour Diesel CBD Fiore Di Canapa Online<\/a>. L&#8217;originale fiore di canapa Sour Diesel CBD \u00e8 una variet\u00e0 ibrida che condivide il suo lignaggio con l&#8217;iconica variet\u00e0 Chemdog 91 e Super Skunk. I fiori di canapa Plain Jane Sour Diesel sono la scelta perfetta per gli intenditori che desiderano sperimentare il sapore umido della benzina che spesso associamo alla variet\u00e0 Sour Diesel. Quando acquisti per la prima volta questi fiori di CBD coltivati \u200b\u200bnell&#8217;Oregon, noterai che sono piuttosto densi e di dimensioni succose. Ogni fiore di CBD tagliato a mano rilascer\u00e0 un intenso aroma agrumato-benzina che <a href=\"https:\/\/it.wikipedia.org\/wiki\/Cannabidiolo\">coler\u00e0<\/a> attraverso la sua confezione. Quando vengono fumati o vaporizzati, questi fiori aromatici creano un effetto liscio e un fumo cremoso che lascer\u00e0 un sapore di agrumi particolarmente pungente sulle vostre papille gustative. L&#8217;inizio degli effetti tende ad essere una combinazione di relax ed energizzante. Pu\u00f2 iniziare come una profonda ondata di calma, alleviando la tensione muscolare e lo stress. A poco a poco, gli effetti del CBD possono evolversi, energizzando chi ne fa uso e liberando la mente. I fiori di canapa Plain Jane&#8217;s Sour Diesel CBD possiedono un profilo diversificato di cannabinoidi, quindi \u00e8 una scelta eccellente per coloro che cercano di assaporare i benefici dell&#8217;effetto entourage. I principali cannabinoidi che fioriscono nelle sue cime sono CBDA, CBGA, CBD e THCA. Ora, se ti stai chiedendo se il profilo terpenico sia altrettanto colorato, allora abbiamo buone notizie! I fiori di canapa Sour Diesel possiedono effettivamente un diverso profilo di terpeni, la maggior parte dei quali include cariofillene, d-limonene, mircene, beta-pinene e linalolo.<\/p>\n<p>Tutti i fiori di canapa Plain Jane sono conformi al Farm Bill del 2018 tali da contenere livelli di THC inferiori allo 0,3%. Ci\u00f2 significa che i nostri fiori di canapa Sour Diesel non provocheranno effetti psicoattivi-intossicanti. I fiori di CBD Plain Jane Sour Diesel possono contenere livelli di CBD che vanno dal 19% al 25%.<\/p>\n<h2><b>Indicazioni<\/b><\/h2>\n<p>I fiori di canapa Plain Jane Sour Diesel CBD sono i migliori da consumare fumando o svapando. Molti fan scelgono di macinare, arrotolare e fumare i loro fiori di canapa Plain Jane. Tuttavia, puoi anche consumare fiori di canapa attraverso bong e vaporizzatori a secco.<\/p>\n<h2><b>Cos&#8217;\u00e8 il CBD?<\/b><\/h2>\n<p>Il CBD, noto anche come cannabidiolo, \u00e8 un cannabinoide ben studiato dominante nei nostri fiori di canapa Plain Jane. I fiori di canapa ricchi di CBD non sono psicoattivi, il che significa che non faranno sballare chi ne fa uso. Oggi, il CBD \u00e8 considerato uno dei cannabinoidi pi\u00f9 studiati della pianta di canapa, principalmente perch\u00e9 si ritiene che abbia una serie di propriet\u00e0 terapeutiche.<\/p>\n<p>Alcuni dei benefici pi\u00f9 comuni segnalati dai clienti includono:<\/p>\n<ul>\n<li style=\"list-style-type: none\">\n<ul>\n<li>Sollievo dall&#8217;ansia<\/li>\n<\/ul>\n<\/li>\n<\/ul>\n<p>&nbsp;<\/p>\n<ul>\n<li style=\"list-style-type: none\">\n<ul>\n<li>Sollievo da emicrania e mal di testa<\/li>\n<\/ul>\n<\/li>\n<\/ul>\n<p>Plain Jane attualmente dispone di CBD di alta qualit\u00e0 prodotto negli Stati Uniti. Alcuni dei nostri prodotti pi\u00f9 venduti includono i nostri\u00a0oli e prodotti topici al CBD,\u00a0fiori di canapa al CBD,\u00a0le caramelle gommose al CBD e molto altro!<\/p>\n<h2><b>Attenzione<\/b><\/h2>\n<p>&nbsp;<\/p>\n<ul>\n<li>\n<ul>\n<li style=\"list-style-type: none\">\n<ul>\n<li>Non utilizzare il prodotto mentre si guida un veicolo o un macchinario pesante.<\/li>\n<\/ul>\n<\/li>\n<\/ul>\n<ul>\n<li style=\"list-style-type: none\">\n<ul>\n<li>Usa responsabilmente e tieni fuori dalla portata dei bambini.<\/li>\n<\/ul>\n<\/li>\n<\/ul>\n<ul>\n<li style=\"list-style-type: none\">\n<ul>\n<li>\u00a0Se sei soggetto a controlli regolari o casuali sui farmaci, \u00e8 meglio non consumare questo prodotto. La maggior parte dei test antidroga standard non sar\u00e0 in grado di distinguere tra Delta-8-THC e Delta-9.<\/li>\n<\/ul>\n<\/li>\n<\/ul>\n<ul>\n<li>\n<ul>\n<li>\u00a0Plain Jane non pu\u00f2 essere ritenuta responsabile per chiunque consumi questo prodotto.<\/li>\n<\/ul>\n<\/li>\n<\/ul>\n<ul>\n<li style=\"list-style-type: none\">\n<ul>\n<li>\u00a0La\u00a0Food and Drug Administration\u00a0non ha valutato queste affermazioni.<\/li>\n<\/ul>\n<\/li>\n<\/ul>\n<ul>\n<li style=\"list-style-type: none\">\n<ul>\n<li>\u00a0Questo prodotto non \u00e8 destinato a diagnosticare, trattare, curare o prevenire alcuna malattia. Usare con cautela.<\/li>\n<\/ul>\n<\/li>\n<\/ul>\n<ul>\n<li>Non usare in caso di gravidanza.<\/li>\n<\/ul>\n<\/li>\n<\/ul>\n","protected":false},"excerpt":{"rendered":"<p>I fiori di canapa Sour Diesel CBD originali sono una variet\u00e0 ibrida che condivide il suo lignaggio con l&#8217;iconica variet\u00e0 Chemdog 91 e Super Skunk.<\/p>\n","protected":false},"featured_media":8311,"comment_status":"open","ping_status":"closed","template":"","meta":{"inline_featured_image":false},"product_brand":[],"product_cat":[60],"product_tag":[],"class_list":{"0":"post-8309","1":"product","2":"type-product","3":"status-publish","4":"has-post-thumbnail","6":"product_cat-cbd-fiore-di-canapa","8":"first","9":"instock","10":"shipping-taxable","11":"purchasable","12":"product-type-variable","13":"has-default-attributes"},"yoast_head":"<!-- This site is optimized with the Yoast SEO Premium plugin v19.2 (Yoast SEO v27.3) - https:\/\/yoast.com\/product\/yoast-seo-premium-wordpress\/ -->\n<title>Acquista Sour Diesel CBD Fiore Di Canapa - Everyday Chem Shop<\/title>\n<meta name=\"description\" content=\"Acquista Sour Diesel CBD Fiore Di Canapa Online. Vendiamo fiori di canapa Sour Diesel CBD di alta qualit\u00e0 online. Si prega di contattare per ulteriori informazioni e prezzi.\" \/>\n<meta name=\"robots\" content=\"index, follow, max-snippet:-1, max-image-preview:large, max-video-preview:-1\" \/>\n<link rel=\"canonical\" href=\"https:\/\/everydaychemshop.com\/it\/product\/sour-diesel-cbd-fiore-di-canapa\/\" \/>\n<meta property=\"og:locale\" content=\"en_US\" \/>\n<meta property=\"og:type\" content=\"article\" \/>\n<meta property=\"og:title\" content=\"Fiore di canapa Sour Diesel CBD\" \/>\n<meta property=\"og:description\" content=\"Acquista Sour Diesel CBD Fiore Di Canapa Online. Vendiamo fiori di canapa Sour Diesel CBD di alta qualit\u00e0 online. Si prega di contattare per ulteriori informazioni e prezzi.\" \/>\n<meta property=\"og:url\" content=\"https:\/\/everydaychemshop.com\/it\/product\/sour-diesel-cbd-fiore-di-canapa\/\" \/>\n<meta property=\"og:site_name\" content=\"Everyday Chem Shop\" \/>\n<meta property=\"article:modified_time\" content=\"2023-04-06T20:27:13+00:00\" \/>\n<meta property=\"og:image\" content=\"https:\/\/everydaychemshop.com\/it\/wp-content\/uploads\/sites\/6\/2022\/11\/Sour-Diesel-CBD-Hemp-Flower.jpg\" \/>\n\t<meta property=\"og:image:width\" content=\"640\" \/>\n\t<meta property=\"og:image:height\" content=\"965\" \/>\n\t<meta property=\"og:image:type\" content=\"image\/jpeg\" \/>\n<meta name=\"twitter:card\" content=\"summary_large_image\" \/>\n<meta name=\"twitter:label1\" content=\"Est. reading time\" \/>\n\t<meta name=\"twitter:data1\" content=\"3 minutes\" \/>\n<script type=\"application\/ld+json\" class=\"yoast-schema-graph\">{\"@context\":\"https:\\\/\\\/schema.org\",\"@graph\":[{\"@type\":\"WebPage\",\"@id\":\"https:\\\/\\\/everydaychemshop.com\\\/it\\\/product\\\/sour-diesel-cbd-fiore-di-canapa\\\/\",\"url\":\"https:\\\/\\\/everydaychemshop.com\\\/it\\\/product\\\/sour-diesel-cbd-fiore-di-canapa\\\/\",\"name\":\"Acquista Sour Diesel CBD Fiore Di Canapa - Everyday Chem Shop\",\"isPartOf\":{\"@id\":\"https:\\\/\\\/everydaychemshop.com\\\/it\\\/#website\"},\"primaryImageOfPage\":{\"@id\":\"https:\\\/\\\/everydaychemshop.com\\\/it\\\/product\\\/sour-diesel-cbd-fiore-di-canapa\\\/#primaryimage\"},\"image\":{\"@id\":\"https:\\\/\\\/everydaychemshop.com\\\/it\\\/product\\\/sour-diesel-cbd-fiore-di-canapa\\\/#primaryimage\"},\"thumbnailUrl\":\"https:\\\/\\\/everydaychemshop.com\\\/it\\\/wp-content\\\/uploads\\\/sites\\\/6\\\/2022\\\/11\\\/Sour-Diesel-CBD-Hemp-Flower.jpg\",\"datePublished\":\"2022-11-20T07:19:03+00:00\",\"dateModified\":\"2023-04-06T20:27:13+00:00\",\"description\":\"Acquista Sour Diesel CBD Fiore Di Canapa Online. Vendiamo fiori di canapa Sour Diesel CBD di alta qualit\u00e0 online. Si prega di contattare per ulteriori informazioni e prezzi.\",\"breadcrumb\":{\"@id\":\"https:\\\/\\\/everydaychemshop.com\\\/it\\\/product\\\/sour-diesel-cbd-fiore-di-canapa\\\/#breadcrumb\"},\"inLanguage\":\"en-US\",\"potentialAction\":[{\"@type\":\"ReadAction\",\"target\":[\"https:\\\/\\\/everydaychemshop.com\\\/it\\\/product\\\/sour-diesel-cbd-fiore-di-canapa\\\/\"]}]},{\"@type\":\"ImageObject\",\"inLanguage\":\"en-US\",\"@id\":\"https:\\\/\\\/everydaychemshop.com\\\/it\\\/product\\\/sour-diesel-cbd-fiore-di-canapa\\\/#primaryimage\",\"url\":\"https:\\\/\\\/everydaychemshop.com\\\/it\\\/wp-content\\\/uploads\\\/sites\\\/6\\\/2022\\\/11\\\/Sour-Diesel-CBD-Hemp-Flower.jpg\",\"contentUrl\":\"https:\\\/\\\/everydaychemshop.com\\\/it\\\/wp-content\\\/uploads\\\/sites\\\/6\\\/2022\\\/11\\\/Sour-Diesel-CBD-Hemp-Flower.jpg\",\"width\":640,\"height\":965,\"caption\":\"Acquista Sour Diesel CBD Fiore Di Canapa Online\"},{\"@type\":\"BreadcrumbList\",\"@id\":\"https:\\\/\\\/everydaychemshop.com\\\/it\\\/product\\\/sour-diesel-cbd-fiore-di-canapa\\\/#breadcrumb\",\"itemListElement\":[{\"@type\":\"ListItem\",\"position\":1,\"name\":\"Home\",\"item\":\"https:\\\/\\\/everydaychemshop.com\\\/it\\\/\"},{\"@type\":\"ListItem\",\"position\":2,\"name\":\"Prodotti\",\"item\":\"https:\\\/\\\/everydaychemshop.com\\\/it\\\/prodotti\\\/\"},{\"@type\":\"ListItem\",\"position\":3,\"name\":\"Fiore di canapa Sour Diesel CBD\"}]},{\"@type\":\"WebSite\",\"@id\":\"https:\\\/\\\/everydaychemshop.com\\\/it\\\/#website\",\"url\":\"https:\\\/\\\/everydaychemshop.com\\\/it\\\/\",\"name\":\"Everyday Chem Shop\",\"description\":\"\",\"potentialAction\":[{\"@type\":\"SearchAction\",\"target\":{\"@type\":\"EntryPoint\",\"urlTemplate\":\"https:\\\/\\\/everydaychemshop.com\\\/it\\\/?s={search_term_string}\"},\"query-input\":{\"@type\":\"PropertyValueSpecification\",\"valueRequired\":true,\"valueName\":\"search_term_string\"}}],\"inLanguage\":\"en-US\"}]}<\/script>\n<!-- \/ Yoast SEO Premium plugin. -->","yoast_head_json":{"title":"Acquista Sour Diesel CBD Fiore Di Canapa - Everyday Chem Shop","description":"Acquista Sour Diesel CBD Fiore Di Canapa Online. Vendiamo fiori di canapa Sour Diesel CBD di alta qualit\u00e0 online. Si prega di contattare per ulteriori informazioni e prezzi.","robots":{"index":"index","follow":"follow","max-snippet":"max-snippet:-1","max-image-preview":"max-image-preview:large","max-video-preview":"max-video-preview:-1"},"canonical":"https:\/\/everydaychemshop.com\/it\/product\/sour-diesel-cbd-fiore-di-canapa\/","og_locale":"en_US","og_type":"article","og_title":"Fiore di canapa Sour Diesel CBD","og_description":"Acquista Sour Diesel CBD Fiore Di Canapa Online. Vendiamo fiori di canapa Sour Diesel CBD di alta qualit\u00e0 online. Si prega di contattare per ulteriori informazioni e prezzi.","og_url":"https:\/\/everydaychemshop.com\/it\/product\/sour-diesel-cbd-fiore-di-canapa\/","og_site_name":"Everyday Chem Shop","article_modified_time":"2023-04-06T20:27:13+00:00","og_image":[{"width":640,"height":965,"url":"https:\/\/everydaychemshop.com\/it\/wp-content\/uploads\/sites\/6\/2022\/11\/Sour-Diesel-CBD-Hemp-Flower.jpg","type":"image\/jpeg"}],"twitter_card":"summary_large_image","twitter_misc":{"Est. reading time":"3 minutes"},"schema":{"@context":"https:\/\/schema.org","@graph":[{"@type":"WebPage","@id":"https:\/\/everydaychemshop.com\/it\/product\/sour-diesel-cbd-fiore-di-canapa\/","url":"https:\/\/everydaychemshop.com\/it\/product\/sour-diesel-cbd-fiore-di-canapa\/","name":"Acquista Sour Diesel CBD Fiore Di Canapa - Everyday Chem Shop","isPartOf":{"@id":"https:\/\/everydaychemshop.com\/it\/#website"},"primaryImageOfPage":{"@id":"https:\/\/everydaychemshop.com\/it\/product\/sour-diesel-cbd-fiore-di-canapa\/#primaryimage"},"image":{"@id":"https:\/\/everydaychemshop.com\/it\/product\/sour-diesel-cbd-fiore-di-canapa\/#primaryimage"},"thumbnailUrl":"https:\/\/everydaychemshop.com\/it\/wp-content\/uploads\/sites\/6\/2022\/11\/Sour-Diesel-CBD-Hemp-Flower.jpg","datePublished":"2022-11-20T07:19:03+00:00","dateModified":"2023-04-06T20:27:13+00:00","description":"Acquista Sour Diesel CBD Fiore Di Canapa Online. Vendiamo fiori di canapa Sour Diesel CBD di alta qualit\u00e0 online. Si prega di contattare per ulteriori informazioni e prezzi.","breadcrumb":{"@id":"https:\/\/everydaychemshop.com\/it\/product\/sour-diesel-cbd-fiore-di-canapa\/#breadcrumb"},"inLanguage":"en-US","potentialAction":[{"@type":"ReadAction","target":["https:\/\/everydaychemshop.com\/it\/product\/sour-diesel-cbd-fiore-di-canapa\/"]}]},{"@type":"ImageObject","inLanguage":"en-US","@id":"https:\/\/everydaychemshop.com\/it\/product\/sour-diesel-cbd-fiore-di-canapa\/#primaryimage","url":"https:\/\/everydaychemshop.com\/it\/wp-content\/uploads\/sites\/6\/2022\/11\/Sour-Diesel-CBD-Hemp-Flower.jpg","contentUrl":"https:\/\/everydaychemshop.com\/it\/wp-content\/uploads\/sites\/6\/2022\/11\/Sour-Diesel-CBD-Hemp-Flower.jpg","width":640,"height":965,"caption":"Acquista Sour Diesel CBD Fiore Di Canapa Online"},{"@type":"BreadcrumbList","@id":"https:\/\/everydaychemshop.com\/it\/product\/sour-diesel-cbd-fiore-di-canapa\/#breadcrumb","itemListElement":[{"@type":"ListItem","position":1,"name":"Home","item":"https:\/\/everydaychemshop.com\/it\/"},{"@type":"ListItem","position":2,"name":"Prodotti","item":"https:\/\/everydaychemshop.com\/it\/prodotti\/"},{"@type":"ListItem","position":3,"name":"Fiore di canapa Sour Diesel CBD"}]},{"@type":"WebSite","@id":"https:\/\/everydaychemshop.com\/it\/#website","url":"https:\/\/everydaychemshop.com\/it\/","name":"Everyday Chem Shop","description":"","potentialAction":[{"@type":"SearchAction","target":{"@type":"EntryPoint","urlTemplate":"https:\/\/everydaychemshop.com\/it\/?s={search_term_string}"},"query-input":{"@type":"PropertyValueSpecification","valueRequired":true,"valueName":"search_term_string"}}],"inLanguage":"en-US"}]}},"_links":{"self":[{"href":"https:\/\/everydaychemshop.com\/it\/wp-json\/wp\/v2\/product\/8309","targetHints":{"allow":["GET"]}}],"collection":[{"href":"https:\/\/everydaychemshop.com\/it\/wp-json\/wp\/v2\/product"}],"about":[{"href":"https:\/\/everydaychemshop.com\/it\/wp-json\/wp\/v2\/types\/product"}],"replies":[{"embeddable":true,"href":"https:\/\/everydaychemshop.com\/it\/wp-json\/wp\/v2\/comments?post=8309"}],"wp:featuredmedia":[{"embeddable":true,"href":"https:\/\/everydaychemshop.com\/it\/wp-json\/wp\/v2\/media\/8311"}],"wp:attachment":[{"href":"https:\/\/everydaychemshop.com\/it\/wp-json\/wp\/v2\/media?parent=8309"}],"wp:term":[{"taxonomy":"product_brand","embeddable":true,"href":"https:\/\/everydaychemshop.com\/it\/wp-json\/wp\/v2\/product_brand?post=8309"},{"taxonomy":"product_cat","embeddable":true,"href":"https:\/\/everydaychemshop.com\/it\/wp-json\/wp\/v2\/product_cat?post=8309"},{"taxonomy":"product_tag","embeddable":true,"href":"https:\/\/everydaychemshop.com\/it\/wp-json\/wp\/v2\/product_tag?post=8309"}],"curies":[{"name":"wp","href":"https:\/\/api.w.org\/{rel}","templated":true}]}}