{"id":8320,"date":"2022-11-20T07:45:50","date_gmt":"2022-11-20T07:45:50","guid":{"rendered":"https:\/\/everydaychemshop.com\/it\/?post_type=product&#038;p=8320"},"modified":"2023-04-06T20:23:10","modified_gmt":"2023-04-06T20:23:10","slug":"rick-simpson-oil-compra-rso-cbd-oil","status":"publish","type":"product","link":"https:\/\/everydaychemshop.com\/it\/product\/rick-simpson-oil-compra-rso-cbd-oil\/","title":{"rendered":"Olio di Rick Simpson | Acquista olio di CBD RSO"},"content":{"rendered":"<h1>Acquista l&#8217;olio di CBD di Rick Simpson online<\/h1>\n<p><a href=\"https:\/\/everydaychemshop.com\/it\/product\/rick-simpson-oil-compra-rso-cbd-oil\/\">Acquista l&#8217;olio di CBD di Rick Simpson online<\/a> &#8211; L&#8217;olio di cannabis Rick Simpson \u00e8 un tipo di olio di canapa formulato dall&#8217;attivista per la marijuana medica Rick Simpson. Dopo aver scoperto i poteri curativi dell&#8217;olio di cannabis e aver curato se stesso dal suo cancro della pelle metastatico nel 2003, Rick Simpson ha deciso di condividere le <a href=\"https:\/\/it.wikipedia.org\/wiki\/Cannabidiolo\">sue<\/a> conoscenze.<\/p>\n<p>Il potere medicinale della cannabis<br \/>\nUtilizzata come trattamento per il cancro e come gamma di altri disturbi, l&#8217;olio si chiama olio di cannabis Rick Simpson e olio di canapa Rick Simpson. L&#8217;olio sfrutta i poteri curativi della pianta di cannabis, parti della quale sono state utilizzate per scopi medicinali per secoli. L&#8217;olio \u00e8 uno dei prodotti curativi moderni pi\u00f9 efficaci derivati \u200b\u200bdalla pianta di cannabis.<\/p>\n<p>non solo puoi imparare a fare l&#8217;olio da solo, ma puoi facilmente acquistare olio di cannabis pronto per l&#8217;uso ai migliori prezzi.<\/p>\n<p>Ricetta dell&#8217;olio di Rick Simpson<br \/>\nMolte persone stanno cercando la ricetta dell&#8217;olio di Rick Simpson per creare la cura per il cancro e molte altre condizioni. Di seguito \u00e8 riportata la procedura per produrre l&#8217;olio di cannabis di Rick Simpson. Puoi seguire le istruzioni, ma tieni presente che trovare legalmente la pianta di cannabis e la sua fibra (canapa) \u00e8 abbastanza difficile. Questo \u00e8 il motivo per cui forniamo sia la ricetta dell&#8217;olio di Rick Simpson che l&#8217;olio stesso per iniziare a usarlo appena estratto dalla bottiglia.<\/p>\n<p>Come fare l&#8217;olio di cannabis di Rick Simpson<br \/>\nImportante: fai MOLTA attenzione quando far bollire il solvente. Non utilizzare piani cottura o elementi riscaldanti roventi. Inoltre, evita scintille, fumo e assicurati di utilizzare un ventilatore per allontanare i fumi dalla pentola. L&#8217;intero processo dovrebbe essere svolto in un&#8217;area ben ventilata.<\/p>\n<p>1. Metti la pianta completamente essiccata in un contenitore di plastica.<\/p>\n<p>2. Utilizzare un solvente (etere, nafta pura, butano, alcool opropilico al 99% o acqua) per inumidire il materiale. Per un chilo di materiale, saranno necessari due litri di solvente. Per 1 oncia, 500 ml sono sufficienti.<\/p>\n<p>3. Usa un bastoncino di legno pulito (non trattato) per schiacciare la pianta.Puoi usare anche un altro strumento simile.<\/p>\n<p>4. Immergi completamente il materiale vegetale con il solvente mentre continui a frantumare. Mescola la miscela per tre minuti.<\/p>\n<p>5. Versa il composto in un altro contenitore.<\/p>\n<p>6. Aggiungi altro solvente alla miscela e poi mescola per altri tre minuti.<\/p>\n<p>7. Versa questa miscela di olio solvente nel secchio.<\/p>\n<p>8. Rimuovi il materiale vegetale.<\/p>\n<p>9. Usando un filtro per caff\u00e8, versa il composto in un altro contenitore pulito.<\/p>\n<p>10. Fai bollire il solvente. Assicurati di essere sempre al sicuro. Un cuociriso ti aiuter\u00e0 a farlo perfettamente.<\/p>\n<p>11. Riempire il 75% del fornello con il solvente e accenderlo a fuoco ALTO. Continuare ad aggiungere la miscela mentre il solvente evapora. Versa tutto il composto nella pentola.<\/p>\n<p>12. Quando il livello della miscela scende per l&#8217;ultima volta, aggiungi un po&#8217; d&#8217;acqua (10 gocce per 1 libbra di materiale secco).<\/p>\n<p>13. Prendi la pentola (usa i guanti da forno) e agita il composto quando ne rimane un centimetro.<\/p>\n<p>14. Ruotare l&#8217;unit\u00e0 a fuoco BASSO dopo aver fatto bollire il solvente. Tieni presente che l&#8217;olio deve rimanere sempre sotto i 140\u00b0C (290\u00b0F).<\/p>\n<p>15. Versare con cura l&#8217;olio in un contenitore di acciaio inossidabile.<\/p>\n<p>16. Metti questo contenitore in un disidratatore o su un dispositivo di riscaldamento delicato come uno scaldacaff\u00e8. Aspetta che i terpeni volatili e l&#8217;acqua evaporino. Una volta che l&#8217;attivit\u00e0 superficiale si esaurisce nell&#8217;olio, \u00e8 pronto per l&#8217;uso.<\/p>\n<p>17. Riempi l&#8217;olio in una siringa di plastica o in qualsiasi altro contenitore a tua scelta.<\/p>\n<p>Materiale di cannabis e olio di canapa di Rick Simpson in vendita<br \/>\nSe sei per un metodo pi\u00f9 semplice per ottenere l&#8217;incredibile olio di canapa di Rick Simpson , acquistalo facilmente qui ai prezzi pi\u00f9 ragionevoli che puoi trovare online.<\/p>\n<p>Ti offriamo cannabis di alta qualit\u00e0 per produrre l&#8217;olio di cannabis Risk Simpson proprio qui. Puoi anche acquistare l&#8217;olio pronto all&#8217;uso ai migliori prezzi. Dicci di cosa hai bisogno e ti aiuteremo ad avvicinarti molto di pi\u00f9 a sconfiggere il cancro o altri disturbi che desideri sconfiggere.<\/p>\n<p>&nbsp;<\/p>\n","protected":false},"excerpt":{"rendered":"<ul>\n<li>Spedizione in tutto il mondo<\/li>\n<li><strong>Contattaci<\/strong>\u00a0per ordini pi\u00f9 grandi<\/li>\n<\/ul>\n<p>Forniamo prodotti di elevata purezza con una spedizione molto buona e discreta sistema. Con esperienza di 12 anni con consegna in prodotti chimici di ricerca; ci concentriamo sulla sicurezza.<\/p>\n<p>Siamo affidabili, affidabili, consegne rapide e prodotti di alta qualit\u00e0 solo a un prezzo accessibile.<\/p>\n","protected":false},"featured_media":8328,"comment_status":"open","ping_status":"closed","template":"","meta":{"inline_featured_image":false},"product_brand":[],"product_cat":[61],"product_tag":[571,564,558,561,563,559,557,570,551,552,554,556,555,560,562,584,543,574,575,581,541,548,545,547,565,568,579,578,549,572,544,546,583,573,553,566,567,550,542,582,580,577,576],"class_list":{"0":"post-8320","1":"product","2":"type-product","3":"status-publish","4":"has-post-thumbnail","6":"product_cat-prodotti-a-base-di-cannabis","7":"product_tag-acquista-olio-di-cbd-legale-online","8":"product_tag-acquista-olio-di-cbd-online-edmonton","9":"product_tag-acquista-olio-di-cbd-online-europa","10":"product_tag-acquista-olio-di-cbd-online-francia","11":"product_tag-comprare-olio-cbd-online-spagna","12":"product_tag-compra-olio-di-cbd-online-ny","13":"product_tag-acquista-olio-di-cbd-online-spedizione-internazionale","14":"product_tag-acquista-olio-di-cbd-sunmed-online","15":"product_tag-cannabidiolo-comprare","16":"product_tag-benefici-dellolio-di-cbd","17":"product_tag-best-cbd-oil","18":"product_tag-buy-cbd-oil-online-alberta","19":"product_tag-buy-cbd-oil-online-california","20":"product_tag-buy-cbd-oil-online-canada-reddit","21":"product_tag-buy-cbd-oil-online-coupon","22":"product_tag-buy-rso-cannabis-oil","23":"product_tag-cbd-oil-for-pain","24":"product_tag-cbd-oil-near-me","25":"product_tag-cbd-oil-reviews","26":"product_tag-cbd-rso-effects","27":"product_tag-compra-cbd-olio","28":"product_tag-comprare-olio-di-cbd-allingrosso","29":"product_tag-acquista-olio-di-cbd-amazon","30":"product_tag-acquista-olio-di-cbd-online","31":"product_tag--legale-acquistare-olio-di-cbd-online","32":"product_tag--sicuro-acquistare-olio-di-cbd-online","33":"product_tag-high-cbd-rso","34":"product_tag-rso-online","35":"product_tag-olio-di-cbd","36":"product_tag-cbd-olio-amazon","37":"product_tag-olio-cbd-organico","38":"product_tag-cbd-olio-per-ansia","39":"product_tag-rick-simpson-olio-comprare-florida","40":"product_tag-royal-cbd-olio","41":"product_tag-prodotti-cbd","42":"product_tag-puoi-acquistare-olio-di-cbd-online-legalmente","43":"product_tag-puoi-acquistare-olio-di-cbd-online-regno-unito","44":"product_tag-pure-natural-cbd-oil","45":"product_tag-puro-cbd-olio","46":"product_tag-rso-oil-for-sale-in-ohio","47":"product_tag-rso-oil-price","48":"product_tag-rso-cbd-olio-per-ansia","49":"product_tag-rso-olio-per-dolore","51":"first","52":"instock","53":"shipping-taxable","54":"purchasable","55":"product-type-variable","56":"has-default-attributes"},"yoast_head":"<!-- This site is optimized with the Yoast SEO Premium plugin v19.2 (Yoast SEO v27.3) - https:\/\/yoast.com\/product\/yoast-seo-premium-wordpress\/ -->\n<title>Acquista l&#039;olio di CBD di Rick Simpson - Everyday Chem Shop<\/title>\n<meta name=\"description\" content=\"Acquista l&#039;olio di CBD di Rick Simpson online. Vendiamo olio di CBD Rick Simpson (RSO) di alta qualit\u00e0. Si prega di contattare per maggiori informazioni sui prezzi e su come ordinare.\" \/>\n<meta name=\"robots\" content=\"index, follow, max-snippet:-1, max-image-preview:large, max-video-preview:-1\" \/>\n<link rel=\"canonical\" href=\"https:\/\/everydaychemshop.com\/it\/product\/rick-simpson-oil-compra-rso-cbd-oil\/\" \/>\n<meta property=\"og:locale\" content=\"en_US\" \/>\n<meta property=\"og:type\" content=\"article\" \/>\n<meta property=\"og:title\" content=\"Olio di Rick Simpson | Acquista olio di CBD RSO\" \/>\n<meta property=\"og:description\" content=\"Acquista l&#039;olio di CBD di Rick Simpson online. Vendiamo olio di CBD Rick Simpson (RSO) di alta qualit\u00e0. Si prega di contattare per maggiori informazioni sui prezzi e su come ordinare.\" \/>\n<meta property=\"og:url\" content=\"https:\/\/everydaychemshop.com\/it\/product\/rick-simpson-oil-compra-rso-cbd-oil\/\" \/>\n<meta property=\"og:site_name\" content=\"Everyday Chem Shop\" \/>\n<meta property=\"article:modified_time\" content=\"2023-04-06T20:23:10+00:00\" \/>\n<meta property=\"og:image\" content=\"https:\/\/everydaychemshop.com\/it\/wp-content\/uploads\/sites\/6\/2022\/11\/Buy-RSO-CBD-Oil.jpg\" \/>\n\t<meta property=\"og:image:width\" content=\"600\" \/>\n\t<meta property=\"og:image:height\" content=\"600\" \/>\n\t<meta property=\"og:image:type\" content=\"image\/jpeg\" \/>\n<meta name=\"twitter:card\" content=\"summary_large_image\" \/>\n<meta name=\"twitter:label1\" content=\"Est. reading time\" \/>\n\t<meta name=\"twitter:data1\" content=\"4 minutes\" \/>\n<script type=\"application\/ld+json\" class=\"yoast-schema-graph\">{\"@context\":\"https:\\\/\\\/schema.org\",\"@graph\":[{\"@type\":\"WebPage\",\"@id\":\"https:\\\/\\\/everydaychemshop.com\\\/it\\\/product\\\/rick-simpson-oil-compra-rso-cbd-oil\\\/\",\"url\":\"https:\\\/\\\/everydaychemshop.com\\\/it\\\/product\\\/rick-simpson-oil-compra-rso-cbd-oil\\\/\",\"name\":\"Acquista l'olio di CBD di Rick Simpson - Everyday Chem Shop\",\"isPartOf\":{\"@id\":\"https:\\\/\\\/everydaychemshop.com\\\/it\\\/#website\"},\"primaryImageOfPage\":{\"@id\":\"https:\\\/\\\/everydaychemshop.com\\\/it\\\/product\\\/rick-simpson-oil-compra-rso-cbd-oil\\\/#primaryimage\"},\"image\":{\"@id\":\"https:\\\/\\\/everydaychemshop.com\\\/it\\\/product\\\/rick-simpson-oil-compra-rso-cbd-oil\\\/#primaryimage\"},\"thumbnailUrl\":\"https:\\\/\\\/everydaychemshop.com\\\/it\\\/wp-content\\\/uploads\\\/sites\\\/6\\\/2022\\\/11\\\/Buy-RSO-CBD-Oil.jpg\",\"datePublished\":\"2022-11-20T07:45:50+00:00\",\"dateModified\":\"2023-04-06T20:23:10+00:00\",\"description\":\"Acquista l'olio di CBD di Rick Simpson online. Vendiamo olio di CBD Rick Simpson (RSO) di alta qualit\u00e0. Si prega di contattare per maggiori informazioni sui prezzi e su come ordinare.\",\"breadcrumb\":{\"@id\":\"https:\\\/\\\/everydaychemshop.com\\\/it\\\/product\\\/rick-simpson-oil-compra-rso-cbd-oil\\\/#breadcrumb\"},\"inLanguage\":\"en-US\",\"potentialAction\":[{\"@type\":\"ReadAction\",\"target\":[\"https:\\\/\\\/everydaychemshop.com\\\/it\\\/product\\\/rick-simpson-oil-compra-rso-cbd-oil\\\/\"]}]},{\"@type\":\"ImageObject\",\"inLanguage\":\"en-US\",\"@id\":\"https:\\\/\\\/everydaychemshop.com\\\/it\\\/product\\\/rick-simpson-oil-compra-rso-cbd-oil\\\/#primaryimage\",\"url\":\"https:\\\/\\\/everydaychemshop.com\\\/it\\\/wp-content\\\/uploads\\\/sites\\\/6\\\/2022\\\/11\\\/Buy-RSO-CBD-Oil.jpg\",\"contentUrl\":\"https:\\\/\\\/everydaychemshop.com\\\/it\\\/wp-content\\\/uploads\\\/sites\\\/6\\\/2022\\\/11\\\/Buy-RSO-CBD-Oil.jpg\",\"width\":600,\"height\":600,\"caption\":\"Acquista l'olio di CBD di Rick Simpson online\"},{\"@type\":\"BreadcrumbList\",\"@id\":\"https:\\\/\\\/everydaychemshop.com\\\/it\\\/product\\\/rick-simpson-oil-compra-rso-cbd-oil\\\/#breadcrumb\",\"itemListElement\":[{\"@type\":\"ListItem\",\"position\":1,\"name\":\"Home\",\"item\":\"https:\\\/\\\/everydaychemshop.com\\\/it\\\/\"},{\"@type\":\"ListItem\",\"position\":2,\"name\":\"Prodotti\",\"item\":\"https:\\\/\\\/everydaychemshop.com\\\/it\\\/prodotti\\\/\"},{\"@type\":\"ListItem\",\"position\":3,\"name\":\"Olio di Rick Simpson | Acquista olio di CBD RSO\"}]},{\"@type\":\"WebSite\",\"@id\":\"https:\\\/\\\/everydaychemshop.com\\\/it\\\/#website\",\"url\":\"https:\\\/\\\/everydaychemshop.com\\\/it\\\/\",\"name\":\"Everyday Chem Shop\",\"description\":\"\",\"potentialAction\":[{\"@type\":\"SearchAction\",\"target\":{\"@type\":\"EntryPoint\",\"urlTemplate\":\"https:\\\/\\\/everydaychemshop.com\\\/it\\\/?s={search_term_string}\"},\"query-input\":{\"@type\":\"PropertyValueSpecification\",\"valueRequired\":true,\"valueName\":\"search_term_string\"}}],\"inLanguage\":\"en-US\"}]}<\/script>\n<!-- \/ Yoast SEO Premium plugin. -->","yoast_head_json":{"title":"Acquista l'olio di CBD di Rick Simpson - Everyday Chem Shop","description":"Acquista l'olio di CBD di Rick Simpson online. Vendiamo olio di CBD Rick Simpson (RSO) di alta qualit\u00e0. Si prega di contattare per maggiori informazioni sui prezzi e su come ordinare.","robots":{"index":"index","follow":"follow","max-snippet":"max-snippet:-1","max-image-preview":"max-image-preview:large","max-video-preview":"max-video-preview:-1"},"canonical":"https:\/\/everydaychemshop.com\/it\/product\/rick-simpson-oil-compra-rso-cbd-oil\/","og_locale":"en_US","og_type":"article","og_title":"Olio di Rick Simpson | Acquista olio di CBD RSO","og_description":"Acquista l'olio di CBD di Rick Simpson online. Vendiamo olio di CBD Rick Simpson (RSO) di alta qualit\u00e0. Si prega di contattare per maggiori informazioni sui prezzi e su come ordinare.","og_url":"https:\/\/everydaychemshop.com\/it\/product\/rick-simpson-oil-compra-rso-cbd-oil\/","og_site_name":"Everyday Chem Shop","article_modified_time":"2023-04-06T20:23:10+00:00","og_image":[{"width":600,"height":600,"url":"https:\/\/everydaychemshop.com\/it\/wp-content\/uploads\/sites\/6\/2022\/11\/Buy-RSO-CBD-Oil.jpg","type":"image\/jpeg"}],"twitter_card":"summary_large_image","twitter_misc":{"Est. reading time":"4 minutes"},"schema":{"@context":"https:\/\/schema.org","@graph":[{"@type":"WebPage","@id":"https:\/\/everydaychemshop.com\/it\/product\/rick-simpson-oil-compra-rso-cbd-oil\/","url":"https:\/\/everydaychemshop.com\/it\/product\/rick-simpson-oil-compra-rso-cbd-oil\/","name":"Acquista l'olio di CBD di Rick Simpson - Everyday Chem Shop","isPartOf":{"@id":"https:\/\/everydaychemshop.com\/it\/#website"},"primaryImageOfPage":{"@id":"https:\/\/everydaychemshop.com\/it\/product\/rick-simpson-oil-compra-rso-cbd-oil\/#primaryimage"},"image":{"@id":"https:\/\/everydaychemshop.com\/it\/product\/rick-simpson-oil-compra-rso-cbd-oil\/#primaryimage"},"thumbnailUrl":"https:\/\/everydaychemshop.com\/it\/wp-content\/uploads\/sites\/6\/2022\/11\/Buy-RSO-CBD-Oil.jpg","datePublished":"2022-11-20T07:45:50+00:00","dateModified":"2023-04-06T20:23:10+00:00","description":"Acquista l'olio di CBD di Rick Simpson online. Vendiamo olio di CBD Rick Simpson (RSO) di alta qualit\u00e0. Si prega di contattare per maggiori informazioni sui prezzi e su come ordinare.","breadcrumb":{"@id":"https:\/\/everydaychemshop.com\/it\/product\/rick-simpson-oil-compra-rso-cbd-oil\/#breadcrumb"},"inLanguage":"en-US","potentialAction":[{"@type":"ReadAction","target":["https:\/\/everydaychemshop.com\/it\/product\/rick-simpson-oil-compra-rso-cbd-oil\/"]}]},{"@type":"ImageObject","inLanguage":"en-US","@id":"https:\/\/everydaychemshop.com\/it\/product\/rick-simpson-oil-compra-rso-cbd-oil\/#primaryimage","url":"https:\/\/everydaychemshop.com\/it\/wp-content\/uploads\/sites\/6\/2022\/11\/Buy-RSO-CBD-Oil.jpg","contentUrl":"https:\/\/everydaychemshop.com\/it\/wp-content\/uploads\/sites\/6\/2022\/11\/Buy-RSO-CBD-Oil.jpg","width":600,"height":600,"caption":"Acquista l'olio di CBD di Rick Simpson online"},{"@type":"BreadcrumbList","@id":"https:\/\/everydaychemshop.com\/it\/product\/rick-simpson-oil-compra-rso-cbd-oil\/#breadcrumb","itemListElement":[{"@type":"ListItem","position":1,"name":"Home","item":"https:\/\/everydaychemshop.com\/it\/"},{"@type":"ListItem","position":2,"name":"Prodotti","item":"https:\/\/everydaychemshop.com\/it\/prodotti\/"},{"@type":"ListItem","position":3,"name":"Olio di Rick Simpson | Acquista olio di CBD RSO"}]},{"@type":"WebSite","@id":"https:\/\/everydaychemshop.com\/it\/#website","url":"https:\/\/everydaychemshop.com\/it\/","name":"Everyday Chem Shop","description":"","potentialAction":[{"@type":"SearchAction","target":{"@type":"EntryPoint","urlTemplate":"https:\/\/everydaychemshop.com\/it\/?s={search_term_string}"},"query-input":{"@type":"PropertyValueSpecification","valueRequired":true,"valueName":"search_term_string"}}],"inLanguage":"en-US"}]}},"_links":{"self":[{"href":"https:\/\/everydaychemshop.com\/it\/wp-json\/wp\/v2\/product\/8320","targetHints":{"allow":["GET"]}}],"collection":[{"href":"https:\/\/everydaychemshop.com\/it\/wp-json\/wp\/v2\/product"}],"about":[{"href":"https:\/\/everydaychemshop.com\/it\/wp-json\/wp\/v2\/types\/product"}],"replies":[{"embeddable":true,"href":"https:\/\/everydaychemshop.com\/it\/wp-json\/wp\/v2\/comments?post=8320"}],"wp:featuredmedia":[{"embeddable":true,"href":"https:\/\/everydaychemshop.com\/it\/wp-json\/wp\/v2\/media\/8328"}],"wp:attachment":[{"href":"https:\/\/everydaychemshop.com\/it\/wp-json\/wp\/v2\/media?parent=8320"}],"wp:term":[{"taxonomy":"product_brand","embeddable":true,"href":"https:\/\/everydaychemshop.com\/it\/wp-json\/wp\/v2\/product_brand?post=8320"},{"taxonomy":"product_cat","embeddable":true,"href":"https:\/\/everydaychemshop.com\/it\/wp-json\/wp\/v2\/product_cat?post=8320"},{"taxonomy":"product_tag","embeddable":true,"href":"https:\/\/everydaychemshop.com\/it\/wp-json\/wp\/v2\/product_tag?post=8320"}],"curies":[{"name":"wp","href":"https:\/\/api.w.org\/{rel}","templated":true}]}}