{"id":8341,"date":"2022-11-22T22:43:59","date_gmt":"2022-11-22T22:43:59","guid":{"rendered":"https:\/\/everydaychemshop.com\/it\/?post_type=product&#038;p=8341"},"modified":"2023-04-06T20:19:58","modified_gmt":"2023-04-06T20:19:58","slug":"olio-estratto-di-cbd-premium-co2","status":"publish","type":"product","link":"https:\/\/everydaychemshop.com\/it\/product\/olio-estratto-di-cbd-premium-co2\/","title":{"rendered":"Olio estratto di CBD Premium CO2"},"content":{"rendered":"<h1>Olio estratto di CBD Premium CO2 online<\/h1>\n<p><a href=\"https:\/\/everydaychemshop.com\/it\/product\/olio-estratto-di-cbd-premium-co2\/\">Olio estratto di CBD Premium CO2 online<\/a>. I cannabinoidi vengono raccolti durante l&#8217;estrazione di CO2. Il che sembra produrre un olio che \u00e8 molto pi\u00f9 facile da inalare senza asperit\u00e0.<br \/>\nQuesto particolare lotto di medicinale \u00e8 derivato dall&#8217;ACDC, una variet\u00e0 di cannabis nota per essere ricca di CBD.<\/p>\n<p>&nbsp;<\/p>\n<p>I cannabinoidi sono stati raccolti durante l&#8217;estrazione di CO2. Questo sembra creare un olio molto pi\u00f9 facile da inalare senza essere aspro.<br \/>\nQuesto particolare lotto di farmaci \u00e8 prodotto dall&#8217;ACDC, <a href=\"https:\/\/it.wikipedia.org\/wiki\/Cannabidiolo\">una<\/a> variet\u00e0 di cannabis nota per essere testata per alti livelli di CBD.<\/p>\n<p>Le nostre cartucce di olio per vape sono tra le pi\u00f9 potenti sul mercato. Quello che vedi \u00e8 quello che sbadigli. I nostri test di laboratorio per ogni lotto sono stampati sulla confezione e la maggior parte dei lotti testa oltre il 70% di THC. Inoltre, il gusto e l&#8217;estrazione delle nostre cartucce \u00e8 molto delicato grazie al nostro processo naturale in cui utilizziamo terpeni che si trovano naturalmente nei fiori. ma<\/p>\n<p>Acquista cartuccia olio con THC Vape Pen, cartuccia THC in vendita online, cartuccia olio per penna Vape, cartuccia preriempita con olio di hashish in vendita<\/p>\n<p>Il nostro olio \u00e8 uno dei pi\u00f9 forti su il mercato. A differenza di molti altri marchi che ti danno una resa grezza poi diluita, con Pure quello che vedi \u00e8 quello che vaporizzi. I nostri test di laboratorio per ogni lotto sono stampati sulla confezione e la maggior parte dei lotti testa oltre il 70% di THC. Inoltre, il gusto e l&#8217;estrazione delle nostre cartucce sono molto delicati grazie al nostro processo naturale in cui utilizziamo terpeni che si trovano naturalmente nei fiori.<\/p>\n","protected":false},"excerpt":{"rendered":"<p>Olio estratto con CO2 premium ad alto contenuto di CBD presso Green Valley CBD USA. Olio CO2 premium ad alto contenuto di CBD. Cannabinoidi attivi totali: 80% THC: 24% CBD: 56% Cartuccia di olio di marijuana per estrazione di CO2. 80%<br \/>\nTHC: 24%<br \/>\nCBD: 56%<\/p>\n<h3>Acquista cartucce di olio di cannabis THC<\/h3>\n<p>il prezzo del prodotto \u00e8 come: per cartuccia da 1 g<br \/>\n<strong>La quantit\u00e0 minima ordinabile \u00e8: 3 cartucce<\/strong><\/p>\n","protected":false},"featured_media":8349,"comment_status":"open","ping_status":"closed","template":"","meta":{"inline_featured_image":false},"product_brand":[],"product_cat":[61],"product_tag":[627,626,641,623,629,624,628,632,631,625,638,633,630,622,640,639,636,642,643,637,634,635],"class_list":{"0":"post-8341","1":"product","2":"type-product","3":"status-publish","4":"has-post-thumbnail","6":"product_cat-prodotti-a-base-di-cannabis","7":"product_tag-acquista-cbd-premium-co2","8":"product_tag-acquista-cbd-premium-co2-estratto-online","9":"product_tag-acquista-cbd-premium-co2-estratto-online-usa","10":"product_tag-acquista-cbd-premium-co2-online","11":"product_tag-acquista-high-cbd-premium-co2","12":"product_tag-acquista-cbd-premium-olio-estratto-di-co2-online","13":"product_tag-acquistare-co2-estratto-di-olio-di-cannabis","14":"product_tag-acquista-olio-estratto-di-co2-premium-ad-alto-cbd","15":"product_tag-comprare-co2-olio-estratto","16":"product_tag-comprare-olio-estratto-di-co2-online-usa","17":"product_tag-alto-alto-cbd-premium-in-vendita","18":"product_tag-buy-cbd-premium-co2-extracted","19":"product_tag-buy-high-cbd-premium-co2-extracted-oil-online","20":"product_tag-buy-high-cbd-premium-co2-extracted-oil-online-usa-cbd-premium-co2-extracted-oil-for-sale-online","21":"product_tag-cbd-premium-co2-estratto-legale-negli-usa","22":"product_tag-co2-extracted-oil","23":"product_tag-co2-olio-estratto-in-vendita","24":"product_tag-come-ordinare-cbd-premium-co2-estratto","25":"product_tag--cbd-premium-co2-estratto-legale-in-canada","26":"product_tag-olio-di-cannabis-high-thc-in-vendita","27":"product_tag-olio-estratto-di-cbd-premium-co2","28":"product_tag-cbd-premium-co2-olio-estratto-in-vendita","30":"first","31":"instock","32":"shipping-taxable","33":"purchasable","34":"product-type-variable","35":"has-default-attributes"},"yoast_head":"<!-- This site is optimized with the Yoast SEO Premium plugin v19.2 (Yoast SEO v27.3) - https:\/\/yoast.com\/product\/yoast-seo-premium-wordpress\/ -->\n<title>Olio estratto di CBD Premium CO2 online - Everyday Chem Shop<\/title>\n<meta name=\"description\" content=\"Olio estratto di CBD Premium CO2 online. Puoi acquistare l&#039;olio estratto di CBD Premium CO2 online negli Stati Uniti online. Contattare per maggiori info e prezzi.\" \/>\n<meta name=\"robots\" content=\"index, follow, max-snippet:-1, max-image-preview:large, max-video-preview:-1\" \/>\n<link rel=\"canonical\" href=\"https:\/\/everydaychemshop.com\/it\/product\/olio-estratto-di-cbd-premium-co2\/\" \/>\n<meta property=\"og:locale\" content=\"en_US\" \/>\n<meta property=\"og:type\" content=\"article\" \/>\n<meta property=\"og:title\" content=\"Olio estratto di CBD Premium CO2\" \/>\n<meta property=\"og:description\" content=\"Olio estratto di CBD Premium CO2 online. Puoi acquistare l&#039;olio estratto di CBD Premium CO2 online negli Stati Uniti online. Contattare per maggiori info e prezzi.\" \/>\n<meta property=\"og:url\" content=\"https:\/\/everydaychemshop.com\/it\/product\/olio-estratto-di-cbd-premium-co2\/\" \/>\n<meta property=\"og:site_name\" content=\"Everyday Chem Shop\" \/>\n<meta property=\"article:modified_time\" content=\"2023-04-06T20:19:58+00:00\" \/>\n<meta property=\"og:image\" content=\"https:\/\/everydaychemshop.com\/it\/wp-content\/uploads\/sites\/6\/2022\/11\/Buy-High-CBD-Premium-CO2-Extracted-Oil-Online-USA.jpg\" \/>\n\t<meta property=\"og:image:width\" content=\"600\" \/>\n\t<meta property=\"og:image:height\" content=\"600\" \/>\n\t<meta property=\"og:image:type\" content=\"image\/jpeg\" \/>\n<meta name=\"twitter:card\" content=\"summary_large_image\" \/>\n<meta name=\"twitter:label1\" content=\"Est. reading time\" \/>\n\t<meta name=\"twitter:data1\" content=\"2 minutes\" \/>\n<script type=\"application\/ld+json\" class=\"yoast-schema-graph\">{\"@context\":\"https:\\\/\\\/schema.org\",\"@graph\":[{\"@type\":\"WebPage\",\"@id\":\"https:\\\/\\\/everydaychemshop.com\\\/it\\\/product\\\/olio-estratto-di-cbd-premium-co2\\\/\",\"url\":\"https:\\\/\\\/everydaychemshop.com\\\/it\\\/product\\\/olio-estratto-di-cbd-premium-co2\\\/\",\"name\":\"Olio estratto di CBD Premium CO2 online - Everyday Chem Shop\",\"isPartOf\":{\"@id\":\"https:\\\/\\\/everydaychemshop.com\\\/it\\\/#website\"},\"primaryImageOfPage\":{\"@id\":\"https:\\\/\\\/everydaychemshop.com\\\/it\\\/product\\\/olio-estratto-di-cbd-premium-co2\\\/#primaryimage\"},\"image\":{\"@id\":\"https:\\\/\\\/everydaychemshop.com\\\/it\\\/product\\\/olio-estratto-di-cbd-premium-co2\\\/#primaryimage\"},\"thumbnailUrl\":\"https:\\\/\\\/everydaychemshop.com\\\/it\\\/wp-content\\\/uploads\\\/sites\\\/6\\\/2022\\\/11\\\/Buy-High-CBD-Premium-CO2-Extracted-Oil-Online-USA.jpg\",\"datePublished\":\"2022-11-22T22:43:59+00:00\",\"dateModified\":\"2023-04-06T20:19:58+00:00\",\"description\":\"Olio estratto di CBD Premium CO2 online. Puoi acquistare l'olio estratto di CBD Premium CO2 online negli Stati Uniti online. Contattare per maggiori info e prezzi.\",\"breadcrumb\":{\"@id\":\"https:\\\/\\\/everydaychemshop.com\\\/it\\\/product\\\/olio-estratto-di-cbd-premium-co2\\\/#breadcrumb\"},\"inLanguage\":\"en-US\",\"potentialAction\":[{\"@type\":\"ReadAction\",\"target\":[\"https:\\\/\\\/everydaychemshop.com\\\/it\\\/product\\\/olio-estratto-di-cbd-premium-co2\\\/\"]}]},{\"@type\":\"ImageObject\",\"inLanguage\":\"en-US\",\"@id\":\"https:\\\/\\\/everydaychemshop.com\\\/it\\\/product\\\/olio-estratto-di-cbd-premium-co2\\\/#primaryimage\",\"url\":\"https:\\\/\\\/everydaychemshop.com\\\/it\\\/wp-content\\\/uploads\\\/sites\\\/6\\\/2022\\\/11\\\/Buy-High-CBD-Premium-CO2-Extracted-Oil-Online-USA.jpg\",\"contentUrl\":\"https:\\\/\\\/everydaychemshop.com\\\/it\\\/wp-content\\\/uploads\\\/sites\\\/6\\\/2022\\\/11\\\/Buy-High-CBD-Premium-CO2-Extracted-Oil-Online-USA.jpg\",\"width\":600,\"height\":600,\"caption\":\"Olio estratto di CBD Premium CO2 online\"},{\"@type\":\"BreadcrumbList\",\"@id\":\"https:\\\/\\\/everydaychemshop.com\\\/it\\\/product\\\/olio-estratto-di-cbd-premium-co2\\\/#breadcrumb\",\"itemListElement\":[{\"@type\":\"ListItem\",\"position\":1,\"name\":\"Home\",\"item\":\"https:\\\/\\\/everydaychemshop.com\\\/it\\\/\"},{\"@type\":\"ListItem\",\"position\":2,\"name\":\"Prodotti\",\"item\":\"https:\\\/\\\/everydaychemshop.com\\\/it\\\/prodotti\\\/\"},{\"@type\":\"ListItem\",\"position\":3,\"name\":\"Olio estratto di CBD Premium CO2\"}]},{\"@type\":\"WebSite\",\"@id\":\"https:\\\/\\\/everydaychemshop.com\\\/it\\\/#website\",\"url\":\"https:\\\/\\\/everydaychemshop.com\\\/it\\\/\",\"name\":\"Everyday Chem Shop\",\"description\":\"\",\"potentialAction\":[{\"@type\":\"SearchAction\",\"target\":{\"@type\":\"EntryPoint\",\"urlTemplate\":\"https:\\\/\\\/everydaychemshop.com\\\/it\\\/?s={search_term_string}\"},\"query-input\":{\"@type\":\"PropertyValueSpecification\",\"valueRequired\":true,\"valueName\":\"search_term_string\"}}],\"inLanguage\":\"en-US\"}]}<\/script>\n<!-- \/ Yoast SEO Premium plugin. -->","yoast_head_json":{"title":"Olio estratto di CBD Premium CO2 online - Everyday Chem Shop","description":"Olio estratto di CBD Premium CO2 online. Puoi acquistare l'olio estratto di CBD Premium CO2 online negli Stati Uniti online. Contattare per maggiori info e prezzi.","robots":{"index":"index","follow":"follow","max-snippet":"max-snippet:-1","max-image-preview":"max-image-preview:large","max-video-preview":"max-video-preview:-1"},"canonical":"https:\/\/everydaychemshop.com\/it\/product\/olio-estratto-di-cbd-premium-co2\/","og_locale":"en_US","og_type":"article","og_title":"Olio estratto di CBD Premium CO2","og_description":"Olio estratto di CBD Premium CO2 online. Puoi acquistare l'olio estratto di CBD Premium CO2 online negli Stati Uniti online. Contattare per maggiori info e prezzi.","og_url":"https:\/\/everydaychemshop.com\/it\/product\/olio-estratto-di-cbd-premium-co2\/","og_site_name":"Everyday Chem Shop","article_modified_time":"2023-04-06T20:19:58+00:00","og_image":[{"width":600,"height":600,"url":"https:\/\/everydaychemshop.com\/it\/wp-content\/uploads\/sites\/6\/2022\/11\/Buy-High-CBD-Premium-CO2-Extracted-Oil-Online-USA.jpg","type":"image\/jpeg"}],"twitter_card":"summary_large_image","twitter_misc":{"Est. reading time":"2 minutes"},"schema":{"@context":"https:\/\/schema.org","@graph":[{"@type":"WebPage","@id":"https:\/\/everydaychemshop.com\/it\/product\/olio-estratto-di-cbd-premium-co2\/","url":"https:\/\/everydaychemshop.com\/it\/product\/olio-estratto-di-cbd-premium-co2\/","name":"Olio estratto di CBD Premium CO2 online - Everyday Chem Shop","isPartOf":{"@id":"https:\/\/everydaychemshop.com\/it\/#website"},"primaryImageOfPage":{"@id":"https:\/\/everydaychemshop.com\/it\/product\/olio-estratto-di-cbd-premium-co2\/#primaryimage"},"image":{"@id":"https:\/\/everydaychemshop.com\/it\/product\/olio-estratto-di-cbd-premium-co2\/#primaryimage"},"thumbnailUrl":"https:\/\/everydaychemshop.com\/it\/wp-content\/uploads\/sites\/6\/2022\/11\/Buy-High-CBD-Premium-CO2-Extracted-Oil-Online-USA.jpg","datePublished":"2022-11-22T22:43:59+00:00","dateModified":"2023-04-06T20:19:58+00:00","description":"Olio estratto di CBD Premium CO2 online. Puoi acquistare l'olio estratto di CBD Premium CO2 online negli Stati Uniti online. Contattare per maggiori info e prezzi.","breadcrumb":{"@id":"https:\/\/everydaychemshop.com\/it\/product\/olio-estratto-di-cbd-premium-co2\/#breadcrumb"},"inLanguage":"en-US","potentialAction":[{"@type":"ReadAction","target":["https:\/\/everydaychemshop.com\/it\/product\/olio-estratto-di-cbd-premium-co2\/"]}]},{"@type":"ImageObject","inLanguage":"en-US","@id":"https:\/\/everydaychemshop.com\/it\/product\/olio-estratto-di-cbd-premium-co2\/#primaryimage","url":"https:\/\/everydaychemshop.com\/it\/wp-content\/uploads\/sites\/6\/2022\/11\/Buy-High-CBD-Premium-CO2-Extracted-Oil-Online-USA.jpg","contentUrl":"https:\/\/everydaychemshop.com\/it\/wp-content\/uploads\/sites\/6\/2022\/11\/Buy-High-CBD-Premium-CO2-Extracted-Oil-Online-USA.jpg","width":600,"height":600,"caption":"Olio estratto di CBD Premium CO2 online"},{"@type":"BreadcrumbList","@id":"https:\/\/everydaychemshop.com\/it\/product\/olio-estratto-di-cbd-premium-co2\/#breadcrumb","itemListElement":[{"@type":"ListItem","position":1,"name":"Home","item":"https:\/\/everydaychemshop.com\/it\/"},{"@type":"ListItem","position":2,"name":"Prodotti","item":"https:\/\/everydaychemshop.com\/it\/prodotti\/"},{"@type":"ListItem","position":3,"name":"Olio estratto di CBD Premium CO2"}]},{"@type":"WebSite","@id":"https:\/\/everydaychemshop.com\/it\/#website","url":"https:\/\/everydaychemshop.com\/it\/","name":"Everyday Chem Shop","description":"","potentialAction":[{"@type":"SearchAction","target":{"@type":"EntryPoint","urlTemplate":"https:\/\/everydaychemshop.com\/it\/?s={search_term_string}"},"query-input":{"@type":"PropertyValueSpecification","valueRequired":true,"valueName":"search_term_string"}}],"inLanguage":"en-US"}]}},"_links":{"self":[{"href":"https:\/\/everydaychemshop.com\/it\/wp-json\/wp\/v2\/product\/8341","targetHints":{"allow":["GET"]}}],"collection":[{"href":"https:\/\/everydaychemshop.com\/it\/wp-json\/wp\/v2\/product"}],"about":[{"href":"https:\/\/everydaychemshop.com\/it\/wp-json\/wp\/v2\/types\/product"}],"replies":[{"embeddable":true,"href":"https:\/\/everydaychemshop.com\/it\/wp-json\/wp\/v2\/comments?post=8341"}],"wp:featuredmedia":[{"embeddable":true,"href":"https:\/\/everydaychemshop.com\/it\/wp-json\/wp\/v2\/media\/8349"}],"wp:attachment":[{"href":"https:\/\/everydaychemshop.com\/it\/wp-json\/wp\/v2\/media?parent=8341"}],"wp:term":[{"taxonomy":"product_brand","embeddable":true,"href":"https:\/\/everydaychemshop.com\/it\/wp-json\/wp\/v2\/product_brand?post=8341"},{"taxonomy":"product_cat","embeddable":true,"href":"https:\/\/everydaychemshop.com\/it\/wp-json\/wp\/v2\/product_cat?post=8341"},{"taxonomy":"product_tag","embeddable":true,"href":"https:\/\/everydaychemshop.com\/it\/wp-json\/wp\/v2\/product_tag?post=8341"}],"curies":[{"name":"wp","href":"https:\/\/api.w.org\/{rel}","templated":true}]}}