{"id":8358,"date":"2022-11-22T22:53:32","date_gmt":"2022-11-22T22:53:32","guid":{"rendered":"https:\/\/everydaychemshop.com\/it\/?post_type=product&#038;p=8358"},"modified":"2023-04-06T20:15:29","modified_gmt":"2023-04-06T20:15:29","slug":"acquistare-1000mg-thc-tintura-aromatizzata-keey","status":"publish","type":"product","link":"https:\/\/everydaychemshop.com\/it\/product\/acquistare-1000mg-thc-tintura-aromatizzata-keey\/","title":{"rendered":"tintura aromatizzata al THC da 1000 mg \u2013 Keey"},"content":{"rendered":"<h1>Tintura aromatizzata al THC da 1000 mg &#8211; Keey<\/h1>\n<p><a href=\"https:\/\/everydaychemshop.com\/it\/product\/acquistare-1000mg-thc-tintura-aromatizzata-keey\/\">Tintura aromatizzata al THC da 1000 mg<\/a> \u2013 Keey \u00e8 probabilmente il prodotto pi\u00f9 popolare sul mercato. Questo perch\u00e9 \u00e8 un&#8217;ottima dose sia per i principianti che per i consumatori pesanti, e ti durer\u00e0 a lungo prima che tu ne abbia bisogno di pi\u00f9. Ci sono anche molti benefici per la salute associati all&#8217;uso del THC.<\/p>\n<p>Siamo qui per aiutarti con tutte le tue esigenze e necessit\u00e0. Contatta <a href=\"https:\/\/it.wikipedia.org\/wiki\/Delta-9-tetraidrocannabinolo\">il<\/a> nostro negozio online e fai il tuo acquisto comodamente. Le tue esigenze sono ora a portata di clic. Contattaci immediatamente!<\/p>\n<p>Le tinture di THC possono anche essere aggiunte ai tuoi cibi e rinfreschi preferiti, per le persone che cercano effetti affidabili. Ricorda; in ogni caso, quel piccante pu\u00f2 corrompere i cannabinoidi, quindi aggiungi la tua porzione di THC alla tua cena o rinfresco quando \u00e8 adatto per essere servito<\/p>\n<p>Spedizione in tutto il mondo<br \/>\n1000 mg di THC per 30 ml<br \/>\nMinimo la quantit\u00e0 dell&#8217;ordine \u00e8 2<br \/>\nContattaci per ordini pi\u00f9 grandi<\/p>\n","protected":false},"excerpt":{"rendered":"<p>Le tinture offrono enormi vantaggi rispetto a diverse tecniche per regolare i cannabinoidi clinici. Le nostre tinture Keey THC arrivano in una bottiglia di vetro da 30 ml con un utensile per perline semplice da utilizzare che tiene conto dei dosaggi esatti e controllati senza fallo. Le tinture possono essere controllate in vari modi e propongono un modo attento per le persone di sedare. L&#8217;olio di THC pu\u00f2 essere assunto per via sublinguale, applicando le tinture sotto la lingua e tenendole per qualcosa come 60 secondi per considerare la ritenzione da parte del corridoio sublinguale sotto la lingua. La ricerca ha osservato che questa strategia di trasporto tiene conto che i cannabinoidi risultano essere pi\u00f9 efficaci e prontamente disponibili per l&#8217;assorbimento da parte del corpo all&#8217;interno del sistema circolatorio.<\/p>\n<p>&nbsp;<\/p>\n<ul>\n<li>Spedizione in tutto il mondo<\/li>\n<li>La quantit\u00e0 minima dell&#8217;ordine \u00e8\u00a0<strong>2<\/strong><\/li>\n<li>Contattaci per ordini pi\u00f9 grandi<\/li>\n<\/ul>\n<p>&nbsp;<\/p>\n","protected":false},"featured_media":8360,"comment_status":"open","ping_status":"closed","template":"","meta":{"inline_featured_image":false},"product_brand":[],"product_cat":[61],"product_tag":[669,673,665,676,667,656,671,654,677,666,659,668,672,658,578,678,675,674,653,670,655],"class_list":{"0":"post-8358","1":"product","2":"type-product","3":"status-publish","4":"has-post-thumbnail","6":"product_cat-prodotti-a-base-di-cannabis","7":"product_tag-1000mg-thc-tincture-for-sale","8":"product_tag-1000mg-thc-tincture-for-sale-in-usa","9":"product_tag-acquista-1000mg-tintura-aromatizzata-thc-acquista-tintura-thc","10":"product_tag-acquista-1000mg-thc-tintura-online-usa","11":"product_tag-acquista-thc-tintura-online","12":"product_tag-acquistare","13":"product_tag-buy-tincture-online","14":"product_tag-canada","15":"product_tag-come-ordinare-1000mg-thc-tintura","16":"product_tag-acquista-tintura-aromatizzata","17":"product_tag-consegna-sicura","18":"product_tag-dove-acquistare-1000mg-thc-tintura","19":"product_tag-dove-acquistare-thc-tintura-online","20":"product_tag-fornitori","21":"product_tag-rso-online","22":"product_tag-is-1000mg-thc-tincture-legal-in-canada","23":"product_tag-is-1000mg-thc-tintura-aromatizzata-legale-negli-usa","24":"product_tag-puoi-ancora-ottenere-1000mg-thc-tintura","25":"product_tag-stati-uniti-damerica","26":"product_tag-thc-tintura-in-vendita","27":"product_tag-uk","29":"first","30":"instock","31":"shipping-taxable","32":"purchasable","33":"product-type-simple"},"yoast_head":"<!-- This site is optimized with the Yoast SEO Premium plugin v19.2 (Yoast SEO v27.3) - https:\/\/yoast.com\/product\/yoast-seo-premium-wordpress\/ -->\n<title>Tintura aromatizzata al THC da 1000 mg - Everyday Chem Shop<\/title>\n<meta name=\"description\" content=\"Tintura aromatizzata al THC da 1000 mg. Le tinture offrono enormi vantaggi rispetto a diverse tecniche per regolare i cannabinoidi clinici.\" \/>\n<meta name=\"robots\" content=\"index, follow, max-snippet:-1, max-image-preview:large, max-video-preview:-1\" \/>\n<link rel=\"canonical\" href=\"https:\/\/everydaychemshop.com\/it\/product\/acquistare-1000mg-thc-tintura-aromatizzata-keey\/\" \/>\n<meta property=\"og:locale\" content=\"en_US\" \/>\n<meta property=\"og:type\" content=\"article\" \/>\n<meta property=\"og:title\" content=\"tintura aromatizzata al THC da 1000 mg \u2013 Keey\" \/>\n<meta property=\"og:description\" content=\"Tintura aromatizzata al THC da 1000 mg. Le tinture offrono enormi vantaggi rispetto a diverse tecniche per regolare i cannabinoidi clinici.\" \/>\n<meta property=\"og:url\" content=\"https:\/\/everydaychemshop.com\/it\/product\/acquistare-1000mg-thc-tintura-aromatizzata-keey\/\" \/>\n<meta property=\"og:site_name\" content=\"Everyday Chem Shop\" \/>\n<meta property=\"article:modified_time\" content=\"2023-04-06T20:15:29+00:00\" \/>\n<meta property=\"og:image\" content=\"https:\/\/everydaychemshop.com\/it\/wp-content\/uploads\/sites\/6\/2022\/11\/Buy-1000mg-THC-Flavoured-Tincture.jpg\" \/>\n\t<meta property=\"og:image:width\" content=\"600\" \/>\n\t<meta property=\"og:image:height\" content=\"600\" \/>\n\t<meta property=\"og:image:type\" content=\"image\/jpeg\" \/>\n<meta name=\"twitter:card\" content=\"summary_large_image\" \/>\n<meta name=\"twitter:label1\" content=\"Est. reading time\" \/>\n\t<meta name=\"twitter:data1\" content=\"1 minute\" \/>\n<script type=\"application\/ld+json\" class=\"yoast-schema-graph\">{\"@context\":\"https:\\\/\\\/schema.org\",\"@graph\":[{\"@type\":\"WebPage\",\"@id\":\"https:\\\/\\\/everydaychemshop.com\\\/it\\\/product\\\/acquistare-1000mg-thc-tintura-aromatizzata-keey\\\/\",\"url\":\"https:\\\/\\\/everydaychemshop.com\\\/it\\\/product\\\/acquistare-1000mg-thc-tintura-aromatizzata-keey\\\/\",\"name\":\"Tintura aromatizzata al THC da 1000 mg - Everyday Chem Shop\",\"isPartOf\":{\"@id\":\"https:\\\/\\\/everydaychemshop.com\\\/it\\\/#website\"},\"primaryImageOfPage\":{\"@id\":\"https:\\\/\\\/everydaychemshop.com\\\/it\\\/product\\\/acquistare-1000mg-thc-tintura-aromatizzata-keey\\\/#primaryimage\"},\"image\":{\"@id\":\"https:\\\/\\\/everydaychemshop.com\\\/it\\\/product\\\/acquistare-1000mg-thc-tintura-aromatizzata-keey\\\/#primaryimage\"},\"thumbnailUrl\":\"https:\\\/\\\/everydaychemshop.com\\\/it\\\/wp-content\\\/uploads\\\/sites\\\/6\\\/2022\\\/11\\\/Buy-1000mg-THC-Flavoured-Tincture.jpg\",\"datePublished\":\"2022-11-22T22:53:32+00:00\",\"dateModified\":\"2023-04-06T20:15:29+00:00\",\"description\":\"Tintura aromatizzata al THC da 1000 mg. Le tinture offrono enormi vantaggi rispetto a diverse tecniche per regolare i cannabinoidi clinici.\",\"breadcrumb\":{\"@id\":\"https:\\\/\\\/everydaychemshop.com\\\/it\\\/product\\\/acquistare-1000mg-thc-tintura-aromatizzata-keey\\\/#breadcrumb\"},\"inLanguage\":\"en-US\",\"potentialAction\":[{\"@type\":\"ReadAction\",\"target\":[\"https:\\\/\\\/everydaychemshop.com\\\/it\\\/product\\\/acquistare-1000mg-thc-tintura-aromatizzata-keey\\\/\"]}]},{\"@type\":\"ImageObject\",\"inLanguage\":\"en-US\",\"@id\":\"https:\\\/\\\/everydaychemshop.com\\\/it\\\/product\\\/acquistare-1000mg-thc-tintura-aromatizzata-keey\\\/#primaryimage\",\"url\":\"https:\\\/\\\/everydaychemshop.com\\\/it\\\/wp-content\\\/uploads\\\/sites\\\/6\\\/2022\\\/11\\\/Buy-1000mg-THC-Flavoured-Tincture.jpg\",\"contentUrl\":\"https:\\\/\\\/everydaychemshop.com\\\/it\\\/wp-content\\\/uploads\\\/sites\\\/6\\\/2022\\\/11\\\/Buy-1000mg-THC-Flavoured-Tincture.jpg\",\"width\":600,\"height\":600,\"caption\":\"Tintura aromatizzata al THC da 1000 mg\"},{\"@type\":\"BreadcrumbList\",\"@id\":\"https:\\\/\\\/everydaychemshop.com\\\/it\\\/product\\\/acquistare-1000mg-thc-tintura-aromatizzata-keey\\\/#breadcrumb\",\"itemListElement\":[{\"@type\":\"ListItem\",\"position\":1,\"name\":\"Home\",\"item\":\"https:\\\/\\\/everydaychemshop.com\\\/it\\\/\"},{\"@type\":\"ListItem\",\"position\":2,\"name\":\"Prodotti\",\"item\":\"https:\\\/\\\/everydaychemshop.com\\\/it\\\/prodotti\\\/\"},{\"@type\":\"ListItem\",\"position\":3,\"name\":\"tintura aromatizzata al THC da 1000 mg \u2013 Keey\"}]},{\"@type\":\"WebSite\",\"@id\":\"https:\\\/\\\/everydaychemshop.com\\\/it\\\/#website\",\"url\":\"https:\\\/\\\/everydaychemshop.com\\\/it\\\/\",\"name\":\"Everyday Chem Shop\",\"description\":\"\",\"potentialAction\":[{\"@type\":\"SearchAction\",\"target\":{\"@type\":\"EntryPoint\",\"urlTemplate\":\"https:\\\/\\\/everydaychemshop.com\\\/it\\\/?s={search_term_string}\"},\"query-input\":{\"@type\":\"PropertyValueSpecification\",\"valueRequired\":true,\"valueName\":\"search_term_string\"}}],\"inLanguage\":\"en-US\"}]}<\/script>\n<!-- \/ Yoast SEO Premium plugin. -->","yoast_head_json":{"title":"Tintura aromatizzata al THC da 1000 mg - Everyday Chem Shop","description":"Tintura aromatizzata al THC da 1000 mg. Le tinture offrono enormi vantaggi rispetto a diverse tecniche per regolare i cannabinoidi clinici.","robots":{"index":"index","follow":"follow","max-snippet":"max-snippet:-1","max-image-preview":"max-image-preview:large","max-video-preview":"max-video-preview:-1"},"canonical":"https:\/\/everydaychemshop.com\/it\/product\/acquistare-1000mg-thc-tintura-aromatizzata-keey\/","og_locale":"en_US","og_type":"article","og_title":"tintura aromatizzata al THC da 1000 mg \u2013 Keey","og_description":"Tintura aromatizzata al THC da 1000 mg. Le tinture offrono enormi vantaggi rispetto a diverse tecniche per regolare i cannabinoidi clinici.","og_url":"https:\/\/everydaychemshop.com\/it\/product\/acquistare-1000mg-thc-tintura-aromatizzata-keey\/","og_site_name":"Everyday Chem Shop","article_modified_time":"2023-04-06T20:15:29+00:00","og_image":[{"width":600,"height":600,"url":"https:\/\/everydaychemshop.com\/it\/wp-content\/uploads\/sites\/6\/2022\/11\/Buy-1000mg-THC-Flavoured-Tincture.jpg","type":"image\/jpeg"}],"twitter_card":"summary_large_image","twitter_misc":{"Est. reading time":"1 minute"},"schema":{"@context":"https:\/\/schema.org","@graph":[{"@type":"WebPage","@id":"https:\/\/everydaychemshop.com\/it\/product\/acquistare-1000mg-thc-tintura-aromatizzata-keey\/","url":"https:\/\/everydaychemshop.com\/it\/product\/acquistare-1000mg-thc-tintura-aromatizzata-keey\/","name":"Tintura aromatizzata al THC da 1000 mg - Everyday Chem Shop","isPartOf":{"@id":"https:\/\/everydaychemshop.com\/it\/#website"},"primaryImageOfPage":{"@id":"https:\/\/everydaychemshop.com\/it\/product\/acquistare-1000mg-thc-tintura-aromatizzata-keey\/#primaryimage"},"image":{"@id":"https:\/\/everydaychemshop.com\/it\/product\/acquistare-1000mg-thc-tintura-aromatizzata-keey\/#primaryimage"},"thumbnailUrl":"https:\/\/everydaychemshop.com\/it\/wp-content\/uploads\/sites\/6\/2022\/11\/Buy-1000mg-THC-Flavoured-Tincture.jpg","datePublished":"2022-11-22T22:53:32+00:00","dateModified":"2023-04-06T20:15:29+00:00","description":"Tintura aromatizzata al THC da 1000 mg. Le tinture offrono enormi vantaggi rispetto a diverse tecniche per regolare i cannabinoidi clinici.","breadcrumb":{"@id":"https:\/\/everydaychemshop.com\/it\/product\/acquistare-1000mg-thc-tintura-aromatizzata-keey\/#breadcrumb"},"inLanguage":"en-US","potentialAction":[{"@type":"ReadAction","target":["https:\/\/everydaychemshop.com\/it\/product\/acquistare-1000mg-thc-tintura-aromatizzata-keey\/"]}]},{"@type":"ImageObject","inLanguage":"en-US","@id":"https:\/\/everydaychemshop.com\/it\/product\/acquistare-1000mg-thc-tintura-aromatizzata-keey\/#primaryimage","url":"https:\/\/everydaychemshop.com\/it\/wp-content\/uploads\/sites\/6\/2022\/11\/Buy-1000mg-THC-Flavoured-Tincture.jpg","contentUrl":"https:\/\/everydaychemshop.com\/it\/wp-content\/uploads\/sites\/6\/2022\/11\/Buy-1000mg-THC-Flavoured-Tincture.jpg","width":600,"height":600,"caption":"Tintura aromatizzata al THC da 1000 mg"},{"@type":"BreadcrumbList","@id":"https:\/\/everydaychemshop.com\/it\/product\/acquistare-1000mg-thc-tintura-aromatizzata-keey\/#breadcrumb","itemListElement":[{"@type":"ListItem","position":1,"name":"Home","item":"https:\/\/everydaychemshop.com\/it\/"},{"@type":"ListItem","position":2,"name":"Prodotti","item":"https:\/\/everydaychemshop.com\/it\/prodotti\/"},{"@type":"ListItem","position":3,"name":"tintura aromatizzata al THC da 1000 mg \u2013 Keey"}]},{"@type":"WebSite","@id":"https:\/\/everydaychemshop.com\/it\/#website","url":"https:\/\/everydaychemshop.com\/it\/","name":"Everyday Chem Shop","description":"","potentialAction":[{"@type":"SearchAction","target":{"@type":"EntryPoint","urlTemplate":"https:\/\/everydaychemshop.com\/it\/?s={search_term_string}"},"query-input":{"@type":"PropertyValueSpecification","valueRequired":true,"valueName":"search_term_string"}}],"inLanguage":"en-US"}]}},"_links":{"self":[{"href":"https:\/\/everydaychemshop.com\/it\/wp-json\/wp\/v2\/product\/8358","targetHints":{"allow":["GET"]}}],"collection":[{"href":"https:\/\/everydaychemshop.com\/it\/wp-json\/wp\/v2\/product"}],"about":[{"href":"https:\/\/everydaychemshop.com\/it\/wp-json\/wp\/v2\/types\/product"}],"replies":[{"embeddable":true,"href":"https:\/\/everydaychemshop.com\/it\/wp-json\/wp\/v2\/comments?post=8358"}],"wp:featuredmedia":[{"embeddable":true,"href":"https:\/\/everydaychemshop.com\/it\/wp-json\/wp\/v2\/media\/8360"}],"wp:attachment":[{"href":"https:\/\/everydaychemshop.com\/it\/wp-json\/wp\/v2\/media?parent=8358"}],"wp:term":[{"taxonomy":"product_brand","embeddable":true,"href":"https:\/\/everydaychemshop.com\/it\/wp-json\/wp\/v2\/product_brand?post=8358"},{"taxonomy":"product_cat","embeddable":true,"href":"https:\/\/everydaychemshop.com\/it\/wp-json\/wp\/v2\/product_cat?post=8358"},{"taxonomy":"product_tag","embeddable":true,"href":"https:\/\/everydaychemshop.com\/it\/wp-json\/wp\/v2\/product_tag?post=8358"}],"curies":[{"name":"wp","href":"https:\/\/api.w.org\/{rel}","templated":true}]}}