{"id":7626,"date":"2022-11-16T09:42:44","date_gmt":"2022-11-16T09:42:44","guid":{"rendered":"https:\/\/everydaychemshop.com\/nl\/?post_type=product&#038;p=7626"},"modified":"2023-04-05T17:34:27","modified_gmt":"2023-04-05T17:34:27","slug":"koop-seconal-natrium-online","status":"publish","type":"product","link":"https:\/\/everydaychemshop.com\/nl\/product\/koop-seconal-natrium-online\/","title":{"rendered":"Seconal Natrium"},"content":{"rendered":"<h1 class=\"tt\">Koop Seconal Natrium online<\/h1>\n<p><a href=\"https:\/\/everydaychemshop.com\/nl\/product\/koop-seconal-natrium-online\/\">Koop Seconal Natrium online<\/a>. Everyday Chem Shop is nu verkrijgbaar met Seconal Sodium tegen de beste prijzen. Als u Seconal Sodium online wilt kopen, voldoet u vandaag nog aan uw eisen bij onze online apotheek en krijgt u ze binnen korte tijd voor elkaar. Het enige wat u hoeft te doen is Seconal Sodium bestellen en onze teamleden zullen het voor u klaarmaken en inpakken, gevolgd door tijdige levering. Wij zijn een professionele en betrouwbare apotheek die al tientallen jaren consistent werkzaam is in deze branche. U kunt op ons rekenen als het gaat om het verkrijgen van medicijnen <a href=\"https:\/\/de.wikipedia.org\/wiki\/Secobarbital\">van<\/a> de beste kwaliteit en dat ook binnen de genoemde periode.<\/p>\n<h3 class=\"tt\">Wat kan Seconal Sodium u bieden? Waarom voor ons kiezen om het te kopen?<\/h3>\n<p>Seconal Sodium wordt gebruikt om u te kalmeren vlak voor de operatie. Seconal Sodium heeft een plaats met een klasse medicijnen die bekend staat als barbituraathypnotica. Het werkt door bepaalde delen van de hersenen te be\u00efnvloeden om je te kalmeren. Oudere volwassenen moeten de risico&#8217;s en voordelen van dit medicijn met hun arts of drugsspecialist bespreken, net als andere krachtige en mogelijk veiligere behandelingen. Lees de medicatiehandleiding die bij het product wordt geleverd door onze online apotheek voordat u begint met het innemen van Seconal Sodium en elke keer dat u een top-off krijgt. Neem bij vragen contact op met uw arts of geneesmiddelenspecialist. Neem dit medicijn oraal in op een niet-gevulde maag zoals geco\u00f6rdineerd door uw arts v\u00f3\u00f3r de operatie.<\/p>\n<p><strong>Seconal Sodium wordt uitsluitend gebruikt voor de volgende aandoeningen:<\/strong><\/p>\n<ul>\n<li>aanvullende lokale anesthesie<\/li>\n<li>aanvullend middel om algemene anesthesie te induceren<\/li>\n<\/ul>\n<p>Seconal Sodium Secobarbital te koop bij Online Nembutal Pharmacy en we zullen hetzelfde leveren op de door u gewenste locatie zodra mogelijk. Laat ons u zo goed mogelijk van dienst zijn. U kunt volledig vertrouwen op onze Online Nembutal-apotheek en verwacht het beste van ons. We zijn altijd beschikbaar voor onze belangrijke klanten bij het vervullen van hun behoeften en vereisten. Neem direct contact met ons op!<\/p>\n<p><strong>Weet u waar u Seconal Sodium online kunt kopen?<\/strong><\/p>\n<p>Seconal Sodium te koop, Seconal Sodium straatwaarde, Seconal Sodium dosering, hoe Seconal Sodium te maken, waar kan ik Seconal Sodium online kopen, waar kan ik Seconal Sodium krijgen, wat is Seconal Sodium, premium kwaliteit Seconal Sodium te koop. Al deze onbeantwoorde vragen kunnen via ons beantwoord worden. U hoeft alleen maar onze website te doorlopen en u krijgt de antwoorden over hoe en waar u Seconal Sodium online kunt kopen.<\/p>\n<p>Hoe zit het met Seconal Sodium? Weet u ook waar u Seconal Sodium online kunt kopen? koop Seconal Natrium te koop, hoe Seconal Natrium te maken, hoe ziet Seconal Natrium eruit, Seconal Natrium straatprijs, Seconal Natrium prijs, waar kan ik Seconal Natrium kopen, pure Seconal Natrium, waar kan ik Seconal Natrium online kopen, Seconal Natrium leveranciers, koop pure Seconal Sodium online.<\/p>\n<p>Goede kwaliteit Seconal Sodium online: Het is volkomen duidelijk dat mensen de kwaliteit van online verkochte Seconal Sodium niet snel vertrouwen omdat ze het niet fysiek kunnen onderzoeken. Maar het is niet hetzelfde met Online Seconal Sodium online leveranciers. De producten hier zijn trouw aan hun beschrijving met hoogwaardig onderhoud uitgevoerd onder toezicht van de experts.<\/p>\n<p>Snelle &amp; Discrete verzending: de levering van de Seconal Sodium online na ontvangst van de bestelling gebeurt binnen het beloofde tijdsbestek. Het verzendteam stelt alles in het werk om de verzend- en leveringsprocedure soepel en snel te laten verlopen. U kunt ook een uitstekende service verwachten wanneer u Seconal Sodium online koopt van de professional op het online platform.<\/p>\n","protected":false},"excerpt":{"rendered":"<p><strong>Kom in contact met online Nembutal-apotheek<\/strong><\/p>\n<p>Online Nembutal-apotheek is beschikbaar voor alle mensen wereldwijd. U kunt ons altijd en overal bereiken. We reageren altijd binnen enkele ogenblikken op onze klanten en helpen hen met hun vragen. Zodra we de bestelgegevens van u hebben ontvangen, beginnen we het volgende moment met het verpakken ervan. Wij zorgen ervoor dat alle medicijnen onze klanten in een veilige en deugdelijke verpakking bereiken zonder beschadigd te raken. Bij ons hoeft u zich geen zorgen te maken over de kwaliteit van medicijnen of de leveringsstatus. Wij zijn aanwezig om alle verantwoordelijkheden op ons te nemen. Hier krijgt u alleen het beste voor uw gezondheid. U kunt ons bellen, e-mailen of sms&#8217;en. Koop Seconal Natrium Secobarbital 100 mg vandaag nog en ontvang het in korte tijd bij Online Nembutal Pharmacy.<\/p>\n","protected":false},"featured_media":7629,"comment_status":"closed","ping_status":"closed","template":"","meta":{"inline_featured_image":false},"product_brand":[],"product_cat":[58],"product_tag":[],"class_list":{"0":"post-7626","1":"product","2":"type-product","3":"status-publish","4":"has-post-thumbnail","6":"product_cat-nembutal-producten","8":"first","9":"instock","10":"shipping-taxable","11":"purchasable","12":"product-type-variable","13":"has-default-attributes"},"yoast_head":"<!-- This site is optimized with the Yoast SEO Premium plugin v19.2 (Yoast SEO v27.3) - https:\/\/yoast.com\/product\/yoast-seo-premium-wordpress\/ -->\n<title>Koop Seconal Natrium online - Everyday Chem Shop<\/title>\n<meta name=\"description\" content=\"Koop Seconal Natrium online. Bij Everyday Chem Shop verkopen we Seconal Sodium online tegen een goed en betaalbaar tarief. Aarzel niet om contact met ons op te nemen als u Seconal Sodium online wilt kopen\" \/>\n<meta name=\"robots\" content=\"index, follow, max-snippet:-1, max-image-preview:large, max-video-preview:-1\" \/>\n<link rel=\"canonical\" href=\"https:\/\/everydaychemshop.com\/nl\/product\/koop-seconal-natrium-online\/\" \/>\n<meta property=\"og:locale\" content=\"en_US\" \/>\n<meta property=\"og:type\" content=\"article\" \/>\n<meta property=\"og:title\" content=\"Seconal Natrium\" \/>\n<meta property=\"og:description\" content=\"Koop Seconal Natrium online. Bij Everyday Chem Shop verkopen we Seconal Sodium online tegen een goed en betaalbaar tarief. Aarzel niet om contact met ons op te nemen als u Seconal Sodium online wilt kopen\" \/>\n<meta property=\"og:url\" content=\"https:\/\/everydaychemshop.com\/nl\/product\/koop-seconal-natrium-online\/\" \/>\n<meta property=\"og:site_name\" content=\"Everyday Chem Shop\" \/>\n<meta property=\"article:modified_time\" content=\"2023-04-05T17:34:27+00:00\" \/>\n<meta property=\"og:image\" content=\"https:\/\/everydaychemshop.com\/nl\/wp-content\/uploads\/sites\/7\/2022\/11\/seconal-sodium.jpg\" \/>\n\t<meta property=\"og:image:width\" content=\"600\" \/>\n\t<meta property=\"og:image:height\" content=\"600\" \/>\n\t<meta property=\"og:image:type\" content=\"image\/jpeg\" \/>\n<meta name=\"twitter:card\" content=\"summary_large_image\" \/>\n<meta name=\"twitter:label1\" content=\"Est. reading time\" \/>\n\t<meta name=\"twitter:data1\" content=\"3 minutes\" \/>\n<script type=\"application\/ld+json\" class=\"yoast-schema-graph\">{\"@context\":\"https:\\\/\\\/schema.org\",\"@graph\":[{\"@type\":\"WebPage\",\"@id\":\"https:\\\/\\\/everydaychemshop.com\\\/nl\\\/product\\\/koop-seconal-natrium-online\\\/\",\"url\":\"https:\\\/\\\/everydaychemshop.com\\\/nl\\\/product\\\/koop-seconal-natrium-online\\\/\",\"name\":\"Koop Seconal Natrium online - Everyday Chem Shop\",\"isPartOf\":{\"@id\":\"https:\\\/\\\/everydaychemshop.com\\\/nl\\\/#website\"},\"primaryImageOfPage\":{\"@id\":\"https:\\\/\\\/everydaychemshop.com\\\/nl\\\/product\\\/koop-seconal-natrium-online\\\/#primaryimage\"},\"image\":{\"@id\":\"https:\\\/\\\/everydaychemshop.com\\\/nl\\\/product\\\/koop-seconal-natrium-online\\\/#primaryimage\"},\"thumbnailUrl\":\"https:\\\/\\\/everydaychemshop.com\\\/nl\\\/wp-content\\\/uploads\\\/sites\\\/7\\\/2022\\\/11\\\/seconal-sodium.jpg\",\"datePublished\":\"2022-11-16T09:42:44+00:00\",\"dateModified\":\"2023-04-05T17:34:27+00:00\",\"description\":\"Koop Seconal Natrium online. Bij Everyday Chem Shop verkopen we Seconal Sodium online tegen een goed en betaalbaar tarief. Aarzel niet om contact met ons op te nemen als u Seconal Sodium online wilt kopen\",\"breadcrumb\":{\"@id\":\"https:\\\/\\\/everydaychemshop.com\\\/nl\\\/product\\\/koop-seconal-natrium-online\\\/#breadcrumb\"},\"inLanguage\":\"en-US\",\"potentialAction\":[{\"@type\":\"ReadAction\",\"target\":[\"https:\\\/\\\/everydaychemshop.com\\\/nl\\\/product\\\/koop-seconal-natrium-online\\\/\"]}]},{\"@type\":\"ImageObject\",\"inLanguage\":\"en-US\",\"@id\":\"https:\\\/\\\/everydaychemshop.com\\\/nl\\\/product\\\/koop-seconal-natrium-online\\\/#primaryimage\",\"url\":\"https:\\\/\\\/everydaychemshop.com\\\/nl\\\/wp-content\\\/uploads\\\/sites\\\/7\\\/2022\\\/11\\\/seconal-sodium.jpg\",\"contentUrl\":\"https:\\\/\\\/everydaychemshop.com\\\/nl\\\/wp-content\\\/uploads\\\/sites\\\/7\\\/2022\\\/11\\\/seconal-sodium.jpg\",\"width\":600,\"height\":600,\"caption\":\"Koop Seconal Natrium online\"},{\"@type\":\"BreadcrumbList\",\"@id\":\"https:\\\/\\\/everydaychemshop.com\\\/nl\\\/product\\\/koop-seconal-natrium-online\\\/#breadcrumb\",\"itemListElement\":[{\"@type\":\"ListItem\",\"position\":1,\"name\":\"Home\",\"item\":\"https:\\\/\\\/everydaychemshop.com\\\/nl\\\/\"},{\"@type\":\"ListItem\",\"position\":2,\"name\":\"Producten\",\"item\":\"https:\\\/\\\/everydaychemshop.com\\\/nl\\\/producten\\\/\"},{\"@type\":\"ListItem\",\"position\":3,\"name\":\"Seconal Natrium\"}]},{\"@type\":\"WebSite\",\"@id\":\"https:\\\/\\\/everydaychemshop.com\\\/nl\\\/#website\",\"url\":\"https:\\\/\\\/everydaychemshop.com\\\/nl\\\/\",\"name\":\"Everyday Chem Shop\",\"description\":\"\",\"potentialAction\":[{\"@type\":\"SearchAction\",\"target\":{\"@type\":\"EntryPoint\",\"urlTemplate\":\"https:\\\/\\\/everydaychemshop.com\\\/nl\\\/?s={search_term_string}\"},\"query-input\":{\"@type\":\"PropertyValueSpecification\",\"valueRequired\":true,\"valueName\":\"search_term_string\"}}],\"inLanguage\":\"en-US\"}]}<\/script>\n<!-- \/ Yoast SEO Premium plugin. -->","yoast_head_json":{"title":"Koop Seconal Natrium online - Everyday Chem Shop","description":"Koop Seconal Natrium online. Bij Everyday Chem Shop verkopen we Seconal Sodium online tegen een goed en betaalbaar tarief. Aarzel niet om contact met ons op te nemen als u Seconal Sodium online wilt kopen","robots":{"index":"index","follow":"follow","max-snippet":"max-snippet:-1","max-image-preview":"max-image-preview:large","max-video-preview":"max-video-preview:-1"},"canonical":"https:\/\/everydaychemshop.com\/nl\/product\/koop-seconal-natrium-online\/","og_locale":"en_US","og_type":"article","og_title":"Seconal Natrium","og_description":"Koop Seconal Natrium online. Bij Everyday Chem Shop verkopen we Seconal Sodium online tegen een goed en betaalbaar tarief. Aarzel niet om contact met ons op te nemen als u Seconal Sodium online wilt kopen","og_url":"https:\/\/everydaychemshop.com\/nl\/product\/koop-seconal-natrium-online\/","og_site_name":"Everyday Chem Shop","article_modified_time":"2023-04-05T17:34:27+00:00","og_image":[{"width":600,"height":600,"url":"https:\/\/everydaychemshop.com\/nl\/wp-content\/uploads\/sites\/7\/2022\/11\/seconal-sodium.jpg","type":"image\/jpeg"}],"twitter_card":"summary_large_image","twitter_misc":{"Est. reading time":"3 minutes"},"schema":{"@context":"https:\/\/schema.org","@graph":[{"@type":"WebPage","@id":"https:\/\/everydaychemshop.com\/nl\/product\/koop-seconal-natrium-online\/","url":"https:\/\/everydaychemshop.com\/nl\/product\/koop-seconal-natrium-online\/","name":"Koop Seconal Natrium online - Everyday Chem Shop","isPartOf":{"@id":"https:\/\/everydaychemshop.com\/nl\/#website"},"primaryImageOfPage":{"@id":"https:\/\/everydaychemshop.com\/nl\/product\/koop-seconal-natrium-online\/#primaryimage"},"image":{"@id":"https:\/\/everydaychemshop.com\/nl\/product\/koop-seconal-natrium-online\/#primaryimage"},"thumbnailUrl":"https:\/\/everydaychemshop.com\/nl\/wp-content\/uploads\/sites\/7\/2022\/11\/seconal-sodium.jpg","datePublished":"2022-11-16T09:42:44+00:00","dateModified":"2023-04-05T17:34:27+00:00","description":"Koop Seconal Natrium online. Bij Everyday Chem Shop verkopen we Seconal Sodium online tegen een goed en betaalbaar tarief. Aarzel niet om contact met ons op te nemen als u Seconal Sodium online wilt kopen","breadcrumb":{"@id":"https:\/\/everydaychemshop.com\/nl\/product\/koop-seconal-natrium-online\/#breadcrumb"},"inLanguage":"en-US","potentialAction":[{"@type":"ReadAction","target":["https:\/\/everydaychemshop.com\/nl\/product\/koop-seconal-natrium-online\/"]}]},{"@type":"ImageObject","inLanguage":"en-US","@id":"https:\/\/everydaychemshop.com\/nl\/product\/koop-seconal-natrium-online\/#primaryimage","url":"https:\/\/everydaychemshop.com\/nl\/wp-content\/uploads\/sites\/7\/2022\/11\/seconal-sodium.jpg","contentUrl":"https:\/\/everydaychemshop.com\/nl\/wp-content\/uploads\/sites\/7\/2022\/11\/seconal-sodium.jpg","width":600,"height":600,"caption":"Koop Seconal Natrium online"},{"@type":"BreadcrumbList","@id":"https:\/\/everydaychemshop.com\/nl\/product\/koop-seconal-natrium-online\/#breadcrumb","itemListElement":[{"@type":"ListItem","position":1,"name":"Home","item":"https:\/\/everydaychemshop.com\/nl\/"},{"@type":"ListItem","position":2,"name":"Producten","item":"https:\/\/everydaychemshop.com\/nl\/producten\/"},{"@type":"ListItem","position":3,"name":"Seconal Natrium"}]},{"@type":"WebSite","@id":"https:\/\/everydaychemshop.com\/nl\/#website","url":"https:\/\/everydaychemshop.com\/nl\/","name":"Everyday Chem Shop","description":"","potentialAction":[{"@type":"SearchAction","target":{"@type":"EntryPoint","urlTemplate":"https:\/\/everydaychemshop.com\/nl\/?s={search_term_string}"},"query-input":{"@type":"PropertyValueSpecification","valueRequired":true,"valueName":"search_term_string"}}],"inLanguage":"en-US"}]}},"_links":{"self":[{"href":"https:\/\/everydaychemshop.com\/nl\/wp-json\/wp\/v2\/product\/7626","targetHints":{"allow":["GET"]}}],"collection":[{"href":"https:\/\/everydaychemshop.com\/nl\/wp-json\/wp\/v2\/product"}],"about":[{"href":"https:\/\/everydaychemshop.com\/nl\/wp-json\/wp\/v2\/types\/product"}],"replies":[{"embeddable":true,"href":"https:\/\/everydaychemshop.com\/nl\/wp-json\/wp\/v2\/comments?post=7626"}],"wp:featuredmedia":[{"embeddable":true,"href":"https:\/\/everydaychemshop.com\/nl\/wp-json\/wp\/v2\/media\/7629"}],"wp:attachment":[{"href":"https:\/\/everydaychemshop.com\/nl\/wp-json\/wp\/v2\/media?parent=7626"}],"wp:term":[{"taxonomy":"product_brand","embeddable":true,"href":"https:\/\/everydaychemshop.com\/nl\/wp-json\/wp\/v2\/product_brand?post=7626"},{"taxonomy":"product_cat","embeddable":true,"href":"https:\/\/everydaychemshop.com\/nl\/wp-json\/wp\/v2\/product_cat?post=7626"},{"taxonomy":"product_tag","embeddable":true,"href":"https:\/\/everydaychemshop.com\/nl\/wp-json\/wp\/v2\/product_tag?post=7626"}],"curies":[{"name":"wp","href":"https:\/\/api.w.org\/{rel}","templated":true}]}}