{"id":7916,"date":"2022-11-17T09:10:35","date_gmt":"2022-11-17T09:10:35","guid":{"rendered":"https:\/\/everydaychemshop.com\/nl\/?post_type=product&#038;p=7916"},"modified":"2023-01-04T20:12:17","modified_gmt":"2023-01-04T20:12:17","slug":"codeine-sulfaat","status":"publish","type":"product","link":"https:\/\/everydaychemshop.com\/nl\/product\/codeine-sulfaat\/","title":{"rendered":"Code\u00efne sulfaat"},"content":{"rendered":"<h2>Indicaties en gebruik voor code\u00efnesulfaat<\/h2>\n<p class=\"First\">Code\u00efnesulfaattabletten zijn ge\u00efndiceerd voor de behandeling van milde tot matige pijn, waarbij behandeling met een opio\u00efde geschikt is en waarvoor alternatieve behandelingen niet toereikend zijn. <\/p>\n<p><span class=\"Bold\">Gebruiksbeperkingen:<\/span><\/p>\n<p>Vanwege de risico&#8217;s van verslaving, misbruik en verkeerd gebruik van opio\u00efden, zelfs bij aanbevolen doses\u00a0<span class=\"Cursief\">[zie Waarschuwingen en voorzorgsmaatregelen (<a href=\"https:\/\/www.drugs.com\/pro\/codeine-sulfate.html#ID_7fb37b94-f06b-46d1-b5cc-aa523f153d86\">5.1<\/a>)],<\/span>\u00a0reserveer code\u00efnesulfaattabletten voor gebruik bij pati\u00ebnten voor wie alternatieve behandelingsopties [bijv. niet-opio\u00efde analgetica of opio\u00efde combinatieproducten]:<\/p>\n<dl>\n<dt>\u2022<\/dt>\n<dd>Niet werden getolereerd, of worden naar verwachting niet getolereerd.<\/dd>\n<dt>\u2022<\/dt>\n<dd>Hebben geen adequate analgesie gegeven, of zullen naar verwachting geen adequate analgesie geven.<\/dd>\n<\/dl>\n<h2>Dosering en toediening van code\u00efnesulfaat<\/h2>\n<h3>Belangrijke dosering e en toedieningsinstructies<\/h3>\n<p class=\"First\">Gebruik de laagste effectieve dosering voor de kortste duur die consistent is met de behandeldoelen van de individuele pati\u00ebnt\u00a0<span class=\"Italics\">[zie Waarschuwingen en voorzorgsmaatregelen (<a href=\"https:\/\/www.drugs.com\/pro\/codeine-sulfate.html#ID_f8e84be1-5885-48ad-82cb-8c251fd038f3\">5<\/a>)].<\/span><\/p>\n<p>Start de doseringsregime voor elke pati\u00ebnt afzonderlijk, waarbij rekening wordt gehouden met de ernst van de pijn van de pati\u00ebnt, de reactie van de pati\u00ebnt, eerdere ervaring met pijnstillende behandelingen en risicofactoren voor verslaving, misbruik en verkeerd gebruik\u00a0<span class=\"Italics\">[zie Waarschuwingen en voorzorgsmaatregelen (<a href=\"https:\/\/www.drugs.com\/pro\/code\u00efne-sulfaat.html#ID_7fb37b94-f06b-46d1-b5cc-aa523f153d86\">5.1<\/a>)].<\/span><\/p>\n<p>Controleer pati\u00ebnten nauwlettend op ademhalingsdepressie, vooral binnen de eerste 24 tot 72 uur na aanvang van de therapie en na dosisverhogingen met code\u00efnesulfaattabletten en pas de dosering dienovereenkomstig aan\u00a0<span class=\"Italics\">[zie Waarschuwingen en voorzorgsmaatregelen (5.3<\/a>)].<\/span><\/p>\n<h3>Pati\u00ebnttoegang tot naloxon voor de noodbehandeling van opio\u00efdenoverdosis<\/h3>\n<p class=\"First\"><span class=\"following_xmChange\">Bespreek de beschikbaarheid van naloxon voor de noodbehandeling van opio\u00efdenoverdosis met de pati\u00ebnt en verzorger en de mogelijke behoefte aan toegang tot naloxon beoordelen, zowel bij het starten als bij het hernieuwen van de behandeling met Code\u00efnesulfaat-tabletten\u00a0<span class=\"Italics\">[zie Waarschuwingen en voorzorgsmaatregelen (<\/span><\/span><span class=\"Italics\"><a href=\"https:\/\/www.drugs.com\/pro\/code\u00efne-sulfaat.html#ID_e51a14be-a8af-47df-aa63-8ef172523934\">5.3<\/a><span class=\"following_xmChange\">), Pati\u00ebntbegeleiding Informatie (<\/span><a href=\"https:\/\/www.drugs.com\/pro\/code\u00efne-sulfaat.html#ID_d7b34669-a008-4ed8-8b6b-f27dc620a406\">17<\/a><span class=\" follow_xmChange\">)]<\/span><\/span><span class=\"following_xmChange\">.<\/span><\/p>\n<p><span class=\"following_xmChange\">Informeer pa pati\u00ebnten en verzorgers over de verschillende manieren om naloxon te verkrijgen, zoals toegestaan \u200b\u200bdoor individuele staatseisen of richtlijnen voor naloxondistributie en voorschrijven (bijv. op recept, rechtstreeks van een apotheker of als onderdeel van een gemeenschapsgebaseerd programma).<\/span><\/span><\/p>\n<p><span class=\"following_xmChange\">Overweeg het voorschrijven van naloxon, op basis van de risicofactoren van de pati\u00ebnt voor overdosering, zoals gelijktijdig gebruik van CZS-depressiva, een voorgeschiedenis van opio\u00efdengebruiksstoornis of eerdere overdosis opio\u00efden. De aanwezigheid van risicofactoren voor overdosering mag geen belemmering vormen voor de juiste behandeling van pijn bij een bepaalde pati\u00ebnt\u00a0<span class=\"Italics\">[zie Waarschuwingen en voorzorgsmaatregelen<\/span><\/span>\u00a0<span class=\"Italics\">(<a href=\"https:\/\/www.drugs.com\/pro\/code\u00efne-sulfaat.html#ID_7fb37b94-f06b-46d1-b5cc-aa523f153d86\">5.1<\/a>,\u00a0<a href=\"https:\/\/www. drugs.com\/pro\/code\u00efne-sulfaat.html#ID_e51a14be-a8af-47df-aa63-8ef172523934\">5.3<\/a>,\u00a0<a href=\"https:\/\/www.drugs.com\/pro\/code\u00efne-sulfaat. html#ID_9ce0384d-5674-4a44-9c53-5fd09630e1f5\">5.7<\/a>)].<\/span><\/p>\n<p><span class=\"following_xmChange\">Overweeg het voorschrijven van naloxon als de pati\u00ebnt gezinsleden (inclusief kinderen) of andere nauwe contacten heeft die risico lopen op accidentele inname of overdosering<\/span>.<\/p>\n","protected":false},"excerpt":{"rendered":"<p>Code\u00efne behoort tot de klasse antitussiva en wordt vaak gebruikt voor hoest, diarree en pijn.<\/p>\n","protected":false},"featured_media":7921,"comment_status":"open","ping_status":"closed","template":"","meta":{"inline_featured_image":false},"product_brand":[],"product_cat":[116],"product_tag":[],"class_list":{"0":"post-7916","1":"product","2":"type-product","3":"status-publish","4":"has-post-thumbnail","6":"product_cat-pijnstillers","8":"first","9":"instock","10":"shipping-taxable","11":"purchasable","12":"product-type-variable","13":"has-default-attributes"},"yoast_head":"<!-- This site is optimized with the Yoast SEO Premium plugin v19.2 (Yoast SEO v27.3) - https:\/\/yoast.com\/product\/yoast-seo-premium-wordpress\/ -->\n<title>Code\u00efne sulfaat - Everyday Chem Shop<\/title>\n<meta name=\"description\" content=\"Code\u00efne is een lid van de klasse antitussiva en wordt vaak gebruikt voor hoest, diarree en pijn.\" \/>\n<meta name=\"robots\" content=\"index, follow, max-snippet:-1, max-image-preview:large, max-video-preview:-1\" \/>\n<link rel=\"canonical\" href=\"https:\/\/everydaychemshop.com\/nl\/product\/codeine-sulfaat\/\" \/>\n<meta property=\"og:locale\" content=\"en_US\" \/>\n<meta property=\"og:type\" content=\"article\" \/>\n<meta property=\"og:title\" content=\"Code\u00efne sulfaat\" \/>\n<meta property=\"og:description\" content=\"Code\u00efne is een lid van de klasse antitussiva en wordt vaak gebruikt voor hoest, diarree en pijn.\" \/>\n<meta property=\"og:url\" content=\"https:\/\/everydaychemshop.com\/nl\/product\/codeine-sulfaat\/\" \/>\n<meta property=\"og:site_name\" content=\"Everyday Chem Shop\" \/>\n<meta property=\"article:modified_time\" content=\"2023-01-04T20:12:17+00:00\" \/>\n<meta property=\"og:image\" content=\"https:\/\/everydaychemshop.com\/nl\/wp-content\/uploads\/sites\/7\/2022\/11\/Codeine-Sulfate-30-mg-ROX.jpg\" \/>\n\t<meta property=\"og:image:width\" content=\"300\" \/>\n\t<meta property=\"og:image:height\" content=\"225\" \/>\n\t<meta property=\"og:image:type\" content=\"image\/jpeg\" \/>\n<meta name=\"twitter:card\" content=\"summary_large_image\" \/>\n<meta name=\"twitter:label1\" content=\"Est. reading time\" \/>\n\t<meta name=\"twitter:data1\" content=\"2 minutes\" \/>\n<script type=\"application\/ld+json\" class=\"yoast-schema-graph\">{\"@context\":\"https:\\\/\\\/schema.org\",\"@graph\":[{\"@type\":\"WebPage\",\"@id\":\"https:\\\/\\\/everydaychemshop.com\\\/nl\\\/product\\\/codeine-sulfaat\\\/\",\"url\":\"https:\\\/\\\/everydaychemshop.com\\\/nl\\\/product\\\/codeine-sulfaat\\\/\",\"name\":\"Code\u00efne sulfaat - Everyday Chem Shop\",\"isPartOf\":{\"@id\":\"https:\\\/\\\/everydaychemshop.com\\\/nl\\\/#website\"},\"primaryImageOfPage\":{\"@id\":\"https:\\\/\\\/everydaychemshop.com\\\/nl\\\/product\\\/codeine-sulfaat\\\/#primaryimage\"},\"image\":{\"@id\":\"https:\\\/\\\/everydaychemshop.com\\\/nl\\\/product\\\/codeine-sulfaat\\\/#primaryimage\"},\"thumbnailUrl\":\"https:\\\/\\\/everydaychemshop.com\\\/nl\\\/wp-content\\\/uploads\\\/sites\\\/7\\\/2022\\\/11\\\/Codeine-Sulfate-30-mg-ROX.jpg\",\"datePublished\":\"2022-11-17T09:10:35+00:00\",\"dateModified\":\"2023-01-04T20:12:17+00:00\",\"description\":\"Code\u00efne is een lid van de klasse antitussiva en wordt vaak gebruikt voor hoest, diarree en pijn.\",\"breadcrumb\":{\"@id\":\"https:\\\/\\\/everydaychemshop.com\\\/nl\\\/product\\\/codeine-sulfaat\\\/#breadcrumb\"},\"inLanguage\":\"en-US\",\"potentialAction\":[{\"@type\":\"ReadAction\",\"target\":[\"https:\\\/\\\/everydaychemshop.com\\\/nl\\\/product\\\/codeine-sulfaat\\\/\"]}]},{\"@type\":\"ImageObject\",\"inLanguage\":\"en-US\",\"@id\":\"https:\\\/\\\/everydaychemshop.com\\\/nl\\\/product\\\/codeine-sulfaat\\\/#primaryimage\",\"url\":\"https:\\\/\\\/everydaychemshop.com\\\/nl\\\/wp-content\\\/uploads\\\/sites\\\/7\\\/2022\\\/11\\\/Codeine-Sulfate-30-mg-ROX.jpg\",\"contentUrl\":\"https:\\\/\\\/everydaychemshop.com\\\/nl\\\/wp-content\\\/uploads\\\/sites\\\/7\\\/2022\\\/11\\\/Codeine-Sulfate-30-mg-ROX.jpg\",\"width\":300,\"height\":225,\"caption\":\"Koop code\u00efnesulfaatpillen online\"},{\"@type\":\"BreadcrumbList\",\"@id\":\"https:\\\/\\\/everydaychemshop.com\\\/nl\\\/product\\\/codeine-sulfaat\\\/#breadcrumb\",\"itemListElement\":[{\"@type\":\"ListItem\",\"position\":1,\"name\":\"Home\",\"item\":\"https:\\\/\\\/everydaychemshop.com\\\/nl\\\/\"},{\"@type\":\"ListItem\",\"position\":2,\"name\":\"Producten\",\"item\":\"https:\\\/\\\/everydaychemshop.com\\\/nl\\\/producten\\\/\"},{\"@type\":\"ListItem\",\"position\":3,\"name\":\"Code\u00efne sulfaat\"}]},{\"@type\":\"WebSite\",\"@id\":\"https:\\\/\\\/everydaychemshop.com\\\/nl\\\/#website\",\"url\":\"https:\\\/\\\/everydaychemshop.com\\\/nl\\\/\",\"name\":\"Everyday Chem Shop\",\"description\":\"\",\"potentialAction\":[{\"@type\":\"SearchAction\",\"target\":{\"@type\":\"EntryPoint\",\"urlTemplate\":\"https:\\\/\\\/everydaychemshop.com\\\/nl\\\/?s={search_term_string}\"},\"query-input\":{\"@type\":\"PropertyValueSpecification\",\"valueRequired\":true,\"valueName\":\"search_term_string\"}}],\"inLanguage\":\"en-US\"}]}<\/script>\n<!-- \/ Yoast SEO Premium plugin. -->","yoast_head_json":{"title":"Code\u00efne sulfaat - Everyday Chem Shop","description":"Code\u00efne is een lid van de klasse antitussiva en wordt vaak gebruikt voor hoest, diarree en pijn.","robots":{"index":"index","follow":"follow","max-snippet":"max-snippet:-1","max-image-preview":"max-image-preview:large","max-video-preview":"max-video-preview:-1"},"canonical":"https:\/\/everydaychemshop.com\/nl\/product\/codeine-sulfaat\/","og_locale":"en_US","og_type":"article","og_title":"Code\u00efne sulfaat","og_description":"Code\u00efne is een lid van de klasse antitussiva en wordt vaak gebruikt voor hoest, diarree en pijn.","og_url":"https:\/\/everydaychemshop.com\/nl\/product\/codeine-sulfaat\/","og_site_name":"Everyday Chem Shop","article_modified_time":"2023-01-04T20:12:17+00:00","og_image":[{"width":300,"height":225,"url":"https:\/\/everydaychemshop.com\/nl\/wp-content\/uploads\/sites\/7\/2022\/11\/Codeine-Sulfate-30-mg-ROX.jpg","type":"image\/jpeg"}],"twitter_card":"summary_large_image","twitter_misc":{"Est. reading time":"2 minutes"},"schema":{"@context":"https:\/\/schema.org","@graph":[{"@type":"WebPage","@id":"https:\/\/everydaychemshop.com\/nl\/product\/codeine-sulfaat\/","url":"https:\/\/everydaychemshop.com\/nl\/product\/codeine-sulfaat\/","name":"Code\u00efne sulfaat - Everyday Chem Shop","isPartOf":{"@id":"https:\/\/everydaychemshop.com\/nl\/#website"},"primaryImageOfPage":{"@id":"https:\/\/everydaychemshop.com\/nl\/product\/codeine-sulfaat\/#primaryimage"},"image":{"@id":"https:\/\/everydaychemshop.com\/nl\/product\/codeine-sulfaat\/#primaryimage"},"thumbnailUrl":"https:\/\/everydaychemshop.com\/nl\/wp-content\/uploads\/sites\/7\/2022\/11\/Codeine-Sulfate-30-mg-ROX.jpg","datePublished":"2022-11-17T09:10:35+00:00","dateModified":"2023-01-04T20:12:17+00:00","description":"Code\u00efne is een lid van de klasse antitussiva en wordt vaak gebruikt voor hoest, diarree en pijn.","breadcrumb":{"@id":"https:\/\/everydaychemshop.com\/nl\/product\/codeine-sulfaat\/#breadcrumb"},"inLanguage":"en-US","potentialAction":[{"@type":"ReadAction","target":["https:\/\/everydaychemshop.com\/nl\/product\/codeine-sulfaat\/"]}]},{"@type":"ImageObject","inLanguage":"en-US","@id":"https:\/\/everydaychemshop.com\/nl\/product\/codeine-sulfaat\/#primaryimage","url":"https:\/\/everydaychemshop.com\/nl\/wp-content\/uploads\/sites\/7\/2022\/11\/Codeine-Sulfate-30-mg-ROX.jpg","contentUrl":"https:\/\/everydaychemshop.com\/nl\/wp-content\/uploads\/sites\/7\/2022\/11\/Codeine-Sulfate-30-mg-ROX.jpg","width":300,"height":225,"caption":"Koop code\u00efnesulfaatpillen online"},{"@type":"BreadcrumbList","@id":"https:\/\/everydaychemshop.com\/nl\/product\/codeine-sulfaat\/#breadcrumb","itemListElement":[{"@type":"ListItem","position":1,"name":"Home","item":"https:\/\/everydaychemshop.com\/nl\/"},{"@type":"ListItem","position":2,"name":"Producten","item":"https:\/\/everydaychemshop.com\/nl\/producten\/"},{"@type":"ListItem","position":3,"name":"Code\u00efne sulfaat"}]},{"@type":"WebSite","@id":"https:\/\/everydaychemshop.com\/nl\/#website","url":"https:\/\/everydaychemshop.com\/nl\/","name":"Everyday Chem Shop","description":"","potentialAction":[{"@type":"SearchAction","target":{"@type":"EntryPoint","urlTemplate":"https:\/\/everydaychemshop.com\/nl\/?s={search_term_string}"},"query-input":{"@type":"PropertyValueSpecification","valueRequired":true,"valueName":"search_term_string"}}],"inLanguage":"en-US"}]}},"_links":{"self":[{"href":"https:\/\/everydaychemshop.com\/nl\/wp-json\/wp\/v2\/product\/7916","targetHints":{"allow":["GET"]}}],"collection":[{"href":"https:\/\/everydaychemshop.com\/nl\/wp-json\/wp\/v2\/product"}],"about":[{"href":"https:\/\/everydaychemshop.com\/nl\/wp-json\/wp\/v2\/types\/product"}],"replies":[{"embeddable":true,"href":"https:\/\/everydaychemshop.com\/nl\/wp-json\/wp\/v2\/comments?post=7916"}],"wp:featuredmedia":[{"embeddable":true,"href":"https:\/\/everydaychemshop.com\/nl\/wp-json\/wp\/v2\/media\/7921"}],"wp:attachment":[{"href":"https:\/\/everydaychemshop.com\/nl\/wp-json\/wp\/v2\/media?parent=7916"}],"wp:term":[{"taxonomy":"product_brand","embeddable":true,"href":"https:\/\/everydaychemshop.com\/nl\/wp-json\/wp\/v2\/product_brand?post=7916"},{"taxonomy":"product_cat","embeddable":true,"href":"https:\/\/everydaychemshop.com\/nl\/wp-json\/wp\/v2\/product_cat?post=7916"},{"taxonomy":"product_tag","embeddable":true,"href":"https:\/\/everydaychemshop.com\/nl\/wp-json\/wp\/v2\/product_tag?post=7916"}],"curies":[{"name":"wp","href":"https:\/\/api.w.org\/{rel}","templated":true}]}}