{"id":7964,"date":"2022-11-17T10:07:48","date_gmt":"2022-11-17T10:07:48","guid":{"rendered":"https:\/\/everydaychemshop.com\/nl\/?post_type=product&#038;p=7964"},"modified":"2023-04-05T16:36:59","modified_gmt":"2023-04-05T16:36:59","slug":"koop-w-18-pillen","status":"publish","type":"product","link":"https:\/\/everydaychemshop.com\/nl\/product\/koop-w-18-pillen\/","title":{"rendered":"Koop W-18 pillen"},"content":{"rendered":"<h1>Koop W-18 pillen online<\/h1>\n<p><a href=\"https:\/\/everydaychemshop.com\/nl\/product\/koop-w-18-pillen\/\">Koop W-18 pillen online<\/a>. W-18 is een verbinding in een reeks van 32 stoffen (genaamd W-1 tot W-32) die voor het eerst werden gesynthetiseerd in academisch onderzoek naar de ontdekking van pijnstillers in de jaren tachtig en <a href=\"https:\/\/en.wikipedia.org\/wiki\/W-18\">die<\/a> in de jaren 2010 als designerdrug verschenen. Koop W-18-poeder online te koop.<\/p>\n<p>W-18 is uitgevonden aan de Universiteit van Alberta door een laboratorium dat in de jaren tachtig werkte aan de ontdekking van pijnstillers. Voorlopige studies bij dieren toonden aan dat het een pijnstillende werking had bij muizen.<\/p>\n<p>In Europa en de Verenigde Staten werd in 2013 het molecuul ontdekt bij recreatief drugsgebruik als vervanging voor andere verboden verdovende middelen. In december 2015 ontdekten de Alberta Law Enforcement Response Teams (ALERT) vier kilo W-18 bij een drugsarrestatie in Edmonton. Health Canada vond W-18 in ten minste drie van de 110 fentanyl-tabletten die in augustus 2015 in beslag werden genomen bij een huis in Calgary.<\/p>\n<p>In de jaren 2010 werd in de populaire pers algemeen beweerd dat W-18 een opio\u00efde was. Dit werd echter later weerlegd. Zowel sigma-receptoren als het translocator-eiwit bleken een slechte activiteit te hebben toen W-18 werd getest (perifere benzodiazepinereceptor). Het heeft ook een micromolaire affiniteit voor het hERG-kaliumkanaal, dat bij hoge doses hartritmestoornissen kan veroorzaken.<br \/>\nW-18 aanvankelijk geclassificeerd als een krachtige opio\u00efde<br \/>\nNa bijna drie decennia van vergetelheid verscheen W-18 opnieuw als een designer-straatdrug ontdekt tijdens onderzoek naar analgetische pijnstillers in de jaren tachtig. Tijdens vroege tests was de stof honderd keer krachtiger dan fentanyl. Het is een krachtige opio\u00efde pijnstiller die 50 keer sterker is dan hero\u00efne en 10.000 keer krachtiger dan morfine. 1. Farmaceutische bedrijven hebben de medicatie nooit opgehaald. Desalniettemin is W-18 de afgelopen jaren via internet te koop gekomen, met voorraden van buiten Canada, waar het medicijn voor het eerst werd geproduceerd. W-18 kreeg snel aantrekkingskracht als een gevaarlijke en mogelijk dodelijke straatdrug in Noord-Amerika en Europa vanwege de toegankelijkheid.<\/p>\n<p>W-18 werd in veel verhalen beschreven als het volgende nieuwe medicijn in de aanhoudende opio\u00efde pandemie eerder dit jaar. W-18 werd een opio\u00efde medicatie van uitzonderlijke dodelijkheid genoemd, omdat het werd ontwikkeld tijdens onderzoek naar pijnstillers. De effecten werden vergeleken met die van opio\u00efden. 2 W-18 daarentegen was in verschillende opzichten anders dan opiaatmedicijnen en andere opio\u00efde drugs. De medicatie is bijvoorbeeld niet detecteerbaar in een standaard drugsscreening, inclusief die welke speciaal zijn ontworpen om pijnstillers te identificeren. Ook naloxon, bedoeld om een \u200b\u200boverdosis opio\u00efden in een noodgeval ongedaan te maken, heeft geen invloed op pati\u00ebnten met een overdosis W-18. Ondanks deze anomalie\u00ebn werd W-18 niettemin geclassificeerd als een opio\u00efde vanwege het toegenomen aantal sterfgevallen door overdoses als gevolg van het gebruik ervan.<\/p>\n<p>Sterfgevallen door overdosis schieten omhoog als gevolg van W-18<br \/>\nVoorheen verwaterden hero\u00efnedealers hun levert chemicali\u00ebn zoals zuiveringszout om de hoeveelheid hero\u00efne die ze kunnen verkopen te maximaliseren. Omdat dit de kracht van de hero\u00efne zou verminderen, zouden ze kleine doses fentanyl toevoegen om de kracht van het aanzienlijk beschadigde mengsel te versterken. Als gevolg van de met fentanyl vermengde hero\u00efne die drugsverslaafden gebruikten, was er een toename van het aantal sterfgevallen door overdoses, met name langs de Amerikaanse oostkust. Als gevolg hiervan was het slechts een kwestie van tijd voordat W-18, waarvan wordt gezegd dat het een hero\u00efne-achtige high veroorzaakt terwijl het vele malen gevaarlijker is dan fentanyl, op dezelfde manier werd gebruikt, wat leidde tot een toename van het aantal sterfgevallen door overdoses. 3 W-18 is ook verkrijgbaar in wit poeder, waardoor het gemakkelijk verward kan worden met hero\u00efne of de poederversie van fentanyl.<\/p>\n<p>De stof is een synthetische opio\u00efde zonder erkende klinische toepassing. Het medicijn is in de jaren tachtig gemaakt door een groep Canadese wetenschappers als onderdeel van een reeks experimentele pijnstillers, maar het is nooit op mensen getest. Als gevolg hiervan zijn de meeste van de mogelijke nadelige effecten op mensen onbekend &#8211; W-18 is alleen ooit ge\u00ebvalueerd op laboratoriummuizen.<\/p>\n<p>W-18 is 100 keer krachtiger dan fentanyl in termen van potentie. Fentanyl is een medicijn dat 100 keer krachtiger is dan morfine. W-18 is 10.000 keer krachtiger dan traditionele opiaten.<\/p>\n","protected":false},"excerpt":{"rendered":"<p>Koop W-18-pillen online te koop in de VS, Canada, het VK, Azi\u00eb en Europa. Onze verzending en bezorging is 100% veilig, beveiligd en discreet.<\/p>\n","protected":false},"featured_media":7969,"comment_status":"open","ping_status":"closed","template":"","meta":{"inline_featured_image":false},"product_brand":[],"product_cat":[116],"product_tag":[461,481,480,466,467,468,469,474,475,476,477,479,462,463,464,465,470,471,472,473,478,482,497,485,486,489,490,491,492,483,484,487,494,496,495,493,501,499,502,498,500,503,504,488,506,505],"class_list":{"0":"post-7964","1":"product","2":"type-product","3":"status-publish","4":"has-post-thumbnail","6":"product_cat-pijnstillers","7":"product_tag-best-place-to-buy-w-18-online","8":"product_tag-bestel-w-18-online","9":"product_tag-bestel-w-18-te-koop","10":"product_tag-buy-w-18-drugs","11":"product_tag-buy-w-18-europe","12":"product_tag-buy-w-18-for-sale","13":"product_tag-buy-w-18-for-sale-usa-online","14":"product_tag-buy-w-18-in-usa","15":"product_tag-buy-w-18-online","16":"product_tag-buy-w-18-pills","17":"product_tag-buy-w-18-uk","18":"product_tag-is-w-18-legaal","19":"product_tag-koop-w-18","20":"product_tag-koop-w-18-2mg-online","21":"product_tag-koop-w-18-australi","22":"product_tag-koop-w-18-drug-online","23":"product_tag-koop-w-18-duitsland-online","24":"product_tag-koop-w-18-in-australi","25":"product_tag-buy-w-18-in-canada","26":"product_tag-koop-w-18-in-uk","27":"product_tag-koop-w-18-usa","28":"product_tag-kwaliteit-w-18-te-koop","29":"product_tag-w-18-bestelling","30":"product_tag-w-18-buy-online","31":"product_tag-w-18-buy-uk","32":"product_tag-w-18-medicijnen","33":"product_tag-w-18-medicijnen-te-koop","34":"product_tag-w-18-effect","35":"product_tag-w-18-for-sale","36":"product_tag-w-18-kopen","37":"product_tag-w-18-buy-canada","38":"product_tag-w-18-buy-usa","39":"product_tag-w-18-online","40":"product_tag-w-18-online-in-vs","41":"product_tag-w-18-online-kopen","42":"product_tag-w-18-te-koop-online","43":"product_tag-w-18-pillen-bestelling","44":"product_tag-w-18-pillen-effect","45":"product_tag-w-18-pillen-groothandel","46":"product_tag-w-18-pillen-kopen","47":"product_tag-w-18-pillen-te-koop","48":"product_tag-w-18-prijs-online","49":"product_tag-w-18-reddit","50":"product_tag-w-18-seconden","51":"product_tag-waar-te-kopen-w-18-pillen","52":"product_tag-waar-te-kopen-w-18-online","54":"first","55":"instock","56":"shipping-taxable","57":"purchasable","58":"product-type-variable","59":"has-default-attributes"},"yoast_head":"<!-- This site is optimized with the Yoast SEO Premium plugin v19.2 (Yoast SEO v27.3) - https:\/\/yoast.com\/product\/yoast-seo-premium-wordpress\/ -->\n<title>Koop W-18 pillen online - Everyday Chem Shop<\/title>\n<meta name=\"description\" content=\"Koop W-18 pillen online. We verkopen W-18-pillen online. Neem contact met ons op voor meer informatie voor meer informatie en prijzen.\" \/>\n<meta name=\"robots\" content=\"index, follow, max-snippet:-1, max-image-preview:large, max-video-preview:-1\" \/>\n<link rel=\"canonical\" href=\"https:\/\/everydaychemshop.com\/nl\/product\/koop-w-18-pillen\/\" \/>\n<meta property=\"og:locale\" content=\"en_US\" \/>\n<meta property=\"og:type\" content=\"article\" \/>\n<meta property=\"og:title\" content=\"Koop W-18 pillen\" \/>\n<meta property=\"og:description\" content=\"Koop W-18 pillen online. We verkopen W-18-pillen online. Neem contact met ons op voor meer informatie voor meer informatie en prijzen.\" \/>\n<meta property=\"og:url\" content=\"https:\/\/everydaychemshop.com\/nl\/product\/koop-w-18-pillen\/\" \/>\n<meta property=\"og:site_name\" content=\"Everyday Chem Shop\" \/>\n<meta property=\"article:modified_time\" content=\"2023-04-05T16:36:59+00:00\" \/>\n<meta property=\"og:image\" content=\"https:\/\/everydaychemshop.com\/nl\/wp-content\/uploads\/sites\/7\/2022\/11\/Buy-W-18-Pills.jpg\" \/>\n\t<meta property=\"og:image:width\" content=\"840\" \/>\n\t<meta property=\"og:image:height\" content=\"781\" \/>\n\t<meta property=\"og:image:type\" content=\"image\/jpeg\" \/>\n<meta name=\"twitter:card\" content=\"summary_large_image\" \/>\n<meta name=\"twitter:label1\" content=\"Est. reading time\" \/>\n\t<meta name=\"twitter:data1\" content=\"3 minutes\" \/>\n<script type=\"application\/ld+json\" class=\"yoast-schema-graph\">{\"@context\":\"https:\\\/\\\/schema.org\",\"@graph\":[{\"@type\":\"WebPage\",\"@id\":\"https:\\\/\\\/everydaychemshop.com\\\/nl\\\/product\\\/koop-w-18-pillen\\\/\",\"url\":\"https:\\\/\\\/everydaychemshop.com\\\/nl\\\/product\\\/koop-w-18-pillen\\\/\",\"name\":\"Koop W-18 pillen online - Everyday Chem Shop\",\"isPartOf\":{\"@id\":\"https:\\\/\\\/everydaychemshop.com\\\/nl\\\/#website\"},\"primaryImageOfPage\":{\"@id\":\"https:\\\/\\\/everydaychemshop.com\\\/nl\\\/product\\\/koop-w-18-pillen\\\/#primaryimage\"},\"image\":{\"@id\":\"https:\\\/\\\/everydaychemshop.com\\\/nl\\\/product\\\/koop-w-18-pillen\\\/#primaryimage\"},\"thumbnailUrl\":\"https:\\\/\\\/everydaychemshop.com\\\/nl\\\/wp-content\\\/uploads\\\/sites\\\/7\\\/2022\\\/11\\\/Buy-W-18-Pills.jpg\",\"datePublished\":\"2022-11-17T10:07:48+00:00\",\"dateModified\":\"2023-04-05T16:36:59+00:00\",\"description\":\"Koop W-18 pillen online. We verkopen W-18-pillen online. Neem contact met ons op voor meer informatie voor meer informatie en prijzen.\",\"breadcrumb\":{\"@id\":\"https:\\\/\\\/everydaychemshop.com\\\/nl\\\/product\\\/koop-w-18-pillen\\\/#breadcrumb\"},\"inLanguage\":\"en-US\",\"potentialAction\":[{\"@type\":\"ReadAction\",\"target\":[\"https:\\\/\\\/everydaychemshop.com\\\/nl\\\/product\\\/koop-w-18-pillen\\\/\"]}]},{\"@type\":\"ImageObject\",\"inLanguage\":\"en-US\",\"@id\":\"https:\\\/\\\/everydaychemshop.com\\\/nl\\\/product\\\/koop-w-18-pillen\\\/#primaryimage\",\"url\":\"https:\\\/\\\/everydaychemshop.com\\\/nl\\\/wp-content\\\/uploads\\\/sites\\\/7\\\/2022\\\/11\\\/Buy-W-18-Pills.jpg\",\"contentUrl\":\"https:\\\/\\\/everydaychemshop.com\\\/nl\\\/wp-content\\\/uploads\\\/sites\\\/7\\\/2022\\\/11\\\/Buy-W-18-Pills.jpg\",\"width\":840,\"height\":781,\"caption\":\"Koop W-18 pillen online\"},{\"@type\":\"BreadcrumbList\",\"@id\":\"https:\\\/\\\/everydaychemshop.com\\\/nl\\\/product\\\/koop-w-18-pillen\\\/#breadcrumb\",\"itemListElement\":[{\"@type\":\"ListItem\",\"position\":1,\"name\":\"Home\",\"item\":\"https:\\\/\\\/everydaychemshop.com\\\/nl\\\/\"},{\"@type\":\"ListItem\",\"position\":2,\"name\":\"Producten\",\"item\":\"https:\\\/\\\/everydaychemshop.com\\\/nl\\\/producten\\\/\"},{\"@type\":\"ListItem\",\"position\":3,\"name\":\"Koop W-18 pillen\"}]},{\"@type\":\"WebSite\",\"@id\":\"https:\\\/\\\/everydaychemshop.com\\\/nl\\\/#website\",\"url\":\"https:\\\/\\\/everydaychemshop.com\\\/nl\\\/\",\"name\":\"Everyday Chem Shop\",\"description\":\"\",\"potentialAction\":[{\"@type\":\"SearchAction\",\"target\":{\"@type\":\"EntryPoint\",\"urlTemplate\":\"https:\\\/\\\/everydaychemshop.com\\\/nl\\\/?s={search_term_string}\"},\"query-input\":{\"@type\":\"PropertyValueSpecification\",\"valueRequired\":true,\"valueName\":\"search_term_string\"}}],\"inLanguage\":\"en-US\"}]}<\/script>\n<!-- \/ Yoast SEO Premium plugin. -->","yoast_head_json":{"title":"Koop W-18 pillen online - Everyday Chem Shop","description":"Koop W-18 pillen online. We verkopen W-18-pillen online. Neem contact met ons op voor meer informatie voor meer informatie en prijzen.","robots":{"index":"index","follow":"follow","max-snippet":"max-snippet:-1","max-image-preview":"max-image-preview:large","max-video-preview":"max-video-preview:-1"},"canonical":"https:\/\/everydaychemshop.com\/nl\/product\/koop-w-18-pillen\/","og_locale":"en_US","og_type":"article","og_title":"Koop W-18 pillen","og_description":"Koop W-18 pillen online. We verkopen W-18-pillen online. Neem contact met ons op voor meer informatie voor meer informatie en prijzen.","og_url":"https:\/\/everydaychemshop.com\/nl\/product\/koop-w-18-pillen\/","og_site_name":"Everyday Chem Shop","article_modified_time":"2023-04-05T16:36:59+00:00","og_image":[{"width":840,"height":781,"url":"https:\/\/everydaychemshop.com\/nl\/wp-content\/uploads\/sites\/7\/2022\/11\/Buy-W-18-Pills.jpg","type":"image\/jpeg"}],"twitter_card":"summary_large_image","twitter_misc":{"Est. reading time":"3 minutes"},"schema":{"@context":"https:\/\/schema.org","@graph":[{"@type":"WebPage","@id":"https:\/\/everydaychemshop.com\/nl\/product\/koop-w-18-pillen\/","url":"https:\/\/everydaychemshop.com\/nl\/product\/koop-w-18-pillen\/","name":"Koop W-18 pillen online - Everyday Chem Shop","isPartOf":{"@id":"https:\/\/everydaychemshop.com\/nl\/#website"},"primaryImageOfPage":{"@id":"https:\/\/everydaychemshop.com\/nl\/product\/koop-w-18-pillen\/#primaryimage"},"image":{"@id":"https:\/\/everydaychemshop.com\/nl\/product\/koop-w-18-pillen\/#primaryimage"},"thumbnailUrl":"https:\/\/everydaychemshop.com\/nl\/wp-content\/uploads\/sites\/7\/2022\/11\/Buy-W-18-Pills.jpg","datePublished":"2022-11-17T10:07:48+00:00","dateModified":"2023-04-05T16:36:59+00:00","description":"Koop W-18 pillen online. We verkopen W-18-pillen online. Neem contact met ons op voor meer informatie voor meer informatie en prijzen.","breadcrumb":{"@id":"https:\/\/everydaychemshop.com\/nl\/product\/koop-w-18-pillen\/#breadcrumb"},"inLanguage":"en-US","potentialAction":[{"@type":"ReadAction","target":["https:\/\/everydaychemshop.com\/nl\/product\/koop-w-18-pillen\/"]}]},{"@type":"ImageObject","inLanguage":"en-US","@id":"https:\/\/everydaychemshop.com\/nl\/product\/koop-w-18-pillen\/#primaryimage","url":"https:\/\/everydaychemshop.com\/nl\/wp-content\/uploads\/sites\/7\/2022\/11\/Buy-W-18-Pills.jpg","contentUrl":"https:\/\/everydaychemshop.com\/nl\/wp-content\/uploads\/sites\/7\/2022\/11\/Buy-W-18-Pills.jpg","width":840,"height":781,"caption":"Koop W-18 pillen online"},{"@type":"BreadcrumbList","@id":"https:\/\/everydaychemshop.com\/nl\/product\/koop-w-18-pillen\/#breadcrumb","itemListElement":[{"@type":"ListItem","position":1,"name":"Home","item":"https:\/\/everydaychemshop.com\/nl\/"},{"@type":"ListItem","position":2,"name":"Producten","item":"https:\/\/everydaychemshop.com\/nl\/producten\/"},{"@type":"ListItem","position":3,"name":"Koop W-18 pillen"}]},{"@type":"WebSite","@id":"https:\/\/everydaychemshop.com\/nl\/#website","url":"https:\/\/everydaychemshop.com\/nl\/","name":"Everyday Chem Shop","description":"","potentialAction":[{"@type":"SearchAction","target":{"@type":"EntryPoint","urlTemplate":"https:\/\/everydaychemshop.com\/nl\/?s={search_term_string}"},"query-input":{"@type":"PropertyValueSpecification","valueRequired":true,"valueName":"search_term_string"}}],"inLanguage":"en-US"}]}},"_links":{"self":[{"href":"https:\/\/everydaychemshop.com\/nl\/wp-json\/wp\/v2\/product\/7964","targetHints":{"allow":["GET"]}}],"collection":[{"href":"https:\/\/everydaychemshop.com\/nl\/wp-json\/wp\/v2\/product"}],"about":[{"href":"https:\/\/everydaychemshop.com\/nl\/wp-json\/wp\/v2\/types\/product"}],"replies":[{"embeddable":true,"href":"https:\/\/everydaychemshop.com\/nl\/wp-json\/wp\/v2\/comments?post=7964"}],"wp:featuredmedia":[{"embeddable":true,"href":"https:\/\/everydaychemshop.com\/nl\/wp-json\/wp\/v2\/media\/7969"}],"wp:attachment":[{"href":"https:\/\/everydaychemshop.com\/nl\/wp-json\/wp\/v2\/media?parent=7964"}],"wp:term":[{"taxonomy":"product_brand","embeddable":true,"href":"https:\/\/everydaychemshop.com\/nl\/wp-json\/wp\/v2\/product_brand?post=7964"},{"taxonomy":"product_cat","embeddable":true,"href":"https:\/\/everydaychemshop.com\/nl\/wp-json\/wp\/v2\/product_cat?post=7964"},{"taxonomy":"product_tag","embeddable":true,"href":"https:\/\/everydaychemshop.com\/nl\/wp-json\/wp\/v2\/product_tag?post=7964"}],"curies":[{"name":"wp","href":"https:\/\/api.w.org\/{rel}","templated":true}]}}