{"id":8092,"date":"2022-11-18T21:46:46","date_gmt":"2022-11-18T21:46:46","guid":{"rendered":"https:\/\/everydaychemshop.com\/nl\/?post_type=product&#038;p=8092"},"modified":"2023-04-05T16:10:16","modified_gmt":"2023-04-05T16:10:16","slug":"adb-pinaca-poeder","status":"publish","type":"product","link":"https:\/\/everydaychemshop.com\/nl\/product\/adb-pinaca-poeder\/","title":{"rendered":"ADB-PINACA-poeder"},"content":{"rendered":"<h1 class=\"product_title entry-title\">Koop ADB-Pinaca Poeder online<\/h1>\n<p><a href=\"https:\/\/everydaychemshop.com\/nl\/product\/adb-pinaca-poeder\/\">Koop ADB-Pinaca Poeder online<\/a> Purity 98% Chemical Stock beschikbaar in Powder &amp; Kristal<br \/>\nMethiopropamine \/ MPA<\/p>\n<p>ADB-Pinaca Poeder Zuiverheid<\/p>\n<p>ProName: 5F-MDMB-PINACA 5F-ADB 5FADB ADB poeder<br \/>\nCasNo: 68585-34- 2<br \/>\nMoleculaire formule: ADB<br \/>\nUiterlijk: wit kristallijn poeder<br \/>\nToepassing: farmaceutisch tussenproduct<br \/>\nLeveringstijd: 4-7 dagen voor gereed product<br \/>\nPackAge: 1kg\/aluminiumfoliezak<br \/>\nHaven: Tianjin<br \/>\nProductiecapaciteit: 10000 kilogram\/maand<br \/>\nZuiverheid: &gt;99,5%<br \/>\nOpslag: blijf koel, droog en goed afgesloten<br \/>\nTransport: per EMS, DHL, FEDEX<br \/>\nVochtgehalte: \u22640,01<\/p>\n<p>Koop\u00a0<a href=\"https:\/\/en.wikipedia.org\/wiki\/ADB-PINACA\">ADB-PINACA<\/a>\u00a0Poeder Zuiverheid 98% te koop,verkopers van onderzoekchemicali\u00ebn,koop chemicali\u00ebnonderzoek china,beste site om onderzoekchemicali\u00ebn te kopen,onderzoekchemicali\u00ebn <a href=\"https:\/\/en.wikipedia.org\/wiki\/ADB-PINACA\">reddit<\/a>,bodybuilding onderzoekchemicali\u00ebn,goedkope onderzoekchemicali\u00ebn usa,onderzoekchemicali\u00ebn online europa kopen<\/p>\n","protected":false},"excerpt":{"rendered":"<p>Koop ADB-Pinaca Poeder Hoge Zuiverheid. Koop ADB-Pinaca Powder Purity 98% Chemical Stock beschikbaar in Powder &amp; Crystal<\/p>\n<p>Koop ADB-Pinaca-poeder te koop in Europa, VK, EU, China Zuiverheid 98% chemische voorraad verkrijgbaar in poeder &amp; CrystalMethiopropamine \/ MPA ADB-Pinaca poederzuiverheid.<\/p>\n","protected":false},"featured_media":8099,"comment_status":"open","ping_status":"closed","template":"","meta":{"inline_featured_image":false},"product_brand":[],"product_cat":[264],"product_tag":[],"class_list":{"0":"post-8092","1":"product","2":"type-product","3":"status-publish","4":"has-post-thumbnail","6":"product_cat-onderzoek-chemisch","8":"first","9":"instock","10":"shipping-taxable","11":"purchasable","12":"product-type-variable"},"yoast_head":"<!-- This site is optimized with the Yoast SEO Premium plugin v19.2 (Yoast SEO v27.3) - https:\/\/yoast.com\/product\/yoast-seo-premium-wordpress\/ -->\n<title>Koop ADB-Pinaca Poeder online- Everyday Chem Shop<\/title>\n<meta name=\"description\" content=\"Koop ADB-Pinaca Poeder online. We verkopen ADB-Pinaca-poeder van de beste kwaliteit online. Neem gerust contact op voor meer informatie en prijzen.\" \/>\n<meta name=\"robots\" content=\"index, follow, max-snippet:-1, max-image-preview:large, max-video-preview:-1\" \/>\n<link rel=\"canonical\" href=\"https:\/\/everydaychemshop.com\/nl\/product\/adb-pinaca-poeder\/\" \/>\n<meta property=\"og:locale\" content=\"en_US\" \/>\n<meta property=\"og:type\" content=\"article\" \/>\n<meta property=\"og:title\" content=\"ADB-PINACA-poeder\" \/>\n<meta property=\"og:description\" content=\"Koop ADB-Pinaca Poeder online. We verkopen ADB-Pinaca-poeder van de beste kwaliteit online. Neem gerust contact op voor meer informatie en prijzen.\" \/>\n<meta property=\"og:url\" content=\"https:\/\/everydaychemshop.com\/nl\/product\/adb-pinaca-poeder\/\" \/>\n<meta property=\"og:site_name\" content=\"Everyday Chem Shop\" \/>\n<meta property=\"article:modified_time\" content=\"2023-04-05T16:10:16+00:00\" \/>\n<meta property=\"og:image\" content=\"https:\/\/everydaychemshop.com\/nl\/wp-content\/uploads\/sites\/7\/2022\/11\/Buy-ADB-Pinaca-Powder.png\" \/>\n\t<meta property=\"og:image:width\" content=\"600\" \/>\n\t<meta property=\"og:image:height\" content=\"400\" \/>\n\t<meta property=\"og:image:type\" content=\"image\/png\" \/>\n<meta name=\"twitter:card\" content=\"summary_large_image\" \/>\n<meta name=\"twitter:label1\" content=\"Est. reading time\" \/>\n\t<meta name=\"twitter:data1\" content=\"1 minute\" \/>\n<script type=\"application\/ld+json\" class=\"yoast-schema-graph\">{\"@context\":\"https:\\\/\\\/schema.org\",\"@graph\":[{\"@type\":\"WebPage\",\"@id\":\"https:\\\/\\\/everydaychemshop.com\\\/nl\\\/product\\\/adb-pinaca-poeder\\\/\",\"url\":\"https:\\\/\\\/everydaychemshop.com\\\/nl\\\/product\\\/adb-pinaca-poeder\\\/\",\"name\":\"Koop ADB-Pinaca Poeder online- Everyday Chem Shop\",\"isPartOf\":{\"@id\":\"https:\\\/\\\/everydaychemshop.com\\\/nl\\\/#website\"},\"primaryImageOfPage\":{\"@id\":\"https:\\\/\\\/everydaychemshop.com\\\/nl\\\/product\\\/adb-pinaca-poeder\\\/#primaryimage\"},\"image\":{\"@id\":\"https:\\\/\\\/everydaychemshop.com\\\/nl\\\/product\\\/adb-pinaca-poeder\\\/#primaryimage\"},\"thumbnailUrl\":\"https:\\\/\\\/everydaychemshop.com\\\/nl\\\/wp-content\\\/uploads\\\/sites\\\/7\\\/2022\\\/11\\\/Buy-ADB-Pinaca-Powder.png\",\"datePublished\":\"2022-11-18T21:46:46+00:00\",\"dateModified\":\"2023-04-05T16:10:16+00:00\",\"description\":\"Koop ADB-Pinaca Poeder online. We verkopen ADB-Pinaca-poeder van de beste kwaliteit online. Neem gerust contact op voor meer informatie en prijzen.\",\"breadcrumb\":{\"@id\":\"https:\\\/\\\/everydaychemshop.com\\\/nl\\\/product\\\/adb-pinaca-poeder\\\/#breadcrumb\"},\"inLanguage\":\"en-US\",\"potentialAction\":[{\"@type\":\"ReadAction\",\"target\":[\"https:\\\/\\\/everydaychemshop.com\\\/nl\\\/product\\\/adb-pinaca-poeder\\\/\"]}]},{\"@type\":\"ImageObject\",\"inLanguage\":\"en-US\",\"@id\":\"https:\\\/\\\/everydaychemshop.com\\\/nl\\\/product\\\/adb-pinaca-poeder\\\/#primaryimage\",\"url\":\"https:\\\/\\\/everydaychemshop.com\\\/nl\\\/wp-content\\\/uploads\\\/sites\\\/7\\\/2022\\\/11\\\/Buy-ADB-Pinaca-Powder.png\",\"contentUrl\":\"https:\\\/\\\/everydaychemshop.com\\\/nl\\\/wp-content\\\/uploads\\\/sites\\\/7\\\/2022\\\/11\\\/Buy-ADB-Pinaca-Powder.png\",\"width\":600,\"height\":400,\"caption\":\"Koop ADB-Pinaca Poeder online\"},{\"@type\":\"BreadcrumbList\",\"@id\":\"https:\\\/\\\/everydaychemshop.com\\\/nl\\\/product\\\/adb-pinaca-poeder\\\/#breadcrumb\",\"itemListElement\":[{\"@type\":\"ListItem\",\"position\":1,\"name\":\"Home\",\"item\":\"https:\\\/\\\/everydaychemshop.com\\\/nl\\\/\"},{\"@type\":\"ListItem\",\"position\":2,\"name\":\"Producten\",\"item\":\"https:\\\/\\\/everydaychemshop.com\\\/nl\\\/producten\\\/\"},{\"@type\":\"ListItem\",\"position\":3,\"name\":\"ADB-PINACA-poeder\"}]},{\"@type\":\"WebSite\",\"@id\":\"https:\\\/\\\/everydaychemshop.com\\\/nl\\\/#website\",\"url\":\"https:\\\/\\\/everydaychemshop.com\\\/nl\\\/\",\"name\":\"Everyday Chem Shop\",\"description\":\"\",\"potentialAction\":[{\"@type\":\"SearchAction\",\"target\":{\"@type\":\"EntryPoint\",\"urlTemplate\":\"https:\\\/\\\/everydaychemshop.com\\\/nl\\\/?s={search_term_string}\"},\"query-input\":{\"@type\":\"PropertyValueSpecification\",\"valueRequired\":true,\"valueName\":\"search_term_string\"}}],\"inLanguage\":\"en-US\"}]}<\/script>\n<!-- \/ Yoast SEO Premium plugin. -->","yoast_head_json":{"title":"Koop ADB-Pinaca Poeder online- Everyday Chem Shop","description":"Koop ADB-Pinaca Poeder online. We verkopen ADB-Pinaca-poeder van de beste kwaliteit online. Neem gerust contact op voor meer informatie en prijzen.","robots":{"index":"index","follow":"follow","max-snippet":"max-snippet:-1","max-image-preview":"max-image-preview:large","max-video-preview":"max-video-preview:-1"},"canonical":"https:\/\/everydaychemshop.com\/nl\/product\/adb-pinaca-poeder\/","og_locale":"en_US","og_type":"article","og_title":"ADB-PINACA-poeder","og_description":"Koop ADB-Pinaca Poeder online. We verkopen ADB-Pinaca-poeder van de beste kwaliteit online. Neem gerust contact op voor meer informatie en prijzen.","og_url":"https:\/\/everydaychemshop.com\/nl\/product\/adb-pinaca-poeder\/","og_site_name":"Everyday Chem Shop","article_modified_time":"2023-04-05T16:10:16+00:00","og_image":[{"width":600,"height":400,"url":"https:\/\/everydaychemshop.com\/nl\/wp-content\/uploads\/sites\/7\/2022\/11\/Buy-ADB-Pinaca-Powder.png","type":"image\/png"}],"twitter_card":"summary_large_image","twitter_misc":{"Est. reading time":"1 minute"},"schema":{"@context":"https:\/\/schema.org","@graph":[{"@type":"WebPage","@id":"https:\/\/everydaychemshop.com\/nl\/product\/adb-pinaca-poeder\/","url":"https:\/\/everydaychemshop.com\/nl\/product\/adb-pinaca-poeder\/","name":"Koop ADB-Pinaca Poeder online- Everyday Chem Shop","isPartOf":{"@id":"https:\/\/everydaychemshop.com\/nl\/#website"},"primaryImageOfPage":{"@id":"https:\/\/everydaychemshop.com\/nl\/product\/adb-pinaca-poeder\/#primaryimage"},"image":{"@id":"https:\/\/everydaychemshop.com\/nl\/product\/adb-pinaca-poeder\/#primaryimage"},"thumbnailUrl":"https:\/\/everydaychemshop.com\/nl\/wp-content\/uploads\/sites\/7\/2022\/11\/Buy-ADB-Pinaca-Powder.png","datePublished":"2022-11-18T21:46:46+00:00","dateModified":"2023-04-05T16:10:16+00:00","description":"Koop ADB-Pinaca Poeder online. We verkopen ADB-Pinaca-poeder van de beste kwaliteit online. Neem gerust contact op voor meer informatie en prijzen.","breadcrumb":{"@id":"https:\/\/everydaychemshop.com\/nl\/product\/adb-pinaca-poeder\/#breadcrumb"},"inLanguage":"en-US","potentialAction":[{"@type":"ReadAction","target":["https:\/\/everydaychemshop.com\/nl\/product\/adb-pinaca-poeder\/"]}]},{"@type":"ImageObject","inLanguage":"en-US","@id":"https:\/\/everydaychemshop.com\/nl\/product\/adb-pinaca-poeder\/#primaryimage","url":"https:\/\/everydaychemshop.com\/nl\/wp-content\/uploads\/sites\/7\/2022\/11\/Buy-ADB-Pinaca-Powder.png","contentUrl":"https:\/\/everydaychemshop.com\/nl\/wp-content\/uploads\/sites\/7\/2022\/11\/Buy-ADB-Pinaca-Powder.png","width":600,"height":400,"caption":"Koop ADB-Pinaca Poeder online"},{"@type":"BreadcrumbList","@id":"https:\/\/everydaychemshop.com\/nl\/product\/adb-pinaca-poeder\/#breadcrumb","itemListElement":[{"@type":"ListItem","position":1,"name":"Home","item":"https:\/\/everydaychemshop.com\/nl\/"},{"@type":"ListItem","position":2,"name":"Producten","item":"https:\/\/everydaychemshop.com\/nl\/producten\/"},{"@type":"ListItem","position":3,"name":"ADB-PINACA-poeder"}]},{"@type":"WebSite","@id":"https:\/\/everydaychemshop.com\/nl\/#website","url":"https:\/\/everydaychemshop.com\/nl\/","name":"Everyday Chem Shop","description":"","potentialAction":[{"@type":"SearchAction","target":{"@type":"EntryPoint","urlTemplate":"https:\/\/everydaychemshop.com\/nl\/?s={search_term_string}"},"query-input":{"@type":"PropertyValueSpecification","valueRequired":true,"valueName":"search_term_string"}}],"inLanguage":"en-US"}]}},"_links":{"self":[{"href":"https:\/\/everydaychemshop.com\/nl\/wp-json\/wp\/v2\/product\/8092","targetHints":{"allow":["GET"]}}],"collection":[{"href":"https:\/\/everydaychemshop.com\/nl\/wp-json\/wp\/v2\/product"}],"about":[{"href":"https:\/\/everydaychemshop.com\/nl\/wp-json\/wp\/v2\/types\/product"}],"replies":[{"embeddable":true,"href":"https:\/\/everydaychemshop.com\/nl\/wp-json\/wp\/v2\/comments?post=8092"}],"wp:featuredmedia":[{"embeddable":true,"href":"https:\/\/everydaychemshop.com\/nl\/wp-json\/wp\/v2\/media\/8099"}],"wp:attachment":[{"href":"https:\/\/everydaychemshop.com\/nl\/wp-json\/wp\/v2\/media?parent=8092"}],"wp:term":[{"taxonomy":"product_brand","embeddable":true,"href":"https:\/\/everydaychemshop.com\/nl\/wp-json\/wp\/v2\/product_brand?post=8092"},{"taxonomy":"product_cat","embeddable":true,"href":"https:\/\/everydaychemshop.com\/nl\/wp-json\/wp\/v2\/product_cat?post=8092"},{"taxonomy":"product_tag","embeddable":true,"href":"https:\/\/everydaychemshop.com\/nl\/wp-json\/wp\/v2\/product_tag?post=8092"}],"curies":[{"name":"wp","href":"https:\/\/api.w.org\/{rel}","templated":true}]}}