{"id":8341,"date":"2022-11-22T22:43:59","date_gmt":"2022-11-22T22:43:59","guid":{"rendered":"https:\/\/everydaychemshop.com\/nl\/?post_type=product&#038;p=8341"},"modified":"2023-04-05T15:21:50","modified_gmt":"2023-04-05T15:21:50","slug":"cbd-premium-co2-geextraheerde-olie","status":"publish","type":"product","link":"https:\/\/everydaychemshop.com\/nl\/product\/cbd-premium-co2-geextraheerde-olie\/","title":{"rendered":"CBD Premium CO2-ge\u00ebxtraheerde olie online"},"content":{"rendered":"<h1>CBD Premium CO2-ge\u00ebxtraheerde olie online<\/h1>\n<p><a href=\"https:\/\/everydaychemshop.com\/nl\/product\/cbd-premium-co2-geextraheerde-olie\/\">CBD Premium CO2-ge\u00ebxtraheerde olie online<\/a>. De cannabino\u00efden worden verzameld tijdens CO2-extractie. Dat lijkt een olie te produceren die veel gemakkelijker te inhaleren is zonder hardheid.<br \/>\nDeze specifieke partij medicijnen is afgeleid van\u00a0ACDC, een cannabissoort waarvan <a href=\"https:\/\/de.wikipedia.org\/wiki\/Cannabidiol\">bekend<\/a> is dat ze een hoog CBD-gehalte heeft.<\/p>\n<p>&nbsp;<\/p>\n<p>Cannabino\u00efden zijn verzameld tijdens CO2-extractie. Dat lijkt een olie te maken die veel gemakkelijker in te ademen is zonder hard te zijn.<br \/>\nDeze specifieke partij drugs is gemaakt van ACDC, een cannabissoort waarvan bekend is dat ze getest is op hoge CBD-gehaltes.<\/p>\n<p>Onze vape-oliepatronen behoren tot de krachtigste op de markt. Wat je ziet is wat je geeuwt. Onze laboratoriumtests voor elke batch staan \u200b\u200bop de verpakking en de meeste batches testen op meer dan 70% THC. Bovendien is de smaak en extractie van onze cartridges zeer delicaat vanwege ons natuurlijke proces waarbij we terpenen gebruiken die van nature in bloemen voorkomen. maar<\/p>\n<p>Koop oliepatroon met THC Vape-pen, THC-patroon online te koop, oliepatroon voor vape-pen, voorgevulde patroon met hasjolie te koop<\/p>\n<p>Onze olie is een van de sterkste op de markt. In tegenstelling tot veel andere merken die je een ruwe en vervolgens verdunde opbrengst geven, is bij Pure wat je ziet wat je verdampt. Onze laboratoriumtests voor elke batch staan \u200b\u200bop de verpakking en de meeste batches testen op meer dan 70% THC. Bovendien is de smaak en extractie van onze cartridges zeer delicaat vanwege ons natuurlijke proces waarbij we terpenen gebruiken die van nature in bloemen voorkomen.<\/p>\n","protected":false},"excerpt":{"rendered":"<p>Hoge CBD Premium CO2-ge\u00ebxtraheerde olie bij Green Valley CBD USA. Hoge CBD premium CO2-olie. Totaal actieve cannabino\u00efden:80% THC:24% CBD:56% CO2-extractie marihuana-oliepatroon.Wordt geleverd in 1g.bestel online cbd Co2-olie.<\/p>\n<p>&nbsp;<\/p>\n<p>Totaal actieve cannabino\u00efden: 80%<br \/>\nTHC: 24%<br \/>\nCBD: 56%<\/p>\n<h3>Koop THC-cannabisoliepatronen<\/h3>\n<p>productprijs is als: per patroon van 1 g<br \/>\n<strong>Minimale bestelhoeveelheid is: 3 cartridges<\/strong><\/p>\n","protected":false},"featured_media":8349,"comment_status":"open","ping_status":"closed","template":"","meta":{"inline_featured_image":false},"product_brand":[],"product_cat":[61],"product_tag":[624,626,641,623,628,631,637,640,634,635,639,636,642,638,643,627,633,625,629,622,632,630],"class_list":{"0":"post-8341","1":"product","2":"type-product","3":"status-publish","4":"has-post-thumbnail","6":"product_cat-cannabisproducten","7":"product_tag-buy-cbd-premium-co2-extracted-oil-online","8":"product_tag-buy-cbd-premium-co2-extracted-online","9":"product_tag-buy-cbd-premium-co2-extracted-online-usa","10":"product_tag-buy-cbd-premium-co2-online","11":"product_tag-buy-co2-extracted-cannabis-oil","12":"product_tag-buy-co2-extracted-oil","13":"product_tag-high-thc-cannabisolie-te-koop","14":"product_tag-cbd-premium-co2-gextraheerd-legaal-in-de-usa","15":"product_tag-cbd-premium-co2-gextraheerde-olie","16":"product_tag-cbd-premium-co2-gextraheerde-olie-te-koop","17":"product_tag-co2-gextraheerde-olie","18":"product_tag-co2-gextraheerde-olie-te-koop","19":"product_tag-hoe-bestel-cbd-premium-co2-gextraheerd","20":"product_tag-high-high-cbd-premium-te-koop","21":"product_tag-is-cbd-premium-co2-gextraheerd-legaal-in-canada","22":"product_tag-koop-cbd-premium-co2","23":"product_tag-koop-cbd-premium-co2-gextraheerd","24":"product_tag-koop-co2-gextraheerde-olie-online-usa","25":"product_tag-buy-high-cbd-premium-co2","26":"product_tag-kopen-hoge-cbd-premium-co2-gextraheerde-olie-online-usa-cbd-premium-co2-gextraheerde-olie-te-koop-online","27":"product_tag-koop-hoge-cbd-premium-co2-gextraheerde-olie","28":"product_tag-koop-high-cbd-premium-co2-gextraheerde-olie-online","30":"first","31":"instock","32":"shipping-taxable","33":"purchasable","34":"product-type-variable","35":"has-default-attributes"},"yoast_head":"<!-- This site is optimized with the Yoast SEO Premium plugin v19.2 (Yoast SEO v27.3) - https:\/\/yoast.com\/product\/yoast-seo-premium-wordpress\/ -->\n<title>CBD Premium CO2-ge\u00ebxtraheerde olie - Everyday Chem Shop<\/title>\n<meta name=\"description\" content=\"CBD Premium CO2-ge\u00ebxtraheerde olie online. U kunt CBD Premium CO2-ge\u00ebxtraheerde olie online online in de VS kopen. Contacteer voor meer info en prijzen.\" \/>\n<meta name=\"robots\" content=\"index, follow, max-snippet:-1, max-image-preview:large, max-video-preview:-1\" \/>\n<link rel=\"canonical\" href=\"https:\/\/everydaychemshop.com\/nl\/product\/cbd-premium-co2-geextraheerde-olie\/\" \/>\n<meta property=\"og:locale\" content=\"en_US\" \/>\n<meta property=\"og:type\" content=\"article\" \/>\n<meta property=\"og:title\" content=\"CBD Premium CO2-ge\u00ebxtraheerde olie online\" \/>\n<meta property=\"og:description\" content=\"CBD Premium CO2-ge\u00ebxtraheerde olie online. U kunt CBD Premium CO2-ge\u00ebxtraheerde olie online online in de VS kopen. Contacteer voor meer info en prijzen.\" \/>\n<meta property=\"og:url\" content=\"https:\/\/everydaychemshop.com\/nl\/product\/cbd-premium-co2-geextraheerde-olie\/\" \/>\n<meta property=\"og:site_name\" content=\"Everyday Chem Shop\" \/>\n<meta property=\"article:modified_time\" content=\"2023-04-05T15:21:50+00:00\" \/>\n<meta property=\"og:image\" content=\"https:\/\/everydaychemshop.com\/nl\/wp-content\/uploads\/sites\/7\/2022\/11\/Buy-High-CBD-Premium-CO2-Extracted-Oil-Online-USA.jpg\" \/>\n\t<meta property=\"og:image:width\" content=\"600\" \/>\n\t<meta property=\"og:image:height\" content=\"600\" \/>\n\t<meta property=\"og:image:type\" content=\"image\/jpeg\" \/>\n<meta name=\"twitter:card\" content=\"summary_large_image\" \/>\n<meta name=\"twitter:label1\" content=\"Est. reading time\" \/>\n\t<meta name=\"twitter:data1\" content=\"2 minutes\" \/>\n<script type=\"application\/ld+json\" class=\"yoast-schema-graph\">{\"@context\":\"https:\\\/\\\/schema.org\",\"@graph\":[{\"@type\":\"WebPage\",\"@id\":\"https:\\\/\\\/everydaychemshop.com\\\/nl\\\/product\\\/cbd-premium-co2-geextraheerde-olie\\\/\",\"url\":\"https:\\\/\\\/everydaychemshop.com\\\/nl\\\/product\\\/cbd-premium-co2-geextraheerde-olie\\\/\",\"name\":\"CBD Premium CO2-ge\u00ebxtraheerde olie - Everyday Chem Shop\",\"isPartOf\":{\"@id\":\"https:\\\/\\\/everydaychemshop.com\\\/nl\\\/#website\"},\"primaryImageOfPage\":{\"@id\":\"https:\\\/\\\/everydaychemshop.com\\\/nl\\\/product\\\/cbd-premium-co2-geextraheerde-olie\\\/#primaryimage\"},\"image\":{\"@id\":\"https:\\\/\\\/everydaychemshop.com\\\/nl\\\/product\\\/cbd-premium-co2-geextraheerde-olie\\\/#primaryimage\"},\"thumbnailUrl\":\"https:\\\/\\\/everydaychemshop.com\\\/nl\\\/wp-content\\\/uploads\\\/sites\\\/7\\\/2022\\\/11\\\/Buy-High-CBD-Premium-CO2-Extracted-Oil-Online-USA.jpg\",\"datePublished\":\"2022-11-22T22:43:59+00:00\",\"dateModified\":\"2023-04-05T15:21:50+00:00\",\"description\":\"CBD Premium CO2-ge\u00ebxtraheerde olie online. U kunt CBD Premium CO2-ge\u00ebxtraheerde olie online online in de VS kopen. Contacteer voor meer info en prijzen.\",\"breadcrumb\":{\"@id\":\"https:\\\/\\\/everydaychemshop.com\\\/nl\\\/product\\\/cbd-premium-co2-geextraheerde-olie\\\/#breadcrumb\"},\"inLanguage\":\"en-US\",\"potentialAction\":[{\"@type\":\"ReadAction\",\"target\":[\"https:\\\/\\\/everydaychemshop.com\\\/nl\\\/product\\\/cbd-premium-co2-geextraheerde-olie\\\/\"]}]},{\"@type\":\"ImageObject\",\"inLanguage\":\"en-US\",\"@id\":\"https:\\\/\\\/everydaychemshop.com\\\/nl\\\/product\\\/cbd-premium-co2-geextraheerde-olie\\\/#primaryimage\",\"url\":\"https:\\\/\\\/everydaychemshop.com\\\/nl\\\/wp-content\\\/uploads\\\/sites\\\/7\\\/2022\\\/11\\\/Buy-High-CBD-Premium-CO2-Extracted-Oil-Online-USA.jpg\",\"contentUrl\":\"https:\\\/\\\/everydaychemshop.com\\\/nl\\\/wp-content\\\/uploads\\\/sites\\\/7\\\/2022\\\/11\\\/Buy-High-CBD-Premium-CO2-Extracted-Oil-Online-USA.jpg\",\"width\":600,\"height\":600,\"caption\":\"CBD Premium CO2-ge\u00ebxtraheerde olie online\"},{\"@type\":\"BreadcrumbList\",\"@id\":\"https:\\\/\\\/everydaychemshop.com\\\/nl\\\/product\\\/cbd-premium-co2-geextraheerde-olie\\\/#breadcrumb\",\"itemListElement\":[{\"@type\":\"ListItem\",\"position\":1,\"name\":\"Home\",\"item\":\"https:\\\/\\\/everydaychemshop.com\\\/nl\\\/\"},{\"@type\":\"ListItem\",\"position\":2,\"name\":\"Producten\",\"item\":\"https:\\\/\\\/everydaychemshop.com\\\/nl\\\/producten\\\/\"},{\"@type\":\"ListItem\",\"position\":3,\"name\":\"CBD Premium CO2-ge\u00ebxtraheerde olie online\"}]},{\"@type\":\"WebSite\",\"@id\":\"https:\\\/\\\/everydaychemshop.com\\\/nl\\\/#website\",\"url\":\"https:\\\/\\\/everydaychemshop.com\\\/nl\\\/\",\"name\":\"Everyday Chem Shop\",\"description\":\"\",\"potentialAction\":[{\"@type\":\"SearchAction\",\"target\":{\"@type\":\"EntryPoint\",\"urlTemplate\":\"https:\\\/\\\/everydaychemshop.com\\\/nl\\\/?s={search_term_string}\"},\"query-input\":{\"@type\":\"PropertyValueSpecification\",\"valueRequired\":true,\"valueName\":\"search_term_string\"}}],\"inLanguage\":\"en-US\"}]}<\/script>\n<!-- \/ Yoast SEO Premium plugin. -->","yoast_head_json":{"title":"CBD Premium CO2-ge\u00ebxtraheerde olie - Everyday Chem Shop","description":"CBD Premium CO2-ge\u00ebxtraheerde olie online. U kunt CBD Premium CO2-ge\u00ebxtraheerde olie online online in de VS kopen. Contacteer voor meer info en prijzen.","robots":{"index":"index","follow":"follow","max-snippet":"max-snippet:-1","max-image-preview":"max-image-preview:large","max-video-preview":"max-video-preview:-1"},"canonical":"https:\/\/everydaychemshop.com\/nl\/product\/cbd-premium-co2-geextraheerde-olie\/","og_locale":"en_US","og_type":"article","og_title":"CBD Premium CO2-ge\u00ebxtraheerde olie online","og_description":"CBD Premium CO2-ge\u00ebxtraheerde olie online. U kunt CBD Premium CO2-ge\u00ebxtraheerde olie online online in de VS kopen. Contacteer voor meer info en prijzen.","og_url":"https:\/\/everydaychemshop.com\/nl\/product\/cbd-premium-co2-geextraheerde-olie\/","og_site_name":"Everyday Chem Shop","article_modified_time":"2023-04-05T15:21:50+00:00","og_image":[{"width":600,"height":600,"url":"https:\/\/everydaychemshop.com\/nl\/wp-content\/uploads\/sites\/7\/2022\/11\/Buy-High-CBD-Premium-CO2-Extracted-Oil-Online-USA.jpg","type":"image\/jpeg"}],"twitter_card":"summary_large_image","twitter_misc":{"Est. reading time":"2 minutes"},"schema":{"@context":"https:\/\/schema.org","@graph":[{"@type":"WebPage","@id":"https:\/\/everydaychemshop.com\/nl\/product\/cbd-premium-co2-geextraheerde-olie\/","url":"https:\/\/everydaychemshop.com\/nl\/product\/cbd-premium-co2-geextraheerde-olie\/","name":"CBD Premium CO2-ge\u00ebxtraheerde olie - Everyday Chem Shop","isPartOf":{"@id":"https:\/\/everydaychemshop.com\/nl\/#website"},"primaryImageOfPage":{"@id":"https:\/\/everydaychemshop.com\/nl\/product\/cbd-premium-co2-geextraheerde-olie\/#primaryimage"},"image":{"@id":"https:\/\/everydaychemshop.com\/nl\/product\/cbd-premium-co2-geextraheerde-olie\/#primaryimage"},"thumbnailUrl":"https:\/\/everydaychemshop.com\/nl\/wp-content\/uploads\/sites\/7\/2022\/11\/Buy-High-CBD-Premium-CO2-Extracted-Oil-Online-USA.jpg","datePublished":"2022-11-22T22:43:59+00:00","dateModified":"2023-04-05T15:21:50+00:00","description":"CBD Premium CO2-ge\u00ebxtraheerde olie online. U kunt CBD Premium CO2-ge\u00ebxtraheerde olie online online in de VS kopen. Contacteer voor meer info en prijzen.","breadcrumb":{"@id":"https:\/\/everydaychemshop.com\/nl\/product\/cbd-premium-co2-geextraheerde-olie\/#breadcrumb"},"inLanguage":"en-US","potentialAction":[{"@type":"ReadAction","target":["https:\/\/everydaychemshop.com\/nl\/product\/cbd-premium-co2-geextraheerde-olie\/"]}]},{"@type":"ImageObject","inLanguage":"en-US","@id":"https:\/\/everydaychemshop.com\/nl\/product\/cbd-premium-co2-geextraheerde-olie\/#primaryimage","url":"https:\/\/everydaychemshop.com\/nl\/wp-content\/uploads\/sites\/7\/2022\/11\/Buy-High-CBD-Premium-CO2-Extracted-Oil-Online-USA.jpg","contentUrl":"https:\/\/everydaychemshop.com\/nl\/wp-content\/uploads\/sites\/7\/2022\/11\/Buy-High-CBD-Premium-CO2-Extracted-Oil-Online-USA.jpg","width":600,"height":600,"caption":"CBD Premium CO2-ge\u00ebxtraheerde olie online"},{"@type":"BreadcrumbList","@id":"https:\/\/everydaychemshop.com\/nl\/product\/cbd-premium-co2-geextraheerde-olie\/#breadcrumb","itemListElement":[{"@type":"ListItem","position":1,"name":"Home","item":"https:\/\/everydaychemshop.com\/nl\/"},{"@type":"ListItem","position":2,"name":"Producten","item":"https:\/\/everydaychemshop.com\/nl\/producten\/"},{"@type":"ListItem","position":3,"name":"CBD Premium CO2-ge\u00ebxtraheerde olie online"}]},{"@type":"WebSite","@id":"https:\/\/everydaychemshop.com\/nl\/#website","url":"https:\/\/everydaychemshop.com\/nl\/","name":"Everyday Chem Shop","description":"","potentialAction":[{"@type":"SearchAction","target":{"@type":"EntryPoint","urlTemplate":"https:\/\/everydaychemshop.com\/nl\/?s={search_term_string}"},"query-input":{"@type":"PropertyValueSpecification","valueRequired":true,"valueName":"search_term_string"}}],"inLanguage":"en-US"}]}},"_links":{"self":[{"href":"https:\/\/everydaychemshop.com\/nl\/wp-json\/wp\/v2\/product\/8341","targetHints":{"allow":["GET"]}}],"collection":[{"href":"https:\/\/everydaychemshop.com\/nl\/wp-json\/wp\/v2\/product"}],"about":[{"href":"https:\/\/everydaychemshop.com\/nl\/wp-json\/wp\/v2\/types\/product"}],"replies":[{"embeddable":true,"href":"https:\/\/everydaychemshop.com\/nl\/wp-json\/wp\/v2\/comments?post=8341"}],"wp:featuredmedia":[{"embeddable":true,"href":"https:\/\/everydaychemshop.com\/nl\/wp-json\/wp\/v2\/media\/8349"}],"wp:attachment":[{"href":"https:\/\/everydaychemshop.com\/nl\/wp-json\/wp\/v2\/media?parent=8341"}],"wp:term":[{"taxonomy":"product_brand","embeddable":true,"href":"https:\/\/everydaychemshop.com\/nl\/wp-json\/wp\/v2\/product_brand?post=8341"},{"taxonomy":"product_cat","embeddable":true,"href":"https:\/\/everydaychemshop.com\/nl\/wp-json\/wp\/v2\/product_cat?post=8341"},{"taxonomy":"product_tag","embeddable":true,"href":"https:\/\/everydaychemshop.com\/nl\/wp-json\/wp\/v2\/product_tag?post=8341"}],"curies":[{"name":"wp","href":"https:\/\/api.w.org\/{rel}","templated":true}]}}