{"id":3985,"date":"2018-09-11T13:11:53","date_gmt":"2018-09-11T13:11:53","guid":{"rendered":"https:\/\/www.ekko-wp.com\/?page_id=3985"},"modified":"2023-01-04T21:25:43","modified_gmt":"2023-01-04T21:25:43","slug":"zasady-i-warunki","status":"publish","type":"page","link":"https:\/\/everydaychemshop.com\/pl\/zasady-i-warunki\/","title":{"rendered":"Zasady i warunki"},"content":{"rendered":"<h3>Informacje og\u00f3lne<\/h3>\n<p>Jednym z naszych g\u0142\u00f3wnych priorytet\u00f3w jest prywatno\u015b\u0107 naszych go\u015bci. Niniejsza Polityka prywatno\u015bci zawiera rodzaje informacji gromadzonych i zapisywanych przez Everyday Chem Shop oraz spos\u00f3b, w jaki je wykorzystujemy.<\/p>\n<p>Je\u015bli masz dodatkowe pytania lub potrzebujesz wi\u0119cej informacji na temat naszej Polityki prywatno\u015bci, nie wahaj si\u0119 skontaktowa\u0107 z nami za po\u015brednictwem poczty elektronicznej na adres Inkubator.<\/p>\n<h3>Pliki dziennika<\/h3>\n<p>Everyday Chem Shop stosuje standardow\u0105 procedur\u0119 korzystania z plik\u00f3w dziennika. Pliki te rejestruj\u0105 odwiedzaj\u0105cych, gdy odwiedzaj\u0105 oni strony internetowe. Robi\u0105 to wszystkie firmy hostingowe i cz\u0119\u015b\u0107 analityki us\u0142ug hostingowych. Informacje gromadzone przez pliki dziennika obejmuj\u0105:<\/p>\n<ul>\n<li>adresy protoko\u0142u internetowego (IP).<\/li>\n<li>typ przegl\u0105darki, dostawca us\u0142ug internetowych (ISP)<\/li>\n<li>znacznik daty i godziny, strony odsy\u0142aj\u0105ce\/wyj\u015bciowe<\/li>\n<li>prawdopodobnie liczba klikni\u0119\u0107<\/li>\n<\/ul>\n<h3>Polityka prywatno\u015bci<\/h3>\n<p>Mo\u017cesz zapozna\u0107 si\u0119 z t\u0105 list\u0105, aby znale\u017a\u0107 Polityk\u0119 Prywatno\u015bci dla ka\u017cdego z partner\u00f3w reklamowych Inkubatora.<\/p>\n<p>Zewn\u0119trzne serwery reklamowe lub sieci reklamowe wykorzystuj\u0105 technologie takie jak pliki cookie, JavaScript lub sygnalizatory sieci Web, kt\u00f3re s\u0105 wykorzystywane w odpowiednich reklamach i linkach pojawiaj\u0105cych si\u0119 w Inkubatorze, kt\u00f3re s\u0105 wysy\u0142ane bezpo\u015brednio do przegl\u0105darki u\u017cytkownika. Automatycznie otrzymuj\u0105 Tw\u00f3j adres IP, gdy to nast\u0105pi. Technologie te s\u0105 wykorzystywane do mierzenia skuteczno\u015bci ich kampanii reklamowych i\/lub do personalizowania tre\u015bci reklamowych, kt\u00f3re widzisz na odwiedzanych stronach internetowych.<\/p>\n<p>Nale\u017cy pami\u0119ta\u0107, \u017ce Everyday Chem Shop nie ma dost\u0119pu ani kontroli nad tymi plikami cookie u\u017cywanymi przez zewn\u0119trznych reklamodawc\u00f3w.<\/p>\n<h3>Zasady os\u00f3b trzecich<\/h3>\n<p>Polityka Prywatno\u015bci Inkubatora nie dotyczy innych reklamodawc\u00f3w ani serwis\u00f3w. W zwi\u0105zku z tym zalecamy zapoznanie si\u0119 z odpowiednimi Zasadami ochrony prywatno\u015bci tych zewn\u0119trznych serwer\u00f3w reklamowych w celu uzyskania bardziej szczeg\u00f3\u0142owych informacji. Mo\u017ce to obejmowa\u0107 ich praktyki i instrukcje dotycz\u0105ce rezygnacji z niekt\u00f3rych opcji. Pe\u0142n\u0105 list\u0119 tych Zasad ochrony prywatno\u015bci i ich \u0142\u0105cza mo\u017cna znale\u017a\u0107 tutaj: Linki do Zasad ochrony prywatno\u015bci.<\/p>\n<p>Mo\u017cesz wy\u0142\u0105czy\u0107 pliki cookie za pomoc\u0105 indywidualnych opcji przegl\u0105darki. Bardziej szczeg\u00f3\u0142owe informacje na temat zarz\u0105dzania plikami cookie w poszczeg\u00f3lnych przegl\u0105darkach internetowych mo\u017cna znale\u017a\u0107 na stronach internetowych poszczeg\u00f3lnych przegl\u0105darek. Co to s\u0105 pliki cookie?<\/p>\n<h3>Informacje o dzieciach<\/h3>\n<p>Kolejn\u0105 cz\u0119\u015bci\u0105 naszego priorytetu jest dodanie ochrony dzieci podczas korzystania z Internetu. Zach\u0119camy rodzic\u00f3w i opiekun\u00f3w do obserwowania, uczestnictwa i\/lub monitorowania i kierowania ich dzia\u0142aniami online.<\/p>\n<p>Inkubator nie gromadzi \u015bwiadomie \u017cadnych Danych Osobowych umo\u017cliwiaj\u0105cych identyfikacj\u0119 dzieci poni\u017cej 13 roku \u017cycia. Je\u015bli uwa\u017casz, \u017ce Twoje dziecko udost\u0119pni\u0142o tego rodzaju informacje na naszej stronie internetowej, zach\u0119camy do niezw\u0142ocznego skontaktowania si\u0119 z nami, a my do\u0142o\u017cymy wszelkich stara\u0144, aby niezw\u0142ocznie usun\u0105\u0107 takich informacji z naszych rejestr\u00f3w.<\/p>\n<h3>Prywatno\u015b\u0107 w Internecie<\/h3>\n<p>Niniejsza polityka prywatno\u015bci dotyczy wy\u0142\u0105cznie naszych dzia\u0142a\u0144 online i dotyczy os\u00f3b odwiedzaj\u0105cych nasz\u0105 witryn\u0119 w odniesieniu do informacji, kt\u00f3re udost\u0119pniaj\u0105 i\/lub gromadz\u0105 w Everyday Chem Shop. Niniejsza polityka nie ma zastosowania do \u017cadnych informacji gromadzonych w trybie offline lub za po\u015brednictwem kana\u0142\u00f3w innych ni\u017c ta witryna.<br \/>\nKorzystaj\u0105c z naszej witryny, wyra\u017casz zgod\u0119 na nasz\u0105 Polityk\u0119 prywatno\u015bci i akceptujesz jej Warunki.<\/p>\n<h3>Aktualizacja<\/h3>\n<p>Niniejsza Polityka prywatno\u015bci zosta\u0142a ostatnio zaktualizowana 20 maja 2022 r. Je\u015bli nast\u0105pi jakakolwiek aktualizacja, poprawka lub zmiany w naszej Polityce prywatno\u015bci, zostan\u0105 one opublikowane na tej stronie.<\/p>\n","protected":false},"excerpt":{"rendered":"<p>Informacje og\u00f3lne Jednym z naszych g\u0142\u00f3wnych priorytet\u00f3w jest prywatno\u015b\u0107 naszych go\u015bci. Niniejsza Polityka prywatno\u015bci zawiera rodzaje informacji gromadzonych i zapisywanych [&hellip;]<\/p>\n","protected":false},"author":1,"featured_media":0,"parent":0,"menu_order":0,"comment_status":"closed","ping_status":"closed","template":"","meta":{"inline_featured_image":false,"footnotes":""},"class_list":["post-3985","page","type-page","status-publish","hentry"],"yoast_head":"<!-- This site is optimized with the Yoast SEO Premium plugin v19.2 (Yoast SEO v27.3) - https:\/\/yoast.com\/product\/yoast-seo-premium-wordpress\/ -->\n<title>Zasady i warunki - Everyday Chem Shop<\/title>\n<meta name=\"robots\" content=\"index, follow, max-snippet:-1, max-image-preview:large, max-video-preview:-1\" \/>\n<link rel=\"canonical\" href=\"https:\/\/everydaychemshop.com\/pl\/zasady-i-warunki\/\" \/>\n<meta property=\"og:locale\" content=\"en_US\" \/>\n<meta property=\"og:type\" content=\"article\" \/>\n<meta property=\"og:title\" content=\"Zasady i warunki\" \/>\n<meta property=\"og:description\" content=\"Informacje og\u00f3lne Jednym z naszych g\u0142\u00f3wnych priorytet\u00f3w jest prywatno\u015b\u0107 naszych go\u015bci. Niniejsza Polityka prywatno\u015bci zawiera rodzaje informacji gromadzonych i zapisywanych [&hellip;]\" \/>\n<meta property=\"og:url\" content=\"https:\/\/everydaychemshop.com\/pl\/zasady-i-warunki\/\" \/>\n<meta property=\"og:site_name\" content=\"Everyday Chem Shop\" \/>\n<meta property=\"article:modified_time\" content=\"2023-01-04T21:25:43+00:00\" \/>\n<meta name=\"twitter:card\" content=\"summary_large_image\" \/>\n<meta name=\"twitter:label1\" content=\"Est. reading time\" \/>\n\t<meta name=\"twitter:data1\" content=\"3 minutes\" \/>\n<script type=\"application\/ld+json\" class=\"yoast-schema-graph\">{\"@context\":\"https:\\\/\\\/schema.org\",\"@graph\":[{\"@type\":\"WebPage\",\"@id\":\"https:\\\/\\\/everydaychemshop.com\\\/pl\\\/zasady-i-warunki\\\/\",\"url\":\"https:\\\/\\\/everydaychemshop.com\\\/pl\\\/zasady-i-warunki\\\/\",\"name\":\"Zasady i warunki - Everyday Chem Shop\",\"isPartOf\":{\"@id\":\"https:\\\/\\\/everydaychemshop.com\\\/pl\\\/#website\"},\"datePublished\":\"2018-09-11T13:11:53+00:00\",\"dateModified\":\"2023-01-04T21:25:43+00:00\",\"breadcrumb\":{\"@id\":\"https:\\\/\\\/everydaychemshop.com\\\/pl\\\/zasady-i-warunki\\\/#breadcrumb\"},\"inLanguage\":\"en-US\",\"potentialAction\":[{\"@type\":\"ReadAction\",\"target\":[\"https:\\\/\\\/everydaychemshop.com\\\/pl\\\/zasady-i-warunki\\\/\"]}]},{\"@type\":\"BreadcrumbList\",\"@id\":\"https:\\\/\\\/everydaychemshop.com\\\/pl\\\/zasady-i-warunki\\\/#breadcrumb\",\"itemListElement\":[{\"@type\":\"ListItem\",\"position\":1,\"name\":\"Home\",\"item\":\"https:\\\/\\\/everydaychemshop.com\\\/pl\\\/\"},{\"@type\":\"ListItem\",\"position\":2,\"name\":\"Zasady i warunki\"}]},{\"@type\":\"WebSite\",\"@id\":\"https:\\\/\\\/everydaychemshop.com\\\/pl\\\/#website\",\"url\":\"https:\\\/\\\/everydaychemshop.com\\\/pl\\\/\",\"name\":\"Everyday Chem Shop\",\"description\":\"\",\"potentialAction\":[{\"@type\":\"SearchAction\",\"target\":{\"@type\":\"EntryPoint\",\"urlTemplate\":\"https:\\\/\\\/everydaychemshop.com\\\/pl\\\/?s={search_term_string}\"},\"query-input\":{\"@type\":\"PropertyValueSpecification\",\"valueRequired\":true,\"valueName\":\"search_term_string\"}}],\"inLanguage\":\"en-US\"}]}<\/script>\n<!-- \/ Yoast SEO Premium plugin. -->","yoast_head_json":{"title":"Zasady i warunki - Everyday Chem Shop","robots":{"index":"index","follow":"follow","max-snippet":"max-snippet:-1","max-image-preview":"max-image-preview:large","max-video-preview":"max-video-preview:-1"},"canonical":"https:\/\/everydaychemshop.com\/pl\/zasady-i-warunki\/","og_locale":"en_US","og_type":"article","og_title":"Zasady i warunki","og_description":"Informacje og\u00f3lne Jednym z naszych g\u0142\u00f3wnych priorytet\u00f3w jest prywatno\u015b\u0107 naszych go\u015bci. Niniejsza Polityka prywatno\u015bci zawiera rodzaje informacji gromadzonych i zapisywanych [&hellip;]","og_url":"https:\/\/everydaychemshop.com\/pl\/zasady-i-warunki\/","og_site_name":"Everyday Chem Shop","article_modified_time":"2023-01-04T21:25:43+00:00","twitter_card":"summary_large_image","twitter_misc":{"Est. reading time":"3 minutes"},"schema":{"@context":"https:\/\/schema.org","@graph":[{"@type":"WebPage","@id":"https:\/\/everydaychemshop.com\/pl\/zasady-i-warunki\/","url":"https:\/\/everydaychemshop.com\/pl\/zasady-i-warunki\/","name":"Zasady i warunki - Everyday Chem Shop","isPartOf":{"@id":"https:\/\/everydaychemshop.com\/pl\/#website"},"datePublished":"2018-09-11T13:11:53+00:00","dateModified":"2023-01-04T21:25:43+00:00","breadcrumb":{"@id":"https:\/\/everydaychemshop.com\/pl\/zasady-i-warunki\/#breadcrumb"},"inLanguage":"en-US","potentialAction":[{"@type":"ReadAction","target":["https:\/\/everydaychemshop.com\/pl\/zasady-i-warunki\/"]}]},{"@type":"BreadcrumbList","@id":"https:\/\/everydaychemshop.com\/pl\/zasady-i-warunki\/#breadcrumb","itemListElement":[{"@type":"ListItem","position":1,"name":"Home","item":"https:\/\/everydaychemshop.com\/pl\/"},{"@type":"ListItem","position":2,"name":"Zasady i warunki"}]},{"@type":"WebSite","@id":"https:\/\/everydaychemshop.com\/pl\/#website","url":"https:\/\/everydaychemshop.com\/pl\/","name":"Everyday Chem Shop","description":"","potentialAction":[{"@type":"SearchAction","target":{"@type":"EntryPoint","urlTemplate":"https:\/\/everydaychemshop.com\/pl\/?s={search_term_string}"},"query-input":{"@type":"PropertyValueSpecification","valueRequired":true,"valueName":"search_term_string"}}],"inLanguage":"en-US"}]}},"_links":{"self":[{"href":"https:\/\/everydaychemshop.com\/pl\/wp-json\/wp\/v2\/pages\/3985","targetHints":{"allow":["GET"]}}],"collection":[{"href":"https:\/\/everydaychemshop.com\/pl\/wp-json\/wp\/v2\/pages"}],"about":[{"href":"https:\/\/everydaychemshop.com\/pl\/wp-json\/wp\/v2\/types\/page"}],"author":[{"embeddable":true,"href":"https:\/\/everydaychemshop.com\/pl\/wp-json\/wp\/v2\/users\/1"}],"replies":[{"embeddable":true,"href":"https:\/\/everydaychemshop.com\/pl\/wp-json\/wp\/v2\/comments?post=3985"}],"version-history":[{"count":3,"href":"https:\/\/everydaychemshop.com\/pl\/wp-json\/wp\/v2\/pages\/3985\/revisions"}],"predecessor-version":[{"id":8498,"href":"https:\/\/everydaychemshop.com\/pl\/wp-json\/wp\/v2\/pages\/3985\/revisions\/8498"}],"wp:attachment":[{"href":"https:\/\/everydaychemshop.com\/pl\/wp-json\/wp\/v2\/media?parent=3985"}],"curies":[{"name":"wp","href":"https:\/\/api.w.org\/{rel}","templated":true}]}}