{"id":5728,"date":"2018-10-22T13:46:00","date_gmt":"2018-10-22T13:46:00","guid":{"rendered":"https:\/\/www.ekko-wp.com\/?page_id=5728"},"modified":"2023-01-04T21:38:49","modified_gmt":"2023-01-04T21:38:49","slug":"o-nas","status":"publish","type":"page","link":"https:\/\/everydaychemshop.com\/pl\/o-nas\/","title":{"rendered":"O nas"},"content":{"rendered":"<p>[vc_row css=&#8221;.vc_custom_1658098987410{margin-top: -100px !important;padding-top: 70px !important;padding-right: 50px !important;padding-left: 50px !important;background-color: #ffffff !important;}&#8221; el_id=&#8221;our-company-1522842082520-613dd28d-aa9d&#8221;][vc_column][vc_row_inner][vc_column_inner width=&#8221;1\/3&#8243; css=&#8221;.vc_custom_1519734939213{padding-right: 50px !important;}&#8221; offset=&#8221;vc_col-lg-4 vc_col-md-12&#8243;][vc_custom_heading text=&#8221;Everyday Chem Shop&#8221; font_container=&#8221;tag:h2|font_size:36px|text_align:left|line_height:42px&#8221; use_theme_fonts=&#8221;yes&#8221;][\/vc_column_inner][vc_column_inner width=&#8221;2\/3&#8243; offset=&#8221;vc_col-lg-8 vc_col-md-12&#8243;][vc_custom_heading text=&#8221;Dzi\u0119ki ponad 15-letniemu do\u015bwiadczeniu wy\u0142\u0105cznie w obs\u0142udze pacjent\u00f3w, jeste\u015bmy ekspertami w tym, co robimy i czekamy na Twoj\u0105 pomoc.&#8221; font_container=&#8221;tag:h6|text_align:left&#8221; use_theme_fonts=&#8221;yes&#8221; link=&#8221;url:%23our-company-1522842082520-613dd28d-aa9d&#8221;][\/vc_column_inner][\/vc_row_inner][\/vc_column][\/vc_row][vc_row full_width=&#8221;stretch_row&#8221; css=&#8221;.vc_custom_1555684303434{padding-top: 100px !important;padding-bottom: 70px !important;background-color: #f5f5f5 !important;}&#8221;][vc_column][vc_row_inner][vc_column_inner width=&#8221;1\/4&#8243; offset=&#8221;vc_hidden-xs&#8221;][\/vc_column_inner][vc_column_inner width=&#8221;1\/2&#8243;][vc_column_text css_animation=&#8221;fadeIn&#8221;]<\/p>\n<h6 style=\"text-align: center;\"><a href=\"\/\">Codzienny sklep chemiczny<\/a> ma platform\u0119, na kt\u00f3r\u0105 zas\u0142ugujesz<\/h6>\n<p>[\/vc_column_text][vc_empty_space height=&#8221;25px&#8221;]<header class=\"kd-section-title col-lg-12 text-center  kd-animated fadeIn  \" data-animation-delay=200><h2 class=\"separator_off\" >Dbamy o utrzymanie jako\u015bci i czysto\u015bci naszych produkt\u00f3w<\/h2><\/header>[\/vc_column_inner][vc_column_inner width=&#8221;1\/4&#8243; offset=&#8221;vc_hidden-xs&#8221;][\/vc_column_inner][\/vc_row_inner][vc_row_inner css=&#8221;.vc_custom_1556018075864{margin-top: 40px !important;}&#8221;][vc_column_inner]<div class=\"templatera_shortcode\"><div class=\"vc_row wpb_row vc_row-fluid\"><div class=\"wpb_column vc_column_container vc_col-sm-12\"><div class=\"vc_column-inner\"><div class=\"wpb_wrapper\">\r\n            <div class=\"kd-process-steps process_three_elem process-checkbox-template \">\r\n                <ul>\r\n                <li class=\"pss-item kd-animated fadeIn \"  >\r\n                    <div class=\"pss-container\"><div class=\"pss-step-number\"><span >1<\/span><\/div><div class=\"pss-text-area\">\r\n                            <h5 >Wykwalifikowani lekarze<\/h5>\r\n                            <p >Posiadamy zesp\u00f3\u0142 do\u015bwiadczonych i wykwalifikowanych lekarzy. Zadzwo\u0144 do nas, aby dowiedzie\u0107 si\u0119 wi\u0119cej o naszych lekarzach i personelu. Jeste\u015bmy tutaj i gotowi do pomocy.<\/p><a href=\"\/contact-us\/\" class=\"tt_button  \"  target=\"_self\" title=\"\">LEARN MORE +<\/a><\/div>\r\n                    <\/div>\r\n                <\/li>\r\n                <li class=\"pss-item kd-animated fadeIn \"  data-animation-delay=200>\r\n                    <div class=\"pss-container\"><div class=\"pss-step-number\"><span >2<\/span><\/div><div class=\"pss-text-area\">\r\n                            <h5 >Zaufane leczenie<\/h5>\r\n                            <p >Nasz program Trusted Treatment obejmuje zwalczanie mch\u00f3w, zwalczanie chwast\u00f3w i nawozy, dzi\u0119ki kt\u00f3rym Tw\u00f3j trawnik b\u0119dzie bujny i zdrowy przez ca\u0142y rok. Zaufane leczenie.<\/p><a href=\"\/contact-us\/\" class=\"tt_button  btn_secondary_color\"  target=\"_self\" title=\"\">LEARN MORE +<\/a><\/div>\r\n                    <\/div>\r\n                <\/li>\r\n                <li class=\"pss-item kd-animated fadeIn \"  data-animation-delay=400>\r\n                    <div class=\"pss-container\"><div class=\"pss-step-number\"><span >3<\/span><\/div><div class=\"pss-text-area\">\r\n                            <h5 >Us\u0142ugi 24\/7<\/h5>\r\n                            <p >S\u0142u\u017cby ratunkowe s\u0105 dost\u0119pne 24 godziny na dob\u0119, 7 dni w tygodniu, 365 dni w roku. Wszystkie rodzaje nag\u0142ych przypadk\u00f3w medycznych s\u0105 zarz\u0105dzane przez izb\u0119 przyj\u0119\u0107.<\/p><a href=\"\/contact-us\/\" class=\"tt_button  \"  target=\"_self\" title=\"\">LEARN MORE +<\/a><\/div>\r\n                    <\/div>\r\n                <\/li><\/ul>\r\n            <\/div><\/div><\/div><\/div><\/div>\r\n<\/div>[\/vc_column_inner][\/vc_row_inner][\/vc_column][\/vc_row][vc_row full_width=&#8221;stretch_row&#8221; css=&#8221;.vc_custom_1555684701846{padding-top: 85px !important;}&#8221;][vc_column css=&#8221;.vc_custom_1516029502203{padding-right: 0px !important;padding-left: 0px !important;}&#8221;][vc_row_inner css=&#8221;.vc_custom_1516030120585{padding-bottom: 80px !important;}&#8221;][vc_column_inner css=&#8221;.vc_custom_1516029494833{padding-right: 0px !important;padding-left: 0px !important;}&#8221;]<div class=\"templatera_shortcode\"><div class=\"vc_row wpb_row vc_row-fluid\"><div class=\"wpb_column vc_column_container vc_col-sm-12\"><div class=\"vc_column-inner\"><div class=\"wpb_wrapper\">\r\n                <div class=\"review-carousel rc-parent kd-rwc-69d0f406369d6 black-navigation nav-arrows-dots\">\r\n                    <div class=\"rc-content\">\r\n                <div class=\"key-reviews kd-animated fadeInUp \"  ><div class=\"rw-author-details\"><div class=\"rw_img_wrapper\">\r\n                            <div class=\"rw-authorimg\"><img loading=\"lazy\" decoding=\"async\" width=\"150\" height=\"150\" src=\"https:\/\/everydaychemshop.com\/pl\/wp-content\/uploads\/sites\/8\/2022\/11\/placeholder-testimonials.png\" class=\"attachment-full\" alt=\"\" title=\"placeholder-testimonials\" \/><\/div>\r\n                        <\/div><h5 >Nathan Becker<\/h5>\r\n                      <p >Los Angeles, California<\/p>\r\n                    <\/div><div class=\"rw_message\" >Pisz\u0119 ten list, aby podzi\u0119kowa\u0107 wszystkim w waszym wspania\u0142ym szpitalu za doskona\u0142\u0105 opiek\u0119, jak\u0105 mnie otoczono. Teraz jestem w porz\u0105dku.<\/div><div class=\"rw_rating\">\r\n                         <span class=\"fa fa-star\" style=\"color: #ffc662;\"><\/span><span class=\"fa fa-star\" style=\"color: #ffc662;\"><\/span><span class=\"fa fa-star\" style=\"color: #ffc662;\"><\/span><span class=\"fa fa-star\" style=\"color: #ffc662;\"><\/span><span class=\"fa fa-star\" style=\"color: #ffc662;\"><\/span>\r\n                      <\/div><\/div>\r\n                <div class=\"key-reviews kd-animated fadeInUp \"  data-animation-delay=200><div class=\"rw-author-details\"><div class=\"rw_img_wrapper\">\r\n                            <div class=\"rw-authorimg\"><img loading=\"lazy\" decoding=\"async\" width=\"150\" height=\"150\" src=\"https:\/\/everydaychemshop.com\/pl\/wp-content\/uploads\/sites\/8\/2022\/11\/placeholder-testimonials.png\" class=\"attachment-full\" alt=\"\" title=\"placeholder-testimonials\" \/><\/div>\r\n                        <\/div><h5 >Norman<\/h5>\r\n                      <p >San Antonio, Texas<\/p>\r\n                    <\/div><div class=\"rw_message\" >Od chwili, gdy zosta\u0142a przewieziona przez drzwi izby przyj\u0119\u0107, moje obawy zosta\u0142y natychmiast rozwiane. moje oko by\u0142o natychmiast<\/div><div class=\"rw_rating\">\r\n                         <span class=\"fa fa-star\" style=\"color: #ffc662;\"><\/span><span class=\"fa fa-star\" style=\"color: #ffc662;\"><\/span><span class=\"fa fa-star\" style=\"color: #ffc662;\"><\/span><span class=\"fa fa-star\" style=\"color: #ffc662;\"><\/span><span class=\"fa fa-star\" style=\"color: #ffc662;\"><\/span>\r\n                      <\/div><\/div>\r\n                <div class=\"key-reviews kd-animated fadeInUp \"  data-animation-delay=400><div class=\"rw-author-details\"><div class=\"rw_img_wrapper\">\r\n                            <div class=\"rw-authorimg\"><img loading=\"lazy\" decoding=\"async\" width=\"150\" height=\"150\" src=\"https:\/\/everydaychemshop.com\/pl\/wp-content\/uploads\/sites\/8\/2022\/11\/placeholder-testimonials.png\" class=\"attachment-full\" alt=\"\" title=\"placeholder-testimonials\" \/><\/div>\r\n                        <\/div><h5 >Sara Lisbon<\/h5>\r\n                      <p >Seattle, Washington<\/p>\r\n                    <\/div><div class=\"rw_message\" >Jeden z cz\u0142onk\u00f3w mojej rodziny zaproponowa\u0142 mi Everyday Chem Shop i przygotuj si\u0119 na szok. Przekazali mi narkotyki w ograniczonej zdolno\u015bci skupienia.<\/div><div class=\"rw_rating\">\r\n                         <span class=\"fa fa-star\" style=\"color: #ffc662;\"><\/span><span class=\"fa fa-star\" style=\"color: #ffc662;\"><\/span><span class=\"fa fa-star\" style=\"color: #ffc662;\"><\/span><span class=\"fa fa-star\" style=\"color: #ffc662;\"><\/span><span class=\"fa fa-star\" style=\"color: #ffc662;\"><\/span>\r\n                      <\/div><\/div>\r\n                <div class=\"key-reviews  \"  ><div class=\"rw-author-details\"><div class=\"rw_img_wrapper\">\r\n                            <div class=\"rw-authorimg\"><img loading=\"lazy\" decoding=\"async\" width=\"150\" height=\"150\" src=\"https:\/\/everydaychemshop.com\/pl\/wp-content\/uploads\/sites\/8\/2022\/11\/placeholder-testimonials.png\" class=\"attachment-full\" alt=\"\" title=\"placeholder-testimonials\" \/><\/div>\r\n                        <\/div><h5 >Rufus Lewis<\/h5>\r\n                      <p >Detroit, Michigan<\/p>\r\n                    <\/div><div class=\"rw_message\" >Czu\u0142em, \u017ce musisz wiedzie\u0107 o moim do\u015bwiadczeniu w Everyday Chem Shop. M\u00f3wi\u0119 wszystkim, jak wspaniali byli\u015bcie dla nas w bardzo trudnym okresie naszego \u017cycia.<\/div><div class=\"rw_rating\">\r\n                         <span class=\"fa fa-star\" style=\"color: #ffc662;\"><\/span><span class=\"fa fa-star\" style=\"color: #ffc662;\"><\/span><span class=\"fa fa-star\" style=\"color: #ffc662;\"><\/span><span class=\"fa fa-star\" style=\"color: #ffc662;\"><\/span><span class=\"fa fa-star\" style=\"color: #ffc662;\"><\/span>\r\n                      <\/div><\/div>\r\n                <div class=\"key-reviews  \"  ><div class=\"rw-author-details\"><div class=\"rw_img_wrapper\">\r\n                            <div class=\"rw-authorimg\"><img loading=\"lazy\" decoding=\"async\" width=\"150\" height=\"150\" src=\"https:\/\/everydaychemshop.com\/pl\/wp-content\/uploads\/sites\/8\/2022\/11\/placeholder-testimonials.png\" class=\"attachment-full\" alt=\"\" title=\"placeholder-testimonials\" \/><\/div>\r\n                        <\/div><h5 >Buyer<\/h5>\r\n                      <p >Portland, Oregon<\/p>\r\n                    <\/div><div class=\"rw_message\" >Szczerze m\u00f3wi\u0105c nie wiem co mo\u017ce by\u0107 lepszego terminowo\u015b\u0107, szybka wycena, szybka dostawa, my\u015bl\u0119, \u017ce to dobra firma z dobrym produktem.<\/div><div class=\"rw_rating\">\r\n                         <span class=\"fa fa-star\" style=\"color: #ffc662;\"><\/span><span class=\"fa fa-star\" style=\"color: #ffc662;\"><\/span><span class=\"fa fa-star\" style=\"color: #ffc662;\"><\/span><span class=\"fa fa-star\" style=\"color: #ffc662;\"><\/span><span class=\"fa fa-star\" style=\"color: #ffc662;\"><\/span>\r\n                      <\/div><\/div><\/div>\r\n                <\/div><script type=\"text\/javascript\">\r\n          \t\t\t\tjQuery(document).ready(function($){\r\n                    if ($(\".review-carousel.kd-rwc-69d0f406369d6 .rc-content\").length) {\r\n                      $(\".review-carousel.kd-rwc-69d0f406369d6 .rc-content\").owlCarousel({\r\n                        stageClass: \"owl-wrapper\",\r\n                        stageOuterClass: \"owl-wrapper-outer\",\r\n                        loadedClass: \"owl-carousel\",\r\n                        responsive:{\r\n                            0:{\r\n                                items:1,\r\n                                dots: false,\r\n                                nav: true,\r\n                                navSpeed: 500,\r\n                            },\r\n                            768:{\r\n                                items:2,\r\n                            },\r\n                            1024:{\r\n                                items:3,\r\n                            },\r\n                            1366:{\nnav: true,\r\n                                  navSpeed: 500,\r\n                                  dots: true,\r\n                                  dotsSpeed: 500,\r\n                                  dotsEach: true,}\r\n                        },loop: true,rewind: true,\r\n                        addClassActive: true,\r\n                      });\r\n                    }\r\n          \t\t\t\t});\r\n          \t\t\t<\/script><\/div><\/div><\/div><\/div>\r\n<\/div>[\/vc_column_inner][\/vc_row_inner][\/vc_column][\/vc_row][vc_row full_width=&#8221;stretch_row&#8221; css=&#8221;.vc_custom_1555684579349{border-bottom-width: 1px !important;border-bottom-color: #eaeaea !important;border-bottom-style: solid !important;}&#8221;][vc_column][vc_separator border_width=&#8221;2&#8243;][vc_row_inner css=&#8221;.vc_custom_1555684724267{padding-top: 80px !important;padding-bottom: 80px !important;}&#8221;][vc_column_inner]<div class=\"templatera_shortcode\"><div class=\"vc_row wpb_row vc_row-fluid\"><div class=\"wpb_column vc_column_container vc_col-sm-12\"><div class=\"vc_column-inner\"><div class=\"wpb_wrapper\"><div class=\"slider clients grayscale-effect kd-client-69d0f406375b7 black-navigation \"><div class=\"clients-content kd-animated zoomIn\" data-animation-delay=200><img loading=\"lazy\" decoding=\"async\" width=\"150\" height=\"50\" src=\"https:\/\/everydaychemshop.com\/pl\/wp-content\/uploads\/sites\/8\/2022\/11\/logo7.png\" class=\"attachment-full\" alt=\"\" title=\"logo7\" \/><\/div><div class=\"clients-content kd-animated zoomIn\" data-animation-delay=200><img loading=\"lazy\" decoding=\"async\" width=\"150\" height=\"50\" src=\"https:\/\/everydaychemshop.com\/pl\/wp-content\/uploads\/sites\/8\/2022\/11\/logo6.png\" class=\"attachment-full\" alt=\"\" title=\"logo6\" \/><\/div><div class=\"clients-content kd-animated zoomIn\" data-animation-delay=200><img loading=\"lazy\" decoding=\"async\" width=\"150\" height=\"50\" src=\"https:\/\/everydaychemshop.com\/pl\/wp-content\/uploads\/sites\/8\/2022\/11\/logo5.png\" class=\"attachment-full\" alt=\"\" title=\"logo5\" \/><\/div><div class=\"clients-content kd-animated zoomIn\" data-animation-delay=200><img loading=\"lazy\" decoding=\"async\" width=\"150\" height=\"50\" src=\"https:\/\/everydaychemshop.com\/pl\/wp-content\/uploads\/sites\/8\/2022\/11\/logo4.png\" class=\"attachment-full\" alt=\"\" title=\"logo4\" \/><\/div><div class=\"clients-content kd-animated zoomIn\" data-animation-delay=200><img loading=\"lazy\" decoding=\"async\" width=\"150\" height=\"50\" src=\"https:\/\/everydaychemshop.com\/pl\/wp-content\/uploads\/sites\/8\/2022\/11\/logo3.png\" class=\"attachment-full\" alt=\"\" title=\"logo3\" \/><\/div><div class=\"clients-content kd-animated zoomIn\" data-animation-delay=200><img loading=\"lazy\" decoding=\"async\" width=\"150\" height=\"50\" src=\"https:\/\/everydaychemshop.com\/pl\/wp-content\/uploads\/sites\/8\/2022\/11\/logo2.png\" class=\"attachment-full\" alt=\"\" title=\"logo2\" \/><\/div><div class=\"clients-content kd-animated zoomIn\" data-animation-delay=200><img loading=\"lazy\" decoding=\"async\" width=\"150\" height=\"50\" src=\"https:\/\/everydaychemshop.com\/pl\/wp-content\/uploads\/sites\/8\/2022\/11\/logo1.png\" class=\"attachment-full\" alt=\"\" title=\"logo1\" \/><\/div><\/div><script type=\"text\/javascript\">\r\n              jQuery(document).ready(function($){\r\n                if ($(\".slider.clients.kd-client-69d0f406375b7\").length) {\r\n                  $(\".slider.clients.kd-client-69d0f406375b7\").owlCarousel({\r\n                    stageClass: \"owl-wrapper\",\r\n                    stageOuterClass: \"owl-wrapper-outer\",\r\n                    loadedClass: \"owl-carousel\",\r\n                    responsiveClass:true,\r\n                    responsive:{\r\n                      0:{\r\n                          items:1,nav: true,\r\n                            navSpeed: 500,\r\n                            dots: false,},\r\n                      415:{\r\n                          items:3,nav: true,\r\n                            navSpeed: 500,\r\n                            dots: false,},\r\n                      960:{\r\n                          items:5,nav: true,\r\n                              navSpeed: 500,\r\n                              dots: false,}\r\n                    },loop: true,autoplay: true,autoplayTimeout: 8000,autoplayHoverPause: true,\r\n                  });\r\n                }\r\n              });\r\n            <\/script><\/div><\/div><\/div><\/div><\/div>[\/vc_column_inner][\/vc_row_inner][\/vc_column][\/vc_row]<\/p>\n","protected":false},"excerpt":{"rendered":"Everyday Chem ShopDzi\u0119ki ponad 15-letniemu do\u015bwiadczeniu wy\u0142\u0105cznie w obs\u0142udze pacjent\u00f3w, jeste\u015bmy ekspertami w tym, co robimy i czekamy na Twoj\u0105 [...]","protected":false},"author":1,"featured_media":0,"parent":0,"menu_order":0,"comment_status":"closed","ping_status":"closed","template":"","meta":{"inline_featured_image":false,"footnotes":""},"class_list":["post-5728","page","type-page","status-publish","hentry"],"yoast_head":"<!-- This site is optimized with the Yoast SEO Premium plugin v19.2 (Yoast SEO v27.3) - https:\/\/yoast.com\/product\/yoast-seo-premium-wordpress\/ -->\n<title>O nas - Everyday Chem Shop<\/title>\n<meta name=\"robots\" content=\"index, follow, max-snippet:-1, max-image-preview:large, max-video-preview:-1\" \/>\n<link rel=\"canonical\" href=\"https:\/\/everydaychemshop.com\/pl\/o-nas\/\" \/>\n<meta property=\"og:locale\" content=\"en_US\" \/>\n<meta property=\"og:type\" content=\"article\" \/>\n<meta property=\"og:title\" content=\"O nas\" \/>\n<meta property=\"og:url\" content=\"https:\/\/everydaychemshop.com\/pl\/o-nas\/\" \/>\n<meta property=\"og:site_name\" content=\"Everyday Chem Shop\" \/>\n<meta property=\"article:modified_time\" content=\"2023-01-04T21:38:49+00:00\" \/>\n<meta name=\"twitter:card\" content=\"summary_large_image\" \/>\n<meta name=\"twitter:label1\" content=\"Est. reading time\" \/>\n\t<meta name=\"twitter:data1\" content=\"1 minute\" \/>\n<script type=\"application\/ld+json\" class=\"yoast-schema-graph\">{\"@context\":\"https:\\\/\\\/schema.org\",\"@graph\":[{\"@type\":\"WebPage\",\"@id\":\"https:\\\/\\\/everydaychemshop.com\\\/pl\\\/o-nas\\\/\",\"url\":\"https:\\\/\\\/everydaychemshop.com\\\/pl\\\/o-nas\\\/\",\"name\":\"O nas - Everyday Chem Shop\",\"isPartOf\":{\"@id\":\"https:\\\/\\\/everydaychemshop.com\\\/pl\\\/#website\"},\"datePublished\":\"2018-10-22T13:46:00+00:00\",\"dateModified\":\"2023-01-04T21:38:49+00:00\",\"breadcrumb\":{\"@id\":\"https:\\\/\\\/everydaychemshop.com\\\/pl\\\/o-nas\\\/#breadcrumb\"},\"inLanguage\":\"en-US\",\"potentialAction\":[{\"@type\":\"ReadAction\",\"target\":[\"https:\\\/\\\/everydaychemshop.com\\\/pl\\\/o-nas\\\/\"]}]},{\"@type\":\"BreadcrumbList\",\"@id\":\"https:\\\/\\\/everydaychemshop.com\\\/pl\\\/o-nas\\\/#breadcrumb\",\"itemListElement\":[{\"@type\":\"ListItem\",\"position\":1,\"name\":\"Home\",\"item\":\"https:\\\/\\\/everydaychemshop.com\\\/pl\\\/\"},{\"@type\":\"ListItem\",\"position\":2,\"name\":\"O nas\"}]},{\"@type\":\"WebSite\",\"@id\":\"https:\\\/\\\/everydaychemshop.com\\\/pl\\\/#website\",\"url\":\"https:\\\/\\\/everydaychemshop.com\\\/pl\\\/\",\"name\":\"Everyday Chem Shop\",\"description\":\"\",\"potentialAction\":[{\"@type\":\"SearchAction\",\"target\":{\"@type\":\"EntryPoint\",\"urlTemplate\":\"https:\\\/\\\/everydaychemshop.com\\\/pl\\\/?s={search_term_string}\"},\"query-input\":{\"@type\":\"PropertyValueSpecification\",\"valueRequired\":true,\"valueName\":\"search_term_string\"}}],\"inLanguage\":\"en-US\"}]}<\/script>\n<!-- \/ Yoast SEO Premium plugin. -->","yoast_head_json":{"title":"O nas - Everyday Chem Shop","robots":{"index":"index","follow":"follow","max-snippet":"max-snippet:-1","max-image-preview":"max-image-preview:large","max-video-preview":"max-video-preview:-1"},"canonical":"https:\/\/everydaychemshop.com\/pl\/o-nas\/","og_locale":"en_US","og_type":"article","og_title":"O nas","og_url":"https:\/\/everydaychemshop.com\/pl\/o-nas\/","og_site_name":"Everyday Chem Shop","article_modified_time":"2023-01-04T21:38:49+00:00","twitter_card":"summary_large_image","twitter_misc":{"Est. reading time":"1 minute"},"schema":{"@context":"https:\/\/schema.org","@graph":[{"@type":"WebPage","@id":"https:\/\/everydaychemshop.com\/pl\/o-nas\/","url":"https:\/\/everydaychemshop.com\/pl\/o-nas\/","name":"O nas - Everyday Chem Shop","isPartOf":{"@id":"https:\/\/everydaychemshop.com\/pl\/#website"},"datePublished":"2018-10-22T13:46:00+00:00","dateModified":"2023-01-04T21:38:49+00:00","breadcrumb":{"@id":"https:\/\/everydaychemshop.com\/pl\/o-nas\/#breadcrumb"},"inLanguage":"en-US","potentialAction":[{"@type":"ReadAction","target":["https:\/\/everydaychemshop.com\/pl\/o-nas\/"]}]},{"@type":"BreadcrumbList","@id":"https:\/\/everydaychemshop.com\/pl\/o-nas\/#breadcrumb","itemListElement":[{"@type":"ListItem","position":1,"name":"Home","item":"https:\/\/everydaychemshop.com\/pl\/"},{"@type":"ListItem","position":2,"name":"O nas"}]},{"@type":"WebSite","@id":"https:\/\/everydaychemshop.com\/pl\/#website","url":"https:\/\/everydaychemshop.com\/pl\/","name":"Everyday Chem Shop","description":"","potentialAction":[{"@type":"SearchAction","target":{"@type":"EntryPoint","urlTemplate":"https:\/\/everydaychemshop.com\/pl\/?s={search_term_string}"},"query-input":{"@type":"PropertyValueSpecification","valueRequired":true,"valueName":"search_term_string"}}],"inLanguage":"en-US"}]}},"_links":{"self":[{"href":"https:\/\/everydaychemshop.com\/pl\/wp-json\/wp\/v2\/pages\/5728","targetHints":{"allow":["GET"]}}],"collection":[{"href":"https:\/\/everydaychemshop.com\/pl\/wp-json\/wp\/v2\/pages"}],"about":[{"href":"https:\/\/everydaychemshop.com\/pl\/wp-json\/wp\/v2\/types\/page"}],"author":[{"embeddable":true,"href":"https:\/\/everydaychemshop.com\/pl\/wp-json\/wp\/v2\/users\/1"}],"replies":[{"embeddable":true,"href":"https:\/\/everydaychemshop.com\/pl\/wp-json\/wp\/v2\/comments?post=5728"}],"version-history":[{"count":10,"href":"https:\/\/everydaychemshop.com\/pl\/wp-json\/wp\/v2\/pages\/5728\/revisions"}],"predecessor-version":[{"id":8503,"href":"https:\/\/everydaychemshop.com\/pl\/wp-json\/wp\/v2\/pages\/5728\/revisions\/8503"}],"wp:attachment":[{"href":"https:\/\/everydaychemshop.com\/pl\/wp-json\/wp\/v2\/media?parent=5728"}],"curies":[{"name":"wp","href":"https:\/\/api.w.org\/{rel}","templated":true}]}}