{"id":7583,"date":"2022-11-16T09:42:03","date_gmt":"2022-11-16T09:42:03","guid":{"rendered":"https:\/\/everydaychemshop.com\/pl\/?post_type=product&#038;p=7583"},"modified":"2023-04-07T20:12:25","modified_gmt":"2023-04-07T20:12:25","slug":"kup-aprobarbiton-online","status":"publish","type":"product","link":"https:\/\/everydaychemshop.com\/pl\/product\/kup-aprobarbiton-online\/","title":{"rendered":"Aprobarbiton"},"content":{"rendered":"<h1>Kup pigu\u0142ki aprobarbitonu online<\/h1>\n<p class=\"tt\"><a href=\"https:\/\/everydaychemshop.com\/pl\/product\/kup-aprobarbiton-online\/\">Kup pigu\u0142ki aprobarbitonu online<\/a>. Apteka internetowa Nembutal dzia\u0142a w tej bran\u017cy od d\u0142u\u017cszego czasu. Teraz ca\u0142kowicie zrozumieli\u015bmy perspektywy i wymagania klient\u00f3w z ca\u0142ego \u015bwiata. Jeste\u015bmy tutaj, aby spe\u0142ni\u0107 wszystkie wymagania dotycz\u0105ce Aprobarbitonu. Je\u015bli chcesz kupi\u0107 Aprobarbiton online, to nasza apteka jest najlepszym miejscem, aby to zrobi\u0107. Jeste\u015bmy dost\u0119pni z tym produktem leczniczym w umiarkowanych cenach. Mo\u017cesz go wygodnie kupi\u0107 u nas, a my dostarczymy Ci go w podanym terminie <a href=\"https:\/\/en.wikipedia.org\/wiki\/Aprobarbital\">rozpi\u0119to\u015b\u0107<\/a>.<\/p>\n<h4 class=\"tt\">Co Aprobarbitone mo\u017ce dla Ciebie zrobi\u0107?<\/h4>\n<p>Stosowanie Aprobarbitone mo\u017ce pom\u00f3c Ci dobrze przespa\u0107 noc. Kr\u00f3tko m\u00f3wi\u0105c, jest to idealna kuracja dla os\u00f3b cierpi\u0105cych na bezsenno\u015b\u0107. Jest znany ze swoich niesamowitych w\u0142a\u015bciwo\u015bci uspokajaj\u0105cych, nasennych i przeciwdrgawkowych.<\/p>\n<h4 class=\"tt\">Dlaczego warto wybra\u0107 nas do zakupu aprobarbitonu online?<\/h4>\n<p>Jeste\u015bmy wyspecjalizowany zesp\u00f3\u0142 ludzi, kt\u00f3rzy maj\u0105 g\u0142\u0119bokie do\u015bwiadczenie w dziedzinie lek\u00f3w i lek\u00f3w. Ponadto udost\u0119pniamy Aprobarbitone i inne produkty we wszystkich cz\u0119\u015bciach \u015bwiata. Teraz mo\u017cesz kupi\u0107 Aprobarbitone online w najlepszej cenie, nie wychodz\u0105c z domu. Jeste\u015bmy tylko o jedno klikni\u0119cie. Z\u0142\u00f3\u017c zam\u00f3wienie na kupno Aprobarbitonu online ju\u017c dzi\u015b i otrzymaj je wkr\u00f3tce pod podanym adresem.<\/p>\n<p><strong>Czy wiesz, gdzie kupi\u0107 Aprobarbitone bez recepty?<\/strong><\/p>\n<p>Aprobarbitone na sprzeda\u017c, warto\u015b\u0107 uliczna Brallobarbital, dawkowanie aprobarbitonu, jak zrobi\u0107 aprobarbiton, gdzie mog\u0119 aprobarbiton online, sk\u0105d wzi\u0105\u0107 aprobarbiton, co to jest aprobarbiton, najwy\u017cszej jako\u015bci aprobarbiton na sprzeda\u017c. Wszystkie te pytania bez odpowiedzi mog\u0105 uzyska\u0107 odpowiedzi za naszym po\u015brednictwem. Wystarczy, \u017ce przejrzysz nasz\u0105 stron\u0119 internetow\u0105, a uzyskasz odpowiedzi, jak i gdzie mo\u017cesz kupi\u0107 tabletki Aprobarbitone bez recepty online.<\/p>\n<p>A co z Aprobarbitone? Czy wiesz r\u00f3wnie\u017c, gdzie kupi\u0107 Aprobarbitone w sprzeda\u017cy online bez recepty? kupi\u0107 Aprobarbitone na sprzeda\u017c, jak zrobi\u0107 Aprobarbitone, jak wygl\u0105da Aprobarbitone, cena uliczna Aprobarbitone, cena Aprobarbitone, gdzie kupi\u0107 Aprobarbitone, czysty Aprobarbitone, gdzie mog\u0119 kupi\u0107 Aprobarbitone online bez recepty, kupi\u0107 czysty Aprobarbitone online bez recepty.<\/p>\n<p>Dobrej jako\u015bci aprobarbiton (Vesparax) online: Jest ca\u0142kowicie zrozumia\u0142e, \u017ce ludzie nie ufaj\u0105 szybko jako\u015bci aprobarbitonu sprzedawanego online, poniewa\u017c nie mog\u0105 go fizycznie zbada\u0107. Ale to nie to samo z dostawcami internetowymi Online Aprobarbitone. Produkty tutaj s\u0105 zgodne z opisem, a konserwacja wysokiej jako\u015bci jest wykonywana pod nadzorem ekspert\u00f3w.<\/p>\n<p>Szybko &amp; Dyskretna wysy\u0142ka: dostawa Aprobarbitone online po otrzymaniu zam\u00f3wienia odbywa si\u0119 w obiecanym terminie. Zesp\u00f3\u0142 wysy\u0142kowy dok\u0142ada wszelkich stara\u0144, aby procedura wysy\u0142ki i dostawy przebiega\u0142a p\u0142ynnie i szybko. Mo\u017cesz r\u00f3wnie\u017c oczekiwa\u0107 doskona\u0142ych us\u0142ug przy zakupie Aprobarbitone online od profesjonalisty na platformie internetowej.<\/p>\n","protected":false},"excerpt":{"rendered":"<p><strong>Jak zam\u00f3wi\u0107 aprobarbiton w internetowej aptece Nembutal?<\/strong><\/p>\n<p>Apteka internetowa Nembutal to idealne miejsce, aby spe\u0142ni\u0107 Twoje potrzeby i wymagania dotycz\u0105ce aprobarbitonu. Mo\u017cesz po prostu doda\u0107 sw\u00f3j lek do koszyka, zako\u0144czy\u0107 procedur\u0119 p\u0142atno\u015bci i z\u0142o\u017cy\u0107 zam\u00f3wienie na lek na naszej stronie internetowej. Si\u0119gnij do naszej apteki ju\u017c teraz i kup to, co najlepsze dla Twojego zdrowia. Kup Aprobarbital na sprzeda\u017c ju\u017c dzi\u015b!<\/p>\n","protected":false},"featured_media":7613,"comment_status":"open","ping_status":"closed","template":"","meta":{"inline_featured_image":false},"product_brand":[],"product_cat":[58],"product_tag":[],"class_list":{"0":"post-7583","1":"product","2":"type-product","3":"status-publish","4":"has-post-thumbnail","6":"product_cat-produkty-z-nembutalu","8":"first","9":"instock","10":"featured","11":"shipping-taxable","12":"purchasable","13":"product-type-variable","14":"has-default-attributes"},"yoast_head":"<!-- This site is optimized with the Yoast SEO Premium plugin v19.2 (Yoast SEO v27.3) - https:\/\/yoast.com\/product\/yoast-seo-premium-wordpress\/ -->\n<title>Kup pigu\u0142ki aprobarbitonu online - Everyday Chem Shop<\/title>\n<meta name=\"description\" content=\"Kup pigu\u0142ki aprobarbitonu online. Je\u015bli szukasz sposobu na zakup Aprobarbitone, jeste\u015b we w\u0142a\u015bciwym miejscu, aby kupi\u0107 Aprobarbitone online.\" \/>\n<meta name=\"robots\" content=\"index, follow, max-snippet:-1, max-image-preview:large, max-video-preview:-1\" \/>\n<link rel=\"canonical\" href=\"https:\/\/everydaychemshop.com\/pl\/product\/kup-aprobarbiton-online\/\" \/>\n<meta property=\"og:locale\" content=\"en_US\" \/>\n<meta property=\"og:type\" content=\"article\" \/>\n<meta property=\"og:title\" content=\"Aprobarbiton\" \/>\n<meta property=\"og:description\" content=\"Kup pigu\u0142ki aprobarbitonu online. Je\u015bli szukasz sposobu na zakup Aprobarbitone, jeste\u015b we w\u0142a\u015bciwym miejscu, aby kupi\u0107 Aprobarbitone online.\" \/>\n<meta property=\"og:url\" content=\"https:\/\/everydaychemshop.com\/pl\/product\/kup-aprobarbiton-online\/\" \/>\n<meta property=\"og:site_name\" content=\"Everyday Chem Shop\" \/>\n<meta property=\"article:modified_time\" content=\"2023-04-07T20:12:25+00:00\" \/>\n<meta property=\"og:image\" content=\"https:\/\/everydaychemshop.com\/pl\/wp-content\/uploads\/sites\/8\/2022\/11\/Aprobarbitone-1.jpg\" \/>\n\t<meta property=\"og:image:width\" content=\"600\" \/>\n\t<meta property=\"og:image:height\" content=\"600\" \/>\n\t<meta property=\"og:image:type\" content=\"image\/jpeg\" \/>\n<meta name=\"twitter:card\" content=\"summary_large_image\" \/>\n<meta name=\"twitter:label1\" content=\"Est. reading time\" \/>\n\t<meta name=\"twitter:data1\" content=\"2 minutes\" \/>\n<script type=\"application\/ld+json\" class=\"yoast-schema-graph\">{\"@context\":\"https:\\\/\\\/schema.org\",\"@graph\":[{\"@type\":\"WebPage\",\"@id\":\"https:\\\/\\\/everydaychemshop.com\\\/pl\\\/product\\\/kup-aprobarbiton-online\\\/\",\"url\":\"https:\\\/\\\/everydaychemshop.com\\\/pl\\\/product\\\/kup-aprobarbiton-online\\\/\",\"name\":\"Kup pigu\u0142ki aprobarbitonu online - Everyday Chem Shop\",\"isPartOf\":{\"@id\":\"https:\\\/\\\/everydaychemshop.com\\\/pl\\\/#website\"},\"primaryImageOfPage\":{\"@id\":\"https:\\\/\\\/everydaychemshop.com\\\/pl\\\/product\\\/kup-aprobarbiton-online\\\/#primaryimage\"},\"image\":{\"@id\":\"https:\\\/\\\/everydaychemshop.com\\\/pl\\\/product\\\/kup-aprobarbiton-online\\\/#primaryimage\"},\"thumbnailUrl\":\"https:\\\/\\\/everydaychemshop.com\\\/pl\\\/wp-content\\\/uploads\\\/sites\\\/8\\\/2022\\\/11\\\/Aprobarbitone-1.jpg\",\"datePublished\":\"2022-11-16T09:42:03+00:00\",\"dateModified\":\"2023-04-07T20:12:25+00:00\",\"description\":\"Kup pigu\u0142ki aprobarbitonu online. Je\u015bli szukasz sposobu na zakup Aprobarbitone, jeste\u015b we w\u0142a\u015bciwym miejscu, aby kupi\u0107 Aprobarbitone online.\",\"breadcrumb\":{\"@id\":\"https:\\\/\\\/everydaychemshop.com\\\/pl\\\/product\\\/kup-aprobarbiton-online\\\/#breadcrumb\"},\"inLanguage\":\"en-US\",\"potentialAction\":[{\"@type\":\"ReadAction\",\"target\":[\"https:\\\/\\\/everydaychemshop.com\\\/pl\\\/product\\\/kup-aprobarbiton-online\\\/\"]}]},{\"@type\":\"ImageObject\",\"inLanguage\":\"en-US\",\"@id\":\"https:\\\/\\\/everydaychemshop.com\\\/pl\\\/product\\\/kup-aprobarbiton-online\\\/#primaryimage\",\"url\":\"https:\\\/\\\/everydaychemshop.com\\\/pl\\\/wp-content\\\/uploads\\\/sites\\\/8\\\/2022\\\/11\\\/Aprobarbitone-1.jpg\",\"contentUrl\":\"https:\\\/\\\/everydaychemshop.com\\\/pl\\\/wp-content\\\/uploads\\\/sites\\\/8\\\/2022\\\/11\\\/Aprobarbitone-1.jpg\",\"width\":600,\"height\":600,\"caption\":\"Kup pigu\u0142ki aprobarbitonu online\"},{\"@type\":\"BreadcrumbList\",\"@id\":\"https:\\\/\\\/everydaychemshop.com\\\/pl\\\/product\\\/kup-aprobarbiton-online\\\/#breadcrumb\",\"itemListElement\":[{\"@type\":\"ListItem\",\"position\":1,\"name\":\"Home\",\"item\":\"https:\\\/\\\/everydaychemshop.com\\\/pl\\\/\"},{\"@type\":\"ListItem\",\"position\":2,\"name\":\"Produkty\",\"item\":\"https:\\\/\\\/everydaychemshop.com\\\/pl\\\/produkty\\\/\"},{\"@type\":\"ListItem\",\"position\":3,\"name\":\"Aprobarbiton\"}]},{\"@type\":\"WebSite\",\"@id\":\"https:\\\/\\\/everydaychemshop.com\\\/pl\\\/#website\",\"url\":\"https:\\\/\\\/everydaychemshop.com\\\/pl\\\/\",\"name\":\"Everyday Chem Shop\",\"description\":\"\",\"potentialAction\":[{\"@type\":\"SearchAction\",\"target\":{\"@type\":\"EntryPoint\",\"urlTemplate\":\"https:\\\/\\\/everydaychemshop.com\\\/pl\\\/?s={search_term_string}\"},\"query-input\":{\"@type\":\"PropertyValueSpecification\",\"valueRequired\":true,\"valueName\":\"search_term_string\"}}],\"inLanguage\":\"en-US\"}]}<\/script>\n<!-- \/ Yoast SEO Premium plugin. -->","yoast_head_json":{"title":"Kup pigu\u0142ki aprobarbitonu online - Everyday Chem Shop","description":"Kup pigu\u0142ki aprobarbitonu online. Je\u015bli szukasz sposobu na zakup Aprobarbitone, jeste\u015b we w\u0142a\u015bciwym miejscu, aby kupi\u0107 Aprobarbitone online.","robots":{"index":"index","follow":"follow","max-snippet":"max-snippet:-1","max-image-preview":"max-image-preview:large","max-video-preview":"max-video-preview:-1"},"canonical":"https:\/\/everydaychemshop.com\/pl\/product\/kup-aprobarbiton-online\/","og_locale":"en_US","og_type":"article","og_title":"Aprobarbiton","og_description":"Kup pigu\u0142ki aprobarbitonu online. Je\u015bli szukasz sposobu na zakup Aprobarbitone, jeste\u015b we w\u0142a\u015bciwym miejscu, aby kupi\u0107 Aprobarbitone online.","og_url":"https:\/\/everydaychemshop.com\/pl\/product\/kup-aprobarbiton-online\/","og_site_name":"Everyday Chem Shop","article_modified_time":"2023-04-07T20:12:25+00:00","og_image":[{"width":600,"height":600,"url":"https:\/\/everydaychemshop.com\/pl\/wp-content\/uploads\/sites\/8\/2022\/11\/Aprobarbitone-1.jpg","type":"image\/jpeg"}],"twitter_card":"summary_large_image","twitter_misc":{"Est. reading time":"2 minutes"},"schema":{"@context":"https:\/\/schema.org","@graph":[{"@type":"WebPage","@id":"https:\/\/everydaychemshop.com\/pl\/product\/kup-aprobarbiton-online\/","url":"https:\/\/everydaychemshop.com\/pl\/product\/kup-aprobarbiton-online\/","name":"Kup pigu\u0142ki aprobarbitonu online - Everyday Chem Shop","isPartOf":{"@id":"https:\/\/everydaychemshop.com\/pl\/#website"},"primaryImageOfPage":{"@id":"https:\/\/everydaychemshop.com\/pl\/product\/kup-aprobarbiton-online\/#primaryimage"},"image":{"@id":"https:\/\/everydaychemshop.com\/pl\/product\/kup-aprobarbiton-online\/#primaryimage"},"thumbnailUrl":"https:\/\/everydaychemshop.com\/pl\/wp-content\/uploads\/sites\/8\/2022\/11\/Aprobarbitone-1.jpg","datePublished":"2022-11-16T09:42:03+00:00","dateModified":"2023-04-07T20:12:25+00:00","description":"Kup pigu\u0142ki aprobarbitonu online. Je\u015bli szukasz sposobu na zakup Aprobarbitone, jeste\u015b we w\u0142a\u015bciwym miejscu, aby kupi\u0107 Aprobarbitone online.","breadcrumb":{"@id":"https:\/\/everydaychemshop.com\/pl\/product\/kup-aprobarbiton-online\/#breadcrumb"},"inLanguage":"en-US","potentialAction":[{"@type":"ReadAction","target":["https:\/\/everydaychemshop.com\/pl\/product\/kup-aprobarbiton-online\/"]}]},{"@type":"ImageObject","inLanguage":"en-US","@id":"https:\/\/everydaychemshop.com\/pl\/product\/kup-aprobarbiton-online\/#primaryimage","url":"https:\/\/everydaychemshop.com\/pl\/wp-content\/uploads\/sites\/8\/2022\/11\/Aprobarbitone-1.jpg","contentUrl":"https:\/\/everydaychemshop.com\/pl\/wp-content\/uploads\/sites\/8\/2022\/11\/Aprobarbitone-1.jpg","width":600,"height":600,"caption":"Kup pigu\u0142ki aprobarbitonu online"},{"@type":"BreadcrumbList","@id":"https:\/\/everydaychemshop.com\/pl\/product\/kup-aprobarbiton-online\/#breadcrumb","itemListElement":[{"@type":"ListItem","position":1,"name":"Home","item":"https:\/\/everydaychemshop.com\/pl\/"},{"@type":"ListItem","position":2,"name":"Produkty","item":"https:\/\/everydaychemshop.com\/pl\/produkty\/"},{"@type":"ListItem","position":3,"name":"Aprobarbiton"}]},{"@type":"WebSite","@id":"https:\/\/everydaychemshop.com\/pl\/#website","url":"https:\/\/everydaychemshop.com\/pl\/","name":"Everyday Chem Shop","description":"","potentialAction":[{"@type":"SearchAction","target":{"@type":"EntryPoint","urlTemplate":"https:\/\/everydaychemshop.com\/pl\/?s={search_term_string}"},"query-input":{"@type":"PropertyValueSpecification","valueRequired":true,"valueName":"search_term_string"}}],"inLanguage":"en-US"}]}},"_links":{"self":[{"href":"https:\/\/everydaychemshop.com\/pl\/wp-json\/wp\/v2\/product\/7583","targetHints":{"allow":["GET"]}}],"collection":[{"href":"https:\/\/everydaychemshop.com\/pl\/wp-json\/wp\/v2\/product"}],"about":[{"href":"https:\/\/everydaychemshop.com\/pl\/wp-json\/wp\/v2\/types\/product"}],"replies":[{"embeddable":true,"href":"https:\/\/everydaychemshop.com\/pl\/wp-json\/wp\/v2\/comments?post=7583"}],"wp:featuredmedia":[{"embeddable":true,"href":"https:\/\/everydaychemshop.com\/pl\/wp-json\/wp\/v2\/media\/7613"}],"wp:attachment":[{"href":"https:\/\/everydaychemshop.com\/pl\/wp-json\/wp\/v2\/media?parent=7583"}],"wp:term":[{"taxonomy":"product_brand","embeddable":true,"href":"https:\/\/everydaychemshop.com\/pl\/wp-json\/wp\/v2\/product_brand?post=7583"},{"taxonomy":"product_cat","embeddable":true,"href":"https:\/\/everydaychemshop.com\/pl\/wp-json\/wp\/v2\/product_cat?post=7583"},{"taxonomy":"product_tag","embeddable":true,"href":"https:\/\/everydaychemshop.com\/pl\/wp-json\/wp\/v2\/product_tag?post=7583"}],"curies":[{"name":"wp","href":"https:\/\/api.w.org\/{rel}","templated":true}]}}