{"id":7584,"date":"2022-11-16T09:42:03","date_gmt":"2022-11-16T09:42:03","guid":{"rendered":"https:\/\/everydaychemshop.com\/pl\/?post_type=product&#038;p=7584"},"modified":"2023-04-07T20:11:03","modified_gmt":"2023-04-07T20:11:03","slug":"kup-brallobarbital-vesparax-online","status":"publish","type":"product","link":"https:\/\/everydaychemshop.com\/pl\/product\/kup-brallobarbital-vesparax-online\/","title":{"rendered":"Kup Brallobarbital (Vesparax) przez Internet"},"content":{"rendered":"<h1>Kup pigu\u0142ki Brallobarbital online<\/h1>\n<p><a href=\"https:\/\/everydaychemshop.com\/pl\/product\/kup-brallobarbital-vesparax-online\/\">Kup pigu\u0142ki Brallobarbital online<\/a>. Apteka internetowa Nembutal zajmuje si\u0119 kupnem Brallobarbitalu (Vesparax) na platformie internetowej i dostarcza go w terminie klientom, kt\u00f3rzy z\u0142o\u017cyli na niego zam\u00f3wienie. Jeste\u015bmy profesjonaln\u0105 aptek\u0105 internetow\u0105, w kt\u00f3rej mo\u017cesz kupi\u0107 Vesparax online w najlepszych dost\u0119pnych cenach. Nasze ceny s\u0105 bezkonkurencyjne i przyst\u0119pne dla wszystkich. Mamy r\u00f3wnie\u017c zesp\u00f3\u0142 <a href=\"https:\/\/en.wikipedia.org\/wiki\/Brallobarbital\">kt\u00f3ry<\/a> w wygodny spos\u00f3b spe\u0142ni Twoje potrzeby i wymagania dotycz\u0105ce Nembutalu Brallobarbital. Mo\u017cesz teraz skutecznie kupi\u0107 Nembutal Brallobarbital w naszej aptece i otrzyma\u0107 go wkr\u00f3tce na wyci\u0105gni\u0119cie r\u0119ki.<\/p>\n<h4 class=\"tt\">Co to jest Brallobarbital (Vesparax) i jakie s\u0105 jego zastosowania?<\/h4>\n<p>Vesparax jest powszechnie uwa\u017cany za atypowy lek przeciwpsychotyczny. Dzia\u0142a poprzez zmian\u0119 aktywno\u015bci substancji chemicznych obecnych w m\u00f3zgu. Ten lek zosta\u0142 uznany za odpowiedni do stosowania wy\u0142\u0105cznie przez osoby doros\u0142e i nie powinien by\u0107 podawany osobom poni\u017cej 18 roku \u017cycia.<\/p>\n<h4><strong>Zastosowania Vesparax obejmuj\u0105:<\/strong><\/h4>\n<ul>\n<li>Pomaga w leczeniu schizofrenii u doros\u0142ych i dzieci<\/li>\n<li>Wskazane w leczeniu choroby afektywnej dwubiegunowej u doros\u0142ych i dzieci<\/li>\n<li>stosowany w po\u0142\u0105czeniu z lekami przeciwdepresyjnymi w leczeniu du\u017cej depresji zaburzenie u doros\u0142ych&nbsp;\n<p>&nbsp;<\/p>\n<p><strong>Czy wiesz, gdzie kupi\u0107 Brallobarbital (Vesparax) bez recepty?<\/strong><\/p>\n<p>Brallobarbital na sprzeda\u017c, warto\u015b\u0107 uliczna Brallobarbitalu, dawkowanie Brallobarbitalu, jak zrobi\u0107 Brallobarbital, gdzie mog\u0119 Brallobarbital online, sk\u0105d wzi\u0105\u0107 Brallobarbital, co to jest Brallobarbital, Brallobarbital najwy\u017cszej jako\u015bci na sprzeda\u017c. Wszystkie te pytania bez odpowiedzi mog\u0105 uzyska\u0107 odpowiedzi za naszym po\u015brednictwem. Wystarczy, \u017ce przejdziesz przez nasz\u0105 stron\u0119 internetow\u0105, a otrzymasz odpowiedzi na pytanie, jak i gdzie mo\u017cesz kupi\u0107 pigu\u0142ki Brallobarbital bez recepty online.<\/p>\n<p>A co z Brallobarbitalem (Vesparax)? Czy wiesz r\u00f3wnie\u017c, gdzie mo\u017cna kupi\u0107 Brallobarbital w sprzeda\u017cy online bez recepty? kup Brallobarbital na sprzeda\u017c, jak zrobi\u0107 Brallobarbital, jak wygl\u0105da Brallobarbital, Brallobarbital cena uliczna, Butabarbital cena, gdzie kupi\u0107 Brallobarbital, czysty Brallobarbital, gdzie mog\u0119 kupi\u0107 Brallobarbital online bez recepty, kup czysty Brallobarbital online bez recepty.<\/p>\n<p>Dobrej jako\u015bci Brallobarbital (Vesparax) online: Jest ca\u0142kowicie zrozumia\u0142e, \u017ce ludzie nie ufaj\u0105 szybko jako\u015bci Brallobarbitalu sprzedawanego online, poniewa\u017c nie mog\u0105 go fizycznie zbada\u0107. Ale to nie to samo z internetowymi dostawcami brallobarbitalu online. Produkty tutaj s\u0105 zgodne z opisem, a konserwacja wysokiej jako\u015bci jest wykonywana pod nadzorem ekspert\u00f3w.<\/p>\n<p>Szybko &amp; Dyskretna wysy\u0142ka: Dostawa Brallobarbitalu online po otrzymaniu zam\u00f3wienia odbywa si\u0119 w obiecanym terminie. Zesp\u00f3\u0142 wysy\u0142kowy dok\u0142ada wszelkich stara\u0144, aby procedura wysy\u0142ki i dostawy przebiega\u0142a p\u0142ynnie i szybko. Mo\u017cesz r\u00f3wnie\u017c oczekiwa\u0107 doskona\u0142ych us\u0142ug przy zakupie Brallobarbitalu online od profesjonalisty na platformie internetowej.<\/li>\n<\/ul>\n<p>&nbsp;<\/p>\n","protected":false},"excerpt":{"rendered":"<p><strong>Skontaktuj si\u0119 z aptek\u0105 internetow\u0105 Nembutal<\/strong><\/p>\n<p>Apteka internetowa Nembutal jest teraz na wyci\u0105gni\u0119cie r\u0119ki! Mo\u017cesz do nas zadzwoni\u0107, wys\u0142a\u0107 SMS-a lub e-mail, aby rozwi\u0105za\u0107 swoje pytania. Na pewno zrealizujemy Twoje zam\u00f3wienie w obiecanym terminie. Z\u0142\u00f3\u017c zam\u00f3wienie i kup Vesparax online ju\u017c teraz!<\/p>\n","protected":false},"featured_media":7614,"comment_status":"open","ping_status":"closed","template":"","meta":{"inline_featured_image":false},"product_brand":[],"product_cat":[58],"product_tag":[],"class_list":{"0":"post-7584","1":"product","2":"type-product","3":"status-publish","4":"has-post-thumbnail","6":"product_cat-produkty-z-nembutalu","8":"first","9":"instock","10":"shipping-taxable","11":"purchasable","12":"product-type-variable","13":"has-default-attributes"},"yoast_head":"<!-- This site is optimized with the Yoast SEO Premium plugin v19.2 (Yoast SEO v27.3) - https:\/\/yoast.com\/product\/yoast-seo-premium-wordpress\/ -->\n<title>Kup pigu\u0142ki Brallobarbital online - Everyday Chem Shop<\/title>\n<meta name=\"description\" content=\"Kup pigu\u0142ki Brallobarbital online. Je\u015bli szukasz sposobu na zakup Brallobarbitalu, jeste\u015b we w\u0142a\u015bciwym miejscu, aby kupi\u0107 Brallobarbital online.\" \/>\n<meta name=\"robots\" content=\"index, follow, max-snippet:-1, max-image-preview:large, max-video-preview:-1\" \/>\n<link rel=\"canonical\" href=\"https:\/\/everydaychemshop.com\/pl\/product\/kup-brallobarbital-vesparax-online\/\" \/>\n<meta property=\"og:locale\" content=\"en_US\" \/>\n<meta property=\"og:type\" content=\"article\" \/>\n<meta property=\"og:title\" content=\"Kup Brallobarbital (Vesparax) przez Internet\" \/>\n<meta property=\"og:description\" content=\"Kup pigu\u0142ki Brallobarbital online. Je\u015bli szukasz sposobu na zakup Brallobarbitalu, jeste\u015b we w\u0142a\u015bciwym miejscu, aby kupi\u0107 Brallobarbital online.\" \/>\n<meta property=\"og:url\" content=\"https:\/\/everydaychemshop.com\/pl\/product\/kup-brallobarbital-vesparax-online\/\" \/>\n<meta property=\"og:site_name\" content=\"Everyday Chem Shop\" \/>\n<meta property=\"article:modified_time\" content=\"2023-04-07T20:11:03+00:00\" \/>\n<meta property=\"og:image\" content=\"https:\/\/everydaychemshop.com\/pl\/wp-content\/uploads\/sites\/8\/2022\/11\/brallobarbital-Vesparax.jpg\" \/>\n\t<meta property=\"og:image:width\" content=\"600\" \/>\n\t<meta property=\"og:image:height\" content=\"600\" \/>\n\t<meta property=\"og:image:type\" content=\"image\/jpeg\" \/>\n<meta name=\"twitter:card\" content=\"summary_large_image\" \/>\n<meta name=\"twitter:label1\" content=\"Est. reading time\" \/>\n\t<meta name=\"twitter:data1\" content=\"2 minutes\" \/>\n<script type=\"application\/ld+json\" class=\"yoast-schema-graph\">{\"@context\":\"https:\\\/\\\/schema.org\",\"@graph\":[{\"@type\":\"WebPage\",\"@id\":\"https:\\\/\\\/everydaychemshop.com\\\/pl\\\/product\\\/kup-brallobarbital-vesparax-online\\\/\",\"url\":\"https:\\\/\\\/everydaychemshop.com\\\/pl\\\/product\\\/kup-brallobarbital-vesparax-online\\\/\",\"name\":\"Kup pigu\u0142ki Brallobarbital online - Everyday Chem Shop\",\"isPartOf\":{\"@id\":\"https:\\\/\\\/everydaychemshop.com\\\/pl\\\/#website\"},\"primaryImageOfPage\":{\"@id\":\"https:\\\/\\\/everydaychemshop.com\\\/pl\\\/product\\\/kup-brallobarbital-vesparax-online\\\/#primaryimage\"},\"image\":{\"@id\":\"https:\\\/\\\/everydaychemshop.com\\\/pl\\\/product\\\/kup-brallobarbital-vesparax-online\\\/#primaryimage\"},\"thumbnailUrl\":\"https:\\\/\\\/everydaychemshop.com\\\/pl\\\/wp-content\\\/uploads\\\/sites\\\/8\\\/2022\\\/11\\\/brallobarbital-Vesparax.jpg\",\"datePublished\":\"2022-11-16T09:42:03+00:00\",\"dateModified\":\"2023-04-07T20:11:03+00:00\",\"description\":\"Kup pigu\u0142ki Brallobarbital online. Je\u015bli szukasz sposobu na zakup Brallobarbitalu, jeste\u015b we w\u0142a\u015bciwym miejscu, aby kupi\u0107 Brallobarbital online.\",\"breadcrumb\":{\"@id\":\"https:\\\/\\\/everydaychemshop.com\\\/pl\\\/product\\\/kup-brallobarbital-vesparax-online\\\/#breadcrumb\"},\"inLanguage\":\"en-US\",\"potentialAction\":[{\"@type\":\"ReadAction\",\"target\":[\"https:\\\/\\\/everydaychemshop.com\\\/pl\\\/product\\\/kup-brallobarbital-vesparax-online\\\/\"]}]},{\"@type\":\"ImageObject\",\"inLanguage\":\"en-US\",\"@id\":\"https:\\\/\\\/everydaychemshop.com\\\/pl\\\/product\\\/kup-brallobarbital-vesparax-online\\\/#primaryimage\",\"url\":\"https:\\\/\\\/everydaychemshop.com\\\/pl\\\/wp-content\\\/uploads\\\/sites\\\/8\\\/2022\\\/11\\\/brallobarbital-Vesparax.jpg\",\"contentUrl\":\"https:\\\/\\\/everydaychemshop.com\\\/pl\\\/wp-content\\\/uploads\\\/sites\\\/8\\\/2022\\\/11\\\/brallobarbital-Vesparax.jpg\",\"width\":600,\"height\":600,\"caption\":\"Kup pigu\u0142ki Brallobarbital online\"},{\"@type\":\"BreadcrumbList\",\"@id\":\"https:\\\/\\\/everydaychemshop.com\\\/pl\\\/product\\\/kup-brallobarbital-vesparax-online\\\/#breadcrumb\",\"itemListElement\":[{\"@type\":\"ListItem\",\"position\":1,\"name\":\"Home\",\"item\":\"https:\\\/\\\/everydaychemshop.com\\\/pl\\\/\"},{\"@type\":\"ListItem\",\"position\":2,\"name\":\"Produkty\",\"item\":\"https:\\\/\\\/everydaychemshop.com\\\/pl\\\/produkty\\\/\"},{\"@type\":\"ListItem\",\"position\":3,\"name\":\"Kup Brallobarbital (Vesparax) przez Internet\"}]},{\"@type\":\"WebSite\",\"@id\":\"https:\\\/\\\/everydaychemshop.com\\\/pl\\\/#website\",\"url\":\"https:\\\/\\\/everydaychemshop.com\\\/pl\\\/\",\"name\":\"Everyday Chem Shop\",\"description\":\"\",\"potentialAction\":[{\"@type\":\"SearchAction\",\"target\":{\"@type\":\"EntryPoint\",\"urlTemplate\":\"https:\\\/\\\/everydaychemshop.com\\\/pl\\\/?s={search_term_string}\"},\"query-input\":{\"@type\":\"PropertyValueSpecification\",\"valueRequired\":true,\"valueName\":\"search_term_string\"}}],\"inLanguage\":\"en-US\"}]}<\/script>\n<!-- \/ Yoast SEO Premium plugin. -->","yoast_head_json":{"title":"Kup pigu\u0142ki Brallobarbital online - Everyday Chem Shop","description":"Kup pigu\u0142ki Brallobarbital online. Je\u015bli szukasz sposobu na zakup Brallobarbitalu, jeste\u015b we w\u0142a\u015bciwym miejscu, aby kupi\u0107 Brallobarbital online.","robots":{"index":"index","follow":"follow","max-snippet":"max-snippet:-1","max-image-preview":"max-image-preview:large","max-video-preview":"max-video-preview:-1"},"canonical":"https:\/\/everydaychemshop.com\/pl\/product\/kup-brallobarbital-vesparax-online\/","og_locale":"en_US","og_type":"article","og_title":"Kup Brallobarbital (Vesparax) przez Internet","og_description":"Kup pigu\u0142ki Brallobarbital online. Je\u015bli szukasz sposobu na zakup Brallobarbitalu, jeste\u015b we w\u0142a\u015bciwym miejscu, aby kupi\u0107 Brallobarbital online.","og_url":"https:\/\/everydaychemshop.com\/pl\/product\/kup-brallobarbital-vesparax-online\/","og_site_name":"Everyday Chem Shop","article_modified_time":"2023-04-07T20:11:03+00:00","og_image":[{"width":600,"height":600,"url":"https:\/\/everydaychemshop.com\/pl\/wp-content\/uploads\/sites\/8\/2022\/11\/brallobarbital-Vesparax.jpg","type":"image\/jpeg"}],"twitter_card":"summary_large_image","twitter_misc":{"Est. reading time":"2 minutes"},"schema":{"@context":"https:\/\/schema.org","@graph":[{"@type":"WebPage","@id":"https:\/\/everydaychemshop.com\/pl\/product\/kup-brallobarbital-vesparax-online\/","url":"https:\/\/everydaychemshop.com\/pl\/product\/kup-brallobarbital-vesparax-online\/","name":"Kup pigu\u0142ki Brallobarbital online - Everyday Chem Shop","isPartOf":{"@id":"https:\/\/everydaychemshop.com\/pl\/#website"},"primaryImageOfPage":{"@id":"https:\/\/everydaychemshop.com\/pl\/product\/kup-brallobarbital-vesparax-online\/#primaryimage"},"image":{"@id":"https:\/\/everydaychemshop.com\/pl\/product\/kup-brallobarbital-vesparax-online\/#primaryimage"},"thumbnailUrl":"https:\/\/everydaychemshop.com\/pl\/wp-content\/uploads\/sites\/8\/2022\/11\/brallobarbital-Vesparax.jpg","datePublished":"2022-11-16T09:42:03+00:00","dateModified":"2023-04-07T20:11:03+00:00","description":"Kup pigu\u0142ki Brallobarbital online. Je\u015bli szukasz sposobu na zakup Brallobarbitalu, jeste\u015b we w\u0142a\u015bciwym miejscu, aby kupi\u0107 Brallobarbital online.","breadcrumb":{"@id":"https:\/\/everydaychemshop.com\/pl\/product\/kup-brallobarbital-vesparax-online\/#breadcrumb"},"inLanguage":"en-US","potentialAction":[{"@type":"ReadAction","target":["https:\/\/everydaychemshop.com\/pl\/product\/kup-brallobarbital-vesparax-online\/"]}]},{"@type":"ImageObject","inLanguage":"en-US","@id":"https:\/\/everydaychemshop.com\/pl\/product\/kup-brallobarbital-vesparax-online\/#primaryimage","url":"https:\/\/everydaychemshop.com\/pl\/wp-content\/uploads\/sites\/8\/2022\/11\/brallobarbital-Vesparax.jpg","contentUrl":"https:\/\/everydaychemshop.com\/pl\/wp-content\/uploads\/sites\/8\/2022\/11\/brallobarbital-Vesparax.jpg","width":600,"height":600,"caption":"Kup pigu\u0142ki Brallobarbital online"},{"@type":"BreadcrumbList","@id":"https:\/\/everydaychemshop.com\/pl\/product\/kup-brallobarbital-vesparax-online\/#breadcrumb","itemListElement":[{"@type":"ListItem","position":1,"name":"Home","item":"https:\/\/everydaychemshop.com\/pl\/"},{"@type":"ListItem","position":2,"name":"Produkty","item":"https:\/\/everydaychemshop.com\/pl\/produkty\/"},{"@type":"ListItem","position":3,"name":"Kup Brallobarbital (Vesparax) przez Internet"}]},{"@type":"WebSite","@id":"https:\/\/everydaychemshop.com\/pl\/#website","url":"https:\/\/everydaychemshop.com\/pl\/","name":"Everyday Chem Shop","description":"","potentialAction":[{"@type":"SearchAction","target":{"@type":"EntryPoint","urlTemplate":"https:\/\/everydaychemshop.com\/pl\/?s={search_term_string}"},"query-input":{"@type":"PropertyValueSpecification","valueRequired":true,"valueName":"search_term_string"}}],"inLanguage":"en-US"}]}},"_links":{"self":[{"href":"https:\/\/everydaychemshop.com\/pl\/wp-json\/wp\/v2\/product\/7584","targetHints":{"allow":["GET"]}}],"collection":[{"href":"https:\/\/everydaychemshop.com\/pl\/wp-json\/wp\/v2\/product"}],"about":[{"href":"https:\/\/everydaychemshop.com\/pl\/wp-json\/wp\/v2\/types\/product"}],"replies":[{"embeddable":true,"href":"https:\/\/everydaychemshop.com\/pl\/wp-json\/wp\/v2\/comments?post=7584"}],"wp:featuredmedia":[{"embeddable":true,"href":"https:\/\/everydaychemshop.com\/pl\/wp-json\/wp\/v2\/media\/7614"}],"wp:attachment":[{"href":"https:\/\/everydaychemshop.com\/pl\/wp-json\/wp\/v2\/media?parent=7584"}],"wp:term":[{"taxonomy":"product_brand","embeddable":true,"href":"https:\/\/everydaychemshop.com\/pl\/wp-json\/wp\/v2\/product_brand?post=7584"},{"taxonomy":"product_cat","embeddable":true,"href":"https:\/\/everydaychemshop.com\/pl\/wp-json\/wp\/v2\/product_cat?post=7584"},{"taxonomy":"product_tag","embeddable":true,"href":"https:\/\/everydaychemshop.com\/pl\/wp-json\/wp\/v2\/product_tag?post=7584"}],"curies":[{"name":"wp","href":"https:\/\/api.w.org\/{rel}","templated":true}]}}