{"id":7586,"date":"2022-11-16T09:42:04","date_gmt":"2022-11-16T09:42:04","guid":{"rendered":"https:\/\/everydaychemshop.com\/pl\/?post_type=product&#038;p=7586"},"modified":"2023-04-07T20:05:19","modified_gmt":"2023-04-07T20:05:19","slug":"kup-butalbital-online","status":"publish","type":"product","link":"https:\/\/everydaychemshop.com\/pl\/product\/kup-butalbital-online\/","title":{"rendered":"Kup Butalbital online"},"content":{"rendered":"<h1>Kup tabletki Butalbital online<\/h1>\n<p class=\"tt\"><a href=\"https:\/\/everydaychemshop.com\/pl\/product\/kup-butalbital-online\/\">Kup tabletki Butalbital online<\/a>. Kup Butalbital online bez recepty w najlepszej aptece internetowej<\/p>\n<p>Apteka internetowa Nembutal to szanowana apteka internetowa znana z profesjonalizmu i najwy\u017cszej jako\u015bci lek\u00f3w. Tutaj mo\u017cesz wygodnie kupi\u0107 Butalbital online bez recepty. Jeste\u015bmy konsekwentni w sprzeda\u017cy produktu wysokiej jako\u015bci klientom na ca\u0142ym \u015bwiecie. Dbamy o ka\u017cd\u0105 potrzeb\u0119 i wymagania naszych klient\u00f3w i zawsze je realizujemy w <a href=\"https:\/\/en.wikipedia.org\/wiki\/Butalbital\">ramach czasowych<\/a>.<\/p>\n<p>Mo\u017cesz natychmiast skontaktowa\u0107 si\u0119 z nami za po\u015brednictwem platformy internetowej i otrzyma\u0107 zamierzone leki w kr\u00f3tkim czasie. Zam\u00f3w Butalbital online ju\u017c dzi\u015b!<\/p>\n<p class=\"tt\"><strong>Jakie korzy\u015bci przynosi Ci Butalbital?<\/strong><\/p>\n<p>Butalbital jest lekiem kr\u00f3tkotrwa\u0142ym. Mo\u017cesz wygodnie stosowa\u0107 ten lek w po\u0142\u0105czeniu z innymi lekami, takimi jak paracetamol (acetaminofen) lub aspiryna w leczeniu b\u00f3lu i b\u00f3lu g\u0142owy. Zosta\u0142 r\u00f3wnie\u017c zatwierdzony do leczenia napi\u0119ciowych b\u00f3l\u00f3w g\u0142owy.<\/p>\n<p>Aby kupi\u0107 Butalbital online w najlepszej cenie, mo\u017cesz zacz\u0105\u0107 od dodania go do koszyka. Po zako\u0144czeniu dodawania mo\u017cesz przej\u015b\u0107 dalej z zako\u0144czeniem p\u0142atno\u015bci. Udost\u0119pnili\u015bmy szereg bramek p\u0142atniczych. Mo\u017cesz wybra\u0107 odpowiedni i zap\u0142aci\u0107 za sw\u00f3j produkt.<\/p>\n<p class=\"tt\"><strong>Gdzie z\u0142o\u017cy\u0107 zam\u00f3wienie na Butalbital online w najlepszej cenie?<\/strong><\/p>\n<p>Je\u015bli przepisano Ci Butalbital, nadszed\u0142 czas, aby kupi\u0107 Butalbital na sprzeda\u017c w Internetowej aptece Nembutal. Po\u0142\u0105czenie z nasz\u0105 aptek\u0105 internetow\u0105 sta\u0142o si\u0119 naj\u0142atwiejsz\u0105 rzecz\u0105 w historii. Mamy bardzo prost\u0105 i przyjazn\u0105 dla u\u017cytkownika stron\u0119 internetow\u0105, aby nasi klienci czuli si\u0119 komfortowo przy zamawianiu swoich produkt\u00f3w.<\/p>\n<p><strong>Czy wiesz, gdzie kupi\u0107 Butalbital bez recepty?<\/strong><\/p>\n<p>Butalbital na sprzeda\u017c, warto\u015b\u0107 uliczna Butalbital, dawkowanie Butalbitalu, jak zrobi\u0107 Butalbital, gdzie mog\u0119 kupi\u0107 Butalbital online, sk\u0105d wzi\u0105\u0107 Butalbital, co to jest Butalbital, Butalbital najwy\u017cszej jako\u015bci na sprzeda\u017c. Wszystkie te pytania bez odpowiedzi mog\u0105 uzyska\u0107 odpowiedzi za naszym po\u015brednictwem. Wystarczy, \u017ce przejrzysz nasz\u0105 stron\u0119 internetow\u0105, a otrzymasz odpowiedzi na pytanie, jak i gdzie mo\u017cesz kupi\u0107 pigu\u0142ki Metadon bez recepty online.<\/p>\n<p>A co z Butalbitalem? Czy wiesz te\u017c, gdzie kupi\u0107 Butalbital w sprzeda\u017cy online bez recepty? kupi\u0107 Butalbital na sprzeda\u017c, jak zrobi\u0107 Butalbital, jak wygl\u0105da Butalbital, Butalbital cena uliczna, Butalbital cena, gdzie kupi\u0107 Butalbital, czysty Butalbital, gdzie mog\u0119 kupi\u0107 Butalbital online bez recepty, kupi\u0107 czysty Butalbital online bez recepty.<\/p>\n<p>Dobrej jako\u015bci Butalbital online: Jest ca\u0142kowicie zrozumia\u0142e, \u017ce ludzie nie ufaj\u0105 szybko jako\u015bci Butalbitalu sprzedawanego online, poniewa\u017c nie mog\u0105 go fizycznie zbada\u0107. Ale to nie to samo z internetowymi dostawcami butalbitalu online. Produkty tutaj s\u0105 zgodne z opisem, a konserwacja wysokiej jako\u015bci jest wykonywana pod nadzorem ekspert\u00f3w.<\/p>\n<p>Szybko &amp; Dyskretna wysy\u0142ka: Dostawa Butalbitalu online po otrzymaniu zam\u00f3wienia odbywa si\u0119 w obiecanym terminie. Zesp\u00f3\u0142 wysy\u0142kowy dok\u0142ada wszelkich stara\u0144, aby procedura wysy\u0142ki i dostawy przebiega\u0142a p\u0142ynnie i szybko. Mo\u017cesz r\u00f3wnie\u017c oczekiwa\u0107 doskona\u0142ych us\u0142ug przy zakupie Butalbitalu online od profesjonalisty na platformie internetowej.<\/p>\n","protected":false},"excerpt":{"rendered":"<p>Moment z\u0142o\u017cenia zam\u00f3wienia; zostanie odebrany przez nasz\u0105 aptek\u0119 internetow\u0105. Nadamy temu priorytet i zrealizujemy go tak szybko, jak to mo\u017cliwe. Zwykle dostarczamy produkty w ci\u0105gu tygodnia i obejmuje to tylko dni robocze. W ci\u0105gu tygodnia otrzymasz Butalbital w najlepszy spos\u00f3b. Natychmiast z\u0142\u00f3\u017c zam\u00f3wienie!<\/p>\n","protected":false},"featured_media":7616,"comment_status":"closed","ping_status":"closed","template":"","meta":{"inline_featured_image":false},"product_brand":[],"product_cat":[58],"product_tag":[],"class_list":{"0":"post-7586","1":"product","2":"type-product","3":"status-publish","4":"has-post-thumbnail","6":"product_cat-produkty-z-nembutalu","8":"first","9":"instock","10":"featured","11":"shipping-taxable","12":"purchasable","13":"product-type-variable","14":"has-default-attributes"},"yoast_head":"<!-- This site is optimized with the Yoast SEO Premium plugin v19.2 (Yoast SEO v27.3) - https:\/\/yoast.com\/product\/yoast-seo-premium-wordpress\/ -->\n<title>Kup tabletki Butalbital online - Everyday Chem Shop<\/title>\n<meta name=\"description\" content=\"Kup tabletki Butalbital online. Je\u015bli szukasz sposobu na zakup Butalbitalu, to jeste\u015b we w\u0142a\u015bciwym miejscu, aby kupi\u0107 Butalbital online.\" \/>\n<meta name=\"robots\" content=\"index, follow, max-snippet:-1, max-image-preview:large, max-video-preview:-1\" \/>\n<link rel=\"canonical\" href=\"https:\/\/everydaychemshop.com\/pl\/product\/kup-butalbital-online\/\" \/>\n<meta property=\"og:locale\" content=\"en_US\" \/>\n<meta property=\"og:type\" content=\"article\" \/>\n<meta property=\"og:title\" content=\"Kup Butalbital online\" \/>\n<meta property=\"og:description\" content=\"Kup tabletki Butalbital online. Je\u015bli szukasz sposobu na zakup Butalbitalu, to jeste\u015b we w\u0142a\u015bciwym miejscu, aby kupi\u0107 Butalbital online.\" \/>\n<meta property=\"og:url\" content=\"https:\/\/everydaychemshop.com\/pl\/product\/kup-butalbital-online\/\" \/>\n<meta property=\"og:site_name\" content=\"Everyday Chem Shop\" \/>\n<meta property=\"article:modified_time\" content=\"2023-04-07T20:05:19+00:00\" \/>\n<meta property=\"og:image\" content=\"https:\/\/everydaychemshop.com\/pl\/wp-content\/uploads\/sites\/8\/2022\/11\/Butalbital.jpg\" \/>\n\t<meta property=\"og:image:width\" content=\"600\" \/>\n\t<meta property=\"og:image:height\" content=\"600\" \/>\n\t<meta property=\"og:image:type\" content=\"image\/jpeg\" \/>\n<meta name=\"twitter:card\" content=\"summary_large_image\" \/>\n<meta name=\"twitter:label1\" content=\"Est. reading time\" \/>\n\t<meta name=\"twitter:data1\" content=\"2 minutes\" \/>\n<script type=\"application\/ld+json\" class=\"yoast-schema-graph\">{\"@context\":\"https:\\\/\\\/schema.org\",\"@graph\":[{\"@type\":\"WebPage\",\"@id\":\"https:\\\/\\\/everydaychemshop.com\\\/pl\\\/product\\\/kup-butalbital-online\\\/\",\"url\":\"https:\\\/\\\/everydaychemshop.com\\\/pl\\\/product\\\/kup-butalbital-online\\\/\",\"name\":\"Kup tabletki Butalbital online - Everyday Chem Shop\",\"isPartOf\":{\"@id\":\"https:\\\/\\\/everydaychemshop.com\\\/pl\\\/#website\"},\"primaryImageOfPage\":{\"@id\":\"https:\\\/\\\/everydaychemshop.com\\\/pl\\\/product\\\/kup-butalbital-online\\\/#primaryimage\"},\"image\":{\"@id\":\"https:\\\/\\\/everydaychemshop.com\\\/pl\\\/product\\\/kup-butalbital-online\\\/#primaryimage\"},\"thumbnailUrl\":\"https:\\\/\\\/everydaychemshop.com\\\/pl\\\/wp-content\\\/uploads\\\/sites\\\/8\\\/2022\\\/11\\\/Butalbital.jpg\",\"datePublished\":\"2022-11-16T09:42:04+00:00\",\"dateModified\":\"2023-04-07T20:05:19+00:00\",\"description\":\"Kup tabletki Butalbital online. Je\u015bli szukasz sposobu na zakup Butalbitalu, to jeste\u015b we w\u0142a\u015bciwym miejscu, aby kupi\u0107 Butalbital online.\",\"breadcrumb\":{\"@id\":\"https:\\\/\\\/everydaychemshop.com\\\/pl\\\/product\\\/kup-butalbital-online\\\/#breadcrumb\"},\"inLanguage\":\"en-US\",\"potentialAction\":[{\"@type\":\"ReadAction\",\"target\":[\"https:\\\/\\\/everydaychemshop.com\\\/pl\\\/product\\\/kup-butalbital-online\\\/\"]}]},{\"@type\":\"ImageObject\",\"inLanguage\":\"en-US\",\"@id\":\"https:\\\/\\\/everydaychemshop.com\\\/pl\\\/product\\\/kup-butalbital-online\\\/#primaryimage\",\"url\":\"https:\\\/\\\/everydaychemshop.com\\\/pl\\\/wp-content\\\/uploads\\\/sites\\\/8\\\/2022\\\/11\\\/Butalbital.jpg\",\"contentUrl\":\"https:\\\/\\\/everydaychemshop.com\\\/pl\\\/wp-content\\\/uploads\\\/sites\\\/8\\\/2022\\\/11\\\/Butalbital.jpg\",\"width\":600,\"height\":600,\"caption\":\"Kup tabletki Butalbital online\"},{\"@type\":\"BreadcrumbList\",\"@id\":\"https:\\\/\\\/everydaychemshop.com\\\/pl\\\/product\\\/kup-butalbital-online\\\/#breadcrumb\",\"itemListElement\":[{\"@type\":\"ListItem\",\"position\":1,\"name\":\"Home\",\"item\":\"https:\\\/\\\/everydaychemshop.com\\\/pl\\\/\"},{\"@type\":\"ListItem\",\"position\":2,\"name\":\"Produkty\",\"item\":\"https:\\\/\\\/everydaychemshop.com\\\/pl\\\/produkty\\\/\"},{\"@type\":\"ListItem\",\"position\":3,\"name\":\"Kup Butalbital online\"}]},{\"@type\":\"WebSite\",\"@id\":\"https:\\\/\\\/everydaychemshop.com\\\/pl\\\/#website\",\"url\":\"https:\\\/\\\/everydaychemshop.com\\\/pl\\\/\",\"name\":\"Everyday Chem Shop\",\"description\":\"\",\"potentialAction\":[{\"@type\":\"SearchAction\",\"target\":{\"@type\":\"EntryPoint\",\"urlTemplate\":\"https:\\\/\\\/everydaychemshop.com\\\/pl\\\/?s={search_term_string}\"},\"query-input\":{\"@type\":\"PropertyValueSpecification\",\"valueRequired\":true,\"valueName\":\"search_term_string\"}}],\"inLanguage\":\"en-US\"}]}<\/script>\n<!-- \/ Yoast SEO Premium plugin. -->","yoast_head_json":{"title":"Kup tabletki Butalbital online - Everyday Chem Shop","description":"Kup tabletki Butalbital online. Je\u015bli szukasz sposobu na zakup Butalbitalu, to jeste\u015b we w\u0142a\u015bciwym miejscu, aby kupi\u0107 Butalbital online.","robots":{"index":"index","follow":"follow","max-snippet":"max-snippet:-1","max-image-preview":"max-image-preview:large","max-video-preview":"max-video-preview:-1"},"canonical":"https:\/\/everydaychemshop.com\/pl\/product\/kup-butalbital-online\/","og_locale":"en_US","og_type":"article","og_title":"Kup Butalbital online","og_description":"Kup tabletki Butalbital online. Je\u015bli szukasz sposobu na zakup Butalbitalu, to jeste\u015b we w\u0142a\u015bciwym miejscu, aby kupi\u0107 Butalbital online.","og_url":"https:\/\/everydaychemshop.com\/pl\/product\/kup-butalbital-online\/","og_site_name":"Everyday Chem Shop","article_modified_time":"2023-04-07T20:05:19+00:00","og_image":[{"width":600,"height":600,"url":"https:\/\/everydaychemshop.com\/pl\/wp-content\/uploads\/sites\/8\/2022\/11\/Butalbital.jpg","type":"image\/jpeg"}],"twitter_card":"summary_large_image","twitter_misc":{"Est. reading time":"2 minutes"},"schema":{"@context":"https:\/\/schema.org","@graph":[{"@type":"WebPage","@id":"https:\/\/everydaychemshop.com\/pl\/product\/kup-butalbital-online\/","url":"https:\/\/everydaychemshop.com\/pl\/product\/kup-butalbital-online\/","name":"Kup tabletki Butalbital online - Everyday Chem Shop","isPartOf":{"@id":"https:\/\/everydaychemshop.com\/pl\/#website"},"primaryImageOfPage":{"@id":"https:\/\/everydaychemshop.com\/pl\/product\/kup-butalbital-online\/#primaryimage"},"image":{"@id":"https:\/\/everydaychemshop.com\/pl\/product\/kup-butalbital-online\/#primaryimage"},"thumbnailUrl":"https:\/\/everydaychemshop.com\/pl\/wp-content\/uploads\/sites\/8\/2022\/11\/Butalbital.jpg","datePublished":"2022-11-16T09:42:04+00:00","dateModified":"2023-04-07T20:05:19+00:00","description":"Kup tabletki Butalbital online. Je\u015bli szukasz sposobu na zakup Butalbitalu, to jeste\u015b we w\u0142a\u015bciwym miejscu, aby kupi\u0107 Butalbital online.","breadcrumb":{"@id":"https:\/\/everydaychemshop.com\/pl\/product\/kup-butalbital-online\/#breadcrumb"},"inLanguage":"en-US","potentialAction":[{"@type":"ReadAction","target":["https:\/\/everydaychemshop.com\/pl\/product\/kup-butalbital-online\/"]}]},{"@type":"ImageObject","inLanguage":"en-US","@id":"https:\/\/everydaychemshop.com\/pl\/product\/kup-butalbital-online\/#primaryimage","url":"https:\/\/everydaychemshop.com\/pl\/wp-content\/uploads\/sites\/8\/2022\/11\/Butalbital.jpg","contentUrl":"https:\/\/everydaychemshop.com\/pl\/wp-content\/uploads\/sites\/8\/2022\/11\/Butalbital.jpg","width":600,"height":600,"caption":"Kup tabletki Butalbital online"},{"@type":"BreadcrumbList","@id":"https:\/\/everydaychemshop.com\/pl\/product\/kup-butalbital-online\/#breadcrumb","itemListElement":[{"@type":"ListItem","position":1,"name":"Home","item":"https:\/\/everydaychemshop.com\/pl\/"},{"@type":"ListItem","position":2,"name":"Produkty","item":"https:\/\/everydaychemshop.com\/pl\/produkty\/"},{"@type":"ListItem","position":3,"name":"Kup Butalbital online"}]},{"@type":"WebSite","@id":"https:\/\/everydaychemshop.com\/pl\/#website","url":"https:\/\/everydaychemshop.com\/pl\/","name":"Everyday Chem Shop","description":"","potentialAction":[{"@type":"SearchAction","target":{"@type":"EntryPoint","urlTemplate":"https:\/\/everydaychemshop.com\/pl\/?s={search_term_string}"},"query-input":{"@type":"PropertyValueSpecification","valueRequired":true,"valueName":"search_term_string"}}],"inLanguage":"en-US"}]}},"_links":{"self":[{"href":"https:\/\/everydaychemshop.com\/pl\/wp-json\/wp\/v2\/product\/7586","targetHints":{"allow":["GET"]}}],"collection":[{"href":"https:\/\/everydaychemshop.com\/pl\/wp-json\/wp\/v2\/product"}],"about":[{"href":"https:\/\/everydaychemshop.com\/pl\/wp-json\/wp\/v2\/types\/product"}],"replies":[{"embeddable":true,"href":"https:\/\/everydaychemshop.com\/pl\/wp-json\/wp\/v2\/comments?post=7586"}],"wp:featuredmedia":[{"embeddable":true,"href":"https:\/\/everydaychemshop.com\/pl\/wp-json\/wp\/v2\/media\/7616"}],"wp:attachment":[{"href":"https:\/\/everydaychemshop.com\/pl\/wp-json\/wp\/v2\/media?parent=7586"}],"wp:term":[{"taxonomy":"product_brand","embeddable":true,"href":"https:\/\/everydaychemshop.com\/pl\/wp-json\/wp\/v2\/product_brand?post=7586"},{"taxonomy":"product_cat","embeddable":true,"href":"https:\/\/everydaychemshop.com\/pl\/wp-json\/wp\/v2\/product_cat?post=7586"},{"taxonomy":"product_tag","embeddable":true,"href":"https:\/\/everydaychemshop.com\/pl\/wp-json\/wp\/v2\/product_tag?post=7586"}],"curies":[{"name":"wp","href":"https:\/\/api.w.org\/{rel}","templated":true}]}}