{"id":7587,"date":"2022-11-16T09:42:04","date_gmt":"2022-11-16T09:42:04","guid":{"rendered":"https:\/\/everydaychemshop.com\/pl\/?post_type=product&#038;p=7587"},"modified":"2023-04-07T20:06:27","modified_gmt":"2023-04-07T20:06:27","slug":"kup-kapsulki-nembutalu-online","status":"publish","type":"product","link":"https:\/\/everydaychemshop.com\/pl\/product\/kup-kapsulki-nembutalu-online\/","title":{"rendered":"Kup kapsu\u0142ki Nembutal przez Internet"},"content":{"rendered":"<h1><strong>Kup kapsu\u0142ki Nembutal przez Internet<\/strong><\/h1>\n<p><a href=\"https:\/\/everydaychemshop.com\/pl\/product\/kup-kapsulki-nembutalu-online\/\">Kup kapsu\u0142ki Nembutal przez Internet<\/a>. Szukasz niezawodnej i profesjonalnej apteki internetowej, kt\u00f3ra pomo\u017ce Ci kupi\u0107 kapsu\u0142ki Nembutal online w najlepszej cenie? Je\u015bli tak, to na pewno trafi\u0142e\u015b we w\u0142a\u015bciwe miejsce. Jeste\u015bmy uznan\u0105 aptek\u0105 internetow\u0105 znan\u0105 pod nazw\u0105 Online Apteka Nembutal. B\u0119d\u0105c najlepszym sprzedawc\u0105 i dostawc\u0105 na rynku internetowym, zdobyli\u015bmy wielu lojalnych klient\u00f3w, kt\u00f3rzy regularnie kupuj\u0105 kapsu\u0142ki Nembutal w naszej aptece internetowej.<\/p>\n<p>Nawet je\u015bli kupujesz kapsu\u0142ki Nembutal po raz pierwszy z naszej apteki internetowej, nie martw si\u0119 o nic. Tutaj dostaniesz tylko to, co najlepsze. Zawsze s\u0142u\u017cymy pomoc\u0105 w wygodnym zakupie kapsu\u0142ek Nembutal przez Internet. Przestrzegamy odpowiednich standard\u00f3w bran\u017cowych i dostarczamy naszym klientom ich produkty w ten sam spos\u00f3b. Nie idziemy na \u017caden <a href=\"https:\/\/en.wikipedia.org\/wiki\/Pentobarbital\">kompromis<\/a> je\u015bli chodzi o jako\u015b\u0107, opakowanie lub dostaw\u0119 kapsu\u0142ek Nembutal przez nasz\u0105 aptek\u0119 internetow\u0105. Je\u015bli nie mo\u017cesz si\u0119 doczeka\u0107 zakupu kapsu\u0142ek Nembutal, skontaktuj si\u0119 z nami ju\u017c dzi\u015b i spe\u0142nij swoje wymagania w kr\u00f3tkim czasie.<\/p>\n<p class=\"tt\"><strong>Dlaczego wyb\u00f3r apteki internetowej Nembutal to najlepsza decyzja o zakupie Kapsu\u0142ki Nembutal?<\/strong><\/p>\n<p>Je\u015bli chcesz kapsu\u0142ek Nembutal w precyzyjny spos\u00f3b ze sprawdzon\u0105 jako\u015bci\u0105 i szybk\u0105 dostaw\u0105, wyb\u00f3r nas jest zawsze najlepszym wyborem. Apteka internetowa Nembutal sprzedaje najwy\u017cszej jako\u015bci kapsu\u0142ki Nembutal w przyst\u0119pnych cenach na ca\u0142ym \u015bwiecie. Jedn\u0105 rzecz\u0105, kt\u00f3ra trzyma nas na w\u0142a\u015bciwej drodze, jest to, \u017ce nie korzystamy z po\u015brednik\u00f3w w naszym procesie transakcyjnym. Komunikujemy si\u0119 bezpo\u015brednio z klientami i terminowo realizujemy ich zam\u00f3wienia.<\/p>\n<p>Dzi\u0119ki wieloletniej pracy w tej dziedzinie zostali\u015bmy docenieni przez naszych klient\u00f3w w postaci pozytywnych recenzji i informacji zwrotnych. Nasz zesp\u00f3\u0142 dba o to, aby Nembutal Capsules dociera\u0142 do klient\u00f3w w bezpieczny spos\u00f3b. Do ka\u017cdego produktu do\u0142\u0105czamy komplet instrukcji. Te instrukcje pomog\u0105 Ci zarz\u0105dza\u0107 przyjmowanymi lekami w kapsu\u0142kach Nembutal w bezpieczny spos\u00f3b.<\/p>\n<p>Nasze doskona\u0142e us\u0142ugi s\u0105 dla Ciebie dost\u0119pne przez ca\u0142y czas. Mo\u017cesz uzyska\u0107 wi\u0119cej informacji na temat leku na Nembutal Capsules z pomoc\u0105 naszej apteki internetowej. Wcze\u015bniej ludzie mieli problem z zakupem kapsu\u0142ek Nembutal. Ale wraz z post\u0119pem czasu, nasza apteka internetowa pojawi\u0142a si\u0119 z produktami Nembutal. Mo\u017cesz je kupi\u0107 w dowolnym miejscu i czasie.<\/p>\n<p><strong>Czy wiesz, gdzie kupi\u0107 kapsu\u0142ki nembutalu online?<\/strong><\/p>\n<p>Sprzeda\u017c kapsu\u0142ek nembutalu, kapsu\u0142ki nembutalu warto\u015b\u0107 uliczna, nembutal dawkowanie kapsu\u0142ek, jak zrobi\u0107 pigu\u0142ki nembutal, gdzie mog\u0119 kupi\u0107 kapsu\u0142ki nembutal online, sk\u0105d wzi\u0105\u0107 kapsu\u0142ki nembutal, co to s\u0105 kapsu\u0142ki nembutal, sprzeda\u017c najwy\u017cszej jako\u015bci kapsu\u0142ek nembutal. Wszystkie te pytania bez odpowiedzi mog\u0105 uzyska\u0107 odpowiedzi za naszym po\u015brednictwem. Wystarczy, \u017ce przejrzysz nasz\u0105 stron\u0119 internetow\u0105, a uzyskasz odpowiedzi, jak i gdzie mo\u017cesz kupi\u0107 kapsu\u0142ki nembutalu przez Internet.<\/p>\n<p>A co z kapsu\u0142kami nembutalu? Czy wiesz r\u00f3wnie\u017c, gdzie mo\u017cna kupi\u0107 kapsu\u0142ki nembutalu w sprzeda\u017cy online? kupi\u0107 kapsu\u0142ki nembutal na sprzeda\u017c, jak zrobi\u0107 kapsu\u0142ki nembutal, jak wygl\u0105daj\u0105 kapsu\u0142ki nembutal, kapsu\u0142ki nembutal cena uliczna, cena proszku nembutal, gdzie kupi\u0107 kapsu\u0142ki nembutal, czysty proszek nembutal, gdzie mog\u0119 kupi\u0107 kapsu\u0142ki nembutal online, tabletki Seconal nembutal, kup czyste kapsu\u0142ki nembutalu przez Internet.<\/p>\n<p>Dobrej jako\u015bci kapsu\u0142ki nembutalu przez Internet: Jest ca\u0142kowicie zrozumia\u0142e, \u017ce ludzie nie ufaj\u0105 szybko jako\u015bci kapsu\u0142ek nembutalu sprzedawanych online, poniewa\u017c nie mog\u0105 ich fizycznie zbada\u0107. Ale to nie to samo z internetowymi dostawcami kapsu\u0142ek nembutalu. Produkty tutaj s\u0105 zgodne z ich opisem dzi\u0119ki wysokiej jako\u015bci konserwacji wykonanej w ramach programu nadzorem ekspert\u00f3w.<\/p>\n<p>Szybko &amp; Dyskretna wysy\u0142ka: dostawa kapsu\u0142ek nembutalu online po otrzymaniu zam\u00f3wienia odbywa si\u0119 w obiecanym terminie. Zesp\u00f3\u0142 wysy\u0142kowy dok\u0142ada wszelkich stara\u0144, aby procedura wysy\u0142ki i dostawy przebiega\u0142a p\u0142ynnie i szybko. Mo\u017cesz r\u00f3wnie\u017c oczekiwa\u0107 doskona\u0142ych us\u0142ug przy zakupie kapsu\u0142ek nembutalu online od profesjonalisty na platformie internetowej.<\/p>\n","protected":false},"excerpt":{"rendered":"<p><strong>Jak z\u0142o\u017cy\u0107 zam\u00f3wienie na kapsu\u0142ki Nembutal przez Internet?<\/strong><\/p>\n<p>Na naszej oficjalnej stronie internetowej mo\u017cesz doda\u0107 wym\u00f3g zakupu kapsu\u0142ek Nembutal online po najlepszej cenie i zrealizowa\u0107 to W kr\u00f3tkim okresie czasu. Twoje zam\u00f3wienie jest nasz\u0105 odpowiedzialno\u015bci\u0105. Skontaktuj si\u0119 z nami ju\u017c dzi\u015b i zdob\u0105d\u017a kapsu\u0142ki Nembutal na sprzeda\u017c w najprostszy spos\u00f3b!<\/p>\n","protected":false},"featured_media":7617,"comment_status":"closed","ping_status":"closed","template":"","meta":{"inline_featured_image":false},"product_brand":[],"product_cat":[58],"product_tag":[],"class_list":{"0":"post-7587","1":"product","2":"type-product","3":"status-publish","4":"has-post-thumbnail","6":"product_cat-produkty-z-nembutalu","8":"first","9":"instock","10":"featured","11":"shipping-taxable","12":"purchasable","13":"product-type-variable","14":"has-default-attributes"},"yoast_head":"<!-- This site is optimized with the Yoast SEO Premium plugin v19.2 (Yoast SEO v27.3) - https:\/\/yoast.com\/product\/yoast-seo-premium-wordpress\/ -->\n<title>Kup kapsu\u0142ki Nembutal przez Internet - Everyday Chem Shop<\/title>\n<meta name=\"description\" content=\"Kup kapsu\u0142ki Nembutal przez Internet. Je\u015bli szukasz sposobu na zakup kapsu\u0142ek Nembutal, jeste\u015b we w\u0142a\u015bciwym miejscu, aby kupi\u0107 kapsu\u0142ki Nembutal online.\" \/>\n<meta name=\"robots\" content=\"index, follow, max-snippet:-1, max-image-preview:large, max-video-preview:-1\" \/>\n<link rel=\"canonical\" href=\"https:\/\/everydaychemshop.com\/pl\/product\/kup-kapsulki-nembutalu-online\/\" \/>\n<meta property=\"og:locale\" content=\"en_US\" \/>\n<meta property=\"og:type\" content=\"article\" \/>\n<meta property=\"og:title\" content=\"Kup kapsu\u0142ki Nembutal przez Internet\" \/>\n<meta property=\"og:description\" content=\"Kup kapsu\u0142ki Nembutal przez Internet. Je\u015bli szukasz sposobu na zakup kapsu\u0142ek Nembutal, jeste\u015b we w\u0142a\u015bciwym miejscu, aby kupi\u0107 kapsu\u0142ki Nembutal online.\" \/>\n<meta property=\"og:url\" content=\"https:\/\/everydaychemshop.com\/pl\/product\/kup-kapsulki-nembutalu-online\/\" \/>\n<meta property=\"og:site_name\" content=\"Everyday Chem Shop\" \/>\n<meta property=\"article:modified_time\" content=\"2023-04-07T20:06:27+00:00\" \/>\n<meta property=\"og:image\" content=\"https:\/\/everydaychemshop.com\/pl\/wp-content\/uploads\/sites\/8\/2022\/11\/nembutal-capsules.jpg\" \/>\n\t<meta property=\"og:image:width\" content=\"600\" \/>\n\t<meta property=\"og:image:height\" content=\"600\" \/>\n\t<meta property=\"og:image:type\" content=\"image\/jpeg\" \/>\n<meta name=\"twitter:card\" content=\"summary_large_image\" \/>\n<meta name=\"twitter:label1\" content=\"Est. reading time\" \/>\n\t<meta name=\"twitter:data1\" content=\"3 minutes\" \/>\n<script type=\"application\/ld+json\" class=\"yoast-schema-graph\">{\"@context\":\"https:\\\/\\\/schema.org\",\"@graph\":[{\"@type\":\"WebPage\",\"@id\":\"https:\\\/\\\/everydaychemshop.com\\\/pl\\\/product\\\/kup-kapsulki-nembutalu-online\\\/\",\"url\":\"https:\\\/\\\/everydaychemshop.com\\\/pl\\\/product\\\/kup-kapsulki-nembutalu-online\\\/\",\"name\":\"Kup kapsu\u0142ki Nembutal przez Internet - Everyday Chem Shop\",\"isPartOf\":{\"@id\":\"https:\\\/\\\/everydaychemshop.com\\\/pl\\\/#website\"},\"primaryImageOfPage\":{\"@id\":\"https:\\\/\\\/everydaychemshop.com\\\/pl\\\/product\\\/kup-kapsulki-nembutalu-online\\\/#primaryimage\"},\"image\":{\"@id\":\"https:\\\/\\\/everydaychemshop.com\\\/pl\\\/product\\\/kup-kapsulki-nembutalu-online\\\/#primaryimage\"},\"thumbnailUrl\":\"https:\\\/\\\/everydaychemshop.com\\\/pl\\\/wp-content\\\/uploads\\\/sites\\\/8\\\/2022\\\/11\\\/nembutal-capsules.jpg\",\"datePublished\":\"2022-11-16T09:42:04+00:00\",\"dateModified\":\"2023-04-07T20:06:27+00:00\",\"description\":\"Kup kapsu\u0142ki Nembutal przez Internet. Je\u015bli szukasz sposobu na zakup kapsu\u0142ek Nembutal, jeste\u015b we w\u0142a\u015bciwym miejscu, aby kupi\u0107 kapsu\u0142ki Nembutal online.\",\"breadcrumb\":{\"@id\":\"https:\\\/\\\/everydaychemshop.com\\\/pl\\\/product\\\/kup-kapsulki-nembutalu-online\\\/#breadcrumb\"},\"inLanguage\":\"en-US\",\"potentialAction\":[{\"@type\":\"ReadAction\",\"target\":[\"https:\\\/\\\/everydaychemshop.com\\\/pl\\\/product\\\/kup-kapsulki-nembutalu-online\\\/\"]}]},{\"@type\":\"ImageObject\",\"inLanguage\":\"en-US\",\"@id\":\"https:\\\/\\\/everydaychemshop.com\\\/pl\\\/product\\\/kup-kapsulki-nembutalu-online\\\/#primaryimage\",\"url\":\"https:\\\/\\\/everydaychemshop.com\\\/pl\\\/wp-content\\\/uploads\\\/sites\\\/8\\\/2022\\\/11\\\/nembutal-capsules.jpg\",\"contentUrl\":\"https:\\\/\\\/everydaychemshop.com\\\/pl\\\/wp-content\\\/uploads\\\/sites\\\/8\\\/2022\\\/11\\\/nembutal-capsules.jpg\",\"width\":600,\"height\":600,\"caption\":\"Kup kapsu\u0142ki Nembutal przez Internet\"},{\"@type\":\"BreadcrumbList\",\"@id\":\"https:\\\/\\\/everydaychemshop.com\\\/pl\\\/product\\\/kup-kapsulki-nembutalu-online\\\/#breadcrumb\",\"itemListElement\":[{\"@type\":\"ListItem\",\"position\":1,\"name\":\"Home\",\"item\":\"https:\\\/\\\/everydaychemshop.com\\\/pl\\\/\"},{\"@type\":\"ListItem\",\"position\":2,\"name\":\"Produkty\",\"item\":\"https:\\\/\\\/everydaychemshop.com\\\/pl\\\/produkty\\\/\"},{\"@type\":\"ListItem\",\"position\":3,\"name\":\"Kup kapsu\u0142ki Nembutal przez Internet\"}]},{\"@type\":\"WebSite\",\"@id\":\"https:\\\/\\\/everydaychemshop.com\\\/pl\\\/#website\",\"url\":\"https:\\\/\\\/everydaychemshop.com\\\/pl\\\/\",\"name\":\"Everyday Chem Shop\",\"description\":\"\",\"potentialAction\":[{\"@type\":\"SearchAction\",\"target\":{\"@type\":\"EntryPoint\",\"urlTemplate\":\"https:\\\/\\\/everydaychemshop.com\\\/pl\\\/?s={search_term_string}\"},\"query-input\":{\"@type\":\"PropertyValueSpecification\",\"valueRequired\":true,\"valueName\":\"search_term_string\"}}],\"inLanguage\":\"en-US\"}]}<\/script>\n<!-- \/ Yoast SEO Premium plugin. -->","yoast_head_json":{"title":"Kup kapsu\u0142ki Nembutal przez Internet - Everyday Chem Shop","description":"Kup kapsu\u0142ki Nembutal przez Internet. Je\u015bli szukasz sposobu na zakup kapsu\u0142ek Nembutal, jeste\u015b we w\u0142a\u015bciwym miejscu, aby kupi\u0107 kapsu\u0142ki Nembutal online.","robots":{"index":"index","follow":"follow","max-snippet":"max-snippet:-1","max-image-preview":"max-image-preview:large","max-video-preview":"max-video-preview:-1"},"canonical":"https:\/\/everydaychemshop.com\/pl\/product\/kup-kapsulki-nembutalu-online\/","og_locale":"en_US","og_type":"article","og_title":"Kup kapsu\u0142ki Nembutal przez Internet","og_description":"Kup kapsu\u0142ki Nembutal przez Internet. Je\u015bli szukasz sposobu na zakup kapsu\u0142ek Nembutal, jeste\u015b we w\u0142a\u015bciwym miejscu, aby kupi\u0107 kapsu\u0142ki Nembutal online.","og_url":"https:\/\/everydaychemshop.com\/pl\/product\/kup-kapsulki-nembutalu-online\/","og_site_name":"Everyday Chem Shop","article_modified_time":"2023-04-07T20:06:27+00:00","og_image":[{"width":600,"height":600,"url":"https:\/\/everydaychemshop.com\/pl\/wp-content\/uploads\/sites\/8\/2022\/11\/nembutal-capsules.jpg","type":"image\/jpeg"}],"twitter_card":"summary_large_image","twitter_misc":{"Est. reading time":"3 minutes"},"schema":{"@context":"https:\/\/schema.org","@graph":[{"@type":"WebPage","@id":"https:\/\/everydaychemshop.com\/pl\/product\/kup-kapsulki-nembutalu-online\/","url":"https:\/\/everydaychemshop.com\/pl\/product\/kup-kapsulki-nembutalu-online\/","name":"Kup kapsu\u0142ki Nembutal przez Internet - Everyday Chem Shop","isPartOf":{"@id":"https:\/\/everydaychemshop.com\/pl\/#website"},"primaryImageOfPage":{"@id":"https:\/\/everydaychemshop.com\/pl\/product\/kup-kapsulki-nembutalu-online\/#primaryimage"},"image":{"@id":"https:\/\/everydaychemshop.com\/pl\/product\/kup-kapsulki-nembutalu-online\/#primaryimage"},"thumbnailUrl":"https:\/\/everydaychemshop.com\/pl\/wp-content\/uploads\/sites\/8\/2022\/11\/nembutal-capsules.jpg","datePublished":"2022-11-16T09:42:04+00:00","dateModified":"2023-04-07T20:06:27+00:00","description":"Kup kapsu\u0142ki Nembutal przez Internet. Je\u015bli szukasz sposobu na zakup kapsu\u0142ek Nembutal, jeste\u015b we w\u0142a\u015bciwym miejscu, aby kupi\u0107 kapsu\u0142ki Nembutal online.","breadcrumb":{"@id":"https:\/\/everydaychemshop.com\/pl\/product\/kup-kapsulki-nembutalu-online\/#breadcrumb"},"inLanguage":"en-US","potentialAction":[{"@type":"ReadAction","target":["https:\/\/everydaychemshop.com\/pl\/product\/kup-kapsulki-nembutalu-online\/"]}]},{"@type":"ImageObject","inLanguage":"en-US","@id":"https:\/\/everydaychemshop.com\/pl\/product\/kup-kapsulki-nembutalu-online\/#primaryimage","url":"https:\/\/everydaychemshop.com\/pl\/wp-content\/uploads\/sites\/8\/2022\/11\/nembutal-capsules.jpg","contentUrl":"https:\/\/everydaychemshop.com\/pl\/wp-content\/uploads\/sites\/8\/2022\/11\/nembutal-capsules.jpg","width":600,"height":600,"caption":"Kup kapsu\u0142ki Nembutal przez Internet"},{"@type":"BreadcrumbList","@id":"https:\/\/everydaychemshop.com\/pl\/product\/kup-kapsulki-nembutalu-online\/#breadcrumb","itemListElement":[{"@type":"ListItem","position":1,"name":"Home","item":"https:\/\/everydaychemshop.com\/pl\/"},{"@type":"ListItem","position":2,"name":"Produkty","item":"https:\/\/everydaychemshop.com\/pl\/produkty\/"},{"@type":"ListItem","position":3,"name":"Kup kapsu\u0142ki Nembutal przez Internet"}]},{"@type":"WebSite","@id":"https:\/\/everydaychemshop.com\/pl\/#website","url":"https:\/\/everydaychemshop.com\/pl\/","name":"Everyday Chem Shop","description":"","potentialAction":[{"@type":"SearchAction","target":{"@type":"EntryPoint","urlTemplate":"https:\/\/everydaychemshop.com\/pl\/?s={search_term_string}"},"query-input":{"@type":"PropertyValueSpecification","valueRequired":true,"valueName":"search_term_string"}}],"inLanguage":"en-US"}]}},"_links":{"self":[{"href":"https:\/\/everydaychemshop.com\/pl\/wp-json\/wp\/v2\/product\/7587","targetHints":{"allow":["GET"]}}],"collection":[{"href":"https:\/\/everydaychemshop.com\/pl\/wp-json\/wp\/v2\/product"}],"about":[{"href":"https:\/\/everydaychemshop.com\/pl\/wp-json\/wp\/v2\/types\/product"}],"replies":[{"embeddable":true,"href":"https:\/\/everydaychemshop.com\/pl\/wp-json\/wp\/v2\/comments?post=7587"}],"wp:featuredmedia":[{"embeddable":true,"href":"https:\/\/everydaychemshop.com\/pl\/wp-json\/wp\/v2\/media\/7617"}],"wp:attachment":[{"href":"https:\/\/everydaychemshop.com\/pl\/wp-json\/wp\/v2\/media?parent=7587"}],"wp:term":[{"taxonomy":"product_brand","embeddable":true,"href":"https:\/\/everydaychemshop.com\/pl\/wp-json\/wp\/v2\/product_brand?post=7587"},{"taxonomy":"product_cat","embeddable":true,"href":"https:\/\/everydaychemshop.com\/pl\/wp-json\/wp\/v2\/product_cat?post=7587"},{"taxonomy":"product_tag","embeddable":true,"href":"https:\/\/everydaychemshop.com\/pl\/wp-json\/wp\/v2\/product_tag?post=7587"}],"curies":[{"name":"wp","href":"https:\/\/api.w.org\/{rel}","templated":true}]}}