{"id":7588,"date":"2022-11-16T09:42:04","date_gmt":"2022-11-16T09:42:04","guid":{"rendered":"https:\/\/everydaychemshop.com\/pl\/?post_type=product&#038;p=7588"},"modified":"2025-11-23T15:46:37","modified_gmt":"2025-11-23T15:46:37","slug":"kup-pigulki-nembutal-online","status":"publish","type":"product","link":"https:\/\/everydaychemshop.com\/pl\/product\/kup-pigulki-nembutal-online\/","title":{"rendered":"Kup pigu\u0142ki Nembutal przez Internet"},"content":{"rendered":"<h1>Kup tabletki Nembutalu online \u2013 autentyczny pentobarbital sodowy dla wiarygodnych rezultat\u00f3w<\/h1>\n<p><a href=\"https:\/\/everydaychemshop.com\/pl\/product\/kup-pigulki-nembutal-online\/\">Kup tabletki Nembutalu online<\/a>. Szukasz zaufanego miejsca, w kt\u00f3rym kupisz tabletki Nembutalu online? W Everyday Chem Shop specjalizujemy si\u0119 w dostarczaniu wysokiej jako\u015bci tabletek Nembutalu, zapewniaj\u0105c dyskretn\u0105 i bezpieczn\u0105 dostaw\u0119 na ca\u0142ym \u015bwiecie. Jako wiod\u0105cy dostawca Nembutalu, oferujemy oryginalne kapsu\u0142ki z pentobarbitalem sodowym, przeznaczone do sedacji, kontroli napad\u00f3w padaczkowych i eutanazji. Pozb\u0105d\u017a si\u0119 k\u0142opot\u00f3w zwi\u0105zanych z niepewnymi \u017ar\u00f3d\u0142ami \u2013 zam\u00f3w Nembutal online ju\u017c dzi\u015b i ciesz si\u0119 spokojem ducha dzi\u0119ki naszym sprawdzonym produktom.<\/p>\n<p>Czym s\u0105 tabletki Nembutalu? Zrozumie\u0107 dzia\u0142anie pentobarbitalu sodowego<\/p>\n<p>Nembutal, znany r\u00f3wnie\u017c jako pentobarbital sodowy, to silny lek barbituranowy dost\u0119pny w wygodnej formie tabletek. Te tabletki Nembutalu s\u0105 powszechnie znane ze swoich szybko dzia\u0142aj\u0105cych w\u0142a\u015bciwo\u015bci uspokajaj\u0105cych, co czyni je idealnym wyborem dla lekarzy i os\u00f3b poszukuj\u0105cych skutecznej ulgi.<\/p>\n<p>Kluczowy sk\u0142ad: Ka\u017cda tabletka zawiera 100 mg czystego pentobarbitalu sodu, opracowanego dla optymalnego wch\u0142aniania.<br \/>\nDost\u0119pne formy: Standardowe kapsu\u0142ki lub tabletki \u2013 \u0142atwe do po\u0142kni\u0119cia i przechowywania.<br \/>\nDlaczego warto wybra\u0107 tabletki zamiast p\u0142yn\u00f3w? Przeno\u015bno\u015b\u0107, precyzyjne dawkowanie i brak konieczno\u015bci mieszania \u2013 idealne do stosowania w podr\u00f3\u017cy.<\/p>\n<p>Niezale\u017cnie od tego, czy szukasz tabletek Nembutalu w celach terapeutycznych, czy tabletek eutanazyjnych, nasze produkty spe\u0142niaj\u0105 rygorystyczne standardy jako\u015bci. Zawsze skonsultuj si\u0119 z lekarzem przed u\u017cyciem, poniewa\u017c mo\u017ce doj\u015b\u0107 do przedawkowania tabletek Nembutalu w przypadku niew\u0142a\u015bciwego obchodzenia si\u0119 z nimi.<\/p>\n<p>Korzy\u015bci z zakupu tabletek Nembutalu w Everyday Chem Shop<\/p>\n<p>Kupuj\u0105c u nas tabletki pentobarbitalu, inwestujesz w niezawodno\u015b\u0107 i dyskrecj\u0119. Oto dlaczego klienci wybieraj\u0105 nas jako swojego najlepszego dostawc\u0119 tabletek Nembutalu:<\/p>\n<p>Gwarancja autentyczno\u015bci: Czysto\u015b\u0107 testowana laboratoryjnie \u2013 bez podr\u00f3bek i wype\u0142niaczy.<br \/>\nKonkurencyjne ceny: Ju\u017c od 300 USD za standardowe opakowanie, z rabatami hurtowymi do 30%.<br \/>\nDyskretne opakowanie: Opakowanie pr\u00f3\u017cniowe i bez etykiety chroni Twoj\u0105 prywatno\u015b\u0107.<br \/>\nSzybka wysy\u0142ka na ca\u0142y \u015bwiat: 3-7 dni roboczych do USA, Europy, Australii, Wielkiej Brytanii i innych kraj\u00f3w \u2013 bezp\u0142atna dla zam\u00f3wie\u0144 powy\u017cej 500 USD.<br \/>\nCa\u0142odobowa obs\u0142uga klienta: Czat na \u017cywo lub e-mail w przypadku pyta\u0144 dotycz\u0105cych zamawiania tabletek Nembutalu lub \u015bledzenia przesy\u0142ki.<\/p>\n<p>Nasze zaanga\u017cowanie w jako\u015b\u0107 przynios\u0142o nam entuzjastyczne recenzje: \u201eW ko\u0144cu znalaz\u0142em legaln\u0105 stron\u0119, na kt\u00f3rej mog\u0119 kupi\u0107 tabletki Nembutalu online \u2013 przesy\u0142ka dotar\u0142a dok\u0142adnie taka, jak w opisie!\u201d \u2013 Zadowolony klient.<\/p>\n<p>Przewodnik po dawkowaniu tabletek Nembutalu: Bezpieczne i skuteczne stosowanie<\/p>\n<p>Prawid\u0142owe dawkowanie tabletek Nembutalu ma kluczowe znaczenie dla bezpiecze\u0144stwa. Zalecamy rozpocz\u0119cie od ma\u0142ej dawki i dostosowywanie jej w zale\u017cno\u015bci od potrzeb:<\/p>\n<p>Cel Zalecana dawka Wskaz\u00f3wki dotycz\u0105ce podawania<br \/>\nU\u015bpienie\/U\u015bmierzanie l\u0119ku 50-100 mg (1\/2 do 1 tabletki) Popija\u0107 wod\u0105, 30 minut przed snem.<br \/>\nKontrola napad\u00f3w padaczkowych 100-200 mg (1-2 tabletki) Pod nadzorem lekarza; monitorowa\u0107 parametry \u017cyciowe.<br \/>\nEutanazja 3-6 g (30-60 tabletek) Skonsultowa\u0107 si\u0119 z lekarzem; \u0142\u0105czy\u0107 z lekami przeciwwymiotnymi, aby zapobiec nudno\u015bciom.<\/p>\n<p>Ostrze\u017cenie: Nembutal jest substancj\u0105 kontrolowan\u0105. Tabletki nembutalu dost\u0119pne w sprzeda\u017cy s\u0105 przeznaczone wy\u0142\u0105cznie do legalnego u\u017cytku medycznego lub badawczego. Unika\u0107 \u0142\u0105czenia z alkoholem lub innymi \u015brodkami uspokajaj\u0105cymi, aby zapobiec przedawkowaniu nembutalu. Je\u015bli mieszkasz w Australii lub Europie, sprawd\u017a lokalne przepisy dotycz\u0105ce zakupu tabletek nembutalu online.<\/p>\n<p>Dlaczego warto zaufa\u0107 Everyday Chem Shop przy zam\u00f3wieniu nembutalu?<\/p>\n<p>Na rynku zalewanym przez w\u0105tpliwych dostawc\u00f3w wyr\u00f3\u017cniamy si\u0119 jako wiarygodny dostawca Nembutalu. Nasza bezpieczna p\u0142atno\u015b\u0107 korzysta z szyfrowanych metod p\u0142atno\u015bci (karty kredytowe, kryptowaluty, przelew bankowy) i oferujemy 100% gwarancj\u0119 zwrotu pieni\u0119dzy w przypadku niedostarczenia zam\u00f3wienia. Dodatkowo, zapoznaj si\u0119 z nasz\u0105 ofert\u0105 produkt\u00f3w powi\u0105zanych, takich jak Nembutal w p\u0142ynie lub proszku, aby uzyska\u0107 kompleksowe rozwi\u0105zania.<\/p>\n<p>Chcesz zam\u00f3wi\u0107 tabletki Nembutalu? Wybierz ilo\u015b\u0107 poni\u017cej i przejd\u017a do kasy. W przypadku zapyta\u0144 hurtowych lub niestandardowych opcji zakupu tabletek Nembutalu, skontaktuj si\u0119 z nami pod adresem support@everydaychemshop.com.<\/p>\n<p>Ograniczony stan magazynowy: Du\u017ce zapotrzebowanie na tabletki pentobarbitalu \u2013 zam\u00f3w ju\u017c teraz, aby zapewni\u0107 sobie dostaw\u0119!<\/p>\n","protected":false},"excerpt":{"rendered":"<p><strong>Jak po\u0142\u0105czy\u0107 si\u0119 z najlepsz\u0105 aptek\u0105 internetow\u0105, aby kupi\u0107 pigu\u0142ki Nembutal online?<\/strong><\/p>\n<p>Je\u015bli chcesz wiedzie\u0107, jak po\u0142\u0105czy\u0107 si\u0119 z najlepsz\u0105 aptek\u0105 internetow\u0105, aby kupi\u0107 pigu\u0142ki Nembutal online, wtedy Pentobarbital Group jest zawsze dost\u0119pna, aby zapewni\u0107 Ci pe\u0142ne wsparcie. Jeste\u015bmy tutaj, aby pom\u00f3c Ci kupi\u0107 pigu\u0142ki Nembutal online w najlepszej cenie. Tutaj mo\u017cesz z\u0142o\u017cy\u0107 zam\u00f3wienie i czeka\u0107 na jego realizacj\u0119 w kr\u00f3tkim czasie. Nie b\u0119dziemy robi\u0107 niepotrzebnych op\u00f3\u017anie\u0144 w dostawie. Skontaktuj si\u0119 ju\u017c dzi\u015b!<\/p>\n","protected":false},"featured_media":7619,"comment_status":"open","ping_status":"closed","template":"","meta":{"inline_featured_image":false},"product_brand":[],"product_cat":[58],"product_tag":[],"class_list":{"0":"post-7588","1":"product","2":"type-product","3":"status-publish","4":"has-post-thumbnail","6":"product_cat-produkty-z-nembutalu","8":"first","9":"instock","10":"featured","11":"shipping-taxable","12":"purchasable","13":"product-type-variable","14":"has-default-attributes"},"yoast_head":"<!-- This site is optimized with the Yoast SEO Premium plugin v19.2 (Yoast SEO v27.3) - https:\/\/yoast.com\/product\/yoast-seo-premium-wordpress\/ -->\n<title>Kup tabletki Nembutalu online - Everyday Chem Shop<\/title>\n<meta name=\"description\" content=\"Kup oryginalne tabletki Nembutalu online w sklepie Everyday Chem Shop. Szybka i dyskretna wysy\u0142ka kapsu\u0142ek pentobarbitalu sodowego na ca\u0142y \u015bwiat. Bezpieczne zam\u00f3wienia, konkurencyjne ceny i niezawodny dostawca \u015brodk\u00f3w uspokajaj\u0105cych i do eutanazji. Zam\u00f3w tabletki Nembutalu ju\u017c dzi\u015b!\" \/>\n<meta name=\"robots\" content=\"index, follow, max-snippet:-1, max-image-preview:large, max-video-preview:-1\" \/>\n<link rel=\"canonical\" href=\"https:\/\/everydaychemshop.com\/pl\/product\/kup-pigulki-nembutal-online\/\" \/>\n<meta property=\"og:locale\" content=\"en_US\" \/>\n<meta property=\"og:type\" content=\"article\" \/>\n<meta property=\"og:title\" content=\"Kup pigu\u0142ki Nembutal przez Internet\" \/>\n<meta property=\"og:description\" content=\"Kup oryginalne tabletki Nembutalu online w sklepie Everyday Chem Shop. Szybka i dyskretna wysy\u0142ka kapsu\u0142ek pentobarbitalu sodowego na ca\u0142y \u015bwiat. Bezpieczne zam\u00f3wienia, konkurencyjne ceny i niezawodny dostawca \u015brodk\u00f3w uspokajaj\u0105cych i do eutanazji. Zam\u00f3w tabletki Nembutalu ju\u017c dzi\u015b!\" \/>\n<meta property=\"og:url\" content=\"https:\/\/everydaychemshop.com\/pl\/product\/kup-pigulki-nembutal-online\/\" \/>\n<meta property=\"og:site_name\" content=\"Everyday Chem Shop\" \/>\n<meta property=\"article:modified_time\" content=\"2025-11-23T15:46:37+00:00\" \/>\n<meta property=\"og:image\" content=\"https:\/\/everydaychemshop.com\/pl\/wp-content\/uploads\/sites\/8\/2022\/11\/nembutal-pills.jpg\" \/>\n\t<meta property=\"og:image:width\" content=\"600\" \/>\n\t<meta property=\"og:image:height\" content=\"600\" \/>\n\t<meta property=\"og:image:type\" content=\"image\/jpeg\" \/>\n<meta name=\"twitter:card\" content=\"summary_large_image\" \/>\n<meta name=\"twitter:label1\" content=\"Est. reading time\" \/>\n\t<meta name=\"twitter:data1\" content=\"3 minutes\" \/>\n<script type=\"application\/ld+json\" class=\"yoast-schema-graph\">{\"@context\":\"https:\\\/\\\/schema.org\",\"@graph\":[{\"@type\":\"WebPage\",\"@id\":\"https:\\\/\\\/everydaychemshop.com\\\/pl\\\/product\\\/kup-pigulki-nembutal-online\\\/\",\"url\":\"https:\\\/\\\/everydaychemshop.com\\\/pl\\\/product\\\/kup-pigulki-nembutal-online\\\/\",\"name\":\"Kup tabletki Nembutalu online - Everyday Chem Shop\",\"isPartOf\":{\"@id\":\"https:\\\/\\\/everydaychemshop.com\\\/pl\\\/#website\"},\"primaryImageOfPage\":{\"@id\":\"https:\\\/\\\/everydaychemshop.com\\\/pl\\\/product\\\/kup-pigulki-nembutal-online\\\/#primaryimage\"},\"image\":{\"@id\":\"https:\\\/\\\/everydaychemshop.com\\\/pl\\\/product\\\/kup-pigulki-nembutal-online\\\/#primaryimage\"},\"thumbnailUrl\":\"https:\\\/\\\/everydaychemshop.com\\\/pl\\\/wp-content\\\/uploads\\\/sites\\\/8\\\/2022\\\/11\\\/nembutal-pills.jpg\",\"datePublished\":\"2022-11-16T09:42:04+00:00\",\"dateModified\":\"2025-11-23T15:46:37+00:00\",\"description\":\"Kup oryginalne tabletki Nembutalu online w sklepie Everyday Chem Shop. Szybka i dyskretna wysy\u0142ka kapsu\u0142ek pentobarbitalu sodowego na ca\u0142y \u015bwiat. Bezpieczne zam\u00f3wienia, konkurencyjne ceny i niezawodny dostawca \u015brodk\u00f3w uspokajaj\u0105cych i do eutanazji. Zam\u00f3w tabletki Nembutalu ju\u017c dzi\u015b!\",\"breadcrumb\":{\"@id\":\"https:\\\/\\\/everydaychemshop.com\\\/pl\\\/product\\\/kup-pigulki-nembutal-online\\\/#breadcrumb\"},\"inLanguage\":\"en-US\",\"potentialAction\":[{\"@type\":\"ReadAction\",\"target\":[\"https:\\\/\\\/everydaychemshop.com\\\/pl\\\/product\\\/kup-pigulki-nembutal-online\\\/\"]}]},{\"@type\":\"ImageObject\",\"inLanguage\":\"en-US\",\"@id\":\"https:\\\/\\\/everydaychemshop.com\\\/pl\\\/product\\\/kup-pigulki-nembutal-online\\\/#primaryimage\",\"url\":\"https:\\\/\\\/everydaychemshop.com\\\/pl\\\/wp-content\\\/uploads\\\/sites\\\/8\\\/2022\\\/11\\\/nembutal-pills.jpg\",\"contentUrl\":\"https:\\\/\\\/everydaychemshop.com\\\/pl\\\/wp-content\\\/uploads\\\/sites\\\/8\\\/2022\\\/11\\\/nembutal-pills.jpg\",\"width\":600,\"height\":600,\"caption\":\"Kup tabletki Nembutalu online\"},{\"@type\":\"BreadcrumbList\",\"@id\":\"https:\\\/\\\/everydaychemshop.com\\\/pl\\\/product\\\/kup-pigulki-nembutal-online\\\/#breadcrumb\",\"itemListElement\":[{\"@type\":\"ListItem\",\"position\":1,\"name\":\"Home\",\"item\":\"https:\\\/\\\/everydaychemshop.com\\\/pl\\\/\"},{\"@type\":\"ListItem\",\"position\":2,\"name\":\"Produkty\",\"item\":\"https:\\\/\\\/everydaychemshop.com\\\/pl\\\/produkty\\\/\"},{\"@type\":\"ListItem\",\"position\":3,\"name\":\"Kup pigu\u0142ki Nembutal przez Internet\"}]},{\"@type\":\"WebSite\",\"@id\":\"https:\\\/\\\/everydaychemshop.com\\\/pl\\\/#website\",\"url\":\"https:\\\/\\\/everydaychemshop.com\\\/pl\\\/\",\"name\":\"Everyday Chem Shop\",\"description\":\"\",\"potentialAction\":[{\"@type\":\"SearchAction\",\"target\":{\"@type\":\"EntryPoint\",\"urlTemplate\":\"https:\\\/\\\/everydaychemshop.com\\\/pl\\\/?s={search_term_string}\"},\"query-input\":{\"@type\":\"PropertyValueSpecification\",\"valueRequired\":true,\"valueName\":\"search_term_string\"}}],\"inLanguage\":\"en-US\"}]}<\/script>\n<!-- \/ Yoast SEO Premium plugin. -->","yoast_head_json":{"title":"Kup tabletki Nembutalu online - Everyday Chem Shop","description":"Kup oryginalne tabletki Nembutalu online w sklepie Everyday Chem Shop. Szybka i dyskretna wysy\u0142ka kapsu\u0142ek pentobarbitalu sodowego na ca\u0142y \u015bwiat. Bezpieczne zam\u00f3wienia, konkurencyjne ceny i niezawodny dostawca \u015brodk\u00f3w uspokajaj\u0105cych i do eutanazji. Zam\u00f3w tabletki Nembutalu ju\u017c dzi\u015b!","robots":{"index":"index","follow":"follow","max-snippet":"max-snippet:-1","max-image-preview":"max-image-preview:large","max-video-preview":"max-video-preview:-1"},"canonical":"https:\/\/everydaychemshop.com\/pl\/product\/kup-pigulki-nembutal-online\/","og_locale":"en_US","og_type":"article","og_title":"Kup pigu\u0142ki Nembutal przez Internet","og_description":"Kup oryginalne tabletki Nembutalu online w sklepie Everyday Chem Shop. Szybka i dyskretna wysy\u0142ka kapsu\u0142ek pentobarbitalu sodowego na ca\u0142y \u015bwiat. Bezpieczne zam\u00f3wienia, konkurencyjne ceny i niezawodny dostawca \u015brodk\u00f3w uspokajaj\u0105cych i do eutanazji. Zam\u00f3w tabletki Nembutalu ju\u017c dzi\u015b!","og_url":"https:\/\/everydaychemshop.com\/pl\/product\/kup-pigulki-nembutal-online\/","og_site_name":"Everyday Chem Shop","article_modified_time":"2025-11-23T15:46:37+00:00","og_image":[{"width":600,"height":600,"url":"https:\/\/everydaychemshop.com\/pl\/wp-content\/uploads\/sites\/8\/2022\/11\/nembutal-pills.jpg","type":"image\/jpeg"}],"twitter_card":"summary_large_image","twitter_misc":{"Est. reading time":"3 minutes"},"schema":{"@context":"https:\/\/schema.org","@graph":[{"@type":"WebPage","@id":"https:\/\/everydaychemshop.com\/pl\/product\/kup-pigulki-nembutal-online\/","url":"https:\/\/everydaychemshop.com\/pl\/product\/kup-pigulki-nembutal-online\/","name":"Kup tabletki Nembutalu online - Everyday Chem Shop","isPartOf":{"@id":"https:\/\/everydaychemshop.com\/pl\/#website"},"primaryImageOfPage":{"@id":"https:\/\/everydaychemshop.com\/pl\/product\/kup-pigulki-nembutal-online\/#primaryimage"},"image":{"@id":"https:\/\/everydaychemshop.com\/pl\/product\/kup-pigulki-nembutal-online\/#primaryimage"},"thumbnailUrl":"https:\/\/everydaychemshop.com\/pl\/wp-content\/uploads\/sites\/8\/2022\/11\/nembutal-pills.jpg","datePublished":"2022-11-16T09:42:04+00:00","dateModified":"2025-11-23T15:46:37+00:00","description":"Kup oryginalne tabletki Nembutalu online w sklepie Everyday Chem Shop. Szybka i dyskretna wysy\u0142ka kapsu\u0142ek pentobarbitalu sodowego na ca\u0142y \u015bwiat. Bezpieczne zam\u00f3wienia, konkurencyjne ceny i niezawodny dostawca \u015brodk\u00f3w uspokajaj\u0105cych i do eutanazji. Zam\u00f3w tabletki Nembutalu ju\u017c dzi\u015b!","breadcrumb":{"@id":"https:\/\/everydaychemshop.com\/pl\/product\/kup-pigulki-nembutal-online\/#breadcrumb"},"inLanguage":"en-US","potentialAction":[{"@type":"ReadAction","target":["https:\/\/everydaychemshop.com\/pl\/product\/kup-pigulki-nembutal-online\/"]}]},{"@type":"ImageObject","inLanguage":"en-US","@id":"https:\/\/everydaychemshop.com\/pl\/product\/kup-pigulki-nembutal-online\/#primaryimage","url":"https:\/\/everydaychemshop.com\/pl\/wp-content\/uploads\/sites\/8\/2022\/11\/nembutal-pills.jpg","contentUrl":"https:\/\/everydaychemshop.com\/pl\/wp-content\/uploads\/sites\/8\/2022\/11\/nembutal-pills.jpg","width":600,"height":600,"caption":"Kup tabletki Nembutalu online"},{"@type":"BreadcrumbList","@id":"https:\/\/everydaychemshop.com\/pl\/product\/kup-pigulki-nembutal-online\/#breadcrumb","itemListElement":[{"@type":"ListItem","position":1,"name":"Home","item":"https:\/\/everydaychemshop.com\/pl\/"},{"@type":"ListItem","position":2,"name":"Produkty","item":"https:\/\/everydaychemshop.com\/pl\/produkty\/"},{"@type":"ListItem","position":3,"name":"Kup pigu\u0142ki Nembutal przez Internet"}]},{"@type":"WebSite","@id":"https:\/\/everydaychemshop.com\/pl\/#website","url":"https:\/\/everydaychemshop.com\/pl\/","name":"Everyday Chem Shop","description":"","potentialAction":[{"@type":"SearchAction","target":{"@type":"EntryPoint","urlTemplate":"https:\/\/everydaychemshop.com\/pl\/?s={search_term_string}"},"query-input":{"@type":"PropertyValueSpecification","valueRequired":true,"valueName":"search_term_string"}}],"inLanguage":"en-US"}]}},"_links":{"self":[{"href":"https:\/\/everydaychemshop.com\/pl\/wp-json\/wp\/v2\/product\/7588","targetHints":{"allow":["GET"]}}],"collection":[{"href":"https:\/\/everydaychemshop.com\/pl\/wp-json\/wp\/v2\/product"}],"about":[{"href":"https:\/\/everydaychemshop.com\/pl\/wp-json\/wp\/v2\/types\/product"}],"replies":[{"embeddable":true,"href":"https:\/\/everydaychemshop.com\/pl\/wp-json\/wp\/v2\/comments?post=7588"}],"wp:featuredmedia":[{"embeddable":true,"href":"https:\/\/everydaychemshop.com\/pl\/wp-json\/wp\/v2\/media\/7619"}],"wp:attachment":[{"href":"https:\/\/everydaychemshop.com\/pl\/wp-json\/wp\/v2\/media?parent=7588"}],"wp:term":[{"taxonomy":"product_brand","embeddable":true,"href":"https:\/\/everydaychemshop.com\/pl\/wp-json\/wp\/v2\/product_brand?post=7588"},{"taxonomy":"product_cat","embeddable":true,"href":"https:\/\/everydaychemshop.com\/pl\/wp-json\/wp\/v2\/product_cat?post=7588"},{"taxonomy":"product_tag","embeddable":true,"href":"https:\/\/everydaychemshop.com\/pl\/wp-json\/wp\/v2\/product_tag?post=7588"}],"curies":[{"name":"wp","href":"https:\/\/api.w.org\/{rel}","templated":true}]}}