{"id":7589,"date":"2022-11-16T09:42:04","date_gmt":"2022-11-16T09:42:04","guid":{"rendered":"https:\/\/everydaychemshop.com\/pl\/?post_type=product&#038;p=7589"},"modified":"2025-11-23T15:47:59","modified_gmt":"2025-11-23T15:47:59","slug":"kup-nembutal-proszek-online","status":"publish","type":"product","link":"https:\/\/everydaychemshop.com\/pl\/product\/kup-nembutal-proszek-online\/","title":{"rendered":"Kup Nembutal w proszku przez Internet"},"content":{"rendered":"<h1>Kup proszek nembutalu online \u2013 pentobarbital sodowy o wysokiej czysto\u015bci na sprzeda\u017c<\/h1>\n<p><a href=\"https:\/\/everydaychemshop.com\/pl\/product\/kup-nembutal-proszek-online\/\">Kup proszek nembutalu online<\/a>. Szukasz zaufanego \u017ar\u00f3d\u0142a, aby kupi\u0107 proszek nembutalu online? W sklepie Everyday Chem Shop oferujemy proszek nembutalu o jako\u015bci farmaceutycznej, znany r\u00f3wnie\u017c jako proszek pentobarbitalu sodowego, o czysto\u015bci 99,8%. Jako wiod\u0105cy dostawca, dbamy o to, aby ka\u017cda partia spe\u0142nia\u0142a normy ISO i GMP, dzi\u0119ki czemu idealnie nadaje si\u0119 do sedacji medycznej, eutanazji zwierz\u0105t lub zastosowa\u0144 badawczych. Niezale\u017cnie od tego, czy jeste\u015b profesjonalist\u0105 w USA, Wielkiej Brytanii, Europie czy gdziekolwiek indziej, nasz proszek pentobarbitalu online jest dyskretnie zapakowany i dostarczany na ca\u0142y \u015bwiat, aby chroni\u0107 Twoj\u0105 prywatno\u015b\u0107.<\/p>\n<p>Dlaczego warto wybra\u0107 nasz proszek nembutalu?<\/p>\n<p>Niezr\u00f3wnana jako\u015b\u0107: Testowany laboratoryjnie pod k\u0105tem autentyczno\u015bci i mocy \u2013 bez wype\u0142niaczy i zanieczyszcze\u0144. Ka\u017cdy gram zapewnia sp\u00f3jne wyniki i precyzyjne dawkowanie.<br \/>\nUniwersalne formy: Drobny, bia\u0142y proszek, \u0142atwo rozpuszczalny w wodzie lub alkoholu do niestandardowych roztwor\u00f3w. Idealny do stosowania doustnego, do wstrzykiwa\u0144 lub weterynaryjnego.<br \/>\nKonkurencyjne ceny: Ju\u017c od 500 USD za 50 g, z dost\u0119pnymi rabatami hurtowymi. Por\u00f3wnaj nasze ceny z cenami innych dostawc\u00f3w proszku nembutalu sodowego \u2013 przekonasz si\u0119, \u017ce jeste\u015bmy bezkonkurencyjni.<br \/>\nBezpieczna i szybka wysy\u0142ka: Dyskretna dostawa z mo\u017cliwo\u015bci\u0105 \u015bledzenia w ci\u0105gu 3-7 dni na ca\u0142ym \u015bwiecie. Wysy\u0142amy do USA, Kanady, Australii, Europy i innych kraj\u00f3w, oferuj\u0105c dyskretne opcje dla zam\u00f3wie\u0144 wra\u017cliwych.<br \/>\nGwarancja klienta: 100% gwarancja zwrotu pieni\u0119dzy w przypadku braku satysfakcji. Nasz ca\u0142odobowy zesp\u00f3\u0142 wsparcia jest do Pa\u0144stwa dyspozycji, aby odpowiedzie\u0107 na pytania dotycz\u0105ce dyskretnego zakupu proszku nembutalu lub wskaz\u00f3wek dotycz\u0105cych dawkowania.<\/p>\n<p>Proszek nembutalu, kr\u00f3tko dzia\u0142aj\u0105cy barbituran, jest od lat 50. XX wieku podstawowym \u015brodkiem do wywo\u0142ywania g\u0142\u0119bokiego uspokojenia i hipnozy. Jego struktura chemiczna (C11H17N2NaO3) zapewnia szybkie wch\u0142anianie, a efekty pojawiaj\u0105 si\u0119 po 10-60 minutach. Dla os\u00f3b, kt\u00f3re chc\u0105 kupi\u0107 pentobarbital sodu w proszku w USA lub za granic\u0105, priorytetem jest dla nas przestrzeganie lokalnych przepis\u00f3w \u2013 zawsze skonsultuj si\u0119 ze specjalist\u0105 w sprawie etycznego stosowania.<\/p>\n<p>Najwa\u017cniejsze cechy i zalety:<\/p>\n<p>Sedacja i znieczulenie: Skuteczny w kr\u00f3tkotrwa\u0142ym leczeniu bezsenno\u015bci lub hipnozie przedoperacyjnej.<br \/>\nZastosowanie w eutanazji: Powszechnie stosowany w weterynarii do humanitarnych zabieg\u00f3w na zwierz\u0119tach.<br \/>\nCzysto\u015b\u0107 na poziomie badawczym: Zaufany laboratoriom badaj\u0105cym depresanty o\u015brodkowego uk\u0142adu nerwowego \u2013 brak ryzyka ska\u017cenia.<br \/>\n\u0141atwe podawanie: Mieszaj w roztworach, aby uzyska\u0107 indywidualne dawki, od 50 mg\/ml w przypadku iniekcji do wy\u017cszych dawek \u015bmiertelnych (2-10 g), w stosownych przypadkach.<\/p>\n<p>Uwagi dotycz\u0105ce bezpiecze\u0144stwa i stosowania: Przechowywa\u0107 w ch\u0142odnym, suchym miejscu, z dala od \u015bwiat\u0142a. Ta substancja kontrolowana z Wykazu II wymaga odpowiedzialnego obchodzenia si\u0119 z ni\u0105 \u2013 nale\u017cy unika\u0107 d\u0142ugotrwa\u0142ego stosowania, aby zapobiec uzale\u017cnieniu. Dzia\u0142ania niepo\u017c\u0105dane mog\u0105 obejmowa\u0107 senno\u015b\u0107 lub depresj\u0119 oddechow\u0105; przed u\u017cyciem nale\u017cy skonsultowa\u0107 si\u0119 z lekarzem. D\u0105\u017cymy do redukcji szk\u00f3d i sprzedajemy produkt wy\u0142\u0105cznie zweryfikowanym klientom.<\/p>\n<p>Chcesz zam\u00f3wi\u0107 pentobarbital w proszku ju\u017c dzi\u015b? Dodaj do koszyka, aby skorzysta\u0107 z bezproblemowej p\u0142atno\u015bci Bitcoinem, przelewem bankowym lub bezpieczn\u0105 kart\u0105. W przypadku zapyta\u0144 hurtowych lub zakupu proszku nembutalu do eutanazji, skontaktuj si\u0119 z naszymi ekspertami. Everyday Chem Shop \u2013 Tw\u00f3j niezawodny partner w zakresie taniego proszku nembutalu pentobarbitalu na ca\u0142ym \u015bwiecie.<\/p>\n<p>Zastrze\u017cenie: Wszystkie produkty s\u0105 przeznaczone wy\u0142\u0105cznie do legalnych cel\u00f3w medycznych, weterynaryjnych lub badawczych. Przed zakupem sprawd\u017a lokalne przepisy.<\/p>\n<p>profesjonalny na platformie internetowej.<\/p>\n","protected":false},"excerpt":{"rendered":"<p>Apteka internetowa Nembutal jest teraz dost\u0119pna z Twojego domu. Z\u0142\u00f3\u017c zam\u00f3wienie i sprzedaj proszek Nembutal w najlepszych cenach dost\u0119pnych tutaj. Dostawa zostanie zrealizowana w kr\u00f3tkim czasie.<\/p>\n","protected":false},"featured_media":7627,"comment_status":"open","ping_status":"closed","template":"","meta":{"inline_featured_image":false},"product_brand":[],"product_cat":[58],"product_tag":[],"class_list":{"0":"post-7589","1":"product","2":"type-product","3":"status-publish","4":"has-post-thumbnail","6":"product_cat-produkty-z-nembutalu","8":"first","9":"instock","10":"featured","11":"shipping-taxable","12":"purchasable","13":"product-type-variable","14":"has-default-attributes"},"yoast_head":"<!-- This site is optimized with the Yoast SEO Premium plugin v19.2 (Yoast SEO v27.3) - https:\/\/yoast.com\/product\/yoast-seo-premium-wordpress\/ -->\n<title>Kup proszek nembutalu online - Everyday Chem Shop<\/title>\n<meta name=\"description\" content=\"Kup proszek Nembutalu premium online w sklepie Everyday Chem Shop \u2013 pentobarbital sodu o wysokiej czysto\u015bci do zastosowa\u0144 medycznych, weterynaryjnych i badawczych. Dyskretna wysy\u0142ka na ca\u0142y \u015bwiat, bezpieczne p\u0142atno\u015bci i konkurencyjne ceny. Zam\u00f3w proszek Nembutalu ju\u017c dzi\u015b, aby skorzysta\u0107 z szybkiej i niezawodnej dostawy.\" \/>\n<meta name=\"robots\" content=\"index, follow, max-snippet:-1, max-image-preview:large, max-video-preview:-1\" \/>\n<link rel=\"canonical\" href=\"https:\/\/everydaychemshop.com\/pl\/product\/kup-nembutal-proszek-online\/\" \/>\n<meta property=\"og:locale\" content=\"en_US\" \/>\n<meta property=\"og:type\" content=\"article\" \/>\n<meta property=\"og:title\" content=\"Kup Nembutal w proszku przez Internet\" \/>\n<meta property=\"og:description\" content=\"Kup proszek Nembutalu premium online w sklepie Everyday Chem Shop \u2013 pentobarbital sodu o wysokiej czysto\u015bci do zastosowa\u0144 medycznych, weterynaryjnych i badawczych. Dyskretna wysy\u0142ka na ca\u0142y \u015bwiat, bezpieczne p\u0142atno\u015bci i konkurencyjne ceny. Zam\u00f3w proszek Nembutalu ju\u017c dzi\u015b, aby skorzysta\u0107 z szybkiej i niezawodnej dostawy.\" \/>\n<meta property=\"og:url\" content=\"https:\/\/everydaychemshop.com\/pl\/product\/kup-nembutal-proszek-online\/\" \/>\n<meta property=\"og:site_name\" content=\"Everyday Chem Shop\" \/>\n<meta property=\"article:modified_time\" content=\"2025-11-23T15:47:59+00:00\" \/>\n<meta property=\"og:image\" content=\"https:\/\/everydaychemshop.com\/pl\/wp-content\/uploads\/sites\/8\/2022\/11\/nembutal-powder.jpg\" \/>\n\t<meta property=\"og:image:width\" content=\"600\" \/>\n\t<meta property=\"og:image:height\" content=\"600\" \/>\n\t<meta property=\"og:image:type\" content=\"image\/jpeg\" \/>\n<meta name=\"twitter:card\" content=\"summary_large_image\" \/>\n<meta name=\"twitter:label1\" content=\"Est. reading time\" \/>\n\t<meta name=\"twitter:data1\" content=\"3 minutes\" \/>\n<script type=\"application\/ld+json\" class=\"yoast-schema-graph\">{\"@context\":\"https:\\\/\\\/schema.org\",\"@graph\":[{\"@type\":\"WebPage\",\"@id\":\"https:\\\/\\\/everydaychemshop.com\\\/pl\\\/product\\\/kup-nembutal-proszek-online\\\/\",\"url\":\"https:\\\/\\\/everydaychemshop.com\\\/pl\\\/product\\\/kup-nembutal-proszek-online\\\/\",\"name\":\"Kup proszek nembutalu online - Everyday Chem Shop\",\"isPartOf\":{\"@id\":\"https:\\\/\\\/everydaychemshop.com\\\/pl\\\/#website\"},\"primaryImageOfPage\":{\"@id\":\"https:\\\/\\\/everydaychemshop.com\\\/pl\\\/product\\\/kup-nembutal-proszek-online\\\/#primaryimage\"},\"image\":{\"@id\":\"https:\\\/\\\/everydaychemshop.com\\\/pl\\\/product\\\/kup-nembutal-proszek-online\\\/#primaryimage\"},\"thumbnailUrl\":\"https:\\\/\\\/everydaychemshop.com\\\/pl\\\/wp-content\\\/uploads\\\/sites\\\/8\\\/2022\\\/11\\\/nembutal-powder.jpg\",\"datePublished\":\"2022-11-16T09:42:04+00:00\",\"dateModified\":\"2025-11-23T15:47:59+00:00\",\"description\":\"Kup proszek Nembutalu premium online w sklepie Everyday Chem Shop \u2013 pentobarbital sodu o wysokiej czysto\u015bci do zastosowa\u0144 medycznych, weterynaryjnych i badawczych. Dyskretna wysy\u0142ka na ca\u0142y \u015bwiat, bezpieczne p\u0142atno\u015bci i konkurencyjne ceny. Zam\u00f3w proszek Nembutalu ju\u017c dzi\u015b, aby skorzysta\u0107 z szybkiej i niezawodnej dostawy.\",\"breadcrumb\":{\"@id\":\"https:\\\/\\\/everydaychemshop.com\\\/pl\\\/product\\\/kup-nembutal-proszek-online\\\/#breadcrumb\"},\"inLanguage\":\"en-US\",\"potentialAction\":[{\"@type\":\"ReadAction\",\"target\":[\"https:\\\/\\\/everydaychemshop.com\\\/pl\\\/product\\\/kup-nembutal-proszek-online\\\/\"]}]},{\"@type\":\"ImageObject\",\"inLanguage\":\"en-US\",\"@id\":\"https:\\\/\\\/everydaychemshop.com\\\/pl\\\/product\\\/kup-nembutal-proszek-online\\\/#primaryimage\",\"url\":\"https:\\\/\\\/everydaychemshop.com\\\/pl\\\/wp-content\\\/uploads\\\/sites\\\/8\\\/2022\\\/11\\\/nembutal-powder.jpg\",\"contentUrl\":\"https:\\\/\\\/everydaychemshop.com\\\/pl\\\/wp-content\\\/uploads\\\/sites\\\/8\\\/2022\\\/11\\\/nembutal-powder.jpg\",\"width\":600,\"height\":600,\"caption\":\"Kup proszek nembutalu online\"},{\"@type\":\"BreadcrumbList\",\"@id\":\"https:\\\/\\\/everydaychemshop.com\\\/pl\\\/product\\\/kup-nembutal-proszek-online\\\/#breadcrumb\",\"itemListElement\":[{\"@type\":\"ListItem\",\"position\":1,\"name\":\"Home\",\"item\":\"https:\\\/\\\/everydaychemshop.com\\\/pl\\\/\"},{\"@type\":\"ListItem\",\"position\":2,\"name\":\"Produkty\",\"item\":\"https:\\\/\\\/everydaychemshop.com\\\/pl\\\/produkty\\\/\"},{\"@type\":\"ListItem\",\"position\":3,\"name\":\"Kup Nembutal w proszku przez Internet\"}]},{\"@type\":\"WebSite\",\"@id\":\"https:\\\/\\\/everydaychemshop.com\\\/pl\\\/#website\",\"url\":\"https:\\\/\\\/everydaychemshop.com\\\/pl\\\/\",\"name\":\"Everyday Chem Shop\",\"description\":\"\",\"potentialAction\":[{\"@type\":\"SearchAction\",\"target\":{\"@type\":\"EntryPoint\",\"urlTemplate\":\"https:\\\/\\\/everydaychemshop.com\\\/pl\\\/?s={search_term_string}\"},\"query-input\":{\"@type\":\"PropertyValueSpecification\",\"valueRequired\":true,\"valueName\":\"search_term_string\"}}],\"inLanguage\":\"en-US\"}]}<\/script>\n<!-- \/ Yoast SEO Premium plugin. -->","yoast_head_json":{"title":"Kup proszek nembutalu online - Everyday Chem Shop","description":"Kup proszek Nembutalu premium online w sklepie Everyday Chem Shop \u2013 pentobarbital sodu o wysokiej czysto\u015bci do zastosowa\u0144 medycznych, weterynaryjnych i badawczych. Dyskretna wysy\u0142ka na ca\u0142y \u015bwiat, bezpieczne p\u0142atno\u015bci i konkurencyjne ceny. Zam\u00f3w proszek Nembutalu ju\u017c dzi\u015b, aby skorzysta\u0107 z szybkiej i niezawodnej dostawy.","robots":{"index":"index","follow":"follow","max-snippet":"max-snippet:-1","max-image-preview":"max-image-preview:large","max-video-preview":"max-video-preview:-1"},"canonical":"https:\/\/everydaychemshop.com\/pl\/product\/kup-nembutal-proszek-online\/","og_locale":"en_US","og_type":"article","og_title":"Kup Nembutal w proszku przez Internet","og_description":"Kup proszek Nembutalu premium online w sklepie Everyday Chem Shop \u2013 pentobarbital sodu o wysokiej czysto\u015bci do zastosowa\u0144 medycznych, weterynaryjnych i badawczych. Dyskretna wysy\u0142ka na ca\u0142y \u015bwiat, bezpieczne p\u0142atno\u015bci i konkurencyjne ceny. Zam\u00f3w proszek Nembutalu ju\u017c dzi\u015b, aby skorzysta\u0107 z szybkiej i niezawodnej dostawy.","og_url":"https:\/\/everydaychemshop.com\/pl\/product\/kup-nembutal-proszek-online\/","og_site_name":"Everyday Chem Shop","article_modified_time":"2025-11-23T15:47:59+00:00","og_image":[{"width":600,"height":600,"url":"https:\/\/everydaychemshop.com\/pl\/wp-content\/uploads\/sites\/8\/2022\/11\/nembutal-powder.jpg","type":"image\/jpeg"}],"twitter_card":"summary_large_image","twitter_misc":{"Est. reading time":"3 minutes"},"schema":{"@context":"https:\/\/schema.org","@graph":[{"@type":"WebPage","@id":"https:\/\/everydaychemshop.com\/pl\/product\/kup-nembutal-proszek-online\/","url":"https:\/\/everydaychemshop.com\/pl\/product\/kup-nembutal-proszek-online\/","name":"Kup proszek nembutalu online - Everyday Chem Shop","isPartOf":{"@id":"https:\/\/everydaychemshop.com\/pl\/#website"},"primaryImageOfPage":{"@id":"https:\/\/everydaychemshop.com\/pl\/product\/kup-nembutal-proszek-online\/#primaryimage"},"image":{"@id":"https:\/\/everydaychemshop.com\/pl\/product\/kup-nembutal-proszek-online\/#primaryimage"},"thumbnailUrl":"https:\/\/everydaychemshop.com\/pl\/wp-content\/uploads\/sites\/8\/2022\/11\/nembutal-powder.jpg","datePublished":"2022-11-16T09:42:04+00:00","dateModified":"2025-11-23T15:47:59+00:00","description":"Kup proszek Nembutalu premium online w sklepie Everyday Chem Shop \u2013 pentobarbital sodu o wysokiej czysto\u015bci do zastosowa\u0144 medycznych, weterynaryjnych i badawczych. Dyskretna wysy\u0142ka na ca\u0142y \u015bwiat, bezpieczne p\u0142atno\u015bci i konkurencyjne ceny. Zam\u00f3w proszek Nembutalu ju\u017c dzi\u015b, aby skorzysta\u0107 z szybkiej i niezawodnej dostawy.","breadcrumb":{"@id":"https:\/\/everydaychemshop.com\/pl\/product\/kup-nembutal-proszek-online\/#breadcrumb"},"inLanguage":"en-US","potentialAction":[{"@type":"ReadAction","target":["https:\/\/everydaychemshop.com\/pl\/product\/kup-nembutal-proszek-online\/"]}]},{"@type":"ImageObject","inLanguage":"en-US","@id":"https:\/\/everydaychemshop.com\/pl\/product\/kup-nembutal-proszek-online\/#primaryimage","url":"https:\/\/everydaychemshop.com\/pl\/wp-content\/uploads\/sites\/8\/2022\/11\/nembutal-powder.jpg","contentUrl":"https:\/\/everydaychemshop.com\/pl\/wp-content\/uploads\/sites\/8\/2022\/11\/nembutal-powder.jpg","width":600,"height":600,"caption":"Kup proszek nembutalu online"},{"@type":"BreadcrumbList","@id":"https:\/\/everydaychemshop.com\/pl\/product\/kup-nembutal-proszek-online\/#breadcrumb","itemListElement":[{"@type":"ListItem","position":1,"name":"Home","item":"https:\/\/everydaychemshop.com\/pl\/"},{"@type":"ListItem","position":2,"name":"Produkty","item":"https:\/\/everydaychemshop.com\/pl\/produkty\/"},{"@type":"ListItem","position":3,"name":"Kup Nembutal w proszku przez Internet"}]},{"@type":"WebSite","@id":"https:\/\/everydaychemshop.com\/pl\/#website","url":"https:\/\/everydaychemshop.com\/pl\/","name":"Everyday Chem Shop","description":"","potentialAction":[{"@type":"SearchAction","target":{"@type":"EntryPoint","urlTemplate":"https:\/\/everydaychemshop.com\/pl\/?s={search_term_string}"},"query-input":{"@type":"PropertyValueSpecification","valueRequired":true,"valueName":"search_term_string"}}],"inLanguage":"en-US"}]}},"_links":{"self":[{"href":"https:\/\/everydaychemshop.com\/pl\/wp-json\/wp\/v2\/product\/7589","targetHints":{"allow":["GET"]}}],"collection":[{"href":"https:\/\/everydaychemshop.com\/pl\/wp-json\/wp\/v2\/product"}],"about":[{"href":"https:\/\/everydaychemshop.com\/pl\/wp-json\/wp\/v2\/types\/product"}],"replies":[{"embeddable":true,"href":"https:\/\/everydaychemshop.com\/pl\/wp-json\/wp\/v2\/comments?post=7589"}],"wp:featuredmedia":[{"embeddable":true,"href":"https:\/\/everydaychemshop.com\/pl\/wp-json\/wp\/v2\/media\/7627"}],"wp:attachment":[{"href":"https:\/\/everydaychemshop.com\/pl\/wp-json\/wp\/v2\/media?parent=7589"}],"wp:term":[{"taxonomy":"product_brand","embeddable":true,"href":"https:\/\/everydaychemshop.com\/pl\/wp-json\/wp\/v2\/product_brand?post=7589"},{"taxonomy":"product_cat","embeddable":true,"href":"https:\/\/everydaychemshop.com\/pl\/wp-json\/wp\/v2\/product_cat?post=7589"},{"taxonomy":"product_tag","embeddable":true,"href":"https:\/\/everydaychemshop.com\/pl\/wp-json\/wp\/v2\/product_tag?post=7589"}],"curies":[{"name":"wp","href":"https:\/\/api.w.org\/{rel}","templated":true}]}}