{"id":7590,"date":"2022-11-16T09:42:05","date_gmt":"2022-11-16T09:42:05","guid":{"rendered":"https:\/\/everydaychemshop.com\/pl\/?post_type=product&#038;p=7590"},"modified":"2023-04-07T20:04:19","modified_gmt":"2023-04-07T20:04:19","slug":"kup-pentobarbital-sodowy-plyn-doustny-online","status":"publish","type":"product","link":"https:\/\/everydaychemshop.com\/pl\/product\/kup-pentobarbital-sodowy-plyn-doustny-online\/","title":{"rendered":"Kup pentobarbital sodowy (p\u0142ynny) (doustny) online"},"content":{"rendered":"<h1 class=\"tt\">Kup doustnie Pentobarbital Sodium przez Internet<\/h1>\n<p><a href=\"https:\/\/everydaychemshop.com\/pl\/product\/kup-pentobarbital-sodowy-plyn-doustny-online\/\">Kup doustnie Pentobarbital Sodium przez Internet<\/a>. NEMBUTAL Sodium Solution (pentobarbital sodu do wstrzykiwa\u0144) to sterylny roztw\u00f3r do wstrzykni\u0119\u0107 do\u017cylnych lub domi\u0119\u015bniowych. Ka\u017cdy ml zawiera 50 mg pentobarbitalu sodowego w no\u015bniku sk\u0142adaj\u0105cym si\u0119 z 40% glikolu propylenowego, 10% alkoholu i wody do wstrzykiwa\u0144, obj\u0119to\u015bciowo. pH doprowadza si\u0119 do oko\u0142o 9,5 kwasem solnym <a href=\"https:\/\/en.wikipedia.org\/wiki\/Pentobarbital\">i<\/a>\/lub wodorotlenkiem sodu. Ten lek jest przeznaczony do wstrzykiwania do mi\u0119\u015bnia lub \u017cy\u0142y. Kup pentobarbital sodowy online, pentobarbital do eutanazji, pentobarbital sodowy z <a href=\"https:\/\/en.wikipedia.org\/wiki\/Pentobarbital\">grupy<\/a>, pentobarbital sodowy p\u0142ynny, pentobarbital sodowy do eutanazji zwierz\u0105t.<\/p>\n<p>Zakup pentobarbitalu sodowego online jest teraz mo\u017cliwy w Nembutal Group. Mo\u017cesz teraz z\u0142o\u017cy\u0107 zam\u00f3wienie na Pentobarbital Sodium Injection i otrzyma\u0107 go pod wskazany adres w obiecanym terminie. Skontaktuj si\u0119 z nami teraz! Pentobarbital do eutanazji, pentobarbital sodowy p\u0142ynny, pentobarbital sodowy do eutanazji zwierz\u0105t,<\/p>\n<p class=\"tt\"><strong>Co to jest pentobarbital i jakie jest jego zastosowanie?<\/strong><\/p>\n<p>Pentobarbital jest barbituran, kt\u00f3ry dzia\u0142a depresyjnie lub uspokajaj\u0105co, stosowany kr\u00f3tkotrwale w leczeniu bezsenno\u015bci. Pentobarbital jest r\u00f3wnie\u017c stosowany w leczeniu nag\u0142ych napad\u00f3w padaczkowych oraz w celu wywo\u0142ania snu u pacjent\u00f3w przed operacj\u0105. Kup pentobarbital sodowy online, Pentobarbital do eutanazji, Pentobarbital sodu do eutanazji zwierz\u0105t.<\/p>\n<p>W du\u017cych dawkach pentobarbital powoduje \u015bmier\u0107 przez zatrzymanie oddechu. Jest u\u017cywany do eutanazji weterynaryjnej i jest u\u017cywany przez niekt\u00f3re stany USA i rz\u0105d federalny USA do egzekucji skazanych przest\u0119pc\u00f3w. Kup pentobarbital sodowy online<sup id=\"cite_ref-2\" class=\"reference\"><\/sup><\/p>\n<p>Pentobarbital stosowany w du\u017cych dawkach mo\u017ce spowodowa\u0107 \u015bmier\u0107. S\u0142u\u017cy do eutanazji zar\u00f3wno ludzi, jak i zwierz\u0105t. Jest r\u00f3wnie\u017c stosowany samodzielnie lub w po\u0142\u0105czeniu ze \u015brodkami uzupe\u0142niaj\u0105cymi, takimi jak fenytoina, w komercyjnych roztworach do iniekcji do eutanazji zwierz\u0105t.<\/p>\n<p><strong>Pentobarbital do eutanazji<\/strong><\/p>\n<p>Pentobarbital ( Nembutal) to kr\u00f3tkodzia\u0142aj\u0105cy barbituranowy \u015brodek uspokajaj\u0105co-nasenny, kt\u00f3ry jest szeroko stosowany w praktyce weterynaryjnej do znieczulenia i eutanazji. Polecany jest r\u00f3wnie\u017c jako lek do eutanazji lub wspomaganego samob\u00f3jstwa ze wzgl\u0119du na szybki pocz\u0105tek \u015bpi\u0105czki i postrzeganie spokojnej \u015bmierci. Kup pentobarbital sodu przez Internet<\/p>\n<p><strong>Jak podaje si\u0119 pentobarbital sodu?<\/strong><\/p>\n<div id=\"_joT9X9rQHMb1gQa08rz4CA32\" class=\"gy6Qzb oNjtBb V1sL5c\" aria-labelledby=\"_joT9X9rQHMb1gQa08rz4CA33\">\n<div>\n<div id=\"_joT9X9rQHMb1gQa08rz4CA34\" class=\"y8URue\" data-hveid=\"CBEQDA\" data-ved=\"2ahUKEwojaz5v_oZbuAhXGesAKHTQ5D48Qu04oAXoECBEQDA\">\n<div class=\"mod\" data-md=\"61\">\n<div class=\" LGOjhe\" role=\"heading\" data-attrid=\"wa:\/description\" data-hveid=\"CAsQAA\"><span class=\"ILfuVd NA6bn\"><span class=\"hgKElc\">Pentobarbital\u00a0mo\u017cna\u00a0podawa\u0107\u00a0dootrzewnowo lub do\u017cylnie. Pentobarbital stosowany jako \u015brodek do znieczulenia og\u00f3lnego mo\u017ce by\u0107 podawany w postaci bolusa (Borkowski i in., 1990) lub CRI. Roztwory handlowe zwykle zawieraj\u0105 glikol propylenowy, kt\u00f3ry mo\u017ce powodowa\u0107 b\u00f3l po wstrzykni\u0119ciu i zakrzepowe zapalenie \u017cy\u0142. Kup pentobarbital sodu przez Internet<\/span><\/span><\/div>\n<\/div>\n<\/div>\n<\/div>\n<\/div>\n<p>&nbsp;<\/p>\n","protected":false},"excerpt":{"rendered":"<p>Pentobarbital sodu do wstrzykiwa\u0144 to sterylny roztw\u00f3r do wstrzykiwa\u0144 do\u017cylnych lub domi\u0119\u015bniowych. Ka\u017cdy ml zawiera 50 mg pentobarbitalu sodowego w no\u015bniku sk\u0142adaj\u0105cym si\u0119 z 40% glikolu propylenowego, 10% alkoholu i wody do wstrzykiwa\u0144, obj\u0119to\u015bciowo. pH doprowadza si\u0119 do oko\u0142o 9,5 za pomoc\u0105 kwasu chlorowodorowego i\/lub wodorotlenku sodu.<\/p>\n","protected":false},"featured_media":7628,"comment_status":"open","ping_status":"closed","template":"","meta":{"inline_featured_image":false},"product_brand":[],"product_cat":[58],"product_tag":[63,64,65,67,69,70,93,86,68,113,114,108,109,110,112,81,103,75,66,73,71,72,77,78,83,84,85,90,91,92,97,98,76,102,89,80,79,105,104,88,87,96,100,106,115,101,94,95,107,99,82,74],"class_list":{"0":"post-7590","1":"product","2":"type-product","3":"status-publish","4":"has-post-thumbnail","6":"product_cat-produkty-z-nembutalu","7":"product_tag-buy-nembutal-pentobarbital-sodium","8":"product_tag-buy-pentobarbital-sodium","9":"product_tag-buy-pentobarbital-sodium-2021","10":"product_tag-buy-sodium-pentobarbital-uk","11":"product_tag-can-you-buy-pentobarbital-sodium-over-the-counter","12":"product_tag-can-you-buy-sodium-pentobarbital","13":"product_tag-pentobarbital-sd-cena","14":"product_tag-pyn-pentobarbitalowo-sodowy","15":"product_tag-czy-mog-kupi-pentobarbital","16":"product_tag-gdzie-kupi-pentobarbital-sodowy","17":"product_tag-gdzie-kupi-pentobarbital-sodu-dla-psw","18":"product_tag-gdzie-mozna-kupic-nembutal-sodowy-pentobarbital","19":"product_tag-gdzie-mozna-kupic-pentobarbital-sodowy","20":"product_tag-gdzie-mona-kupi-sodowe-piguki-nasenne","21":"product_tag-gdzie-mona-kupi-pentobarbital-sodowy","22":"product_tag-grupa-sodowa-pentobarbitalu","23":"product_tag-koszt-pentobarbitalu-sodu","24":"product_tag-pentobarbital-sd-kup","25":"product_tag-kup-pentobarbital-sd-pentobarbital-sl-sodowa","26":"product_tag-pentobarbital-de-sodium-dawka-letale","27":"product_tag-nembutal","28":"product_tag-pentobarbital","29":"product_tag-pentobarbital-sodium-death","30":"product_tag-pentobarbital-sodium-dosage","31":"product_tag-pentobarbital-sodium-injection-for-humans","32":"product_tag-pentobarbital-sodium-injection-solution","33":"product_tag-pentobarbital-sodium-injection-usp","34":"product_tag-pentobarbital-sodium-pills","35":"product_tag-pentobarbital-sodium-powder","36":"product_tag-pentobarbital-sodium-prescription","37":"product_tag-pentobarbital-sodium-tablets","38":"product_tag-pentobarbital-sodium-where-to-buy","39":"product_tag-pentobarbital-sd-china","40":"product_tag-pentobarbital-nembutal-sodu","41":"product_tag-pentobarbital-sodowy-bez-recepty","42":"product_tag-pentobarbital-sodu-dla-ludzi","43":"product_tag-pentobarbital-sd-dla-psw","44":"product_tag-pentobarbital-sodu-do-eutanazji","45":"product_tag-pentobarbital-sodu-do-eutanazji-zwierzt","46":"product_tag-pentobarbital-sd-doustnie","47":"product_tag-pentobarbital-sodium-nz","48":"product_tag-pentobarbital-sl-sodowa-tabletki-nasenne-bez-recepty","49":"product_tag-phenobarbital-sodium-intravenous","50":"product_tag-producenci-pentobarbitalu-sodu","51":"product_tag-skd-dosta-pentobarbital-sodowy","52":"product_tag-sd","53":"product_tag-sl-sodowa-pentobarbitalu","54":"product_tag-pentobarbital-sd-tabletki-nasenne","55":"product_tag-okres-przydatnoci-do-spoycia-pentobarbitalu-sodu","56":"product_tag-stosowanie-pentobarbitalu","57":"product_tag-pentobarbital-sl-sodowa-zastrzyk-dla-psw","58":"product_tag-pentobarbital-sd-znieczulenie","60":"first","61":"instock","62":"shipping-taxable","63":"purchasable","64":"product-type-variable","65":"has-default-attributes"},"yoast_head":"<!-- This site is optimized with the Yoast SEO Premium plugin v19.2 (Yoast SEO v27.3) - https:\/\/yoast.com\/product\/yoast-seo-premium-wordpress\/ -->\n<title>Kup doustnie Pentobarbital Sodium przez - Everyday Chem Shop<\/title>\n<meta name=\"description\" content=\"Kup doustnie Pentobarbital Sodium przez Internet. Je\u015bli szukasz sposobu na zakup p\u0142ynu doustnego Pentobarbital Sodium, to jeste\u015b we w\u0142a\u015bciwym miejscu, aby kupi\u0107 p\u0142yn doustny Pentobarbital Sodium online.\" \/>\n<meta name=\"robots\" content=\"index, follow, max-snippet:-1, max-image-preview:large, max-video-preview:-1\" \/>\n<link rel=\"canonical\" href=\"https:\/\/everydaychemshop.com\/pl\/product\/kup-pentobarbital-sodowy-plyn-doustny-online\/\" \/>\n<meta property=\"og:locale\" content=\"en_US\" \/>\n<meta property=\"og:type\" content=\"article\" \/>\n<meta property=\"og:title\" content=\"Kup pentobarbital sodowy (p\u0142ynny) (doustny) online\" \/>\n<meta property=\"og:description\" content=\"Kup doustnie Pentobarbital Sodium przez Internet. Je\u015bli szukasz sposobu na zakup p\u0142ynu doustnego Pentobarbital Sodium, to jeste\u015b we w\u0142a\u015bciwym miejscu, aby kupi\u0107 p\u0142yn doustny Pentobarbital Sodium online.\" \/>\n<meta property=\"og:url\" content=\"https:\/\/everydaychemshop.com\/pl\/product\/kup-pentobarbital-sodowy-plyn-doustny-online\/\" \/>\n<meta property=\"og:site_name\" content=\"Everyday Chem Shop\" \/>\n<meta property=\"article:modified_time\" content=\"2023-04-07T20:04:19+00:00\" \/>\n<meta property=\"og:image\" content=\"https:\/\/everydaychemshop.com\/pl\/wp-content\/uploads\/sites\/8\/2022\/11\/Pentobarbital-sodium.jpg\" \/>\n\t<meta property=\"og:image:width\" content=\"600\" \/>\n\t<meta property=\"og:image:height\" content=\"600\" \/>\n\t<meta property=\"og:image:type\" content=\"image\/jpeg\" \/>\n<meta name=\"twitter:card\" content=\"summary_large_image\" \/>\n<meta name=\"twitter:label1\" content=\"Est. reading time\" \/>\n\t<meta name=\"twitter:data1\" content=\"2 minutes\" \/>\n<script type=\"application\/ld+json\" class=\"yoast-schema-graph\">{\"@context\":\"https:\\\/\\\/schema.org\",\"@graph\":[{\"@type\":\"WebPage\",\"@id\":\"https:\\\/\\\/everydaychemshop.com\\\/pl\\\/product\\\/kup-pentobarbital-sodowy-plyn-doustny-online\\\/\",\"url\":\"https:\\\/\\\/everydaychemshop.com\\\/pl\\\/product\\\/kup-pentobarbital-sodowy-plyn-doustny-online\\\/\",\"name\":\"Kup doustnie Pentobarbital Sodium przez - Everyday Chem Shop\",\"isPartOf\":{\"@id\":\"https:\\\/\\\/everydaychemshop.com\\\/pl\\\/#website\"},\"primaryImageOfPage\":{\"@id\":\"https:\\\/\\\/everydaychemshop.com\\\/pl\\\/product\\\/kup-pentobarbital-sodowy-plyn-doustny-online\\\/#primaryimage\"},\"image\":{\"@id\":\"https:\\\/\\\/everydaychemshop.com\\\/pl\\\/product\\\/kup-pentobarbital-sodowy-plyn-doustny-online\\\/#primaryimage\"},\"thumbnailUrl\":\"https:\\\/\\\/everydaychemshop.com\\\/pl\\\/wp-content\\\/uploads\\\/sites\\\/8\\\/2022\\\/11\\\/Pentobarbital-sodium.jpg\",\"datePublished\":\"2022-11-16T09:42:05+00:00\",\"dateModified\":\"2023-04-07T20:04:19+00:00\",\"description\":\"Kup doustnie Pentobarbital Sodium przez Internet. Je\u015bli szukasz sposobu na zakup p\u0142ynu doustnego Pentobarbital Sodium, to jeste\u015b we w\u0142a\u015bciwym miejscu, aby kupi\u0107 p\u0142yn doustny Pentobarbital Sodium online.\",\"breadcrumb\":{\"@id\":\"https:\\\/\\\/everydaychemshop.com\\\/pl\\\/product\\\/kup-pentobarbital-sodowy-plyn-doustny-online\\\/#breadcrumb\"},\"inLanguage\":\"en-US\",\"potentialAction\":[{\"@type\":\"ReadAction\",\"target\":[\"https:\\\/\\\/everydaychemshop.com\\\/pl\\\/product\\\/kup-pentobarbital-sodowy-plyn-doustny-online\\\/\"]}]},{\"@type\":\"ImageObject\",\"inLanguage\":\"en-US\",\"@id\":\"https:\\\/\\\/everydaychemshop.com\\\/pl\\\/product\\\/kup-pentobarbital-sodowy-plyn-doustny-online\\\/#primaryimage\",\"url\":\"https:\\\/\\\/everydaychemshop.com\\\/pl\\\/wp-content\\\/uploads\\\/sites\\\/8\\\/2022\\\/11\\\/Pentobarbital-sodium.jpg\",\"contentUrl\":\"https:\\\/\\\/everydaychemshop.com\\\/pl\\\/wp-content\\\/uploads\\\/sites\\\/8\\\/2022\\\/11\\\/Pentobarbital-sodium.jpg\",\"width\":600,\"height\":600,\"caption\":\"Kup doustnie Pentobarbital Sodium przez Internet\"},{\"@type\":\"BreadcrumbList\",\"@id\":\"https:\\\/\\\/everydaychemshop.com\\\/pl\\\/product\\\/kup-pentobarbital-sodowy-plyn-doustny-online\\\/#breadcrumb\",\"itemListElement\":[{\"@type\":\"ListItem\",\"position\":1,\"name\":\"Home\",\"item\":\"https:\\\/\\\/everydaychemshop.com\\\/pl\\\/\"},{\"@type\":\"ListItem\",\"position\":2,\"name\":\"Produkty\",\"item\":\"https:\\\/\\\/everydaychemshop.com\\\/pl\\\/produkty\\\/\"},{\"@type\":\"ListItem\",\"position\":3,\"name\":\"Kup pentobarbital sodowy (p\u0142ynny) (doustny) online\"}]},{\"@type\":\"WebSite\",\"@id\":\"https:\\\/\\\/everydaychemshop.com\\\/pl\\\/#website\",\"url\":\"https:\\\/\\\/everydaychemshop.com\\\/pl\\\/\",\"name\":\"Everyday Chem Shop\",\"description\":\"\",\"potentialAction\":[{\"@type\":\"SearchAction\",\"target\":{\"@type\":\"EntryPoint\",\"urlTemplate\":\"https:\\\/\\\/everydaychemshop.com\\\/pl\\\/?s={search_term_string}\"},\"query-input\":{\"@type\":\"PropertyValueSpecification\",\"valueRequired\":true,\"valueName\":\"search_term_string\"}}],\"inLanguage\":\"en-US\"}]}<\/script>\n<!-- \/ Yoast SEO Premium plugin. -->","yoast_head_json":{"title":"Kup doustnie Pentobarbital Sodium przez - Everyday Chem Shop","description":"Kup doustnie Pentobarbital Sodium przez Internet. Je\u015bli szukasz sposobu na zakup p\u0142ynu doustnego Pentobarbital Sodium, to jeste\u015b we w\u0142a\u015bciwym miejscu, aby kupi\u0107 p\u0142yn doustny Pentobarbital Sodium online.","robots":{"index":"index","follow":"follow","max-snippet":"max-snippet:-1","max-image-preview":"max-image-preview:large","max-video-preview":"max-video-preview:-1"},"canonical":"https:\/\/everydaychemshop.com\/pl\/product\/kup-pentobarbital-sodowy-plyn-doustny-online\/","og_locale":"en_US","og_type":"article","og_title":"Kup pentobarbital sodowy (p\u0142ynny) (doustny) online","og_description":"Kup doustnie Pentobarbital Sodium przez Internet. Je\u015bli szukasz sposobu na zakup p\u0142ynu doustnego Pentobarbital Sodium, to jeste\u015b we w\u0142a\u015bciwym miejscu, aby kupi\u0107 p\u0142yn doustny Pentobarbital Sodium online.","og_url":"https:\/\/everydaychemshop.com\/pl\/product\/kup-pentobarbital-sodowy-plyn-doustny-online\/","og_site_name":"Everyday Chem Shop","article_modified_time":"2023-04-07T20:04:19+00:00","og_image":[{"width":600,"height":600,"url":"https:\/\/everydaychemshop.com\/pl\/wp-content\/uploads\/sites\/8\/2022\/11\/Pentobarbital-sodium.jpg","type":"image\/jpeg"}],"twitter_card":"summary_large_image","twitter_misc":{"Est. reading time":"2 minutes"},"schema":{"@context":"https:\/\/schema.org","@graph":[{"@type":"WebPage","@id":"https:\/\/everydaychemshop.com\/pl\/product\/kup-pentobarbital-sodowy-plyn-doustny-online\/","url":"https:\/\/everydaychemshop.com\/pl\/product\/kup-pentobarbital-sodowy-plyn-doustny-online\/","name":"Kup doustnie Pentobarbital Sodium przez - Everyday Chem Shop","isPartOf":{"@id":"https:\/\/everydaychemshop.com\/pl\/#website"},"primaryImageOfPage":{"@id":"https:\/\/everydaychemshop.com\/pl\/product\/kup-pentobarbital-sodowy-plyn-doustny-online\/#primaryimage"},"image":{"@id":"https:\/\/everydaychemshop.com\/pl\/product\/kup-pentobarbital-sodowy-plyn-doustny-online\/#primaryimage"},"thumbnailUrl":"https:\/\/everydaychemshop.com\/pl\/wp-content\/uploads\/sites\/8\/2022\/11\/Pentobarbital-sodium.jpg","datePublished":"2022-11-16T09:42:05+00:00","dateModified":"2023-04-07T20:04:19+00:00","description":"Kup doustnie Pentobarbital Sodium przez Internet. Je\u015bli szukasz sposobu na zakup p\u0142ynu doustnego Pentobarbital Sodium, to jeste\u015b we w\u0142a\u015bciwym miejscu, aby kupi\u0107 p\u0142yn doustny Pentobarbital Sodium online.","breadcrumb":{"@id":"https:\/\/everydaychemshop.com\/pl\/product\/kup-pentobarbital-sodowy-plyn-doustny-online\/#breadcrumb"},"inLanguage":"en-US","potentialAction":[{"@type":"ReadAction","target":["https:\/\/everydaychemshop.com\/pl\/product\/kup-pentobarbital-sodowy-plyn-doustny-online\/"]}]},{"@type":"ImageObject","inLanguage":"en-US","@id":"https:\/\/everydaychemshop.com\/pl\/product\/kup-pentobarbital-sodowy-plyn-doustny-online\/#primaryimage","url":"https:\/\/everydaychemshop.com\/pl\/wp-content\/uploads\/sites\/8\/2022\/11\/Pentobarbital-sodium.jpg","contentUrl":"https:\/\/everydaychemshop.com\/pl\/wp-content\/uploads\/sites\/8\/2022\/11\/Pentobarbital-sodium.jpg","width":600,"height":600,"caption":"Kup doustnie Pentobarbital Sodium przez Internet"},{"@type":"BreadcrumbList","@id":"https:\/\/everydaychemshop.com\/pl\/product\/kup-pentobarbital-sodowy-plyn-doustny-online\/#breadcrumb","itemListElement":[{"@type":"ListItem","position":1,"name":"Home","item":"https:\/\/everydaychemshop.com\/pl\/"},{"@type":"ListItem","position":2,"name":"Produkty","item":"https:\/\/everydaychemshop.com\/pl\/produkty\/"},{"@type":"ListItem","position":3,"name":"Kup pentobarbital sodowy (p\u0142ynny) (doustny) online"}]},{"@type":"WebSite","@id":"https:\/\/everydaychemshop.com\/pl\/#website","url":"https:\/\/everydaychemshop.com\/pl\/","name":"Everyday Chem Shop","description":"","potentialAction":[{"@type":"SearchAction","target":{"@type":"EntryPoint","urlTemplate":"https:\/\/everydaychemshop.com\/pl\/?s={search_term_string}"},"query-input":{"@type":"PropertyValueSpecification","valueRequired":true,"valueName":"search_term_string"}}],"inLanguage":"en-US"}]}},"_links":{"self":[{"href":"https:\/\/everydaychemshop.com\/pl\/wp-json\/wp\/v2\/product\/7590","targetHints":{"allow":["GET"]}}],"collection":[{"href":"https:\/\/everydaychemshop.com\/pl\/wp-json\/wp\/v2\/product"}],"about":[{"href":"https:\/\/everydaychemshop.com\/pl\/wp-json\/wp\/v2\/types\/product"}],"replies":[{"embeddable":true,"href":"https:\/\/everydaychemshop.com\/pl\/wp-json\/wp\/v2\/comments?post=7590"}],"wp:featuredmedia":[{"embeddable":true,"href":"https:\/\/everydaychemshop.com\/pl\/wp-json\/wp\/v2\/media\/7628"}],"wp:attachment":[{"href":"https:\/\/everydaychemshop.com\/pl\/wp-json\/wp\/v2\/media?parent=7590"}],"wp:term":[{"taxonomy":"product_brand","embeddable":true,"href":"https:\/\/everydaychemshop.com\/pl\/wp-json\/wp\/v2\/product_brand?post=7590"},{"taxonomy":"product_cat","embeddable":true,"href":"https:\/\/everydaychemshop.com\/pl\/wp-json\/wp\/v2\/product_cat?post=7590"},{"taxonomy":"product_tag","embeddable":true,"href":"https:\/\/everydaychemshop.com\/pl\/wp-json\/wp\/v2\/product_tag?post=7590"}],"curies":[{"name":"wp","href":"https:\/\/api.w.org\/{rel}","templated":true}]}}