{"id":7626,"date":"2022-11-16T09:42:44","date_gmt":"2022-11-16T09:42:44","guid":{"rendered":"https:\/\/everydaychemshop.com\/pl\/?post_type=product&#038;p=7626"},"modified":"2023-04-07T20:03:00","modified_gmt":"2023-04-07T20:03:00","slug":"kup-sodowy-sodowy-online","status":"publish","type":"product","link":"https:\/\/everydaychemshop.com\/pl\/product\/kup-sodowy-sodowy-online\/","title":{"rendered":"Kup seconal sodu przez Internet"},"content":{"rendered":"<h1 class=\"tt\">Kup seconal sodu przez Internet<\/h1>\n<p><a href=\"https:\/\/everydaychemshop.com\/pl\/product\/kup-sodowy-sodowy-online\/\">Kup seconal sodu przez Internet<\/a>. Everyday Chem Shop jest teraz dost\u0119pny z Seconal Sodium w najlepszych cenach. Je\u015bli chcesz kupi\u0107 Seconal Sodium przez Internet, spe\u0142nij swoje wymagania w naszej aptece internetowej ju\u017c dzi\u015b i zrealizuj je w kr\u00f3tkim czasie. Wszystko, co musisz zrobi\u0107, to zam\u00f3wi\u0107 Seconal Sodium, a cz\u0142onkowie naszego zespo\u0142u przygotuj\u0105 i zapakuj\u0105 go dla Ciebie, a nast\u0119pnie dostarczymy na czas. Jeste\u015bmy profesjonaln\u0105 i rzeteln\u0105 aptek\u0105, kt\u00f3ra niezmiennie od dziesi\u0119cioleci dzia\u0142a w tej bran\u017cy. Mo\u017cesz na nas liczy\u0107, je\u015bli chodzi o otrzymywanie lek\u00f3w najwy\u017cszej jako\u015bci i to r\u00f3wnie\u017c we wspomnianym okresie.<\/p>\n<h3 class=\"tt\">Co mo\u017ce Ci zapewni\u0107 Seconal Sodium? Dlaczego warto wybra\u0107 nas, aby go kupi\u0107?<\/h3>\n<p>S\u00f3d Seconal stosuje si\u0119 w celu uspokojenia tu\u017c przed operacj\u0105. Seconal Sodium <a href=\"https:\/\/en.wikipedia.org\/wiki\/Secobarbital\">ma<\/a> miejsce w klasie lek\u00f3w znanych jako barbiturany nasenne. Dzia\u0142a poprzez wp\u0142yw na pewne cz\u0119\u015bci m\u00f3zgu, aby ci\u0119 uspokoi\u0107. Starsi doro\u015bli powinni porozmawia\u0107 o ryzyku i zaletach tego leku ze swoim lekarzem lub specjalist\u0105 ds. Narkotyk\u00f3w, podobnie jak o innych skutecznych i prawdopodobnie bezpieczniejszych metodach leczenia. Zapoznaj si\u0119 z Przewodnikiem po lekach dostarczonym wraz z produktem przez nasz\u0105 aptek\u0119 internetow\u0105 przed rozpocz\u0119ciem przyjmowania Seconal Sodium i za ka\u017cdym razem, gdy otrzymasz do\u0142adowanie. W razie jakichkolwiek pyta\u0144 skonsultuj si\u0119 z lekarzem lub specjalist\u0105 ds. narkotyk\u00f3w. Lek nale\u017cy przyjmowa\u0107 doustnie na pusty \u017co\u0142\u0105dek zgodnie z zaleceniami lekarza przed operacj\u0105.<\/p>\n<p><strong>S\u00f3d Seconal stosuje si\u0119 wy\u0142\u0105cznie w nast\u0119puj\u0105cych stanach:<\/strong><\/p>\n<ul>\n<li>dodatkowe znieczulenie miejscowe<\/li>\n<li>dodatkowy \u015brodek do indukcji znieczulenia og\u00f3lnego<\/li>\n<\/ul>\n<p>Seconal Sodium Secobarbital na sprzeda\u017c w aptece internetowej Nembutal, a my dostarczymy go do preferowanej lokalizacji tak szybko, jak to mo\u017cliwe mo\u017cliwy. Pozw\u00f3l nam s\u0142u\u017cy\u0107 Ci najlepiej jak potrafimy. Mo\u017cesz ca\u0142kowicie polega\u0107 na naszej internetowej aptece Nembutal i oczekiwa\u0107 od nas wszystkiego, co najlepsze. Jeste\u015bmy zawsze dost\u0119pni dla naszych znacz\u0105cych klient\u00f3w w realizacji ich potrzeb i wymaga\u0144. Skontaktuj si\u0119 z nami od razu!<\/p>\n<p><strong>Czy wiesz, gdzie kupi\u0107 Seconal Sodium online?<\/strong><\/p>\n<p>Sprzeda\u017c Seconal Sodium, cena detaliczna Seconal Sodium, dawka Seconal Sodium, jak zrobi\u0107 Seconal Sodium, gdzie mog\u0119 kupi\u0107 Seconal Sodium online, sk\u0105d wzi\u0105\u0107 Seconal Sodium, co to jest Seconal Sodium, Seconal Sodium najwy\u017cszej jako\u015bci na sprzeda\u017c. Wszystkie te pytania bez odpowiedzi mog\u0105 uzyska\u0107 odpowiedzi za naszym po\u015brednictwem. Wystarczy, \u017ce przejrzysz nasz\u0105 stron\u0119 internetow\u0105, a otrzymasz odpowiedzi na pytanie, jak i gdzie mo\u017cesz kupi\u0107 Seconal Sodium online.<\/p>\n<p>A co z Seconal Sodium? Czy wiesz r\u00f3wnie\u017c, gdzie mo\u017cna kupi\u0107 Seconal Sodium w sprzeda\u017cy online? kupi\u0107 Seconal Sodium na sprzeda\u017c, jak zrobi\u0107 Seconal Sodium, jak wygl\u0105da Seconal Sodium, cena uliczna Seconal Sodium, cena Seconal Sodium, gdzie kupi\u0107 Seconal Sodium, czysty Seconal Sodium, gdzie mog\u0119 kupi\u0107 Seconal Sodium online, dostawcy Seconal Sodium, kup czysty Seconal Sodium online.<\/p>\n<p>Dobrej jako\u015bci Seconal Sodium online: Jest ca\u0142kowicie zrozumia\u0142e, \u017ce ludzie nie ufaj\u0105 szybko jako\u015bci Seconal Sodium sprzedawanej online, poniewa\u017c nie mog\u0105 jej fizycznie zbada\u0107. Ale to nie to samo z dostawcami internetowymi Online Seconal Sodium. Produkty tutaj s\u0105 zgodne z opisem, a konserwacja wysokiej jako\u015bci jest wykonywana pod nadzorem ekspert\u00f3w.<\/p>\n<p>Szybko &amp; Dyskretna wysy\u0142ka: Dostawa Seconal Sodium online po otrzymaniu zam\u00f3wienia odbywa si\u0119 w obiecanych ramach czasowych. Zesp\u00f3\u0142 wysy\u0142kowy dok\u0142ada wszelkich stara\u0144, aby procedura wysy\u0142ki i dostawy przebiega\u0142a p\u0142ynnie i szybko. Mo\u017cesz r\u00f3wnie\u017c oczekiwa\u0107 doskona\u0142ych us\u0142ug przy zakupie Seconal Sodium online od profesjonalisty na platformie internetowej.<\/p>\n","protected":false},"excerpt":{"rendered":"<p><strong>Skontaktuj si\u0119 z aptek\u0105 internetow\u0105 Nembutal<\/strong><\/p>\n<p>Apteka internetowa Nembutal jest dost\u0119pna dla wszystkich ludzi na ca\u0142ym \u015bwiecie. Mo\u017cesz do nas dotrze\u0107 zawsze i wsz\u0119dzie. Zawsze odpowiadamy naszym klientom w ci\u0105gu kilku chwil i pomagamy im w ich zapytaniach. Po otrzymaniu od Ciebie szczeg\u00f3\u0142\u00f3w zam\u00f3wienia, w nast\u0119pnej chwili przyst\u0119pujemy do jego pakowania. Dbamy o to, aby wszystkie leki dociera\u0142y do \u200b\u200bnaszych klient\u00f3w w bezpiecznych i odpowiednich opakowaniach bez uszkodze\u0144. Z nami nie musisz si\u0119 martwi\u0107 ani o jako\u015b\u0107 lek\u00f3w, ani o status dostawy. Jeste\u015bmy obecni, aby wzi\u0105\u0107 na siebie wszystkie obowi\u0105zki. Tutaj otrzymasz tylko to, co najlepsze dla Twojego zdrowia. Mo\u017cesz do nas zadzwoni\u0107, wys\u0142a\u0107 e-mail lub wys\u0142a\u0107 SMS-a. Kup Seconal Sodium Secobarbital 100 mg ju\u017c dzi\u015b i otrzymaj go w kr\u00f3tkim czasie z internetowej apteki Nembutal.<\/p>\n","protected":false},"featured_media":7629,"comment_status":"closed","ping_status":"closed","template":"","meta":{"inline_featured_image":false},"product_brand":[],"product_cat":[58],"product_tag":[],"class_list":{"0":"post-7626","1":"product","2":"type-product","3":"status-publish","4":"has-post-thumbnail","6":"product_cat-produkty-z-nembutalu","8":"first","9":"instock","10":"shipping-taxable","11":"purchasable","12":"product-type-variable","13":"has-default-attributes"},"yoast_head":"<!-- This site is optimized with the Yoast SEO Premium plugin v19.2 (Yoast SEO v27.3) - https:\/\/yoast.com\/product\/yoast-seo-premium-wordpress\/ -->\n<title>Kup seconal sodu przez Internet - Everyday Chem Shop<\/title>\n<meta name=\"description\" content=\"Kup seconal sodu przez Internet. W Global Meds Inc sprzedajemy Seconal Sodium online w dobrej i przyst\u0119pnej cenie. Nie wahaj si\u0119 z nami skontaktowa\u0107, je\u015bli chcesz kupi\u0107 Seconal Sodium online\" \/>\n<meta name=\"robots\" content=\"index, follow, max-snippet:-1, max-image-preview:large, max-video-preview:-1\" \/>\n<link rel=\"canonical\" href=\"https:\/\/everydaychemshop.com\/pl\/product\/kup-sodowy-sodowy-online\/\" \/>\n<meta property=\"og:locale\" content=\"en_US\" \/>\n<meta property=\"og:type\" content=\"article\" \/>\n<meta property=\"og:title\" content=\"Kup seconal sodu przez Internet\" \/>\n<meta property=\"og:description\" content=\"Kup seconal sodu przez Internet. W Global Meds Inc sprzedajemy Seconal Sodium online w dobrej i przyst\u0119pnej cenie. Nie wahaj si\u0119 z nami skontaktowa\u0107, je\u015bli chcesz kupi\u0107 Seconal Sodium online\" \/>\n<meta property=\"og:url\" content=\"https:\/\/everydaychemshop.com\/pl\/product\/kup-sodowy-sodowy-online\/\" \/>\n<meta property=\"og:site_name\" content=\"Everyday Chem Shop\" \/>\n<meta property=\"article:modified_time\" content=\"2023-04-07T20:03:00+00:00\" \/>\n<meta property=\"og:image\" content=\"https:\/\/everydaychemshop.com\/pl\/wp-content\/uploads\/sites\/8\/2022\/11\/seconal-sodium.jpg\" \/>\n\t<meta property=\"og:image:width\" content=\"600\" \/>\n\t<meta property=\"og:image:height\" content=\"600\" \/>\n\t<meta property=\"og:image:type\" content=\"image\/jpeg\" \/>\n<meta name=\"twitter:card\" content=\"summary_large_image\" \/>\n<meta name=\"twitter:label1\" content=\"Est. reading time\" \/>\n\t<meta name=\"twitter:data1\" content=\"3 minutes\" \/>\n<script type=\"application\/ld+json\" class=\"yoast-schema-graph\">{\"@context\":\"https:\\\/\\\/schema.org\",\"@graph\":[{\"@type\":\"WebPage\",\"@id\":\"https:\\\/\\\/everydaychemshop.com\\\/pl\\\/product\\\/kup-sodowy-sodowy-online\\\/\",\"url\":\"https:\\\/\\\/everydaychemshop.com\\\/pl\\\/product\\\/kup-sodowy-sodowy-online\\\/\",\"name\":\"Kup seconal sodu przez Internet - Everyday Chem Shop\",\"isPartOf\":{\"@id\":\"https:\\\/\\\/everydaychemshop.com\\\/pl\\\/#website\"},\"primaryImageOfPage\":{\"@id\":\"https:\\\/\\\/everydaychemshop.com\\\/pl\\\/product\\\/kup-sodowy-sodowy-online\\\/#primaryimage\"},\"image\":{\"@id\":\"https:\\\/\\\/everydaychemshop.com\\\/pl\\\/product\\\/kup-sodowy-sodowy-online\\\/#primaryimage\"},\"thumbnailUrl\":\"https:\\\/\\\/everydaychemshop.com\\\/pl\\\/wp-content\\\/uploads\\\/sites\\\/8\\\/2022\\\/11\\\/seconal-sodium.jpg\",\"datePublished\":\"2022-11-16T09:42:44+00:00\",\"dateModified\":\"2023-04-07T20:03:00+00:00\",\"description\":\"Kup seconal sodu przez Internet. W Global Meds Inc sprzedajemy Seconal Sodium online w dobrej i przyst\u0119pnej cenie. Nie wahaj si\u0119 z nami skontaktowa\u0107, je\u015bli chcesz kupi\u0107 Seconal Sodium online\",\"breadcrumb\":{\"@id\":\"https:\\\/\\\/everydaychemshop.com\\\/pl\\\/product\\\/kup-sodowy-sodowy-online\\\/#breadcrumb\"},\"inLanguage\":\"en-US\",\"potentialAction\":[{\"@type\":\"ReadAction\",\"target\":[\"https:\\\/\\\/everydaychemshop.com\\\/pl\\\/product\\\/kup-sodowy-sodowy-online\\\/\"]}]},{\"@type\":\"ImageObject\",\"inLanguage\":\"en-US\",\"@id\":\"https:\\\/\\\/everydaychemshop.com\\\/pl\\\/product\\\/kup-sodowy-sodowy-online\\\/#primaryimage\",\"url\":\"https:\\\/\\\/everydaychemshop.com\\\/pl\\\/wp-content\\\/uploads\\\/sites\\\/8\\\/2022\\\/11\\\/seconal-sodium.jpg\",\"contentUrl\":\"https:\\\/\\\/everydaychemshop.com\\\/pl\\\/wp-content\\\/uploads\\\/sites\\\/8\\\/2022\\\/11\\\/seconal-sodium.jpg\",\"width\":600,\"height\":600,\"caption\":\"Kup seconal sodu przez Internet\"},{\"@type\":\"BreadcrumbList\",\"@id\":\"https:\\\/\\\/everydaychemshop.com\\\/pl\\\/product\\\/kup-sodowy-sodowy-online\\\/#breadcrumb\",\"itemListElement\":[{\"@type\":\"ListItem\",\"position\":1,\"name\":\"Home\",\"item\":\"https:\\\/\\\/everydaychemshop.com\\\/pl\\\/\"},{\"@type\":\"ListItem\",\"position\":2,\"name\":\"Produkty\",\"item\":\"https:\\\/\\\/everydaychemshop.com\\\/pl\\\/produkty\\\/\"},{\"@type\":\"ListItem\",\"position\":3,\"name\":\"Kup seconal sodu przez Internet\"}]},{\"@type\":\"WebSite\",\"@id\":\"https:\\\/\\\/everydaychemshop.com\\\/pl\\\/#website\",\"url\":\"https:\\\/\\\/everydaychemshop.com\\\/pl\\\/\",\"name\":\"Everyday Chem Shop\",\"description\":\"\",\"potentialAction\":[{\"@type\":\"SearchAction\",\"target\":{\"@type\":\"EntryPoint\",\"urlTemplate\":\"https:\\\/\\\/everydaychemshop.com\\\/pl\\\/?s={search_term_string}\"},\"query-input\":{\"@type\":\"PropertyValueSpecification\",\"valueRequired\":true,\"valueName\":\"search_term_string\"}}],\"inLanguage\":\"en-US\"}]}<\/script>\n<!-- \/ Yoast SEO Premium plugin. -->","yoast_head_json":{"title":"Kup seconal sodu przez Internet - Everyday Chem Shop","description":"Kup seconal sodu przez Internet. W Global Meds Inc sprzedajemy Seconal Sodium online w dobrej i przyst\u0119pnej cenie. Nie wahaj si\u0119 z nami skontaktowa\u0107, je\u015bli chcesz kupi\u0107 Seconal Sodium online","robots":{"index":"index","follow":"follow","max-snippet":"max-snippet:-1","max-image-preview":"max-image-preview:large","max-video-preview":"max-video-preview:-1"},"canonical":"https:\/\/everydaychemshop.com\/pl\/product\/kup-sodowy-sodowy-online\/","og_locale":"en_US","og_type":"article","og_title":"Kup seconal sodu przez Internet","og_description":"Kup seconal sodu przez Internet. W Global Meds Inc sprzedajemy Seconal Sodium online w dobrej i przyst\u0119pnej cenie. Nie wahaj si\u0119 z nami skontaktowa\u0107, je\u015bli chcesz kupi\u0107 Seconal Sodium online","og_url":"https:\/\/everydaychemshop.com\/pl\/product\/kup-sodowy-sodowy-online\/","og_site_name":"Everyday Chem Shop","article_modified_time":"2023-04-07T20:03:00+00:00","og_image":[{"width":600,"height":600,"url":"https:\/\/everydaychemshop.com\/pl\/wp-content\/uploads\/sites\/8\/2022\/11\/seconal-sodium.jpg","type":"image\/jpeg"}],"twitter_card":"summary_large_image","twitter_misc":{"Est. reading time":"3 minutes"},"schema":{"@context":"https:\/\/schema.org","@graph":[{"@type":"WebPage","@id":"https:\/\/everydaychemshop.com\/pl\/product\/kup-sodowy-sodowy-online\/","url":"https:\/\/everydaychemshop.com\/pl\/product\/kup-sodowy-sodowy-online\/","name":"Kup seconal sodu przez Internet - Everyday Chem Shop","isPartOf":{"@id":"https:\/\/everydaychemshop.com\/pl\/#website"},"primaryImageOfPage":{"@id":"https:\/\/everydaychemshop.com\/pl\/product\/kup-sodowy-sodowy-online\/#primaryimage"},"image":{"@id":"https:\/\/everydaychemshop.com\/pl\/product\/kup-sodowy-sodowy-online\/#primaryimage"},"thumbnailUrl":"https:\/\/everydaychemshop.com\/pl\/wp-content\/uploads\/sites\/8\/2022\/11\/seconal-sodium.jpg","datePublished":"2022-11-16T09:42:44+00:00","dateModified":"2023-04-07T20:03:00+00:00","description":"Kup seconal sodu przez Internet. W Global Meds Inc sprzedajemy Seconal Sodium online w dobrej i przyst\u0119pnej cenie. Nie wahaj si\u0119 z nami skontaktowa\u0107, je\u015bli chcesz kupi\u0107 Seconal Sodium online","breadcrumb":{"@id":"https:\/\/everydaychemshop.com\/pl\/product\/kup-sodowy-sodowy-online\/#breadcrumb"},"inLanguage":"en-US","potentialAction":[{"@type":"ReadAction","target":["https:\/\/everydaychemshop.com\/pl\/product\/kup-sodowy-sodowy-online\/"]}]},{"@type":"ImageObject","inLanguage":"en-US","@id":"https:\/\/everydaychemshop.com\/pl\/product\/kup-sodowy-sodowy-online\/#primaryimage","url":"https:\/\/everydaychemshop.com\/pl\/wp-content\/uploads\/sites\/8\/2022\/11\/seconal-sodium.jpg","contentUrl":"https:\/\/everydaychemshop.com\/pl\/wp-content\/uploads\/sites\/8\/2022\/11\/seconal-sodium.jpg","width":600,"height":600,"caption":"Kup seconal sodu przez Internet"},{"@type":"BreadcrumbList","@id":"https:\/\/everydaychemshop.com\/pl\/product\/kup-sodowy-sodowy-online\/#breadcrumb","itemListElement":[{"@type":"ListItem","position":1,"name":"Home","item":"https:\/\/everydaychemshop.com\/pl\/"},{"@type":"ListItem","position":2,"name":"Produkty","item":"https:\/\/everydaychemshop.com\/pl\/produkty\/"},{"@type":"ListItem","position":3,"name":"Kup seconal sodu przez Internet"}]},{"@type":"WebSite","@id":"https:\/\/everydaychemshop.com\/pl\/#website","url":"https:\/\/everydaychemshop.com\/pl\/","name":"Everyday Chem Shop","description":"","potentialAction":[{"@type":"SearchAction","target":{"@type":"EntryPoint","urlTemplate":"https:\/\/everydaychemshop.com\/pl\/?s={search_term_string}"},"query-input":{"@type":"PropertyValueSpecification","valueRequired":true,"valueName":"search_term_string"}}],"inLanguage":"en-US"}]}},"_links":{"self":[{"href":"https:\/\/everydaychemshop.com\/pl\/wp-json\/wp\/v2\/product\/7626","targetHints":{"allow":["GET"]}}],"collection":[{"href":"https:\/\/everydaychemshop.com\/pl\/wp-json\/wp\/v2\/product"}],"about":[{"href":"https:\/\/everydaychemshop.com\/pl\/wp-json\/wp\/v2\/types\/product"}],"replies":[{"embeddable":true,"href":"https:\/\/everydaychemshop.com\/pl\/wp-json\/wp\/v2\/comments?post=7626"}],"wp:featuredmedia":[{"embeddable":true,"href":"https:\/\/everydaychemshop.com\/pl\/wp-json\/wp\/v2\/media\/7629"}],"wp:attachment":[{"href":"https:\/\/everydaychemshop.com\/pl\/wp-json\/wp\/v2\/media?parent=7626"}],"wp:term":[{"taxonomy":"product_brand","embeddable":true,"href":"https:\/\/everydaychemshop.com\/pl\/wp-json\/wp\/v2\/product_brand?post=7626"},{"taxonomy":"product_cat","embeddable":true,"href":"https:\/\/everydaychemshop.com\/pl\/wp-json\/wp\/v2\/product_cat?post=7626"},{"taxonomy":"product_tag","embeddable":true,"href":"https:\/\/everydaychemshop.com\/pl\/wp-json\/wp\/v2\/product_tag?post=7626"}],"curies":[{"name":"wp","href":"https:\/\/api.w.org\/{rel}","templated":true}]}}