{"id":7634,"date":"2022-11-16T09:43:11","date_gmt":"2022-11-16T09:43:11","guid":{"rendered":"https:\/\/everydaychemshop.com\/pl\/?post_type=product&#038;p=7634"},"modified":"2023-04-07T20:01:38","modified_gmt":"2023-04-07T20:01:38","slug":"kup-fenobarbital-fenobarbital-luminal","status":"publish","type":"product","link":"https:\/\/everydaychemshop.com\/pl\/product\/kup-fenobarbital-fenobarbital-luminal\/","title":{"rendered":"Fenobarbital (fenobarbital) \/ Luminal"},"content":{"rendered":"<h1 class=\"tt\">Kup pigu\u0142ki fenobarbitalu online<\/h1>\n<p><a href=\"https:\/\/everydaychemshop.com\/pl\/product\/kup-fenobarbital-fenobarbital-luminal\/\">Kup pigu\u0142ki fenobarbitalu online<\/a>. Everyday Chem Shop to niezawodna apteka, kt\u00f3ra <a href=\"https:\/\/en.wikipedia.org\/wiki\/Phenobarbital\">pomaga<\/a> ludziom w wygodnym przyjmowaniu lek\u00f3w i lek\u00f3w. Je\u015bli chcesz kupi\u0107 Phenobarbital Luminal online, nie przegap \u017cadnej okazji, aby odwiedzi\u0107 nas online. Tutaj sprzedajemy ten lek po przyst\u0119pnych cenach.<\/p>\n<p>Nasza apteka internetowa konsekwentnie dostarcza klientom leki najwy\u017cszej jako\u015bci. Wszystkie leki dostarczane s\u0105 tutaj w czasie przydzielonym klientom. Nie dopuszczamy do op\u00f3\u017anie\u0144 w naszej pracy i jeste\u015bmy szybcy w ka\u017cdej obr\u00f3bce. Je\u015bli szukasz apteki internetowej takiej jak my, skontaktuj si\u0119 z nami ju\u017c dzi\u015b i zam\u00f3w zakup Phenobarbital Luminal online w najlepszej cenie z szybk\u0105 dostaw\u0105!<\/p>\n<h3 class=\"tt\">Jak mo\u017cemy Ci bezpiecznie pom\u00f3c U\u017cywa\u0107 Phenobarbital Luminal?<\/h3>\n<p>Phenobarbital Luminal to skuteczny lek, kt\u00f3ry jest szeroko stosowany w kontrolowaniu niekt\u00f3rych rodzaj\u00f3w napad\u00f3w padaczkowych. Mo\u017cesz r\u00f3wnie\u017c u\u017cy\u0107 tego leku do leczenia l\u0119ku, problem\u00f3w ze snem i innych. Bardzo wa\u017cne jest, aby przed zastosowaniem tego leku skonsultowa\u0107 si\u0119 z lekarzem. Porozmawiaj ze swoim lekarzem, aby uzyska\u0107 szczeg\u00f3\u0142owe informacje, a nast\u0119pnie rozpocznij przyjmowanie leku Phenobarbital Luminal.<\/p>\n<p>Nasza apteka internetowa udost\u0119pnia przewodnik po lekach wraz ze wszystkimi produktami. Dlatego mo\u017cesz post\u0119powa\u0107 zgodnie ze wskaz\u00f3wkami i bezpiecznie stosowa\u0107 ten lek. Jeste\u015bmy tutaj, aby pom\u00f3c Ci w \u0142atwy spos\u00f3b kupi\u0107 Phenobarbital Luminal online. Si\u0119gnij do nas ju\u017c dzi\u015b i skorzystaj z dobrodziejstw tego leku. Jeste\u015bmy tutaj, aby s\u0142u\u017cy\u0107 Ci sta\u0142ym wsparciem.<\/p>\n<p><strong>Czy wiesz, gdzie kupi\u0107 Phenobarbital Luminal online?<\/strong><\/p>\n<p>Phenobarbital Luminal na sprzeda\u017c, Phenobarbital Luminal warto\u015b\u0107 uliczna , Phenobarbital Luminal dawkowanie, jak zrobi\u0107 Phenobarbital Luminal, gdzie mog\u0119 kupi\u0107 Phenobarbital Luminal online, gdzie dosta\u0107 Phenobarbital Luminal online, co to jest Phenobarbital Luminal, Najwy\u017cszej jako\u015bci Phenobarbital Luminal na sprzeda\u017c. Wszystkie te pytania bez odpowiedzi mog\u0105 uzyska\u0107 odpowiedzi za naszym po\u015brednictwem. Wystarczy, \u017ce przejrzysz nasz\u0105 stron\u0119 internetow\u0105, a uzyskasz odpowiedzi, jak i gdzie mo\u017cesz kupi\u0107 Phenobarbital Luminal online.<\/p>\n<p>A co z Phenobarbital Luminal? Czy wiesz r\u00f3wnie\u017c, gdzie kupi\u0107 fenobarbital w sprzeda\u017cy online? kup Phenobarbital Luminal Phenobarbital Luminal na sprzeda\u017c, jak zrobi\u0107 Phenobarbital Luminal, jak wygl\u0105da Phenobarbital Luminal, cena uliczna Phenobarbital Luminal, cena Phenobarbital Luminal, gdzie kupi\u0107 Phenobarbital Luminal, czysty fenobarbital, gdzie mog\u0119 kupi\u0107 Phenobarbital Luminal online, Fentanyl w proszku w proszku dostawc\u00f3w, kupuj czysty Phenobarbital Luminal online.<\/p>\n<p>Dobrej jako\u015bci Phenobarbital Luminal online online: Jest ca\u0142kowicie zrozumia\u0142e, \u017ce ludzie nie ufaj\u0105 szybko jako\u015bci Phenobarbital Luminal sprzedawanego online online, poniewa\u017c nie mog\u0105 go fizycznie zbada\u0107. Ale to nie to samo z dostawcami internetowymi Online Phenobarbital Luminal. Produkty tutaj s\u0105 zgodne z opisem, a konserwacja wysokiej jako\u015bci jest wykonywana pod nadzorem ekspert\u00f3w.<\/p>\n<p>Szybko &amp; Dyskretna wysy\u0142ka: dostawa Phenobarbital Luminal online po otrzymaniu zam\u00f3wienia odbywa si\u0119 w obiecanych ramach czasowych. Zesp\u00f3\u0142 wysy\u0142kowy dok\u0142ada wszelkich stara\u0144, aby procedura wysy\u0142ki i dostawy przebiega\u0142a p\u0142ynnie i szybko. Mo\u017cesz r\u00f3wnie\u017c oczekiwa\u0107 doskona\u0142ych us\u0142ug przy zakupie Phenobarbital Luminal online od profesjonalisty na platformie internetowej.<\/p>\n","protected":false},"excerpt":{"rendered":"<p><strong>Gdzie mog\u0119 kupi\u0107 Phenobarbital Luminal w najlepszej cenie?<\/strong><\/p>\n<p>Mo\u017cesz teraz dokona\u0107 zakupu Phenobarbital Luminal w internetowej aptece Nembutal. Twoje zam\u00f3wienie na Phenobarbital Luminal na sprzeda\u017c zostanie zrealizowane w mo\u017cliwie najkr\u00f3tszym czasie. Wszystko, co musisz zrobi\u0107, to zadzwoni\u0107, wys\u0142a\u0107 SMS-a lub e-maila ju\u017c dzi\u015b i szybko otrzyma\u0107 leki. Po\u0142\u0105cz teraz!<\/p>\n","protected":false},"featured_media":7660,"comment_status":"closed","ping_status":"closed","template":"","meta":{"inline_featured_image":false},"product_brand":[],"product_cat":[58],"product_tag":[],"class_list":{"0":"post-7634","1":"product","2":"type-product","3":"status-publish","4":"has-post-thumbnail","6":"product_cat-produkty-z-nembutalu","8":"first","9":"instock","10":"shipping-taxable","11":"purchasable","12":"product-type-variable","13":"has-default-attributes"},"yoast_head":"<!-- This site is optimized with the Yoast SEO Premium plugin v19.2 (Yoast SEO v27.3) - https:\/\/yoast.com\/product\/yoast-seo-premium-wordpress\/ -->\n<title>Kup pigu\u0142ki fenobarbitalu online - Everyday Chem Shop<\/title>\n<meta name=\"description\" content=\"Kup pigu\u0142ki fenobarbitalu online. Je\u015bli szukasz sposobu na zakup Phenobarbital Luminal online, to jeste\u015b we w\u0142a\u015bciwym miejscu, aby kupi\u0107 Phenobarbital Luminal online.\" \/>\n<meta name=\"robots\" content=\"index, follow, max-snippet:-1, max-image-preview:large, max-video-preview:-1\" \/>\n<link rel=\"canonical\" href=\"https:\/\/everydaychemshop.com\/pl\/product\/kup-fenobarbital-fenobarbital-luminal\/\" \/>\n<meta property=\"og:locale\" content=\"en_US\" \/>\n<meta property=\"og:type\" content=\"article\" \/>\n<meta property=\"og:title\" content=\"Fenobarbital (fenobarbital) \/ Luminal\" \/>\n<meta property=\"og:description\" content=\"Kup pigu\u0142ki fenobarbitalu online. Je\u015bli szukasz sposobu na zakup Phenobarbital Luminal online, to jeste\u015b we w\u0142a\u015bciwym miejscu, aby kupi\u0107 Phenobarbital Luminal online.\" \/>\n<meta property=\"og:url\" content=\"https:\/\/everydaychemshop.com\/pl\/product\/kup-fenobarbital-fenobarbital-luminal\/\" \/>\n<meta property=\"og:site_name\" content=\"Everyday Chem Shop\" \/>\n<meta property=\"article:modified_time\" content=\"2023-04-07T20:01:38+00:00\" \/>\n<meta property=\"og:image\" content=\"https:\/\/everydaychemshop.com\/pl\/wp-content\/uploads\/sites\/8\/2022\/11\/PhenobarbitalLuminal.jpg\" \/>\n\t<meta property=\"og:image:width\" content=\"600\" \/>\n\t<meta property=\"og:image:height\" content=\"600\" \/>\n\t<meta property=\"og:image:type\" content=\"image\/jpeg\" \/>\n<meta name=\"twitter:card\" content=\"summary_large_image\" \/>\n<meta name=\"twitter:label1\" content=\"Est. reading time\" \/>\n\t<meta name=\"twitter:data1\" content=\"2 minutes\" \/>\n<script type=\"application\/ld+json\" class=\"yoast-schema-graph\">{\"@context\":\"https:\\\/\\\/schema.org\",\"@graph\":[{\"@type\":\"WebPage\",\"@id\":\"https:\\\/\\\/everydaychemshop.com\\\/pl\\\/product\\\/kup-fenobarbital-fenobarbital-luminal\\\/\",\"url\":\"https:\\\/\\\/everydaychemshop.com\\\/pl\\\/product\\\/kup-fenobarbital-fenobarbital-luminal\\\/\",\"name\":\"Kup pigu\u0142ki fenobarbitalu online - Everyday Chem Shop\",\"isPartOf\":{\"@id\":\"https:\\\/\\\/everydaychemshop.com\\\/pl\\\/#website\"},\"primaryImageOfPage\":{\"@id\":\"https:\\\/\\\/everydaychemshop.com\\\/pl\\\/product\\\/kup-fenobarbital-fenobarbital-luminal\\\/#primaryimage\"},\"image\":{\"@id\":\"https:\\\/\\\/everydaychemshop.com\\\/pl\\\/product\\\/kup-fenobarbital-fenobarbital-luminal\\\/#primaryimage\"},\"thumbnailUrl\":\"https:\\\/\\\/everydaychemshop.com\\\/pl\\\/wp-content\\\/uploads\\\/sites\\\/8\\\/2022\\\/11\\\/PhenobarbitalLuminal.jpg\",\"datePublished\":\"2022-11-16T09:43:11+00:00\",\"dateModified\":\"2023-04-07T20:01:38+00:00\",\"description\":\"Kup pigu\u0142ki fenobarbitalu online. Je\u015bli szukasz sposobu na zakup Phenobarbital Luminal online, to jeste\u015b we w\u0142a\u015bciwym miejscu, aby kupi\u0107 Phenobarbital Luminal online.\",\"breadcrumb\":{\"@id\":\"https:\\\/\\\/everydaychemshop.com\\\/pl\\\/product\\\/kup-fenobarbital-fenobarbital-luminal\\\/#breadcrumb\"},\"inLanguage\":\"en-US\",\"potentialAction\":[{\"@type\":\"ReadAction\",\"target\":[\"https:\\\/\\\/everydaychemshop.com\\\/pl\\\/product\\\/kup-fenobarbital-fenobarbital-luminal\\\/\"]}]},{\"@type\":\"ImageObject\",\"inLanguage\":\"en-US\",\"@id\":\"https:\\\/\\\/everydaychemshop.com\\\/pl\\\/product\\\/kup-fenobarbital-fenobarbital-luminal\\\/#primaryimage\",\"url\":\"https:\\\/\\\/everydaychemshop.com\\\/pl\\\/wp-content\\\/uploads\\\/sites\\\/8\\\/2022\\\/11\\\/PhenobarbitalLuminal.jpg\",\"contentUrl\":\"https:\\\/\\\/everydaychemshop.com\\\/pl\\\/wp-content\\\/uploads\\\/sites\\\/8\\\/2022\\\/11\\\/PhenobarbitalLuminal.jpg\",\"width\":600,\"height\":600,\"caption\":\"Kup pigu\u0142ki fenobarbitalu online\"},{\"@type\":\"BreadcrumbList\",\"@id\":\"https:\\\/\\\/everydaychemshop.com\\\/pl\\\/product\\\/kup-fenobarbital-fenobarbital-luminal\\\/#breadcrumb\",\"itemListElement\":[{\"@type\":\"ListItem\",\"position\":1,\"name\":\"Home\",\"item\":\"https:\\\/\\\/everydaychemshop.com\\\/pl\\\/\"},{\"@type\":\"ListItem\",\"position\":2,\"name\":\"Produkty\",\"item\":\"https:\\\/\\\/everydaychemshop.com\\\/pl\\\/produkty\\\/\"},{\"@type\":\"ListItem\",\"position\":3,\"name\":\"Fenobarbital (fenobarbital) \\\/ Luminal\"}]},{\"@type\":\"WebSite\",\"@id\":\"https:\\\/\\\/everydaychemshop.com\\\/pl\\\/#website\",\"url\":\"https:\\\/\\\/everydaychemshop.com\\\/pl\\\/\",\"name\":\"Everyday Chem Shop\",\"description\":\"\",\"potentialAction\":[{\"@type\":\"SearchAction\",\"target\":{\"@type\":\"EntryPoint\",\"urlTemplate\":\"https:\\\/\\\/everydaychemshop.com\\\/pl\\\/?s={search_term_string}\"},\"query-input\":{\"@type\":\"PropertyValueSpecification\",\"valueRequired\":true,\"valueName\":\"search_term_string\"}}],\"inLanguage\":\"en-US\"}]}<\/script>\n<!-- \/ Yoast SEO Premium plugin. -->","yoast_head_json":{"title":"Kup pigu\u0142ki fenobarbitalu online - Everyday Chem Shop","description":"Kup pigu\u0142ki fenobarbitalu online. Je\u015bli szukasz sposobu na zakup Phenobarbital Luminal online, to jeste\u015b we w\u0142a\u015bciwym miejscu, aby kupi\u0107 Phenobarbital Luminal online.","robots":{"index":"index","follow":"follow","max-snippet":"max-snippet:-1","max-image-preview":"max-image-preview:large","max-video-preview":"max-video-preview:-1"},"canonical":"https:\/\/everydaychemshop.com\/pl\/product\/kup-fenobarbital-fenobarbital-luminal\/","og_locale":"en_US","og_type":"article","og_title":"Fenobarbital (fenobarbital) \/ Luminal","og_description":"Kup pigu\u0142ki fenobarbitalu online. Je\u015bli szukasz sposobu na zakup Phenobarbital Luminal online, to jeste\u015b we w\u0142a\u015bciwym miejscu, aby kupi\u0107 Phenobarbital Luminal online.","og_url":"https:\/\/everydaychemshop.com\/pl\/product\/kup-fenobarbital-fenobarbital-luminal\/","og_site_name":"Everyday Chem Shop","article_modified_time":"2023-04-07T20:01:38+00:00","og_image":[{"width":600,"height":600,"url":"https:\/\/everydaychemshop.com\/pl\/wp-content\/uploads\/sites\/8\/2022\/11\/PhenobarbitalLuminal.jpg","type":"image\/jpeg"}],"twitter_card":"summary_large_image","twitter_misc":{"Est. reading time":"2 minutes"},"schema":{"@context":"https:\/\/schema.org","@graph":[{"@type":"WebPage","@id":"https:\/\/everydaychemshop.com\/pl\/product\/kup-fenobarbital-fenobarbital-luminal\/","url":"https:\/\/everydaychemshop.com\/pl\/product\/kup-fenobarbital-fenobarbital-luminal\/","name":"Kup pigu\u0142ki fenobarbitalu online - Everyday Chem Shop","isPartOf":{"@id":"https:\/\/everydaychemshop.com\/pl\/#website"},"primaryImageOfPage":{"@id":"https:\/\/everydaychemshop.com\/pl\/product\/kup-fenobarbital-fenobarbital-luminal\/#primaryimage"},"image":{"@id":"https:\/\/everydaychemshop.com\/pl\/product\/kup-fenobarbital-fenobarbital-luminal\/#primaryimage"},"thumbnailUrl":"https:\/\/everydaychemshop.com\/pl\/wp-content\/uploads\/sites\/8\/2022\/11\/PhenobarbitalLuminal.jpg","datePublished":"2022-11-16T09:43:11+00:00","dateModified":"2023-04-07T20:01:38+00:00","description":"Kup pigu\u0142ki fenobarbitalu online. Je\u015bli szukasz sposobu na zakup Phenobarbital Luminal online, to jeste\u015b we w\u0142a\u015bciwym miejscu, aby kupi\u0107 Phenobarbital Luminal online.","breadcrumb":{"@id":"https:\/\/everydaychemshop.com\/pl\/product\/kup-fenobarbital-fenobarbital-luminal\/#breadcrumb"},"inLanguage":"en-US","potentialAction":[{"@type":"ReadAction","target":["https:\/\/everydaychemshop.com\/pl\/product\/kup-fenobarbital-fenobarbital-luminal\/"]}]},{"@type":"ImageObject","inLanguage":"en-US","@id":"https:\/\/everydaychemshop.com\/pl\/product\/kup-fenobarbital-fenobarbital-luminal\/#primaryimage","url":"https:\/\/everydaychemshop.com\/pl\/wp-content\/uploads\/sites\/8\/2022\/11\/PhenobarbitalLuminal.jpg","contentUrl":"https:\/\/everydaychemshop.com\/pl\/wp-content\/uploads\/sites\/8\/2022\/11\/PhenobarbitalLuminal.jpg","width":600,"height":600,"caption":"Kup pigu\u0142ki fenobarbitalu online"},{"@type":"BreadcrumbList","@id":"https:\/\/everydaychemshop.com\/pl\/product\/kup-fenobarbital-fenobarbital-luminal\/#breadcrumb","itemListElement":[{"@type":"ListItem","position":1,"name":"Home","item":"https:\/\/everydaychemshop.com\/pl\/"},{"@type":"ListItem","position":2,"name":"Produkty","item":"https:\/\/everydaychemshop.com\/pl\/produkty\/"},{"@type":"ListItem","position":3,"name":"Fenobarbital (fenobarbital) \/ Luminal"}]},{"@type":"WebSite","@id":"https:\/\/everydaychemshop.com\/pl\/#website","url":"https:\/\/everydaychemshop.com\/pl\/","name":"Everyday Chem Shop","description":"","potentialAction":[{"@type":"SearchAction","target":{"@type":"EntryPoint","urlTemplate":"https:\/\/everydaychemshop.com\/pl\/?s={search_term_string}"},"query-input":{"@type":"PropertyValueSpecification","valueRequired":true,"valueName":"search_term_string"}}],"inLanguage":"en-US"}]}},"_links":{"self":[{"href":"https:\/\/everydaychemshop.com\/pl\/wp-json\/wp\/v2\/product\/7634","targetHints":{"allow":["GET"]}}],"collection":[{"href":"https:\/\/everydaychemshop.com\/pl\/wp-json\/wp\/v2\/product"}],"about":[{"href":"https:\/\/everydaychemshop.com\/pl\/wp-json\/wp\/v2\/types\/product"}],"replies":[{"embeddable":true,"href":"https:\/\/everydaychemshop.com\/pl\/wp-json\/wp\/v2\/comments?post=7634"}],"wp:featuredmedia":[{"embeddable":true,"href":"https:\/\/everydaychemshop.com\/pl\/wp-json\/wp\/v2\/media\/7660"}],"wp:attachment":[{"href":"https:\/\/everydaychemshop.com\/pl\/wp-json\/wp\/v2\/media?parent=7634"}],"wp:term":[{"taxonomy":"product_brand","embeddable":true,"href":"https:\/\/everydaychemshop.com\/pl\/wp-json\/wp\/v2\/product_brand?post=7634"},{"taxonomy":"product_cat","embeddable":true,"href":"https:\/\/everydaychemshop.com\/pl\/wp-json\/wp\/v2\/product_cat?post=7634"},{"taxonomy":"product_tag","embeddable":true,"href":"https:\/\/everydaychemshop.com\/pl\/wp-json\/wp\/v2\/product_tag?post=7634"}],"curies":[{"name":"wp","href":"https:\/\/api.w.org\/{rel}","templated":true}]}}