{"id":7640,"date":"2022-11-16T09:43:12","date_gmt":"2022-11-16T09:43:12","guid":{"rendered":"https:\/\/everydaychemshop.com\/pl\/?post_type=product&#038;p=7640"},"modified":"2025-11-23T15:44:42","modified_gmt":"2025-11-23T15:44:42","slug":"kup-pentobarbital-sodu-plyn-do-wstrzykiwania-online","status":"publish","type":"product","link":"https:\/\/everydaychemshop.com\/pl\/product\/kup-pentobarbital-sodu-plyn-do-wstrzykiwania-online\/","title":{"rendered":"Kup pentobarbital sodu (p\u0142ynny) (do wstrzykiwa\u0144) online"},"content":{"rendered":"<h1>Kup p\u0142ynny pentobarbital sodu do wstrzykiwa\u0144 online \u2013 rozwi\u0105zanie premium w zakresie eutanazji<\/h1>\n<p><a href=\"https:\/\/everydaychemshop.com\/pl\/product\/kup-pentobarbital-sodu-plyn-do-wstrzykiwania-online\/\">Kup zastrzyk z pentobarbitalu sodu online<\/a>. Chcesz kupi\u0107 p\u0142ynny pentobarbital sodu online do profesjonalnego u\u017cytku weterynaryjnego? W Everyday Chem Shop oferujemy wysokiej jako\u015bci zastrzyk z pentobarbitalu sodu, kt\u00f3rego czysto\u015b\u0107 i skuteczno\u015b\u0107 zosta\u0142y laboratoryjnie przetestowane. Idealny do humanitarnej eutanazji zwierz\u0105t, nasz p\u0142ynny pentobarbital zapewnia szybkie i bezbolesne rozwi\u0105zanie dla weterynarzy, schronisk i w\u0142a\u015bcicieli zwierz\u0105t domowych stoj\u0105cych przed trudnymi decyzjami dotycz\u0105cymi ko\u0144ca \u017cycia.<\/p>\n<p>Dlaczego warto wybra\u0107 nasz roztw\u00f3r pentobarbitalu sodu?<\/p>\n<p>Pentobarbital sodu, powszechnie znany jako nembutal, to z\u0142oty standard w lekach do eutanazji na bazie barbituran\u00f3w. Nasza p\u0142ynna posta\u0107 do wstrzykiwa\u0144 zapewnia \u0142atwe podawanie do\u017cylne lub domi\u0119\u015bniowe, minimalizuj\u0105c stres u zwierz\u0105t takich jak psy, koty, konie i zwierz\u0119ta gospodarskie.<\/p>\n<p>Jako\u015b\u0107 farmaceutyczna: 100% czysty pentobarbital sodu w st\u0119\u017ceniu 6,5 g\/100 ml \u2013 zweryfikowany przez niezale\u017cne laboratoria.<br \/>\nDyskretnie i bezpiecznie: Zam\u00f3w pentobarbital w formie zastrzyku do eutanazji z zachowaniem pe\u0142nej prywatno\u015bci; bez zadawania pyta\u0144.<br \/>\nSzybka dostawa na ca\u0142y \u015bwiat: Wysy\u0142ka z zaufanych magazyn\u00f3w w UE\/USA w ci\u0105gu 5 dni roboczych, pakowanie pr\u00f3\u017cniowe dla bezpiecze\u0144stwa.<br \/>\nKonkurencyjne ceny: Ju\u017c od fiolki 50 ml \u2013 rabaty hurtowe dla klinik.<\/p>\n<p>Niezale\u017cnie od tego, czy szukasz pentobarbitalu weterynaryjnego w formie zastrzyku, czy niezawodnego \u015brodka do eutanazji online, mamy dla Ciebie rozwi\u0105zanie. Uwaga: Ten produkt jest przeznaczony wy\u0142\u0105cznie do u\u017cytku profesjonalnego, zgodnie z lokalnymi przepisami.<\/p>\n<p>Zalecenia dotycz\u0105ce dawkowania i podawania<\/p>\n<p>Aby uzyska\u0107 optymalne rezultaty z pentobarbitalem sodu w p\u0142ynie:<\/p>\n<p>Ma\u0142e zwierz\u0119ta (psy\/koty): 1-2 ml na ka\u017cde 4,5 kg masy cia\u0142a do\u017cylnie.<br \/>\nDu\u017ce zwierz\u0119ta (konie): dawka ca\u0142kowita 10\u201320 ml, podawana powoli.<br \/>\nZawsze konsultuj si\u0119 z lekarzem weterynarii w celu ustalenia dok\u0142adnego dawkowania. Przechowywa\u0107 w ch\u0142odnym, ciemnym miejscu, aby zachowa\u0107 skuteczno\u015b\u0107.<\/p>\n<p>Ostrze\u017cenie: Pentobarbital jest substancj\u0105 kontrolowan\u0105. Niew\u0142a\u015bciwe u\u017cycie mo\u017ce by\u0107 szkodliwe. Nie popieramy ani nie wspieramy zastosowa\u0144 poza weterynaryjnych.<\/p>\n<p>Zam\u00f3w p\u0142ynny Nembutal online ju\u017c dzi\u015b<\/p>\n<p>Chcesz kupi\u0107 pentobarbital sodu do wstrzykiwa\u0144 z pe\u0142nym przekonaniem? Dodaj do koszyka, aby skorzysta\u0107 z szybkiej realizacji. Masz pytania? Skontaktuj si\u0119 z naszym ca\u0142odobowym wsparciem, aby uzyska\u0107 spersonalizowan\u0105 pomoc. Poczuj r\u00f3\u017cnic\u0119, jak\u0105 oferuje Everyday Chem Shop \u2013 jako\u015b\u0107, dyskrecja i empatia w ka\u017cdej fiolce.<\/p>\n<p>Powi\u0105zane produkty: Pentobarbital sodu w proszku | Zestawy do eutanazji<\/p>\n","protected":false},"excerpt":{"rendered":"<p>Pentobarbital sodu do wstrzykiwa\u0144 to sterylny roztw\u00f3r do wstrzykiwa\u0144 do\u017cylnych lub domi\u0119\u015bniowych. Ka\u017cdy ml zawiera 50 mg pentobarbitalu sodowego w no\u015bniku sk\u0142adaj\u0105cym si\u0119 z 40% glikolu propylenowego, 10% alkoholu i wody do wstrzykiwa\u0144, obj\u0119to\u015bciowo. pH doprowadza si\u0119 do oko\u0142o 9,5 za pomoc\u0105 kwasu chlorowodorowego i\/lub wodorotlenku sodu.<\/p>\n","protected":false},"featured_media":7662,"comment_status":"open","ping_status":"closed","template":"","meta":{"inline_featured_image":false},"product_brand":[],"product_cat":[58],"product_tag":[63,64,65,67,69,70,93,86,68,113,114,108,109,110,112,81,103,75,66,73,71,72,77,78,83,84,85,90,91,92,97,98,76,102,89,80,79,105,104,88,87,96,100,106,115,101,94,95,107,99,82,74],"class_list":{"0":"post-7640","1":"product","2":"type-product","3":"status-publish","4":"has-post-thumbnail","6":"product_cat-produkty-z-nembutalu","7":"product_tag-buy-nembutal-pentobarbital-sodium","8":"product_tag-buy-pentobarbital-sodium","9":"product_tag-buy-pentobarbital-sodium-2021","10":"product_tag-buy-sodium-pentobarbital-uk","11":"product_tag-can-you-buy-pentobarbital-sodium-over-the-counter","12":"product_tag-can-you-buy-sodium-pentobarbital","13":"product_tag-pentobarbital-sd-cena","14":"product_tag-pyn-pentobarbitalowo-sodowy","15":"product_tag-czy-mog-kupi-pentobarbital","16":"product_tag-gdzie-kupi-pentobarbital-sodowy","17":"product_tag-gdzie-kupi-pentobarbital-sodu-dla-psw","18":"product_tag-gdzie-mozna-kupic-nembutal-sodowy-pentobarbital","19":"product_tag-gdzie-mozna-kupic-pentobarbital-sodowy","20":"product_tag-gdzie-mona-kupi-sodowe-piguki-nasenne","21":"product_tag-gdzie-mona-kupi-pentobarbital-sodowy","22":"product_tag-grupa-sodowa-pentobarbitalu","23":"product_tag-koszt-pentobarbitalu-sodu","24":"product_tag-pentobarbital-sd-kup","25":"product_tag-kup-pentobarbital-sd-pentobarbital-sl-sodowa","26":"product_tag-pentobarbital-de-sodium-dawka-letale","27":"product_tag-nembutal","28":"product_tag-pentobarbital","29":"product_tag-pentobarbital-sodium-death","30":"product_tag-pentobarbital-sodium-dosage","31":"product_tag-pentobarbital-sodium-injection-for-humans","32":"product_tag-pentobarbital-sodium-injection-solution","33":"product_tag-pentobarbital-sodium-injection-usp","34":"product_tag-pentobarbital-sodium-pills","35":"product_tag-pentobarbital-sodium-powder","36":"product_tag-pentobarbital-sodium-prescription","37":"product_tag-pentobarbital-sodium-tablets","38":"product_tag-pentobarbital-sodium-where-to-buy","39":"product_tag-pentobarbital-sd-china","40":"product_tag-pentobarbital-nembutal-sodu","41":"product_tag-pentobarbital-sodowy-bez-recepty","42":"product_tag-pentobarbital-sodu-dla-ludzi","43":"product_tag-pentobarbital-sd-dla-psw","44":"product_tag-pentobarbital-sodu-do-eutanazji","45":"product_tag-pentobarbital-sodu-do-eutanazji-zwierzt","46":"product_tag-pentobarbital-sd-doustnie","47":"product_tag-pentobarbital-sodium-nz","48":"product_tag-pentobarbital-sl-sodowa-tabletki-nasenne-bez-recepty","49":"product_tag-phenobarbital-sodium-intravenous","50":"product_tag-producenci-pentobarbitalu-sodu","51":"product_tag-skd-dosta-pentobarbital-sodowy","52":"product_tag-sd","53":"product_tag-sl-sodowa-pentobarbitalu","54":"product_tag-pentobarbital-sd-tabletki-nasenne","55":"product_tag-okres-przydatnoci-do-spoycia-pentobarbitalu-sodu","56":"product_tag-stosowanie-pentobarbitalu","57":"product_tag-pentobarbital-sl-sodowa-zastrzyk-dla-psw","58":"product_tag-pentobarbital-sd-znieczulenie","60":"first","61":"instock","62":"shipping-taxable","63":"purchasable","64":"product-type-variable","65":"has-default-attributes"},"yoast_head":"<!-- This site is optimized with the Yoast SEO Premium plugin v19.2 (Yoast SEO v27.3) - https:\/\/yoast.com\/product\/yoast-seo-premium-wordpress\/ -->\n<title>Kup zastrzyk z pentobarbitalu sodu online - Everyday Chem Shop<\/title>\n<meta name=\"description\" content=\"Kup online wysokiej jako\u015bci p\u0142ynny pentobarbital sodu do wstrzykiwa\u0144 i zapewnij sobie niezawodn\u0105 eutanazj\u0119 weterynaryjn\u0105. Dyskretna wysy\u0142ka na ca\u0142y \u015bwiat, laboratoryjnie testowane fiolki 50 ml w konkurencyjnych cenach. Zam\u00f3w bezpiecznie roztw\u00f3r Nembutalu ju\u017c dzi\u015b, aby zapewni\u0107 humanitarn\u0105 opiek\u0119 nad zwierz\u0119tami.\" \/>\n<meta name=\"robots\" content=\"index, follow, max-snippet:-1, max-image-preview:large, max-video-preview:-1\" \/>\n<link rel=\"canonical\" href=\"https:\/\/everydaychemshop.com\/pl\/product\/kup-pentobarbital-sodu-plyn-do-wstrzykiwania-online\/\" \/>\n<meta property=\"og:locale\" content=\"en_US\" \/>\n<meta property=\"og:type\" content=\"article\" \/>\n<meta property=\"og:title\" content=\"Kup pentobarbital sodu (p\u0142ynny) (do wstrzykiwa\u0144) online\" \/>\n<meta property=\"og:description\" content=\"Kup online wysokiej jako\u015bci p\u0142ynny pentobarbital sodu do wstrzykiwa\u0144 i zapewnij sobie niezawodn\u0105 eutanazj\u0119 weterynaryjn\u0105. Dyskretna wysy\u0142ka na ca\u0142y \u015bwiat, laboratoryjnie testowane fiolki 50 ml w konkurencyjnych cenach. Zam\u00f3w bezpiecznie roztw\u00f3r Nembutalu ju\u017c dzi\u015b, aby zapewni\u0107 humanitarn\u0105 opiek\u0119 nad zwierz\u0119tami.\" \/>\n<meta property=\"og:url\" content=\"https:\/\/everydaychemshop.com\/pl\/product\/kup-pentobarbital-sodu-plyn-do-wstrzykiwania-online\/\" \/>\n<meta property=\"og:site_name\" content=\"Everyday Chem Shop\" \/>\n<meta property=\"article:modified_time\" content=\"2025-11-23T15:44:42+00:00\" \/>\n<meta property=\"og:image\" content=\"https:\/\/everydaychemshop.com\/pl\/wp-content\/uploads\/sites\/8\/2022\/11\/Buy-Pentobarbital-Sodium-Liquid-Injectable-Online-20210624231550.00.jpg\" \/>\n\t<meta property=\"og:image:width\" content=\"1200\" \/>\n\t<meta property=\"og:image:height\" content=\"1200\" \/>\n\t<meta property=\"og:image:type\" content=\"image\/jpeg\" \/>\n<meta name=\"twitter:card\" content=\"summary_large_image\" \/>\n<meta name=\"twitter:label1\" content=\"Est. reading time\" \/>\n\t<meta name=\"twitter:data1\" content=\"2 minutes\" \/>\n<script type=\"application\/ld+json\" class=\"yoast-schema-graph\">{\"@context\":\"https:\\\/\\\/schema.org\",\"@graph\":[{\"@type\":\"WebPage\",\"@id\":\"https:\\\/\\\/everydaychemshop.com\\\/pl\\\/product\\\/kup-pentobarbital-sodu-plyn-do-wstrzykiwania-online\\\/\",\"url\":\"https:\\\/\\\/everydaychemshop.com\\\/pl\\\/product\\\/kup-pentobarbital-sodu-plyn-do-wstrzykiwania-online\\\/\",\"name\":\"Kup zastrzyk z pentobarbitalu sodu online - Everyday Chem Shop\",\"isPartOf\":{\"@id\":\"https:\\\/\\\/everydaychemshop.com\\\/pl\\\/#website\"},\"primaryImageOfPage\":{\"@id\":\"https:\\\/\\\/everydaychemshop.com\\\/pl\\\/product\\\/kup-pentobarbital-sodu-plyn-do-wstrzykiwania-online\\\/#primaryimage\"},\"image\":{\"@id\":\"https:\\\/\\\/everydaychemshop.com\\\/pl\\\/product\\\/kup-pentobarbital-sodu-plyn-do-wstrzykiwania-online\\\/#primaryimage\"},\"thumbnailUrl\":\"https:\\\/\\\/everydaychemshop.com\\\/pl\\\/wp-content\\\/uploads\\\/sites\\\/8\\\/2022\\\/11\\\/Buy-Pentobarbital-Sodium-Liquid-Injectable-Online-20210624231550.00.jpg\",\"datePublished\":\"2022-11-16T09:43:12+00:00\",\"dateModified\":\"2025-11-23T15:44:42+00:00\",\"description\":\"Kup online wysokiej jako\u015bci p\u0142ynny pentobarbital sodu do wstrzykiwa\u0144 i zapewnij sobie niezawodn\u0105 eutanazj\u0119 weterynaryjn\u0105. Dyskretna wysy\u0142ka na ca\u0142y \u015bwiat, laboratoryjnie testowane fiolki 50 ml w konkurencyjnych cenach. Zam\u00f3w bezpiecznie roztw\u00f3r Nembutalu ju\u017c dzi\u015b, aby zapewni\u0107 humanitarn\u0105 opiek\u0119 nad zwierz\u0119tami.\",\"breadcrumb\":{\"@id\":\"https:\\\/\\\/everydaychemshop.com\\\/pl\\\/product\\\/kup-pentobarbital-sodu-plyn-do-wstrzykiwania-online\\\/#breadcrumb\"},\"inLanguage\":\"en-US\",\"potentialAction\":[{\"@type\":\"ReadAction\",\"target\":[\"https:\\\/\\\/everydaychemshop.com\\\/pl\\\/product\\\/kup-pentobarbital-sodu-plyn-do-wstrzykiwania-online\\\/\"]}]},{\"@type\":\"ImageObject\",\"inLanguage\":\"en-US\",\"@id\":\"https:\\\/\\\/everydaychemshop.com\\\/pl\\\/product\\\/kup-pentobarbital-sodu-plyn-do-wstrzykiwania-online\\\/#primaryimage\",\"url\":\"https:\\\/\\\/everydaychemshop.com\\\/pl\\\/wp-content\\\/uploads\\\/sites\\\/8\\\/2022\\\/11\\\/Buy-Pentobarbital-Sodium-Liquid-Injectable-Online-20210624231550.00.jpg\",\"contentUrl\":\"https:\\\/\\\/everydaychemshop.com\\\/pl\\\/wp-content\\\/uploads\\\/sites\\\/8\\\/2022\\\/11\\\/Buy-Pentobarbital-Sodium-Liquid-Injectable-Online-20210624231550.00.jpg\",\"width\":1200,\"height\":1200,\"caption\":\"Kup zastrzyk z pentobarbitalu sodu online\"},{\"@type\":\"BreadcrumbList\",\"@id\":\"https:\\\/\\\/everydaychemshop.com\\\/pl\\\/product\\\/kup-pentobarbital-sodu-plyn-do-wstrzykiwania-online\\\/#breadcrumb\",\"itemListElement\":[{\"@type\":\"ListItem\",\"position\":1,\"name\":\"Home\",\"item\":\"https:\\\/\\\/everydaychemshop.com\\\/pl\\\/\"},{\"@type\":\"ListItem\",\"position\":2,\"name\":\"Produkty\",\"item\":\"https:\\\/\\\/everydaychemshop.com\\\/pl\\\/produkty\\\/\"},{\"@type\":\"ListItem\",\"position\":3,\"name\":\"Kup pentobarbital sodu (p\u0142ynny) (do wstrzykiwa\u0144) online\"}]},{\"@type\":\"WebSite\",\"@id\":\"https:\\\/\\\/everydaychemshop.com\\\/pl\\\/#website\",\"url\":\"https:\\\/\\\/everydaychemshop.com\\\/pl\\\/\",\"name\":\"Everyday Chem Shop\",\"description\":\"\",\"potentialAction\":[{\"@type\":\"SearchAction\",\"target\":{\"@type\":\"EntryPoint\",\"urlTemplate\":\"https:\\\/\\\/everydaychemshop.com\\\/pl\\\/?s={search_term_string}\"},\"query-input\":{\"@type\":\"PropertyValueSpecification\",\"valueRequired\":true,\"valueName\":\"search_term_string\"}}],\"inLanguage\":\"en-US\"}]}<\/script>\n<!-- \/ Yoast SEO Premium plugin. -->","yoast_head_json":{"title":"Kup zastrzyk z pentobarbitalu sodu online - Everyday Chem Shop","description":"Kup online wysokiej jako\u015bci p\u0142ynny pentobarbital sodu do wstrzykiwa\u0144 i zapewnij sobie niezawodn\u0105 eutanazj\u0119 weterynaryjn\u0105. Dyskretna wysy\u0142ka na ca\u0142y \u015bwiat, laboratoryjnie testowane fiolki 50 ml w konkurencyjnych cenach. Zam\u00f3w bezpiecznie roztw\u00f3r Nembutalu ju\u017c dzi\u015b, aby zapewni\u0107 humanitarn\u0105 opiek\u0119 nad zwierz\u0119tami.","robots":{"index":"index","follow":"follow","max-snippet":"max-snippet:-1","max-image-preview":"max-image-preview:large","max-video-preview":"max-video-preview:-1"},"canonical":"https:\/\/everydaychemshop.com\/pl\/product\/kup-pentobarbital-sodu-plyn-do-wstrzykiwania-online\/","og_locale":"en_US","og_type":"article","og_title":"Kup pentobarbital sodu (p\u0142ynny) (do wstrzykiwa\u0144) online","og_description":"Kup online wysokiej jako\u015bci p\u0142ynny pentobarbital sodu do wstrzykiwa\u0144 i zapewnij sobie niezawodn\u0105 eutanazj\u0119 weterynaryjn\u0105. Dyskretna wysy\u0142ka na ca\u0142y \u015bwiat, laboratoryjnie testowane fiolki 50 ml w konkurencyjnych cenach. Zam\u00f3w bezpiecznie roztw\u00f3r Nembutalu ju\u017c dzi\u015b, aby zapewni\u0107 humanitarn\u0105 opiek\u0119 nad zwierz\u0119tami.","og_url":"https:\/\/everydaychemshop.com\/pl\/product\/kup-pentobarbital-sodu-plyn-do-wstrzykiwania-online\/","og_site_name":"Everyday Chem Shop","article_modified_time":"2025-11-23T15:44:42+00:00","og_image":[{"width":1200,"height":1200,"url":"https:\/\/everydaychemshop.com\/pl\/wp-content\/uploads\/sites\/8\/2022\/11\/Buy-Pentobarbital-Sodium-Liquid-Injectable-Online-20210624231550.00.jpg","type":"image\/jpeg"}],"twitter_card":"summary_large_image","twitter_misc":{"Est. reading time":"2 minutes"},"schema":{"@context":"https:\/\/schema.org","@graph":[{"@type":"WebPage","@id":"https:\/\/everydaychemshop.com\/pl\/product\/kup-pentobarbital-sodu-plyn-do-wstrzykiwania-online\/","url":"https:\/\/everydaychemshop.com\/pl\/product\/kup-pentobarbital-sodu-plyn-do-wstrzykiwania-online\/","name":"Kup zastrzyk z pentobarbitalu sodu online - Everyday Chem Shop","isPartOf":{"@id":"https:\/\/everydaychemshop.com\/pl\/#website"},"primaryImageOfPage":{"@id":"https:\/\/everydaychemshop.com\/pl\/product\/kup-pentobarbital-sodu-plyn-do-wstrzykiwania-online\/#primaryimage"},"image":{"@id":"https:\/\/everydaychemshop.com\/pl\/product\/kup-pentobarbital-sodu-plyn-do-wstrzykiwania-online\/#primaryimage"},"thumbnailUrl":"https:\/\/everydaychemshop.com\/pl\/wp-content\/uploads\/sites\/8\/2022\/11\/Buy-Pentobarbital-Sodium-Liquid-Injectable-Online-20210624231550.00.jpg","datePublished":"2022-11-16T09:43:12+00:00","dateModified":"2025-11-23T15:44:42+00:00","description":"Kup online wysokiej jako\u015bci p\u0142ynny pentobarbital sodu do wstrzykiwa\u0144 i zapewnij sobie niezawodn\u0105 eutanazj\u0119 weterynaryjn\u0105. Dyskretna wysy\u0142ka na ca\u0142y \u015bwiat, laboratoryjnie testowane fiolki 50 ml w konkurencyjnych cenach. Zam\u00f3w bezpiecznie roztw\u00f3r Nembutalu ju\u017c dzi\u015b, aby zapewni\u0107 humanitarn\u0105 opiek\u0119 nad zwierz\u0119tami.","breadcrumb":{"@id":"https:\/\/everydaychemshop.com\/pl\/product\/kup-pentobarbital-sodu-plyn-do-wstrzykiwania-online\/#breadcrumb"},"inLanguage":"en-US","potentialAction":[{"@type":"ReadAction","target":["https:\/\/everydaychemshop.com\/pl\/product\/kup-pentobarbital-sodu-plyn-do-wstrzykiwania-online\/"]}]},{"@type":"ImageObject","inLanguage":"en-US","@id":"https:\/\/everydaychemshop.com\/pl\/product\/kup-pentobarbital-sodu-plyn-do-wstrzykiwania-online\/#primaryimage","url":"https:\/\/everydaychemshop.com\/pl\/wp-content\/uploads\/sites\/8\/2022\/11\/Buy-Pentobarbital-Sodium-Liquid-Injectable-Online-20210624231550.00.jpg","contentUrl":"https:\/\/everydaychemshop.com\/pl\/wp-content\/uploads\/sites\/8\/2022\/11\/Buy-Pentobarbital-Sodium-Liquid-Injectable-Online-20210624231550.00.jpg","width":1200,"height":1200,"caption":"Kup zastrzyk z pentobarbitalu sodu online"},{"@type":"BreadcrumbList","@id":"https:\/\/everydaychemshop.com\/pl\/product\/kup-pentobarbital-sodu-plyn-do-wstrzykiwania-online\/#breadcrumb","itemListElement":[{"@type":"ListItem","position":1,"name":"Home","item":"https:\/\/everydaychemshop.com\/pl\/"},{"@type":"ListItem","position":2,"name":"Produkty","item":"https:\/\/everydaychemshop.com\/pl\/produkty\/"},{"@type":"ListItem","position":3,"name":"Kup pentobarbital sodu (p\u0142ynny) (do wstrzykiwa\u0144) online"}]},{"@type":"WebSite","@id":"https:\/\/everydaychemshop.com\/pl\/#website","url":"https:\/\/everydaychemshop.com\/pl\/","name":"Everyday Chem Shop","description":"","potentialAction":[{"@type":"SearchAction","target":{"@type":"EntryPoint","urlTemplate":"https:\/\/everydaychemshop.com\/pl\/?s={search_term_string}"},"query-input":{"@type":"PropertyValueSpecification","valueRequired":true,"valueName":"search_term_string"}}],"inLanguage":"en-US"}]}},"_links":{"self":[{"href":"https:\/\/everydaychemshop.com\/pl\/wp-json\/wp\/v2\/product\/7640","targetHints":{"allow":["GET"]}}],"collection":[{"href":"https:\/\/everydaychemshop.com\/pl\/wp-json\/wp\/v2\/product"}],"about":[{"href":"https:\/\/everydaychemshop.com\/pl\/wp-json\/wp\/v2\/types\/product"}],"replies":[{"embeddable":true,"href":"https:\/\/everydaychemshop.com\/pl\/wp-json\/wp\/v2\/comments?post=7640"}],"wp:featuredmedia":[{"embeddable":true,"href":"https:\/\/everydaychemshop.com\/pl\/wp-json\/wp\/v2\/media\/7662"}],"wp:attachment":[{"href":"https:\/\/everydaychemshop.com\/pl\/wp-json\/wp\/v2\/media?parent=7640"}],"wp:term":[{"taxonomy":"product_brand","embeddable":true,"href":"https:\/\/everydaychemshop.com\/pl\/wp-json\/wp\/v2\/product_brand?post=7640"},{"taxonomy":"product_cat","embeddable":true,"href":"https:\/\/everydaychemshop.com\/pl\/wp-json\/wp\/v2\/product_cat?post=7640"},{"taxonomy":"product_tag","embeddable":true,"href":"https:\/\/everydaychemshop.com\/pl\/wp-json\/wp\/v2\/product_tag?post=7640"}],"curies":[{"name":"wp","href":"https:\/\/api.w.org\/{rel}","templated":true}]}}