{"id":7648,"date":"2022-11-16T09:43:14","date_gmt":"2022-11-16T09:43:14","guid":{"rendered":"https:\/\/everydaychemshop.com\/pl\/?post_type=product&#038;p=7648"},"modified":"2023-04-07T19:57:42","modified_gmt":"2023-04-07T19:57:42","slug":"kup-pigulki-xanax-online","status":"publish","type":"product","link":"https:\/\/everydaychemshop.com\/pl\/product\/kup-pigulki-xanax-online\/","title":{"rendered":"Kup pigu\u0142ki Xanax przez Internet"},"content":{"rendered":"<h1>Kup pigu\u0142ki Xanax przez Internet<\/h1>\n<p><a href=\"https:\/\/everydaychemshop.com\/pl\/product\/kup-pigulki-xanax-online\/\">Kup pigu\u0142ki Xanax przez Internet<\/a>. Xanax, zwany tak\u017ce Aprazolamem, jest lekiem z grupy benzodiazepin <a href=\"https:\/\/en.wikipedia.org\/wiki\/Alprazolam\">stosowanym<\/a> w celu z\u0142agodzenia objaw\u00f3w zwi\u0105zanych z napi\u0119ciem i napadami niepokoju w\u0142a\u015bnie jak n\u0119dza, PMS (stan napi\u0119cia przedmiesi\u0105czkowego), niekt\u00f3re l\u0119ki i drgawki. XANAX jest wskazany do \u0142agodzenia problem\u00f3w z nerwowo\u015bci\u0105 i chwilowej pomocy skutk\u00f3w ubocznych niepokoju u doros\u0142ych. XANAX jest r\u00f3wnie\u017c wykazany w leczeniu problemu sza\u0142u u doros\u0142ych z l\u0119kiem lub bez l\u0119ku przed miejscami i okoliczno\u015bciami, kt\u00f3re mog\u0105 powodowa\u0107 sza\u0142, bezbronno\u015b\u0107 lub wstyd (agorafobia). Kupuj pigu\u0142ki Xanax przez Internet<\/p>\n<p>Czy to prawda, \u017ce \u200b\u200b\u200b\u200bprze\u017cywasz udr\u0119ki? obecnie mo\u017cesz uzyska\u0107 recepty na udr\u0119k\u0119 w zaciszu swojego domu lub biura, sprzedajemy najlepsze pigu\u0142ki agonii klinicznej, aby pom\u00f3c w dyskomforcie i wielu innych chorobach, takich jak m.in.; xanax, oksykontyna, oksykodon, dilaudid, demerol, metadon (dolofina, metadoza), roksykodon, diazepam, ritalin, percocet, Concerta, tramadol, adderall, hydrokodon, morfina. Mamy 100% rekord w owocnych przewozach. Kup tabletki Xanax przez internet<\/p>\n<p>Posiadamy leki do terapii trwaj\u0105cych b\u00f3l\u00f3w plec\u00f3w, hack, nerwowo\u015bci, problem\u00f3w z alarmem, zniech\u0119cenia, zaburze\u0144 erekcji, zaburze\u0144 seksualnych, narkolepsji, oty\u0142o\u015bci, n\u0119dzy, znu\u017cenia, suplement diety na odchudzanie i wi\u0119cej w Internecie (nie wymaga naprawy).<\/p>\n<p>&#8211; Nie wymaga naprawy.<\/p>\n<p>&#8211; na razie ekspresowy lub 24-godzinny transport<\/p>\n<p>&#8211; Pakowanie jest wyj\u0105tkowo taktowny utrwalony, owini\u0119ty foli\u0105 aluminiow\u0105, wolny od wszelkich niebezpiecze\u0144stw<\/p>\n<p>&#8211; Bez \u015bladu niesko\u0144czona dostawa paczki<\/p>\n<p>&#8211; 100% opieki i wsparcia klienta.<\/p>\n<p>&#8211; Gwarancja zwrotu pieni\u0119dzy<\/p>\n<p>&#8211; Oferujemy administracj\u0119 transportem od domu do domu<\/p>\n<p>&#8211; Doskona\u0142e i nieprzekraczalne koszty.<\/p>\n<p>Ostro\u017cnie pakujemy pakiety za pomoc\u0105 kalki wolframowej i kalki, aby unikaj poprzez tradycje maszyn rentgenowskich na terminalach lotniczych. Wi\u0105zki s\u0105 idealnie za\u0142adowane papierami b\u0142ogos\u0142awie\u0144stwa z zewn\u0105trz. Kup tabletki Xanax przez Internet<\/p>\n<p>Szukasz taniego XANAX 2 mg przez Internet? Zam\u00f3w XANAX 2mg od Global Home Med w przyst\u0119pnych cenach i z dostaw\u0105 bezpo\u015brednio do domu!<\/p>\n<p>Kup Alprazolam w Wielkiej Brytanii\u2026 Alprazolam (Xanax) 2mg Marka UK\/EU\u2026 Tabletka 2 mg to silniejsza wersja ten skuteczny lek przeciwl\u0119kowy w Wielkiej Brytanii<\/p>\n<p>Kup Xanax online \u2013 Bar Xanax na sprzeda\u017c \u2013Kup xanax 2mg online \u2013Kup xanax 1mg online \u2013 Xanax mo\u017ce dzia\u0142a\u0107 uspokajaj\u0105co i uspokajaj\u0105co, dzi\u0119ki czemu czujesz si\u0119 zrelaksowany i spokojny<\/p>\n<p>Kup Xanax 2Mg Wielka Brytania Materializacja ergonomiczna Zam\u00f3w Xanax Overnight wypuk\u0142a s\u00f3l? Fustier Wilburn wymusza kupowanie Xanax online Reddit z subteln\u0105 ofert\u0105<\/p>\n<p>Kup tanio, xanax online bez recepty. Generic zoloft najlepsze apteki internetowe tani xanax online kupi\u0107 phentermine. Zdj\u0119cia generycznych baton\u00f3w xanax 2mg<\/p>\n<p>Kup Xanax 2 mg Alprazolam 0,5 mg, 1 mg, 2 mg Tabletka jest stosowana w leczeniu zaburze\u0144 l\u0119kowych i l\u0119k\u00f3w napadowych, takich jak nieoczekiwany skrajny strach i napi\u0119cie spowodowane stresem. Zaleca si\u0119 zacz\u0105\u0107 od ma\u0142ej dawki i stopniowo j\u0105 zwi\u0119ksza\u0107. Nie nale\u017cy nagle przerywa\u0107 przyjmowania tego leku, poniewa\u017c mo\u017ce to spowodowa\u0107 objawy odstawienne, takie jak napady padaczkowe, agresywne zachowanie, niewyra\u017ane widzenie itp.<\/p>\n<p>Alprazolam 0,5 mg tabletki nale\u017cy przyjmowa\u0107 z posi\u0142kiem lub bez posi\u0142ku. Nie przyjmowa\u0107 w wi\u0119kszych ilo\u015bciach ni\u017c zalecane. Skonsultuj si\u0119 z lekarzem, je\u015bli wyst\u0105pi\u0105 jakiekolwiek objawy niepo\u017c\u0105dane. Nie nale\u017cy przerywa\u0107 przyjmowania leku bez konsultacji z lekarzem, poniewa\u017c mo\u017ce to spowodowa\u0107 objawy odstawienne.<\/p>\n<p>Jak to dzia\u0142a<br \/>\nLek ten wi\u0105\u017ce si\u0119 z kana\u0142ami chlorkowymi i u\u0142atwia nap\u0142yw jon\u00f3w chlorkowych, co powoduje hiperpolaryzacj\u0119 i stabilizacja b\u0142ony neuronalnej, zapobiegaj\u0105ca dalszemu pobudzaniu kom\u00f3rki.<\/p>\n<p><strong>Czy wiesz gdzie kupi\u0107 tabletki Xanax bez recepty?<\/strong><\/p>\n<p>Sprzedam tabletki Xanax, Warto\u015b\u0107 uliczna pigu\u0142ek Xanax, dawkowanie tabletek Xanax, jak zrobi\u0107 pigu\u0142ki Xanax, gdzie mog\u0119 Pigu\u0142ki Xanax online, gdzie kupi\u0107 pigu\u0142ki Xanax, co to s\u0105 pigu\u0142ki Xanax, Najwy\u017cszej jako\u015bci pigu\u0142ki Xanax na sprzeda\u017c. Wszystkie te pytania bez odpowiedzi mog\u0105 uzyska\u0107 odpowiedzi za naszym po\u015brednictwem. Wystarczy, \u017ce przejrzysz nasz\u0105 stron\u0119 internetow\u0105, a uzyskasz odpowiedzi, jak i gdzie mo\u017cesz kupi\u0107 pigu\u0142ki metadonu bez recepty online.<\/p>\n<p>A co z tabletkami Xanax? Czy wiesz r\u00f3wnie\u017c, gdzie mo\u017cna kupi\u0107 pigu\u0142ki Xanax w sprzeda\u017cy online bez recepty? kup pigu\u0142ki Xanax na sprzeda\u017c, jak zrobi\u0107 pigu\u0142ki Xanax, jak wygl\u0105daj\u0105 pigu\u0142ki Xanax, uliczne ceny pigu\u0142ek Xanax, ceny pigu\u0142ek Xanax, gdzie kupi\u0107 pigu\u0142ki Xanax, czyste pigu\u0142ki Xanax, gdzie mog\u0119 kupi\u0107 pigu\u0142ki Xanax online bez recepty, kup czyste Tabletki Xanax online bez recepty.<\/p>\n<p>Dobrej jako\u015bci tabletki Xanax online: Jest ca\u0142kowicie zrozumia\u0142e, \u017ce ludzie nie ufaj\u0105 szybko jako\u015bci tabletek Xanax sprzedawanych online, poniewa\u017c nie mog\u0105 ich fizycznie zbada\u0107. Ale to nie to samo z internetowymi dostawcami pigu\u0142ek Xanax. Produkty tutaj s\u0105 zgodne z opisem, a konserwacja wysokiej jako\u015bci jest wykonywana pod nadzorem ekspert\u00f3w.<\/p>\n<p>Szybko &amp; Dyskretna wysy\u0142ka: Dostawa tabletek Xanax online po otrzymaniu zam\u00f3wienia odbywa si\u0119 w obiecanym terminie. Zesp\u00f3\u0142 wysy\u0142kowy dok\u0142ada wszelkich stara\u0144, aby procedura wysy\u0142ki i dostawy przebiega\u0142a p\u0142ynnie i szybko. Mo\u017cesz r\u00f3wnie\u017c oczekiwa\u0107 doskona\u0142ych us\u0142ug przy zakupie tabletek Xanax online od profesjonalisty na platformie internetowej.<\/p>\n","protected":false},"excerpt":{"rendered":"<p>Kup Xanax 2 MG Tablet jest stosowany w leczeniu zaburze\u0144 l\u0119kowych i l\u0119k\u00f3w, takich jak nieoczekiwany, skrajny strach i napi\u0119cie spowodowane stresem. Zaleca si\u0119 zacz\u0105\u0107 od ma\u0142ej dawki i stopniowo j\u0105 zwi\u0119ksza\u0107. Nie nale\u017cy nagle przerywa\u0107 przyjmowania tego leku, poniewa\u017c mo\u017ce to spowodowa\u0107 objawy odstawienne, takie jak drgawki, agresywne zachowanie, niewyra\u017ane widzenie itp.<\/p>\n","protected":false},"featured_media":7675,"comment_status":"open","ping_status":"closed","template":"","meta":{"inline_featured_image":false},"product_brand":[],"product_cat":[116],"product_tag":[118,128,125,120,119,123,127,132,129,117,135,124,121,122,133,131,130],"class_list":{"0":"post-7648","1":"product","2":"type-product","3":"status-publish","4":"has-post-thumbnail","6":"product_cat-pain-killers","7":"product_tag-alprazolam-for-sale","8":"product_tag-batony-xanax-na-sprzedaz-online","9":"product_tag-gdzie-kupi-alprazolam-online","10":"product_tag-how-to-buy-alprazolam-online","11":"product_tag-kup-alprazolam-online","12":"product_tag-kup-xanax-piguki-w-internecie","13":"product_tag-xanax-bary-na-sprzedaz","14":"product_tag-xanax-piguki-na-sprzeda","15":"product_tag-xanax-na-sprzedam","16":"product_tag-2mg-xanax-na-sprzedam","17":"product_tag-ty-xanax-bary-na-sprzedam","18":"product_tag-najlepsze-miejsce-do-kupowania-alprazolamu-online","19":"product_tag-order-alprazolam-online","20":"product_tag-purchase-alprazolam-online","21":"product_tag-xanax-piguki-na-sprzeda-online","22":"product_tag-xanax-for-sale-without-prescription","23":"product_tag-xanax-na-sprzedaz-online","25":"first","26":"instock","27":"featured","28":"shipping-taxable","29":"purchasable","30":"product-type-variable","31":"has-default-attributes"},"yoast_head":"<!-- This site is optimized with the Yoast SEO Premium plugin v19.2 (Yoast SEO v27.3) - https:\/\/yoast.com\/product\/yoast-seo-premium-wordpress\/ -->\n<title>Kup pigu\u0142ki Xanax przez Internet - Everyday Chem Shop<\/title>\n<meta name=\"description\" content=\"Kup pigu\u0142ki Xanax przez Internet. Je\u015bli szukasz sposobu na zakup tabletek Xanax online, jeste\u015b we w\u0142a\u015bciwym miejscu, aby kupi\u0107 tabletki Xanax online.\" \/>\n<meta name=\"robots\" content=\"index, follow, max-snippet:-1, max-image-preview:large, max-video-preview:-1\" \/>\n<link rel=\"canonical\" href=\"https:\/\/everydaychemshop.com\/pl\/product\/kup-pigulki-xanax-online\/\" \/>\n<meta property=\"og:locale\" content=\"en_US\" \/>\n<meta property=\"og:type\" content=\"article\" \/>\n<meta property=\"og:title\" content=\"Kup pigu\u0142ki Xanax przez Internet\" \/>\n<meta property=\"og:description\" content=\"Kup pigu\u0142ki Xanax przez Internet. Je\u015bli szukasz sposobu na zakup tabletek Xanax online, jeste\u015b we w\u0142a\u015bciwym miejscu, aby kupi\u0107 tabletki Xanax online.\" \/>\n<meta property=\"og:url\" content=\"https:\/\/everydaychemshop.com\/pl\/product\/kup-pigulki-xanax-online\/\" \/>\n<meta property=\"og:site_name\" content=\"Everyday Chem Shop\" \/>\n<meta property=\"article:modified_time\" content=\"2023-04-07T19:57:42+00:00\" \/>\n<meta property=\"og:image\" content=\"https:\/\/everydaychemshop.com\/pl\/wp-content\/uploads\/sites\/8\/2022\/11\/Buy-XANAX-XR-ALPRAZOLAM-EXTENDED-RELEASE-TABLETS-2-Mg-50-TABLETS-RX-ONLY.jpg\" \/>\n\t<meta property=\"og:image:width\" content=\"1200\" \/>\n\t<meta property=\"og:image:height\" content=\"1200\" \/>\n\t<meta property=\"og:image:type\" content=\"image\/jpeg\" \/>\n<meta name=\"twitter:card\" content=\"summary_large_image\" \/>\n<meta name=\"twitter:label1\" content=\"Est. reading time\" \/>\n\t<meta name=\"twitter:data1\" content=\"4 minutes\" \/>\n<script type=\"application\/ld+json\" class=\"yoast-schema-graph\">{\"@context\":\"https:\\\/\\\/schema.org\",\"@graph\":[{\"@type\":\"WebPage\",\"@id\":\"https:\\\/\\\/everydaychemshop.com\\\/pl\\\/product\\\/kup-pigulki-xanax-online\\\/\",\"url\":\"https:\\\/\\\/everydaychemshop.com\\\/pl\\\/product\\\/kup-pigulki-xanax-online\\\/\",\"name\":\"Kup pigu\u0142ki Xanax przez Internet - Everyday Chem Shop\",\"isPartOf\":{\"@id\":\"https:\\\/\\\/everydaychemshop.com\\\/pl\\\/#website\"},\"primaryImageOfPage\":{\"@id\":\"https:\\\/\\\/everydaychemshop.com\\\/pl\\\/product\\\/kup-pigulki-xanax-online\\\/#primaryimage\"},\"image\":{\"@id\":\"https:\\\/\\\/everydaychemshop.com\\\/pl\\\/product\\\/kup-pigulki-xanax-online\\\/#primaryimage\"},\"thumbnailUrl\":\"https:\\\/\\\/everydaychemshop.com\\\/pl\\\/wp-content\\\/uploads\\\/sites\\\/8\\\/2022\\\/11\\\/Buy-XANAX-XR-ALPRAZOLAM-EXTENDED-RELEASE-TABLETS-2-Mg-50-TABLETS-RX-ONLY.jpg\",\"datePublished\":\"2022-11-16T09:43:14+00:00\",\"dateModified\":\"2023-04-07T19:57:42+00:00\",\"description\":\"Kup pigu\u0142ki Xanax przez Internet. Je\u015bli szukasz sposobu na zakup tabletek Xanax online, jeste\u015b we w\u0142a\u015bciwym miejscu, aby kupi\u0107 tabletki Xanax online.\",\"breadcrumb\":{\"@id\":\"https:\\\/\\\/everydaychemshop.com\\\/pl\\\/product\\\/kup-pigulki-xanax-online\\\/#breadcrumb\"},\"inLanguage\":\"en-US\",\"potentialAction\":[{\"@type\":\"ReadAction\",\"target\":[\"https:\\\/\\\/everydaychemshop.com\\\/pl\\\/product\\\/kup-pigulki-xanax-online\\\/\"]}]},{\"@type\":\"ImageObject\",\"inLanguage\":\"en-US\",\"@id\":\"https:\\\/\\\/everydaychemshop.com\\\/pl\\\/product\\\/kup-pigulki-xanax-online\\\/#primaryimage\",\"url\":\"https:\\\/\\\/everydaychemshop.com\\\/pl\\\/wp-content\\\/uploads\\\/sites\\\/8\\\/2022\\\/11\\\/Buy-XANAX-XR-ALPRAZOLAM-EXTENDED-RELEASE-TABLETS-2-Mg-50-TABLETS-RX-ONLY.jpg\",\"contentUrl\":\"https:\\\/\\\/everydaychemshop.com\\\/pl\\\/wp-content\\\/uploads\\\/sites\\\/8\\\/2022\\\/11\\\/Buy-XANAX-XR-ALPRAZOLAM-EXTENDED-RELEASE-TABLETS-2-Mg-50-TABLETS-RX-ONLY.jpg\",\"width\":1200,\"height\":1200,\"caption\":\"Kup pigu\u0142ki Xanax przez Internet\"},{\"@type\":\"BreadcrumbList\",\"@id\":\"https:\\\/\\\/everydaychemshop.com\\\/pl\\\/product\\\/kup-pigulki-xanax-online\\\/#breadcrumb\",\"itemListElement\":[{\"@type\":\"ListItem\",\"position\":1,\"name\":\"Home\",\"item\":\"https:\\\/\\\/everydaychemshop.com\\\/pl\\\/\"},{\"@type\":\"ListItem\",\"position\":2,\"name\":\"Produkty\",\"item\":\"https:\\\/\\\/everydaychemshop.com\\\/pl\\\/produkty\\\/\"},{\"@type\":\"ListItem\",\"position\":3,\"name\":\"Kup pigu\u0142ki Xanax przez Internet\"}]},{\"@type\":\"WebSite\",\"@id\":\"https:\\\/\\\/everydaychemshop.com\\\/pl\\\/#website\",\"url\":\"https:\\\/\\\/everydaychemshop.com\\\/pl\\\/\",\"name\":\"Everyday Chem Shop\",\"description\":\"\",\"potentialAction\":[{\"@type\":\"SearchAction\",\"target\":{\"@type\":\"EntryPoint\",\"urlTemplate\":\"https:\\\/\\\/everydaychemshop.com\\\/pl\\\/?s={search_term_string}\"},\"query-input\":{\"@type\":\"PropertyValueSpecification\",\"valueRequired\":true,\"valueName\":\"search_term_string\"}}],\"inLanguage\":\"en-US\"}]}<\/script>\n<!-- \/ Yoast SEO Premium plugin. -->","yoast_head_json":{"title":"Kup pigu\u0142ki Xanax przez Internet - Everyday Chem Shop","description":"Kup pigu\u0142ki Xanax przez Internet. Je\u015bli szukasz sposobu na zakup tabletek Xanax online, jeste\u015b we w\u0142a\u015bciwym miejscu, aby kupi\u0107 tabletki Xanax online.","robots":{"index":"index","follow":"follow","max-snippet":"max-snippet:-1","max-image-preview":"max-image-preview:large","max-video-preview":"max-video-preview:-1"},"canonical":"https:\/\/everydaychemshop.com\/pl\/product\/kup-pigulki-xanax-online\/","og_locale":"en_US","og_type":"article","og_title":"Kup pigu\u0142ki Xanax przez Internet","og_description":"Kup pigu\u0142ki Xanax przez Internet. Je\u015bli szukasz sposobu na zakup tabletek Xanax online, jeste\u015b we w\u0142a\u015bciwym miejscu, aby kupi\u0107 tabletki Xanax online.","og_url":"https:\/\/everydaychemshop.com\/pl\/product\/kup-pigulki-xanax-online\/","og_site_name":"Everyday Chem Shop","article_modified_time":"2023-04-07T19:57:42+00:00","og_image":[{"width":1200,"height":1200,"url":"https:\/\/everydaychemshop.com\/pl\/wp-content\/uploads\/sites\/8\/2022\/11\/Buy-XANAX-XR-ALPRAZOLAM-EXTENDED-RELEASE-TABLETS-2-Mg-50-TABLETS-RX-ONLY.jpg","type":"image\/jpeg"}],"twitter_card":"summary_large_image","twitter_misc":{"Est. reading time":"4 minutes"},"schema":{"@context":"https:\/\/schema.org","@graph":[{"@type":"WebPage","@id":"https:\/\/everydaychemshop.com\/pl\/product\/kup-pigulki-xanax-online\/","url":"https:\/\/everydaychemshop.com\/pl\/product\/kup-pigulki-xanax-online\/","name":"Kup pigu\u0142ki Xanax przez Internet - Everyday Chem Shop","isPartOf":{"@id":"https:\/\/everydaychemshop.com\/pl\/#website"},"primaryImageOfPage":{"@id":"https:\/\/everydaychemshop.com\/pl\/product\/kup-pigulki-xanax-online\/#primaryimage"},"image":{"@id":"https:\/\/everydaychemshop.com\/pl\/product\/kup-pigulki-xanax-online\/#primaryimage"},"thumbnailUrl":"https:\/\/everydaychemshop.com\/pl\/wp-content\/uploads\/sites\/8\/2022\/11\/Buy-XANAX-XR-ALPRAZOLAM-EXTENDED-RELEASE-TABLETS-2-Mg-50-TABLETS-RX-ONLY.jpg","datePublished":"2022-11-16T09:43:14+00:00","dateModified":"2023-04-07T19:57:42+00:00","description":"Kup pigu\u0142ki Xanax przez Internet. Je\u015bli szukasz sposobu na zakup tabletek Xanax online, jeste\u015b we w\u0142a\u015bciwym miejscu, aby kupi\u0107 tabletki Xanax online.","breadcrumb":{"@id":"https:\/\/everydaychemshop.com\/pl\/product\/kup-pigulki-xanax-online\/#breadcrumb"},"inLanguage":"en-US","potentialAction":[{"@type":"ReadAction","target":["https:\/\/everydaychemshop.com\/pl\/product\/kup-pigulki-xanax-online\/"]}]},{"@type":"ImageObject","inLanguage":"en-US","@id":"https:\/\/everydaychemshop.com\/pl\/product\/kup-pigulki-xanax-online\/#primaryimage","url":"https:\/\/everydaychemshop.com\/pl\/wp-content\/uploads\/sites\/8\/2022\/11\/Buy-XANAX-XR-ALPRAZOLAM-EXTENDED-RELEASE-TABLETS-2-Mg-50-TABLETS-RX-ONLY.jpg","contentUrl":"https:\/\/everydaychemshop.com\/pl\/wp-content\/uploads\/sites\/8\/2022\/11\/Buy-XANAX-XR-ALPRAZOLAM-EXTENDED-RELEASE-TABLETS-2-Mg-50-TABLETS-RX-ONLY.jpg","width":1200,"height":1200,"caption":"Kup pigu\u0142ki Xanax przez Internet"},{"@type":"BreadcrumbList","@id":"https:\/\/everydaychemshop.com\/pl\/product\/kup-pigulki-xanax-online\/#breadcrumb","itemListElement":[{"@type":"ListItem","position":1,"name":"Home","item":"https:\/\/everydaychemshop.com\/pl\/"},{"@type":"ListItem","position":2,"name":"Produkty","item":"https:\/\/everydaychemshop.com\/pl\/produkty\/"},{"@type":"ListItem","position":3,"name":"Kup pigu\u0142ki Xanax przez Internet"}]},{"@type":"WebSite","@id":"https:\/\/everydaychemshop.com\/pl\/#website","url":"https:\/\/everydaychemshop.com\/pl\/","name":"Everyday Chem Shop","description":"","potentialAction":[{"@type":"SearchAction","target":{"@type":"EntryPoint","urlTemplate":"https:\/\/everydaychemshop.com\/pl\/?s={search_term_string}"},"query-input":{"@type":"PropertyValueSpecification","valueRequired":true,"valueName":"search_term_string"}}],"inLanguage":"en-US"}]}},"_links":{"self":[{"href":"https:\/\/everydaychemshop.com\/pl\/wp-json\/wp\/v2\/product\/7648","targetHints":{"allow":["GET"]}}],"collection":[{"href":"https:\/\/everydaychemshop.com\/pl\/wp-json\/wp\/v2\/product"}],"about":[{"href":"https:\/\/everydaychemshop.com\/pl\/wp-json\/wp\/v2\/types\/product"}],"replies":[{"embeddable":true,"href":"https:\/\/everydaychemshop.com\/pl\/wp-json\/wp\/v2\/comments?post=7648"}],"wp:featuredmedia":[{"embeddable":true,"href":"https:\/\/everydaychemshop.com\/pl\/wp-json\/wp\/v2\/media\/7675"}],"wp:attachment":[{"href":"https:\/\/everydaychemshop.com\/pl\/wp-json\/wp\/v2\/media?parent=7648"}],"wp:term":[{"taxonomy":"product_brand","embeddable":true,"href":"https:\/\/everydaychemshop.com\/pl\/wp-json\/wp\/v2\/product_brand?post=7648"},{"taxonomy":"product_cat","embeddable":true,"href":"https:\/\/everydaychemshop.com\/pl\/wp-json\/wp\/v2\/product_cat?post=7648"},{"taxonomy":"product_tag","embeddable":true,"href":"https:\/\/everydaychemshop.com\/pl\/wp-json\/wp\/v2\/product_tag?post=7648"}],"curies":[{"name":"wp","href":"https:\/\/api.w.org\/{rel}","templated":true}]}}