{"id":7653,"date":"2022-11-16T09:43:15","date_gmt":"2022-11-16T09:43:15","guid":{"rendered":"https:\/\/everydaychemshop.com\/pl\/?post_type=product&#038;p=7653"},"modified":"2023-04-07T19:56:16","modified_gmt":"2023-04-07T19:56:16","slug":"kup-tabletki-oksykodonu-online","status":"publish","type":"product","link":"https:\/\/everydaychemshop.com\/pl\/product\/kup-tabletki-oksykodonu-online\/","title":{"rendered":"Kup pigu\u0142ki oksykodonu online"},"content":{"rendered":"<h1>Kup pigu\u0142ki oksykodonu online<\/h1>\n<p><a href=\"https:\/\/everydaychemshop.com\/pl\/product\/kup-tabletki-oksykodonu-online\/\">Kup pigu\u0142ki oksykodonu online<\/a>. Oksykodon jest solidnym, podstawowym <a href=\"https:\/\/en.wikipedia.org\/wiki\/Oxycodone\">utrwalaczem<\/a> wielu \u015brodk\u00f3w przeciwb\u00f3lowych zalecanych osobom z umiarkowan\u0105 lub ci\u0119\u017ck\u0105 agoni\u0105. Te pigu\u0142ki maj\u0105 r\u00f3\u017cne kszta\u0142ty, rozmiary i odcienie w zale\u017cno\u015bci od porcji i marki. Oksykodon jest r\u00f3wnie\u017c od czasu do czasu polecany w p\u0142ynnej strukturze. Jest regularnie promowany jako lek mieszany z r\u00f3\u017cnymi receptami, w tym acetaminofenem, lekiem na b\u00f3l g\u0142owy i ibuprofenem, z r\u00f3\u017cnymi markami polegaj\u0105cymi na mieszance. Absolutnie najbardziej normalne marki lek\u00f3w na bazie oksykodonu to: Kup pigu\u0142ki oksykodonu w Internecie<\/p>\n<p>Czy mo\u017cna powiedzie\u0107, \u017ce do\u015bwiadczasz udr\u0119ki? obecnie mo\u017cesz otrzyma\u0107 lekarstwo na agoni\u0119 w zaciszu swojego domu lub biura, sprzedajemy najlepsze kliniczne pigu\u0142ki udr\u0119ki, kt\u00f3re pomagaj\u0105 w dyskomforcie i wielu innych chorobach, takich jak Include; xanax, oksykontyna, oksykodon, dilaudid, demerol, metadon (dolofina, metadoza), roksykodon, diazepam, ritalin, percocet, Concerta, tramadol, adderall, hydrokodon, morfina. Mamy 100% rekord w owocnych przewozach. Zapewniamy naszym klientom szeroki wachlarz us\u0142ug umo\u017cliwiaj\u0105cych bezproblemowy zakup oksykodonu online.<\/p>\n<p>Mamy leki do terapii ci\u0105g\u0142ego b\u00f3lu plec\u00f3w, hackowania, nerwowo\u015bci, problem\u00f3w z alarmem, przygn\u0119bienia, za\u0142amania erekcji, za\u0142amania seksualnego , narkolepsja, oty\u0142o\u015b\u0107, n\u0119dza, os\u0142abienie, suplement diety na odchudzanie i wi\u0119cej w sieci (nie wymaga leczenia)<\/p>\n<p>&#8211; Rozwi\u0105zanie nie jest wymagane<\/p>\n<p>&#8211; Ekspres na czas okre\u015blony lub transport 24-godzinny<\/p>\n<p>&#8211; Paczka jest starannie przymocowana, owini\u0119ta foli\u0105 aluminiow\u0105, wolna od jakichkolwiek uszkodze\u0144<\/p>\n<p>&#8211; Nie wymaga oznaczenia, gdy pojawi si\u0119 wi\u0105zka<\/p>\n<p>&#8211; 100% pomoc i wsparcie dla klienta.<\/p>\n<p>&#8211; Gwarancja zwrotu pieni\u0119dzy<\/p>\n<p>&#8211; Oferujemy administracj\u0119 transportem od domu do domu<\/p>\n<p>&#8211; Doskona\u0142e i niewiarygodne koszty.<\/p>\n<p>Ostro\u017cnie owijamy paczki wolframem i kalk\u0105 maszynow\u0105, aby omin\u0105\u0107 celne skanery rentgenowskie w terminalach lotniczych. Pakiety s\u0105 uroczo owijane papierami do pakowania z perspektywy zewn\u0119trznej. Rolland Meds oferuje r\u00f3\u017cne us\u0142ugi, a tak\u017ce udost\u0119pnia klientom wysokiej jako\u015bci leki. Mamy r\u00f3wnie\u017c gotowy i dost\u0119pny oksykodon gotowy do zakupu online. Nie wahaj si\u0119 z nami skontaktowa\u0107, je\u015bli chcesz zam\u00f3wi\u0107 oksykodon online, a my b\u0119dziemy do Twojej dyspozycji.<\/p>\n<p><strong>Czy wiesz, gdzie kupi\u0107 tabletki oksykodonu bez recepty?<\/strong><\/p>\n<p>Sprzeda\u017c pigu\u0142ek Oxycodone, warto\u015b\u0107 uliczna pigu\u0142ek Oxycodone, dawkowanie tabletek Oxycodone, jak zrobi\u0107 pigu\u0142ki Oxycodone, gdzie mog\u0119 kupi\u0107 pigu\u0142ki Oxycodone online, gdzie kupi\u0107 pigu\u0142ki Oxycodone, co to s\u0105 pigu\u0142ki Oxycodone, Najwy\u017cszej jako\u015bci pigu\u0142ki Oxycodone na sprzeda\u017c. Wszystkie te pytania bez odpowiedzi mog\u0105 uzyska\u0107 odpowiedzi za naszym po\u015brednictwem. Wystarczy, \u017ce przejrzysz nasz\u0105 stron\u0119 internetow\u0105, a uzyskasz odpowiedzi, jak i gdzie mo\u017cesz kupi\u0107 pigu\u0142ki metadonu bez recepty przez Internet.<\/p>\n<p>A co z tabletkami oksykodonu? Czy wiesz r\u00f3wnie\u017c, gdzie mo\u017cna kupi\u0107 tabletki Oxycodone w sprzeda\u017cy online bez recepty? kupi\u0107 pigu\u0142ki Oxycodone na sprzeda\u017c, jak zrobi\u0107 pigu\u0142ki Oxycodone, jak wygl\u0105daj\u0105 pigu\u0142ki Oxycodone, cena uliczna pigu\u0142ek Oxycodone, cena pigu\u0142ek Oxycodone, gdzie kupi\u0107 pigu\u0142ki Oxycodone, czyste pigu\u0142ki Oxycodone, gdzie mog\u0119 kupi\u0107 pigu\u0142ki Oxycodone online bez recepty, kup czysty Tabletki Oxycodone online bez recepty.<\/p>\n<p>Dobrej jako\u015bci tabletki Oxycodone online: Jest ca\u0142kowicie zrozumia\u0142e, \u017ce ludzie nie ufaj\u0105 szybko jako\u015bci tabletek Oxycodone sprzedawanych online, poniewa\u017c nie mog\u0105 ich fizycznie zbada\u0107. Ale to nie to samo z internetowymi dostawcami pigu\u0142ek Oxycodone Online. Produkty tutaj s\u0105 zgodne z opisem, a konserwacja wysokiej jako\u015bci jest wykonywana pod nadzorem ekspert\u00f3w.<\/p>\n<p>Szybko &amp; Dyskretna wysy\u0142ka: Dostawa tabletek Oxycodone online po otrzymaniu zam\u00f3wienia odbywa si\u0119 w obiecanym terminie. The zesp\u00f3\u0142 spedycyjny dok\u0142ada wszelkich stara\u0144, aby procedura wysy\u0142ki i dostawy przebiega\u0142a p\u0142ynnie i szybko. Mo\u017cesz r\u00f3wnie\u017c oczekiwa\u0107 doskona\u0142ych us\u0142ug przy zakupie tabletek Oxycodone online od profesjonalisty na platformie internetowej.<\/p>\n","protected":false},"excerpt":{"rendered":"<p>Oksykodon to niedrogi lek stosowany w leczeniu b\u00f3lu o nasileniu od umiarkowanego do silnego. Ten lek jest nieco bardziej popularny ni\u017c por\u00f3wnywalne leki.<\/p>\n","protected":false},"featured_media":7676,"comment_status":"open","ping_status":"closed","template":"","meta":{"inline_featured_image":false},"product_brand":[],"product_cat":[116],"product_tag":[137,139,144,143,151,149,138,141,145,146,148,150,136,140,147,142,152],"class_list":{"0":"post-7653","1":"product","2":"type-product","3":"status-publish","4":"has-post-thumbnail","6":"product_cat-pain-killers","7":"product_tag-how-to-get-roxycodone","8":"product_tag-oksykodon-30mg-na-sprzedam","9":"product_tag-oxycontin-80mg-na-sprzedam","10":"product_tag-oksykodon-proszek-na-sprzedaz","11":"product_tag-sprzeda-roksykodonu","12":"product_tag-oxycontin-tabletki-na-sprzedaz","13":"product_tag-order-roxycodone","14":"product_tag-oxycodone-for-sale-overseas","15":"product_tag-oxycontin-80mg-na-sprzedaz-online","16":"product_tag-oxycontin-for-sale","17":"product_tag-oxycontin-na-sprzedaz-online","18":"product_tag-oxycontin-tablets-for-sale","19":"product_tag-kup-roksykodon-online","20":"product_tag-oksykodon-na-sprzedaz-bez-recepty","21":"product_tag-oxycontin-na-sprzedaz-bez-recepty","22":"product_tag-oksykodon-tabletki-na-sprzedaz-online","23":"product_tag-piguki-roksykodonu-na-sprzedaz-online","25":"first","26":"instock","27":"shipping-taxable","28":"purchasable","29":"product-type-variable","30":"has-default-attributes"},"yoast_head":"<!-- This site is optimized with the Yoast SEO Premium plugin v19.2 (Yoast SEO v27.3) - https:\/\/yoast.com\/product\/yoast-seo-premium-wordpress\/ -->\n<title>Kup pigu\u0142ki oksykodonu online - Everyday Chem Shop<\/title>\n<meta name=\"description\" content=\"Kup pigu\u0142ki oksykodonu online. Je\u015bli szukasz sposobu na zakup tabletek Oxycodone online, jeste\u015b we w\u0142a\u015bciwym miejscu, aby kupi\u0107 tabletki Oxycodone online.\" \/>\n<meta name=\"robots\" content=\"index, follow, max-snippet:-1, max-image-preview:large, max-video-preview:-1\" \/>\n<link rel=\"canonical\" href=\"https:\/\/everydaychemshop.com\/pl\/product\/kup-tabletki-oksykodonu-online\/\" \/>\n<meta property=\"og:locale\" content=\"en_US\" \/>\n<meta property=\"og:type\" content=\"article\" \/>\n<meta property=\"og:title\" content=\"Kup pigu\u0142ki oksykodonu online\" \/>\n<meta property=\"og:description\" content=\"Kup pigu\u0142ki oksykodonu online. Je\u015bli szukasz sposobu na zakup tabletek Oxycodone online, jeste\u015b we w\u0142a\u015bciwym miejscu, aby kupi\u0107 tabletki Oxycodone online.\" \/>\n<meta property=\"og:url\" content=\"https:\/\/everydaychemshop.com\/pl\/product\/kup-tabletki-oksykodonu-online\/\" \/>\n<meta property=\"og:site_name\" content=\"Everyday Chem Shop\" \/>\n<meta property=\"article:modified_time\" content=\"2023-04-07T19:56:16+00:00\" \/>\n<meta property=\"og:image\" content=\"https:\/\/everydaychemshop.com\/pl\/wp-content\/uploads\/sites\/8\/2022\/11\/OXYCODONE-30mg-15-MG-1.png\" \/>\n\t<meta property=\"og:image:width\" content=\"590\" \/>\n\t<meta property=\"og:image:height\" content=\"472\" \/>\n\t<meta property=\"og:image:type\" content=\"image\/png\" \/>\n<meta name=\"twitter:card\" content=\"summary_large_image\" \/>\n<meta name=\"twitter:label1\" content=\"Est. reading time\" \/>\n\t<meta name=\"twitter:data1\" content=\"3 minutes\" \/>\n<script type=\"application\/ld+json\" class=\"yoast-schema-graph\">{\"@context\":\"https:\\\/\\\/schema.org\",\"@graph\":[{\"@type\":\"WebPage\",\"@id\":\"https:\\\/\\\/everydaychemshop.com\\\/pl\\\/product\\\/kup-tabletki-oksykodonu-online\\\/\",\"url\":\"https:\\\/\\\/everydaychemshop.com\\\/pl\\\/product\\\/kup-tabletki-oksykodonu-online\\\/\",\"name\":\"Kup pigu\u0142ki oksykodonu online - Everyday Chem Shop\",\"isPartOf\":{\"@id\":\"https:\\\/\\\/everydaychemshop.com\\\/pl\\\/#website\"},\"primaryImageOfPage\":{\"@id\":\"https:\\\/\\\/everydaychemshop.com\\\/pl\\\/product\\\/kup-tabletki-oksykodonu-online\\\/#primaryimage\"},\"image\":{\"@id\":\"https:\\\/\\\/everydaychemshop.com\\\/pl\\\/product\\\/kup-tabletki-oksykodonu-online\\\/#primaryimage\"},\"thumbnailUrl\":\"https:\\\/\\\/everydaychemshop.com\\\/pl\\\/wp-content\\\/uploads\\\/sites\\\/8\\\/2022\\\/11\\\/OXYCODONE-30mg-15-MG-1.png\",\"datePublished\":\"2022-11-16T09:43:15+00:00\",\"dateModified\":\"2023-04-07T19:56:16+00:00\",\"description\":\"Kup pigu\u0142ki oksykodonu online. Je\u015bli szukasz sposobu na zakup tabletek Oxycodone online, jeste\u015b we w\u0142a\u015bciwym miejscu, aby kupi\u0107 tabletki Oxycodone online.\",\"breadcrumb\":{\"@id\":\"https:\\\/\\\/everydaychemshop.com\\\/pl\\\/product\\\/kup-tabletki-oksykodonu-online\\\/#breadcrumb\"},\"inLanguage\":\"en-US\",\"potentialAction\":[{\"@type\":\"ReadAction\",\"target\":[\"https:\\\/\\\/everydaychemshop.com\\\/pl\\\/product\\\/kup-tabletki-oksykodonu-online\\\/\"]}]},{\"@type\":\"ImageObject\",\"inLanguage\":\"en-US\",\"@id\":\"https:\\\/\\\/everydaychemshop.com\\\/pl\\\/product\\\/kup-tabletki-oksykodonu-online\\\/#primaryimage\",\"url\":\"https:\\\/\\\/everydaychemshop.com\\\/pl\\\/wp-content\\\/uploads\\\/sites\\\/8\\\/2022\\\/11\\\/OXYCODONE-30mg-15-MG-1.png\",\"contentUrl\":\"https:\\\/\\\/everydaychemshop.com\\\/pl\\\/wp-content\\\/uploads\\\/sites\\\/8\\\/2022\\\/11\\\/OXYCODONE-30mg-15-MG-1.png\",\"width\":590,\"height\":472,\"caption\":\"Kup pigu\u0142ki oksykodonu online\"},{\"@type\":\"BreadcrumbList\",\"@id\":\"https:\\\/\\\/everydaychemshop.com\\\/pl\\\/product\\\/kup-tabletki-oksykodonu-online\\\/#breadcrumb\",\"itemListElement\":[{\"@type\":\"ListItem\",\"position\":1,\"name\":\"Home\",\"item\":\"https:\\\/\\\/everydaychemshop.com\\\/pl\\\/\"},{\"@type\":\"ListItem\",\"position\":2,\"name\":\"Produkty\",\"item\":\"https:\\\/\\\/everydaychemshop.com\\\/pl\\\/produkty\\\/\"},{\"@type\":\"ListItem\",\"position\":3,\"name\":\"Kup pigu\u0142ki oksykodonu online\"}]},{\"@type\":\"WebSite\",\"@id\":\"https:\\\/\\\/everydaychemshop.com\\\/pl\\\/#website\",\"url\":\"https:\\\/\\\/everydaychemshop.com\\\/pl\\\/\",\"name\":\"Everyday Chem Shop\",\"description\":\"\",\"potentialAction\":[{\"@type\":\"SearchAction\",\"target\":{\"@type\":\"EntryPoint\",\"urlTemplate\":\"https:\\\/\\\/everydaychemshop.com\\\/pl\\\/?s={search_term_string}\"},\"query-input\":{\"@type\":\"PropertyValueSpecification\",\"valueRequired\":true,\"valueName\":\"search_term_string\"}}],\"inLanguage\":\"en-US\"}]}<\/script>\n<!-- \/ Yoast SEO Premium plugin. -->","yoast_head_json":{"title":"Kup pigu\u0142ki oksykodonu online - Everyday Chem Shop","description":"Kup pigu\u0142ki oksykodonu online. Je\u015bli szukasz sposobu na zakup tabletek Oxycodone online, jeste\u015b we w\u0142a\u015bciwym miejscu, aby kupi\u0107 tabletki Oxycodone online.","robots":{"index":"index","follow":"follow","max-snippet":"max-snippet:-1","max-image-preview":"max-image-preview:large","max-video-preview":"max-video-preview:-1"},"canonical":"https:\/\/everydaychemshop.com\/pl\/product\/kup-tabletki-oksykodonu-online\/","og_locale":"en_US","og_type":"article","og_title":"Kup pigu\u0142ki oksykodonu online","og_description":"Kup pigu\u0142ki oksykodonu online. Je\u015bli szukasz sposobu na zakup tabletek Oxycodone online, jeste\u015b we w\u0142a\u015bciwym miejscu, aby kupi\u0107 tabletki Oxycodone online.","og_url":"https:\/\/everydaychemshop.com\/pl\/product\/kup-tabletki-oksykodonu-online\/","og_site_name":"Everyday Chem Shop","article_modified_time":"2023-04-07T19:56:16+00:00","og_image":[{"width":590,"height":472,"url":"https:\/\/everydaychemshop.com\/pl\/wp-content\/uploads\/sites\/8\/2022\/11\/OXYCODONE-30mg-15-MG-1.png","type":"image\/png"}],"twitter_card":"summary_large_image","twitter_misc":{"Est. reading time":"3 minutes"},"schema":{"@context":"https:\/\/schema.org","@graph":[{"@type":"WebPage","@id":"https:\/\/everydaychemshop.com\/pl\/product\/kup-tabletki-oksykodonu-online\/","url":"https:\/\/everydaychemshop.com\/pl\/product\/kup-tabletki-oksykodonu-online\/","name":"Kup pigu\u0142ki oksykodonu online - Everyday Chem Shop","isPartOf":{"@id":"https:\/\/everydaychemshop.com\/pl\/#website"},"primaryImageOfPage":{"@id":"https:\/\/everydaychemshop.com\/pl\/product\/kup-tabletki-oksykodonu-online\/#primaryimage"},"image":{"@id":"https:\/\/everydaychemshop.com\/pl\/product\/kup-tabletki-oksykodonu-online\/#primaryimage"},"thumbnailUrl":"https:\/\/everydaychemshop.com\/pl\/wp-content\/uploads\/sites\/8\/2022\/11\/OXYCODONE-30mg-15-MG-1.png","datePublished":"2022-11-16T09:43:15+00:00","dateModified":"2023-04-07T19:56:16+00:00","description":"Kup pigu\u0142ki oksykodonu online. Je\u015bli szukasz sposobu na zakup tabletek Oxycodone online, jeste\u015b we w\u0142a\u015bciwym miejscu, aby kupi\u0107 tabletki Oxycodone online.","breadcrumb":{"@id":"https:\/\/everydaychemshop.com\/pl\/product\/kup-tabletki-oksykodonu-online\/#breadcrumb"},"inLanguage":"en-US","potentialAction":[{"@type":"ReadAction","target":["https:\/\/everydaychemshop.com\/pl\/product\/kup-tabletki-oksykodonu-online\/"]}]},{"@type":"ImageObject","inLanguage":"en-US","@id":"https:\/\/everydaychemshop.com\/pl\/product\/kup-tabletki-oksykodonu-online\/#primaryimage","url":"https:\/\/everydaychemshop.com\/pl\/wp-content\/uploads\/sites\/8\/2022\/11\/OXYCODONE-30mg-15-MG-1.png","contentUrl":"https:\/\/everydaychemshop.com\/pl\/wp-content\/uploads\/sites\/8\/2022\/11\/OXYCODONE-30mg-15-MG-1.png","width":590,"height":472,"caption":"Kup pigu\u0142ki oksykodonu online"},{"@type":"BreadcrumbList","@id":"https:\/\/everydaychemshop.com\/pl\/product\/kup-tabletki-oksykodonu-online\/#breadcrumb","itemListElement":[{"@type":"ListItem","position":1,"name":"Home","item":"https:\/\/everydaychemshop.com\/pl\/"},{"@type":"ListItem","position":2,"name":"Produkty","item":"https:\/\/everydaychemshop.com\/pl\/produkty\/"},{"@type":"ListItem","position":3,"name":"Kup pigu\u0142ki oksykodonu online"}]},{"@type":"WebSite","@id":"https:\/\/everydaychemshop.com\/pl\/#website","url":"https:\/\/everydaychemshop.com\/pl\/","name":"Everyday Chem Shop","description":"","potentialAction":[{"@type":"SearchAction","target":{"@type":"EntryPoint","urlTemplate":"https:\/\/everydaychemshop.com\/pl\/?s={search_term_string}"},"query-input":{"@type":"PropertyValueSpecification","valueRequired":true,"valueName":"search_term_string"}}],"inLanguage":"en-US"}]}},"_links":{"self":[{"href":"https:\/\/everydaychemshop.com\/pl\/wp-json\/wp\/v2\/product\/7653","targetHints":{"allow":["GET"]}}],"collection":[{"href":"https:\/\/everydaychemshop.com\/pl\/wp-json\/wp\/v2\/product"}],"about":[{"href":"https:\/\/everydaychemshop.com\/pl\/wp-json\/wp\/v2\/types\/product"}],"replies":[{"embeddable":true,"href":"https:\/\/everydaychemshop.com\/pl\/wp-json\/wp\/v2\/comments?post=7653"}],"wp:featuredmedia":[{"embeddable":true,"href":"https:\/\/everydaychemshop.com\/pl\/wp-json\/wp\/v2\/media\/7676"}],"wp:attachment":[{"href":"https:\/\/everydaychemshop.com\/pl\/wp-json\/wp\/v2\/media?parent=7653"}],"wp:term":[{"taxonomy":"product_brand","embeddable":true,"href":"https:\/\/everydaychemshop.com\/pl\/wp-json\/wp\/v2\/product_brand?post=7653"},{"taxonomy":"product_cat","embeddable":true,"href":"https:\/\/everydaychemshop.com\/pl\/wp-json\/wp\/v2\/product_cat?post=7653"},{"taxonomy":"product_tag","embeddable":true,"href":"https:\/\/everydaychemshop.com\/pl\/wp-json\/wp\/v2\/product_tag?post=7653"}],"curies":[{"name":"wp","href":"https:\/\/api.w.org\/{rel}","templated":true}]}}