{"id":7666,"date":"2022-11-16T09:43:44","date_gmt":"2022-11-16T09:43:44","guid":{"rendered":"https:\/\/everydaychemshop.com\/pl\/?post_type=product&#038;p=7666"},"modified":"2023-04-07T19:55:03","modified_gmt":"2023-04-07T19:55:03","slug":"kup-adderall-pigulki-online","status":"publish","type":"product","link":"https:\/\/everydaychemshop.com\/pl\/product\/kup-adderall-pigulki-online\/","title":{"rendered":"Kup pigu\u0142ki Adderall przez Internet"},"content":{"rendered":"<h1>Kup pigu\u0142ki Adderall przez Internet<\/h1>\n<p><a href=\"https:\/\/everydaychemshop.com\/pl\/product\/kup-adderall-pigulki-online\/\">Kup pigu\u0142ki Adderall przez Internet<\/a>. Adderall 30 MG to rodzaj leku, kt\u00f3ry powstaje z po\u0142\u0105czenia i dekstroamfetaminy. Te dwa sk\u0142adniki s\u0142u\u017c\u0105 jako podstawowe stymulanty uk\u0142adu nerwowego. Ponadto te stymulanty wp\u0142ywaj\u0105 na chemikalia m\u00f3zgu i nerwy, kontroluj\u0105c impulsy i nadpobudliwo\u015b\u0107. Lek jest zasadniczo stosowany w leczeniu narkolepsji i zespo\u0142u nadpobudliwo\u015bci ruchowej (ADHD). Dozwolone jest spo\u017cywanie w okre\u015blonych krajach, g\u0142\u00f3wnie w Kanadzie i Stanach Zjednoczonych.<\/p>\n<p>Najwi\u0119kszy problem w\u00a0<em>Kup Adderall 30Mg<\/em>\u00a0Online sprowadza si\u0119 do tego s\u0142owa, kt\u00f3re <a href=\"https:\/\/en.wikipedia.org\/wiki\/Adderall\">zaczyna<\/a> si\u0119 od WKa\u017cda c\u00f3rka lub syn jest urodzony z przyzwoit\u0105 pami\u0119ci\u0105<\/p>\n<p><em>Kup Adderall 30mg<\/em>. Nie wymaga recepty. 100% bezpieczna i dyskretna wysy\u0142ka. Dost\u0119pna jest dostawa nocna. Gwarancja zwrotu pieni\u0119dzy.<\/p>\n<p>Mo\u017cesz\u00a0<em>kupi\u0107 Adderall<\/em>\u00a0tabletki online bez recepty, adderall na komputerze, czy mog\u0119\u00a0<em>kupi\u0107 Adderall<\/em>\u00a0online?<\/p>\n<h4><strong>\u015arodki ostro\u017cno\u015bci dotycz\u0105ce dawkowania:<\/strong><\/h4>\n<p>Mo\u017ce zaistnie\u0107 potrzeba przyjmowania\u00a0Adderall XR<strong><em>\u00a0<\/em><\/strong>osoba, ale nale\u017cy skonsultowa\u0107 si\u0119 z lekarzem przed pierwsz\u0105 dawk\u0105, je\u015bli ma nadczynno\u015b\u0107 tarczycy, umiarkowane do ci\u0119\u017ckiego wysokie ci\u015bnienie krwi, jaskr\u0119, jak\u0105kolwiek chorob\u0119 serca, a nawet je\u015bli osoba by\u0142a wcze\u015bniej uzale\u017cniona od narkotyk\u00f3w lub alkoholu. Zaleca si\u0119 r\u00f3wnie\u017c, aby ludzie nie nadu\u017cywali jego dawkowania, poniewa\u017c mo\u017ce to spowodowa\u0107 powa\u017cne skutki uboczne dla serca lub, co gorsza, \u015bmier\u0107.<\/p>\n<h4><strong>Pozytywny wynik:<\/strong><\/h4>\n<p>Poniewa\u017c spo\u017cywanie wszelkiego rodzaju narkotyk\u00f3w ma skutki zar\u00f3wno negatywne, jak i pozytywne. Adderall 30 MG<strong><em>\u00a0<\/em><\/strong>tak samo ma. Zaobserwowano, \u017ce stosowanie go przez kr\u00f3tszy czas zgodnie z zaleceniami lekarza pozytywnie wp\u0142ywa na zdrowie cz\u0142owieka poprzez zapobieganie objawom ADHD. Dzieje si\u0119 tak, poniewa\u017c:<\/p>\n<ul>\n<li>Zwi\u0119ksza obecno\u015b\u0107 neuroprzeka\u017anik\u00f3w w naszych m\u00f3zgach, takich jak dopamina i norepinefryna. Ponadto te specyficzne substancje chemiczne w m\u00f3zgu dzia\u0142aj\u0105 w celu zwi\u0119kszenia poziomu energii, czujno\u015bci i uwagi.<\/li>\n<li>Lek mo\u017ce zwi\u0119kszy\u0107 cz\u0119sto\u015b\u0107 akcji serca i utrzyma\u0107 przep\u0142yw krwi do mi\u0119\u015bni.<\/li>\n<li>Sta\u0142a u\u017cywanie go zgodnie z zaleceniami lekarzy mo\u017ce generowa\u0107 wy\u017csz\u0105 energi\u0119 i wigor, kt\u00f3ry jest podobny do spo\u017cycia kokainy.<\/li>\n<\/ul>\n<h4><strong>Rezultat negatywny:<\/strong><\/h4>\n<p>Poniewa\u017c jest to jeden z wra\u017cliwych lek\u00f3w i spo\u017cywanie Adderall 30 MG<strong><em>\u00a0<\/em><\/strong>nawet po zaleceniu przez eksperta mo\u017ce mie\u0107 negatywny wp\u0142yw na zdrowie.<\/p>\n<ul>\n<li>Dra\u017cliwo\u015b\u0107<\/li>\n<li>Niezdrowa utrata wagi z powodu t\u0142umienia apetytu<\/li>\n<li>Niepok\u00f3j i zaburzenia snu<\/li>\n<li>Powa\u017cne problemy z sercem<\/li>\n<\/ul>\n<h4><strong> W przypadku nadu\u017cycia:<\/strong><\/h4>\n<p>Lekarze zawsze ostrzegali pacjent\u00f3w, aby ch\u0119tnie przyjmowali leki, a nawet je\u015bli nie chcieli, spo\u017cycie Adderall 30 MG\u00a0by\u0142o nadu\u017cywane, co skutkowa\u0142oby zwi\u0119kszeniem poziomu energii wraz z intensywnym o\u017cywieniem. Ponadto nadu\u017cywanie tego ostatniego leku mo\u017ce generowa\u0107 nieprzyjemne objawy, takie jak:<\/p>\n<ul>\n<li>Mniejsza koncentracja na rzeczach<\/li>\n<li>Depresja i letarg<\/li>\n<li>Zm\u0119czenie<\/li>\n<\/ul>\n<h4><strong>O czym nale\u017cy pami\u0119ta\u0107:<\/strong><\/h4>\n<p>Ponadto, przed za\u017cyciem Adderall 30 MG<strong><em>\u00a0<\/em><\/strong>jest kilka daje do my\u015blenia.<\/p>\n<p>Naukowcy zasugerowali, aby ludzie nie spo\u017cywali go, je\u015bli w ci\u0105gu ostatnich 14 dni stosowali inhibitor MAO, w tym linezoild, b\u0142\u0119kit metylenowy w zastrzykach, izokarboksazyd, rasagilin\u0119 i inne, poniewa\u017c mo\u017ce to spowodowa\u0107 intensywn\u0105 interakcj\u0119 z lekami co niew\u0105tpliwie nie jest zdrowe.<\/p>\n<p>Dodatkowo powinny go unika\u0107 osoby uczulone na leki pobudzaj\u0105ce lub maj\u0105ce ju\u017c do czynienia z:<\/p>\n<ul>\n<li>Jak\u0105kolwiek ci\u0119\u017ck\u0105 chorob\u0105 serca lub t\u0119tnicy wie\u0144cowej choroba<\/li>\n<li>Ci\u015bnienie krwi (od normalnego do wysokiego)<\/li>\n<li>Intensywny niepok\u00f3j i napi\u0119cie<\/li>\n<li>Uzale\u017cnienie od narkotyk\u00f3w lub alkoholu<\/li>\n<\/ul>\n<h4><strong>Co je\u015bli dana osoba jest uzale\u017cniona od Adderall XR?<\/strong><\/h4>\n<p>Uzale\u017cnienie od takich narkotyk mia\u0142by dwa rodzaje skutk\u00f3w, tj. psychologiczne i fizyczne.<\/p>\n<p>A osoba uzna\u0142aby go za uzale\u017cnionego psychicznie lub uzale\u017cnionego od niego, gdyby przyjmowa\u0142 go codziennie i sta\u0142by si\u0119 cz\u0119\u015bci\u0105 jego \u017cycia. Ponadto mniejszy dost\u0119p do niej z jakiegokolwiek powodu mo\u017ce by\u0107 niepokoj\u0105cy, a stres lub b\u00f3le g\u0142owy cz\u0119sto wyst\u0119puj\u0105 u os\u00f3b uzale\u017cnionych psychicznie.<\/p>\n<p>Ponadto, po pierwsze, dla os\u00f3b uzale\u017cnionych psychicznie jej spo\u017cywanie cz\u0119sto osi\u0105ga\u0142o niebezpieczne poziomy i maj\u0105 kontynuowa\u0107 jego przyjmowanie, nawet je\u015bli oznacza to nara\u017cenie \u017cycia. Jednak w takim przypadku lekarstwo jest dost\u0119pne. Ten nawyk mo\u017cna poprawi\u0107 poprzez terapi\u0119 psychologiczn\u0105 maj\u0105c\u0105 na celu zmian\u0119 wzorc\u00f3w zachowa\u0144. Zdaniem ekspert\u00f3w pomocna mo\u017ce by\u0107 terapia zwana terapi\u0105 poznawczo-behawioraln\u0105.<\/p>\n<p>Po drugie, gdy dana osoba jest przyzwyczajona do dost\u0119pno\u015bci wy\u017cszego poziomu dopaminy w m\u00f3zgu i ograniczania Adderall XR<em><strong>\u00a0<\/strong> <\/em>w takim przypadku mo\u017ce spa\u015b\u0107 poziom dopaminy, a osoba mo\u017ce wtedy napotka\u0107:<\/p>\n<p>&nbsp;<\/p>\n<ul>\n<li>Depresja lub zm\u0119czenie<\/li>\n<li>Nieprawid\u0142owy sen lub czuwanie o nietypowych godzinach<\/li>\n<\/ul>\n<p>W tym miejscu nale\u017cy wspomnie\u0107, \u017ce ta fizyczna zale\u017cno\u015b\u0107 mo\u017ce <a href=\"https:\/\/cs.wikipedia.org\/wiki\/Adderall\">wzbudza\u0107<\/a> nak\u0142ania\u0107 do cz\u0119stszego spo\u017cywania go, aby pozosta\u0107 usatysfakcjonowanym, co mo\u017ce doprowadzi\u0107 do kilku efekt\u00f3w i przedawkowania.<\/p>\n<p>Jednak spo\u017cywanie ich tylko po konsultacji z ekspertem lub rozwa\u017cenie wszelkich mo\u017cliwych \u015brodk\u00f3w ostro\u017cno\u015bci mo\u017ce uchroni\u0107 ludzi przed negatywnymi skutkami<\/p>\n<h4><strong>Czy wiesz, gdzie kupi\u0107 tabletki Adderall bez recepty?<\/strong><\/h4>\n<p>Sprzeda\u017c tabletek Adderall, cena detaliczna tabletek Adderall, dawkowanie tabletek Adderall, jak zrobi\u0107 tabletki Adderall, wh czy mog\u0119 kupi\u0107 pigu\u0142ki Adderall online, gdzie kupi\u0107 pigu\u0142ki Adderall, co to s\u0105 pigu\u0142ki Adderall, pigu\u0142ki Adderall najwy\u017cszej jako\u015bci na sprzeda\u017c. Wszystkie te pytania bez odpowiedzi mog\u0105 uzyska\u0107 odpowiedzi za naszym po\u015brednictwem. Wystarczy, \u017ce przejrzysz nasz\u0105 stron\u0119 internetow\u0105, a uzyskasz odpowiedzi, jak i gdzie mo\u017cesz kupi\u0107 pigu\u0142ki metadonu bez recepty przez Internet.<\/p>\n<p>A co z tabletkami Adderall? Czy wiesz r\u00f3wnie\u017c, gdzie mo\u017cna kupi\u0107 tabletki Adderall w sprzeda\u017cy online bez recepty? kupi\u0107 pigu\u0142ki Adderall na sprzeda\u017c, jak zrobi\u0107 pigu\u0142ki Adderall, jak wygl\u0105daj\u0105 pigu\u0142ki Adderall, ceny uliczne Adderall pigu\u0142ki, ceny tabletek Adderall, gdzie kupi\u0107 tabletki Adderall, czyste tabletki Adderall, gdzie mog\u0119 kupi\u0107 pigu\u0142ki Adderall online bez recepty, kup czyste Tabletki Adderall online bez recepty.<\/p>\n<p>Dobrej jako\u015bci tabletki Adderall online: Jest ca\u0142kowicie zrozumia\u0142e, \u017ce ludzie nie ufaj\u0105 szybko jako\u015bci tabletek Adderall sprzedawanych online, poniewa\u017c nie mog\u0105 ich fizycznie zbada\u0107. Ale to nie to samo z internetowymi dostawcami pigu\u0142ek Adderall online. Produkty tutaj s\u0105 zgodne z opisem, a konserwacja wysokiej jako\u015bci jest wykonywana pod nadzorem ekspert\u00f3w.<\/p>\n<p>Szybko &amp; Dyskretna wysy\u0142ka: Dostawa tabletek Adderall online po otrzymaniu zam\u00f3wienia odbywa si\u0119 w obiecanym terminie. Zesp\u00f3\u0142 wysy\u0142kowy dok\u0142ada wszelkich stara\u0144, aby procedura wysy\u0142ki i dostawy przebiega\u0142a p\u0142ynnie i szybko. Mo\u017cesz r\u00f3wnie\u017c oczekiwa\u0107 doskona\u0142ych us\u0142ug przy zakupie tabletek Adderall online od profesjonalisty na platformie internetowej.<\/p>\n","protected":false},"excerpt":{"rendered":"<p>Adderall 30 MG to rodzaj leku, kt\u00f3ry powstaje z po\u0142\u0105czenia i dekstroamfetaminy. Te dwa sk\u0142adniki s\u0142u\u017c\u0105 jako podstawowe stymulanty uk\u0142adu nerwowego. Ponadto te stymulanty wp\u0142ywaj\u0105 na chemikalia m\u00f3zgu i nerwy, kontroluj\u0105c impulsy i nadpobudliwo\u015b\u0107<\/p>\n","protected":false},"featured_media":7692,"comment_status":"open","ping_status":"closed","template":"","meta":{"inline_featured_image":false},"product_brand":[],"product_cat":[116],"product_tag":[153,159,155,154,158,156],"class_list":{"0":"post-7666","1":"product","2":"type-product","3":"status-publish","4":"has-post-thumbnail","6":"product_cat-pain-killers","7":"product_tag-adderall-30-mg-for-sale","8":"product_tag-gdzie-kupi-adderall-30-mg-online","9":"product_tag-jak-kupi-adderall-30-mg-online","10":"product_tag-kup-adderall-30-mg-online","11":"product_tag-najlepsze-miejsce-do-kupowania-adderall-30-mg-online","12":"product_tag-zamw-adderall-30-mg-online","14":"first","15":"instock","16":"shipping-taxable","17":"purchasable","18":"product-type-variable","19":"has-default-attributes"},"yoast_head":"<!-- This site is optimized with the Yoast SEO Premium plugin v19.2 (Yoast SEO v27.3) - https:\/\/yoast.com\/product\/yoast-seo-premium-wordpress\/ -->\n<title>Kup pigu\u0142ki Adderall przez Internet - Everyday Chem Shop<\/title>\n<meta name=\"description\" content=\"Kup pigu\u0142ki Adderall przez Internet. Je\u015bli szukasz sposobu na zakup tabletek Adderall przez Internet, to jeste\u015b we w\u0142a\u015bciwym miejscu, aby kupi\u0107 tabletki Adderall online.\" \/>\n<meta name=\"robots\" content=\"index, follow, max-snippet:-1, max-image-preview:large, max-video-preview:-1\" \/>\n<link rel=\"canonical\" href=\"https:\/\/everydaychemshop.com\/pl\/product\/kup-adderall-pigulki-online\/\" \/>\n<meta property=\"og:locale\" content=\"en_US\" \/>\n<meta property=\"og:type\" content=\"article\" \/>\n<meta property=\"og:title\" content=\"Kup pigu\u0142ki Adderall przez Internet\" \/>\n<meta property=\"og:description\" content=\"Kup pigu\u0142ki Adderall przez Internet. Je\u015bli szukasz sposobu na zakup tabletek Adderall przez Internet, to jeste\u015b we w\u0142a\u015bciwym miejscu, aby kupi\u0107 tabletki Adderall online.\" \/>\n<meta property=\"og:url\" content=\"https:\/\/everydaychemshop.com\/pl\/product\/kup-adderall-pigulki-online\/\" \/>\n<meta property=\"og:site_name\" content=\"Everyday Chem Shop\" \/>\n<meta property=\"article:modified_time\" content=\"2023-04-07T19:55:03+00:00\" \/>\n<meta property=\"og:image\" content=\"https:\/\/everydaychemshop.com\/pl\/wp-content\/uploads\/sites\/8\/2022\/11\/Buy-Adderall-30-MG.jpg\" \/>\n\t<meta property=\"og:image:width\" content=\"1200\" \/>\n\t<meta property=\"og:image:height\" content=\"1200\" \/>\n\t<meta property=\"og:image:type\" content=\"image\/jpeg\" \/>\n<meta name=\"twitter:card\" content=\"summary_large_image\" \/>\n<meta name=\"twitter:label1\" content=\"Est. reading time\" \/>\n\t<meta name=\"twitter:data1\" content=\"4 minutes\" \/>\n<script type=\"application\/ld+json\" class=\"yoast-schema-graph\">{\"@context\":\"https:\\\/\\\/schema.org\",\"@graph\":[{\"@type\":\"WebPage\",\"@id\":\"https:\\\/\\\/everydaychemshop.com\\\/pl\\\/product\\\/kup-adderall-pigulki-online\\\/\",\"url\":\"https:\\\/\\\/everydaychemshop.com\\\/pl\\\/product\\\/kup-adderall-pigulki-online\\\/\",\"name\":\"Kup pigu\u0142ki Adderall przez Internet - Everyday Chem Shop\",\"isPartOf\":{\"@id\":\"https:\\\/\\\/everydaychemshop.com\\\/pl\\\/#website\"},\"primaryImageOfPage\":{\"@id\":\"https:\\\/\\\/everydaychemshop.com\\\/pl\\\/product\\\/kup-adderall-pigulki-online\\\/#primaryimage\"},\"image\":{\"@id\":\"https:\\\/\\\/everydaychemshop.com\\\/pl\\\/product\\\/kup-adderall-pigulki-online\\\/#primaryimage\"},\"thumbnailUrl\":\"https:\\\/\\\/everydaychemshop.com\\\/pl\\\/wp-content\\\/uploads\\\/sites\\\/8\\\/2022\\\/11\\\/Buy-Adderall-30-MG.jpg\",\"datePublished\":\"2022-11-16T09:43:44+00:00\",\"dateModified\":\"2023-04-07T19:55:03+00:00\",\"description\":\"Kup pigu\u0142ki Adderall przez Internet. Je\u015bli szukasz sposobu na zakup tabletek Adderall przez Internet, to jeste\u015b we w\u0142a\u015bciwym miejscu, aby kupi\u0107 tabletki Adderall online.\",\"breadcrumb\":{\"@id\":\"https:\\\/\\\/everydaychemshop.com\\\/pl\\\/product\\\/kup-adderall-pigulki-online\\\/#breadcrumb\"},\"inLanguage\":\"en-US\",\"potentialAction\":[{\"@type\":\"ReadAction\",\"target\":[\"https:\\\/\\\/everydaychemshop.com\\\/pl\\\/product\\\/kup-adderall-pigulki-online\\\/\"]}]},{\"@type\":\"ImageObject\",\"inLanguage\":\"en-US\",\"@id\":\"https:\\\/\\\/everydaychemshop.com\\\/pl\\\/product\\\/kup-adderall-pigulki-online\\\/#primaryimage\",\"url\":\"https:\\\/\\\/everydaychemshop.com\\\/pl\\\/wp-content\\\/uploads\\\/sites\\\/8\\\/2022\\\/11\\\/Buy-Adderall-30-MG.jpg\",\"contentUrl\":\"https:\\\/\\\/everydaychemshop.com\\\/pl\\\/wp-content\\\/uploads\\\/sites\\\/8\\\/2022\\\/11\\\/Buy-Adderall-30-MG.jpg\",\"width\":1200,\"height\":1200,\"caption\":\"Kup pigu\u0142ki Adderall przez Internet\"},{\"@type\":\"BreadcrumbList\",\"@id\":\"https:\\\/\\\/everydaychemshop.com\\\/pl\\\/product\\\/kup-adderall-pigulki-online\\\/#breadcrumb\",\"itemListElement\":[{\"@type\":\"ListItem\",\"position\":1,\"name\":\"Home\",\"item\":\"https:\\\/\\\/everydaychemshop.com\\\/pl\\\/\"},{\"@type\":\"ListItem\",\"position\":2,\"name\":\"Produkty\",\"item\":\"https:\\\/\\\/everydaychemshop.com\\\/pl\\\/produkty\\\/\"},{\"@type\":\"ListItem\",\"position\":3,\"name\":\"Kup pigu\u0142ki Adderall przez Internet\"}]},{\"@type\":\"WebSite\",\"@id\":\"https:\\\/\\\/everydaychemshop.com\\\/pl\\\/#website\",\"url\":\"https:\\\/\\\/everydaychemshop.com\\\/pl\\\/\",\"name\":\"Everyday Chem Shop\",\"description\":\"\",\"potentialAction\":[{\"@type\":\"SearchAction\",\"target\":{\"@type\":\"EntryPoint\",\"urlTemplate\":\"https:\\\/\\\/everydaychemshop.com\\\/pl\\\/?s={search_term_string}\"},\"query-input\":{\"@type\":\"PropertyValueSpecification\",\"valueRequired\":true,\"valueName\":\"search_term_string\"}}],\"inLanguage\":\"en-US\"}]}<\/script>\n<!-- \/ Yoast SEO Premium plugin. -->","yoast_head_json":{"title":"Kup pigu\u0142ki Adderall przez Internet - Everyday Chem Shop","description":"Kup pigu\u0142ki Adderall przez Internet. Je\u015bli szukasz sposobu na zakup tabletek Adderall przez Internet, to jeste\u015b we w\u0142a\u015bciwym miejscu, aby kupi\u0107 tabletki Adderall online.","robots":{"index":"index","follow":"follow","max-snippet":"max-snippet:-1","max-image-preview":"max-image-preview:large","max-video-preview":"max-video-preview:-1"},"canonical":"https:\/\/everydaychemshop.com\/pl\/product\/kup-adderall-pigulki-online\/","og_locale":"en_US","og_type":"article","og_title":"Kup pigu\u0142ki Adderall przez Internet","og_description":"Kup pigu\u0142ki Adderall przez Internet. Je\u015bli szukasz sposobu na zakup tabletek Adderall przez Internet, to jeste\u015b we w\u0142a\u015bciwym miejscu, aby kupi\u0107 tabletki Adderall online.","og_url":"https:\/\/everydaychemshop.com\/pl\/product\/kup-adderall-pigulki-online\/","og_site_name":"Everyday Chem Shop","article_modified_time":"2023-04-07T19:55:03+00:00","og_image":[{"width":1200,"height":1200,"url":"https:\/\/everydaychemshop.com\/pl\/wp-content\/uploads\/sites\/8\/2022\/11\/Buy-Adderall-30-MG.jpg","type":"image\/jpeg"}],"twitter_card":"summary_large_image","twitter_misc":{"Est. reading time":"4 minutes"},"schema":{"@context":"https:\/\/schema.org","@graph":[{"@type":"WebPage","@id":"https:\/\/everydaychemshop.com\/pl\/product\/kup-adderall-pigulki-online\/","url":"https:\/\/everydaychemshop.com\/pl\/product\/kup-adderall-pigulki-online\/","name":"Kup pigu\u0142ki Adderall przez Internet - Everyday Chem Shop","isPartOf":{"@id":"https:\/\/everydaychemshop.com\/pl\/#website"},"primaryImageOfPage":{"@id":"https:\/\/everydaychemshop.com\/pl\/product\/kup-adderall-pigulki-online\/#primaryimage"},"image":{"@id":"https:\/\/everydaychemshop.com\/pl\/product\/kup-adderall-pigulki-online\/#primaryimage"},"thumbnailUrl":"https:\/\/everydaychemshop.com\/pl\/wp-content\/uploads\/sites\/8\/2022\/11\/Buy-Adderall-30-MG.jpg","datePublished":"2022-11-16T09:43:44+00:00","dateModified":"2023-04-07T19:55:03+00:00","description":"Kup pigu\u0142ki Adderall przez Internet. Je\u015bli szukasz sposobu na zakup tabletek Adderall przez Internet, to jeste\u015b we w\u0142a\u015bciwym miejscu, aby kupi\u0107 tabletki Adderall online.","breadcrumb":{"@id":"https:\/\/everydaychemshop.com\/pl\/product\/kup-adderall-pigulki-online\/#breadcrumb"},"inLanguage":"en-US","potentialAction":[{"@type":"ReadAction","target":["https:\/\/everydaychemshop.com\/pl\/product\/kup-adderall-pigulki-online\/"]}]},{"@type":"ImageObject","inLanguage":"en-US","@id":"https:\/\/everydaychemshop.com\/pl\/product\/kup-adderall-pigulki-online\/#primaryimage","url":"https:\/\/everydaychemshop.com\/pl\/wp-content\/uploads\/sites\/8\/2022\/11\/Buy-Adderall-30-MG.jpg","contentUrl":"https:\/\/everydaychemshop.com\/pl\/wp-content\/uploads\/sites\/8\/2022\/11\/Buy-Adderall-30-MG.jpg","width":1200,"height":1200,"caption":"Kup pigu\u0142ki Adderall przez Internet"},{"@type":"BreadcrumbList","@id":"https:\/\/everydaychemshop.com\/pl\/product\/kup-adderall-pigulki-online\/#breadcrumb","itemListElement":[{"@type":"ListItem","position":1,"name":"Home","item":"https:\/\/everydaychemshop.com\/pl\/"},{"@type":"ListItem","position":2,"name":"Produkty","item":"https:\/\/everydaychemshop.com\/pl\/produkty\/"},{"@type":"ListItem","position":3,"name":"Kup pigu\u0142ki Adderall przez Internet"}]},{"@type":"WebSite","@id":"https:\/\/everydaychemshop.com\/pl\/#website","url":"https:\/\/everydaychemshop.com\/pl\/","name":"Everyday Chem Shop","description":"","potentialAction":[{"@type":"SearchAction","target":{"@type":"EntryPoint","urlTemplate":"https:\/\/everydaychemshop.com\/pl\/?s={search_term_string}"},"query-input":{"@type":"PropertyValueSpecification","valueRequired":true,"valueName":"search_term_string"}}],"inLanguage":"en-US"}]}},"_links":{"self":[{"href":"https:\/\/everydaychemshop.com\/pl\/wp-json\/wp\/v2\/product\/7666","targetHints":{"allow":["GET"]}}],"collection":[{"href":"https:\/\/everydaychemshop.com\/pl\/wp-json\/wp\/v2\/product"}],"about":[{"href":"https:\/\/everydaychemshop.com\/pl\/wp-json\/wp\/v2\/types\/product"}],"replies":[{"embeddable":true,"href":"https:\/\/everydaychemshop.com\/pl\/wp-json\/wp\/v2\/comments?post=7666"}],"wp:featuredmedia":[{"embeddable":true,"href":"https:\/\/everydaychemshop.com\/pl\/wp-json\/wp\/v2\/media\/7692"}],"wp:attachment":[{"href":"https:\/\/everydaychemshop.com\/pl\/wp-json\/wp\/v2\/media?parent=7666"}],"wp:term":[{"taxonomy":"product_brand","embeddable":true,"href":"https:\/\/everydaychemshop.com\/pl\/wp-json\/wp\/v2\/product_brand?post=7666"},{"taxonomy":"product_cat","embeddable":true,"href":"https:\/\/everydaychemshop.com\/pl\/wp-json\/wp\/v2\/product_cat?post=7666"},{"taxonomy":"product_tag","embeddable":true,"href":"https:\/\/everydaychemshop.com\/pl\/wp-json\/wp\/v2\/product_tag?post=7666"}],"curies":[{"name":"wp","href":"https:\/\/api.w.org\/{rel}","templated":true}]}}