{"id":7672,"date":"2022-11-16T09:43:46","date_gmt":"2022-11-16T09:43:46","guid":{"rendered":"https:\/\/everydaychemshop.com\/pl\/?post_type=product&#038;p=7672"},"modified":"2023-04-07T19:53:42","modified_gmt":"2023-04-07T19:53:42","slug":"kup-pigulki-metadonu-online","status":"publish","type":"product","link":"https:\/\/everydaychemshop.com\/pl\/product\/kup-pigulki-metadonu-online\/","title":{"rendered":"Kup pigu\u0142ki Metadon online"},"content":{"rendered":"<h1>Kup pigu\u0142ki Metadon online<\/h1>\n<p><a href=\"https:\/\/everydaychemshop.com\/pl\/product\/kup-pigulki-metadonu-online\/\">Kup pigu\u0142ki Metadon online<\/a>, metadon jest d\u0142ugo dzia\u0142aj\u0105cym lekiem opioidowym, kt\u00f3ry jest stosowany w celu zast\u0105pienia kr\u00f3tko dzia\u0142aj\u0105cych opioid\u00f3w, od kt\u00f3rych kto\u015b mo\u017ce by\u0107 uzale\u017cniony, takich jak heroina, oksykodon, fentanyl lub hydromorfon. D\u0142ugodzia\u0142aj\u0105ce oznacza, \u017ce \u200b\u200blek dzia\u0142a wolniej w organizmie i przez d\u0142u\u017cszy czas. Efekty dzia\u0142ania metadonu utrzymuj\u0105 si\u0119 od 24 do 36 godzin. Natomiast osoba stosuj\u0105ca kr\u00f3tko dzia\u0142aj\u0105ce opioidy, aby unikn\u0105\u0107 odstawienia, musi przyjmowa\u0107 trzy do czterech razy dziennie. Kup pigu\u0142ki z metadonem w Internecie<\/p>\n<p>Kiedy metadon jest przyjmowany we w\u0142a\u015bciwej dawce, zapobiega objawom odstawienia i zmniejsza apetyt na narkotyk, nie wywo\u0142uj\u0105c u osoby uczucia haju (euforii) ani senno\u015bci. Zmniejsza to szkody zwi\u0105zane z nadu\u017cywaniem opioid\u00f3w i daje osobom uzale\u017cnionym od opioid\u00f3w szans\u0119 na ustabilizowanie ich \u017cycia. To leczenie jest znane jako terapia podtrzymuj\u0105ca metadonem, kt\u00f3ra jest rodzajem terapii agonistami opioidowymi. Terapia metadonem uzale\u017cnienia od opioid\u00f3w dzia\u0142a podobnie do buprenorfiny, <a href=\"https:\/\/en.wikipedia.org\/wiki\/Methadone\">innej<\/a> terapii agonistycznej opioid\u00f3w. Kup pigu\u0142ki z metadonem przez Internet<\/p>\n<p>Cierpisz z powodu b\u00f3lu? teraz mo\u017cesz otrzyma\u0107 leki przeciwb\u00f3lowe w zaciszu swojego domu lub biura, sprzedajemy najlepsze medyczne pigu\u0142ki przeciwb\u00f3lowe do \u0142agodzenia b\u00f3lu i wielu innych dolegliwo\u015bci, takich jak; Xanax, Oxycontin, Oxycodone, Dilaudid, Demerol, Metadon (Dolophine, Metadose), Roxycodone, Diazepam, Ritalin, Percocet, Concerta, Tramadol, Adderall, Hydrocodone, Morfina. Mamy 100% historii pomy\u015blnych porod\u00f3w.<\/p>\n<p>Mamy leki do leczenia przewlek\u0142ego b\u00f3lu plec\u00f3w, kaszlu, l\u0119ku, l\u0119ku napadowego, depresji, zaburze\u0144 erekcji, dysfunkcji seksualnych, narkolepsji, oty\u0142o\u015bci, depresji, zm\u0119czenia , suplement odchudzaj\u0105cy i nie tylko online (bez recepty) kup pigu\u0142ki metadonu online<\/p>\n<p>&#8211; Bez recepty<br \/>\n&#8211; Ekspresowa dostawa z dnia na dzie\u0144 lub nast\u0119pnego dnia<br \/>\n&#8211; Opakowanie jest bardzo dyskretnie zapiecz\u0119towane, zapakowane z foli\u0105 aluminiow\u0105, bezpieczne<br \/>\n&#8211; Nie wymaga podpisu, gdy paczka dotrze<br \/>\n&#8211; 100% obs\u0142ugi klienta i wsparcia.<br \/>\n&#8211; Gwarancja zwrotu pieni\u0119dzy<br \/>\n&#8211; Oferujemy dostaw\u0119 od drzwi do drzwi serwis<br \/>\n&#8211; Doskona\u0142e i bezkonkurencyjne ceny.<\/p>\n<p>Starannie owijamy paczki kalk\u0105 wolframow\u0105 i kalk\u0105, aby omin\u0105\u0107 celne aparaty rentgenowskie na lotniskach. Paczki s\u0105 pi\u0119knie owijane papierami do pakowania z zewn\u0105trz.<\/p>\n<h4>Dolophine (Methadone)<\/h4>\n<p>Dolophine Methadone 10MG,\u00a0lek ten\u00a0stosowany jest w leczeniu silnego ci\u0105g\u0142ego b\u00f3lu (np. spowodowanego rakiem). Metadon\u00a0nale\u017cy do klasy lek\u00f3w znanych jako opioidowe (narkotyczne) \u015brodki przeciwb\u00f3lowe. Dzia\u0142a w m\u00f3zgu, zmieniaj\u0105c spos\u00f3b odczuwania i reagowania organizmu na b\u00f3l.<\/p>\n<p>Dolophine Metadon 10 mg, Nie nale\u017cy stosowa\u0107 tego leku w celu \u0142agodzenia b\u00f3lu, kt\u00f3ry jest \u0142agodny lub kt\u00f3ry ust\u0105pi w ci\u0105gu kilku dni (np. b\u00f3l po operacji). Ten lek nie jest przeznaczony do stosowania okazjonalnego (\u201ew razie potrzeby\u201d).<\/p>\n<p>Dolophine Methadone 10 mg, ten lek jest r\u00f3wnie\u017c stosowany w leczeniu uzale\u017cnienia od opiat\u00f3w (takich jak heriod) w ramach zatwierdzonego programu leczenia. Pomaga zapobiega\u0107 objawom odstawiennym spowodowanym odstawieniem innych opioid\u00f3w.<\/p>\n<h4>Jak stosowa\u0107 Dolophine (Methadone) 10MG<\/h4>\n<p>Zobacz tak\u017ce sekcj\u0119 Ostrze\u017cenia.<\/p>\n<p>Przeczytaj\u00a0Dolophine Methadone 10MG Przewodnik i ulotka dla pacjenta, je\u015bli s\u0105 dost\u0119pne w aptece, przed rozpocz\u0119ciem stosowania metadonu i za ka\u017cdym razem, gdy otrzymasz uzupe\u0142nienie. Je\u015bli masz jakiekolwiek pytania, skonsultuj si\u0119 z lekarzem lub farmaceut\u0105.<\/p>\n<p>Dolophine Methadone 10 mg Przyjmuj ten lek doustnie zgodnie z zaleceniami lekarza, a nie w przypadku nag\u0142ego (przebijaj\u0105cego) b\u00f3lu. Mo\u017cesz przyjmowa\u0107 ten lek z jedzeniem lub bez jedzenia. Je\u015bli masz nudno\u015bci, pomocne mo\u017ce by\u0107 przyjmowanie tego leku z jedzeniem. Zapytaj swojego lekarza lub farmaceut\u0119 o inne sposoby zmniejszenia nudno\u015bci (takie jak le\u017cenie przez 1 do 2 godzin z jak najmniejszym ruchem g\u0142owy).<\/p>\n<p>Je\u015bli u\u017cywasz p\u0142ynnej postaci tego leku, zmierz dawkowa\u0107 ostro\u017cnie za pomoc\u0105 specjalnego przyrz\u0105du pomiarowego\/\u0142y\u017cki. Nie u\u017cywaj domowej \u0142y\u017cki, poniewa\u017c mo\u017cesz nie otrzyma\u0107 w\u0142a\u015bciwej dawki.<\/p>\n<p>Dawkowanie zale\u017cy od stanu zdrowia i odpowiedzi na leczenie.<\/p>\n<p>Dolophine Methadone 10 mg, ten\u00a0lek jest stosowany w leczeniu silnego, utrzymuj\u0105cego si\u0119 b\u00f3lu (na przyk\u0142ad spowodowanego chorob\u0105 nowotworow\u0105). Metadon\u00a0nale\u017cy do klasy lek\u00f3w znanych jako opioidowe (narkotyczne) \u015brodki przeciwb\u00f3lowe. Dzia\u0142a w m\u00f3zgu, zmieniaj\u0105c spos\u00f3b, w jaki twoje cia\u0142o czuje si\u0119 i reaguje na b\u00f3l. Ten lek mo\u017ce powodowa\u0107 reakcje odstawienne, zw\u0142aszcza je\u015bli by\u0142 stosowany regularnie przez d\u0142ugi czas lub w du\u017cych dawkach. W takich przypadkach mog\u0105 wyst\u0105pi\u0107 objawy odstawienne (takie jak niepok\u00f3j, \u0142zawienie oczu, odg\u0142os biegania, nudno\u015bci, pocenie si\u0119, b\u00f3le mi\u0119\u015bni), je\u015bli nagle przerwie si\u0119 stosowanie tego leku. Aby zapobiec reakcjom odstawiennym, lekarz mo\u017ce stopniowo zmniejsza\u0107 dawk\u0119. Skonsultuj si\u0119 z lekarzem lub farmaceut\u0105, aby uzyska\u0107 wi\u0119cej informacji i natychmiast zg\u0142aszaj wszelkie reakcje odstawienne.<\/p>\n<p>Chocia\u017c pomaga wielu osobom, ten lek mo\u017ce czasami powodowa\u0107 dodanie. Ryzyko to mo\u017ce by\u0107 wi\u0119ksze, je\u015bli cierpisz na zaburzenia zwi\u0105zane z u\u017cywaniem substancji (takie jak nadu\u017cywanie lub uzale\u017cnienie od narkotyk\u00f3w\/alkoholu). We\u017a ten lek dok\u0142adnie zgodnie z zaleceniami, aby zmniejszy\u0107 ryzyko uzale\u017cnienia. Przerwanie leczenia podtrzymuj\u0105cego metadonem wi\u0105\u017ce si\u0119 z du\u017cym ryzykiem powrotu do nadu\u017cywania Dolophine Methadone 10MG. Zapytaj swojego lekarza lub farmaceut\u0119 o wi\u0119cej szczeg\u00f3\u0142\u00f3w.<\/p>\n<p>Powiedz lekarzowi, je\u015bli tw\u00f3j stan nie ust\u0119puje lub si\u0119 pogarsza. Dolophine (Methadone) 10MG.<\/p>\n<p>Pigu\u0142ki metadonu na sprzeda\u017c, metadon na sprzeda\u017c, metadon na sprzeda\u017c online, metadon na sprzeda\u017c, metadon na sprzeda\u017c bez recepty, metadon warto\u015b\u0107 uliczna, Kup pigu\u0142ki metadonu w internecie.<\/p>\n<p><strong>Czy wiesz, gdzie kupi\u0107 metadon w pigu\u0142kach bez recepty?<\/strong><\/p>\n<p>Sprzeda\u017c metadonu w pigu\u0142kach, uliczna cena tabletek metadonu, dawkowanie tabletek metadonu, jak zrobi\u0107 pigu\u0142ki metadonu , gdzie mog\u0119 kupi\u0107 pigu\u0142ki metadonowe online, gdzie kupi\u0107 pigu\u0142ki metadonowe, co to s\u0105 pigu\u0142ki metadonowe, na sprzeda\u017c pigu\u0142ki metadonowe najwy\u017cszej jako\u015bci. Wszystkie te pytania bez odpowiedzi mog\u0105 uzyska\u0107 odpowiedzi za naszym po\u015brednictwem. Wystarczy, \u017ce przejrzysz nasz\u0105 stron\u0119 internetow\u0105, a uzyskasz odpowiedzi na pytanie, jak i gdzie mo\u017cesz kupi\u0107 pigu\u0142ki metadonu bez recepty przez Internet.<\/p>\n<p>A co z tabletkami metadonu? Czy wiesz r\u00f3wnie\u017c, gdzie mo\u017cna kupi\u0107 pigu\u0142ki Metadon w sprzeda\u017cy online bez recepty? kup pigu\u0142ki metadonu na sprzeda\u017c, jak zrobi\u0107 pigu\u0142ki metadonu, jak wygl\u0105daj\u0105 pigu\u0142ki metadonu, cena uliczna pigu\u0142ek metadonu, cena pigu\u0142ek metadonu, gdzie kupi\u0107 pigu\u0142ki metadonu, czyste pigu\u0142ki metadonu, gdzie mog\u0119 kupi\u0107 pigu\u0142ki metadonu online bez recepty, kup czysty Pigu\u0142ki z metadonem online bez recepty.<\/p>\n<p>Dobrej jako\u015bci tabletki z metadonem przez Internet: Jest ca\u0142kowicie zrozumia\u0142e, \u017ce ludzie nie ufaj\u0105 szybko jako\u015bci pigu\u0142ek metadonu sprzedawanych online, poniewa\u017c nie mog\u0105 ich fizycznie zbada\u0107. Ale to nie to samo z internetowymi dostawcami pigu\u0142ek Metadon online. Produkty tutaj s\u0105 zgodne z opisem, a konserwacja wysokiej jako\u015bci jest wykonywana pod nadzorem ekspert\u00f3w.<\/p>\n<p>Szybko &amp; Dyskretna wysy\u0142ka: Dostawa pigu\u0142ek metadonu online po otrzymaniu zam\u00f3wienia odbywa si\u0119 w obiecanych ramach czasowych. Zesp\u00f3\u0142 wysy\u0142kowy dok\u0142ada wszelkich stara\u0144, aby procedura wysy\u0142ki i dostawy przebiega\u0142a p\u0142ynnie i szybko. Mo\u017cesz r\u00f3wnie\u017c oczekiwa\u0107 doskona\u0142ych us\u0142ug przy zakupie tabletek metadonu online od profesjonalisty na platformie internetowej.<\/p>\n","protected":false},"excerpt":{"rendered":"<p>METADON to \u015brodek przeciwb\u00f3lowy. Jest stosowany w leczeniu silnego b\u00f3lu. Lek stosuje si\u0119 r\u00f3wnie\u017c w zapobieganiu objawom odstawiennym u os\u00f3b uzale\u017cnionych od innych narkotyk\u00f3w<\/p>\n","protected":false},"featured_media":7693,"comment_status":"open","ping_status":"closed","template":"","meta":{"inline_featured_image":false},"product_brand":[],"product_cat":[116],"product_tag":[160,165,162,163,164,161,166],"class_list":{"0":"post-7672","1":"product","2":"type-product","3":"status-publish","4":"has-post-thumbnail","6":"product_cat-pain-killers","7":"product_tag-how-to-get-methadone","8":"product_tag-metadon-piguki-na-sprzeda","9":"product_tag-methadone-for-sale","10":"product_tag-methadone-for-sale-no-prescription","11":"product_tag-methadone-for-sale-online","12":"product_tag-metadon-10mg-tanieki","13":"product_tag-metadon-warto-uliczna","15":"first","16":"instock","17":"shipping-taxable","18":"purchasable","19":"product-type-variable","20":"has-default-attributes"},"yoast_head":"<!-- This site is optimized with the Yoast SEO Premium plugin v19.2 (Yoast SEO v27.3) - https:\/\/yoast.com\/product\/yoast-seo-premium-wordpress\/ -->\n<title>Kup pigu\u0142ki Metadon online - Everyday Chem Shop<\/title>\n<meta name=\"description\" content=\"Kup pigu\u0142ki Metadon online. Je\u015bli szukasz sposobu na zakup pigu\u0142ek metadonu przez Internet, to jeste\u015b we w\u0142a\u015bciwym miejscu, aby kupi\u0107 pigu\u0142ki metadonu online.\" \/>\n<meta name=\"robots\" content=\"index, follow, max-snippet:-1, max-image-preview:large, max-video-preview:-1\" \/>\n<link rel=\"canonical\" href=\"https:\/\/everydaychemshop.com\/pl\/product\/kup-pigulki-metadonu-online\/\" \/>\n<meta property=\"og:locale\" content=\"en_US\" \/>\n<meta property=\"og:type\" content=\"article\" \/>\n<meta property=\"og:title\" content=\"Kup pigu\u0142ki Metadon online\" \/>\n<meta property=\"og:description\" content=\"Kup pigu\u0142ki Metadon online. Je\u015bli szukasz sposobu na zakup pigu\u0142ek metadonu przez Internet, to jeste\u015b we w\u0142a\u015bciwym miejscu, aby kupi\u0107 pigu\u0142ki metadonu online.\" \/>\n<meta property=\"og:url\" content=\"https:\/\/everydaychemshop.com\/pl\/product\/kup-pigulki-metadonu-online\/\" \/>\n<meta property=\"og:site_name\" content=\"Everyday Chem Shop\" \/>\n<meta property=\"article:modified_time\" content=\"2023-04-07T19:53:42+00:00\" \/>\n<meta property=\"og:image\" content=\"https:\/\/everydaychemshop.com\/pl\/wp-content\/uploads\/sites\/8\/2022\/11\/Dolophine-Methadone-10-MG.jpg\" \/>\n\t<meta property=\"og:image:width\" content=\"1200\" \/>\n\t<meta property=\"og:image:height\" content=\"1200\" \/>\n\t<meta property=\"og:image:type\" content=\"image\/jpeg\" \/>\n<meta name=\"twitter:card\" content=\"summary_large_image\" \/>\n<meta name=\"twitter:label1\" content=\"Est. reading time\" \/>\n\t<meta name=\"twitter:data1\" content=\"5 minutes\" \/>\n<script type=\"application\/ld+json\" class=\"yoast-schema-graph\">{\"@context\":\"https:\\\/\\\/schema.org\",\"@graph\":[{\"@type\":\"WebPage\",\"@id\":\"https:\\\/\\\/everydaychemshop.com\\\/pl\\\/product\\\/kup-pigulki-metadonu-online\\\/\",\"url\":\"https:\\\/\\\/everydaychemshop.com\\\/pl\\\/product\\\/kup-pigulki-metadonu-online\\\/\",\"name\":\"Kup pigu\u0142ki Metadon online - Everyday Chem Shop\",\"isPartOf\":{\"@id\":\"https:\\\/\\\/everydaychemshop.com\\\/pl\\\/#website\"},\"primaryImageOfPage\":{\"@id\":\"https:\\\/\\\/everydaychemshop.com\\\/pl\\\/product\\\/kup-pigulki-metadonu-online\\\/#primaryimage\"},\"image\":{\"@id\":\"https:\\\/\\\/everydaychemshop.com\\\/pl\\\/product\\\/kup-pigulki-metadonu-online\\\/#primaryimage\"},\"thumbnailUrl\":\"https:\\\/\\\/everydaychemshop.com\\\/pl\\\/wp-content\\\/uploads\\\/sites\\\/8\\\/2022\\\/11\\\/Dolophine-Methadone-10-MG.jpg\",\"datePublished\":\"2022-11-16T09:43:46+00:00\",\"dateModified\":\"2023-04-07T19:53:42+00:00\",\"description\":\"Kup pigu\u0142ki Metadon online. Je\u015bli szukasz sposobu na zakup pigu\u0142ek metadonu przez Internet, to jeste\u015b we w\u0142a\u015bciwym miejscu, aby kupi\u0107 pigu\u0142ki metadonu online.\",\"breadcrumb\":{\"@id\":\"https:\\\/\\\/everydaychemshop.com\\\/pl\\\/product\\\/kup-pigulki-metadonu-online\\\/#breadcrumb\"},\"inLanguage\":\"en-US\",\"potentialAction\":[{\"@type\":\"ReadAction\",\"target\":[\"https:\\\/\\\/everydaychemshop.com\\\/pl\\\/product\\\/kup-pigulki-metadonu-online\\\/\"]}]},{\"@type\":\"ImageObject\",\"inLanguage\":\"en-US\",\"@id\":\"https:\\\/\\\/everydaychemshop.com\\\/pl\\\/product\\\/kup-pigulki-metadonu-online\\\/#primaryimage\",\"url\":\"https:\\\/\\\/everydaychemshop.com\\\/pl\\\/wp-content\\\/uploads\\\/sites\\\/8\\\/2022\\\/11\\\/Dolophine-Methadone-10-MG.jpg\",\"contentUrl\":\"https:\\\/\\\/everydaychemshop.com\\\/pl\\\/wp-content\\\/uploads\\\/sites\\\/8\\\/2022\\\/11\\\/Dolophine-Methadone-10-MG.jpg\",\"width\":1200,\"height\":1200,\"caption\":\"Kup pigu\u0142ki Metadon online\"},{\"@type\":\"BreadcrumbList\",\"@id\":\"https:\\\/\\\/everydaychemshop.com\\\/pl\\\/product\\\/kup-pigulki-metadonu-online\\\/#breadcrumb\",\"itemListElement\":[{\"@type\":\"ListItem\",\"position\":1,\"name\":\"Home\",\"item\":\"https:\\\/\\\/everydaychemshop.com\\\/pl\\\/\"},{\"@type\":\"ListItem\",\"position\":2,\"name\":\"Produkty\",\"item\":\"https:\\\/\\\/everydaychemshop.com\\\/pl\\\/produkty\\\/\"},{\"@type\":\"ListItem\",\"position\":3,\"name\":\"Kup pigu\u0142ki Metadon online\"}]},{\"@type\":\"WebSite\",\"@id\":\"https:\\\/\\\/everydaychemshop.com\\\/pl\\\/#website\",\"url\":\"https:\\\/\\\/everydaychemshop.com\\\/pl\\\/\",\"name\":\"Everyday Chem Shop\",\"description\":\"\",\"potentialAction\":[{\"@type\":\"SearchAction\",\"target\":{\"@type\":\"EntryPoint\",\"urlTemplate\":\"https:\\\/\\\/everydaychemshop.com\\\/pl\\\/?s={search_term_string}\"},\"query-input\":{\"@type\":\"PropertyValueSpecification\",\"valueRequired\":true,\"valueName\":\"search_term_string\"}}],\"inLanguage\":\"en-US\"}]}<\/script>\n<!-- \/ Yoast SEO Premium plugin. -->","yoast_head_json":{"title":"Kup pigu\u0142ki Metadon online - Everyday Chem Shop","description":"Kup pigu\u0142ki Metadon online. Je\u015bli szukasz sposobu na zakup pigu\u0142ek metadonu przez Internet, to jeste\u015b we w\u0142a\u015bciwym miejscu, aby kupi\u0107 pigu\u0142ki metadonu online.","robots":{"index":"index","follow":"follow","max-snippet":"max-snippet:-1","max-image-preview":"max-image-preview:large","max-video-preview":"max-video-preview:-1"},"canonical":"https:\/\/everydaychemshop.com\/pl\/product\/kup-pigulki-metadonu-online\/","og_locale":"en_US","og_type":"article","og_title":"Kup pigu\u0142ki Metadon online","og_description":"Kup pigu\u0142ki Metadon online. Je\u015bli szukasz sposobu na zakup pigu\u0142ek metadonu przez Internet, to jeste\u015b we w\u0142a\u015bciwym miejscu, aby kupi\u0107 pigu\u0142ki metadonu online.","og_url":"https:\/\/everydaychemshop.com\/pl\/product\/kup-pigulki-metadonu-online\/","og_site_name":"Everyday Chem Shop","article_modified_time":"2023-04-07T19:53:42+00:00","og_image":[{"width":1200,"height":1200,"url":"https:\/\/everydaychemshop.com\/pl\/wp-content\/uploads\/sites\/8\/2022\/11\/Dolophine-Methadone-10-MG.jpg","type":"image\/jpeg"}],"twitter_card":"summary_large_image","twitter_misc":{"Est. reading time":"5 minutes"},"schema":{"@context":"https:\/\/schema.org","@graph":[{"@type":"WebPage","@id":"https:\/\/everydaychemshop.com\/pl\/product\/kup-pigulki-metadonu-online\/","url":"https:\/\/everydaychemshop.com\/pl\/product\/kup-pigulki-metadonu-online\/","name":"Kup pigu\u0142ki Metadon online - Everyday Chem Shop","isPartOf":{"@id":"https:\/\/everydaychemshop.com\/pl\/#website"},"primaryImageOfPage":{"@id":"https:\/\/everydaychemshop.com\/pl\/product\/kup-pigulki-metadonu-online\/#primaryimage"},"image":{"@id":"https:\/\/everydaychemshop.com\/pl\/product\/kup-pigulki-metadonu-online\/#primaryimage"},"thumbnailUrl":"https:\/\/everydaychemshop.com\/pl\/wp-content\/uploads\/sites\/8\/2022\/11\/Dolophine-Methadone-10-MG.jpg","datePublished":"2022-11-16T09:43:46+00:00","dateModified":"2023-04-07T19:53:42+00:00","description":"Kup pigu\u0142ki Metadon online. Je\u015bli szukasz sposobu na zakup pigu\u0142ek metadonu przez Internet, to jeste\u015b we w\u0142a\u015bciwym miejscu, aby kupi\u0107 pigu\u0142ki metadonu online.","breadcrumb":{"@id":"https:\/\/everydaychemshop.com\/pl\/product\/kup-pigulki-metadonu-online\/#breadcrumb"},"inLanguage":"en-US","potentialAction":[{"@type":"ReadAction","target":["https:\/\/everydaychemshop.com\/pl\/product\/kup-pigulki-metadonu-online\/"]}]},{"@type":"ImageObject","inLanguage":"en-US","@id":"https:\/\/everydaychemshop.com\/pl\/product\/kup-pigulki-metadonu-online\/#primaryimage","url":"https:\/\/everydaychemshop.com\/pl\/wp-content\/uploads\/sites\/8\/2022\/11\/Dolophine-Methadone-10-MG.jpg","contentUrl":"https:\/\/everydaychemshop.com\/pl\/wp-content\/uploads\/sites\/8\/2022\/11\/Dolophine-Methadone-10-MG.jpg","width":1200,"height":1200,"caption":"Kup pigu\u0142ki Metadon online"},{"@type":"BreadcrumbList","@id":"https:\/\/everydaychemshop.com\/pl\/product\/kup-pigulki-metadonu-online\/#breadcrumb","itemListElement":[{"@type":"ListItem","position":1,"name":"Home","item":"https:\/\/everydaychemshop.com\/pl\/"},{"@type":"ListItem","position":2,"name":"Produkty","item":"https:\/\/everydaychemshop.com\/pl\/produkty\/"},{"@type":"ListItem","position":3,"name":"Kup pigu\u0142ki Metadon online"}]},{"@type":"WebSite","@id":"https:\/\/everydaychemshop.com\/pl\/#website","url":"https:\/\/everydaychemshop.com\/pl\/","name":"Everyday Chem Shop","description":"","potentialAction":[{"@type":"SearchAction","target":{"@type":"EntryPoint","urlTemplate":"https:\/\/everydaychemshop.com\/pl\/?s={search_term_string}"},"query-input":{"@type":"PropertyValueSpecification","valueRequired":true,"valueName":"search_term_string"}}],"inLanguage":"en-US"}]}},"_links":{"self":[{"href":"https:\/\/everydaychemshop.com\/pl\/wp-json\/wp\/v2\/product\/7672","targetHints":{"allow":["GET"]}}],"collection":[{"href":"https:\/\/everydaychemshop.com\/pl\/wp-json\/wp\/v2\/product"}],"about":[{"href":"https:\/\/everydaychemshop.com\/pl\/wp-json\/wp\/v2\/types\/product"}],"replies":[{"embeddable":true,"href":"https:\/\/everydaychemshop.com\/pl\/wp-json\/wp\/v2\/comments?post=7672"}],"wp:featuredmedia":[{"embeddable":true,"href":"https:\/\/everydaychemshop.com\/pl\/wp-json\/wp\/v2\/media\/7693"}],"wp:attachment":[{"href":"https:\/\/everydaychemshop.com\/pl\/wp-json\/wp\/v2\/media?parent=7672"}],"wp:term":[{"taxonomy":"product_brand","embeddable":true,"href":"https:\/\/everydaychemshop.com\/pl\/wp-json\/wp\/v2\/product_brand?post=7672"},{"taxonomy":"product_cat","embeddable":true,"href":"https:\/\/everydaychemshop.com\/pl\/wp-json\/wp\/v2\/product_cat?post=7672"},{"taxonomy":"product_tag","embeddable":true,"href":"https:\/\/everydaychemshop.com\/pl\/wp-json\/wp\/v2\/product_tag?post=7672"}],"curies":[{"name":"wp","href":"https:\/\/api.w.org\/{rel}","templated":true}]}}