{"id":7680,"date":"2022-11-16T09:44:11","date_gmt":"2022-11-16T09:44:11","guid":{"rendered":"https:\/\/everydaychemshop.com\/pl\/?post_type=product&#038;p=7680"},"modified":"2023-04-07T19:51:56","modified_gmt":"2023-04-07T19:51:56","slug":"kup-pigulki-percocet-online","status":"publish","type":"product","link":"https:\/\/everydaychemshop.com\/pl\/product\/kup-pigulki-percocet-online\/","title":{"rendered":"Kup pigu\u0142ki Percocet online"},"content":{"rendered":"<h1>Kup pigu\u0142ki Percocet online<\/h1>\n<p><a href=\"https:\/\/everydaychemshop.com\/pl\/product\/kup-pigulki-percocet-online\/\">Kup pigu\u0142ki Percocet online<\/a>. Kup Percocet\u00a0Online za bitcoiny | Brak RXa. Kupowanie Percocetu\u00a0bez recepty przez Internet. sprzedam percocet 10 325. Kupowanie<\/p>\n<p>Wysokiej jako\u015bci generyczny i oryginalny\u00a0Percocet. Tanie pigu\u0142ki online bez recepty TERAZ. Zatwierdzony przez Trusted RX. 100% bezpieczne i anonimowe. Zakup<\/p>\n<p>PERCOCET 10\/325 zaliczany jest do klasy lek\u00f3w, kt\u00f3re powstaj\u0105 poprzez po\u0142\u0105czenie dw\u00f3ch lub wi\u0119cej soli w celu zwi\u0119kszenia ich zdolno\u015bci do dzia\u0142ania.<\/p>\n<p>Kup Percocet, Kup Percocet USA, Kup hurtowo Percocet, Kup Percocet Canada<\/p>\n<p>Ten z\u0142o\u017cony lek jest stosowany w celu \u0142agodzenia b\u00f3lu o nasileniu od <a href=\"https:\/\/en.wikipedia.org\/wiki\/Oxycodone\">umiarkowanego<\/a> do silnego. Zawiera opioidowy (narkotyczny) lek przeciwb\u00f3lowy (oksykodon) i nieopioidowy lek przeciwb\u00f3lowy (acetaminofen). Oksykodon dzia\u0142a w m\u00f3zgu, zmieniaj\u0105c spos\u00f3b odczuwania i reagowania organizmu na b\u00f3l. Acetaminofen mo\u017ce r\u00f3wnie\u017c obni\u017cy\u0107 gor\u0105czk\u0119.<\/p>\n<p>Czy wiesz gdzie kupi\u0107 tabletki Percocet bez recepty?<\/p>\n<p>Sprzeda\u017c pigu\u0142ek Percocet, warto\u015b\u0107 uliczna pigu\u0142ek Percocet, dawkowanie tabletek Percocet, jak zrobi\u0107 pigu\u0142ki Percocet, gdzie mog\u0119 kupi\u0107 pigu\u0142ki Percocet online, sk\u0105d wzi\u0105\u0107 pigu\u0142ki Percocet, co to s\u0105 pigu\u0142ki Percocet, Najwy\u017cszej jako\u015bci pigu\u0142ki Percocet na sprzeda\u017c. Wszystkie te pytania bez odpowiedzi mog\u0105 uzyska\u0107 odpowiedzi za naszym po\u015brednictwem. Wystarczy, \u017ce przejdziesz przez nasz\u0105 stron\u0119 internetow\u0105, a otrzymasz odpowiedzi na pytanie, jak i gdzie mo\u017cesz kupi\u0107 tabletki Percocet bez recepty online.<\/p>\n<p>A co z tabletkami Percocet? Czy wiesz r\u00f3wnie\u017c, gdzie mo\u017cna kupi\u0107 tabletki Percocet w sprzeda\u017cy online bez recepty? kup pigu\u0142ki Percocet na sprzeda\u017c, jak zrobi\u0107 pigu\u0142ki Percocet, jak wygl\u0105daj\u0105 pigu\u0142ki Percocet, cena uliczna tabletek Percocet, cena tabletek Percocet, gdzie kupi\u0107 pigu\u0142ki Percocet, czyste pigu\u0142ki Percocet, gdzie mog\u0119 kupi\u0107 pigu\u0142ki Percocet online bez recepty, kup czyste Tabletki Percocet online bez recepty.<\/p>\n<p>Dobrej jako\u015bci pigu\u0142ki Percocet online: Jest ca\u0142kowicie zrozumia\u0142e, \u017ce ludzie nie ufaj\u0105 szybko jako\u015bci tabletek Percocet sprzedawanych online, poniewa\u017c nie mog\u0105 ich fizycznie zbada\u0107. Ale to nie to samo z internetowymi dostawcami pigu\u0142ek Percocet. Produkty tutaj s\u0105 zgodne z opisem dzi\u0119ki wysokiej jako\u015bci konserwacji wykonywanej pod nadzorem ekspert\u00f3w.<\/p>\n<p>Szybka i dyskretna wysy\u0142ka: Dostawa tabletek Percocet online po otrzymaniu zam\u00f3wienia odbywa si\u0119 w obiecanym terminie. Zesp\u00f3\u0142 wysy\u0142kowy dok\u0142ada wszelkich stara\u0144, aby procedura wysy\u0142ki i dostawy przebiega\u0142a p\u0142ynnie i szybko. Mo\u017cesz r\u00f3wnie\u017c oczekiwa\u0107 doskona\u0142ych us\u0142ug przy zakupie tabletek Percocet online od profesjonalisty na platformie internetowej.<\/p>\n","protected":false},"excerpt":{"rendered":"<p>Ten lek jest stosowany w leczeniu b\u00f3lu o nasileniu od umiarkowanego do silnego.<\/p>\n","protected":false},"featured_media":7694,"comment_status":"open","ping_status":"closed","template":"","meta":{"inline_featured_image":false},"product_brand":[],"product_cat":[116],"product_tag":[174,169,168,172,173,170,171],"class_list":{"0":"post-7680","1":"product","2":"type-product","3":"status-publish","4":"has-post-thumbnail","6":"product_cat-pain-killers","7":"product_tag-gdzie-kupi-percocet-10-325-online","8":"product_tag-jak-kupi-percocet-10-325-online","9":"product_tag-kup-percocet-10-325-online","10":"product_tag-zakup-percocet-10-325-online","11":"product_tag-najlepsze-miejsce-do-kupowania-percocetu-10-325-online","12":"product_tag-order-percocet-10-325-online","13":"product_tag-sprzedam-percocet-10-325","15":"first","16":"instock","17":"shipping-taxable","18":"purchasable","19":"product-type-variable","20":"has-default-attributes"},"yoast_head":"<!-- This site is optimized with the Yoast SEO Premium plugin v19.2 (Yoast SEO v27.3) - https:\/\/yoast.com\/product\/yoast-seo-premium-wordpress\/ -->\n<title>Kup pigu\u0142ki Percocet online - Everyday Chem Shop<\/title>\n<meta name=\"description\" content=\"Kup pigu\u0142ki Percocet online. Je\u015bli szukasz sposobu na zakup tabletek Percocet online, jeste\u015b we w\u0142a\u015bciwym miejscu, aby kupi\u0107 tabletki Percocet online.\" \/>\n<meta name=\"robots\" content=\"index, follow, max-snippet:-1, max-image-preview:large, max-video-preview:-1\" \/>\n<link rel=\"canonical\" href=\"https:\/\/everydaychemshop.com\/pl\/product\/kup-pigulki-percocet-online\/\" \/>\n<meta property=\"og:locale\" content=\"en_US\" \/>\n<meta property=\"og:type\" content=\"article\" \/>\n<meta property=\"og:title\" content=\"Kup pigu\u0142ki Percocet online\" \/>\n<meta property=\"og:description\" content=\"Kup pigu\u0142ki Percocet online. Je\u015bli szukasz sposobu na zakup tabletek Percocet online, jeste\u015b we w\u0142a\u015bciwym miejscu, aby kupi\u0107 tabletki Percocet online.\" \/>\n<meta property=\"og:url\" content=\"https:\/\/everydaychemshop.com\/pl\/product\/kup-pigulki-percocet-online\/\" \/>\n<meta property=\"og:site_name\" content=\"Everyday Chem Shop\" \/>\n<meta property=\"article:modified_time\" content=\"2023-04-07T19:51:56+00:00\" \/>\n<meta property=\"og:image\" content=\"https:\/\/everydaychemshop.com\/pl\/wp-content\/uploads\/sites\/8\/2022\/11\/Buy-PERCOCET-10-mg.jpg\" \/>\n\t<meta property=\"og:image:width\" content=\"1200\" \/>\n\t<meta property=\"og:image:height\" content=\"1200\" \/>\n\t<meta property=\"og:image:type\" content=\"image\/jpeg\" \/>\n<meta name=\"twitter:card\" content=\"summary_large_image\" \/>\n<meta name=\"twitter:label1\" content=\"Est. reading time\" \/>\n\t<meta name=\"twitter:data1\" content=\"2 minutes\" \/>\n<script type=\"application\/ld+json\" class=\"yoast-schema-graph\">{\"@context\":\"https:\\\/\\\/schema.org\",\"@graph\":[{\"@type\":\"WebPage\",\"@id\":\"https:\\\/\\\/everydaychemshop.com\\\/pl\\\/product\\\/kup-pigulki-percocet-online\\\/\",\"url\":\"https:\\\/\\\/everydaychemshop.com\\\/pl\\\/product\\\/kup-pigulki-percocet-online\\\/\",\"name\":\"Kup pigu\u0142ki Percocet online - Everyday Chem Shop\",\"isPartOf\":{\"@id\":\"https:\\\/\\\/everydaychemshop.com\\\/pl\\\/#website\"},\"primaryImageOfPage\":{\"@id\":\"https:\\\/\\\/everydaychemshop.com\\\/pl\\\/product\\\/kup-pigulki-percocet-online\\\/#primaryimage\"},\"image\":{\"@id\":\"https:\\\/\\\/everydaychemshop.com\\\/pl\\\/product\\\/kup-pigulki-percocet-online\\\/#primaryimage\"},\"thumbnailUrl\":\"https:\\\/\\\/everydaychemshop.com\\\/pl\\\/wp-content\\\/uploads\\\/sites\\\/8\\\/2022\\\/11\\\/Buy-PERCOCET-10-mg.jpg\",\"datePublished\":\"2022-11-16T09:44:11+00:00\",\"dateModified\":\"2023-04-07T19:51:56+00:00\",\"description\":\"Kup pigu\u0142ki Percocet online. Je\u015bli szukasz sposobu na zakup tabletek Percocet online, jeste\u015b we w\u0142a\u015bciwym miejscu, aby kupi\u0107 tabletki Percocet online.\",\"breadcrumb\":{\"@id\":\"https:\\\/\\\/everydaychemshop.com\\\/pl\\\/product\\\/kup-pigulki-percocet-online\\\/#breadcrumb\"},\"inLanguage\":\"en-US\",\"potentialAction\":[{\"@type\":\"ReadAction\",\"target\":[\"https:\\\/\\\/everydaychemshop.com\\\/pl\\\/product\\\/kup-pigulki-percocet-online\\\/\"]}]},{\"@type\":\"ImageObject\",\"inLanguage\":\"en-US\",\"@id\":\"https:\\\/\\\/everydaychemshop.com\\\/pl\\\/product\\\/kup-pigulki-percocet-online\\\/#primaryimage\",\"url\":\"https:\\\/\\\/everydaychemshop.com\\\/pl\\\/wp-content\\\/uploads\\\/sites\\\/8\\\/2022\\\/11\\\/Buy-PERCOCET-10-mg.jpg\",\"contentUrl\":\"https:\\\/\\\/everydaychemshop.com\\\/pl\\\/wp-content\\\/uploads\\\/sites\\\/8\\\/2022\\\/11\\\/Buy-PERCOCET-10-mg.jpg\",\"width\":1200,\"height\":1200,\"caption\":\"Kup pigu\u0142ki Percocet online\"},{\"@type\":\"BreadcrumbList\",\"@id\":\"https:\\\/\\\/everydaychemshop.com\\\/pl\\\/product\\\/kup-pigulki-percocet-online\\\/#breadcrumb\",\"itemListElement\":[{\"@type\":\"ListItem\",\"position\":1,\"name\":\"Home\",\"item\":\"https:\\\/\\\/everydaychemshop.com\\\/pl\\\/\"},{\"@type\":\"ListItem\",\"position\":2,\"name\":\"Produkty\",\"item\":\"https:\\\/\\\/everydaychemshop.com\\\/pl\\\/produkty\\\/\"},{\"@type\":\"ListItem\",\"position\":3,\"name\":\"Kup pigu\u0142ki Percocet online\"}]},{\"@type\":\"WebSite\",\"@id\":\"https:\\\/\\\/everydaychemshop.com\\\/pl\\\/#website\",\"url\":\"https:\\\/\\\/everydaychemshop.com\\\/pl\\\/\",\"name\":\"Everyday Chem Shop\",\"description\":\"\",\"potentialAction\":[{\"@type\":\"SearchAction\",\"target\":{\"@type\":\"EntryPoint\",\"urlTemplate\":\"https:\\\/\\\/everydaychemshop.com\\\/pl\\\/?s={search_term_string}\"},\"query-input\":{\"@type\":\"PropertyValueSpecification\",\"valueRequired\":true,\"valueName\":\"search_term_string\"}}],\"inLanguage\":\"en-US\"}]}<\/script>\n<!-- \/ Yoast SEO Premium plugin. -->","yoast_head_json":{"title":"Kup pigu\u0142ki Percocet online - Everyday Chem Shop","description":"Kup pigu\u0142ki Percocet online. Je\u015bli szukasz sposobu na zakup tabletek Percocet online, jeste\u015b we w\u0142a\u015bciwym miejscu, aby kupi\u0107 tabletki Percocet online.","robots":{"index":"index","follow":"follow","max-snippet":"max-snippet:-1","max-image-preview":"max-image-preview:large","max-video-preview":"max-video-preview:-1"},"canonical":"https:\/\/everydaychemshop.com\/pl\/product\/kup-pigulki-percocet-online\/","og_locale":"en_US","og_type":"article","og_title":"Kup pigu\u0142ki Percocet online","og_description":"Kup pigu\u0142ki Percocet online. Je\u015bli szukasz sposobu na zakup tabletek Percocet online, jeste\u015b we w\u0142a\u015bciwym miejscu, aby kupi\u0107 tabletki Percocet online.","og_url":"https:\/\/everydaychemshop.com\/pl\/product\/kup-pigulki-percocet-online\/","og_site_name":"Everyday Chem Shop","article_modified_time":"2023-04-07T19:51:56+00:00","og_image":[{"width":1200,"height":1200,"url":"https:\/\/everydaychemshop.com\/pl\/wp-content\/uploads\/sites\/8\/2022\/11\/Buy-PERCOCET-10-mg.jpg","type":"image\/jpeg"}],"twitter_card":"summary_large_image","twitter_misc":{"Est. reading time":"2 minutes"},"schema":{"@context":"https:\/\/schema.org","@graph":[{"@type":"WebPage","@id":"https:\/\/everydaychemshop.com\/pl\/product\/kup-pigulki-percocet-online\/","url":"https:\/\/everydaychemshop.com\/pl\/product\/kup-pigulki-percocet-online\/","name":"Kup pigu\u0142ki Percocet online - Everyday Chem Shop","isPartOf":{"@id":"https:\/\/everydaychemshop.com\/pl\/#website"},"primaryImageOfPage":{"@id":"https:\/\/everydaychemshop.com\/pl\/product\/kup-pigulki-percocet-online\/#primaryimage"},"image":{"@id":"https:\/\/everydaychemshop.com\/pl\/product\/kup-pigulki-percocet-online\/#primaryimage"},"thumbnailUrl":"https:\/\/everydaychemshop.com\/pl\/wp-content\/uploads\/sites\/8\/2022\/11\/Buy-PERCOCET-10-mg.jpg","datePublished":"2022-11-16T09:44:11+00:00","dateModified":"2023-04-07T19:51:56+00:00","description":"Kup pigu\u0142ki Percocet online. Je\u015bli szukasz sposobu na zakup tabletek Percocet online, jeste\u015b we w\u0142a\u015bciwym miejscu, aby kupi\u0107 tabletki Percocet online.","breadcrumb":{"@id":"https:\/\/everydaychemshop.com\/pl\/product\/kup-pigulki-percocet-online\/#breadcrumb"},"inLanguage":"en-US","potentialAction":[{"@type":"ReadAction","target":["https:\/\/everydaychemshop.com\/pl\/product\/kup-pigulki-percocet-online\/"]}]},{"@type":"ImageObject","inLanguage":"en-US","@id":"https:\/\/everydaychemshop.com\/pl\/product\/kup-pigulki-percocet-online\/#primaryimage","url":"https:\/\/everydaychemshop.com\/pl\/wp-content\/uploads\/sites\/8\/2022\/11\/Buy-PERCOCET-10-mg.jpg","contentUrl":"https:\/\/everydaychemshop.com\/pl\/wp-content\/uploads\/sites\/8\/2022\/11\/Buy-PERCOCET-10-mg.jpg","width":1200,"height":1200,"caption":"Kup pigu\u0142ki Percocet online"},{"@type":"BreadcrumbList","@id":"https:\/\/everydaychemshop.com\/pl\/product\/kup-pigulki-percocet-online\/#breadcrumb","itemListElement":[{"@type":"ListItem","position":1,"name":"Home","item":"https:\/\/everydaychemshop.com\/pl\/"},{"@type":"ListItem","position":2,"name":"Produkty","item":"https:\/\/everydaychemshop.com\/pl\/produkty\/"},{"@type":"ListItem","position":3,"name":"Kup pigu\u0142ki Percocet online"}]},{"@type":"WebSite","@id":"https:\/\/everydaychemshop.com\/pl\/#website","url":"https:\/\/everydaychemshop.com\/pl\/","name":"Everyday Chem Shop","description":"","potentialAction":[{"@type":"SearchAction","target":{"@type":"EntryPoint","urlTemplate":"https:\/\/everydaychemshop.com\/pl\/?s={search_term_string}"},"query-input":{"@type":"PropertyValueSpecification","valueRequired":true,"valueName":"search_term_string"}}],"inLanguage":"en-US"}]}},"_links":{"self":[{"href":"https:\/\/everydaychemshop.com\/pl\/wp-json\/wp\/v2\/product\/7680","targetHints":{"allow":["GET"]}}],"collection":[{"href":"https:\/\/everydaychemshop.com\/pl\/wp-json\/wp\/v2\/product"}],"about":[{"href":"https:\/\/everydaychemshop.com\/pl\/wp-json\/wp\/v2\/types\/product"}],"replies":[{"embeddable":true,"href":"https:\/\/everydaychemshop.com\/pl\/wp-json\/wp\/v2\/comments?post=7680"}],"wp:featuredmedia":[{"embeddable":true,"href":"https:\/\/everydaychemshop.com\/pl\/wp-json\/wp\/v2\/media\/7694"}],"wp:attachment":[{"href":"https:\/\/everydaychemshop.com\/pl\/wp-json\/wp\/v2\/media?parent=7680"}],"wp:term":[{"taxonomy":"product_brand","embeddable":true,"href":"https:\/\/everydaychemshop.com\/pl\/wp-json\/wp\/v2\/product_brand?post=7680"},{"taxonomy":"product_cat","embeddable":true,"href":"https:\/\/everydaychemshop.com\/pl\/wp-json\/wp\/v2\/product_cat?post=7680"},{"taxonomy":"product_tag","embeddable":true,"href":"https:\/\/everydaychemshop.com\/pl\/wp-json\/wp\/v2\/product_tag?post=7680"}],"curies":[{"name":"wp","href":"https:\/\/api.w.org\/{rel}","templated":true}]}}