{"id":7699,"date":"2022-11-16T09:44:40","date_gmt":"2022-11-16T09:44:40","guid":{"rendered":"https:\/\/everydaychemshop.com\/pl\/?post_type=product&#038;p=7699"},"modified":"2023-04-07T19:49:39","modified_gmt":"2023-04-07T19:49:39","slug":"kup-dilaudid-pigulki-online","status":"publish","type":"product","link":"https:\/\/everydaychemshop.com\/pl\/product\/kup-dilaudid-pigulki-online\/","title":{"rendered":"Kup pigu\u0142ki Dilaudid przez Internet"},"content":{"rendered":"<h1>Kup pigu\u0142ki Dilaudid przez Internet<\/h1>\n<p><a href=\"https:\/\/everydaychemshop.com\/pl\/product\/kup-dilaudid-pigulki-online\/\">Kup pigu\u0142ki Dilaudid przez Internet<\/a>. Kup Dilaudid 8 mg, hydromorfon to opioidowy lek przeciwb\u00f3lowy. Opioid jest czasem nazywany narkotykiem.<\/p>\n<p>Dilaudid 8 mg stosuje si\u0119 w leczeniu b\u00f3lu <a href=\"https:\/\/en.wikipedia.org\/wiki\/Hydromorphone\">umiarkowanego<\/a> do silnego b\u00f3lu .<\/p>\n<p>Posta\u0107 tego leku o przed\u0142u\u017conym uwalnianiu jest przeznaczona do ca\u0142odobowego leczenia b\u00f3lu o nasileniu od umiarkowanego do silnego. Ta posta\u0107 leku Dilaudid 8 mg nie jest przeznaczona do stosowania dora\u017anego w przypadku b\u00f3lu.<\/p>\n<p>Dilaudid 8 mg Hydromorfon mo\u017cna r\u00f3wnie\u017c stosowa\u0107 do cel\u00f3w niewymienionych w tym przewodniku po lekach.<\/p>\n<h4>Jakie s\u0105 najwa\u017cniejsze informacje, kt\u00f3re powinienem wiedzie\u0107 o hydromorfonie?<\/h4>\n<p>Nie powiniene\u015b przyjmowa\u0107 hydromorfonu, je\u015bli masz powa\u017cne problemy z oddychaniem lub niedro\u017cno\u015b\u0107 \u017co\u0142\u0105dka lub jelit.<\/p>\n<p><b> Dilaudid 8 mg hydromorfon mo\u017ce spowolni\u0107 lub zatrzyma\u0107 oddech i mo\u017ce wywo\u0142ywa\u0107 nawyk.<\/b>\u00a0Stosuj tylko przepisan\u0105 dawk\u0119 i po\u0142ykaj pigu\u0142k\u0119 o przed\u0142u\u017conym uwalnianiu w ca\u0142o\u015bci, aby unikn\u0105\u0107 dawki potencjalnie \u015bmiertelnej. Nigdy nie udost\u0119pniaj Dilaudid 8 mg innej osobie.<\/p>\n<figure class=\"promo-box vmig slideshow ga-event\" data-ga_event-category=\"Slideshow\" data-ga_event-action=\"SS-Promo-Impression\" data-ga_event-noninteraction=\"true\"><figcaption><\/figcaption><\/figure>\n<p><strong>NADU\u017bYWANIE \u015aRODK\u00d3W NARKOTYCZNYCH MO\u017bE SPOWODOWA\u0106 UZALE\u017bNIENIE, PRZEDAWKOWANIE LUB \u015aMIER\u0106, szczeg\u00f3lnie u dziecka lub innej osoby stosuj\u0105cej lek bez recepty.<\/strong><\/p>\n<p><strong>Dilaudid 8 mg mo\u017ce powodowa\u0107 zagra\u017caj\u0105ce \u017cyciu objawy odstawienne u noworodka, je\u015bli matka przyjmowa\u0142a ten lek w czasie ci\u0105\u017cy.<\/strong><\/p>\n<p><b>Nie pij alkoholu.<\/b>\u00a0Mog\u0105 wyst\u0105pi\u0107 niebezpieczne skutki uboczne lub \u015bmier\u0107.<\/p>\n<p>O czym powinienem porozmawia\u0107 z lekarzem przed zastosowaniem hydromorfonu?<\/p>\n<p>Powiniene\u015b nie nale\u017cy przyjmowa\u0107 tego leku, je\u015bli kiedykolwiek wyst\u0105pi\u0142a reakcja alergiczna na hydromorfon lub inne \u015brodki odurzaj\u0105ce lub je\u015bli u pacjenta wyst\u0119puje:<\/p>\n<ul>\n<li>ci\u0119\u017cka astma lub problemy z oddychaniem;<\/li>\n<li>niedro\u017cno\u015b\u0107 dr\u00f3g oddechowych tw\u00f3j \u017co\u0142\u0105dek lub jelita; lub<\/li>\n<li>niedro\u017cno\u015b\u0107 jelit zwana pora\u017cenn\u0105 niedro\u017cno\u015bci\u0105 jelit.<\/li>\n<\/ul>\n<p>Dilaudid 8 mg hydromorfonu, je\u015bli w ci\u0105gu ostatnich 14 dni stosowano inhibitor MAO. Mo\u017ce wyst\u0105pi\u0107 niebezpieczna interakcja z lekami. Inhibitory MAO obejmuj\u0105 izokarboksazyd, linezolid, b\u0142\u0119kit metylenowy do wstrzykiwa\u0144, fenelzyn\u0119, rasagilin\u0119, selegilin\u0119, tranylcypromin\u0119 i inne.<\/p>\n<p>Niekt\u00f3re leki mog\u0105 wchodzi\u0107 w interakcje z hydromorfonem i powodowa\u0107 powa\u017cny stan zwany zespo\u0142em serotoninowym. Upewnij si\u0119, \u017ce tw\u00f3j lekarz wie, czy bierzesz r\u00f3wnie\u017c leki na depresj\u0119, choroby psychiczne, chorob\u0119 Parkinsona, migrenowe b\u00f3le g\u0142owy, powa\u017cne infekcje lub zapobieganie nudno\u015bciom i wymiotom. Zapytaj swojego lekarza przed wprowadzeniem jakichkolwiek zmian w sposobie lub czasie przyjmowania lek\u00f3w.<\/p>\n<p>Mo\u017cesz nie by\u0107 w stanie przyjmowa\u0107 Dilaudid 8 mg hydromorfonu, je\u015bli NIE jeste\u015b ju\u017c leczony podobnym opioidowym (narkotycznym) lekiem przeciwb\u00f3lowym i s\u0105 na to tolerancyjni. Porozmawiaj z lekarzem, je\u015bli nie masz pewno\u015bci, czy tolerujesz opioidy.<\/p>\n<p>Aby upewni\u0107 si\u0119, \u017ce hydromorfon jest dla Ciebie bezpieczny, powiedz swojemu lekarzowi, je\u015bli masz:<\/p>\n<ul>\n<li>dowolny typ problem\u00f3w z oddychaniem lub chor\u00f3b p\u0142uc;<\/li>\n<li>przebyty uraz g\u0142owy, guz m\u00f3zgu lub drgawki;<\/li>\n<li>przebyty przypadek nadu\u017cywania narkotyk\u00f3w, uzale\u017cnienia od alkoholu lub choroby psychicznej;<\/li>\n<li>problemy z oddawaniem moczu;<\/li>\n<li>choroba w\u0105troby lub nerek;<\/li>\n<li>alergia na siarczyny;<\/li>\n<li>choroba Addisona lub inne zaburzenia nadnerczy;<\/li>\n<li>problemy z p\u0119cherzykiem \u017c\u00f3\u0142ciowym, trzustk\u0105 lub tarczyc\u0105; lub<\/li>\n<li>je\u015bli u\u017cywasz \u015brodk\u00f3w uspokajaj\u0105cych, takich jak Valium (diazepam, alprazolam, lorazepam, Ativan, Klonopin, Restoril, Tranxene, Versed, Xanax i inne).<\/li>\n<\/ul>\n<p><strong>Czy wiesz, gdzie kupi\u0107 tabletki Dilaudid bez recepty?<\/strong><\/p>\n<p>Sprzeda\u017c tabletek Dilaudid, warto\u015b\u0107 uliczna tabletek Dilaudid, dawkowanie tabletek Dilaudid, jak zrobi\u0107 tabletki Dilaudid, gdzie mog\u0119 kupi\u0107 tabletki Dilaudid online , gdzie kupi\u0107 tabletki Dilaudid , co to s\u0105 tabletki Dilaudid , Dilaudid najwy\u017cszej jako\u015bci Do sprzedania pigu\u0142ki. Wszystkie te pytania bez odpowiedzi mog\u0105 uzyska\u0107 odpowiedzi za naszym po\u015brednictwem. Wystarczy, \u017ce przejrzysz nasz\u0105 stron\u0119 internetow\u0105, a uzyskasz odpowiedzi, jak i gdzie mo\u017cesz kupi\u0107 pigu\u0142ki fentanylu bez recepty online.<\/p>\n<p>A co z tabletkami Dilaudid? Czy wiesz r\u00f3wnie\u017c, gdzie mo\u017cna kupi\u0107 tabletki Dilaudid w sprzeda\u017cy online bez recepty? kup pigu\u0142ki Dilaudid na sprzeda\u017c, jak zrobi\u0107 pigu\u0142ki Dilaudid, jak wygl\u0105daj\u0105 pigu\u0142ki Dilaudid, cena uliczna pigu\u0142ek Dilaudid, cena pigu\u0142ek Dilaudid, gdzie kupi\u0107 pigu\u0142ki Dilaudid, czyste pigu\u0142ki Dilaudid, gdzie mog\u0119 kupi\u0107 pigu\u0142ki Dilaudid online bez recepty, kup czyste Tabletki Dilaudid online bez recepty.<\/p>\n<p>Dobrej jako\u015bci tabletki Dilaudid online: Jest ca\u0142kowicie zrozumia\u0142e, \u017ce ludzie nie ufaj\u0105 szybko jako\u015bci tabletek Dilaudid sprzedawanych online, poniewa\u017c nie mog\u0105 ich fizycznie zbada\u0107. Ale to nie to samo z internetowymi dostawcami pigu\u0142ek Dilaudid. Produkty tutaj s\u0105 zgodne z opisem, a konserwacja wysokiej jako\u015bci jest wykonywana pod nadzorem ekspert\u00f3w.<\/p>\n<p>Szybko &amp; Dyskretna wysy\u0142ka: Dostawa tabletek Dilaudid online po otrzymaniu zam\u00f3wienia odbywa si\u0119 w obiecanym terminie. Zesp\u00f3\u0142 wysy\u0142kowy dok\u0142ada wszelkich stara\u0144, aby procedura wysy\u0142ki i dostawy przebiega\u0142a p\u0142ynnie i szybko. Mo\u017cesz r\u00f3wnie\u017c oczekiwa\u0107 doskona\u0142ych us\u0142ug przy zakupie tabletek Dilaudid online od profesjonalisty na platformie internetowej.<\/p>\n","protected":false},"excerpt":{"rendered":"<p><b>Dilaudid 8 mg hydromorfon mo\u017ce spowolni\u0107 lub zatrzyma\u0107 oddech i mo\u017ce wywo\u0142ywa\u0107 nawyk.<\/b>\u00a0Stosuj tylko przepisan\u0105 dawk\u0119 i po\u0142ykaj pigu\u0142k\u0119 o przed\u0142u\u017conym uwalnianiu w ca\u0142o\u015bci, aby unikn\u0105\u0107 dawki potencjalnie \u015bmiertelnej. Nigdy nie udost\u0119pniaj leku Dilaudid 8 mg innej osobie.<\/p>\n","protected":false},"featured_media":7715,"comment_status":"open","ping_status":"closed","template":"","meta":{"inline_featured_image":false},"product_brand":[],"product_cat":[116],"product_tag":[192,188,186,187,190,191,189],"class_list":{"0":"post-7699","1":"product","2":"type-product","3":"status-publish","4":"has-post-thumbnail","6":"product_cat-pain-killers","7":"product_tag-gdzie-kupi-dilaudid-8-mg-online","8":"product_tag-jak-kupi-dilaudid-8-mg-online","9":"product_tag-kup-dilaudid-8-mg-online","10":"product_tag-dilaudid-8-mg-na-sprzedam","11":"product_tag-purchase-dilaudid-8-mg-online","12":"product_tag-zakady-miejsce-do-kupowania-dilaudid-8-mg-online","13":"product_tag-zamw-dilaudid-8-mg-online","15":"first","16":"instock","17":"shipping-taxable","18":"purchasable","19":"product-type-variable","20":"has-default-attributes"},"yoast_head":"<!-- This site is optimized with the Yoast SEO Premium plugin v19.2 (Yoast SEO v27.3) - https:\/\/yoast.com\/product\/yoast-seo-premium-wordpress\/ -->\n<title>Kup pigu\u0142ki Dilaudid przez Internet - Everyday Chem Shop<\/title>\n<meta name=\"description\" content=\"Kup pigu\u0142ki Dilaudid przez Internet. Je\u015bli szukasz sposobu na zakup tabletek Dilaudid przez Internet, to jeste\u015b we w\u0142a\u015bciwym miejscu, aby kupi\u0107 tabletki Dilaudid online.\" \/>\n<meta name=\"robots\" content=\"index, follow, max-snippet:-1, max-image-preview:large, max-video-preview:-1\" \/>\n<link rel=\"canonical\" href=\"https:\/\/everydaychemshop.com\/pl\/product\/kup-dilaudid-pigulki-online\/\" \/>\n<meta property=\"og:locale\" content=\"en_US\" \/>\n<meta property=\"og:type\" content=\"article\" \/>\n<meta property=\"og:title\" content=\"Kup pigu\u0142ki Dilaudid przez Internet\" \/>\n<meta property=\"og:description\" content=\"Kup pigu\u0142ki Dilaudid przez Internet. Je\u015bli szukasz sposobu na zakup tabletek Dilaudid przez Internet, to jeste\u015b we w\u0142a\u015bciwym miejscu, aby kupi\u0107 tabletki Dilaudid online.\" \/>\n<meta property=\"og:url\" content=\"https:\/\/everydaychemshop.com\/pl\/product\/kup-dilaudid-pigulki-online\/\" \/>\n<meta property=\"og:site_name\" content=\"Everyday Chem Shop\" \/>\n<meta property=\"article:modified_time\" content=\"2023-04-07T19:49:39+00:00\" \/>\n<meta property=\"og:image\" content=\"https:\/\/everydaychemshop.com\/pl\/wp-content\/uploads\/sites\/8\/2022\/11\/Buy-Dilaudid-8-mg.jpg\" \/>\n\t<meta property=\"og:image:width\" content=\"1200\" \/>\n\t<meta property=\"og:image:height\" content=\"1200\" \/>\n\t<meta property=\"og:image:type\" content=\"image\/jpeg\" \/>\n<meta name=\"twitter:card\" content=\"summary_large_image\" \/>\n<meta name=\"twitter:label1\" content=\"Est. reading time\" \/>\n\t<meta name=\"twitter:data1\" content=\"3 minutes\" \/>\n<script type=\"application\/ld+json\" class=\"yoast-schema-graph\">{\"@context\":\"https:\\\/\\\/schema.org\",\"@graph\":[{\"@type\":\"WebPage\",\"@id\":\"https:\\\/\\\/everydaychemshop.com\\\/pl\\\/product\\\/kup-dilaudid-pigulki-online\\\/\",\"url\":\"https:\\\/\\\/everydaychemshop.com\\\/pl\\\/product\\\/kup-dilaudid-pigulki-online\\\/\",\"name\":\"Kup pigu\u0142ki Dilaudid przez Internet - Everyday Chem Shop\",\"isPartOf\":{\"@id\":\"https:\\\/\\\/everydaychemshop.com\\\/pl\\\/#website\"},\"primaryImageOfPage\":{\"@id\":\"https:\\\/\\\/everydaychemshop.com\\\/pl\\\/product\\\/kup-dilaudid-pigulki-online\\\/#primaryimage\"},\"image\":{\"@id\":\"https:\\\/\\\/everydaychemshop.com\\\/pl\\\/product\\\/kup-dilaudid-pigulki-online\\\/#primaryimage\"},\"thumbnailUrl\":\"https:\\\/\\\/everydaychemshop.com\\\/pl\\\/wp-content\\\/uploads\\\/sites\\\/8\\\/2022\\\/11\\\/Buy-Dilaudid-8-mg.jpg\",\"datePublished\":\"2022-11-16T09:44:40+00:00\",\"dateModified\":\"2023-04-07T19:49:39+00:00\",\"description\":\"Kup pigu\u0142ki Dilaudid przez Internet. Je\u015bli szukasz sposobu na zakup tabletek Dilaudid przez Internet, to jeste\u015b we w\u0142a\u015bciwym miejscu, aby kupi\u0107 tabletki Dilaudid online.\",\"breadcrumb\":{\"@id\":\"https:\\\/\\\/everydaychemshop.com\\\/pl\\\/product\\\/kup-dilaudid-pigulki-online\\\/#breadcrumb\"},\"inLanguage\":\"en-US\",\"potentialAction\":[{\"@type\":\"ReadAction\",\"target\":[\"https:\\\/\\\/everydaychemshop.com\\\/pl\\\/product\\\/kup-dilaudid-pigulki-online\\\/\"]}]},{\"@type\":\"ImageObject\",\"inLanguage\":\"en-US\",\"@id\":\"https:\\\/\\\/everydaychemshop.com\\\/pl\\\/product\\\/kup-dilaudid-pigulki-online\\\/#primaryimage\",\"url\":\"https:\\\/\\\/everydaychemshop.com\\\/pl\\\/wp-content\\\/uploads\\\/sites\\\/8\\\/2022\\\/11\\\/Buy-Dilaudid-8-mg.jpg\",\"contentUrl\":\"https:\\\/\\\/everydaychemshop.com\\\/pl\\\/wp-content\\\/uploads\\\/sites\\\/8\\\/2022\\\/11\\\/Buy-Dilaudid-8-mg.jpg\",\"width\":1200,\"height\":1200,\"caption\":\"Kup pigu\u0142ki Dilaudid przez Internet\"},{\"@type\":\"BreadcrumbList\",\"@id\":\"https:\\\/\\\/everydaychemshop.com\\\/pl\\\/product\\\/kup-dilaudid-pigulki-online\\\/#breadcrumb\",\"itemListElement\":[{\"@type\":\"ListItem\",\"position\":1,\"name\":\"Home\",\"item\":\"https:\\\/\\\/everydaychemshop.com\\\/pl\\\/\"},{\"@type\":\"ListItem\",\"position\":2,\"name\":\"Produkty\",\"item\":\"https:\\\/\\\/everydaychemshop.com\\\/pl\\\/produkty\\\/\"},{\"@type\":\"ListItem\",\"position\":3,\"name\":\"Kup pigu\u0142ki Dilaudid przez Internet\"}]},{\"@type\":\"WebSite\",\"@id\":\"https:\\\/\\\/everydaychemshop.com\\\/pl\\\/#website\",\"url\":\"https:\\\/\\\/everydaychemshop.com\\\/pl\\\/\",\"name\":\"Everyday Chem Shop\",\"description\":\"\",\"potentialAction\":[{\"@type\":\"SearchAction\",\"target\":{\"@type\":\"EntryPoint\",\"urlTemplate\":\"https:\\\/\\\/everydaychemshop.com\\\/pl\\\/?s={search_term_string}\"},\"query-input\":{\"@type\":\"PropertyValueSpecification\",\"valueRequired\":true,\"valueName\":\"search_term_string\"}}],\"inLanguage\":\"en-US\"}]}<\/script>\n<!-- \/ Yoast SEO Premium plugin. -->","yoast_head_json":{"title":"Kup pigu\u0142ki Dilaudid przez Internet - Everyday Chem Shop","description":"Kup pigu\u0142ki Dilaudid przez Internet. Je\u015bli szukasz sposobu na zakup tabletek Dilaudid przez Internet, to jeste\u015b we w\u0142a\u015bciwym miejscu, aby kupi\u0107 tabletki Dilaudid online.","robots":{"index":"index","follow":"follow","max-snippet":"max-snippet:-1","max-image-preview":"max-image-preview:large","max-video-preview":"max-video-preview:-1"},"canonical":"https:\/\/everydaychemshop.com\/pl\/product\/kup-dilaudid-pigulki-online\/","og_locale":"en_US","og_type":"article","og_title":"Kup pigu\u0142ki Dilaudid przez Internet","og_description":"Kup pigu\u0142ki Dilaudid przez Internet. Je\u015bli szukasz sposobu na zakup tabletek Dilaudid przez Internet, to jeste\u015b we w\u0142a\u015bciwym miejscu, aby kupi\u0107 tabletki Dilaudid online.","og_url":"https:\/\/everydaychemshop.com\/pl\/product\/kup-dilaudid-pigulki-online\/","og_site_name":"Everyday Chem Shop","article_modified_time":"2023-04-07T19:49:39+00:00","og_image":[{"width":1200,"height":1200,"url":"https:\/\/everydaychemshop.com\/pl\/wp-content\/uploads\/sites\/8\/2022\/11\/Buy-Dilaudid-8-mg.jpg","type":"image\/jpeg"}],"twitter_card":"summary_large_image","twitter_misc":{"Est. reading time":"3 minutes"},"schema":{"@context":"https:\/\/schema.org","@graph":[{"@type":"WebPage","@id":"https:\/\/everydaychemshop.com\/pl\/product\/kup-dilaudid-pigulki-online\/","url":"https:\/\/everydaychemshop.com\/pl\/product\/kup-dilaudid-pigulki-online\/","name":"Kup pigu\u0142ki Dilaudid przez Internet - Everyday Chem Shop","isPartOf":{"@id":"https:\/\/everydaychemshop.com\/pl\/#website"},"primaryImageOfPage":{"@id":"https:\/\/everydaychemshop.com\/pl\/product\/kup-dilaudid-pigulki-online\/#primaryimage"},"image":{"@id":"https:\/\/everydaychemshop.com\/pl\/product\/kup-dilaudid-pigulki-online\/#primaryimage"},"thumbnailUrl":"https:\/\/everydaychemshop.com\/pl\/wp-content\/uploads\/sites\/8\/2022\/11\/Buy-Dilaudid-8-mg.jpg","datePublished":"2022-11-16T09:44:40+00:00","dateModified":"2023-04-07T19:49:39+00:00","description":"Kup pigu\u0142ki Dilaudid przez Internet. Je\u015bli szukasz sposobu na zakup tabletek Dilaudid przez Internet, to jeste\u015b we w\u0142a\u015bciwym miejscu, aby kupi\u0107 tabletki Dilaudid online.","breadcrumb":{"@id":"https:\/\/everydaychemshop.com\/pl\/product\/kup-dilaudid-pigulki-online\/#breadcrumb"},"inLanguage":"en-US","potentialAction":[{"@type":"ReadAction","target":["https:\/\/everydaychemshop.com\/pl\/product\/kup-dilaudid-pigulki-online\/"]}]},{"@type":"ImageObject","inLanguage":"en-US","@id":"https:\/\/everydaychemshop.com\/pl\/product\/kup-dilaudid-pigulki-online\/#primaryimage","url":"https:\/\/everydaychemshop.com\/pl\/wp-content\/uploads\/sites\/8\/2022\/11\/Buy-Dilaudid-8-mg.jpg","contentUrl":"https:\/\/everydaychemshop.com\/pl\/wp-content\/uploads\/sites\/8\/2022\/11\/Buy-Dilaudid-8-mg.jpg","width":1200,"height":1200,"caption":"Kup pigu\u0142ki Dilaudid przez Internet"},{"@type":"BreadcrumbList","@id":"https:\/\/everydaychemshop.com\/pl\/product\/kup-dilaudid-pigulki-online\/#breadcrumb","itemListElement":[{"@type":"ListItem","position":1,"name":"Home","item":"https:\/\/everydaychemshop.com\/pl\/"},{"@type":"ListItem","position":2,"name":"Produkty","item":"https:\/\/everydaychemshop.com\/pl\/produkty\/"},{"@type":"ListItem","position":3,"name":"Kup pigu\u0142ki Dilaudid przez Internet"}]},{"@type":"WebSite","@id":"https:\/\/everydaychemshop.com\/pl\/#website","url":"https:\/\/everydaychemshop.com\/pl\/","name":"Everyday Chem Shop","description":"","potentialAction":[{"@type":"SearchAction","target":{"@type":"EntryPoint","urlTemplate":"https:\/\/everydaychemshop.com\/pl\/?s={search_term_string}"},"query-input":{"@type":"PropertyValueSpecification","valueRequired":true,"valueName":"search_term_string"}}],"inLanguage":"en-US"}]}},"_links":{"self":[{"href":"https:\/\/everydaychemshop.com\/pl\/wp-json\/wp\/v2\/product\/7699","targetHints":{"allow":["GET"]}}],"collection":[{"href":"https:\/\/everydaychemshop.com\/pl\/wp-json\/wp\/v2\/product"}],"about":[{"href":"https:\/\/everydaychemshop.com\/pl\/wp-json\/wp\/v2\/types\/product"}],"replies":[{"embeddable":true,"href":"https:\/\/everydaychemshop.com\/pl\/wp-json\/wp\/v2\/comments?post=7699"}],"wp:featuredmedia":[{"embeddable":true,"href":"https:\/\/everydaychemshop.com\/pl\/wp-json\/wp\/v2\/media\/7715"}],"wp:attachment":[{"href":"https:\/\/everydaychemshop.com\/pl\/wp-json\/wp\/v2\/media?parent=7699"}],"wp:term":[{"taxonomy":"product_brand","embeddable":true,"href":"https:\/\/everydaychemshop.com\/pl\/wp-json\/wp\/v2\/product_brand?post=7699"},{"taxonomy":"product_cat","embeddable":true,"href":"https:\/\/everydaychemshop.com\/pl\/wp-json\/wp\/v2\/product_cat?post=7699"},{"taxonomy":"product_tag","embeddable":true,"href":"https:\/\/everydaychemshop.com\/pl\/wp-json\/wp\/v2\/product_tag?post=7699"}],"curies":[{"name":"wp","href":"https:\/\/api.w.org\/{rel}","templated":true}]}}