{"id":7704,"date":"2022-11-16T09:44:41","date_gmt":"2022-11-16T09:44:41","guid":{"rendered":"https:\/\/everydaychemshop.com\/pl\/?post_type=product&#038;p=7704"},"modified":"2025-11-23T15:38:31","modified_gmt":"2025-11-23T15:38:31","slug":"kup-pigulki-fentanyl-online","status":"publish","type":"product","link":"https:\/\/everydaychemshop.com\/pl\/product\/kup-pigulki-fentanyl-online\/","title":{"rendered":"Kup pigu\u0142ki Fentanyl online"},"content":{"rendered":"<h1>Kup tabletki z fentanylem online \u2013 dyskretna i szybka wysy\u0142ka w celu u\u015bmierzenia b\u00f3lu<\/h1>\n<p><a href=\"https:\/\/everydaychemshop.com\/pl\/product\/kup-pigulki-fentanyl-online\/\">Kup tabletki z fentanylem online<\/a>. Szukasz niezawodnych tabletek z fentanylem na sprzeda\u017c, kt\u00f3re pomog\u0105 Ci z\u0142agodzi\u0107 b\u00f3l przebijaj\u0105cy lub silny b\u00f3l przewlek\u0142y? W Everyday Chem Shop oferujemy wysokiej jako\u015bci, medyczny lek z fentanylem, opracowany z my\u015bl\u0105 o bezpiecznym i skutecznym u\u015bmierzaniu b\u00f3lu opioidowego. Nasze przez\u015bluz\u00f3wkowe pastylki z cytrynianem fentanylu (100 mcg) zapewniaj\u0105 szybk\u0105 absorpcj\u0119 w chwilach, gdy b\u00f3l uderza z ca\u0142\u0105 moc\u0105.<\/p>\n<p>Jako zaufana apteka internetowa, priorytetowo traktujemy Twoj\u0105 prywatno\u015b\u0107 i wygod\u0119. Zam\u00f3w tabletki z fentanylem online ju\u017c dzi\u015b z pewno\u015bci\u0105 \u2013 bez k\u0142opot\u00f3w, tylko wysokiej jako\u015bci syntetyczne opioidowe leki przeciwb\u00f3lowe dostarczane prosto pod Twoje drzwi.<\/p>\n<p>Dlaczego warto wybra\u0107 nasze tabletki z fentanylem na b\u00f3l?<\/p>\n<p>Fentanyl to silny opioidowy lek przeciwb\u00f3lowy przepisywany doros\u0142ym z przewlek\u0142ym b\u00f3lem o nasileniu od umiarkowanego do silnego, kt\u00f3ry nie reaguje na inne metody leczenia. Nasze tabletki fentanylu 100 mcg to:<\/p>\n<p>Szybko dzia\u0142aj\u0105ce: Szybko rozpuszczaj\u0105 si\u0119 pod j\u0119zykiem, zapewniaj\u0105c natychmiastow\u0105 ulg\u0119 \u2013 idealne w b\u00f3lu nowotworowym lub rekonwalescencji pooperacyjnej.<br \/>\nDyskretne opakowanie: Wysy\u0142ane w nieoznakowanych pude\u0142kach, aby zapewni\u0107 prywatno\u015b\u0107 zakup\u00f3w fentanylu online.<br \/>\nJako\u015b\u0107 farmaceutyczna: Pozyskiwane od sprawdzonych dostawc\u00f3w, co gwarantuje czysto\u015b\u0107 i precyzyjne dawkowanie, minimalizuj\u0105c ryzyko zwi\u0105zane z leczeniem silnego b\u00f3lu przewlek\u0142ego.<br \/>\nDostawa na terenie USA: Ciesz si\u0119 bezp\u0142atn\u0105 ekspresow\u0105 wysy\u0142k\u0105 dla zam\u00f3wie\u0144 powy\u017cej 200 USD, z mo\u017cliwo\u015bci\u0105 \u015bledzenia przesy\u0142ki dla zapewnienia spokoju ducha.<\/p>\n<p>Wskaz\u00f3wka: Zawsze skonsultuj si\u0119 z lekarzem przed u\u017cyciem pastylek z fentanylem. Zacznij od najni\u017cszej skutecznej dawki, aby unikn\u0105\u0107 skutk\u00f3w ubocznych, takich jak nudno\u015bci czy depresja oddechowa.<\/p>\n<p>Specyfikacja produktu<\/p>\n<p>Szczeg\u00f3\u0142y funkcji<br \/>\nSk\u0142adnik aktywny: Cytrynian fentanylu<br \/>\nSt\u0119\u017cenie: 100 mcg na pastylk\u0119<br \/>\nPosta\u0107: Pastylka doustna przez\u015bluz\u00f3wkowa (o smaku owocowym)<br \/>\nIlo\u015b\u0107: 10 lub 30 sztuk<\/p>\n<p>Wysy\u0142ka w ci\u0105gu 3 dni roboczych, dyskretna<\/p>\n<p>Opinie klient\u00f3w<\/p>\n<p>\u201eW ko\u0144cu znalaz\u0142am legalne miejsce, gdzie mog\u0119 kupi\u0107 tabletki fentanylu online. Wysy\u0142ka by\u0142a super szybka, a jako\u015b\u0107 jest najwy\u017cszej klasy, je\u015bli chodzi o moje potrzeby w zakresie leczenia b\u00f3lu.\u201d \u2013 Sarah K. \u201eDyskretne i skuteczne tabletki przeciwb\u00f3lowe z fentanylem. Gor\u0105co polecam Everyday Chem Shop!\u201d \u2013 Mike R.<\/p>\n<p>Chcesz zam\u00f3wi\u0107 lek z fentanylem?<\/p>\n<p>Nie pozw\u00f3l, aby b\u00f3l kontrolowa\u0142 Twoje \u017cycie. Kup tabletki fentanylu 100 mcg z dyskretn\u0105 wysy\u0142k\u0105 ju\u017c teraz i poczuj r\u00f3\u017cnic\u0119. Dodaj do koszyka ju\u017c dzi\u015b, aby bezpiecznie dokona\u0107 p\u0142atno\u015bci i mie\u0107 gwarancj\u0119 satysfakcji. Masz pytania? Skontaktuj si\u0119 z naszym dzia\u0142em wsparcia, aby uzyska\u0107 wskaz\u00f3wki dotycz\u0105ce legalnego zakupu tabletek fentanylu.<\/p>\n<p>Zastrze\u017cenie: Ten produkt jest przeznaczony wy\u0142\u0105cznie do u\u017cytku medycznego. Nie do cel\u00f3w rekreacyjnych. Przed z\u0142o\u017ceniem zam\u00f3wienia sprawd\u017a lokalne przepisy.<\/p>\n","protected":false},"excerpt":{"rendered":"<p>Pigu\u0142ki z fentanylem W po\u0142owie lat 90. fentanyl zosta\u0142 wprowadzony do stosowania paliatywnego wraz z plastrami z fentanylem, a nast\u0119pnie w nast\u0119pnej dekadzie wprowadzono lizak z fentanylem, tabletki rozpuszczaj\u0105ce i spray podj\u0119zykowy, kt\u00f3re s\u0105 wch\u0142aniane przez sk\u00f3r\u0119 w jamie ustnej .<\/p>\n","protected":false},"featured_media":7716,"comment_status":"open","ping_status":"closed","template":"","meta":{"inline_featured_image":false},"product_brand":[],"product_cat":[116],"product_tag":[193,194,195,196,197,198,199,209,205,206,207,208,222,223,224,212,210,211,213,202,217,203,219,204,201,216,200,220,221,218,214,215],"class_list":{"0":"post-7704","1":"product","2":"type-product","3":"status-publish","4":"has-post-thumbnail","6":"product_cat-pain-killers","7":"product_tag-bottle-of-fentanyl-pills","8":"product_tag-brands-of-fentanyl-pills","9":"product_tag-buy-fentanyl-liquid-online","10":"product_tag-buy-fentanyl-pills","11":"product_tag-buy-fentanyl-pills-online","12":"product_tag-can-you-smoke-fentanyl-pills","13":"product_tag-can-you-take-fentanyl-pills-and-hydrocodone-together","14":"product_tag-fentanyl-bez-recepty","15":"product_tag-fentanyl-pills-how-long-does-it-take-to-work","16":"product_tag-fentanyl-pills-mg","17":"product_tag-fentanyl-pills-retailers","18":"product_tag-fentanyl-pills-street-value","19":"product_tag-gdzie-kupi-fentanyl-liquid-online","20":"product_tag-gdzie-kupi-piguki-fentanyl-online","21":"product_tag-gdzie-dosta-tabletki-fentanylu","22":"product_tag-how-to-buy-fentanyl-pills-online","23":"product_tag-jak-dziaaj-piguki-z-fentanylem","24":"product_tag-jak-kupi-pyn-fentanyl-online","25":"product_tag-jak-zrobic-tabletki-fentanylu","26":"product_tag-fentanyl-piguki-kontakt","27":"product_tag-zakup-fentanyl-liquid-online","28":"product_tag-fentanyl-pigthat-is-sprzeda","29":"product_tag-najlepsze-miejsce-do-kupowania-pynu-fentanyl-online","30":"product_tag-piguki-fentanylu-wysokie","31":"product_tag-fentanyl-pills-kanada","32":"product_tag-prescription-for-fentanyl-pills","33":"product_tag-fentanyl-liquid-na-sprzedaz","34":"product_tag-zastosowania-tabletek-fentanylu","35":"product_tag-what-are-fentanyl-pills","36":"product_tag-wysokiej-jakoci-piguki-fentanyl-po-taniej-stawce","37":"product_tag-zamw-fentanyl-liquid-online","38":"product_tag-zdjcia-tabletek-fentanylu","40":"first","41":"instock","42":"sale","43":"shipping-taxable","44":"purchasable","45":"product-type-variable","46":"has-default-attributes"},"yoast_head":"<!-- This site is optimized with the Yoast SEO Premium plugin v19.2 (Yoast SEO v27.3) - https:\/\/yoast.com\/product\/yoast-seo-premium-wordpress\/ -->\n<title>Kup tabletki z fentanylem online - Everyday Chem Shop<\/title>\n<meta name=\"description\" content=\"Kup tabletki z fentanylem premium online w sklepie Everyday Chem Shop \u2013 szybka, dyskretna wysy\u0142ka i skuteczne u\u015bmierzanie silnego b\u00f3lu. Dost\u0119pne pastylki medyczne 100 mcg. Zam\u00f3w ju\u017c teraz, aby skorzysta\u0107 z niezawodnej dostawy lek\u00f3w opioidowych na ca\u0142ym \u015bwiecie.\" \/>\n<meta name=\"robots\" content=\"index, follow, max-snippet:-1, max-image-preview:large, max-video-preview:-1\" \/>\n<link rel=\"canonical\" href=\"https:\/\/everydaychemshop.com\/pl\/product\/kup-pigulki-fentanyl-online\/\" \/>\n<meta property=\"og:locale\" content=\"en_US\" \/>\n<meta property=\"og:type\" content=\"article\" \/>\n<meta property=\"og:title\" content=\"Kup pigu\u0142ki Fentanyl online\" \/>\n<meta property=\"og:description\" content=\"Kup tabletki z fentanylem premium online w sklepie Everyday Chem Shop \u2013 szybka, dyskretna wysy\u0142ka i skuteczne u\u015bmierzanie silnego b\u00f3lu. Dost\u0119pne pastylki medyczne 100 mcg. Zam\u00f3w ju\u017c teraz, aby skorzysta\u0107 z niezawodnej dostawy lek\u00f3w opioidowych na ca\u0142ym \u015bwiecie.\" \/>\n<meta property=\"og:url\" content=\"https:\/\/everydaychemshop.com\/pl\/product\/kup-pigulki-fentanyl-online\/\" \/>\n<meta property=\"og:site_name\" content=\"Everyday Chem Shop\" \/>\n<meta property=\"article:modified_time\" content=\"2025-11-23T15:38:31+00:00\" \/>\n<meta property=\"og:image\" content=\"https:\/\/everydaychemshop.com\/pl\/wp-content\/uploads\/sites\/8\/2022\/11\/FENTANYL-Pills.jpg\" \/>\n\t<meta property=\"og:image:width\" content=\"1200\" \/>\n\t<meta property=\"og:image:height\" content=\"1200\" \/>\n\t<meta property=\"og:image:type\" content=\"image\/jpeg\" \/>\n<meta name=\"twitter:card\" content=\"summary_large_image\" \/>\n<meta name=\"twitter:label1\" content=\"Est. reading time\" \/>\n\t<meta name=\"twitter:data1\" content=\"2 minutes\" \/>\n<script type=\"application\/ld+json\" class=\"yoast-schema-graph\">{\"@context\":\"https:\\\/\\\/schema.org\",\"@graph\":[{\"@type\":\"WebPage\",\"@id\":\"https:\\\/\\\/everydaychemshop.com\\\/pl\\\/product\\\/kup-pigulki-fentanyl-online\\\/\",\"url\":\"https:\\\/\\\/everydaychemshop.com\\\/pl\\\/product\\\/kup-pigulki-fentanyl-online\\\/\",\"name\":\"Kup tabletki z fentanylem online - Everyday Chem Shop\",\"isPartOf\":{\"@id\":\"https:\\\/\\\/everydaychemshop.com\\\/pl\\\/#website\"},\"primaryImageOfPage\":{\"@id\":\"https:\\\/\\\/everydaychemshop.com\\\/pl\\\/product\\\/kup-pigulki-fentanyl-online\\\/#primaryimage\"},\"image\":{\"@id\":\"https:\\\/\\\/everydaychemshop.com\\\/pl\\\/product\\\/kup-pigulki-fentanyl-online\\\/#primaryimage\"},\"thumbnailUrl\":\"https:\\\/\\\/everydaychemshop.com\\\/pl\\\/wp-content\\\/uploads\\\/sites\\\/8\\\/2022\\\/11\\\/FENTANYL-Pills.jpg\",\"datePublished\":\"2022-11-16T09:44:41+00:00\",\"dateModified\":\"2025-11-23T15:38:31+00:00\",\"description\":\"Kup tabletki z fentanylem premium online w sklepie Everyday Chem Shop \u2013 szybka, dyskretna wysy\u0142ka i skuteczne u\u015bmierzanie silnego b\u00f3lu. Dost\u0119pne pastylki medyczne 100 mcg. Zam\u00f3w ju\u017c teraz, aby skorzysta\u0107 z niezawodnej dostawy lek\u00f3w opioidowych na ca\u0142ym \u015bwiecie.\",\"breadcrumb\":{\"@id\":\"https:\\\/\\\/everydaychemshop.com\\\/pl\\\/product\\\/kup-pigulki-fentanyl-online\\\/#breadcrumb\"},\"inLanguage\":\"en-US\",\"potentialAction\":[{\"@type\":\"ReadAction\",\"target\":[\"https:\\\/\\\/everydaychemshop.com\\\/pl\\\/product\\\/kup-pigulki-fentanyl-online\\\/\"]}]},{\"@type\":\"ImageObject\",\"inLanguage\":\"en-US\",\"@id\":\"https:\\\/\\\/everydaychemshop.com\\\/pl\\\/product\\\/kup-pigulki-fentanyl-online\\\/#primaryimage\",\"url\":\"https:\\\/\\\/everydaychemshop.com\\\/pl\\\/wp-content\\\/uploads\\\/sites\\\/8\\\/2022\\\/11\\\/FENTANYL-Pills.jpg\",\"contentUrl\":\"https:\\\/\\\/everydaychemshop.com\\\/pl\\\/wp-content\\\/uploads\\\/sites\\\/8\\\/2022\\\/11\\\/FENTANYL-Pills.jpg\",\"width\":1200,\"height\":1200,\"caption\":\"Kup tabletki z fentanylem online\"},{\"@type\":\"BreadcrumbList\",\"@id\":\"https:\\\/\\\/everydaychemshop.com\\\/pl\\\/product\\\/kup-pigulki-fentanyl-online\\\/#breadcrumb\",\"itemListElement\":[{\"@type\":\"ListItem\",\"position\":1,\"name\":\"Home\",\"item\":\"https:\\\/\\\/everydaychemshop.com\\\/pl\\\/\"},{\"@type\":\"ListItem\",\"position\":2,\"name\":\"Produkty\",\"item\":\"https:\\\/\\\/everydaychemshop.com\\\/pl\\\/produkty\\\/\"},{\"@type\":\"ListItem\",\"position\":3,\"name\":\"Kup pigu\u0142ki Fentanyl online\"}]},{\"@type\":\"WebSite\",\"@id\":\"https:\\\/\\\/everydaychemshop.com\\\/pl\\\/#website\",\"url\":\"https:\\\/\\\/everydaychemshop.com\\\/pl\\\/\",\"name\":\"Everyday Chem Shop\",\"description\":\"\",\"potentialAction\":[{\"@type\":\"SearchAction\",\"target\":{\"@type\":\"EntryPoint\",\"urlTemplate\":\"https:\\\/\\\/everydaychemshop.com\\\/pl\\\/?s={search_term_string}\"},\"query-input\":{\"@type\":\"PropertyValueSpecification\",\"valueRequired\":true,\"valueName\":\"search_term_string\"}}],\"inLanguage\":\"en-US\"}]}<\/script>\n<!-- \/ Yoast SEO Premium plugin. -->","yoast_head_json":{"title":"Kup tabletki z fentanylem online - Everyday Chem Shop","description":"Kup tabletki z fentanylem premium online w sklepie Everyday Chem Shop \u2013 szybka, dyskretna wysy\u0142ka i skuteczne u\u015bmierzanie silnego b\u00f3lu. Dost\u0119pne pastylki medyczne 100 mcg. Zam\u00f3w ju\u017c teraz, aby skorzysta\u0107 z niezawodnej dostawy lek\u00f3w opioidowych na ca\u0142ym \u015bwiecie.","robots":{"index":"index","follow":"follow","max-snippet":"max-snippet:-1","max-image-preview":"max-image-preview:large","max-video-preview":"max-video-preview:-1"},"canonical":"https:\/\/everydaychemshop.com\/pl\/product\/kup-pigulki-fentanyl-online\/","og_locale":"en_US","og_type":"article","og_title":"Kup pigu\u0142ki Fentanyl online","og_description":"Kup tabletki z fentanylem premium online w sklepie Everyday Chem Shop \u2013 szybka, dyskretna wysy\u0142ka i skuteczne u\u015bmierzanie silnego b\u00f3lu. Dost\u0119pne pastylki medyczne 100 mcg. Zam\u00f3w ju\u017c teraz, aby skorzysta\u0107 z niezawodnej dostawy lek\u00f3w opioidowych na ca\u0142ym \u015bwiecie.","og_url":"https:\/\/everydaychemshop.com\/pl\/product\/kup-pigulki-fentanyl-online\/","og_site_name":"Everyday Chem Shop","article_modified_time":"2025-11-23T15:38:31+00:00","og_image":[{"width":1200,"height":1200,"url":"https:\/\/everydaychemshop.com\/pl\/wp-content\/uploads\/sites\/8\/2022\/11\/FENTANYL-Pills.jpg","type":"image\/jpeg"}],"twitter_card":"summary_large_image","twitter_misc":{"Est. reading time":"2 minutes"},"schema":{"@context":"https:\/\/schema.org","@graph":[{"@type":"WebPage","@id":"https:\/\/everydaychemshop.com\/pl\/product\/kup-pigulki-fentanyl-online\/","url":"https:\/\/everydaychemshop.com\/pl\/product\/kup-pigulki-fentanyl-online\/","name":"Kup tabletki z fentanylem online - Everyday Chem Shop","isPartOf":{"@id":"https:\/\/everydaychemshop.com\/pl\/#website"},"primaryImageOfPage":{"@id":"https:\/\/everydaychemshop.com\/pl\/product\/kup-pigulki-fentanyl-online\/#primaryimage"},"image":{"@id":"https:\/\/everydaychemshop.com\/pl\/product\/kup-pigulki-fentanyl-online\/#primaryimage"},"thumbnailUrl":"https:\/\/everydaychemshop.com\/pl\/wp-content\/uploads\/sites\/8\/2022\/11\/FENTANYL-Pills.jpg","datePublished":"2022-11-16T09:44:41+00:00","dateModified":"2025-11-23T15:38:31+00:00","description":"Kup tabletki z fentanylem premium online w sklepie Everyday Chem Shop \u2013 szybka, dyskretna wysy\u0142ka i skuteczne u\u015bmierzanie silnego b\u00f3lu. Dost\u0119pne pastylki medyczne 100 mcg. Zam\u00f3w ju\u017c teraz, aby skorzysta\u0107 z niezawodnej dostawy lek\u00f3w opioidowych na ca\u0142ym \u015bwiecie.","breadcrumb":{"@id":"https:\/\/everydaychemshop.com\/pl\/product\/kup-pigulki-fentanyl-online\/#breadcrumb"},"inLanguage":"en-US","potentialAction":[{"@type":"ReadAction","target":["https:\/\/everydaychemshop.com\/pl\/product\/kup-pigulki-fentanyl-online\/"]}]},{"@type":"ImageObject","inLanguage":"en-US","@id":"https:\/\/everydaychemshop.com\/pl\/product\/kup-pigulki-fentanyl-online\/#primaryimage","url":"https:\/\/everydaychemshop.com\/pl\/wp-content\/uploads\/sites\/8\/2022\/11\/FENTANYL-Pills.jpg","contentUrl":"https:\/\/everydaychemshop.com\/pl\/wp-content\/uploads\/sites\/8\/2022\/11\/FENTANYL-Pills.jpg","width":1200,"height":1200,"caption":"Kup tabletki z fentanylem online"},{"@type":"BreadcrumbList","@id":"https:\/\/everydaychemshop.com\/pl\/product\/kup-pigulki-fentanyl-online\/#breadcrumb","itemListElement":[{"@type":"ListItem","position":1,"name":"Home","item":"https:\/\/everydaychemshop.com\/pl\/"},{"@type":"ListItem","position":2,"name":"Produkty","item":"https:\/\/everydaychemshop.com\/pl\/produkty\/"},{"@type":"ListItem","position":3,"name":"Kup pigu\u0142ki Fentanyl online"}]},{"@type":"WebSite","@id":"https:\/\/everydaychemshop.com\/pl\/#website","url":"https:\/\/everydaychemshop.com\/pl\/","name":"Everyday Chem Shop","description":"","potentialAction":[{"@type":"SearchAction","target":{"@type":"EntryPoint","urlTemplate":"https:\/\/everydaychemshop.com\/pl\/?s={search_term_string}"},"query-input":{"@type":"PropertyValueSpecification","valueRequired":true,"valueName":"search_term_string"}}],"inLanguage":"en-US"}]}},"_links":{"self":[{"href":"https:\/\/everydaychemshop.com\/pl\/wp-json\/wp\/v2\/product\/7704","targetHints":{"allow":["GET"]}}],"collection":[{"href":"https:\/\/everydaychemshop.com\/pl\/wp-json\/wp\/v2\/product"}],"about":[{"href":"https:\/\/everydaychemshop.com\/pl\/wp-json\/wp\/v2\/types\/product"}],"replies":[{"embeddable":true,"href":"https:\/\/everydaychemshop.com\/pl\/wp-json\/wp\/v2\/comments?post=7704"}],"wp:featuredmedia":[{"embeddable":true,"href":"https:\/\/everydaychemshop.com\/pl\/wp-json\/wp\/v2\/media\/7716"}],"wp:attachment":[{"href":"https:\/\/everydaychemshop.com\/pl\/wp-json\/wp\/v2\/media?parent=7704"}],"wp:term":[{"taxonomy":"product_brand","embeddable":true,"href":"https:\/\/everydaychemshop.com\/pl\/wp-json\/wp\/v2\/product_brand?post=7704"},{"taxonomy":"product_cat","embeddable":true,"href":"https:\/\/everydaychemshop.com\/pl\/wp-json\/wp\/v2\/product_cat?post=7704"},{"taxonomy":"product_tag","embeddable":true,"href":"https:\/\/everydaychemshop.com\/pl\/wp-json\/wp\/v2\/product_tag?post=7704"}],"curies":[{"name":"wp","href":"https:\/\/api.w.org\/{rel}","templated":true}]}}