{"id":7709,"date":"2022-11-16T09:44:43","date_gmt":"2022-11-16T09:44:43","guid":{"rendered":"https:\/\/everydaychemshop.com\/pl\/?post_type=product&#038;p=7709"},"modified":"2025-11-23T15:37:00","modified_gmt":"2025-11-23T15:37:00","slug":"kup-plastry-fentanyl-online","status":"publish","type":"product","link":"https:\/\/everydaychemshop.com\/pl\/product\/kup-plastry-fentanyl-online\/","title":{"rendered":"Plastry z fentanylem"},"content":{"rendered":"<h1>Kup plastry z fentanylem online \u2013 Skuteczne transdermalne u\u015bmierzanie b\u00f3lu w przypadku chor\u00f3b przewlek\u0142ych<\/h1>\n<p><a href=\"https:\/\/everydaychemshop.com\/pl\/product\/kup-plastry-fentanyl-online\/\">Kup plastry z fentanylem online<\/a>. Szukasz niezawodnych plastr\u00f3w z fentanylem, kt\u00f3re pomog\u0105 Ci z\u0142agodzi\u0107 silny, przewlek\u0142y b\u00f3l? W Everyday Chem Shop oferujemy wysokiej jako\u015bci transdermalne plastry z fentanylem, zapewniaj\u0105ce sta\u0142\u0105 i d\u0142ugotrwa\u0142\u0105 ulg\u0119. Niezale\u017cnie od tego, czy zmagasz si\u0119 z przewlek\u0142ym b\u00f3lem plec\u00f3w, dolegliwo\u015bciami zwi\u0105zanymi z rakiem, czy rekonwalescencj\u0105 pooperacyjn\u0105, nasze plastry z fentanylem zapewniaj\u0105 nieinwazyjne rozwi\u0105zanie dzi\u0119ki zaawansowanej technologii transdermalnej. Zam\u00f3w plastry z fentanylem ju\u017c dzi\u015b, w dyskretnym opakowaniu i z szybk\u0105 wysy\u0142k\u0105 na ca\u0142y \u015bwiat \u2013 bez konieczno\u015bci recept.<\/p>\n<p>Dlaczego warto wybra\u0107 nasze transdermalne plastry z fentanylem?<\/p>\n<p>Plastry z fentanylem, znane r\u00f3wnie\u017c jako plastry Duragesic, to sprawdzony lek opioidowy stosowany w leczeniu b\u00f3lu o nasileniu od umiarkowanego do silnego, gdy inne metody leczenia nie przynosz\u0105 rezultat\u00f3w. W przeciwie\u0144stwie do doustnych lek\u00f3w przeciwb\u00f3lowych, te transdermalne systemy uwalniania fentanylu uwalniaj\u0105 lek stopniowo w ci\u0105gu 72 godzin, zapewniaj\u0105c sta\u0142\u0105 kontrol\u0119 b\u00f3lu bez konieczno\u015bci cz\u0119stego dawkowania.<\/p>\n<p>Najwa\u017cniejsze cechy i korzy\u015bci:<br \/>\nSkuteczne leczenie b\u00f3lu: Dostarcza cytrynian fentanylu bezpo\u015brednio przez sk\u00f3r\u0119, zapewniaj\u0105c ukierunkowan\u0105 ulg\u0119 w przewlek\u0142ych schorzeniach b\u00f3lowych, takich jak neuropatia, zapalenie staw\u00f3w lub w przypadku konieczno\u015bci opieki paliatywnej.<br \/>\nFormu\u0142a o przed\u0142u\u017conym uwalnianiu: Jeden plaster wystarcza na 3 dni, zapewniaj\u0105c lepsze przyleganie i zmniejszaj\u0105c b\u00f3l przebijaj\u0105cy.<br \/>\nDyskretny i wygodny: Cienka, elastyczna konstrukcja wygodnie przylega pod ubraniem \u2013 idealny do codziennych czynno\u015bci.<br \/>\nR\u00f3\u017cne st\u0119\u017cenia: Dost\u0119pne w dawkach 12 mcg\/h, 25 mcg\/h, 50 mcg\/h, 75 mcg\/h i 100 mcg\/h, aby dopasowa\u0107 je do przepisanej dawki.<br \/>\nGwarancja jako\u015bci: Pozyskiwane od renomowanych producent\u00f3w, laboratoryjnie testowane pod k\u0105tem czysto\u015bci i skuteczno\u015bci.<\/p>\n<p>Je\u015bli zastanawiasz si\u0119, gdzie dyskretnie kupi\u0107 plastry z fentanylem, nasza apteka internetowa zapewnia prywatno\u015b\u0107 dzi\u0119ki bezpiecznej realizacji p\u0142atno\u015bci i anonimowej dostawie. Koniec z bieganiem po aptekach i stygmatyzacj\u0105 \u2013 zam\u00f3w plastry z fentanylem na przewlek\u0142y b\u00f3l z dostaw\u0105 prosto pod Twoje drzwi.<\/p>\n<p>Jak bezpiecznie stosowa\u0107 plastry z fentanylem<\/p>\n<p>Prawid\u0142owe stosowanie jest kluczem do maksymalizacji korzy\u015bci i minimalizacji ryzyka. Zawsze skonsultuj si\u0119 z lekarzem przed rozpocz\u0119ciem leczenia b\u00f3lu opioidowego fentanylem.<\/p>\n<p>Wybierz miejsce: Na\u0142\u00f3\u017c na czyst\u0105, such\u0105, nieow\u0142osion\u0105 sk\u00f3r\u0119 ramienia, klatki piersiowej lub plec\u00f3w. Zmieniaj miejsca, aby unikn\u0105\u0107 podra\u017cnienia.<br \/>\nNaklej plaster: Dociskaj mocno przez 30 sekund. Nie przecinaj ani nie zmieniaj plastra.<br \/>\nCzas dzia\u0142ania: No\u015b przez 72 godziny, a nast\u0119pnie zmie\u0144. Zu\u017cyte plastry wyrzu\u0107 bezpiecznie, sk\u0142adaj\u0105c klej\u0105ce boki razem.<br \/>\nZalecenia dotycz\u0105ce dawkowania: Zacznij od najni\u017cszej skutecznej dawki (np. 12 \u00b5g\/h) i zwi\u0119kszaj dawk\u0119 w razie potrzeby. Monitoruj dzia\u0142ania niepo\u017c\u0105dane, takie jak senno\u015b\u0107, nudno\u015bci lub problemy z oddychaniem.<\/p>\n<p>Wa\u017cna informacja dotycz\u0105ca bezpiecze\u0144stwa: Fentanyl jest substancj\u0105 kontrolowan\u0105 z Wykazu II. Stosuj wy\u0142\u0105cznie zgodnie z zaleceniami. Przechowuj poza zasi\u0119giem dzieci i zwierz\u0105t domowych, aby zapobiec przypadkowemu nara\u017ceniu, kt\u00f3re mo\u017ce by\u0107 \u015bmiertelne.<\/p>\n<p>Szybkie i bezpieczne zamawianie \u2013 Kup leki przeciwb\u00f3lowe online ju\u017c dzi\u015b<\/p>\n<p>Chcesz do\u015bwiadczy\u0107 nieprzerwanej ulgi? Przejrzyj nasze opcje dawkowania plastr\u00f3w z fentanylem i dodaj je do koszyka. Wysy\u0142amy na ca\u0142y \u015bwiat w ci\u0105gu 24-48 godzin, z wliczonym \u015bledzeniem. Masz pytania? Skontaktuj si\u0119 z naszym dzia\u0142em obs\u0142ugi klienta, aby uzyska\u0107 spersonalizowan\u0105 porad\u0119 dotycz\u0105c\u0105 zakupu plastr\u00f3w Duragesic online.<\/p>\n<p>Opinia klienta: \u201eW ko\u0144cu znalaz\u0142am zaufane \u017ar\u00f3d\u0142o, gdzie mog\u0119 zam\u00f3wi\u0107 plastry z fentanylem bez op\u00f3\u017anie\u0144. Zmieni\u0142o moje \u017cycie na chroniczne migreny!\u201d \u2013 Sarah K.<\/p>\n<p>Ograniczona ilo\u015b\u0107 zapas\u00f3w: Popularne produkty szybko si\u0119 wyprzedaj\u0105. Zam\u00f3w sw\u00f3j ju\u017c teraz, aby zapewni\u0107 sobie bezproblemow\u0105 kontrol\u0119 b\u00f3lu.<\/p>\n","protected":false},"excerpt":{"rendered":"<p>Fentanyl to lek stosowany w \u0142agodzeniu przewlek\u0142ego b\u00f3lu. Plaster zawiera zbiornik leku, kt\u00f3ry jest powoli uwalniany, aby zapewni\u0107 ca\u0142odobow\u0105 kontrol\u0119 b\u00f3lu.<\/p>\n","protected":false},"featured_media":7738,"comment_status":"open","ping_status":"closed","template":"","meta":{"inline_featured_image":false},"product_brand":[],"product_cat":[116],"product_tag":[687,227,228,229,230,231,260,235,237,238,243,244,245,246,247,250,249,248,262,233,252,688,236,256,258,225,239,241,251,240,234,253,254,255,257,261,263,259,242,232],"class_list":{"0":"post-7709","1":"product","2":"type-product","3":"status-publish","4":"has-post-thumbnail","6":"product_cat-pain-killers","7":"product_tag-100-mikrogramow-fentanylu","8":"product_tag-12-5-mcg-fentanyl-patches","9":"product_tag-apotex-fentanyl-patches","10":"product_tag-applying-fentanyl-patches","11":"product_tag-best-way-to-abuse-fentanyl-patches","12":"product_tag-buy-fentanyl-patches","13":"product_tag-plastry-co-to-fentanyl","14":"product_tag-do-fentanyl-patches-make-you-high","15":"product_tag-fentanyl-patches-brands","16":"product_tag-fentanyl-patches-doses","17":"product_tag-fentanyl-patches-recalled","18":"product_tag-fentanyl-patches-street-price","19":"product_tag-fentanyl-patches-strength","20":"product_tag-fentanyl-patches-withdrawal","21":"product_tag-how-do-fentanyl-patches-work","22":"product_tag-how-to-smoke-fentanyl-patches","23":"product_tag-jak-strzela-plastry-fentanylu","24":"product_tag-jak-usuwa-plastry-fentanylu","25":"product_tag-co-harmonogram-to-plastry-fentanylu","26":"product_tag-nieelowe-plastry-z-fentanylem-do-ucia","27":"product_tag-pictures-of-fentanyl-patches","28":"product_tag-plastry","29":"product_tag-fentanyl-plastry-50-mg","30":"product_tag-plastry-teva-fentanyl","31":"product_tag-watson-fentanyl-plastry","32":"product_tag-plastry-100-mg-fentanylu","33":"product_tag-tynkowanie-fentanylem","34":"product_tag-plastry-fentanylowe-zapewniaj-natychmiastow-agodzenie-blu-i-nie-wymagaj-lekw-adjuwantowych","35":"product_tag-producenci-plastrw-fentanylowych","36":"product_tag-fentanyl-plastry-przedawkowanie","37":"product_tag-rne-rodzaje-plastrw-fentanylu","38":"product_tag-sandoz-fentanyl-plastry","39":"product_tag-skutki-uboczne-plastrw-fentanylu","40":"product_tag-skutki-uboczne-plastrw-fentanylu-u-osb-starszych","41":"product_tag-transdermalne-plastry-z-fentanylem","42":"product_tag-co-mg-wchodzi-plastry-fentanylu","43":"product_tag-jaka-sia-dziaa-plastry-fentanylu","44":"product_tag-do-czego-su-plastry-fentanylu","45":"product_tag-fentanyl-plastry-przypomnijmy","46":"product_tag-plastry-z-fentanylem-do-ucia","48":"first","49":"instock","50":"featured","51":"shipping-taxable","52":"purchasable","53":"product-type-variable","54":"has-default-attributes"},"yoast_head":"<!-- This site is optimized with the Yoast SEO Premium plugin v19.2 (Yoast SEO v27.3) - https:\/\/yoast.com\/product\/yoast-seo-premium-wordpress\/ -->\n<title>Kup plastry z fentanylem online - Everyday Chem Shop<\/title>\n<meta name=\"description\" content=\"Kup plastry z fentanylem online w sklepie Everyday Chem Shop i ciesz si\u0119 dyskretn\u0105 i szybk\u0105 dostaw\u0105. Skuteczna transdermalna aplikacja fentanylu w celu \u0142agodzenia przewlek\u0142ego b\u00f3lu. Zam\u00f3w plastry Duragesic w r\u00f3\u017cnych dawkach ju\u017c dzi\u015b \u2013 gwarancja jako\u015bci.\" \/>\n<meta name=\"robots\" content=\"index, follow, max-snippet:-1, max-image-preview:large, max-video-preview:-1\" \/>\n<link rel=\"canonical\" href=\"https:\/\/everydaychemshop.com\/pl\/product\/kup-plastry-fentanyl-online\/\" \/>\n<meta property=\"og:locale\" content=\"en_US\" \/>\n<meta property=\"og:type\" content=\"article\" \/>\n<meta property=\"og:title\" content=\"Plastry z fentanylem\" \/>\n<meta property=\"og:description\" content=\"Kup plastry z fentanylem online w sklepie Everyday Chem Shop i ciesz si\u0119 dyskretn\u0105 i szybk\u0105 dostaw\u0105. Skuteczna transdermalna aplikacja fentanylu w celu \u0142agodzenia przewlek\u0142ego b\u00f3lu. Zam\u00f3w plastry Duragesic w r\u00f3\u017cnych dawkach ju\u017c dzi\u015b \u2013 gwarancja jako\u015bci.\" \/>\n<meta property=\"og:url\" content=\"https:\/\/everydaychemshop.com\/pl\/product\/kup-plastry-fentanyl-online\/\" \/>\n<meta property=\"og:site_name\" content=\"Everyday Chem Shop\" \/>\n<meta property=\"article:modified_time\" content=\"2025-11-23T15:37:00+00:00\" \/>\n<meta property=\"og:image\" content=\"https:\/\/everydaychemshop.com\/pl\/wp-content\/uploads\/sites\/8\/2022\/11\/Fentanyl-100mcg-patch.jpg\" \/>\n\t<meta property=\"og:image:width\" content=\"1200\" \/>\n\t<meta property=\"og:image:height\" content=\"1200\" \/>\n\t<meta property=\"og:image:type\" content=\"image\/jpeg\" \/>\n<meta name=\"twitter:card\" content=\"summary_large_image\" \/>\n<meta name=\"twitter:label1\" content=\"Est. reading time\" \/>\n\t<meta name=\"twitter:data1\" content=\"3 minutes\" \/>\n<script type=\"application\/ld+json\" class=\"yoast-schema-graph\">{\"@context\":\"https:\\\/\\\/schema.org\",\"@graph\":[{\"@type\":\"WebPage\",\"@id\":\"https:\\\/\\\/everydaychemshop.com\\\/pl\\\/product\\\/kup-plastry-fentanyl-online\\\/\",\"url\":\"https:\\\/\\\/everydaychemshop.com\\\/pl\\\/product\\\/kup-plastry-fentanyl-online\\\/\",\"name\":\"Kup plastry z fentanylem online - Everyday Chem Shop\",\"isPartOf\":{\"@id\":\"https:\\\/\\\/everydaychemshop.com\\\/pl\\\/#website\"},\"primaryImageOfPage\":{\"@id\":\"https:\\\/\\\/everydaychemshop.com\\\/pl\\\/product\\\/kup-plastry-fentanyl-online\\\/#primaryimage\"},\"image\":{\"@id\":\"https:\\\/\\\/everydaychemshop.com\\\/pl\\\/product\\\/kup-plastry-fentanyl-online\\\/#primaryimage\"},\"thumbnailUrl\":\"https:\\\/\\\/everydaychemshop.com\\\/pl\\\/wp-content\\\/uploads\\\/sites\\\/8\\\/2022\\\/11\\\/Fentanyl-100mcg-patch.jpg\",\"datePublished\":\"2022-11-16T09:44:43+00:00\",\"dateModified\":\"2025-11-23T15:37:00+00:00\",\"description\":\"Kup plastry z fentanylem online w sklepie Everyday Chem Shop i ciesz si\u0119 dyskretn\u0105 i szybk\u0105 dostaw\u0105. Skuteczna transdermalna aplikacja fentanylu w celu \u0142agodzenia przewlek\u0142ego b\u00f3lu. Zam\u00f3w plastry Duragesic w r\u00f3\u017cnych dawkach ju\u017c dzi\u015b \u2013 gwarancja jako\u015bci.\",\"breadcrumb\":{\"@id\":\"https:\\\/\\\/everydaychemshop.com\\\/pl\\\/product\\\/kup-plastry-fentanyl-online\\\/#breadcrumb\"},\"inLanguage\":\"en-US\",\"potentialAction\":[{\"@type\":\"ReadAction\",\"target\":[\"https:\\\/\\\/everydaychemshop.com\\\/pl\\\/product\\\/kup-plastry-fentanyl-online\\\/\"]}]},{\"@type\":\"ImageObject\",\"inLanguage\":\"en-US\",\"@id\":\"https:\\\/\\\/everydaychemshop.com\\\/pl\\\/product\\\/kup-plastry-fentanyl-online\\\/#primaryimage\",\"url\":\"https:\\\/\\\/everydaychemshop.com\\\/pl\\\/wp-content\\\/uploads\\\/sites\\\/8\\\/2022\\\/11\\\/Fentanyl-100mcg-patch.jpg\",\"contentUrl\":\"https:\\\/\\\/everydaychemshop.com\\\/pl\\\/wp-content\\\/uploads\\\/sites\\\/8\\\/2022\\\/11\\\/Fentanyl-100mcg-patch.jpg\",\"width\":1200,\"height\":1200,\"caption\":\"Kup plastry z fentanylem online\"},{\"@type\":\"BreadcrumbList\",\"@id\":\"https:\\\/\\\/everydaychemshop.com\\\/pl\\\/product\\\/kup-plastry-fentanyl-online\\\/#breadcrumb\",\"itemListElement\":[{\"@type\":\"ListItem\",\"position\":1,\"name\":\"Home\",\"item\":\"https:\\\/\\\/everydaychemshop.com\\\/pl\\\/\"},{\"@type\":\"ListItem\",\"position\":2,\"name\":\"Produkty\",\"item\":\"https:\\\/\\\/everydaychemshop.com\\\/pl\\\/produkty\\\/\"},{\"@type\":\"ListItem\",\"position\":3,\"name\":\"Plastry z fentanylem\"}]},{\"@type\":\"WebSite\",\"@id\":\"https:\\\/\\\/everydaychemshop.com\\\/pl\\\/#website\",\"url\":\"https:\\\/\\\/everydaychemshop.com\\\/pl\\\/\",\"name\":\"Everyday Chem Shop\",\"description\":\"\",\"potentialAction\":[{\"@type\":\"SearchAction\",\"target\":{\"@type\":\"EntryPoint\",\"urlTemplate\":\"https:\\\/\\\/everydaychemshop.com\\\/pl\\\/?s={search_term_string}\"},\"query-input\":{\"@type\":\"PropertyValueSpecification\",\"valueRequired\":true,\"valueName\":\"search_term_string\"}}],\"inLanguage\":\"en-US\"}]}<\/script>\n<!-- \/ Yoast SEO Premium plugin. -->","yoast_head_json":{"title":"Kup plastry z fentanylem online - Everyday Chem Shop","description":"Kup plastry z fentanylem online w sklepie Everyday Chem Shop i ciesz si\u0119 dyskretn\u0105 i szybk\u0105 dostaw\u0105. Skuteczna transdermalna aplikacja fentanylu w celu \u0142agodzenia przewlek\u0142ego b\u00f3lu. Zam\u00f3w plastry Duragesic w r\u00f3\u017cnych dawkach ju\u017c dzi\u015b \u2013 gwarancja jako\u015bci.","robots":{"index":"index","follow":"follow","max-snippet":"max-snippet:-1","max-image-preview":"max-image-preview:large","max-video-preview":"max-video-preview:-1"},"canonical":"https:\/\/everydaychemshop.com\/pl\/product\/kup-plastry-fentanyl-online\/","og_locale":"en_US","og_type":"article","og_title":"Plastry z fentanylem","og_description":"Kup plastry z fentanylem online w sklepie Everyday Chem Shop i ciesz si\u0119 dyskretn\u0105 i szybk\u0105 dostaw\u0105. Skuteczna transdermalna aplikacja fentanylu w celu \u0142agodzenia przewlek\u0142ego b\u00f3lu. Zam\u00f3w plastry Duragesic w r\u00f3\u017cnych dawkach ju\u017c dzi\u015b \u2013 gwarancja jako\u015bci.","og_url":"https:\/\/everydaychemshop.com\/pl\/product\/kup-plastry-fentanyl-online\/","og_site_name":"Everyday Chem Shop","article_modified_time":"2025-11-23T15:37:00+00:00","og_image":[{"width":1200,"height":1200,"url":"https:\/\/everydaychemshop.com\/pl\/wp-content\/uploads\/sites\/8\/2022\/11\/Fentanyl-100mcg-patch.jpg","type":"image\/jpeg"}],"twitter_card":"summary_large_image","twitter_misc":{"Est. reading time":"3 minutes"},"schema":{"@context":"https:\/\/schema.org","@graph":[{"@type":"WebPage","@id":"https:\/\/everydaychemshop.com\/pl\/product\/kup-plastry-fentanyl-online\/","url":"https:\/\/everydaychemshop.com\/pl\/product\/kup-plastry-fentanyl-online\/","name":"Kup plastry z fentanylem online - Everyday Chem Shop","isPartOf":{"@id":"https:\/\/everydaychemshop.com\/pl\/#website"},"primaryImageOfPage":{"@id":"https:\/\/everydaychemshop.com\/pl\/product\/kup-plastry-fentanyl-online\/#primaryimage"},"image":{"@id":"https:\/\/everydaychemshop.com\/pl\/product\/kup-plastry-fentanyl-online\/#primaryimage"},"thumbnailUrl":"https:\/\/everydaychemshop.com\/pl\/wp-content\/uploads\/sites\/8\/2022\/11\/Fentanyl-100mcg-patch.jpg","datePublished":"2022-11-16T09:44:43+00:00","dateModified":"2025-11-23T15:37:00+00:00","description":"Kup plastry z fentanylem online w sklepie Everyday Chem Shop i ciesz si\u0119 dyskretn\u0105 i szybk\u0105 dostaw\u0105. Skuteczna transdermalna aplikacja fentanylu w celu \u0142agodzenia przewlek\u0142ego b\u00f3lu. Zam\u00f3w plastry Duragesic w r\u00f3\u017cnych dawkach ju\u017c dzi\u015b \u2013 gwarancja jako\u015bci.","breadcrumb":{"@id":"https:\/\/everydaychemshop.com\/pl\/product\/kup-plastry-fentanyl-online\/#breadcrumb"},"inLanguage":"en-US","potentialAction":[{"@type":"ReadAction","target":["https:\/\/everydaychemshop.com\/pl\/product\/kup-plastry-fentanyl-online\/"]}]},{"@type":"ImageObject","inLanguage":"en-US","@id":"https:\/\/everydaychemshop.com\/pl\/product\/kup-plastry-fentanyl-online\/#primaryimage","url":"https:\/\/everydaychemshop.com\/pl\/wp-content\/uploads\/sites\/8\/2022\/11\/Fentanyl-100mcg-patch.jpg","contentUrl":"https:\/\/everydaychemshop.com\/pl\/wp-content\/uploads\/sites\/8\/2022\/11\/Fentanyl-100mcg-patch.jpg","width":1200,"height":1200,"caption":"Kup plastry z fentanylem online"},{"@type":"BreadcrumbList","@id":"https:\/\/everydaychemshop.com\/pl\/product\/kup-plastry-fentanyl-online\/#breadcrumb","itemListElement":[{"@type":"ListItem","position":1,"name":"Home","item":"https:\/\/everydaychemshop.com\/pl\/"},{"@type":"ListItem","position":2,"name":"Produkty","item":"https:\/\/everydaychemshop.com\/pl\/produkty\/"},{"@type":"ListItem","position":3,"name":"Plastry z fentanylem"}]},{"@type":"WebSite","@id":"https:\/\/everydaychemshop.com\/pl\/#website","url":"https:\/\/everydaychemshop.com\/pl\/","name":"Everyday Chem Shop","description":"","potentialAction":[{"@type":"SearchAction","target":{"@type":"EntryPoint","urlTemplate":"https:\/\/everydaychemshop.com\/pl\/?s={search_term_string}"},"query-input":{"@type":"PropertyValueSpecification","valueRequired":true,"valueName":"search_term_string"}}],"inLanguage":"en-US"}]}},"_links":{"self":[{"href":"https:\/\/everydaychemshop.com\/pl\/wp-json\/wp\/v2\/product\/7709","targetHints":{"allow":["GET"]}}],"collection":[{"href":"https:\/\/everydaychemshop.com\/pl\/wp-json\/wp\/v2\/product"}],"about":[{"href":"https:\/\/everydaychemshop.com\/pl\/wp-json\/wp\/v2\/types\/product"}],"replies":[{"embeddable":true,"href":"https:\/\/everydaychemshop.com\/pl\/wp-json\/wp\/v2\/comments?post=7709"}],"wp:featuredmedia":[{"embeddable":true,"href":"https:\/\/everydaychemshop.com\/pl\/wp-json\/wp\/v2\/media\/7738"}],"wp:attachment":[{"href":"https:\/\/everydaychemshop.com\/pl\/wp-json\/wp\/v2\/media?parent=7709"}],"wp:term":[{"taxonomy":"product_brand","embeddable":true,"href":"https:\/\/everydaychemshop.com\/pl\/wp-json\/wp\/v2\/product_brand?post=7709"},{"taxonomy":"product_cat","embeddable":true,"href":"https:\/\/everydaychemshop.com\/pl\/wp-json\/wp\/v2\/product_cat?post=7709"},{"taxonomy":"product_tag","embeddable":true,"href":"https:\/\/everydaychemshop.com\/pl\/wp-json\/wp\/v2\/product_tag?post=7709"}],"curies":[{"name":"wp","href":"https:\/\/api.w.org\/{rel}","templated":true}]}}