{"id":7728,"date":"2022-11-16T09:45:20","date_gmt":"2022-11-16T09:45:20","guid":{"rendered":"https:\/\/everydaychemshop.com\/pl\/?post_type=product&#038;p=7728"},"modified":"2025-11-23T15:16:35","modified_gmt":"2025-11-23T15:16:35","slug":"kup-amfetamine-w-proszku-online","status":"publish","type":"product","link":"https:\/\/everydaychemshop.com\/pl\/product\/kup-amfetamine-w-proszku-online\/","title":{"rendered":"Kup amfetamin\u0119 w proszku przez Internet"},"content":{"rendered":"<h1>Kup proszek amfetaminy online \u2013 Czyste, wysokiej jako\u015bci kryszta\u0142y do \u200b\u200bbada\u0144<\/h1>\n<p><a href=\"https:\/\/everydaychemshop.com\/pl\/product\/kup-amfetamine-w-proszku-online\/\">Kup proszek amfetaminy online<\/a>. Chcesz kupi\u0107 proszek amfetaminy online? W Everyday Chem Shop oferujemy najwy\u017cszej jako\u015bci proszek amfetaminy, pozyskiwany ze wzgl\u0119du na czysto\u015b\u0107 i niezawodno\u015b\u0107. Idealny do bada\u0144 laboratoryjnych, analiz chemicznych lub cel\u00f3w edukacyjnych, nasz produkt gwarantuje sp\u00f3jne wyniki za ka\u017cdym razem. Dzi\u0119ki dyskretnej wysy\u0142ce i konkurencyjnym cenom proszku amfetaminy jeste\u015bmy Twoim zaufanym \u017ar\u00f3d\u0142em wysokiej jako\u015bci kryszta\u0142\u00f3w amfetaminy.<\/p>\n<p>Dlaczego warto wybra\u0107 nasz proszek amfetaminy?<\/p>\n<p>Nasz czysty proszek amfetaminy wyr\u00f3\u017cnia si\u0119 na rynku wyj\u0105tkow\u0105 jako\u015bci\u0105 i laboratoryjnie przebadanym sk\u0142adem. Oto, co go wyr\u00f3\u017cnia:<\/p>\n<p>Niezr\u00f3wnana czysto\u015b\u0107: Proszek chlorowodorku amfetaminy o czysto\u015bci ponad 99%, wolny od zanieczyszcze\u0144, kt\u00f3re mog\u0142yby zak\u0142\u00f3ci\u0107 Twoje eksperymenty.<br \/>\nUniwersalne formy: Dost\u0119pny w postaci drobnokrystalicznego proszku, co u\u0142atwia rozpuszczanie i precyzyjne dawkowanie w zastosowaniach badawczych. Udowodnione dzia\u0142anie: Znana ze swoich w\u0142a\u015bciwo\u015bci pobudzaj\u0105cych, amfetamina wspomaga badania nad koncentracj\u0105, energi\u0105 i reakcjami neurologicznymi \u2013 zawsze podawana w spos\u00f3b odpowiedzialny i w kontrolowanych warunkach.<br \/>\nOpcje hurtowe: Kupuj ma\u0142e ilo\u015bci badawcze lub kupuj amfetamin\u0119 w proszku hurtowo na potrzeby wi\u0119kszych projekt\u00f3w, z elastycznymi cenami amfetaminy w proszku, zaczynaj\u0105cymi si\u0119 od 50 USD za gram.<\/p>\n<p>Niezale\u017cnie od tego, czy zg\u0142\u0119biasz dzia\u0142anie i zastosowanie amfetaminy w pracach naukowych, czy w syntezie chemicznej, nasz produkt zapewnia niezawodno\u015b\u0107, kt\u00f3rej potrzebujesz, bez \u017cadnych problem\u00f3w.<\/p>\n<p>Szybka i dyskretna wysy\u0142ka na ca\u0142y \u015bwiat<\/p>\n<p>Rozumiemy, \u017ce prywatno\u015b\u0107 jest wa\u017cna. Zamawiaj\u0105c amfetamin\u0119 w proszku dyskretnie, mo\u017cesz liczy\u0107 na:<\/p>\n<p>Bezpieczne opakowanie: Pr\u00f3\u017cniowo zamkni\u0119te, nieprzepuszczaj\u0105ce zapach\u00f3w worki zapewniaj\u0105ce bezpieczny transport.<br \/>\nDostawa na ca\u0142y \u015bwiat: Darmowa wysy\u0142ka dla zam\u00f3wie\u0144 na ca\u0142y \u015bwiat; ekspresowa wysy\u0142ka do Europy i poza ni\u0105 w ci\u0105gu 5 dni.<br \/>\n\u015aledzenie przesy\u0142ki w zestawie: Aktualizacje w czasie rzeczywistym, dzi\u0119ki czemu dok\u0142adnie wiesz, kiedy otrzymasz sw\u00f3j proszek stymuluj\u0105cy online.<\/p>\n<p>Brak problem\u00f3w celnych \u2013 udoskonalili\u015bmy proces, aby zapewni\u0107 bezproblemow\u0105 i szybk\u0105 dostaw\u0119 proszku amfetaminy.<\/p>\n<p>Cz\u0119sto zadawane pytania dotycz\u0105ce proszku amfetaminy<br \/>\nDo czego s\u0142u\u017cy proszek amfetaminy?<\/p>\n<p>Proszek amfetaminy to syntetyczny stymulant, powszechnie badany pod k\u0105tem jego wp\u0142ywu na popraw\u0119 czujno\u015bci i koncentracji. Jest kluczowym zwi\u0105zkiem w badaniach farmaceutycznych, ale zawsze nale\u017cy zapozna\u0107 si\u0119 z wytycznymi dotycz\u0105cymi bezpiecznego obchodzenia si\u0119 z produktem.<\/p>\n<p>Jak czysta jest amfetamina, kt\u00f3r\u0105 sprzedajesz?<\/p>\n<p>Nasz czysty proszek amfetaminy przechodzi rygorystyczne, niezale\u017cne testy, gwarantuj\u0105ce co najmniej 99% czysto\u015bci. Raporty laboratoryjne dost\u0119pne na \u017cyczenie.<\/p>\n<p>Czy dost\u0119pna jest dyskretna wysy\u0142ka dla zam\u00f3wie\u0144 mi\u0119dzynarodowych?<\/p>\n<p>Tak! Specjalizujemy si\u0119 w dyskretnej wysy\u0142ce amfetaminy, wykorzystuj\u0105c proste opakowania i sprawdzonych przewo\u017anik\u00f3w, aby chroni\u0107 Twoj\u0105 prywatno\u015b\u0107.<\/p>\n<p>Jaka jest cena proszku amfetaminy?<\/p>\n<p>Z rabatami przy zakupie hurtowym amfetaminy. Sprawd\u017a nasz koszyk, aby uzyska\u0107 wyceny w czasie rzeczywistym.<\/p>\n<p>Gotowy do zam\u00f3wienia?<\/p>\n<p>Nie zadowalaj si\u0119 substytutami niskiej jako\u015bci. Kup amfetamin\u0119 online ju\u017c dzi\u015b w sklepie Everyday Chem Shop i przekonaj si\u0119 o r\u00f3\u017cnicy w jako\u015bci i obs\u0142udze. Dodaj do koszyka, aby natychmiast przetworzy\u0107 zam\u00f3wienie!<\/p>\n<p>Zastrze\u017cenie: Ten produkt jest przeznaczony wy\u0142\u0105cznie do cel\u00f3w badawczych i laboratoryjnych. Nie nadaje si\u0119 do spo\u017cycia przez ludzi. Przestrzegaj wszystkich lokalnych przepis\u00f3w i regulacji.<\/p>\n","protected":false},"excerpt":{"rendered":"<p>Sproszkowana amfetamina\u00a0jest silnym stymulatorem o\u015brodkowego uk\u0142adu nerwowego (m\u00f3zgu i nerw\u00f3w rdzenia kr\u0119gowego) i pe\u0142ni rol\u0119 lecznicz\u0105 w wielu chorobach. Jest r\u00f3wnie\u017c wysoce uzale\u017cniaj\u0105cy i ma histori\u0119 nadu\u017cywania.<\/p>\n<p>Proszek amfetaminy jest medycznie stosowany w leczeniu zespo\u0142u nadpobudliwo\u015bci psychoruchowej z deficytem uwagi<\/p>\n","protected":false},"featured_media":7757,"comment_status":"open","ping_status":"closed","template":"","meta":{"inline_featured_image":false},"product_brand":[],"product_cat":[264],"product_tag":[310,312,316,314,315,311,313],"class_list":{"0":"post-7728","1":"product","2":"type-product","3":"status-publish","4":"has-post-thumbnail","6":"product_cat-chemia-badawcza","7":"product_tag-amfetamina-w-proszku","8":"product_tag-buy-amphetamine-powder-online","9":"product_tag-gdzie-kupi-amfetamin-w-proszku-online","10":"product_tag-kup-amfetamina-proszek-online","11":"product_tag-najlepsze-miejsce-do-kupowania-sproszkowanej-amfetaminy-online","12":"product_tag-amfetamina-sproszkowana-na-sprzedaz","13":"product_tag-zamw-amfetamin-w-proszku-online","15":"first","16":"instock","17":"shipping-taxable","18":"purchasable","19":"product-type-variable","20":"has-default-attributes"},"yoast_head":"<!-- This site is optimized with the Yoast SEO Premium plugin v19.2 (Yoast SEO v27.3) - https:\/\/yoast.com\/product\/yoast-seo-premium-wordpress\/ -->\n<title>Kup proszek amfetaminy online - Everyday Chem Shop<\/title>\n<meta name=\"description\" content=\"Odkryj wysokiej jako\u015bci proszek amfetaminy dost\u0119pny online. Kryszta\u0142y o wysokiej czysto\u015bci z dyskretn\u0105 i szybk\u0105 wysy\u0142k\u0105 na ca\u0142y \u015bwiat. Zam\u00f3w ju\u017c teraz w sklepie Everyday Chem Shop, aby cieszy\u0107 si\u0119 niezawodn\u0105 jako\u015bci\u0105 i konkurencyjnymi cenami.\" \/>\n<meta name=\"robots\" content=\"index, follow, max-snippet:-1, max-image-preview:large, max-video-preview:-1\" \/>\n<link rel=\"canonical\" href=\"https:\/\/everydaychemshop.com\/pl\/product\/kup-amfetamine-w-proszku-online\/\" \/>\n<meta property=\"og:locale\" content=\"en_US\" \/>\n<meta property=\"og:type\" content=\"article\" \/>\n<meta property=\"og:title\" content=\"Kup amfetamin\u0119 w proszku przez Internet\" \/>\n<meta property=\"og:description\" content=\"Odkryj wysokiej jako\u015bci proszek amfetaminy dost\u0119pny online. Kryszta\u0142y o wysokiej czysto\u015bci z dyskretn\u0105 i szybk\u0105 wysy\u0142k\u0105 na ca\u0142y \u015bwiat. Zam\u00f3w ju\u017c teraz w sklepie Everyday Chem Shop, aby cieszy\u0107 si\u0119 niezawodn\u0105 jako\u015bci\u0105 i konkurencyjnymi cenami.\" \/>\n<meta property=\"og:url\" content=\"https:\/\/everydaychemshop.com\/pl\/product\/kup-amfetamine-w-proszku-online\/\" \/>\n<meta property=\"og:site_name\" content=\"Everyday Chem Shop\" \/>\n<meta property=\"article:modified_time\" content=\"2025-11-23T15:16:35+00:00\" \/>\n<meta property=\"og:image\" content=\"https:\/\/everydaychemshop.com\/pl\/wp-content\/uploads\/sites\/8\/2022\/11\/Buy-Amphetamine-Powder.jpg\" \/>\n\t<meta property=\"og:image:width\" content=\"1200\" \/>\n\t<meta property=\"og:image:height\" content=\"1200\" \/>\n\t<meta property=\"og:image:type\" content=\"image\/jpeg\" \/>\n<meta name=\"twitter:card\" content=\"summary_large_image\" \/>\n<meta name=\"twitter:label1\" content=\"Est. reading time\" \/>\n\t<meta name=\"twitter:data1\" content=\"3 minutes\" \/>\n<script type=\"application\/ld+json\" class=\"yoast-schema-graph\">{\"@context\":\"https:\\\/\\\/schema.org\",\"@graph\":[{\"@type\":\"WebPage\",\"@id\":\"https:\\\/\\\/everydaychemshop.com\\\/pl\\\/product\\\/kup-amfetamine-w-proszku-online\\\/\",\"url\":\"https:\\\/\\\/everydaychemshop.com\\\/pl\\\/product\\\/kup-amfetamine-w-proszku-online\\\/\",\"name\":\"Kup proszek amfetaminy online - Everyday Chem Shop\",\"isPartOf\":{\"@id\":\"https:\\\/\\\/everydaychemshop.com\\\/pl\\\/#website\"},\"primaryImageOfPage\":{\"@id\":\"https:\\\/\\\/everydaychemshop.com\\\/pl\\\/product\\\/kup-amfetamine-w-proszku-online\\\/#primaryimage\"},\"image\":{\"@id\":\"https:\\\/\\\/everydaychemshop.com\\\/pl\\\/product\\\/kup-amfetamine-w-proszku-online\\\/#primaryimage\"},\"thumbnailUrl\":\"https:\\\/\\\/everydaychemshop.com\\\/pl\\\/wp-content\\\/uploads\\\/sites\\\/8\\\/2022\\\/11\\\/Buy-Amphetamine-Powder.jpg\",\"datePublished\":\"2022-11-16T09:45:20+00:00\",\"dateModified\":\"2025-11-23T15:16:35+00:00\",\"description\":\"Odkryj wysokiej jako\u015bci proszek amfetaminy dost\u0119pny online. Kryszta\u0142y o wysokiej czysto\u015bci z dyskretn\u0105 i szybk\u0105 wysy\u0142k\u0105 na ca\u0142y \u015bwiat. Zam\u00f3w ju\u017c teraz w sklepie Everyday Chem Shop, aby cieszy\u0107 si\u0119 niezawodn\u0105 jako\u015bci\u0105 i konkurencyjnymi cenami.\",\"breadcrumb\":{\"@id\":\"https:\\\/\\\/everydaychemshop.com\\\/pl\\\/product\\\/kup-amfetamine-w-proszku-online\\\/#breadcrumb\"},\"inLanguage\":\"en-US\",\"potentialAction\":[{\"@type\":\"ReadAction\",\"target\":[\"https:\\\/\\\/everydaychemshop.com\\\/pl\\\/product\\\/kup-amfetamine-w-proszku-online\\\/\"]}]},{\"@type\":\"ImageObject\",\"inLanguage\":\"en-US\",\"@id\":\"https:\\\/\\\/everydaychemshop.com\\\/pl\\\/product\\\/kup-amfetamine-w-proszku-online\\\/#primaryimage\",\"url\":\"https:\\\/\\\/everydaychemshop.com\\\/pl\\\/wp-content\\\/uploads\\\/sites\\\/8\\\/2022\\\/11\\\/Buy-Amphetamine-Powder.jpg\",\"contentUrl\":\"https:\\\/\\\/everydaychemshop.com\\\/pl\\\/wp-content\\\/uploads\\\/sites\\\/8\\\/2022\\\/11\\\/Buy-Amphetamine-Powder.jpg\",\"width\":1200,\"height\":1200,\"caption\":\"Kup proszek amfetaminy online\"},{\"@type\":\"BreadcrumbList\",\"@id\":\"https:\\\/\\\/everydaychemshop.com\\\/pl\\\/product\\\/kup-amfetamine-w-proszku-online\\\/#breadcrumb\",\"itemListElement\":[{\"@type\":\"ListItem\",\"position\":1,\"name\":\"Home\",\"item\":\"https:\\\/\\\/everydaychemshop.com\\\/pl\\\/\"},{\"@type\":\"ListItem\",\"position\":2,\"name\":\"Produkty\",\"item\":\"https:\\\/\\\/everydaychemshop.com\\\/pl\\\/produkty\\\/\"},{\"@type\":\"ListItem\",\"position\":3,\"name\":\"Kup amfetamin\u0119 w proszku przez Internet\"}]},{\"@type\":\"WebSite\",\"@id\":\"https:\\\/\\\/everydaychemshop.com\\\/pl\\\/#website\",\"url\":\"https:\\\/\\\/everydaychemshop.com\\\/pl\\\/\",\"name\":\"Everyday Chem Shop\",\"description\":\"\",\"potentialAction\":[{\"@type\":\"SearchAction\",\"target\":{\"@type\":\"EntryPoint\",\"urlTemplate\":\"https:\\\/\\\/everydaychemshop.com\\\/pl\\\/?s={search_term_string}\"},\"query-input\":{\"@type\":\"PropertyValueSpecification\",\"valueRequired\":true,\"valueName\":\"search_term_string\"}}],\"inLanguage\":\"en-US\"}]}<\/script>\n<!-- \/ Yoast SEO Premium plugin. -->","yoast_head_json":{"title":"Kup proszek amfetaminy online - Everyday Chem Shop","description":"Odkryj wysokiej jako\u015bci proszek amfetaminy dost\u0119pny online. Kryszta\u0142y o wysokiej czysto\u015bci z dyskretn\u0105 i szybk\u0105 wysy\u0142k\u0105 na ca\u0142y \u015bwiat. Zam\u00f3w ju\u017c teraz w sklepie Everyday Chem Shop, aby cieszy\u0107 si\u0119 niezawodn\u0105 jako\u015bci\u0105 i konkurencyjnymi cenami.","robots":{"index":"index","follow":"follow","max-snippet":"max-snippet:-1","max-image-preview":"max-image-preview:large","max-video-preview":"max-video-preview:-1"},"canonical":"https:\/\/everydaychemshop.com\/pl\/product\/kup-amfetamine-w-proszku-online\/","og_locale":"en_US","og_type":"article","og_title":"Kup amfetamin\u0119 w proszku przez Internet","og_description":"Odkryj wysokiej jako\u015bci proszek amfetaminy dost\u0119pny online. Kryszta\u0142y o wysokiej czysto\u015bci z dyskretn\u0105 i szybk\u0105 wysy\u0142k\u0105 na ca\u0142y \u015bwiat. Zam\u00f3w ju\u017c teraz w sklepie Everyday Chem Shop, aby cieszy\u0107 si\u0119 niezawodn\u0105 jako\u015bci\u0105 i konkurencyjnymi cenami.","og_url":"https:\/\/everydaychemshop.com\/pl\/product\/kup-amfetamine-w-proszku-online\/","og_site_name":"Everyday Chem Shop","article_modified_time":"2025-11-23T15:16:35+00:00","og_image":[{"width":1200,"height":1200,"url":"https:\/\/everydaychemshop.com\/pl\/wp-content\/uploads\/sites\/8\/2022\/11\/Buy-Amphetamine-Powder.jpg","type":"image\/jpeg"}],"twitter_card":"summary_large_image","twitter_misc":{"Est. reading time":"3 minutes"},"schema":{"@context":"https:\/\/schema.org","@graph":[{"@type":"WebPage","@id":"https:\/\/everydaychemshop.com\/pl\/product\/kup-amfetamine-w-proszku-online\/","url":"https:\/\/everydaychemshop.com\/pl\/product\/kup-amfetamine-w-proszku-online\/","name":"Kup proszek amfetaminy online - Everyday Chem Shop","isPartOf":{"@id":"https:\/\/everydaychemshop.com\/pl\/#website"},"primaryImageOfPage":{"@id":"https:\/\/everydaychemshop.com\/pl\/product\/kup-amfetamine-w-proszku-online\/#primaryimage"},"image":{"@id":"https:\/\/everydaychemshop.com\/pl\/product\/kup-amfetamine-w-proszku-online\/#primaryimage"},"thumbnailUrl":"https:\/\/everydaychemshop.com\/pl\/wp-content\/uploads\/sites\/8\/2022\/11\/Buy-Amphetamine-Powder.jpg","datePublished":"2022-11-16T09:45:20+00:00","dateModified":"2025-11-23T15:16:35+00:00","description":"Odkryj wysokiej jako\u015bci proszek amfetaminy dost\u0119pny online. Kryszta\u0142y o wysokiej czysto\u015bci z dyskretn\u0105 i szybk\u0105 wysy\u0142k\u0105 na ca\u0142y \u015bwiat. Zam\u00f3w ju\u017c teraz w sklepie Everyday Chem Shop, aby cieszy\u0107 si\u0119 niezawodn\u0105 jako\u015bci\u0105 i konkurencyjnymi cenami.","breadcrumb":{"@id":"https:\/\/everydaychemshop.com\/pl\/product\/kup-amfetamine-w-proszku-online\/#breadcrumb"},"inLanguage":"en-US","potentialAction":[{"@type":"ReadAction","target":["https:\/\/everydaychemshop.com\/pl\/product\/kup-amfetamine-w-proszku-online\/"]}]},{"@type":"ImageObject","inLanguage":"en-US","@id":"https:\/\/everydaychemshop.com\/pl\/product\/kup-amfetamine-w-proszku-online\/#primaryimage","url":"https:\/\/everydaychemshop.com\/pl\/wp-content\/uploads\/sites\/8\/2022\/11\/Buy-Amphetamine-Powder.jpg","contentUrl":"https:\/\/everydaychemshop.com\/pl\/wp-content\/uploads\/sites\/8\/2022\/11\/Buy-Amphetamine-Powder.jpg","width":1200,"height":1200,"caption":"Kup proszek amfetaminy online"},{"@type":"BreadcrumbList","@id":"https:\/\/everydaychemshop.com\/pl\/product\/kup-amfetamine-w-proszku-online\/#breadcrumb","itemListElement":[{"@type":"ListItem","position":1,"name":"Home","item":"https:\/\/everydaychemshop.com\/pl\/"},{"@type":"ListItem","position":2,"name":"Produkty","item":"https:\/\/everydaychemshop.com\/pl\/produkty\/"},{"@type":"ListItem","position":3,"name":"Kup amfetamin\u0119 w proszku przez Internet"}]},{"@type":"WebSite","@id":"https:\/\/everydaychemshop.com\/pl\/#website","url":"https:\/\/everydaychemshop.com\/pl\/","name":"Everyday Chem Shop","description":"","potentialAction":[{"@type":"SearchAction","target":{"@type":"EntryPoint","urlTemplate":"https:\/\/everydaychemshop.com\/pl\/?s={search_term_string}"},"query-input":{"@type":"PropertyValueSpecification","valueRequired":true,"valueName":"search_term_string"}}],"inLanguage":"en-US"}]}},"_links":{"self":[{"href":"https:\/\/everydaychemshop.com\/pl\/wp-json\/wp\/v2\/product\/7728","targetHints":{"allow":["GET"]}}],"collection":[{"href":"https:\/\/everydaychemshop.com\/pl\/wp-json\/wp\/v2\/product"}],"about":[{"href":"https:\/\/everydaychemshop.com\/pl\/wp-json\/wp\/v2\/types\/product"}],"replies":[{"embeddable":true,"href":"https:\/\/everydaychemshop.com\/pl\/wp-json\/wp\/v2\/comments?post=7728"}],"wp:featuredmedia":[{"embeddable":true,"href":"https:\/\/everydaychemshop.com\/pl\/wp-json\/wp\/v2\/media\/7757"}],"wp:attachment":[{"href":"https:\/\/everydaychemshop.com\/pl\/wp-json\/wp\/v2\/media?parent=7728"}],"wp:term":[{"taxonomy":"product_brand","embeddable":true,"href":"https:\/\/everydaychemshop.com\/pl\/wp-json\/wp\/v2\/product_brand?post=7728"},{"taxonomy":"product_cat","embeddable":true,"href":"https:\/\/everydaychemshop.com\/pl\/wp-json\/wp\/v2\/product_cat?post=7728"},{"taxonomy":"product_tag","embeddable":true,"href":"https:\/\/everydaychemshop.com\/pl\/wp-json\/wp\/v2\/product_tag?post=7728"}],"curies":[{"name":"wp","href":"https:\/\/api.w.org\/{rel}","templated":true}]}}