{"id":7751,"date":"2022-11-16T09:46:01","date_gmt":"2022-11-16T09:46:01","guid":{"rendered":"https:\/\/everydaychemshop.com\/pl\/?post_type=product&#038;p=7751"},"modified":"2025-11-23T15:21:03","modified_gmt":"2025-11-23T15:21:03","slug":"kup-efedryne-w-proszku-online","status":"publish","type":"product","link":"https:\/\/everydaychemshop.com\/pl\/product\/kup-efedryne-w-proszku-online\/","title":{"rendered":"Kup efedryn\u0119 w proszku online"},"content":{"rendered":"<h1>Kup proszek efedryny online \u2013 Czysty 99% chlorowodorek efedryny na sprzeda\u017c<\/h1>\n<p><a href=\"https:\/\/everydaychemshop.com\/pl\/product\/kup-efedryne-w-proszku-online\/\">Kup proszek efedryny online<\/a>. Chcesz kupi\u0107 proszek efedryny online z gwarancj\u0105 jako\u015bci i niezawodno\u015bci? W Everyday Chem Shop oferujemy najwy\u017cszej jako\u015bci proszek efedryny od zaufanych producent\u00f3w o jako\u015bci farmaceutycznej. Nasz czysty proszek efedryny HCL idealnie nadaje si\u0119 do bada\u0144, zastosowa\u0144 laboratoryjnych i zastosowa\u0144 profesjonalnych. Dzi\u0119ki dyskretnemu opakowaniu i wysy\u0142ce na ca\u0142y \u015bwiat, zamawianie proszku efedryny hurtowo nigdy nie by\u0142o \u0142atwiejsze ani bezpieczniejsze.<\/p>\n<p>Czym jest proszek efedryny?<\/p>\n<p>Proszek efedryny, a konkretnie chlorowodorek efedryny (HCL), to wszechstronna amina sympatykomimetyczna pozyskiwana z ro\u015bliny prz\u0119\u015bli (Ephedra). Znany jako silny lek rozszerzaj\u0105cy oskrzela i zmniejszaj\u0105cy przekrwienie b\u0142ony \u015bluzowej nosa, ten bia\u0142y, krystaliczny proszek jest od dziesi\u0119cioleci podstawowym sk\u0142adnikiem preparat\u00f3w farmaceutycznych. Nasz proszek efedryny o wysokiej czysto\u015bci 99% gwarantuje maksymaln\u0105 skuteczno\u015b\u0107, niezale\u017cnie od tego, czy badasz jego wp\u0142yw na zdrowie uk\u0142adu oddechowego, czy badania metaboliczne.<\/p>\n<p>W przeciwie\u0144stwie do rozcie\u0144czonych alternatyw, nasz farmaceutyczny proszek efedryny przechodzi rygorystyczne testy, aby spe\u0142nia\u0107 standardy USP, zapewniaj\u0105c za ka\u017cdym razem sp\u00f3jne wyniki.<\/p>\n<p>G\u0142\u00f3wne zalety naszego proszku efedryny<\/p>\n<p>Dlaczego warto wybra\u0107 Everyday Chem Shop do zakupu proszku efedryny? Oto, co nas wyr\u00f3\u017cnia:<\/p>\n<p>Niezr\u00f3wnana czysto\u015b\u0107: Zawarto\u015b\u0107 chlorowodorku efedryny powy\u017cej 99%, laboratoryjnie zweryfikowana pod k\u0105tem autentyczno\u015bci i skuteczno\u015bci.<br \/>\nWszechstronne zastosowania: Idealny jako proszek rozszerzaj\u0105cy oskrzela w badaniach nad astm\u0105, lek zmniejszaj\u0105cy przekrwienie b\u0142ony \u015bluzowej nosa w badaniach klinicznych lub prekursor w badaniach nad kontrol\u0105 masy cia\u0142a (zawsze nale\u017cy zapozna\u0107 si\u0119 z przepisami).<br \/>\nEkonomiczne opcje hurtowe: Zaoszcz\u0119d\u017a wi\u0119cej, kupuj\u0105c wi\u0119ksze ilo\u015bci \u2013 od 50 g do 1 kg.<br \/>\nSzybka i dyskretna dostawa: Zam\u00f3w proszek efedryny w USA lub za granic\u0119 z przesy\u0142k\u0105 \u015bledzon\u0105 w ci\u0105gu 3 dni roboczych. Priorytetem jest dla nas prywatno\u015b\u0107, dlatego oferujemy nieoznakowane opakowania. Bezpieczne transakcje: Szyfrowane p\u0142atno\u015bci kart\u0105 kredytow\u0105, Bitcoinem lub przelewem bankowym \u2013 bezproblemowo, pe\u0142ny zwrot pieni\u0119dzy w przypadku niezadowolenia.<\/p>\n<p>Naturalne w\u0142a\u015bciwo\u015bci pobudzaj\u0105ce efedryny sprawiaj\u0105, \u017ce jest ona idealnym wyborem dla profesjonalist\u00f3w poszukuj\u0105cych niezawodnego \u015brodka chemicznego do bada\u0144 \u2013 efedryny. Uwaga: Ten produkt jest przeznaczony wy\u0142\u0105cznie do cel\u00f3w laboratoryjnych i badawczych; nie nadaje si\u0119 do spo\u017cycia przez ludzi bez odpowiedniego zezwolenia.<\/p>\n<p>Specyfikacja produktu<\/p>\n<p>Szczeg\u00f3\u0142y specyfikacji<br \/>\nNazwa produktu: Proszek chlorowodorku efedryny<br \/>\nCzysto\u015b\u0107 99%+ (testowana metod\u0105 HPLC)<br \/>\nPosta\u0107: Drobny, bia\u0142y, krystaliczny proszek<br \/>\nNumer CAS: 50-98-6<br \/>\nWz\u00f3r cz\u0105steczkowy: C10H15NO\u00b7HCl<br \/>\nDost\u0119pne rozmiary: 50 g, 100 g, 500 g, 1 kg<br \/>\nPrzechowywanie: Ch\u0142odne, suche miejsce, z dala od \u015bwiat\u0142a<br \/>\nOkres przydatno\u015bci do spo\u017cycia: ponad 2 lata<\/p>\n<p>Ceny: Obowi\u0105zuj\u0105 rabaty hurtowe \u2013 skontaktuj si\u0119 z nami, aby uzyska\u0107 wycen\u0119 hurtowego zakupu proszku efedryny.<\/p>\n<p>Wytyczne prawne i bezpiecze\u0144stwa<\/p>\n<p>Przestrzegamy wszystkich mi\u0119dzynarodowych przepis\u00f3w dotycz\u0105cych prawnych standard\u00f3w dostawc\u00f3w proszku efedryny. Efedryna jest substancj\u0105 kontrolowan\u0105 w wielu regionach \u2013 upewnij si\u0119, \u017ce posiadasz niezb\u0119dne zezwolenia na import i stosowanie. Zawsze u\u017cywaj sprz\u0119tu ochronnego i przestrzegaj laboratoryjnych protoko\u0142\u00f3w bezpiecze\u0144stwa. Aby dowiedzie\u0107 si\u0119 wi\u0119cej na temat efedryny w celu odchudzania online lub zastosowa\u0144 terapeutycznych, zapoznaj si\u0119 z wytycznymi FDA.<\/p>\n<p>Ostrze\u017cenia: Nieprzeznaczone do u\u017cytku osobistego. Niew\u0142a\u015bciwe u\u017cycie mo\u017ce prowadzi\u0107 do skutk\u00f3w ubocznych, takich jak przyspieszone t\u0119tno. W przypadku zastosowa\u0144 medycznych skonsultuj si\u0119 z lekarzem.<\/p>\n<p>Dlaczego warto kupowa\u0107 proszek efedryny w Everyday Chem Shop?<\/p>\n<p>Jako wiod\u0105cy dostawca proszku efedryny online, priorytetowo traktujemy jako\u015b\u0107, szybko\u015b\u0107 i zadowolenie klienta. Do\u0142\u0105cz do tysi\u0119cy zadowolonych badaczy, kt\u00f3rzy zaufali nam w kwestii wysokiej czysto\u015bci efedryny 99%. Nasz ca\u0142odobowy zesp\u00f3\u0142 wsparcia jest do dyspozycji, aby odpowiedzie\u0107 na pytania dotycz\u0105ce wysy\u0142ki, certyfikat\u00f3w czysto\u015bci lub zam\u00f3wie\u0144 niestandardowych.<\/p>\n<p>Gotowy do zam\u00f3wienia? Kup teraz!<\/p>\n<p>Nie czekaj \u2013 zam\u00f3w proszek efedryny w USA ju\u017c dzi\u015b i przekonaj si\u0119 osobi\u015bcie o najwy\u017cszej jako\u015bci. Dodaj do koszyka poni\u017cej lub skontaktuj si\u0119 z nami przez czat na \u017cywo, aby uzyska\u0107 spersonalizowan\u0105 pomoc. Zapewnij sobie dostaw\u0119 czystego proszku efedryny HCL z pe\u0142nym zaufaniem!<\/p>\n","protected":false},"excerpt":{"rendered":"<p>Efedryna w proszku to naturalnie wyst\u0119puj\u0105cy stymulant o\u015brodkowego uk\u0142adu nerwowego pozyskiwany z ro\u015bliny Ephedra equisetina. Obecnie jest r\u00f3wnie\u017c wytwarzany w drodze syntezy chemicznej, a produkt syntetyczny jest sprzedawany w postaci soli.<\/p>\n","protected":false},"featured_media":7774,"comment_status":"open","ping_status":"closed","template":"","meta":{"inline_featured_image":false},"product_brand":[],"product_cat":[264],"product_tag":[332,336,333,335,331,334],"class_list":{"0":"post-7751","1":"product","2":"type-product","3":"status-publish","4":"has-post-thumbnail","6":"product_cat-chemia-badawcza","7":"product_tag-ephedrine-powder-for-sale","8":"product_tag-gdzie-kupi-efedryn-w-proszku-online","9":"product_tag-jak-kupi-efedryn-w-proszku-online","10":"product_tag-zakup-efedryna-proszek-online","11":"product_tag-kup-efedryn-w-proszku-online","12":"product_tag-zamw-efedryn-w-proszku-online","14":"first","15":"instock","16":"featured","17":"shipping-taxable","18":"purchasable","19":"product-type-variable","20":"has-default-attributes"},"yoast_head":"<!-- This site is optimized with the Yoast SEO Premium plugin v19.2 (Yoast SEO v27.3) - https:\/\/yoast.com\/product\/yoast-seo-premium-wordpress\/ -->\n<title>Kup proszek efedryny online - Everyday Chem Shop<\/title>\n<meta name=\"description\" content=\"Odkryj najwy\u017cszej jako\u015bci proszek efedryny dost\u0119pny online w sklepie Everyday Chem Shop. Czysta 99% efedryna HCL do zastosowa\u0144 badawczych i farmaceutycznych \u2013 kup teraz z dyskretn\u0105 wysy\u0142k\u0105 na ca\u0142y \u015bwiat, szybk\u0105 dostaw\u0105 i bezpiecznymi p\u0142atno\u015bciami. Zam\u00f3w proszek efedryny hurtowo ju\u017c dzi\u015b!\" \/>\n<meta name=\"robots\" content=\"index, follow, max-snippet:-1, max-image-preview:large, max-video-preview:-1\" \/>\n<link rel=\"canonical\" href=\"https:\/\/everydaychemshop.com\/pl\/product\/kup-efedryne-w-proszku-online\/\" \/>\n<meta property=\"og:locale\" content=\"en_US\" \/>\n<meta property=\"og:type\" content=\"article\" \/>\n<meta property=\"og:title\" content=\"Kup efedryn\u0119 w proszku online\" \/>\n<meta property=\"og:description\" content=\"Odkryj najwy\u017cszej jako\u015bci proszek efedryny dost\u0119pny online w sklepie Everyday Chem Shop. Czysta 99% efedryna HCL do zastosowa\u0144 badawczych i farmaceutycznych \u2013 kup teraz z dyskretn\u0105 wysy\u0142k\u0105 na ca\u0142y \u015bwiat, szybk\u0105 dostaw\u0105 i bezpiecznymi p\u0142atno\u015bciami. Zam\u00f3w proszek efedryny hurtowo ju\u017c dzi\u015b!\" \/>\n<meta property=\"og:url\" content=\"https:\/\/everydaychemshop.com\/pl\/product\/kup-efedryne-w-proszku-online\/\" \/>\n<meta property=\"og:site_name\" content=\"Everyday Chem Shop\" \/>\n<meta property=\"article:modified_time\" content=\"2025-11-23T15:21:03+00:00\" \/>\n<meta property=\"og:image\" content=\"https:\/\/everydaychemshop.com\/pl\/wp-content\/uploads\/sites\/8\/2022\/11\/EPHEDRINE-POWDER.jpg\" \/>\n\t<meta property=\"og:image:width\" content=\"1200\" \/>\n\t<meta property=\"og:image:height\" content=\"1200\" \/>\n\t<meta property=\"og:image:type\" content=\"image\/jpeg\" \/>\n<meta name=\"twitter:card\" content=\"summary_large_image\" \/>\n<meta name=\"twitter:label1\" content=\"Est. reading time\" \/>\n\t<meta name=\"twitter:data1\" content=\"3 minutes\" \/>\n<script type=\"application\/ld+json\" class=\"yoast-schema-graph\">{\"@context\":\"https:\\\/\\\/schema.org\",\"@graph\":[{\"@type\":\"WebPage\",\"@id\":\"https:\\\/\\\/everydaychemshop.com\\\/pl\\\/product\\\/kup-efedryne-w-proszku-online\\\/\",\"url\":\"https:\\\/\\\/everydaychemshop.com\\\/pl\\\/product\\\/kup-efedryne-w-proszku-online\\\/\",\"name\":\"Kup proszek efedryny online - Everyday Chem Shop\",\"isPartOf\":{\"@id\":\"https:\\\/\\\/everydaychemshop.com\\\/pl\\\/#website\"},\"primaryImageOfPage\":{\"@id\":\"https:\\\/\\\/everydaychemshop.com\\\/pl\\\/product\\\/kup-efedryne-w-proszku-online\\\/#primaryimage\"},\"image\":{\"@id\":\"https:\\\/\\\/everydaychemshop.com\\\/pl\\\/product\\\/kup-efedryne-w-proszku-online\\\/#primaryimage\"},\"thumbnailUrl\":\"https:\\\/\\\/everydaychemshop.com\\\/pl\\\/wp-content\\\/uploads\\\/sites\\\/8\\\/2022\\\/11\\\/EPHEDRINE-POWDER.jpg\",\"datePublished\":\"2022-11-16T09:46:01+00:00\",\"dateModified\":\"2025-11-23T15:21:03+00:00\",\"description\":\"Odkryj najwy\u017cszej jako\u015bci proszek efedryny dost\u0119pny online w sklepie Everyday Chem Shop. Czysta 99% efedryna HCL do zastosowa\u0144 badawczych i farmaceutycznych \u2013 kup teraz z dyskretn\u0105 wysy\u0142k\u0105 na ca\u0142y \u015bwiat, szybk\u0105 dostaw\u0105 i bezpiecznymi p\u0142atno\u015bciami. Zam\u00f3w proszek efedryny hurtowo ju\u017c dzi\u015b!\",\"breadcrumb\":{\"@id\":\"https:\\\/\\\/everydaychemshop.com\\\/pl\\\/product\\\/kup-efedryne-w-proszku-online\\\/#breadcrumb\"},\"inLanguage\":\"en-US\",\"potentialAction\":[{\"@type\":\"ReadAction\",\"target\":[\"https:\\\/\\\/everydaychemshop.com\\\/pl\\\/product\\\/kup-efedryne-w-proszku-online\\\/\"]}]},{\"@type\":\"ImageObject\",\"inLanguage\":\"en-US\",\"@id\":\"https:\\\/\\\/everydaychemshop.com\\\/pl\\\/product\\\/kup-efedryne-w-proszku-online\\\/#primaryimage\",\"url\":\"https:\\\/\\\/everydaychemshop.com\\\/pl\\\/wp-content\\\/uploads\\\/sites\\\/8\\\/2022\\\/11\\\/EPHEDRINE-POWDER.jpg\",\"contentUrl\":\"https:\\\/\\\/everydaychemshop.com\\\/pl\\\/wp-content\\\/uploads\\\/sites\\\/8\\\/2022\\\/11\\\/EPHEDRINE-POWDER.jpg\",\"width\":1200,\"height\":1200,\"caption\":\"Kup proszek efedryny online.\"},{\"@type\":\"BreadcrumbList\",\"@id\":\"https:\\\/\\\/everydaychemshop.com\\\/pl\\\/product\\\/kup-efedryne-w-proszku-online\\\/#breadcrumb\",\"itemListElement\":[{\"@type\":\"ListItem\",\"position\":1,\"name\":\"Home\",\"item\":\"https:\\\/\\\/everydaychemshop.com\\\/pl\\\/\"},{\"@type\":\"ListItem\",\"position\":2,\"name\":\"Produkty\",\"item\":\"https:\\\/\\\/everydaychemshop.com\\\/pl\\\/produkty\\\/\"},{\"@type\":\"ListItem\",\"position\":3,\"name\":\"Kup efedryn\u0119 w proszku online\"}]},{\"@type\":\"WebSite\",\"@id\":\"https:\\\/\\\/everydaychemshop.com\\\/pl\\\/#website\",\"url\":\"https:\\\/\\\/everydaychemshop.com\\\/pl\\\/\",\"name\":\"Everyday Chem Shop\",\"description\":\"\",\"potentialAction\":[{\"@type\":\"SearchAction\",\"target\":{\"@type\":\"EntryPoint\",\"urlTemplate\":\"https:\\\/\\\/everydaychemshop.com\\\/pl\\\/?s={search_term_string}\"},\"query-input\":{\"@type\":\"PropertyValueSpecification\",\"valueRequired\":true,\"valueName\":\"search_term_string\"}}],\"inLanguage\":\"en-US\"}]}<\/script>\n<!-- \/ Yoast SEO Premium plugin. -->","yoast_head_json":{"title":"Kup proszek efedryny online - Everyday Chem Shop","description":"Odkryj najwy\u017cszej jako\u015bci proszek efedryny dost\u0119pny online w sklepie Everyday Chem Shop. Czysta 99% efedryna HCL do zastosowa\u0144 badawczych i farmaceutycznych \u2013 kup teraz z dyskretn\u0105 wysy\u0142k\u0105 na ca\u0142y \u015bwiat, szybk\u0105 dostaw\u0105 i bezpiecznymi p\u0142atno\u015bciami. Zam\u00f3w proszek efedryny hurtowo ju\u017c dzi\u015b!","robots":{"index":"index","follow":"follow","max-snippet":"max-snippet:-1","max-image-preview":"max-image-preview:large","max-video-preview":"max-video-preview:-1"},"canonical":"https:\/\/everydaychemshop.com\/pl\/product\/kup-efedryne-w-proszku-online\/","og_locale":"en_US","og_type":"article","og_title":"Kup efedryn\u0119 w proszku online","og_description":"Odkryj najwy\u017cszej jako\u015bci proszek efedryny dost\u0119pny online w sklepie Everyday Chem Shop. Czysta 99% efedryna HCL do zastosowa\u0144 badawczych i farmaceutycznych \u2013 kup teraz z dyskretn\u0105 wysy\u0142k\u0105 na ca\u0142y \u015bwiat, szybk\u0105 dostaw\u0105 i bezpiecznymi p\u0142atno\u015bciami. Zam\u00f3w proszek efedryny hurtowo ju\u017c dzi\u015b!","og_url":"https:\/\/everydaychemshop.com\/pl\/product\/kup-efedryne-w-proszku-online\/","og_site_name":"Everyday Chem Shop","article_modified_time":"2025-11-23T15:21:03+00:00","og_image":[{"width":1200,"height":1200,"url":"https:\/\/everydaychemshop.com\/pl\/wp-content\/uploads\/sites\/8\/2022\/11\/EPHEDRINE-POWDER.jpg","type":"image\/jpeg"}],"twitter_card":"summary_large_image","twitter_misc":{"Est. reading time":"3 minutes"},"schema":{"@context":"https:\/\/schema.org","@graph":[{"@type":"WebPage","@id":"https:\/\/everydaychemshop.com\/pl\/product\/kup-efedryne-w-proszku-online\/","url":"https:\/\/everydaychemshop.com\/pl\/product\/kup-efedryne-w-proszku-online\/","name":"Kup proszek efedryny online - Everyday Chem Shop","isPartOf":{"@id":"https:\/\/everydaychemshop.com\/pl\/#website"},"primaryImageOfPage":{"@id":"https:\/\/everydaychemshop.com\/pl\/product\/kup-efedryne-w-proszku-online\/#primaryimage"},"image":{"@id":"https:\/\/everydaychemshop.com\/pl\/product\/kup-efedryne-w-proszku-online\/#primaryimage"},"thumbnailUrl":"https:\/\/everydaychemshop.com\/pl\/wp-content\/uploads\/sites\/8\/2022\/11\/EPHEDRINE-POWDER.jpg","datePublished":"2022-11-16T09:46:01+00:00","dateModified":"2025-11-23T15:21:03+00:00","description":"Odkryj najwy\u017cszej jako\u015bci proszek efedryny dost\u0119pny online w sklepie Everyday Chem Shop. Czysta 99% efedryna HCL do zastosowa\u0144 badawczych i farmaceutycznych \u2013 kup teraz z dyskretn\u0105 wysy\u0142k\u0105 na ca\u0142y \u015bwiat, szybk\u0105 dostaw\u0105 i bezpiecznymi p\u0142atno\u015bciami. Zam\u00f3w proszek efedryny hurtowo ju\u017c dzi\u015b!","breadcrumb":{"@id":"https:\/\/everydaychemshop.com\/pl\/product\/kup-efedryne-w-proszku-online\/#breadcrumb"},"inLanguage":"en-US","potentialAction":[{"@type":"ReadAction","target":["https:\/\/everydaychemshop.com\/pl\/product\/kup-efedryne-w-proszku-online\/"]}]},{"@type":"ImageObject","inLanguage":"en-US","@id":"https:\/\/everydaychemshop.com\/pl\/product\/kup-efedryne-w-proszku-online\/#primaryimage","url":"https:\/\/everydaychemshop.com\/pl\/wp-content\/uploads\/sites\/8\/2022\/11\/EPHEDRINE-POWDER.jpg","contentUrl":"https:\/\/everydaychemshop.com\/pl\/wp-content\/uploads\/sites\/8\/2022\/11\/EPHEDRINE-POWDER.jpg","width":1200,"height":1200,"caption":"Kup proszek efedryny online."},{"@type":"BreadcrumbList","@id":"https:\/\/everydaychemshop.com\/pl\/product\/kup-efedryne-w-proszku-online\/#breadcrumb","itemListElement":[{"@type":"ListItem","position":1,"name":"Home","item":"https:\/\/everydaychemshop.com\/pl\/"},{"@type":"ListItem","position":2,"name":"Produkty","item":"https:\/\/everydaychemshop.com\/pl\/produkty\/"},{"@type":"ListItem","position":3,"name":"Kup efedryn\u0119 w proszku online"}]},{"@type":"WebSite","@id":"https:\/\/everydaychemshop.com\/pl\/#website","url":"https:\/\/everydaychemshop.com\/pl\/","name":"Everyday Chem Shop","description":"","potentialAction":[{"@type":"SearchAction","target":{"@type":"EntryPoint","urlTemplate":"https:\/\/everydaychemshop.com\/pl\/?s={search_term_string}"},"query-input":{"@type":"PropertyValueSpecification","valueRequired":true,"valueName":"search_term_string"}}],"inLanguage":"en-US"}]}},"_links":{"self":[{"href":"https:\/\/everydaychemshop.com\/pl\/wp-json\/wp\/v2\/product\/7751","targetHints":{"allow":["GET"]}}],"collection":[{"href":"https:\/\/everydaychemshop.com\/pl\/wp-json\/wp\/v2\/product"}],"about":[{"href":"https:\/\/everydaychemshop.com\/pl\/wp-json\/wp\/v2\/types\/product"}],"replies":[{"embeddable":true,"href":"https:\/\/everydaychemshop.com\/pl\/wp-json\/wp\/v2\/comments?post=7751"}],"wp:featuredmedia":[{"embeddable":true,"href":"https:\/\/everydaychemshop.com\/pl\/wp-json\/wp\/v2\/media\/7774"}],"wp:attachment":[{"href":"https:\/\/everydaychemshop.com\/pl\/wp-json\/wp\/v2\/media?parent=7751"}],"wp:term":[{"taxonomy":"product_brand","embeddable":true,"href":"https:\/\/everydaychemshop.com\/pl\/wp-json\/wp\/v2\/product_brand?post=7751"},{"taxonomy":"product_cat","embeddable":true,"href":"https:\/\/everydaychemshop.com\/pl\/wp-json\/wp\/v2\/product_cat?post=7751"},{"taxonomy":"product_tag","embeddable":true,"href":"https:\/\/everydaychemshop.com\/pl\/wp-json\/wp\/v2\/product_tag?post=7751"}],"curies":[{"name":"wp","href":"https:\/\/api.w.org\/{rel}","templated":true}]}}