{"id":7762,"date":"2022-11-16T09:46:33","date_gmt":"2022-11-16T09:46:33","guid":{"rendered":"https:\/\/everydaychemshop.com\/pl\/?post_type=product&#038;p=7762"},"modified":"2023-04-07T18:52:15","modified_gmt":"2023-04-07T18:52:15","slug":"kup-jwh-250-online","status":"publish","type":"product","link":"https:\/\/everydaychemshop.com\/pl\/product\/kup-jwh-250-online\/","title":{"rendered":"Kup JWH-250 przez Internet"},"content":{"rendered":"<h1>Kup proszek JWH-250 przez Internet<\/h1>\n<p><a href=\"https:\/\/everydaychemshop.com\/pl\/product\/kup-jwh-250-online\/\">Kup proszek JWH-250 przez Internet<\/a>. JWH-250 to produkowany agonista receptora kannabinoidowego, kt\u00f3ry zosta\u0142 zidentyfikowany w przedmiotach od ostatniej cz\u0119\u015bci 2000 roku. Zosta\u0142 stworzony przez dr Johna W. Huffmana, a raport na jego temat zosta\u0142 rozpowszechniony w 2005 roku przez Huffmana i wsp. Zakup JWH-250 w Internecie.<\/p>\n<p>Lek jest fenyloacetyloindolem i dzia\u0142a jako agonista receptor\u00f3w CB1 i CB2. Ma stronniczo\u015b\u0107 ~ 11 nM w CB1 i ~ 33 nM w CB2.<\/p>\n<p>Kilka lat po tym, jak po raz pierwszy wspomniano o nim w pi\u015bmie, JWH-250 trafi\u0142 na rynek, a g\u0142\u00f3wna identyfikacja pochodzi\u0142a od niemieckiej policji w maju 2009 r. Odkryli lek w naturalnej mieszance do palenia. Kup JWH-250 przez Internet<\/p>\n<p>Zosta\u0142 r\u00f3wnie\u017c rozpoznany w proszkach i kombinacjach sprzedawanych przez Internet analitykom w Japonii. Przyk\u0142ady te zawiera\u0142y 77-165 mg dla ka\u017cdej pozycji.<\/p>\n<p>Ze wzgl\u0119du na spos\u00f3b, w jaki zosta\u0142 sprzedany, prawie na pewno osoby mia\u0142y <a href=\"https:\/\/en.wikipedia.org\/wiki\/JWH-250\">kontakt<\/a> z JWH-250 bez przyznania si\u0119 do tego.<\/p>\n<p>Masa molowa: 335,439 g\/mol<\/p>\n<p>Identyfikator ChEMBL: 188031<\/p>\n<p>Identyfikator ChemSpider: 23256117<\/p>\n<p>PubChem CID: 44397540<\/p>\n<p>Receptura: C22H25NO2<\/p>\n<p>Czy wiesz gdzie kupi\u0107 JWH-250?<\/p>\n<p>JWH-250 na sprzeda\u017c, warto\u015b\u0107 uliczna JWH-250, dawkowanie JWH-250, jak zrobi\u0107 JWH-250, gdzie mog\u0119 JWH-250 online, sk\u0105d wzi\u0105\u0107 JWH-250, co to jest JWH-250, Najwy\u017cszej jako\u015bci JWH-250 dla sprzeda\u017c. Wszystkie te pytania bez odpowiedzi mog\u0105 uzyska\u0107 odpowiedzi za naszym po\u015brednictwem. Wystarczy, \u017ce przejrzysz nasz\u0105 stron\u0119 internetow\u0105, a uzyskasz odpowiedzi, jak i gdzie mo\u017cesz kupi\u0107 JWH-250 online.<\/p>\n<p>A co z JWH-250? Czy wiesz te\u017c, gdzie mo\u017cna kupi\u0107 JWH-250 na sprzeda\u017c online? kupi\u0107 JWH-250 na sprzeda\u017c, jak zrobi\u0107 JWH-250, jak wygl\u0105da JWH-250, cena rynkowa JWH-250, cena JWH-250, gdzie kupi\u0107 JWH-250, czysty JWH-250, gdzie mog\u0119 kupi\u0107 JWH -250 online, kup czysty JWH-250 online.<\/p>\n<p>Dobra jako\u015b\u0107 JWH-250 online: Jest ca\u0142kowicie zrozumia\u0142e, \u017ce ludzie nie ufaj\u0105 szybko jako\u015bci JWH-250 sprzedawanej online, poniewa\u017c nie mog\u0105 jej fizycznie sprawdzi\u0107. Ale to nie to samo z internetowymi dostawcami JWH-250. Produkty tutaj s\u0105 zgodne z opisem dzi\u0119ki wysokiej jako\u015bci konserwacji wykonywanej pod nadzorem ekspert\u00f3w.<\/p>\n<p>Szybka i dyskretna wysy\u0142ka: Dostawa JWH-250 online po otrzymaniu zam\u00f3wienia odbywa si\u0119 w obiecanym terminie. Zesp\u00f3\u0142 wysy\u0142kowy dok\u0142ada wszelkich stara\u0144, aby procedura wysy\u0142ki i dostawy przebiega\u0142a p\u0142ynnie i szybko. Mo\u017cesz r\u00f3wnie\u017c oczekiwa\u0107 doskona\u0142ych us\u0142ug przy zakupie JWH-250 online od profesjonalisty na platformie internetowej.<\/p>\n","protected":false},"excerpt":{"rendered":"<p>Kup\u00a0<a href=\"https:\/\/en.wikipedia.org\/wiki\/JWH-250\">JWH-250<\/a>\u00a0w internecie. JWH-250 to produkowany agonista receptora kannabinoidowego, kt\u00f3ry zosta\u0142 zidentyfikowany w przedmiotach od ostatniej cz\u0119\u015bci 2000 roku. Zosta\u0142 stworzony przez dr Johna W. Huffmana, a raport na jego temat zosta\u0142 rozpowszechniony w 2005 roku przez Huffmana i wsp. Zakup JWH-250 w Internecie.<\/p>\n","protected":false},"featured_media":7790,"comment_status":"open","ping_status":"closed","template":"","meta":{"inline_featured_image":false},"product_brand":[],"product_cat":[264],"product_tag":[350,361,369,382,383,384,385,386,355,354,378,358,359,360,365,366,367,346,348,349,347,372,370,352,353,351,356,345,381,374,375,377,380,379,368,357,363,364,362,373,376],"class_list":{"0":"post-7762","1":"product","2":"type-product","3":"status-publish","4":"has-post-thumbnail","6":"product_cat-chemia-badawcza","7":"product_tag-buy-legit-jwh-250-for-sale-webpage","8":"product_tag-jwh-250-odzywki-dla-roslin-na-sprzedaz","9":"product_tag-mjwh-250-dostawcy","10":"product_tag-gdzie-zdoby-jwh-250-dostpne-do-zakupu","11":"product_tag-gdzie-kupi-jwh-250","12":"product_tag-gdzie-kupi-jwh-250do-indywidualnego-uytku","13":"product_tag-sklep-gdzie-skromny-jwh-250","14":"product_tag-gdzie-mgbym-kupi-jwh-250","15":"product_tag-jak-zakupowa-skromne-jwh-250-wysyka-na-cay-wiat","16":"product_tag-jak-kupowac-tanio-jwh-250-wysylka-na-caly-swiat","17":"product_tag-jako-jwh-250-dostpna-do-zakupu","18":"product_tag-jwh-250-drug-for-sale","19":"product_tag-jwh-250-for-sale","20":"product_tag-jwh-250-medication-available-to-be-purchased","21":"product_tag-jwh-250-shower-salts-available-to-be-purchased","22":"product_tag-jwh-250-store","23":"product_tag-jwh-250-where-to-purchase","24":"product_tag-kup-jwh-250","25":"product_tag-kup-jwh-250-do-uzytku-osobistego","26":"product_tag-kup-jwh-250-online","27":"product_tag-kup-jwh-250-w-przystpnych-cenach","28":"product_tag-zakup-jwh-250-po-skromnej-wartosci","29":"product_tag-zakup-prawdziwej-jwh-250-dostpnej-do-zakupu-strony","30":"product_tag-kup-skromnie-jwh-250-online","31":"product_tag-kup-skromny-mefedron-online","32":"product_tag-kupi-skromne-jwh-250-do-uytku-rolinnego","33":"product_tag-jwh-250-dostpne-do-kupienia","34":"product_tag-najlepsze-miejsce-do-zakupu-jwh-250","35":"product_tag-niezafaszowany-jwh-250","36":"product_tag-purchase-jwh-250-for-individual-use","37":"product_tag-purchase-jwh-250-on-the-web","38":"product_tag-purchase-modest-jwh-250","39":"product_tag-sklep-jwh-250","40":"product_tag-jako-jwh-250-na-sprzeda","41":"product_tag-jwh-250-boli","42":"product_tag-jwh-250-umowa","43":"product_tag-jwh-250-strony-zakupowe","44":"product_tag-jwh-250-proba","45":"product_tag-jwh-250-zakup","46":"product_tag-zakup-jwh-250-dostpny-do-zakupu","47":"product_tag-zakup-masa-jwh-250","49":"first","50":"instock","51":"sale","52":"featured","53":"shipping-taxable","54":"purchasable","55":"product-type-variable","56":"has-default-attributes"},"yoast_head":"<!-- This site is optimized with the Yoast SEO Premium plugin v19.2 (Yoast SEO v27.3) - https:\/\/yoast.com\/product\/yoast-seo-premium-wordpress\/ -->\n<title>Kup proszek JWH-250 przez Internet - Everyday Chem Shop<\/title>\n<meta name=\"description\" content=\"Kup proszek JWH-250 przez Internet. Je\u015bli szukasz sposobu na zakup JWH-250 online, to jeste\u015b we w\u0142a\u015bciwym miejscu, aby kupi\u0107 JWH-250 online.\" \/>\n<meta name=\"robots\" content=\"index, follow, max-snippet:-1, max-image-preview:large, max-video-preview:-1\" \/>\n<link rel=\"canonical\" href=\"https:\/\/everydaychemshop.com\/pl\/product\/kup-jwh-250-online\/\" \/>\n<meta property=\"og:locale\" content=\"en_US\" \/>\n<meta property=\"og:type\" content=\"article\" \/>\n<meta property=\"og:title\" content=\"Kup JWH-250 przez Internet\" \/>\n<meta property=\"og:description\" content=\"Kup proszek JWH-250 przez Internet. Je\u015bli szukasz sposobu na zakup JWH-250 online, to jeste\u015b we w\u0142a\u015bciwym miejscu, aby kupi\u0107 JWH-250 online.\" \/>\n<meta property=\"og:url\" content=\"https:\/\/everydaychemshop.com\/pl\/product\/kup-jwh-250-online\/\" \/>\n<meta property=\"og:site_name\" content=\"Everyday Chem Shop\" \/>\n<meta property=\"article:modified_time\" content=\"2023-04-07T18:52:15+00:00\" \/>\n<meta property=\"og:image\" content=\"https:\/\/everydaychemshop.com\/pl\/wp-content\/uploads\/sites\/8\/2022\/11\/jwh-250.jpg\" \/>\n\t<meta property=\"og:image:width\" content=\"1200\" \/>\n\t<meta property=\"og:image:height\" content=\"1200\" \/>\n\t<meta property=\"og:image:type\" content=\"image\/jpeg\" \/>\n<meta name=\"twitter:card\" content=\"summary_large_image\" \/>\n<meta name=\"twitter:label1\" content=\"Est. reading time\" \/>\n\t<meta name=\"twitter:data1\" content=\"2 minutes\" \/>\n<script type=\"application\/ld+json\" class=\"yoast-schema-graph\">{\"@context\":\"https:\\\/\\\/schema.org\",\"@graph\":[{\"@type\":\"WebPage\",\"@id\":\"https:\\\/\\\/everydaychemshop.com\\\/pl\\\/product\\\/kup-jwh-250-online\\\/\",\"url\":\"https:\\\/\\\/everydaychemshop.com\\\/pl\\\/product\\\/kup-jwh-250-online\\\/\",\"name\":\"Kup proszek JWH-250 przez Internet - Everyday Chem Shop\",\"isPartOf\":{\"@id\":\"https:\\\/\\\/everydaychemshop.com\\\/pl\\\/#website\"},\"primaryImageOfPage\":{\"@id\":\"https:\\\/\\\/everydaychemshop.com\\\/pl\\\/product\\\/kup-jwh-250-online\\\/#primaryimage\"},\"image\":{\"@id\":\"https:\\\/\\\/everydaychemshop.com\\\/pl\\\/product\\\/kup-jwh-250-online\\\/#primaryimage\"},\"thumbnailUrl\":\"https:\\\/\\\/everydaychemshop.com\\\/pl\\\/wp-content\\\/uploads\\\/sites\\\/8\\\/2022\\\/11\\\/jwh-250.jpg\",\"datePublished\":\"2022-11-16T09:46:33+00:00\",\"dateModified\":\"2023-04-07T18:52:15+00:00\",\"description\":\"Kup proszek JWH-250 przez Internet. Je\u015bli szukasz sposobu na zakup JWH-250 online, to jeste\u015b we w\u0142a\u015bciwym miejscu, aby kupi\u0107 JWH-250 online.\",\"breadcrumb\":{\"@id\":\"https:\\\/\\\/everydaychemshop.com\\\/pl\\\/product\\\/kup-jwh-250-online\\\/#breadcrumb\"},\"inLanguage\":\"en-US\",\"potentialAction\":[{\"@type\":\"ReadAction\",\"target\":[\"https:\\\/\\\/everydaychemshop.com\\\/pl\\\/product\\\/kup-jwh-250-online\\\/\"]}]},{\"@type\":\"ImageObject\",\"inLanguage\":\"en-US\",\"@id\":\"https:\\\/\\\/everydaychemshop.com\\\/pl\\\/product\\\/kup-jwh-250-online\\\/#primaryimage\",\"url\":\"https:\\\/\\\/everydaychemshop.com\\\/pl\\\/wp-content\\\/uploads\\\/sites\\\/8\\\/2022\\\/11\\\/jwh-250.jpg\",\"contentUrl\":\"https:\\\/\\\/everydaychemshop.com\\\/pl\\\/wp-content\\\/uploads\\\/sites\\\/8\\\/2022\\\/11\\\/jwh-250.jpg\",\"width\":1200,\"height\":1200,\"caption\":\"Kup proszek JWH-250 przez Internet\"},{\"@type\":\"BreadcrumbList\",\"@id\":\"https:\\\/\\\/everydaychemshop.com\\\/pl\\\/product\\\/kup-jwh-250-online\\\/#breadcrumb\",\"itemListElement\":[{\"@type\":\"ListItem\",\"position\":1,\"name\":\"Home\",\"item\":\"https:\\\/\\\/everydaychemshop.com\\\/pl\\\/\"},{\"@type\":\"ListItem\",\"position\":2,\"name\":\"Produkty\",\"item\":\"https:\\\/\\\/everydaychemshop.com\\\/pl\\\/produkty\\\/\"},{\"@type\":\"ListItem\",\"position\":3,\"name\":\"Kup JWH-250 przez Internet\"}]},{\"@type\":\"WebSite\",\"@id\":\"https:\\\/\\\/everydaychemshop.com\\\/pl\\\/#website\",\"url\":\"https:\\\/\\\/everydaychemshop.com\\\/pl\\\/\",\"name\":\"Everyday Chem Shop\",\"description\":\"\",\"potentialAction\":[{\"@type\":\"SearchAction\",\"target\":{\"@type\":\"EntryPoint\",\"urlTemplate\":\"https:\\\/\\\/everydaychemshop.com\\\/pl\\\/?s={search_term_string}\"},\"query-input\":{\"@type\":\"PropertyValueSpecification\",\"valueRequired\":true,\"valueName\":\"search_term_string\"}}],\"inLanguage\":\"en-US\"}]}<\/script>\n<!-- \/ Yoast SEO Premium plugin. -->","yoast_head_json":{"title":"Kup proszek JWH-250 przez Internet - Everyday Chem Shop","description":"Kup proszek JWH-250 przez Internet. Je\u015bli szukasz sposobu na zakup JWH-250 online, to jeste\u015b we w\u0142a\u015bciwym miejscu, aby kupi\u0107 JWH-250 online.","robots":{"index":"index","follow":"follow","max-snippet":"max-snippet:-1","max-image-preview":"max-image-preview:large","max-video-preview":"max-video-preview:-1"},"canonical":"https:\/\/everydaychemshop.com\/pl\/product\/kup-jwh-250-online\/","og_locale":"en_US","og_type":"article","og_title":"Kup JWH-250 przez Internet","og_description":"Kup proszek JWH-250 przez Internet. Je\u015bli szukasz sposobu na zakup JWH-250 online, to jeste\u015b we w\u0142a\u015bciwym miejscu, aby kupi\u0107 JWH-250 online.","og_url":"https:\/\/everydaychemshop.com\/pl\/product\/kup-jwh-250-online\/","og_site_name":"Everyday Chem Shop","article_modified_time":"2023-04-07T18:52:15+00:00","og_image":[{"width":1200,"height":1200,"url":"https:\/\/everydaychemshop.com\/pl\/wp-content\/uploads\/sites\/8\/2022\/11\/jwh-250.jpg","type":"image\/jpeg"}],"twitter_card":"summary_large_image","twitter_misc":{"Est. reading time":"2 minutes"},"schema":{"@context":"https:\/\/schema.org","@graph":[{"@type":"WebPage","@id":"https:\/\/everydaychemshop.com\/pl\/product\/kup-jwh-250-online\/","url":"https:\/\/everydaychemshop.com\/pl\/product\/kup-jwh-250-online\/","name":"Kup proszek JWH-250 przez Internet - Everyday Chem Shop","isPartOf":{"@id":"https:\/\/everydaychemshop.com\/pl\/#website"},"primaryImageOfPage":{"@id":"https:\/\/everydaychemshop.com\/pl\/product\/kup-jwh-250-online\/#primaryimage"},"image":{"@id":"https:\/\/everydaychemshop.com\/pl\/product\/kup-jwh-250-online\/#primaryimage"},"thumbnailUrl":"https:\/\/everydaychemshop.com\/pl\/wp-content\/uploads\/sites\/8\/2022\/11\/jwh-250.jpg","datePublished":"2022-11-16T09:46:33+00:00","dateModified":"2023-04-07T18:52:15+00:00","description":"Kup proszek JWH-250 przez Internet. Je\u015bli szukasz sposobu na zakup JWH-250 online, to jeste\u015b we w\u0142a\u015bciwym miejscu, aby kupi\u0107 JWH-250 online.","breadcrumb":{"@id":"https:\/\/everydaychemshop.com\/pl\/product\/kup-jwh-250-online\/#breadcrumb"},"inLanguage":"en-US","potentialAction":[{"@type":"ReadAction","target":["https:\/\/everydaychemshop.com\/pl\/product\/kup-jwh-250-online\/"]}]},{"@type":"ImageObject","inLanguage":"en-US","@id":"https:\/\/everydaychemshop.com\/pl\/product\/kup-jwh-250-online\/#primaryimage","url":"https:\/\/everydaychemshop.com\/pl\/wp-content\/uploads\/sites\/8\/2022\/11\/jwh-250.jpg","contentUrl":"https:\/\/everydaychemshop.com\/pl\/wp-content\/uploads\/sites\/8\/2022\/11\/jwh-250.jpg","width":1200,"height":1200,"caption":"Kup proszek JWH-250 przez Internet"},{"@type":"BreadcrumbList","@id":"https:\/\/everydaychemshop.com\/pl\/product\/kup-jwh-250-online\/#breadcrumb","itemListElement":[{"@type":"ListItem","position":1,"name":"Home","item":"https:\/\/everydaychemshop.com\/pl\/"},{"@type":"ListItem","position":2,"name":"Produkty","item":"https:\/\/everydaychemshop.com\/pl\/produkty\/"},{"@type":"ListItem","position":3,"name":"Kup JWH-250 przez Internet"}]},{"@type":"WebSite","@id":"https:\/\/everydaychemshop.com\/pl\/#website","url":"https:\/\/everydaychemshop.com\/pl\/","name":"Everyday Chem Shop","description":"","potentialAction":[{"@type":"SearchAction","target":{"@type":"EntryPoint","urlTemplate":"https:\/\/everydaychemshop.com\/pl\/?s={search_term_string}"},"query-input":{"@type":"PropertyValueSpecification","valueRequired":true,"valueName":"search_term_string"}}],"inLanguage":"en-US"}]}},"_links":{"self":[{"href":"https:\/\/everydaychemshop.com\/pl\/wp-json\/wp\/v2\/product\/7762","targetHints":{"allow":["GET"]}}],"collection":[{"href":"https:\/\/everydaychemshop.com\/pl\/wp-json\/wp\/v2\/product"}],"about":[{"href":"https:\/\/everydaychemshop.com\/pl\/wp-json\/wp\/v2\/types\/product"}],"replies":[{"embeddable":true,"href":"https:\/\/everydaychemshop.com\/pl\/wp-json\/wp\/v2\/comments?post=7762"}],"wp:featuredmedia":[{"embeddable":true,"href":"https:\/\/everydaychemshop.com\/pl\/wp-json\/wp\/v2\/media\/7790"}],"wp:attachment":[{"href":"https:\/\/everydaychemshop.com\/pl\/wp-json\/wp\/v2\/media?parent=7762"}],"wp:term":[{"taxonomy":"product_brand","embeddable":true,"href":"https:\/\/everydaychemshop.com\/pl\/wp-json\/wp\/v2\/product_brand?post=7762"},{"taxonomy":"product_cat","embeddable":true,"href":"https:\/\/everydaychemshop.com\/pl\/wp-json\/wp\/v2\/product_cat?post=7762"},{"taxonomy":"product_tag","embeddable":true,"href":"https:\/\/everydaychemshop.com\/pl\/wp-json\/wp\/v2\/product_tag?post=7762"}],"curies":[{"name":"wp","href":"https:\/\/api.w.org\/{rel}","templated":true}]}}