{"id":7767,"date":"2022-11-16T09:46:36","date_gmt":"2022-11-16T09:46:36","guid":{"rendered":"https:\/\/everydaychemshop.com\/pl\/?post_type=product&#038;p=7767"},"modified":"2025-11-23T15:23:35","modified_gmt":"2025-11-23T15:23:35","slug":"kup-mdma-online","status":"publish","type":"product","link":"https:\/\/everydaychemshop.com\/pl\/product\/kup-mdma-online\/","title":{"rendered":"Kup pigu\u0142ki MDMA (Ecstasy\/Molly) online"},"content":{"rendered":"<h1>Kup MDMA online \u2013 Czyste kryszta\u0142y i tabletki ecstasy na sprzeda\u017c<\/h1>\n<p><a href=\"https:\/\/everydaychemshop.com\/pl\/product\/kup-mdma-online\/\">Kup kryszta\u0142 MDMA online<\/a>. Chcesz kupi\u0107 MDMA online z pewno\u015bci\u0105? W Everyday Chem Shop oferujemy laboratoryjnie testowane, farmaceutycznej jako\u015bci MDMA, idealne do podniesienia poziomu Twoich dozna\u0144. Niezale\u017cnie od tego, czy szukasz euforycznego przyp\u0142ywu ecstasy MDMA, czy czystej czysto\u015bci Molly, nasz dyskretny sklep internetowy gwarantuje bezpieczn\u0105 i szybk\u0105 dostaw\u0119 pod Twoje drzwi. Pomi\u0144 ryzyko zwi\u0105zane z zakupami na ulicy \u2013 \u200b\u200bzam\u00f3w MDMA z zaufanego \u017ar\u00f3d\u0142a ju\u017c dzi\u015b.<\/p>\n<p>Dlaczego warto wybra\u0107 nasze MDMA na sprzeda\u017c?<\/p>\n<p>Stawiamy na jako\u015b\u0107 i satysfakcj\u0119 klienta. Ka\u017cda partia czystych kryszta\u0142\u00f3w MDMA lub tabletek ecstasy przechodzi rygorystyczne testy, aby zapewni\u0107 ponad 99% czysto\u015bci i brak szkodliwych substancji zanieczyszczaj\u0105cych. Nie musisz si\u0119 ju\u017c martwi\u0107 o zanieczyszczone produkty \u2013 nasz proces zakupu MDMA online jest prosty, bezpieczny i poparty entuzjastycznymi opiniami zadowolonych u\u017cytkownik\u00f3w z ca\u0142ego \u015bwiata.<\/p>\n<p>Czysto\u015b\u0107 potwierdzona laboratoryjnie: Potwierdzona skuteczno\u015b\u0107 i bezpiecze\u0144stwo.<br \/>\nDyskretne opakowanie: Pr\u00f3\u017cniowo zamkni\u0119te i bez oznacze\u0144 dla zapewnienia pe\u0142nej prywatno\u015bci.<br \/>\nSzybka wysy\u0142ka na ca\u0142y \u015bwiat: Dostawa do USA, Europy i na ca\u0142y \u015bwiat w ci\u0105gu 5 dni.<br \/>\nKonkurencyjne ceny: dost\u0119pne rabaty hurtowe.<\/p>\n<p>Chcesz kupi\u0107 czyste kryszta\u0142y MDMA online? Zapoznaj si\u0119 z naszymi poni\u017cszymi opcjami i podnie\u015b swoje wibracje.<\/p>\n<p>Efekty MDMA: Czego oczekiwa\u0107 od ecstasy i Molly<\/p>\n<p>MDMA, znane r\u00f3wnie\u017c jako ecstasy lub Molly, to uwielbiany \u015brodek psychoaktywny ze wzgl\u0119du na unikalne po\u0142\u0105czenie dzia\u0142ania pobudzaj\u0105cego i empatogennego. U\u017cytkownicy zg\u0142aszaj\u0105 wzrost energii, otwarto\u015b\u0107 emocjonaln\u0105 i wzmocnienie sensoryczne \u2013 idealne na festiwale, intymne wieczory lub sesje samopoznania.<\/p>\n<p>G\u0142\u00f3wne zalety naszego MDMA:<br \/>\nPoprawa nastroju euforycznego: Zalewa m\u00f3zg serotonin\u0105, zapewniaj\u0105c g\u0142\u0119bok\u0105 rado\u015b\u0107 i poczucie wi\u0119zi.<br \/>\nWi\u0119ksza empatia: Pog\u0142\u0119bia wi\u0119zi, sprawiaj\u0105c, \u017ce interakcje spo\u0142eczne staj\u0105 si\u0119 magiczne.<br \/>\nWzmocniona przyjemno\u015b\u0107 sensoryczna: Dotyk, muzyka i \u015bwiat\u0142a wydaj\u0105 si\u0119 wzmocnione.<br \/>\nCzas trwania: 4-6 godzin szczytowych efekt\u00f3w z \u0142agodnym zej\u015bciem.<\/p>\n<p>Wskaz\u00f3wka: Aby uzyska\u0107 optymalne rezultaty, post\u0119puj zgodnie z naszym poradnikiem dotycz\u0105cym dawkowania MDMA \u2013 zacznij od ma\u0142ej dawki (80-120 mg) w bezpiecznym miejscu. Zawsze nawadniaj organizm i \u0142\u0105cz z witamin\u0105 C, aby zapewni\u0107 sobie regeneracj\u0119.<\/p>\n<p>Popularne nazwy handlowe to E, XTC lub Hug Drug, ale nasz czysty proszek MDMA wyr\u00f3\u017cnia si\u0119 krystalicznie czyst\u0105 jako\u015bci\u0105. Je\u015bli zastanawiasz si\u0119, gdzie dyskretnie kupi\u0107 tabletki ecstasy, mamy dla Ciebie opcje, takie jak tabletki z nadrukiem lub bezsmakowe kryszta\u0142y.<\/p>\n<p>Jak bezpiecznie zam\u00f3wi\u0107 MDMA online<br \/>\nPrzegl\u0105daj i wybieraj: Wybierz kryszta\u0142y, proszek lub tabletki.<br \/>\nBezpieczna p\u0142atno\u015b\u0107: U\u017cyj kryptowaluty, karty kredytowej lub przelewu bankowego \u2013 szyfrowane dla zachowania prywatno\u015bci.<br \/>\n\u015aled\u017a swoje zam\u00f3wienie: Otrzymuj aktualizacje w czasie rzeczywistym dotycz\u0105ce dyskretnej dostawy MDMA.<br \/>\nObs\u0142uga klienta: Czat 24\/7 w przypadku pyta\u0144 dotycz\u0105cych bezpiecznego zakupu Molly online.<\/p>\n<p>Wysy\u0142amy do wszystkich g\u0142\u00f3wnych region\u00f3w, w tym do Europy i USA. Kupuj\u0105c hurtowo? Skontaktuj si\u0119 z nami, aby uzyska\u0107 hurtowe ceny na przyst\u0119pne ceny MDMA w sklepie internetowym.<\/p>\n<p>Cz\u0119sto zadawane pytania<br \/>\nCzy Twoje MDMA jest testowane laboratoryjnie?<\/p>\n<p>Tak! Ka\u017cdy produkt jest testowany pod k\u0105tem czysto\u015bci przez niezale\u017cne laboratoria \u2013 certyfikaty dost\u0119pne na \u017cyczenie.<\/p>\n<p>Jak najlepiej stosowa\u0107 MDMA?<\/p>\n<p>Przyjmowa\u0107 doustnie przez 30\u201345 minut. Unika\u0107 mieszania z alkoholem; \u0142\u0105czy\u0107 z suplementami diety w celu zmniejszenia szkodliwo\u015bci.<\/p>\n<p>Wysy\u0142ka i zwroty?<\/p>\n<p>Szybka wysy\u0142ka na ca\u0142y \u015bwiat. W przypadku niezadowolenia oferujemy dyskretn\u0105 wysy\u0142k\u0119 zwrotn\u0105 lub zwrot pieni\u0119dzy w ci\u0105gu 30 dni.<\/p>\n<p>Informacja prawna<\/p>\n<p>MDMA jest substancj\u0105 kontrolowan\u0105 w wi\u0119kszo\u015bci kraj\u00f3w. Ten produkt jest przeznaczony wy\u0142\u0105cznie do cel\u00f3w badawczych lub u\u017cytku osobistego \u2013 nie popieramy dzia\u0142a\u0144 niezgodnych z prawem. Przed zam\u00f3wieniem MDMA zapoznaj si\u0119 z lokalnymi przepisami.<\/p>\n<p>Chcesz kupi\u0107 MDMA online?<\/p>\n<p>Nie zadowalaj si\u0119 byle czym \u2013 kup MDMA online w sklepie Everyday Chem Shop i ciesz si\u0119 niezr\u00f3wnan\u0105 jako\u015bci\u0105 i obs\u0142ug\u0105. Dodaj do koszyka ju\u017c teraz i odkryj \u015bwiat wi\u0119kszej empatii i energii. Masz pytania? Skontaktuj si\u0119 z nami na czacie na \u017cywo!<\/p>\n","protected":false},"excerpt":{"rendered":"<p>Kup MDMA w Internecie. <a href=\"https:\/\/en.wikipedia.org\/wiki\/MDMA\">MDMA w proszku<\/a> Crystals to lek, kt\u00f3ry dzia\u0142a zar\u00f3wno jako \u015brodek energetyzuj\u0105cy, jak i halucynogenny, zapewniaj\u0105c o\u017cywczy wp\u0142yw, czas i zwroty percepcyjne i rozszerzon\u0105 rado\u015b\u0107 z materialnych do\u015bwiadcze\u0144.<\/p>\n","protected":false},"featured_media":7791,"comment_status":"open","ping_status":"closed","template":"","meta":{"inline_featured_image":false},"product_brand":[],"product_cat":[264,116],"product_tag":[406,416,387,389,418,392,393,394,391,390,396,395,417,403,400,414,412,415,402,399,404,405,407,408,411,410,397,398,388,409,413,401],"class_list":{"0":"post-7767","1":"product","2":"type-product","3":"status-publish","4":"has-post-thumbnail","6":"product_cat-chemia-badawcza","7":"product_cat-pain-killers","8":"product_tag-molly-crystals-cena","9":"product_tag-co-robi-molly-ciebie","10":"product_tag-crystal-molly-effects","11":"product_tag-effects-of-molly","12":"product_tag-gdzie-do-kupowania-mdma-on-the-web","13":"product_tag-how-to-buy-lsd","14":"product_tag-how-to-buy-mdma","15":"product_tag-how-to-get-the-most-out-of-molly","16":"product_tag-ile-szybko-kosztuje-za-gram","17":"product_tag-jak-dugo-molly-zawraca-sobie-gow","18":"product_tag-jak-zakupi-lsd","19":"product_tag-jak-sskoczy-ze-spadochronem-molly","20":"product_tag-jak-wyglda-czysta-molly","21":"product_tag-mdma-klejnot-dostpny-do-zakupu","22":"product_tag-krysztay-mda","23":"product_tag-kup-mdma-z-bitcoinem","24":"product_tag-online-kup-mdma","25":"product_tag-zakup-skromny-mdma-on-the-web","26":"product_tag-mdma-na-sprzedaz","27":"product_tag-mdma-o-niskiej-wartoci","28":"product_tag-mdma-suppliers","29":"product_tag-metylenodioksyfenetyloamina","30":"product_tag-molly-crystals-side-effects","31":"product_tag-molly-lek-efekty","32":"product_tag-molly-vs-ecstacy","33":"product_tag-molly-skutki-uboczne-nastepnego-dnia","34":"product_tag-tanie-mdma","35":"product_tag-niskie-stawki-mdma","36":"product_tag-rne-sposoby-brania-molly","37":"product_tag-molly-lek-skadniki","38":"product_tag-zamwienie-mdma","39":"product_tag-mdma-znika","41":"first","42":"instock","43":"shipping-taxable","44":"purchasable","45":"product-type-variable","46":"has-default-attributes"},"yoast_head":"<!-- This site is optimized with the Yoast SEO Premium plugin v19.2 (Yoast SEO v27.3) - https:\/\/yoast.com\/product\/yoast-seo-premium-wordpress\/ -->\n<title>Kup kryszta\u0142 MDMA online - Everyday Chem Shop<\/title>\n<meta name=\"description\" content=\"Kup czyste MDMA online w sklepie Everyday Chem Shop \u2013 kryszta\u0142y i tabletki ecstasy premium na sprzeda\u017c. Dyskretna wysy\u0142ka na ca\u0142y \u015bwiat, laboratoryjnie sprawdzona czysto\u015b\u0107 i szybka dostawa. Zam\u00f3w Molly ju\u017c teraz, aby poczu\u0107 wi\u0119cej energii, empatii i euforii. Akceptujemy bezpieczne p\u0142atno\u015bci.\" \/>\n<meta name=\"robots\" content=\"index, follow, max-snippet:-1, max-image-preview:large, max-video-preview:-1\" \/>\n<link rel=\"canonical\" href=\"https:\/\/everydaychemshop.com\/pl\/product\/kup-mdma-online\/\" \/>\n<meta property=\"og:locale\" content=\"en_US\" \/>\n<meta property=\"og:type\" content=\"article\" \/>\n<meta property=\"og:title\" content=\"Kup pigu\u0142ki MDMA (Ecstasy\/Molly) online\" \/>\n<meta property=\"og:description\" content=\"Kup czyste MDMA online w sklepie Everyday Chem Shop \u2013 kryszta\u0142y i tabletki ecstasy premium na sprzeda\u017c. Dyskretna wysy\u0142ka na ca\u0142y \u015bwiat, laboratoryjnie sprawdzona czysto\u015b\u0107 i szybka dostawa. Zam\u00f3w Molly ju\u017c teraz, aby poczu\u0107 wi\u0119cej energii, empatii i euforii. Akceptujemy bezpieczne p\u0142atno\u015bci.\" \/>\n<meta property=\"og:url\" content=\"https:\/\/everydaychemshop.com\/pl\/product\/kup-mdma-online\/\" \/>\n<meta property=\"og:site_name\" content=\"Everyday Chem Shop\" \/>\n<meta property=\"article:modified_time\" content=\"2025-11-23T15:23:35+00:00\" \/>\n<meta property=\"og:image\" content=\"https:\/\/everydaychemshop.com\/pl\/wp-content\/uploads\/sites\/8\/2022\/11\/Buy-Mdma-pills.jpg\" \/>\n\t<meta property=\"og:image:width\" content=\"1200\" \/>\n\t<meta property=\"og:image:height\" content=\"1200\" \/>\n\t<meta property=\"og:image:type\" content=\"image\/jpeg\" \/>\n<meta name=\"twitter:card\" content=\"summary_large_image\" \/>\n<meta name=\"twitter:label1\" content=\"Est. reading time\" \/>\n\t<meta name=\"twitter:data1\" content=\"3 minutes\" \/>\n<script type=\"application\/ld+json\" class=\"yoast-schema-graph\">{\"@context\":\"https:\\\/\\\/schema.org\",\"@graph\":[{\"@type\":\"WebPage\",\"@id\":\"https:\\\/\\\/everydaychemshop.com\\\/pl\\\/product\\\/kup-mdma-online\\\/\",\"url\":\"https:\\\/\\\/everydaychemshop.com\\\/pl\\\/product\\\/kup-mdma-online\\\/\",\"name\":\"Kup kryszta\u0142 MDMA online - Everyday Chem Shop\",\"isPartOf\":{\"@id\":\"https:\\\/\\\/everydaychemshop.com\\\/pl\\\/#website\"},\"primaryImageOfPage\":{\"@id\":\"https:\\\/\\\/everydaychemshop.com\\\/pl\\\/product\\\/kup-mdma-online\\\/#primaryimage\"},\"image\":{\"@id\":\"https:\\\/\\\/everydaychemshop.com\\\/pl\\\/product\\\/kup-mdma-online\\\/#primaryimage\"},\"thumbnailUrl\":\"https:\\\/\\\/everydaychemshop.com\\\/pl\\\/wp-content\\\/uploads\\\/sites\\\/8\\\/2022\\\/11\\\/Buy-Mdma-pills.jpg\",\"datePublished\":\"2022-11-16T09:46:36+00:00\",\"dateModified\":\"2025-11-23T15:23:35+00:00\",\"description\":\"Kup czyste MDMA online w sklepie Everyday Chem Shop \u2013 kryszta\u0142y i tabletki ecstasy premium na sprzeda\u017c. Dyskretna wysy\u0142ka na ca\u0142y \u015bwiat, laboratoryjnie sprawdzona czysto\u015b\u0107 i szybka dostawa. Zam\u00f3w Molly ju\u017c teraz, aby poczu\u0107 wi\u0119cej energii, empatii i euforii. Akceptujemy bezpieczne p\u0142atno\u015bci.\",\"breadcrumb\":{\"@id\":\"https:\\\/\\\/everydaychemshop.com\\\/pl\\\/product\\\/kup-mdma-online\\\/#breadcrumb\"},\"inLanguage\":\"en-US\",\"potentialAction\":[{\"@type\":\"ReadAction\",\"target\":[\"https:\\\/\\\/everydaychemshop.com\\\/pl\\\/product\\\/kup-mdma-online\\\/\"]}]},{\"@type\":\"ImageObject\",\"inLanguage\":\"en-US\",\"@id\":\"https:\\\/\\\/everydaychemshop.com\\\/pl\\\/product\\\/kup-mdma-online\\\/#primaryimage\",\"url\":\"https:\\\/\\\/everydaychemshop.com\\\/pl\\\/wp-content\\\/uploads\\\/sites\\\/8\\\/2022\\\/11\\\/Buy-Mdma-pills.jpg\",\"contentUrl\":\"https:\\\/\\\/everydaychemshop.com\\\/pl\\\/wp-content\\\/uploads\\\/sites\\\/8\\\/2022\\\/11\\\/Buy-Mdma-pills.jpg\",\"width\":1200,\"height\":1200,\"caption\":\"Kup kryszta\u0142 MDMA online\"},{\"@type\":\"BreadcrumbList\",\"@id\":\"https:\\\/\\\/everydaychemshop.com\\\/pl\\\/product\\\/kup-mdma-online\\\/#breadcrumb\",\"itemListElement\":[{\"@type\":\"ListItem\",\"position\":1,\"name\":\"Home\",\"item\":\"https:\\\/\\\/everydaychemshop.com\\\/pl\\\/\"},{\"@type\":\"ListItem\",\"position\":2,\"name\":\"Produkty\",\"item\":\"https:\\\/\\\/everydaychemshop.com\\\/pl\\\/produkty\\\/\"},{\"@type\":\"ListItem\",\"position\":3,\"name\":\"Kup pigu\u0142ki MDMA (Ecstasy\\\/Molly) online\"}]},{\"@type\":\"WebSite\",\"@id\":\"https:\\\/\\\/everydaychemshop.com\\\/pl\\\/#website\",\"url\":\"https:\\\/\\\/everydaychemshop.com\\\/pl\\\/\",\"name\":\"Everyday Chem Shop\",\"description\":\"\",\"potentialAction\":[{\"@type\":\"SearchAction\",\"target\":{\"@type\":\"EntryPoint\",\"urlTemplate\":\"https:\\\/\\\/everydaychemshop.com\\\/pl\\\/?s={search_term_string}\"},\"query-input\":{\"@type\":\"PropertyValueSpecification\",\"valueRequired\":true,\"valueName\":\"search_term_string\"}}],\"inLanguage\":\"en-US\"}]}<\/script>\n<!-- \/ Yoast SEO Premium plugin. -->","yoast_head_json":{"title":"Kup kryszta\u0142 MDMA online - Everyday Chem Shop","description":"Kup czyste MDMA online w sklepie Everyday Chem Shop \u2013 kryszta\u0142y i tabletki ecstasy premium na sprzeda\u017c. Dyskretna wysy\u0142ka na ca\u0142y \u015bwiat, laboratoryjnie sprawdzona czysto\u015b\u0107 i szybka dostawa. Zam\u00f3w Molly ju\u017c teraz, aby poczu\u0107 wi\u0119cej energii, empatii i euforii. Akceptujemy bezpieczne p\u0142atno\u015bci.","robots":{"index":"index","follow":"follow","max-snippet":"max-snippet:-1","max-image-preview":"max-image-preview:large","max-video-preview":"max-video-preview:-1"},"canonical":"https:\/\/everydaychemshop.com\/pl\/product\/kup-mdma-online\/","og_locale":"en_US","og_type":"article","og_title":"Kup pigu\u0142ki MDMA (Ecstasy\/Molly) online","og_description":"Kup czyste MDMA online w sklepie Everyday Chem Shop \u2013 kryszta\u0142y i tabletki ecstasy premium na sprzeda\u017c. Dyskretna wysy\u0142ka na ca\u0142y \u015bwiat, laboratoryjnie sprawdzona czysto\u015b\u0107 i szybka dostawa. Zam\u00f3w Molly ju\u017c teraz, aby poczu\u0107 wi\u0119cej energii, empatii i euforii. Akceptujemy bezpieczne p\u0142atno\u015bci.","og_url":"https:\/\/everydaychemshop.com\/pl\/product\/kup-mdma-online\/","og_site_name":"Everyday Chem Shop","article_modified_time":"2025-11-23T15:23:35+00:00","og_image":[{"width":1200,"height":1200,"url":"https:\/\/everydaychemshop.com\/pl\/wp-content\/uploads\/sites\/8\/2022\/11\/Buy-Mdma-pills.jpg","type":"image\/jpeg"}],"twitter_card":"summary_large_image","twitter_misc":{"Est. reading time":"3 minutes"},"schema":{"@context":"https:\/\/schema.org","@graph":[{"@type":"WebPage","@id":"https:\/\/everydaychemshop.com\/pl\/product\/kup-mdma-online\/","url":"https:\/\/everydaychemshop.com\/pl\/product\/kup-mdma-online\/","name":"Kup kryszta\u0142 MDMA online - Everyday Chem Shop","isPartOf":{"@id":"https:\/\/everydaychemshop.com\/pl\/#website"},"primaryImageOfPage":{"@id":"https:\/\/everydaychemshop.com\/pl\/product\/kup-mdma-online\/#primaryimage"},"image":{"@id":"https:\/\/everydaychemshop.com\/pl\/product\/kup-mdma-online\/#primaryimage"},"thumbnailUrl":"https:\/\/everydaychemshop.com\/pl\/wp-content\/uploads\/sites\/8\/2022\/11\/Buy-Mdma-pills.jpg","datePublished":"2022-11-16T09:46:36+00:00","dateModified":"2025-11-23T15:23:35+00:00","description":"Kup czyste MDMA online w sklepie Everyday Chem Shop \u2013 kryszta\u0142y i tabletki ecstasy premium na sprzeda\u017c. Dyskretna wysy\u0142ka na ca\u0142y \u015bwiat, laboratoryjnie sprawdzona czysto\u015b\u0107 i szybka dostawa. Zam\u00f3w Molly ju\u017c teraz, aby poczu\u0107 wi\u0119cej energii, empatii i euforii. Akceptujemy bezpieczne p\u0142atno\u015bci.","breadcrumb":{"@id":"https:\/\/everydaychemshop.com\/pl\/product\/kup-mdma-online\/#breadcrumb"},"inLanguage":"en-US","potentialAction":[{"@type":"ReadAction","target":["https:\/\/everydaychemshop.com\/pl\/product\/kup-mdma-online\/"]}]},{"@type":"ImageObject","inLanguage":"en-US","@id":"https:\/\/everydaychemshop.com\/pl\/product\/kup-mdma-online\/#primaryimage","url":"https:\/\/everydaychemshop.com\/pl\/wp-content\/uploads\/sites\/8\/2022\/11\/Buy-Mdma-pills.jpg","contentUrl":"https:\/\/everydaychemshop.com\/pl\/wp-content\/uploads\/sites\/8\/2022\/11\/Buy-Mdma-pills.jpg","width":1200,"height":1200,"caption":"Kup kryszta\u0142 MDMA online"},{"@type":"BreadcrumbList","@id":"https:\/\/everydaychemshop.com\/pl\/product\/kup-mdma-online\/#breadcrumb","itemListElement":[{"@type":"ListItem","position":1,"name":"Home","item":"https:\/\/everydaychemshop.com\/pl\/"},{"@type":"ListItem","position":2,"name":"Produkty","item":"https:\/\/everydaychemshop.com\/pl\/produkty\/"},{"@type":"ListItem","position":3,"name":"Kup pigu\u0142ki MDMA (Ecstasy\/Molly) online"}]},{"@type":"WebSite","@id":"https:\/\/everydaychemshop.com\/pl\/#website","url":"https:\/\/everydaychemshop.com\/pl\/","name":"Everyday Chem Shop","description":"","potentialAction":[{"@type":"SearchAction","target":{"@type":"EntryPoint","urlTemplate":"https:\/\/everydaychemshop.com\/pl\/?s={search_term_string}"},"query-input":{"@type":"PropertyValueSpecification","valueRequired":true,"valueName":"search_term_string"}}],"inLanguage":"en-US"}]}},"_links":{"self":[{"href":"https:\/\/everydaychemshop.com\/pl\/wp-json\/wp\/v2\/product\/7767","targetHints":{"allow":["GET"]}}],"collection":[{"href":"https:\/\/everydaychemshop.com\/pl\/wp-json\/wp\/v2\/product"}],"about":[{"href":"https:\/\/everydaychemshop.com\/pl\/wp-json\/wp\/v2\/types\/product"}],"replies":[{"embeddable":true,"href":"https:\/\/everydaychemshop.com\/pl\/wp-json\/wp\/v2\/comments?post=7767"}],"wp:featuredmedia":[{"embeddable":true,"href":"https:\/\/everydaychemshop.com\/pl\/wp-json\/wp\/v2\/media\/7791"}],"wp:attachment":[{"href":"https:\/\/everydaychemshop.com\/pl\/wp-json\/wp\/v2\/media?parent=7767"}],"wp:term":[{"taxonomy":"product_brand","embeddable":true,"href":"https:\/\/everydaychemshop.com\/pl\/wp-json\/wp\/v2\/product_brand?post=7767"},{"taxonomy":"product_cat","embeddable":true,"href":"https:\/\/everydaychemshop.com\/pl\/wp-json\/wp\/v2\/product_cat?post=7767"},{"taxonomy":"product_tag","embeddable":true,"href":"https:\/\/everydaychemshop.com\/pl\/wp-json\/wp\/v2\/product_tag?post=7767"}],"curies":[{"name":"wp","href":"https:\/\/api.w.org\/{rel}","templated":true}]}}