{"id":7776,"date":"2022-11-16T09:47:01","date_gmt":"2022-11-16T09:47:01","guid":{"rendered":"https:\/\/everydaychemshop.com\/pl\/?post_type=product&#038;p=7776"},"modified":"2023-04-07T18:49:50","modified_gmt":"2023-04-07T18:49:50","slug":"kup-mdai-online","status":"publish","type":"product","link":"https:\/\/everydaychemshop.com\/pl\/product\/kup-mdai-online\/","title":{"rendered":"Kup MDAI online"},"content":{"rendered":"<h1>Kup kryszta\u0142y MDAI online<\/h1>\n<p><a href=\"https:\/\/everydaychemshop.com\/pl\/product\/kup-mdai-online\/\">Kup kryszta\u0142y MDAI online<\/a>. MDAI i wszelkie pozosta\u0142e fenyloetyloaminy sprzedawane na tej stronie s\u0105 proponowane do zastosowa\u0144 badawczych i naukowych. Badanie syntetyczne o nazwie MDA.I jest lekiem-architektem o mo\u017cliwym wp\u0142ywie fizjologicznym i psychoaktywnym i ma subatomowe r\u00f3wnanie C10H11NO2 &#8211; HCl. <a href=\"https:\/\/en.wikipedia.org\/wiki\/MDAI\">Masa<\/a> r\u00f3wnania ma warto\u015b\u0107 213,7 g\/mol. Kup MDAI w Internecie.<\/p>\n<p>Ta substancja jest naprawd\u0119 nowa, wi\u0119c w\u0142a\u015bciwo\u015bci toksykologiczne i fizjologiczne MDAI nie s\u0105 znane. Filie fenetyloaminy, na przyk\u0142ad 5,6-metylenodioksy-2-aminoindan, mog\u0105 zawiera\u0107 energizer i w\u0142a\u015bciwo\u015bci entaktogenne. Kup MDAI w Internecie.<\/p>\n<p>6,7-dihydro-5H-indeno[5,6-d]-1,3-dioksol-6-amina, monochlorowodorek i wszelkie pozosta\u0142e leki kreuj\u0105ce sprzedawane na tej stronie s\u0105 proponowane do bada\u0144 i zastosowa\u0144 mierzalnych.<\/p>\n<p>Przechowuj t\u0119 fenetyloamin\u0119 w ch\u0142odnym i suchym miejscu. Bezpiecze\u0144stwo zwi\u0105zku fenyloetyloaminy MDA.I wynosi a\u017c 2 lata w uzasadnionych warunkach wydajno\u015bci. Kup MDA.I przez Internet.<\/p>\n<p>Dlaczego warto kupowa\u0107 MDA.I od nas?<\/p>\n<p>\u2605 Mamy d\u0142ug\u0105 histori\u0119 wymiany na rynku, wi\u0119c skorzystasz z naszego do\u015bwiadczenia.<\/p>\n<p>\u2605 MDAI zosta\u0142o wypr\u00f3bowane i sprawdzone.<\/p>\n<p>\u2605 Mo\u017cesz kupi\u0107 MDAI za pomoc\u0105 Bitcoin, MoneyGram i Western Union lub przelewu bankowego.<\/p>\n<p>Co otrzymujesz kupuj\u0105c MDA.I od nas?<\/p>\n<p>&#8211; Sta\u0142a kieszonka z folii aluminiowej zawieraj\u0105ca 6,7-dihydro-5H-indeno[5,6-d]-1,3-dioxolo-6-amine, monochlorowodorek badania syntetyczne najwy\u017cszej jako\u015bci<\/p>\n<p>&#8211; Czysta szklista, mocna receptura<\/p>\n<p>&#8211; \u226598% nieskazitelno\u015bci<\/p>\n<p>Zapytanie MDAI w sieci, MDAI do kupienia, lekarstwo MDAI, MDAI 10mg, tabletki MDAI do kupienia w internecie, jak zdoby\u0107 roztw\u00f3r MDAI, jak dosta\u0107 MDAI, MDAI, dawka MDAI, MDAI 60 mg do kupienia, MDAI 15 mg drogocenno\u015b\u0107, tabletki MDAI do kupienia, MDAI do kupienia bez lekarstwa, tabletki siarczanowe MDAI do kupienia, MDAI do kupienia, MD AI do kupienia, MDAI 30 mg do kupienia, pigu\u0142ki MDAI do kupienia w Internecie, proszek MDAI do kupienia, MDAI do kupienia, MDAI do kupienia bez remedium, MDAI do kupienia za granic\u0105 , zakup MDAI w sieci, MDAI dost\u0119pne do zakupu, jak uzyska\u0107 MDAI, popro\u015b o MDAI .<\/p>\n<p>Oferujemy us\u0142ug\u0119 przyspieszon\u0105 w ci\u0105gu 1-2 dni, uniwersalnie. Nasze przewozy s\u0105 w 100% staranne i ekspresowe, w ten spos\u00f3b zabezpieczamy wszystkich klient\u00f3w i paczki do przewozu, dzi\u0119ki czemu biznes konsekwentnie triumfuje.<\/p>\n<p><strong>Czy wiesz, gdzie kupi\u0107 MDAI?<\/strong><\/p>\n<p>Sprzeda\u017c MDAI, cena detaliczna MDAI, dawkowanie MDAI, jak zrobi\u0107 MDAI, gdzie mog\u0119 znale\u017a\u0107 MDAI online, sk\u0105d wzi\u0105\u0107 MDAI, co to jest MDAI, MDAI najwy\u017cszej jako\u015bci na sprzeda\u017c. Wszystkie te pytania, na kt\u00f3re nie ma odpowiedzi, mo\u017cna znale\u017a\u0107 u nas Wystarczy, \u017ce przejdziesz przez nasz\u0105 stron\u0119 internetow\u0105, a otrzymasz odpowiedzi na pytanie, jak i gdzie mo\u017cna kupi\u0107 MDAI online.<\/p>\n<p>Co z MDAI? Czy wiesz te\u017c, gdzie mo\u017cna kupi\u0107 MDAI na sprzeda\u017c online? kup MDAI na sprzeda\u017c, jak zrobi\u0107 MDAI, jak wygl\u0105da MDAI, cena rynkowa MDAI, cena MDAI, gdzie kupi\u0107 MDAI, czyste MDAI, gdzie mog\u0119 kupi\u0107 MDAI online, kupi\u0107 czyste MDAI online.<\/p>\n<p>Dobra jako\u015b\u0107 MDAI online: Jest ca\u0142kowicie zrozumia\u0142e, \u017ce ludzie d na szybko nie ufaj\u0105 jako\u015bci MDAI sprzedawanego online, poniewa\u017c nie mog\u0105 go fizycznie zbada\u0107. Ale to nie to samo z internetowymi dostawcami MDAI online. Produkty tutaj s\u0105 zgodne z opisem, a konserwacja wysokiej jako\u015bci jest wykonywana pod nadzorem ekspert\u00f3w.<\/p>\n<p>Szybko &amp; Dyskretna wysy\u0142ka: Dostawa MDAIonline po otrzymaniu zam\u00f3wienia odbywa si\u0119 w obiecanym terminie. Zesp\u00f3\u0142 wysy\u0142kowy dok\u0142ada wszelkich stara\u0144, aby procedura wysy\u0142ki i dostawy przebiega\u0142a p\u0142ynnie i szybko. Mo\u017cesz tak\u017ce spodziewa\u0107 si\u0119 doskona\u0142ego us\u0142ug przy zakupie MDAI online od profesjonalisty na platformie internetowej.<\/p>\n","protected":false},"excerpt":{"rendered":"<p>MDAI sprzedawany online\u00a0ma pe\u0142n\u0105 nazw\u0119 IUPAC\u00a06,7-dihydro-5H-indeno[5,6-d]-1,3-dioksol-6-aminy, monochlorowodorek, kt\u00f3ry nale\u017cy do klasy\u00a0chemikali\u00f3w badawczych\u00a0fenetyloaminy.<br \/>\nMDAI\u00a0\u00a0mo\u017ce mie\u0107 w\u0142a\u015bciwo\u015bci entaktogenne i pobudzaj\u0105ce.<\/p>\n","protected":false},"featured_media":7806,"comment_status":"open","ping_status":"closed","template":"","meta":{"inline_featured_image":false},"product_brand":[],"product_cat":[264],"product_tag":[420,419,421,423,422,425,424,426],"class_list":{"0":"post-7776","1":"product","2":"type-product","3":"status-publish","4":"has-post-thumbnail","6":"product_cat-chemia-badawcza","7":"product_tag-how-to-get-mdai","8":"product_tag-kup-mdai-online","9":"product_tag-mdai-na-sprzedaz","10":"product_tag-mdai-for-sale-overseas","11":"product_tag-mdai-na-sprzedaz-bez-recepty","12":"product_tag-order-mdai","13":"product_tag-mdai-warto-ulicy","14":"product_tag-zamw-mdai-online","16":"first","17":"instock","18":"shipping-taxable","19":"purchasable","20":"product-type-variable","21":"has-default-attributes"},"yoast_head":"<!-- This site is optimized with the Yoast SEO Premium plugin v19.2 (Yoast SEO v27.3) - https:\/\/yoast.com\/product\/yoast-seo-premium-wordpress\/ -->\n<title>Kup kryszta\u0142y MDAI online - Everyday Chem Shop<\/title>\n<meta name=\"description\" content=\"Kup kryszta\u0142y MDAI online. Je\u015bli szukasz sposobu na zakup MDAI online, jeste\u015b we w\u0142a\u015bciwym miejscu, aby kupi\u0107 MDAI online.\" \/>\n<meta name=\"robots\" content=\"index, follow, max-snippet:-1, max-image-preview:large, max-video-preview:-1\" \/>\n<link rel=\"canonical\" href=\"https:\/\/everydaychemshop.com\/pl\/product\/kup-mdai-online\/\" \/>\n<meta property=\"og:locale\" content=\"en_US\" \/>\n<meta property=\"og:type\" content=\"article\" \/>\n<meta property=\"og:title\" content=\"Kup MDAI online\" \/>\n<meta property=\"og:description\" content=\"Kup kryszta\u0142y MDAI online. Je\u015bli szukasz sposobu na zakup MDAI online, jeste\u015b we w\u0142a\u015bciwym miejscu, aby kupi\u0107 MDAI online.\" \/>\n<meta property=\"og:url\" content=\"https:\/\/everydaychemshop.com\/pl\/product\/kup-mdai-online\/\" \/>\n<meta property=\"og:site_name\" content=\"Everyday Chem Shop\" \/>\n<meta property=\"article:modified_time\" content=\"2023-04-07T18:49:50+00:00\" \/>\n<meta property=\"og:image\" content=\"https:\/\/everydaychemshop.com\/pl\/wp-content\/uploads\/sites\/8\/2022\/11\/MDAI.jpg\" \/>\n\t<meta property=\"og:image:width\" content=\"1200\" \/>\n\t<meta property=\"og:image:height\" content=\"1200\" \/>\n\t<meta property=\"og:image:type\" content=\"image\/jpeg\" \/>\n<meta name=\"twitter:card\" content=\"summary_large_image\" \/>\n<meta name=\"twitter:label1\" content=\"Est. reading time\" \/>\n\t<meta name=\"twitter:data1\" content=\"3 minutes\" \/>\n<script type=\"application\/ld+json\" class=\"yoast-schema-graph\">{\"@context\":\"https:\\\/\\\/schema.org\",\"@graph\":[{\"@type\":\"WebPage\",\"@id\":\"https:\\\/\\\/everydaychemshop.com\\\/pl\\\/product\\\/kup-mdai-online\\\/\",\"url\":\"https:\\\/\\\/everydaychemshop.com\\\/pl\\\/product\\\/kup-mdai-online\\\/\",\"name\":\"Kup kryszta\u0142y MDAI online - Everyday Chem Shop\",\"isPartOf\":{\"@id\":\"https:\\\/\\\/everydaychemshop.com\\\/pl\\\/#website\"},\"primaryImageOfPage\":{\"@id\":\"https:\\\/\\\/everydaychemshop.com\\\/pl\\\/product\\\/kup-mdai-online\\\/#primaryimage\"},\"image\":{\"@id\":\"https:\\\/\\\/everydaychemshop.com\\\/pl\\\/product\\\/kup-mdai-online\\\/#primaryimage\"},\"thumbnailUrl\":\"https:\\\/\\\/everydaychemshop.com\\\/pl\\\/wp-content\\\/uploads\\\/sites\\\/8\\\/2022\\\/11\\\/MDAI.jpg\",\"datePublished\":\"2022-11-16T09:47:01+00:00\",\"dateModified\":\"2023-04-07T18:49:50+00:00\",\"description\":\"Kup kryszta\u0142y MDAI online. Je\u015bli szukasz sposobu na zakup MDAI online, jeste\u015b we w\u0142a\u015bciwym miejscu, aby kupi\u0107 MDAI online.\",\"breadcrumb\":{\"@id\":\"https:\\\/\\\/everydaychemshop.com\\\/pl\\\/product\\\/kup-mdai-online\\\/#breadcrumb\"},\"inLanguage\":\"en-US\",\"potentialAction\":[{\"@type\":\"ReadAction\",\"target\":[\"https:\\\/\\\/everydaychemshop.com\\\/pl\\\/product\\\/kup-mdai-online\\\/\"]}]},{\"@type\":\"ImageObject\",\"inLanguage\":\"en-US\",\"@id\":\"https:\\\/\\\/everydaychemshop.com\\\/pl\\\/product\\\/kup-mdai-online\\\/#primaryimage\",\"url\":\"https:\\\/\\\/everydaychemshop.com\\\/pl\\\/wp-content\\\/uploads\\\/sites\\\/8\\\/2022\\\/11\\\/MDAI.jpg\",\"contentUrl\":\"https:\\\/\\\/everydaychemshop.com\\\/pl\\\/wp-content\\\/uploads\\\/sites\\\/8\\\/2022\\\/11\\\/MDAI.jpg\",\"width\":1200,\"height\":1200,\"caption\":\"Kup kryszta\u0142y MDAI online\"},{\"@type\":\"BreadcrumbList\",\"@id\":\"https:\\\/\\\/everydaychemshop.com\\\/pl\\\/product\\\/kup-mdai-online\\\/#breadcrumb\",\"itemListElement\":[{\"@type\":\"ListItem\",\"position\":1,\"name\":\"Home\",\"item\":\"https:\\\/\\\/everydaychemshop.com\\\/pl\\\/\"},{\"@type\":\"ListItem\",\"position\":2,\"name\":\"Produkty\",\"item\":\"https:\\\/\\\/everydaychemshop.com\\\/pl\\\/produkty\\\/\"},{\"@type\":\"ListItem\",\"position\":3,\"name\":\"Kup MDAI online\"}]},{\"@type\":\"WebSite\",\"@id\":\"https:\\\/\\\/everydaychemshop.com\\\/pl\\\/#website\",\"url\":\"https:\\\/\\\/everydaychemshop.com\\\/pl\\\/\",\"name\":\"Everyday Chem Shop\",\"description\":\"\",\"potentialAction\":[{\"@type\":\"SearchAction\",\"target\":{\"@type\":\"EntryPoint\",\"urlTemplate\":\"https:\\\/\\\/everydaychemshop.com\\\/pl\\\/?s={search_term_string}\"},\"query-input\":{\"@type\":\"PropertyValueSpecification\",\"valueRequired\":true,\"valueName\":\"search_term_string\"}}],\"inLanguage\":\"en-US\"}]}<\/script>\n<!-- \/ Yoast SEO Premium plugin. -->","yoast_head_json":{"title":"Kup kryszta\u0142y MDAI online - Everyday Chem Shop","description":"Kup kryszta\u0142y MDAI online. Je\u015bli szukasz sposobu na zakup MDAI online, jeste\u015b we w\u0142a\u015bciwym miejscu, aby kupi\u0107 MDAI online.","robots":{"index":"index","follow":"follow","max-snippet":"max-snippet:-1","max-image-preview":"max-image-preview:large","max-video-preview":"max-video-preview:-1"},"canonical":"https:\/\/everydaychemshop.com\/pl\/product\/kup-mdai-online\/","og_locale":"en_US","og_type":"article","og_title":"Kup MDAI online","og_description":"Kup kryszta\u0142y MDAI online. Je\u015bli szukasz sposobu na zakup MDAI online, jeste\u015b we w\u0142a\u015bciwym miejscu, aby kupi\u0107 MDAI online.","og_url":"https:\/\/everydaychemshop.com\/pl\/product\/kup-mdai-online\/","og_site_name":"Everyday Chem Shop","article_modified_time":"2023-04-07T18:49:50+00:00","og_image":[{"width":1200,"height":1200,"url":"https:\/\/everydaychemshop.com\/pl\/wp-content\/uploads\/sites\/8\/2022\/11\/MDAI.jpg","type":"image\/jpeg"}],"twitter_card":"summary_large_image","twitter_misc":{"Est. reading time":"3 minutes"},"schema":{"@context":"https:\/\/schema.org","@graph":[{"@type":"WebPage","@id":"https:\/\/everydaychemshop.com\/pl\/product\/kup-mdai-online\/","url":"https:\/\/everydaychemshop.com\/pl\/product\/kup-mdai-online\/","name":"Kup kryszta\u0142y MDAI online - Everyday Chem Shop","isPartOf":{"@id":"https:\/\/everydaychemshop.com\/pl\/#website"},"primaryImageOfPage":{"@id":"https:\/\/everydaychemshop.com\/pl\/product\/kup-mdai-online\/#primaryimage"},"image":{"@id":"https:\/\/everydaychemshop.com\/pl\/product\/kup-mdai-online\/#primaryimage"},"thumbnailUrl":"https:\/\/everydaychemshop.com\/pl\/wp-content\/uploads\/sites\/8\/2022\/11\/MDAI.jpg","datePublished":"2022-11-16T09:47:01+00:00","dateModified":"2023-04-07T18:49:50+00:00","description":"Kup kryszta\u0142y MDAI online. Je\u015bli szukasz sposobu na zakup MDAI online, jeste\u015b we w\u0142a\u015bciwym miejscu, aby kupi\u0107 MDAI online.","breadcrumb":{"@id":"https:\/\/everydaychemshop.com\/pl\/product\/kup-mdai-online\/#breadcrumb"},"inLanguage":"en-US","potentialAction":[{"@type":"ReadAction","target":["https:\/\/everydaychemshop.com\/pl\/product\/kup-mdai-online\/"]}]},{"@type":"ImageObject","inLanguage":"en-US","@id":"https:\/\/everydaychemshop.com\/pl\/product\/kup-mdai-online\/#primaryimage","url":"https:\/\/everydaychemshop.com\/pl\/wp-content\/uploads\/sites\/8\/2022\/11\/MDAI.jpg","contentUrl":"https:\/\/everydaychemshop.com\/pl\/wp-content\/uploads\/sites\/8\/2022\/11\/MDAI.jpg","width":1200,"height":1200,"caption":"Kup kryszta\u0142y MDAI online"},{"@type":"BreadcrumbList","@id":"https:\/\/everydaychemshop.com\/pl\/product\/kup-mdai-online\/#breadcrumb","itemListElement":[{"@type":"ListItem","position":1,"name":"Home","item":"https:\/\/everydaychemshop.com\/pl\/"},{"@type":"ListItem","position":2,"name":"Produkty","item":"https:\/\/everydaychemshop.com\/pl\/produkty\/"},{"@type":"ListItem","position":3,"name":"Kup MDAI online"}]},{"@type":"WebSite","@id":"https:\/\/everydaychemshop.com\/pl\/#website","url":"https:\/\/everydaychemshop.com\/pl\/","name":"Everyday Chem Shop","description":"","potentialAction":[{"@type":"SearchAction","target":{"@type":"EntryPoint","urlTemplate":"https:\/\/everydaychemshop.com\/pl\/?s={search_term_string}"},"query-input":{"@type":"PropertyValueSpecification","valueRequired":true,"valueName":"search_term_string"}}],"inLanguage":"en-US"}]}},"_links":{"self":[{"href":"https:\/\/everydaychemshop.com\/pl\/wp-json\/wp\/v2\/product\/7776","targetHints":{"allow":["GET"]}}],"collection":[{"href":"https:\/\/everydaychemshop.com\/pl\/wp-json\/wp\/v2\/product"}],"about":[{"href":"https:\/\/everydaychemshop.com\/pl\/wp-json\/wp\/v2\/types\/product"}],"replies":[{"embeddable":true,"href":"https:\/\/everydaychemshop.com\/pl\/wp-json\/wp\/v2\/comments?post=7776"}],"wp:featuredmedia":[{"embeddable":true,"href":"https:\/\/everydaychemshop.com\/pl\/wp-json\/wp\/v2\/media\/7806"}],"wp:attachment":[{"href":"https:\/\/everydaychemshop.com\/pl\/wp-json\/wp\/v2\/media?parent=7776"}],"wp:term":[{"taxonomy":"product_brand","embeddable":true,"href":"https:\/\/everydaychemshop.com\/pl\/wp-json\/wp\/v2\/product_brand?post=7776"},{"taxonomy":"product_cat","embeddable":true,"href":"https:\/\/everydaychemshop.com\/pl\/wp-json\/wp\/v2\/product_cat?post=7776"},{"taxonomy":"product_tag","embeddable":true,"href":"https:\/\/everydaychemshop.com\/pl\/wp-json\/wp\/v2\/product_tag?post=7776"}],"curies":[{"name":"wp","href":"https:\/\/api.w.org\/{rel}","templated":true}]}}