{"id":7794,"date":"2022-11-16T09:47:42","date_gmt":"2022-11-16T09:47:42","guid":{"rendered":"https:\/\/everydaychemshop.com\/pl\/?post_type=product&#038;p=7794"},"modified":"2023-04-07T18:47:44","modified_gmt":"2023-04-07T18:47:44","slug":"kup-butylon-online","status":"publish","type":"product","link":"https:\/\/everydaychemshop.com\/pl\/product\/kup-butylon-online\/","title":{"rendered":"Butylon"},"content":{"rendered":"<h1>Kup butylon w proszku przez Internet<\/h1>\n<p><a href=\"https:\/\/everydaychemshop.com\/pl\/product\/kup-butylon-online\/\">Kup butylon w proszku przez Internet<\/a>. Butylon (znany r\u00f3wnie\u017c jako \u03b2-keto-N-metylobenzodioksolilobutanamina, \u03b2k-MBDB lub B1) jest syntetycznym entaktogenem i stymulantem z klas fenyloetyloaminy i katynonu. Butylon jest \u03b2-ketonowym analogiem MBDB i podstawionym analogiem metylenodioksy bufedronu.<\/p>\n<p>Jako dopalacz jest powszechnie sprzedawany na ulicy wraz z etylonem jako substytut lub podr\u00f3bka MDMA i metylonu (wszystkie z kt\u00f3rych wsp\u00f3lnie zacz\u0119to nazywa\u0107 \u201eMolly\u201d) ze wzgl\u0119du na zmniejszaj\u0105c\u0105 si\u0119 dost\u0119pno\u015b\u0107 metylonu na rynku chemii badawczej.<\/p>\n<p>Jednak\u017ce pomimo behawioralnych i farmakologicznych podobie\u0144stw mi\u0119dzy butylonem i MDMA, obserwowane subiektywne efekty obu substancji nie s\u0105 ca\u0142kowicie identyczne.<\/p>\n<p>Butylon ma tylko kr\u00f3tk\u0105 histori\u0119 stosowania u ludzi i jest zg\u0142asza si\u0119, \u017ce jest s\u0142abszy ni\u017c jego krewni metylon i etylon, a tak\u017ce posiada bardziej klasyczny \u015brodek pobudzaj\u0105cy w przeciwie\u0144stwie do efekt\u00f3w entaktogennych.<\/p>\n<p>Zwana tak\u017ce \u03b2-keto-N-metylobenzodioksolilobutanamin\u0105, jest syntetyczn\u0105 cz\u0105steczk\u0105 z rodziny katynon\u00f3w. Katynony s\u0105 strukturalnie podobne do amfetamin, poniewa\u017c zawieraj\u0105 rdze\u0144 fenyloetyloaminowy zawieraj\u0105cy pier\u015bcie\u0144 fenylowy zwi\u0105zany z grup\u0105 aminow\u0105 (NH2) poprzez \u0142a\u0144cuch etylowy z dodatkowym podstawieniem etylowym w <a href=\"https:\/\/en.wikipedia.org\/wiki\/Butylone\">R\u03b1<\/a>. Katynony, takie jak butylon, s\u0105 alfa-metylowanymi fenetyloaminami (tj. Amfetaminami), ale r\u00f3\u017cni\u0105 si\u0119 od nich dodatkiem ketonowej grupy funkcyjnej (grupa karbonylowa w R\u03b2). Butylon zawiera substytucj\u0119 metylow\u0105 w RN, substytucj\u0119, kt\u00f3ra jest wsp\u00f3lna z MDEA, etylonem, 4-MEC i niekt\u00f3rymi innymi stymulantami i entaktogenami. Dodatkowo butylon zawiera podstawienia przy R3 i R4 pier\u015bcienia fenylowego grupami tlenowymi. Te grupy tlenowe s\u0105 w\u0142\u0105czone do pier\u015bcienia metylenodioksy poprzez \u0142a\u0144cuch metylenowy. Butylon ma wsp\u00f3lny pier\u015bcie\u0144 metylenodioksy z MDA, MDAI i MDMA.<\/p>\n<p>Dzia\u0142a jako mieszany inhibitor wychwytu zwrotnego\/\u015brodek uwalniaj\u0105cy serotonin\u0119, norepinefryn\u0119 i dopamin\u0119. S\u0105 to neuroprzeka\u017aniki odpowiedzialne za przyjemno\u015b\u0107, nagrod\u0119, motywacj\u0119 i skupienie. Odbywa si\u0119 to poprzez hamowanie wychwytu zwrotnego i resorpcji neuroprzeka\u017anik\u00f3w po tym, jak spe\u0142ni\u0142y one swoj\u0105 funkcj\u0119 przekazywania impulsu nerwowego, zasadniczo pozwalaj\u0105c im na gromadzenie si\u0119 i ponowne u\u017cycie, powoduj\u0105c efekty stymuluj\u0105ce fizycznie i euforyczne.<\/p>\n<p><strong> Czy wiesz, gdzie kupi\u0107 Butylon online?<\/strong><\/p>\n<p>Sprzeda\u017c Butylonu, Warto\u015b\u0107 uliczna Butylonu, Dawkowanie Butylonu, jak zrobi\u0107 proszek Butylonu, gdzie mog\u0119 kupi\u0107 Butylon online, gdzie kupi\u0107 Butylon online, co to jest Butylon, Najwy\u017cszej jako\u015bci proszek Butylonu na sprzeda\u017c. Wszystkie te pytania bez odpowiedzi mog\u0105 uzyska\u0107 odpowiedzi za naszym po\u015brednictwem. Wystarczy, \u017ce przejrzysz nasz\u0105 stron\u0119 internetow\u0105, a uzyskasz odpowiedzi, jak i gdzie mo\u017cesz kupi\u0107 pigu\u0142ki fentanylu online.<\/p>\n<p>A co z proszkiem Butylone? Czy wiesz r\u00f3wnie\u017c, gdzie mo\u017cna kupi\u0107 butylon w sprzeda\u017cy internetowej? kup butylon w proszku, butylon w proszku na sprzeda\u017c, jak zrobi\u0107 butylon w proszku, jak wygl\u0105da butylon w proszku, cena uliczna w proszku butylonu, cena proszku butylonu, gdzie kupi\u0107 proszek butylonu, czysty proszek butylonu, gdzie mog\u0119 kupi\u0107 proszek butylonu online, butylon dostawcy proszku, forma proszku butylonu, kup czysty proszek butylonu, cena proszek butylonu<\/p>\n<p>Dobrej jako\u015bci butylon online: Jest ca\u0142kowicie zrozumia\u0142e, \u017ce ludzie nie ufaj\u0105 szybko jako\u015bci butylonu sprzedawanego online, poniewa\u017c nie mog\u0105 zbada\u0107 to fizycznie. Ale to nie to samo z dostawcami Online Butylone. Produkty tutaj s\u0105 zgodne z opisem, a konserwacja wysokiej jako\u015bci jest wykonywana pod nadzorem ekspert\u00f3w.<\/p>\n<p>Szybko &amp; Dyskretna wysy\u0142ka: Dostawa Butylone po otrzymaniu zam\u00f3wienia odbywa si\u0119 w obiecanym terminie. Zesp\u00f3\u0142 wysy\u0142kowy dok\u0142ada wszelkich stara\u0144, aby procedura wysy\u0142ki i dostawy przebiega\u0142a p\u0142ynnie i szybko. Mo\u017cesz r\u00f3wnie\u017c oczekiwa\u0107 doskona\u0142ych us\u0142ug przy zakupie Butylone od profesjonalista na platformie online.<\/p>\n","protected":false},"excerpt":{"rendered":"<p>Butylon (znany r\u00f3wnie\u017c jako \u03b2-keto-N-metylobenzodioksolilobutanamina, \u03b2k-MBDB lub B1) jest syntetycznym entaktogenem i stymulantem z klas fenyloetyloaminy i katynonu. Butylon jest \u03b2-ketonowym analogiem MBDB i podstawionym metylenodioksy analogiem bufedronu.<\/p>\n","protected":false},"featured_media":7808,"comment_status":"open","ping_status":"closed","template":"","meta":{"inline_featured_image":false},"product_brand":[],"product_cat":[264],"product_tag":[431,428,429,430,436,437,440,449,450,451,441,442,435,447,446,434,438,439,448,443,444,445,433,432],"class_list":{"0":"post-7794","1":"product","2":"type-product","3":"status-publish","4":"has-post-thumbnail","6":"product_cat-chemia-badawcza","7":"product_tag-butylon-bk-mbdb-na-sprzedaz-na-calym-swiecie","8":"product_tag-99-czysto-butylon-online","9":"product_tag-butylone","10":"product_tag-butylone-bk-mbdb-for-sale","11":"product_tag-buy-butylone-powder-and-crystals-online-buy-methylone-powder-and-crystal-online","12":"product_tag-buy-cheap-butylone-online","13":"product_tag-chemia-badania-szybka-dostawa","14":"product_tag-gdzie-kupi-butylon-bk-mbdb","15":"product_tag-gdzie-kupi-kryszta-butylonu-online","16":"product_tag-gdzie-kupi-butylon-online","17":"product_tag-how-to-buy-butylone-crystal-online","18":"product_tag-how-to-buy-butylone-onlinel","19":"product_tag-kup-butylon-online","20":"product_tag-zakup-butylonu-z-bitcoinem","21":"product_tag-zakup-butylonu-online","22":"product_tag-kup-kryszta-butylonu-online","23":"product_tag-kup-proszek-etylonu-i-kryszta-online","24":"product_tag-tanio-butylon-na-sprzedam","25":"product_tag-najlepsze-miejsce-do-kupowania-butylonu-online","26":"product_tag-order-butylone-crystal-online","27":"product_tag-order-butylone-online","28":"product_tag-purchase-butylone-crystal-online","29":"product_tag-butylon-na-sprzedam","30":"product_tag-sprzeda-krysztau-butylonu","32":"first","33":"instock","34":"sale","35":"shipping-taxable","36":"purchasable","37":"product-type-variable","38":"has-default-attributes"},"yoast_head":"<!-- This site is optimized with the Yoast SEO Premium plugin v19.2 (Yoast SEO v27.3) - https:\/\/yoast.com\/product\/yoast-seo-premium-wordpress\/ -->\n<title>Kup butylon w proszku przez Internet - Everyday Chem Shop<\/title>\n<meta name=\"description\" content=\"Kup butylon w proszku przez Internet. Je\u015bli szukasz sposobu na zakup Butylone online, jeste\u015b we w\u0142a\u015bciwym miejscu, aby kupi\u0107 Butylone online.\" \/>\n<meta name=\"robots\" content=\"index, follow, max-snippet:-1, max-image-preview:large, max-video-preview:-1\" \/>\n<link rel=\"canonical\" href=\"https:\/\/everydaychemshop.com\/pl\/product\/kup-butylon-online\/\" \/>\n<meta property=\"og:locale\" content=\"en_US\" \/>\n<meta property=\"og:type\" content=\"article\" \/>\n<meta property=\"og:title\" content=\"Butylon\" \/>\n<meta property=\"og:description\" content=\"Kup butylon w proszku przez Internet. Je\u015bli szukasz sposobu na zakup Butylone online, jeste\u015b we w\u0142a\u015bciwym miejscu, aby kupi\u0107 Butylone online.\" \/>\n<meta property=\"og:url\" content=\"https:\/\/everydaychemshop.com\/pl\/product\/kup-butylon-online\/\" \/>\n<meta property=\"og:site_name\" content=\"Everyday Chem Shop\" \/>\n<meta property=\"article:modified_time\" content=\"2023-04-07T18:47:44+00:00\" \/>\n<meta property=\"og:image\" content=\"https:\/\/everydaychemshop.com\/pl\/wp-content\/uploads\/sites\/8\/2022\/11\/Buy-Butylone-powder.jpg\" \/>\n\t<meta property=\"og:image:width\" content=\"1200\" \/>\n\t<meta property=\"og:image:height\" content=\"1200\" \/>\n\t<meta property=\"og:image:type\" content=\"image\/jpeg\" \/>\n<meta name=\"twitter:card\" content=\"summary_large_image\" \/>\n<meta name=\"twitter:label1\" content=\"Est. reading time\" \/>\n\t<meta name=\"twitter:data1\" content=\"3 minutes\" \/>\n<script type=\"application\/ld+json\" class=\"yoast-schema-graph\">{\"@context\":\"https:\\\/\\\/schema.org\",\"@graph\":[{\"@type\":\"WebPage\",\"@id\":\"https:\\\/\\\/everydaychemshop.com\\\/pl\\\/product\\\/kup-butylon-online\\\/\",\"url\":\"https:\\\/\\\/everydaychemshop.com\\\/pl\\\/product\\\/kup-butylon-online\\\/\",\"name\":\"Kup butylon w proszku przez Internet - Everyday Chem Shop\",\"isPartOf\":{\"@id\":\"https:\\\/\\\/everydaychemshop.com\\\/pl\\\/#website\"},\"primaryImageOfPage\":{\"@id\":\"https:\\\/\\\/everydaychemshop.com\\\/pl\\\/product\\\/kup-butylon-online\\\/#primaryimage\"},\"image\":{\"@id\":\"https:\\\/\\\/everydaychemshop.com\\\/pl\\\/product\\\/kup-butylon-online\\\/#primaryimage\"},\"thumbnailUrl\":\"https:\\\/\\\/everydaychemshop.com\\\/pl\\\/wp-content\\\/uploads\\\/sites\\\/8\\\/2022\\\/11\\\/Buy-Butylone-powder.jpg\",\"datePublished\":\"2022-11-16T09:47:42+00:00\",\"dateModified\":\"2023-04-07T18:47:44+00:00\",\"description\":\"Kup butylon w proszku przez Internet. Je\u015bli szukasz sposobu na zakup Butylone online, jeste\u015b we w\u0142a\u015bciwym miejscu, aby kupi\u0107 Butylone online.\",\"breadcrumb\":{\"@id\":\"https:\\\/\\\/everydaychemshop.com\\\/pl\\\/product\\\/kup-butylon-online\\\/#breadcrumb\"},\"inLanguage\":\"en-US\",\"potentialAction\":[{\"@type\":\"ReadAction\",\"target\":[\"https:\\\/\\\/everydaychemshop.com\\\/pl\\\/product\\\/kup-butylon-online\\\/\"]}]},{\"@type\":\"ImageObject\",\"inLanguage\":\"en-US\",\"@id\":\"https:\\\/\\\/everydaychemshop.com\\\/pl\\\/product\\\/kup-butylon-online\\\/#primaryimage\",\"url\":\"https:\\\/\\\/everydaychemshop.com\\\/pl\\\/wp-content\\\/uploads\\\/sites\\\/8\\\/2022\\\/11\\\/Buy-Butylone-powder.jpg\",\"contentUrl\":\"https:\\\/\\\/everydaychemshop.com\\\/pl\\\/wp-content\\\/uploads\\\/sites\\\/8\\\/2022\\\/11\\\/Buy-Butylone-powder.jpg\",\"width\":1200,\"height\":1200,\"caption\":\"Kup butylon w proszku przez Internet\"},{\"@type\":\"BreadcrumbList\",\"@id\":\"https:\\\/\\\/everydaychemshop.com\\\/pl\\\/product\\\/kup-butylon-online\\\/#breadcrumb\",\"itemListElement\":[{\"@type\":\"ListItem\",\"position\":1,\"name\":\"Home\",\"item\":\"https:\\\/\\\/everydaychemshop.com\\\/pl\\\/\"},{\"@type\":\"ListItem\",\"position\":2,\"name\":\"Produkty\",\"item\":\"https:\\\/\\\/everydaychemshop.com\\\/pl\\\/produkty\\\/\"},{\"@type\":\"ListItem\",\"position\":3,\"name\":\"Butylon\"}]},{\"@type\":\"WebSite\",\"@id\":\"https:\\\/\\\/everydaychemshop.com\\\/pl\\\/#website\",\"url\":\"https:\\\/\\\/everydaychemshop.com\\\/pl\\\/\",\"name\":\"Everyday Chem Shop\",\"description\":\"\",\"potentialAction\":[{\"@type\":\"SearchAction\",\"target\":{\"@type\":\"EntryPoint\",\"urlTemplate\":\"https:\\\/\\\/everydaychemshop.com\\\/pl\\\/?s={search_term_string}\"},\"query-input\":{\"@type\":\"PropertyValueSpecification\",\"valueRequired\":true,\"valueName\":\"search_term_string\"}}],\"inLanguage\":\"en-US\"}]}<\/script>\n<!-- \/ Yoast SEO Premium plugin. -->","yoast_head_json":{"title":"Kup butylon w proszku przez Internet - Everyday Chem Shop","description":"Kup butylon w proszku przez Internet. Je\u015bli szukasz sposobu na zakup Butylone online, jeste\u015b we w\u0142a\u015bciwym miejscu, aby kupi\u0107 Butylone online.","robots":{"index":"index","follow":"follow","max-snippet":"max-snippet:-1","max-image-preview":"max-image-preview:large","max-video-preview":"max-video-preview:-1"},"canonical":"https:\/\/everydaychemshop.com\/pl\/product\/kup-butylon-online\/","og_locale":"en_US","og_type":"article","og_title":"Butylon","og_description":"Kup butylon w proszku przez Internet. Je\u015bli szukasz sposobu na zakup Butylone online, jeste\u015b we w\u0142a\u015bciwym miejscu, aby kupi\u0107 Butylone online.","og_url":"https:\/\/everydaychemshop.com\/pl\/product\/kup-butylon-online\/","og_site_name":"Everyday Chem Shop","article_modified_time":"2023-04-07T18:47:44+00:00","og_image":[{"width":1200,"height":1200,"url":"https:\/\/everydaychemshop.com\/pl\/wp-content\/uploads\/sites\/8\/2022\/11\/Buy-Butylone-powder.jpg","type":"image\/jpeg"}],"twitter_card":"summary_large_image","twitter_misc":{"Est. reading time":"3 minutes"},"schema":{"@context":"https:\/\/schema.org","@graph":[{"@type":"WebPage","@id":"https:\/\/everydaychemshop.com\/pl\/product\/kup-butylon-online\/","url":"https:\/\/everydaychemshop.com\/pl\/product\/kup-butylon-online\/","name":"Kup butylon w proszku przez Internet - Everyday Chem Shop","isPartOf":{"@id":"https:\/\/everydaychemshop.com\/pl\/#website"},"primaryImageOfPage":{"@id":"https:\/\/everydaychemshop.com\/pl\/product\/kup-butylon-online\/#primaryimage"},"image":{"@id":"https:\/\/everydaychemshop.com\/pl\/product\/kup-butylon-online\/#primaryimage"},"thumbnailUrl":"https:\/\/everydaychemshop.com\/pl\/wp-content\/uploads\/sites\/8\/2022\/11\/Buy-Butylone-powder.jpg","datePublished":"2022-11-16T09:47:42+00:00","dateModified":"2023-04-07T18:47:44+00:00","description":"Kup butylon w proszku przez Internet. Je\u015bli szukasz sposobu na zakup Butylone online, jeste\u015b we w\u0142a\u015bciwym miejscu, aby kupi\u0107 Butylone online.","breadcrumb":{"@id":"https:\/\/everydaychemshop.com\/pl\/product\/kup-butylon-online\/#breadcrumb"},"inLanguage":"en-US","potentialAction":[{"@type":"ReadAction","target":["https:\/\/everydaychemshop.com\/pl\/product\/kup-butylon-online\/"]}]},{"@type":"ImageObject","inLanguage":"en-US","@id":"https:\/\/everydaychemshop.com\/pl\/product\/kup-butylon-online\/#primaryimage","url":"https:\/\/everydaychemshop.com\/pl\/wp-content\/uploads\/sites\/8\/2022\/11\/Buy-Butylone-powder.jpg","contentUrl":"https:\/\/everydaychemshop.com\/pl\/wp-content\/uploads\/sites\/8\/2022\/11\/Buy-Butylone-powder.jpg","width":1200,"height":1200,"caption":"Kup butylon w proszku przez Internet"},{"@type":"BreadcrumbList","@id":"https:\/\/everydaychemshop.com\/pl\/product\/kup-butylon-online\/#breadcrumb","itemListElement":[{"@type":"ListItem","position":1,"name":"Home","item":"https:\/\/everydaychemshop.com\/pl\/"},{"@type":"ListItem","position":2,"name":"Produkty","item":"https:\/\/everydaychemshop.com\/pl\/produkty\/"},{"@type":"ListItem","position":3,"name":"Butylon"}]},{"@type":"WebSite","@id":"https:\/\/everydaychemshop.com\/pl\/#website","url":"https:\/\/everydaychemshop.com\/pl\/","name":"Everyday Chem Shop","description":"","potentialAction":[{"@type":"SearchAction","target":{"@type":"EntryPoint","urlTemplate":"https:\/\/everydaychemshop.com\/pl\/?s={search_term_string}"},"query-input":{"@type":"PropertyValueSpecification","valueRequired":true,"valueName":"search_term_string"}}],"inLanguage":"en-US"}]}},"_links":{"self":[{"href":"https:\/\/everydaychemshop.com\/pl\/wp-json\/wp\/v2\/product\/7794","targetHints":{"allow":["GET"]}}],"collection":[{"href":"https:\/\/everydaychemshop.com\/pl\/wp-json\/wp\/v2\/product"}],"about":[{"href":"https:\/\/everydaychemshop.com\/pl\/wp-json\/wp\/v2\/types\/product"}],"replies":[{"embeddable":true,"href":"https:\/\/everydaychemshop.com\/pl\/wp-json\/wp\/v2\/comments?post=7794"}],"wp:featuredmedia":[{"embeddable":true,"href":"https:\/\/everydaychemshop.com\/pl\/wp-json\/wp\/v2\/media\/7808"}],"wp:attachment":[{"href":"https:\/\/everydaychemshop.com\/pl\/wp-json\/wp\/v2\/media?parent=7794"}],"wp:term":[{"taxonomy":"product_brand","embeddable":true,"href":"https:\/\/everydaychemshop.com\/pl\/wp-json\/wp\/v2\/product_brand?post=7794"},{"taxonomy":"product_cat","embeddable":true,"href":"https:\/\/everydaychemshop.com\/pl\/wp-json\/wp\/v2\/product_cat?post=7794"},{"taxonomy":"product_tag","embeddable":true,"href":"https:\/\/everydaychemshop.com\/pl\/wp-json\/wp\/v2\/product_tag?post=7794"}],"curies":[{"name":"wp","href":"https:\/\/api.w.org\/{rel}","templated":true}]}}