{"id":7800,"date":"2022-11-16T09:47:44","date_gmt":"2022-11-16T09:47:44","guid":{"rendered":"https:\/\/everydaychemshop.com\/pl\/?post_type=product&#038;p=7800"},"modified":"2023-04-07T18:46:36","modified_gmt":"2023-04-07T18:46:36","slug":"kup-bufedron-online","status":"publish","type":"product","link":"https:\/\/everydaychemshop.com\/pl\/product\/kup-bufedron-online\/","title":{"rendered":"Kup Buphedrone online"},"content":{"rendered":"<h1>Kup buphedrone w proszku przez Internet<\/h1>\n<p><a href=\"https:\/\/everydaychemshop.com\/pl\/product\/kup-bufedron-online\/\">Kup buphedrone w proszku przez Internet<\/a>. Historia bufedronu zaczyna si\u0119 w 1928 roku. Kiedy badana substancja chemiczna zosta\u0142a po raz pierwszy zsyntetyzowana, zosta\u0142a zaliczona do klasy\u00a0fenetyloamin i\u00a0katynon\u00f3w. Spo\u017cywanie bufedronu w sprzeda\u017cy jest zabronione, ale jest on dost\u0119pny na rynku chemii badawczej do cel\u00f3w badawczych i kryminalistycznych. W naszym sklepie internetowym z buphedronem znajdziesz buphedrone na sprzeda\u017c, jak r\u00f3wnie\u017c wiele innych stymulant\u00f3w podobnych do buphedrone.<\/p>\n<p>Znany jako MABP ten dopalacz jest beta-ketonem. Je\u015bli potrzebujesz kupi\u0107 analogi metamfetaminy MABP b\u0119dzie dobrym wyborem.<\/p>\n<p>Mabp mo\u017cesz kupi\u0107 online z dostaw\u0105 na ca\u0142y \u015bwiat. Nasza firma zajmuje si\u0119 sprzeda\u017c\u0105 hurtow\u0105 MABP. W\u0142\u0105czenie do szarej strefy substancji chemicznej MABP jest szeroko stosowane w\u015br\u00f3d badaczy i naukowc\u00f3w w r\u00f3\u017cnych testach i eksperymentach. Kiedy potrzebujesz MABP Kupuj online WY\u0141\u0104CZNIE od zaufanych dostawc\u00f3w. W <a href=\"https:\/\/en.wikipedia.org\/wiki\/Buphedrone\">ten<\/a> spos\u00f3b otrzymasz czyste substancje w przyst\u0119pnej cenie.<\/p>\n<p>Zanim klienci zam\u00f3wi\u0105 MABP online, radzimy przeczyta\u0107 informacje o efektach MABP i skutkach ubocznych, aby wiedzie\u0107, czego si\u0119 spodziewa\u0107 po do\u015bwiadczeniu MABP. Mo\u017cliwe jest r\u00f3wnie\u017c zapoznanie si\u0119 z raportami trip\u00f3w MABP i przypadk\u00f3w \u015bmierci MABP oraz bad trip\u00f3w i uraz\u00f3w MABP z wypowiedziami poprzednich u\u017cytkownik\u00f3w odwiedzaj\u0105cych stron\u0119 MABP Erowid.<\/p>\n<p>Uczucie euforii deklarowali wszyscy u\u017cytkownicy MABP. Przyznali r\u00f3wnie\u017c, \u017ce bardzo wa\u017cny jest spos\u00f3b przyjmowania i stosowania MABP. Prowadzi to nie tylko do podwy\u017cszonego nastroju, ale ludzie staj\u0105 si\u0119 bardziej rozmowni, ich t\u0119tno wzrasta. Ich mowa sta\u0142a si\u0119 niewyra\u017ana i nie mog\u0105 zasn\u0105\u0107. Czuli si\u0119 niespokojni i mieli zwi\u0119kszone umiej\u0119tno\u015bci komunikacyjne, a tak\u017ce motywacj\u0119.<\/p>\n<p>MABP jest silnym uwalniaczem dopaminy. Por\u00f3wnanie MABP i metamfetaminy MABP jest bardziej euforyczny i mniej stymuluj\u0105cy.<\/p>\n<p>Uczucie euforii deklarowali wszyscy u\u017cytkownicy Buphedrone. Przyznali r\u00f3wnie\u017c, \u017ce bardzo wa\u017cny jest spos\u00f3b przyjmowania i stosowania Buphedrone. Prowadzi to nie tylko do podwy\u017cszonego nastroju, ale ludzie staj\u0105 si\u0119 bardziej rozmowni, ich t\u0119tno wzrasta. Ich mowa sta\u0142a si\u0119 niewyra\u017ana i nie mog\u0105 zasn\u0105\u0107. Czuli si\u0119 niespokojni i mieli zwi\u0119kszone umiej\u0119tno\u015bci komunikacyjne, a tak\u017ce motywacj\u0119.<\/p>\n<p>Czy wiesz, gdzie kupi\u0107 Buphedrone online?<\/p>\n<p>Sprzeda\u017c buphedrone, warto\u015b\u0107 uliczna buphedrone, dawkowanie buphedronu, jak zrobi\u0107 Buphedrone w proszku, gdzie mog\u0119 kupi\u0107 Buphedrone online, gdzie kupi\u0107 Buphedrone online, co to jest Buphedrone, Najwy\u017cszej jako\u015bci proszek Buphedrone na sprzeda\u017c. Wszystkie te pytania bez odpowiedzi mog\u0105 uzyska\u0107 odpowiedzi za naszym po\u015brednictwem. Wystarczy, \u017ce przejrzysz nasz\u0105 stron\u0119 internetow\u0105, a otrzymasz odpowiedzi na pytanie, jak i gdzie mo\u017cna kupi\u0107 pigu\u0142ki fentanylu online.<\/p>\n<p>A co z proszkiem Buphedrone? Czy wiesz r\u00f3wnie\u017c, gdzie mo\u017cna kupi\u0107 Buphedrone w sprzeda\u017cy online? kup proszek Buphedrone, proszek Buphedrone na sprzeda\u017c, jak zrobi\u0107 proszek Buphedrone, jak wygl\u0105da proszek Buphedrone, cena uliczna proszku Buphedrone, cena proszku Buphedrone, gdzie kupi\u0107 proszek Buphedrone, czysty proszek Buphedrone, gdzie mog\u0119 kupi\u0107 proszek Buphedrone online, Buphedrone dostawcy proszku, forma proszku Buphedrone, kup czysty proszek Buphedrone, cena Buphedrone w proszku<\/p>\n<p>Dobra jako\u015b\u0107 Buphedrone online: Jest ca\u0142kowicie zrozumia\u0142e, \u017ce ludzie nie ufaj\u0105 szybko jako\u015bci Buphedrone sprzedawanego online, poniewa\u017c nie mog\u0105 zbada\u0107 to fizycznie. Ale to nie to samo z dostawcami Buphedrone online. Produkty tutaj s\u0105 zgodne z opisem, a konserwacja wysokiej jako\u015bci jest wykonywana pod nadzorem ekspert\u00f3w.<\/p>\n<p>Szybko &amp; Dyskretna wysy\u0142ka: Dostawa Buphedrone po otrzymaniu zam\u00f3wienia odbywa si\u0119 w obiecanym terminie. Zesp\u00f3\u0142 wysy\u0142kowy dok\u0142ada wszelkich stara\u0144, aby procedura wysy\u0142ki i dostawy przebiega\u0142a p\u0142ynnie i szybko. Mo\u017cesz r\u00f3wnie\u017c oczekiwa\u0107 doskona\u0142ych us\u0142ug przy zakupie Buphedrone od profesjonalisty na platformie internetowej.<\/p>\n","protected":false},"excerpt":{"rendered":"<p>Kup Buphedrone online<a href=\"https:\/\/en.wikipedia.org\/wiki\/Buphedrone\">. Historia bufedronu<\/a> zaczyna si\u0119 w 1928 roku. Kiedy badana substancja chemiczna zosta\u0142a po raz pierwszy zsyntetyzowana, zosta\u0142a zaliczona do klasy\u00a0fenetyloamin i\u00a0katynon\u00f3w. Spo\u017cywanie bufedronu w sprzeda\u017cy jest zabronione, ale jest on dost\u0119pny na rynku chemii badawczej do cel\u00f3w badawczych i kryminalistycznych. W naszym sklepie internetowym z buphedronem znajdziesz Buphedrone na sprzeda\u017c, jak r\u00f3wnie\u017c wiele innych stymulant\u00f3w na sprzeda\u017c podobnych do Buphedrone.<\/p>\n","protected":false},"featured_media":7824,"comment_status":"open","ping_status":"closed","template":"","meta":{"inline_featured_image":false},"product_brand":[],"product_cat":[264],"product_tag":[452,453,456,457,458,454,459,455,460],"class_list":{"0":"post-7800","1":"product","2":"type-product","3":"status-publish","4":"has-post-thumbnail","6":"product_cat-chemia-badawcza","7":"product_tag-bufedron","8":"product_tag-bufedron-kupi","9":"product_tag-kup-bufedron-online","10":"product_tag-kup-mabp","11":"product_tag-kup-mabp-online","12":"product_tag-bufedron-na-sprzedam","13":"product_tag-mabp-na-sprzedaz","14":"product_tag-nagroda-bufedronu","15":"product_tag-zamw-bufedron","17":"first","18":"instock","19":"shipping-taxable","20":"purchasable","21":"product-type-variable","22":"has-default-attributes"},"yoast_head":"<!-- This site is optimized with the Yoast SEO Premium plugin v19.2 (Yoast SEO v27.3) - https:\/\/yoast.com\/product\/yoast-seo-premium-wordpress\/ -->\n<title>Kup buphedrone w proszku przez Internet - Everyday Chem Shop<\/title>\n<meta name=\"description\" content=\"Kup buphedrone w proszku przez Internet. Je\u015bli szukasz sposobu na zakup Buphedrone online, jeste\u015b we w\u0142a\u015bciwym miejscu, aby kupi\u0107 Buphedrone online.\" \/>\n<meta name=\"robots\" content=\"index, follow, max-snippet:-1, max-image-preview:large, max-video-preview:-1\" \/>\n<link rel=\"canonical\" href=\"https:\/\/everydaychemshop.com\/pl\/product\/kup-bufedron-online\/\" \/>\n<meta property=\"og:locale\" content=\"en_US\" \/>\n<meta property=\"og:type\" content=\"article\" \/>\n<meta property=\"og:title\" content=\"Kup Buphedrone online\" \/>\n<meta property=\"og:description\" content=\"Kup buphedrone w proszku przez Internet. Je\u015bli szukasz sposobu na zakup Buphedrone online, jeste\u015b we w\u0142a\u015bciwym miejscu, aby kupi\u0107 Buphedrone online.\" \/>\n<meta property=\"og:url\" content=\"https:\/\/everydaychemshop.com\/pl\/product\/kup-bufedron-online\/\" \/>\n<meta property=\"og:site_name\" content=\"Everyday Chem Shop\" \/>\n<meta property=\"article:modified_time\" content=\"2023-04-07T18:46:36+00:00\" \/>\n<meta property=\"og:image\" content=\"https:\/\/everydaychemshop.com\/pl\/wp-content\/uploads\/sites\/8\/2022\/11\/Buphedrone.jpg\" \/>\n\t<meta property=\"og:image:width\" content=\"1200\" \/>\n\t<meta property=\"og:image:height\" content=\"1200\" \/>\n\t<meta property=\"og:image:type\" content=\"image\/jpeg\" \/>\n<meta name=\"twitter:card\" content=\"summary_large_image\" \/>\n<meta name=\"twitter:label1\" content=\"Est. reading time\" \/>\n\t<meta name=\"twitter:data1\" content=\"3 minutes\" \/>\n<script type=\"application\/ld+json\" class=\"yoast-schema-graph\">{\"@context\":\"https:\\\/\\\/schema.org\",\"@graph\":[{\"@type\":\"WebPage\",\"@id\":\"https:\\\/\\\/everydaychemshop.com\\\/pl\\\/product\\\/kup-bufedron-online\\\/\",\"url\":\"https:\\\/\\\/everydaychemshop.com\\\/pl\\\/product\\\/kup-bufedron-online\\\/\",\"name\":\"Kup buphedrone w proszku przez Internet - Everyday Chem Shop\",\"isPartOf\":{\"@id\":\"https:\\\/\\\/everydaychemshop.com\\\/pl\\\/#website\"},\"primaryImageOfPage\":{\"@id\":\"https:\\\/\\\/everydaychemshop.com\\\/pl\\\/product\\\/kup-bufedron-online\\\/#primaryimage\"},\"image\":{\"@id\":\"https:\\\/\\\/everydaychemshop.com\\\/pl\\\/product\\\/kup-bufedron-online\\\/#primaryimage\"},\"thumbnailUrl\":\"https:\\\/\\\/everydaychemshop.com\\\/pl\\\/wp-content\\\/uploads\\\/sites\\\/8\\\/2022\\\/11\\\/Buphedrone.jpg\",\"datePublished\":\"2022-11-16T09:47:44+00:00\",\"dateModified\":\"2023-04-07T18:46:36+00:00\",\"description\":\"Kup buphedrone w proszku przez Internet. Je\u015bli szukasz sposobu na zakup Buphedrone online, jeste\u015b we w\u0142a\u015bciwym miejscu, aby kupi\u0107 Buphedrone online.\",\"breadcrumb\":{\"@id\":\"https:\\\/\\\/everydaychemshop.com\\\/pl\\\/product\\\/kup-bufedron-online\\\/#breadcrumb\"},\"inLanguage\":\"en-US\",\"potentialAction\":[{\"@type\":\"ReadAction\",\"target\":[\"https:\\\/\\\/everydaychemshop.com\\\/pl\\\/product\\\/kup-bufedron-online\\\/\"]}]},{\"@type\":\"ImageObject\",\"inLanguage\":\"en-US\",\"@id\":\"https:\\\/\\\/everydaychemshop.com\\\/pl\\\/product\\\/kup-bufedron-online\\\/#primaryimage\",\"url\":\"https:\\\/\\\/everydaychemshop.com\\\/pl\\\/wp-content\\\/uploads\\\/sites\\\/8\\\/2022\\\/11\\\/Buphedrone.jpg\",\"contentUrl\":\"https:\\\/\\\/everydaychemshop.com\\\/pl\\\/wp-content\\\/uploads\\\/sites\\\/8\\\/2022\\\/11\\\/Buphedrone.jpg\",\"width\":1200,\"height\":1200,\"caption\":\"Kup buphedrone w proszku przez Internet\"},{\"@type\":\"BreadcrumbList\",\"@id\":\"https:\\\/\\\/everydaychemshop.com\\\/pl\\\/product\\\/kup-bufedron-online\\\/#breadcrumb\",\"itemListElement\":[{\"@type\":\"ListItem\",\"position\":1,\"name\":\"Home\",\"item\":\"https:\\\/\\\/everydaychemshop.com\\\/pl\\\/\"},{\"@type\":\"ListItem\",\"position\":2,\"name\":\"Produkty\",\"item\":\"https:\\\/\\\/everydaychemshop.com\\\/pl\\\/produkty\\\/\"},{\"@type\":\"ListItem\",\"position\":3,\"name\":\"Kup Buphedrone online\"}]},{\"@type\":\"WebSite\",\"@id\":\"https:\\\/\\\/everydaychemshop.com\\\/pl\\\/#website\",\"url\":\"https:\\\/\\\/everydaychemshop.com\\\/pl\\\/\",\"name\":\"Everyday Chem Shop\",\"description\":\"\",\"potentialAction\":[{\"@type\":\"SearchAction\",\"target\":{\"@type\":\"EntryPoint\",\"urlTemplate\":\"https:\\\/\\\/everydaychemshop.com\\\/pl\\\/?s={search_term_string}\"},\"query-input\":{\"@type\":\"PropertyValueSpecification\",\"valueRequired\":true,\"valueName\":\"search_term_string\"}}],\"inLanguage\":\"en-US\"}]}<\/script>\n<!-- \/ Yoast SEO Premium plugin. -->","yoast_head_json":{"title":"Kup buphedrone w proszku przez Internet - Everyday Chem Shop","description":"Kup buphedrone w proszku przez Internet. Je\u015bli szukasz sposobu na zakup Buphedrone online, jeste\u015b we w\u0142a\u015bciwym miejscu, aby kupi\u0107 Buphedrone online.","robots":{"index":"index","follow":"follow","max-snippet":"max-snippet:-1","max-image-preview":"max-image-preview:large","max-video-preview":"max-video-preview:-1"},"canonical":"https:\/\/everydaychemshop.com\/pl\/product\/kup-bufedron-online\/","og_locale":"en_US","og_type":"article","og_title":"Kup Buphedrone online","og_description":"Kup buphedrone w proszku przez Internet. Je\u015bli szukasz sposobu na zakup Buphedrone online, jeste\u015b we w\u0142a\u015bciwym miejscu, aby kupi\u0107 Buphedrone online.","og_url":"https:\/\/everydaychemshop.com\/pl\/product\/kup-bufedron-online\/","og_site_name":"Everyday Chem Shop","article_modified_time":"2023-04-07T18:46:36+00:00","og_image":[{"width":1200,"height":1200,"url":"https:\/\/everydaychemshop.com\/pl\/wp-content\/uploads\/sites\/8\/2022\/11\/Buphedrone.jpg","type":"image\/jpeg"}],"twitter_card":"summary_large_image","twitter_misc":{"Est. reading time":"3 minutes"},"schema":{"@context":"https:\/\/schema.org","@graph":[{"@type":"WebPage","@id":"https:\/\/everydaychemshop.com\/pl\/product\/kup-bufedron-online\/","url":"https:\/\/everydaychemshop.com\/pl\/product\/kup-bufedron-online\/","name":"Kup buphedrone w proszku przez Internet - Everyday Chem Shop","isPartOf":{"@id":"https:\/\/everydaychemshop.com\/pl\/#website"},"primaryImageOfPage":{"@id":"https:\/\/everydaychemshop.com\/pl\/product\/kup-bufedron-online\/#primaryimage"},"image":{"@id":"https:\/\/everydaychemshop.com\/pl\/product\/kup-bufedron-online\/#primaryimage"},"thumbnailUrl":"https:\/\/everydaychemshop.com\/pl\/wp-content\/uploads\/sites\/8\/2022\/11\/Buphedrone.jpg","datePublished":"2022-11-16T09:47:44+00:00","dateModified":"2023-04-07T18:46:36+00:00","description":"Kup buphedrone w proszku przez Internet. Je\u015bli szukasz sposobu na zakup Buphedrone online, jeste\u015b we w\u0142a\u015bciwym miejscu, aby kupi\u0107 Buphedrone online.","breadcrumb":{"@id":"https:\/\/everydaychemshop.com\/pl\/product\/kup-bufedron-online\/#breadcrumb"},"inLanguage":"en-US","potentialAction":[{"@type":"ReadAction","target":["https:\/\/everydaychemshop.com\/pl\/product\/kup-bufedron-online\/"]}]},{"@type":"ImageObject","inLanguage":"en-US","@id":"https:\/\/everydaychemshop.com\/pl\/product\/kup-bufedron-online\/#primaryimage","url":"https:\/\/everydaychemshop.com\/pl\/wp-content\/uploads\/sites\/8\/2022\/11\/Buphedrone.jpg","contentUrl":"https:\/\/everydaychemshop.com\/pl\/wp-content\/uploads\/sites\/8\/2022\/11\/Buphedrone.jpg","width":1200,"height":1200,"caption":"Kup buphedrone w proszku przez Internet"},{"@type":"BreadcrumbList","@id":"https:\/\/everydaychemshop.com\/pl\/product\/kup-bufedron-online\/#breadcrumb","itemListElement":[{"@type":"ListItem","position":1,"name":"Home","item":"https:\/\/everydaychemshop.com\/pl\/"},{"@type":"ListItem","position":2,"name":"Produkty","item":"https:\/\/everydaychemshop.com\/pl\/produkty\/"},{"@type":"ListItem","position":3,"name":"Kup Buphedrone online"}]},{"@type":"WebSite","@id":"https:\/\/everydaychemshop.com\/pl\/#website","url":"https:\/\/everydaychemshop.com\/pl\/","name":"Everyday Chem Shop","description":"","potentialAction":[{"@type":"SearchAction","target":{"@type":"EntryPoint","urlTemplate":"https:\/\/everydaychemshop.com\/pl\/?s={search_term_string}"},"query-input":{"@type":"PropertyValueSpecification","valueRequired":true,"valueName":"search_term_string"}}],"inLanguage":"en-US"}]}},"_links":{"self":[{"href":"https:\/\/everydaychemshop.com\/pl\/wp-json\/wp\/v2\/product\/7800","targetHints":{"allow":["GET"]}}],"collection":[{"href":"https:\/\/everydaychemshop.com\/pl\/wp-json\/wp\/v2\/product"}],"about":[{"href":"https:\/\/everydaychemshop.com\/pl\/wp-json\/wp\/v2\/types\/product"}],"replies":[{"embeddable":true,"href":"https:\/\/everydaychemshop.com\/pl\/wp-json\/wp\/v2\/comments?post=7800"}],"wp:featuredmedia":[{"embeddable":true,"href":"https:\/\/everydaychemshop.com\/pl\/wp-json\/wp\/v2\/media\/7824"}],"wp:attachment":[{"href":"https:\/\/everydaychemshop.com\/pl\/wp-json\/wp\/v2\/media?parent=7800"}],"wp:term":[{"taxonomy":"product_brand","embeddable":true,"href":"https:\/\/everydaychemshop.com\/pl\/wp-json\/wp\/v2\/product_brand?post=7800"},{"taxonomy":"product_cat","embeddable":true,"href":"https:\/\/everydaychemshop.com\/pl\/wp-json\/wp\/v2\/product_cat?post=7800"},{"taxonomy":"product_tag","embeddable":true,"href":"https:\/\/everydaychemshop.com\/pl\/wp-json\/wp\/v2\/product_tag?post=7800"}],"curies":[{"name":"wp","href":"https:\/\/api.w.org\/{rel}","templated":true}]}}