{"id":7818,"date":"2022-11-16T09:48:20","date_gmt":"2022-11-16T09:48:20","guid":{"rendered":"https:\/\/everydaychemshop.com\/pl\/?post_type=product&#038;p=7818"},"modified":"2025-11-23T15:28:29","modified_gmt":"2025-11-23T15:28:29","slug":"kup-ketamine-w-proszku-online","status":"publish","type":"product","link":"https:\/\/everydaychemshop.com\/pl\/product\/kup-ketamine-w-proszku-online\/","title":{"rendered":"Ketamin\u0119 w proszku"},"content":{"rendered":"<h1>Kup proszek ketaminy online \u2013 najwy\u017csza jako\u015b\u0107 i dyskretna dostawa<\/h1>\n<p><a href=\"https:\/\/everydaychemshop.com\/pl\/product\/kup-ketamine-w-proszku-online\/\">Kup czysty proszek ketaminy online<\/a>. Chcesz kupi\u0107 proszek ketaminy online z pe\u0142nym zaufaniem? W Everyday Chem Shop oferujemy najwy\u017cszej jako\u015bci czysty proszek ketaminy, pochodz\u0105cy z zaufanych laboratori\u00f3w, gwarantuj\u0105cy 99% czysto\u015b\u0107, zaspokajaj\u0105c wszystkie Twoje potrzeby badawcze. Niezale\u017cnie od tego, czy badasz jego w\u0142a\u015bciwo\u015bci jako anestetyku dysocjacyjnego, czy antagonisty receptora NMDA, nasz wysokiej jako\u015bci proszek ketaminy HCL zapewnia niezr\u00f3wnan\u0105 niezawodno\u015b\u0107 i skuteczno\u015b\u0107.<\/p>\n<p>Dlaczego warto wybra\u0107 nasz proszek ketaminy na sprzeda\u017c?<br \/>\nCzysto\u015b\u0107 potwierdzona laboratoryjnie: Ka\u017cda partia naszych kryszta\u0142\u00f3w ketaminy przechodzi rygorystyczne testy, aby zagwarantowa\u0107 czysto\u015b\u0107 HCL na poziomie ponad 99% \u2013 bez wype\u0142niaczy, bez kompromis\u00f3w.<br \/>\nWszechstronne zastosowania badawcze: Idealny do badania terapeutycznego zastosowania ketaminy w leczeniu b\u00f3lu, depresji lub znieczuleniu weterynaryjnym. Uwaga: Wy\u0142\u0105cznie do uzasadnionych cel\u00f3w badawczych. Konkurencyjne ceny: Ju\u017c od 150 USD za 10 g, z rabatami hurtowymi na hurtowe ilo\u015bci proszku ketaminy. Przyst\u0119pny cenowo dost\u0119p bez utraty jako\u015bci.<br \/>\nDyskretnie i bezpiecznie: Priorytetem jest dla nas Twoja prywatno\u015b\u0107, zapewniaj\u0105c dyskretn\u0105 wysy\u0142k\u0119 na ca\u0142y \u015bwiat. Zam\u00f3wienia s\u0105 pakowane anonimowo, a \u015bledzenie przesy\u0142ki jest dost\u0119pne na \u017cyczenie.<\/p>\n<p>Nasi klienci zachwycaj\u0105 si\u0119 szybkim dzia\u0142aniem i sta\u0142ymi rezultatami stosowania naszego czystego proszku ketaminy. \u201eNajlepsze miejsce do zam\u00f3wienia ketaminy online \u2013 dyskretnie i skutecznie!\u201d \u2013 Zadowolony badacz.<\/p>\n<p>Dost\u0119pne ilo\u015bci i szybka wysy\u0142ka<\/p>\n<p>Kup proszek K online ju\u017c dzi\u015b i skorzystaj z najwy\u017cszej jako\u015bci obs\u0142ugi. Wysy\u0142amy dyskretnie do wszystkich 50 stan\u00f3w i za granic\u0119, korzystaj\u0105c z us\u0142ug zaufanych przewo\u017anik\u00f3w, takich jak USPS i DHL. Darmowa wysy\u0142ka dla zam\u00f3wie\u0144 powy\u017cej 500 USD!<\/p>\n<p>Bezpieczne metody p\u0142atno\u015bci<\/p>\n<p>Kupuj bez obaw, korzystaj\u0105c z:<\/p>\n<p>Kart kredytowych\/debetowych (Visa, Mastercard)<br \/>\nKryptowalut (Bitcoin, Ethereum)<br \/>\nPrzelewu bankowego<br \/>\nMoneyGram\/Western Union<\/p>\n<p>Wszystkie transakcje s\u0105 szyfrowane i przetwarzane bezpiecznie. Nie przechowujemy Twoich danych finansowych.<\/p>\n<p>Wa\u017cne zastrze\u017cenia<\/p>\n<p>Ketamina jest substancj\u0105 kontrolowan\u0105, podlegaj\u0105c\u0105 regulacjom w ramach Wykazu III w USA. Nasz badany proszek ketaminowy jest sprzedawany wy\u0142\u0105cznie do u\u017cytku laboratoryjnego i naukowego. Nie jest przeznaczony do spo\u017cycia przez ludzi, leczenia ani cel\u00f3w rekreacyjnych. Przed zakupem zawsze skonsultuj si\u0119 z lokalnymi przepisami i specjalistami. Everyday Chem Shop promuje odpowiedzialne obchodzenie si\u0119 z produktem i przestrzeganie zasad.<\/p>\n<p>Chcesz kupi\u0107 proszek ketaminowy online? Dodaj do koszyka ju\u017c teraz, aby uzyska\u0107 natychmiastowy dost\u0119p do wysokiej jako\u015bci ketaminy w sprzeda\u017cy. Masz pytania? Skontaktuj si\u0119 z naszym ca\u0142odobowym zespo\u0142em wsparcia.<\/p>\n","protected":false},"excerpt":{"rendered":"<p>Wykazano, \u017ce ketamina jest wystarczaj\u0105ca w leczeniu zniech\u0119cenia u pacjent\u00f3w z chorob\u0105 afektywn\u0105 dwubiegunow\u0105, kt\u00f3rzy nie zareagowali na leki przeciwdepresyjne.<\/p>\n","protected":false},"featured_media":7826,"comment_status":"open","ping_status":"closed","template":"","meta":{"inline_featured_image":false},"product_brand":[],"product_cat":[264,116],"product_tag":[317,323,318,321,319,322,320],"class_list":{"0":"post-7818","1":"product","2":"type-product","3":"status-publish","4":"has-post-thumbnail","6":"product_cat-chemia-badawcza","7":"product_cat-pain-killers","8":"product_tag-buy-ketamine-hcl-online","9":"product_tag-gdzie-kupi-ketamin-hcl-online","10":"product_tag-how-to-buy-ketamine-hcl-online","11":"product_tag-zakup-ketaminy-hcl-online","12":"product_tag-ketamina-hcl-na-sprzedaz","13":"product_tag-najlepsze-miejsce-do-kupowania-ketaminy-hcl-online","14":"product_tag-order-ketamine-hcl-online","16":"first","17":"instock","18":"featured","19":"shipping-taxable","20":"purchasable","21":"product-type-variable"},"yoast_head":"<!-- This site is optimized with the Yoast SEO Premium plugin v19.2 (Yoast SEO v27.3) - https:\/\/yoast.com\/product\/yoast-seo-premium-wordpress\/ -->\n<title>Kup czysty proszek ketaminy online - Everyday Chem Shop<\/title>\n<meta name=\"description\" content=\"Odkryj najwy\u017cszej jako\u015bci ketamin\u0119 w proszku w sprzeda\u017cy online. Kryszta\u0142y HCL o czysto\u015bci 99%, dyskretna wysy\u0142ka na ca\u0142y \u015bwiat i bezpieczne p\u0142atno\u015bci. Zam\u00f3w wysokiej jako\u015bci ketamin\u0119 badawcz\u0105 ju\u017c dzi\u015b i ciesz si\u0119 szybk\u0105 i niezawodn\u0105 dostaw\u0105. Kup teraz w Everyday Chem Shop!\" \/>\n<meta name=\"robots\" content=\"index, follow, max-snippet:-1, max-image-preview:large, max-video-preview:-1\" \/>\n<link rel=\"canonical\" href=\"https:\/\/everydaychemshop.com\/pl\/product\/kup-ketamine-w-proszku-online\/\" \/>\n<meta property=\"og:locale\" content=\"en_US\" \/>\n<meta property=\"og:type\" content=\"article\" \/>\n<meta property=\"og:title\" content=\"Ketamin\u0119 w proszku\" \/>\n<meta property=\"og:description\" content=\"Odkryj najwy\u017cszej jako\u015bci ketamin\u0119 w proszku w sprzeda\u017cy online. Kryszta\u0142y HCL o czysto\u015bci 99%, dyskretna wysy\u0142ka na ca\u0142y \u015bwiat i bezpieczne p\u0142atno\u015bci. Zam\u00f3w wysokiej jako\u015bci ketamin\u0119 badawcz\u0105 ju\u017c dzi\u015b i ciesz si\u0119 szybk\u0105 i niezawodn\u0105 dostaw\u0105. Kup teraz w Everyday Chem Shop!\" \/>\n<meta property=\"og:url\" content=\"https:\/\/everydaychemshop.com\/pl\/product\/kup-ketamine-w-proszku-online\/\" \/>\n<meta property=\"og:site_name\" content=\"Everyday Chem Shop\" \/>\n<meta property=\"article:modified_time\" content=\"2025-11-23T15:28:29+00:00\" \/>\n<meta property=\"og:image\" content=\"https:\/\/everydaychemshop.com\/pl\/wp-content\/uploads\/sites\/8\/2022\/11\/Ketamine.jpg\" \/>\n\t<meta property=\"og:image:width\" content=\"225\" \/>\n\t<meta property=\"og:image:height\" content=\"225\" \/>\n\t<meta property=\"og:image:type\" content=\"image\/jpeg\" \/>\n<meta name=\"twitter:card\" content=\"summary_large_image\" \/>\n<meta name=\"twitter:label1\" content=\"Est. reading time\" \/>\n\t<meta name=\"twitter:data1\" content=\"2 minutes\" \/>\n<script type=\"application\/ld+json\" class=\"yoast-schema-graph\">{\"@context\":\"https:\\\/\\\/schema.org\",\"@graph\":[{\"@type\":\"WebPage\",\"@id\":\"https:\\\/\\\/everydaychemshop.com\\\/pl\\\/product\\\/kup-ketamine-w-proszku-online\\\/\",\"url\":\"https:\\\/\\\/everydaychemshop.com\\\/pl\\\/product\\\/kup-ketamine-w-proszku-online\\\/\",\"name\":\"Kup czysty proszek ketaminy online - Everyday Chem Shop\",\"isPartOf\":{\"@id\":\"https:\\\/\\\/everydaychemshop.com\\\/pl\\\/#website\"},\"primaryImageOfPage\":{\"@id\":\"https:\\\/\\\/everydaychemshop.com\\\/pl\\\/product\\\/kup-ketamine-w-proszku-online\\\/#primaryimage\"},\"image\":{\"@id\":\"https:\\\/\\\/everydaychemshop.com\\\/pl\\\/product\\\/kup-ketamine-w-proszku-online\\\/#primaryimage\"},\"thumbnailUrl\":\"https:\\\/\\\/everydaychemshop.com\\\/pl\\\/wp-content\\\/uploads\\\/sites\\\/8\\\/2022\\\/11\\\/Ketamine.jpg\",\"datePublished\":\"2022-11-16T09:48:20+00:00\",\"dateModified\":\"2025-11-23T15:28:29+00:00\",\"description\":\"Odkryj najwy\u017cszej jako\u015bci ketamin\u0119 w proszku w sprzeda\u017cy online. Kryszta\u0142y HCL o czysto\u015bci 99%, dyskretna wysy\u0142ka na ca\u0142y \u015bwiat i bezpieczne p\u0142atno\u015bci. Zam\u00f3w wysokiej jako\u015bci ketamin\u0119 badawcz\u0105 ju\u017c dzi\u015b i ciesz si\u0119 szybk\u0105 i niezawodn\u0105 dostaw\u0105. Kup teraz w Everyday Chem Shop!\",\"breadcrumb\":{\"@id\":\"https:\\\/\\\/everydaychemshop.com\\\/pl\\\/product\\\/kup-ketamine-w-proszku-online\\\/#breadcrumb\"},\"inLanguage\":\"en-US\",\"potentialAction\":[{\"@type\":\"ReadAction\",\"target\":[\"https:\\\/\\\/everydaychemshop.com\\\/pl\\\/product\\\/kup-ketamine-w-proszku-online\\\/\"]}]},{\"@type\":\"ImageObject\",\"inLanguage\":\"en-US\",\"@id\":\"https:\\\/\\\/everydaychemshop.com\\\/pl\\\/product\\\/kup-ketamine-w-proszku-online\\\/#primaryimage\",\"url\":\"https:\\\/\\\/everydaychemshop.com\\\/pl\\\/wp-content\\\/uploads\\\/sites\\\/8\\\/2022\\\/11\\\/Ketamine.jpg\",\"contentUrl\":\"https:\\\/\\\/everydaychemshop.com\\\/pl\\\/wp-content\\\/uploads\\\/sites\\\/8\\\/2022\\\/11\\\/Ketamine.jpg\",\"width\":225,\"height\":225,\"caption\":\"Kup czysty proszek ketaminy online\"},{\"@type\":\"BreadcrumbList\",\"@id\":\"https:\\\/\\\/everydaychemshop.com\\\/pl\\\/product\\\/kup-ketamine-w-proszku-online\\\/#breadcrumb\",\"itemListElement\":[{\"@type\":\"ListItem\",\"position\":1,\"name\":\"Home\",\"item\":\"https:\\\/\\\/everydaychemshop.com\\\/pl\\\/\"},{\"@type\":\"ListItem\",\"position\":2,\"name\":\"Produkty\",\"item\":\"https:\\\/\\\/everydaychemshop.com\\\/pl\\\/produkty\\\/\"},{\"@type\":\"ListItem\",\"position\":3,\"name\":\"Ketamin\u0119 w proszku\"}]},{\"@type\":\"WebSite\",\"@id\":\"https:\\\/\\\/everydaychemshop.com\\\/pl\\\/#website\",\"url\":\"https:\\\/\\\/everydaychemshop.com\\\/pl\\\/\",\"name\":\"Everyday Chem Shop\",\"description\":\"\",\"potentialAction\":[{\"@type\":\"SearchAction\",\"target\":{\"@type\":\"EntryPoint\",\"urlTemplate\":\"https:\\\/\\\/everydaychemshop.com\\\/pl\\\/?s={search_term_string}\"},\"query-input\":{\"@type\":\"PropertyValueSpecification\",\"valueRequired\":true,\"valueName\":\"search_term_string\"}}],\"inLanguage\":\"en-US\"}]}<\/script>\n<!-- \/ Yoast SEO Premium plugin. -->","yoast_head_json":{"title":"Kup czysty proszek ketaminy online - Everyday Chem Shop","description":"Odkryj najwy\u017cszej jako\u015bci ketamin\u0119 w proszku w sprzeda\u017cy online. Kryszta\u0142y HCL o czysto\u015bci 99%, dyskretna wysy\u0142ka na ca\u0142y \u015bwiat i bezpieczne p\u0142atno\u015bci. Zam\u00f3w wysokiej jako\u015bci ketamin\u0119 badawcz\u0105 ju\u017c dzi\u015b i ciesz si\u0119 szybk\u0105 i niezawodn\u0105 dostaw\u0105. Kup teraz w Everyday Chem Shop!","robots":{"index":"index","follow":"follow","max-snippet":"max-snippet:-1","max-image-preview":"max-image-preview:large","max-video-preview":"max-video-preview:-1"},"canonical":"https:\/\/everydaychemshop.com\/pl\/product\/kup-ketamine-w-proszku-online\/","og_locale":"en_US","og_type":"article","og_title":"Ketamin\u0119 w proszku","og_description":"Odkryj najwy\u017cszej jako\u015bci ketamin\u0119 w proszku w sprzeda\u017cy online. Kryszta\u0142y HCL o czysto\u015bci 99%, dyskretna wysy\u0142ka na ca\u0142y \u015bwiat i bezpieczne p\u0142atno\u015bci. Zam\u00f3w wysokiej jako\u015bci ketamin\u0119 badawcz\u0105 ju\u017c dzi\u015b i ciesz si\u0119 szybk\u0105 i niezawodn\u0105 dostaw\u0105. Kup teraz w Everyday Chem Shop!","og_url":"https:\/\/everydaychemshop.com\/pl\/product\/kup-ketamine-w-proszku-online\/","og_site_name":"Everyday Chem Shop","article_modified_time":"2025-11-23T15:28:29+00:00","og_image":[{"width":225,"height":225,"url":"https:\/\/everydaychemshop.com\/pl\/wp-content\/uploads\/sites\/8\/2022\/11\/Ketamine.jpg","type":"image\/jpeg"}],"twitter_card":"summary_large_image","twitter_misc":{"Est. reading time":"2 minutes"},"schema":{"@context":"https:\/\/schema.org","@graph":[{"@type":"WebPage","@id":"https:\/\/everydaychemshop.com\/pl\/product\/kup-ketamine-w-proszku-online\/","url":"https:\/\/everydaychemshop.com\/pl\/product\/kup-ketamine-w-proszku-online\/","name":"Kup czysty proszek ketaminy online - Everyday Chem Shop","isPartOf":{"@id":"https:\/\/everydaychemshop.com\/pl\/#website"},"primaryImageOfPage":{"@id":"https:\/\/everydaychemshop.com\/pl\/product\/kup-ketamine-w-proszku-online\/#primaryimage"},"image":{"@id":"https:\/\/everydaychemshop.com\/pl\/product\/kup-ketamine-w-proszku-online\/#primaryimage"},"thumbnailUrl":"https:\/\/everydaychemshop.com\/pl\/wp-content\/uploads\/sites\/8\/2022\/11\/Ketamine.jpg","datePublished":"2022-11-16T09:48:20+00:00","dateModified":"2025-11-23T15:28:29+00:00","description":"Odkryj najwy\u017cszej jako\u015bci ketamin\u0119 w proszku w sprzeda\u017cy online. Kryszta\u0142y HCL o czysto\u015bci 99%, dyskretna wysy\u0142ka na ca\u0142y \u015bwiat i bezpieczne p\u0142atno\u015bci. Zam\u00f3w wysokiej jako\u015bci ketamin\u0119 badawcz\u0105 ju\u017c dzi\u015b i ciesz si\u0119 szybk\u0105 i niezawodn\u0105 dostaw\u0105. Kup teraz w Everyday Chem Shop!","breadcrumb":{"@id":"https:\/\/everydaychemshop.com\/pl\/product\/kup-ketamine-w-proszku-online\/#breadcrumb"},"inLanguage":"en-US","potentialAction":[{"@type":"ReadAction","target":["https:\/\/everydaychemshop.com\/pl\/product\/kup-ketamine-w-proszku-online\/"]}]},{"@type":"ImageObject","inLanguage":"en-US","@id":"https:\/\/everydaychemshop.com\/pl\/product\/kup-ketamine-w-proszku-online\/#primaryimage","url":"https:\/\/everydaychemshop.com\/pl\/wp-content\/uploads\/sites\/8\/2022\/11\/Ketamine.jpg","contentUrl":"https:\/\/everydaychemshop.com\/pl\/wp-content\/uploads\/sites\/8\/2022\/11\/Ketamine.jpg","width":225,"height":225,"caption":"Kup czysty proszek ketaminy online"},{"@type":"BreadcrumbList","@id":"https:\/\/everydaychemshop.com\/pl\/product\/kup-ketamine-w-proszku-online\/#breadcrumb","itemListElement":[{"@type":"ListItem","position":1,"name":"Home","item":"https:\/\/everydaychemshop.com\/pl\/"},{"@type":"ListItem","position":2,"name":"Produkty","item":"https:\/\/everydaychemshop.com\/pl\/produkty\/"},{"@type":"ListItem","position":3,"name":"Ketamin\u0119 w proszku"}]},{"@type":"WebSite","@id":"https:\/\/everydaychemshop.com\/pl\/#website","url":"https:\/\/everydaychemshop.com\/pl\/","name":"Everyday Chem Shop","description":"","potentialAction":[{"@type":"SearchAction","target":{"@type":"EntryPoint","urlTemplate":"https:\/\/everydaychemshop.com\/pl\/?s={search_term_string}"},"query-input":{"@type":"PropertyValueSpecification","valueRequired":true,"valueName":"search_term_string"}}],"inLanguage":"en-US"}]}},"_links":{"self":[{"href":"https:\/\/everydaychemshop.com\/pl\/wp-json\/wp\/v2\/product\/7818","targetHints":{"allow":["GET"]}}],"collection":[{"href":"https:\/\/everydaychemshop.com\/pl\/wp-json\/wp\/v2\/product"}],"about":[{"href":"https:\/\/everydaychemshop.com\/pl\/wp-json\/wp\/v2\/types\/product"}],"replies":[{"embeddable":true,"href":"https:\/\/everydaychemshop.com\/pl\/wp-json\/wp\/v2\/comments?post=7818"}],"wp:featuredmedia":[{"embeddable":true,"href":"https:\/\/everydaychemshop.com\/pl\/wp-json\/wp\/v2\/media\/7826"}],"wp:attachment":[{"href":"https:\/\/everydaychemshop.com\/pl\/wp-json\/wp\/v2\/media?parent=7818"}],"wp:term":[{"taxonomy":"product_brand","embeddable":true,"href":"https:\/\/everydaychemshop.com\/pl\/wp-json\/wp\/v2\/product_brand?post=7818"},{"taxonomy":"product_cat","embeddable":true,"href":"https:\/\/everydaychemshop.com\/pl\/wp-json\/wp\/v2\/product_cat?post=7818"},{"taxonomy":"product_tag","embeddable":true,"href":"https:\/\/everydaychemshop.com\/pl\/wp-json\/wp\/v2\/product_tag?post=7818"}],"curies":[{"name":"wp","href":"https:\/\/api.w.org\/{rel}","templated":true}]}}