{"id":7830,"date":"2022-11-16T18:06:49","date_gmt":"2022-11-16T18:06:49","guid":{"rendered":"https:\/\/everydaychemshop.com\/pl\/?post_type=product&#038;p=7830"},"modified":"2023-04-07T18:27:26","modified_gmt":"2023-04-07T18:27:26","slug":"k2-papier","status":"publish","type":"product","link":"https:\/\/everydaychemshop.com\/pl\/product\/k2-papier\/","title":{"rendered":"Papier K2"},"content":{"rendered":"<h1>Kup K2 Paper online<\/h1>\n<p><a href=\"https:\/\/everydaychemshop.com\/pl\/product\/k2-papier\/\">Kup K2 Paper online<\/a>. Witamy w najlepszym miejscu, w kt\u00f3rym mo\u017cna kupi\u0107 papier k2 w USA bez \u017cadnych komplikacji i policji. Specjalizujemy si\u0119 w dostarczaniu online najlepszej jako\u015bci papieru k2. mamy elastyczne metody p\u0142atno\u015bci, kt\u00f3re nie b\u0119d\u0105 Ci\u0119 stresowa\u0107, gdy b\u0119dziesz chcia\u0142 zam\u00f3wi\u0107 arkusze papieru k2. zdob\u0105d\u017a jedno bezp\u0142atne kadzid\u0142o, kup papier k2 hurtowo online, arkusze papieru k2 na sprzeda\u017c. Nie \u017cartujemy, je\u015bli chodzi o dostaw\u0119 produkt\u00f3w, poniewa\u017c jest to firma, kt\u00f3rej u\u017cywam do p\u0142acenia rachunk\u00f3w, dlatego zawsze upewniam si\u0119, \u017ce otrzymujesz najlepszy produkt, poniewa\u017c dobry biznes to wi\u0119cej biznesu. nasza dostawa jest z dnia na dzie\u0144, wi\u0119c nie masz problemu z zam\u00f3wieniem papieru k2 na sprzeda\u017c w USA. Je\u015bli mieszkasz w USA i chcesz kupi\u0107 papier k2 na sprzeda\u017c w USA po niskiej cenie. <span class=\"css-a5m6co-text css-p8ym46-fontFamily css-11397xj-fontSize css-18j1nfb-display\">K2 arkuszy papieru na sprzeda\u017c.<\/span>p\u0142ynne arkusze papieru K2,<\/p>\n<p>&amp;nbsp ;<\/p>\n<p><img loading=\"lazy\" decoding=\"async\" class=\"alignnone size-medium wp-image-7833\" src=\"https:\/\/everydaychemshop.com\/pl\/wp-content\/uploads\/sites\/8\/2022\/11\/ K2-Paper-spraying-300x169.jpg\" alt=\"\" width=\"300\" height=\"169\" \/><\/p>\n<p>Kup papier k2 na sprzeda\u017c bez \u017cadnych problem\u00f3w, je\u015bli nie wiesz, jak to zrobi\u0107 z\u0142o\u017cy\u0107 zam\u00f3wienie, zawsze powiniene\u015b skontaktowa\u0107 si\u0119 z naszym WhatsApp, adresem e-mail, a tak\u017ce czatem na \u017cywo. Papier K2 na sprzeda\u017c USA Je\u015bli chodzi o potencj\u0119, mamy na sprzeda\u017c jeden z najsilniejszych papier\u00f3w k2.death grip potpourri\u00a0jest dost\u0119pny, papier k2 sprzedam prze\u015bcierad\u0142a i papier przyprawowy legal high k2. Je\u015bli nie wiesz jak z\u0142o\u017cy\u0107 zam\u00f3wienie, nie zapomnij si\u0119 z nami skontaktowa\u0107. Jeste\u015bmy zawsze otwarci na interesy, wi\u0119c je\u015bli chcesz zam\u00f3wi\u0107 nasze produkty ju\u017c dzi\u015b, otrzymasz 20% zni\u017cki na wszystkie swoje produkty. Skorzystaj z okazji ju\u017c teraz i z\u0142\u00f3\u017c zam\u00f3wienie, poniewa\u017c nie bawimy si\u0119 tanimi produktami. sprzedam spray przyprawowy k2 na papierze.<\/p>\n<p>spice k2 p\u0142yn spray na papierze, kup p\u0142yn przyprawowy k2 na papierze, kup p\u0142yn k2 spray na papier,\u00a0k2 spray na papierze na sprzeda\u017c,\u00a0przyprawa w sprayu do papieru, p\u0142yn k2 na papierze online,\u00a0p\u0142yn k2\u00a0spray na papier w pobli\u017cu mnie, spryskiwanie k2 na papierze,<strong data-key=\"k2 nas\u0105czony papier na sprzeda\u017c\">\u00a0<\/strong>legalny papier przyprawowy k2<strong data-key=\"k2 infused paper for sale\">,<\/strong>\u00a0papier K2 na sprzeda\u017c USA, najsilniejszy spray k2 na papierze, co to jest spray k2 na papierze, kup a4 nas\u0105czony papier, tanie arkusze papieru k2, kup papier k2 online<\/p>\n<h2>Kup papier K2 hurtowo online USA Dostawa nast\u0119pnego dnia<\/h2>\n<p>Rozumiemy, kiedy nie masz papier\u00f3w k2, dlatego zawsze upewnij si\u0119, \u017ce nast\u0119pna wysy\u0142ka z dnia na dzie\u0144 dla wszystkich naszych produkt\u00f3w, je\u015bli zamawiasz papier k2 na sprzeda\u017c w naszym sklepie, zawsze powiniene\u015b upewni\u0107 si\u0119, \u017ce kupuj\u0105c papier k2 online od nas, jeste\u015b bezpieczny. Je\u015bli chcesz otrzyma\u0107 paczk\u0119 jak najszybciej, <a href=\"https:\/\/nida.nih.gov\/publications\/drugfacts\/synthetic-cannabinoids-k2spice\">powiniene\u015b<\/a> spr\u00f3bowa\u0107 i zobaczy\u0107, o czym m\u00f3wi\u0119, je\u015bli jeste\u015b w USA lub Europie, hurtownia papieru k2 online. papier na sprzeda\u017c kup k2, nasz proces wysy\u0142ki jest taki sam, wi\u0119c nie masz problem\u00f3w z zakupem papieru k2 na sprzeda\u017c po niskiej cenie. Chcemy mie\u0107 pewno\u015b\u0107, \u017ce zawsze b\u0119dziesz gotowy na wypadek gry.<\/p>\n<p>Zawsze zaleca si\u0119, aby podczas dostawy zawsze by\u0107 na miejscu, aby nie mie\u0107 problem\u00f3w z policj\u0105. Zawsze odwiedzaj nasz sklep po\u00a0kadzide\u0142ka zio\u0142owe\u00a0a tak\u017ce p\u0142ynny papier. k2 infused paper i Kup p\u0142ynny papier k2, je\u015bli chodzi o jako\u015b\u0107 produktu i dyskretne opakowanie, zas\u0142u\u017cyli\u015bmy sobie na najlepszy prezent w tym roku.<span class=\"css-a5m6co-text css-p8ym46-fontFamily css-11397xj-fontSize css- 18j1nfb-display\">k2 arkuszy papieru na sprzeda\u017c,<\/span>\u00a0W ka\u017cdym z naszych papier\u00f3w najwy\u017csza jako\u015b\u0107 jest natryskiwana po obu stronach\u00a0papieru, Ka\u017cdy arkusz A4 jest nasycony 25 ml = 0,845351 p\u0142ynnej uncji p\u0142ynu K2<\/p>\n<p>Je\u015bli jeste\u015b w wi\u0119zieniu i chcesz zam\u00f3wi\u0107 papier k2 online, nie jeste\u015b najlepszy, poniewa\u017c wi\u0119kszo\u015b\u0107 naszych klient\u00f3w jest w wi\u0119zieniu, nasze produkty s\u0105 najbardziej znane z bezbarwnego i bezwonnego zapachu. tanie arkusze papieru k2, kup k2 papier w Internecie. Nasze produkty s\u0105 bardzo czyste, poniewa\u017c s\u0105 wytwarzane przez technik\u00f3w laboratoryjnych, kt\u00f3rzy dzia\u0142aj\u0105 w bran\u017cy od ponad 15 lat. Zapomnij o sentymentach, nasz bal to najlepsze co mo\u017cesz teraz zrobi\u0107. Je\u015bli jeste\u015b starym klientem, mo\u017cesz bez stresu zamawia\u0107 nasze produkty.<\/p>\n<h3>Kup K2 Sheets Online Niska cena<\/h3>\n<p>Niskie ceny pozwol\u0105 Ci du\u017co zaoszcz\u0119dzi\u0107, je\u015bli zam\u00f3wisz papier przyprawowy k2 online w naszym sklepie. nie ma potrzeby kupowania arkuszy k2 online po niskiej cenie i niskiej jako\u015bci. jest wielu ludzi, kt\u00f3rzy potrzebuj\u0105 najlepszej jako\u015bci papieru k2. Chcemy, aby\u015b cieszy\u0142 si\u0119 najlepszymi wra\u017ceniami online.kup hurtowo papier k2 online, sprzeda\u017c arkuszy papieru k2<br \/>\nSprzeda\u017c papieru K2 USA, Nasze ceny s\u0105 bardzo konkurencyjne, wi\u0119c je\u015bli nie chcesz si\u0119 stresowa\u0107, kupuj\u0105c papier k2 od niewiarygodnych sklepach, zamiast tego powiniene\u015b zam\u00f3wi\u0107 u nas, poniewa\u017c zapewniamy Ci ochron\u0119.<\/p>\n<p>Oferujemy r\u00f3wnie\u017c bezp\u0142atn\u0105 wysy\u0142k\u0119 z dnia na dzie\u0144, gdy kupujesz k2 spray online po raz pierwszy. Chcemy dostarcza\u0107 produkty najwy\u017cszej jako\u015bci na ca\u0142ym \u015bwiecie. Papier K2 na sprzeda\u017c USA\u00a0 Najlepszy papier K2 dost\u0119pny w sprzeda\u017cy online jest ju\u017c dost\u0119pny w naszym sklepie. tanie arkusze papieru k2, kup papier k2 online, Dostarczamy do wszystkich\u00a0<a href=\"https:\/\/www.50states.com\/\" target=\"_blank\" rel=\"noopener\">50 stan\u00f3w<\/a>\u00a0w USA , je\u015bli chcesz oceni\u0107 nasz szpital, wystarczy, \u017ce odwiedzisz nasz sklep i z\u0142o\u017cysz zam\u00f3wienie. Kup od nas papier k2 na sprzeda\u017c i otrzymaj produkt nast\u0119pnego dnia za po\u015brednictwem FedEx lub\u00a0<a href=\"https:\/\/www.dhl.com\/\" target=\"_blank\" rel=\"noopener\">DHL<\/a> . Je\u015bli masz trudno\u015bci z zam\u00f3wieniem papieru K2 w naszym sklepie, skontaktuj si\u0119 z nami, aby\u015bmy mogli natychmiast zrealizowa\u0107 Twoje zam\u00f3wienie.<\/p>\n<h3>Arkusze papieru K2 na sprzeda\u017c luzem<\/h3>\n<p>Je\u015bli jeste\u015b sprzedawc\u0105 detalicznym i szukasz najlepszych ofert na papier k2 online, rozwa\u017c odwiedzenie naszego sklepu, aby\u015bmy mogli zaoferowa\u0107 Ci najlepsze produkty, a tak\u017ce bardzo tanie.<span class=\"css-a5m6co-text css-p8ym46-fontFamily css-11397xj -fontSize css-18j1nfb-display\">k2 arkuszy papieru na sprzeda\u017c. <\/span>Mo\u017cesz bezpiecznie kupowa\u0107 u nas, poniewa\u017c nasza metoda dostawy jest bezkonkurencyjna. Chcemy mie\u0107 pewno\u015b\u0107, \u017ce produkty, kt\u00f3re otrzymujesz, s\u0105 najlepsze. Je\u015bli chcesz kupi\u0107 papiery 10 k2 i wi\u0119cej, powiniene\u015b rozwa\u017cy\u0107 odwiedzenie nas, poniewa\u017c damy ci nisk\u0105 cen\u0119 bez \u017cadnych komplikacji.<\/p>\n<p><img decoding=\"async\" class=\"alignnone size-medium wp-image-7832\" src=\"https:\/\/everydaychemshop.com\/pl\/wp-content\/uploads\/sites\/8\/2022\/11\/K2-Paper-rolled-300x300.png\" alt=\"\" width=\"300\" height=\"300 \" srcset=\"https:\/\/everydaychemshop.com\/pl\/wp-content\/uploads\/sites\/8\/2022\/11\/K2-Paper-rolled-300x300.png 300w, https:\/\/everydaychemshop.com\/pl\/wp-content\/uploads\/sites\/8\/2022\/11\/K2-Paper-rolled-150x150.png 150w, https:\/\/everydaychemshop.com\/pl\/wp-content\/uploads\/sites\/8\/2022\/11\/K2-Paper-rolled-320x320.png 320w, https:\/\/everydaychemshop.com\/pl\/wp-content\/uploads\/sites\/8\/2022\/11\/K2-Paper-rolled.png 600w\" sizes=\"(max-width: 300px) 100vw, 300px\" \/><\/p>\n","protected":false},"excerpt":{"rendered":"<p>Zam\u00f3w najlepsz\u0105 jako\u015b\u0107 papieru k2 na sprzeda\u017c online w USA z gwarantowan\u0105 dostaw\u0105 nast\u0119pnego dnia z najbardziej zaufanej i niezawodnej apteki internetowej bez \u017cadnych komplikacji, jeste\u015bmy tutaj, aby ci\u0119 uszcz\u0119\u015bliwi\u0107 i u\u0142atwi\u0107 ka\u017cdemu sk\u0142adanie zam\u00f3wie\u0144 papier k2 online bez \u017cadnych problem\u00f3w. sprzeda\u017c hurtowa papieru k2 online, sprzeda\u017c hurtowa papieru k2 online sprzeda\u017c arkuszy papieru k2<\/p>\n","protected":false},"featured_media":7834,"comment_status":"open","ping_status":"closed","template":"","meta":{"inline_featured_image":false},"product_brand":[],"product_cat":[116],"product_tag":[],"class_list":{"0":"post-7830","1":"product","2":"type-product","3":"status-publish","4":"has-post-thumbnail","6":"product_cat-pain-killers","8":"first","9":"instock","10":"shipping-taxable","11":"purchasable","12":"product-type-variable","13":"has-default-attributes"},"yoast_head":"<!-- This site is optimized with the Yoast SEO Premium plugin v19.2 (Yoast SEO v27.3) - https:\/\/yoast.com\/product\/yoast-seo-premium-wordpress\/ -->\n<title>Kup K2 Paper online - Everyday Chem Shop<\/title>\n<meta name=\"description\" content=\"Kup K2 Paper online. Sprzedajemy online najwy\u017cszej jako\u015bci papier K2. Prosimy o kontakt w celu uzyskania dalszych informacji i cen.\" \/>\n<meta name=\"robots\" content=\"index, follow, max-snippet:-1, max-image-preview:large, max-video-preview:-1\" \/>\n<link rel=\"canonical\" href=\"https:\/\/everydaychemshop.com\/pl\/product\/k2-papier\/\" \/>\n<meta property=\"og:locale\" content=\"en_US\" \/>\n<meta property=\"og:type\" content=\"article\" \/>\n<meta property=\"og:title\" content=\"Papier K2\" \/>\n<meta property=\"og:description\" content=\"Kup K2 Paper online. Sprzedajemy online najwy\u017cszej jako\u015bci papier K2. Prosimy o kontakt w celu uzyskania dalszych informacji i cen.\" \/>\n<meta property=\"og:url\" content=\"https:\/\/everydaychemshop.com\/pl\/product\/k2-papier\/\" \/>\n<meta property=\"og:site_name\" content=\"Everyday Chem Shop\" \/>\n<meta property=\"article:modified_time\" content=\"2023-04-07T18:27:26+00:00\" \/>\n<meta property=\"og:image\" content=\"https:\/\/everydaychemshop.com\/pl\/wp-content\/uploads\/sites\/8\/2022\/11\/Legal-High-K2-Spice-Paper.jpg\" \/>\n\t<meta property=\"og:image:width\" content=\"225\" \/>\n\t<meta property=\"og:image:height\" content=\"225\" \/>\n\t<meta property=\"og:image:type\" content=\"image\/jpeg\" \/>\n<meta name=\"twitter:card\" content=\"summary_large_image\" \/>\n<meta name=\"twitter:label1\" content=\"Est. reading time\" \/>\n\t<meta name=\"twitter:data1\" content=\"5 minutes\" \/>\n<script type=\"application\/ld+json\" class=\"yoast-schema-graph\">{\"@context\":\"https:\\\/\\\/schema.org\",\"@graph\":[{\"@type\":\"WebPage\",\"@id\":\"https:\\\/\\\/everydaychemshop.com\\\/pl\\\/product\\\/k2-papier\\\/\",\"url\":\"https:\\\/\\\/everydaychemshop.com\\\/pl\\\/product\\\/k2-papier\\\/\",\"name\":\"Kup K2 Paper online - Everyday Chem Shop\",\"isPartOf\":{\"@id\":\"https:\\\/\\\/everydaychemshop.com\\\/pl\\\/#website\"},\"primaryImageOfPage\":{\"@id\":\"https:\\\/\\\/everydaychemshop.com\\\/pl\\\/product\\\/k2-papier\\\/#primaryimage\"},\"image\":{\"@id\":\"https:\\\/\\\/everydaychemshop.com\\\/pl\\\/product\\\/k2-papier\\\/#primaryimage\"},\"thumbnailUrl\":\"https:\\\/\\\/everydaychemshop.com\\\/pl\\\/wp-content\\\/uploads\\\/sites\\\/8\\\/2022\\\/11\\\/Legal-High-K2-Spice-Paper.jpg\",\"datePublished\":\"2022-11-16T18:06:49+00:00\",\"dateModified\":\"2023-04-07T18:27:26+00:00\",\"description\":\"Kup K2 Paper online. Sprzedajemy online najwy\u017cszej jako\u015bci papier K2. Prosimy o kontakt w celu uzyskania dalszych informacji i cen.\",\"breadcrumb\":{\"@id\":\"https:\\\/\\\/everydaychemshop.com\\\/pl\\\/product\\\/k2-papier\\\/#breadcrumb\"},\"inLanguage\":\"en-US\",\"potentialAction\":[{\"@type\":\"ReadAction\",\"target\":[\"https:\\\/\\\/everydaychemshop.com\\\/pl\\\/product\\\/k2-papier\\\/\"]}]},{\"@type\":\"ImageObject\",\"inLanguage\":\"en-US\",\"@id\":\"https:\\\/\\\/everydaychemshop.com\\\/pl\\\/product\\\/k2-papier\\\/#primaryimage\",\"url\":\"https:\\\/\\\/everydaychemshop.com\\\/pl\\\/wp-content\\\/uploads\\\/sites\\\/8\\\/2022\\\/11\\\/Legal-High-K2-Spice-Paper.jpg\",\"contentUrl\":\"https:\\\/\\\/everydaychemshop.com\\\/pl\\\/wp-content\\\/uploads\\\/sites\\\/8\\\/2022\\\/11\\\/Legal-High-K2-Spice-Paper.jpg\",\"width\":225,\"height\":225,\"caption\":\"Kup K2 Paper online\"},{\"@type\":\"BreadcrumbList\",\"@id\":\"https:\\\/\\\/everydaychemshop.com\\\/pl\\\/product\\\/k2-papier\\\/#breadcrumb\",\"itemListElement\":[{\"@type\":\"ListItem\",\"position\":1,\"name\":\"Home\",\"item\":\"https:\\\/\\\/everydaychemshop.com\\\/pl\\\/\"},{\"@type\":\"ListItem\",\"position\":2,\"name\":\"Produkty\",\"item\":\"https:\\\/\\\/everydaychemshop.com\\\/pl\\\/produkty\\\/\"},{\"@type\":\"ListItem\",\"position\":3,\"name\":\"Papier K2\"}]},{\"@type\":\"WebSite\",\"@id\":\"https:\\\/\\\/everydaychemshop.com\\\/pl\\\/#website\",\"url\":\"https:\\\/\\\/everydaychemshop.com\\\/pl\\\/\",\"name\":\"Everyday Chem Shop\",\"description\":\"\",\"potentialAction\":[{\"@type\":\"SearchAction\",\"target\":{\"@type\":\"EntryPoint\",\"urlTemplate\":\"https:\\\/\\\/everydaychemshop.com\\\/pl\\\/?s={search_term_string}\"},\"query-input\":{\"@type\":\"PropertyValueSpecification\",\"valueRequired\":true,\"valueName\":\"search_term_string\"}}],\"inLanguage\":\"en-US\"}]}<\/script>\n<!-- \/ Yoast SEO Premium plugin. -->","yoast_head_json":{"title":"Kup K2 Paper online - Everyday Chem Shop","description":"Kup K2 Paper online. Sprzedajemy online najwy\u017cszej jako\u015bci papier K2. Prosimy o kontakt w celu uzyskania dalszych informacji i cen.","robots":{"index":"index","follow":"follow","max-snippet":"max-snippet:-1","max-image-preview":"max-image-preview:large","max-video-preview":"max-video-preview:-1"},"canonical":"https:\/\/everydaychemshop.com\/pl\/product\/k2-papier\/","og_locale":"en_US","og_type":"article","og_title":"Papier K2","og_description":"Kup K2 Paper online. Sprzedajemy online najwy\u017cszej jako\u015bci papier K2. Prosimy o kontakt w celu uzyskania dalszych informacji i cen.","og_url":"https:\/\/everydaychemshop.com\/pl\/product\/k2-papier\/","og_site_name":"Everyday Chem Shop","article_modified_time":"2023-04-07T18:27:26+00:00","og_image":[{"width":225,"height":225,"url":"https:\/\/everydaychemshop.com\/pl\/wp-content\/uploads\/sites\/8\/2022\/11\/Legal-High-K2-Spice-Paper.jpg","type":"image\/jpeg"}],"twitter_card":"summary_large_image","twitter_misc":{"Est. reading time":"5 minutes"},"schema":{"@context":"https:\/\/schema.org","@graph":[{"@type":"WebPage","@id":"https:\/\/everydaychemshop.com\/pl\/product\/k2-papier\/","url":"https:\/\/everydaychemshop.com\/pl\/product\/k2-papier\/","name":"Kup K2 Paper online - Everyday Chem Shop","isPartOf":{"@id":"https:\/\/everydaychemshop.com\/pl\/#website"},"primaryImageOfPage":{"@id":"https:\/\/everydaychemshop.com\/pl\/product\/k2-papier\/#primaryimage"},"image":{"@id":"https:\/\/everydaychemshop.com\/pl\/product\/k2-papier\/#primaryimage"},"thumbnailUrl":"https:\/\/everydaychemshop.com\/pl\/wp-content\/uploads\/sites\/8\/2022\/11\/Legal-High-K2-Spice-Paper.jpg","datePublished":"2022-11-16T18:06:49+00:00","dateModified":"2023-04-07T18:27:26+00:00","description":"Kup K2 Paper online. Sprzedajemy online najwy\u017cszej jako\u015bci papier K2. Prosimy o kontakt w celu uzyskania dalszych informacji i cen.","breadcrumb":{"@id":"https:\/\/everydaychemshop.com\/pl\/product\/k2-papier\/#breadcrumb"},"inLanguage":"en-US","potentialAction":[{"@type":"ReadAction","target":["https:\/\/everydaychemshop.com\/pl\/product\/k2-papier\/"]}]},{"@type":"ImageObject","inLanguage":"en-US","@id":"https:\/\/everydaychemshop.com\/pl\/product\/k2-papier\/#primaryimage","url":"https:\/\/everydaychemshop.com\/pl\/wp-content\/uploads\/sites\/8\/2022\/11\/Legal-High-K2-Spice-Paper.jpg","contentUrl":"https:\/\/everydaychemshop.com\/pl\/wp-content\/uploads\/sites\/8\/2022\/11\/Legal-High-K2-Spice-Paper.jpg","width":225,"height":225,"caption":"Kup K2 Paper online"},{"@type":"BreadcrumbList","@id":"https:\/\/everydaychemshop.com\/pl\/product\/k2-papier\/#breadcrumb","itemListElement":[{"@type":"ListItem","position":1,"name":"Home","item":"https:\/\/everydaychemshop.com\/pl\/"},{"@type":"ListItem","position":2,"name":"Produkty","item":"https:\/\/everydaychemshop.com\/pl\/produkty\/"},{"@type":"ListItem","position":3,"name":"Papier K2"}]},{"@type":"WebSite","@id":"https:\/\/everydaychemshop.com\/pl\/#website","url":"https:\/\/everydaychemshop.com\/pl\/","name":"Everyday Chem Shop","description":"","potentialAction":[{"@type":"SearchAction","target":{"@type":"EntryPoint","urlTemplate":"https:\/\/everydaychemshop.com\/pl\/?s={search_term_string}"},"query-input":{"@type":"PropertyValueSpecification","valueRequired":true,"valueName":"search_term_string"}}],"inLanguage":"en-US"}]}},"_links":{"self":[{"href":"https:\/\/everydaychemshop.com\/pl\/wp-json\/wp\/v2\/product\/7830","targetHints":{"allow":["GET"]}}],"collection":[{"href":"https:\/\/everydaychemshop.com\/pl\/wp-json\/wp\/v2\/product"}],"about":[{"href":"https:\/\/everydaychemshop.com\/pl\/wp-json\/wp\/v2\/types\/product"}],"replies":[{"embeddable":true,"href":"https:\/\/everydaychemshop.com\/pl\/wp-json\/wp\/v2\/comments?post=7830"}],"wp:featuredmedia":[{"embeddable":true,"href":"https:\/\/everydaychemshop.com\/pl\/wp-json\/wp\/v2\/media\/7834"}],"wp:attachment":[{"href":"https:\/\/everydaychemshop.com\/pl\/wp-json\/wp\/v2\/media?parent=7830"}],"wp:term":[{"taxonomy":"product_brand","embeddable":true,"href":"https:\/\/everydaychemshop.com\/pl\/wp-json\/wp\/v2\/product_brand?post=7830"},{"taxonomy":"product_cat","embeddable":true,"href":"https:\/\/everydaychemshop.com\/pl\/wp-json\/wp\/v2\/product_cat?post=7830"},{"taxonomy":"product_tag","embeddable":true,"href":"https:\/\/everydaychemshop.com\/pl\/wp-json\/wp\/v2\/product_tag?post=7830"}],"curies":[{"name":"wp","href":"https:\/\/api.w.org\/{rel}","templated":true}]}}