{"id":7885,"date":"2022-11-16T19:26:10","date_gmt":"2022-11-16T19:26:10","guid":{"rendered":"https:\/\/everydaychemshop.com\/pl\/?post_type=product&#038;p=7885"},"modified":"2023-04-07T18:26:26","modified_gmt":"2023-04-07T18:26:26","slug":"kadzidlo-spray-clear-k2","status":"publish","type":"product","link":"https:\/\/everydaychemshop.com\/pl\/product\/kadzidlo-spray-clear-k2\/","title":{"rendered":"Przezroczysty spray do kadzide\u0142ek K2"},"content":{"rendered":"<h1>Kup K2 Kadzide\u0142ka w sprayu przez Internet<\/h1>\n<p><a href=\"https:\/\/everydaychemshop.com\/pl\/product\/kadzidlo-spray-clear-k2\/\">Kup K2 Kadzide\u0142ka w sprayu przez Internet<\/a>. Syntetyczne kannabinoidy s\u0105 znane pod niekt\u00f3rymi nazwami emblemat\u00f3w, takimi jak K2, Spice, Arizona, Black Mamba, Bombay Blue, Genie, Zohai, Banana Cream Nuke, Krypton, Lava Red i wiele innych.<\/p>\n<p>W kilku krajach hiszpa\u0144skoj\u0119zycznych, w tym w Chile i Argentynie,<\/p>\n<p>Takie uk\u0142ady s\u0105 regularnie sprawdzane jako \u201ecripy\u201d.<\/p>\n<p>Nelson twierdzi, \u017ce w por\u00f3wnaniu z marihuan\u0105 towary zawieraj\u0105ce sztuczne kannabinoidy \u201es\u0105 naprawd\u0119 ca\u0142kiem inne, a konsekwencje s\u0105 o wiele bardziej nieprzewidywalne\u201d<\/p>\n<p>Syntetyczne kannabinoidy s\u0105 znane pod niekt\u00f3rymi nazwami emblemat\u00f3w, takimi jak K2, Spice, Arizona, Black Mamba, Bombay Blue, Genie, Zohai, Banana Cream Nuke, Krypton, Lava Red i wiele innych.<\/p>\n<p>W kilku krajach hiszpa\u0144skoj\u0119zycznych, w tym w Chile i Argentynie,<\/p>\n<p>Takie aran\u017cacje s\u0105 regularnie sprawdzane jako \u201echrupi\u0105ce\u201d.<\/p>\n<p>Nazywa si\u0119 je regularnie \u201esztuczn\u0105 marihuan\u0105\u201d, \u201ezio\u0142ami zio\u0142owymi\u201d, \u201enaturalnymi kadzid\u0142ami\u201d<\/p>\n<p>P\u0142yn K2 na papierze<\/p>\n<p>Przedstawiamy Ci praktycznie idealne produkty, kt\u00f3re mo\u017cesz kupi\u0107. To <a href=\"https:\/\/nida.nih.gov\/publications\/drugfacts\/synthetic-cannabinoids-k2spice\">doskona\u0142a<\/a> e-liquidowa odmiana naturalnego kadzid\u0142a, z kt\u00f3r\u0105 kiedykolwiek mieli\u015bmy do czynienia. Mo\u017cesz skorzysta\u0107 z najbardziej znanych nazwisk w bran\u017cy lub uzyska\u0107 ich spersonalizowane \u017cywe mieszanki, kt\u00f3re oferuj\u0105 nowe ilo\u015bci aromatu, w kt\u00f3rych nie czu\u0142e\u015b, \u017ce mo\u017cna odnie\u015b\u0107 sukces. Zjednoczone Kr\u00f3lestwo. Pre-roll odnosi si\u0119 do kilku po\u0142\u0105cze\u0144, kt\u00f3re zosta\u0142y wst\u0119pnie zrolowane. Przychodnie zazwyczaj sprzedaj\u0105 pre-rolle. Z\u0142\u0105cza przed rolowaniem maj\u0105 tendencj\u0119 do bycia fantastycznie tanimi, mniejszymi i dyskretnymi. Oni s\u0105 idealni.<\/p>\n<p>P\u0142yn K2 w sprayu<\/p>\n<p>Dowiedz si\u0119, co zyskujesz, wybieraj\u0105c t\u0119 mieszank\u0119. W 100% naturalne mieszanki zosta\u0142y r\u0119cznie wybrane, aby zapewni\u0107 Ci najbardziej p\u0142ynn\u0105 mieszank\u0119. Powy\u017cej wymienili\u015bmy elementy czystego papieru w sprayu, aby\u015b m\u00f3g\u0142 rozpozna\u0107, co dostajesz z przodu, poniewa\u017c jest to podstawa naszego produktu.<\/p>\n<p>Nietrudno si\u0119 domy\u015bli\u0107, dlaczego k2 clean paper spray jest dla nas sta\u0142ym bestsellerem na ca\u0142ym \u015bwiecie od ponad 10 lat. Kup spray do kadzide\u0142ek K2 przez Internet<\/p>\n","protected":false},"excerpt":{"rendered":"<p>Bezzapachowy i bezbarwny spray do kadzide\u0142ek K2 dost\u0119pny w sprzeda\u017cy w najlepszych niskich cenach. Potrzebujesz butelki o pojemno\u015bci 25 ml, aby spryska\u0107 ca\u0142y arkusz papieru A4.<\/p>\n","protected":false},"featured_media":7892,"comment_status":"open","ping_status":"closed","template":"","meta":{"inline_featured_image":false},"product_brand":[],"product_cat":[116],"product_tag":[],"class_list":{"0":"post-7885","1":"product","2":"type-product","3":"status-publish","4":"has-post-thumbnail","6":"product_cat-pain-killers","8":"first","9":"instock","10":"shipping-taxable","11":"purchasable","12":"product-type-variable","13":"has-default-attributes"},"yoast_head":"<!-- This site is optimized with the Yoast SEO Premium plugin v19.2 (Yoast SEO v27.3) - https:\/\/yoast.com\/product\/yoast-seo-premium-wordpress\/ -->\n<title>Kup K2 Kadzide\u0142ka w sprayu przez Internet - Everyday Chem Shop<\/title>\n<meta name=\"description\" content=\"Kup K2 Kadzide\u0142ka w sprayu przez Internet. Sprzedajemy online najwy\u017cszej jako\u015bci spray do kadzide\u0142ek K2. Prosimy o kontakt w celu uzyskania dalszych informacji i cen.\" \/>\n<meta name=\"robots\" content=\"index, follow, max-snippet:-1, max-image-preview:large, max-video-preview:-1\" \/>\n<link rel=\"canonical\" href=\"https:\/\/everydaychemshop.com\/pl\/product\/kadzidlo-spray-clear-k2\/\" \/>\n<meta property=\"og:locale\" content=\"en_US\" \/>\n<meta property=\"og:type\" content=\"article\" \/>\n<meta property=\"og:title\" content=\"Przezroczysty spray do kadzide\u0142ek K2\" \/>\n<meta property=\"og:description\" content=\"Kup K2 Kadzide\u0142ka w sprayu przez Internet. Sprzedajemy online najwy\u017cszej jako\u015bci spray do kadzide\u0142ek K2. Prosimy o kontakt w celu uzyskania dalszych informacji i cen.\" \/>\n<meta property=\"og:url\" content=\"https:\/\/everydaychemshop.com\/pl\/product\/kadzidlo-spray-clear-k2\/\" \/>\n<meta property=\"og:site_name\" content=\"Everyday Chem Shop\" \/>\n<meta property=\"article:modified_time\" content=\"2023-04-07T18:26:26+00:00\" \/>\n<meta property=\"og:image\" content=\"https:\/\/everydaychemshop.com\/pl\/wp-content\/uploads\/sites\/8\/2022\/11\/fa7e91aea60b0795348e8f445e66ce46.jpg\" \/>\n\t<meta property=\"og:image:width\" content=\"280\" \/>\n\t<meta property=\"og:image:height\" content=\"280\" \/>\n\t<meta property=\"og:image:type\" content=\"image\/jpeg\" \/>\n<meta name=\"twitter:card\" content=\"summary_large_image\" \/>\n<meta name=\"twitter:label1\" content=\"Est. reading time\" \/>\n\t<meta name=\"twitter:data1\" content=\"2 minutes\" \/>\n<script type=\"application\/ld+json\" class=\"yoast-schema-graph\">{\"@context\":\"https:\\\/\\\/schema.org\",\"@graph\":[{\"@type\":\"WebPage\",\"@id\":\"https:\\\/\\\/everydaychemshop.com\\\/pl\\\/product\\\/kadzidlo-spray-clear-k2\\\/\",\"url\":\"https:\\\/\\\/everydaychemshop.com\\\/pl\\\/product\\\/kadzidlo-spray-clear-k2\\\/\",\"name\":\"Kup K2 Kadzide\u0142ka w sprayu przez Internet - Everyday Chem Shop\",\"isPartOf\":{\"@id\":\"https:\\\/\\\/everydaychemshop.com\\\/pl\\\/#website\"},\"primaryImageOfPage\":{\"@id\":\"https:\\\/\\\/everydaychemshop.com\\\/pl\\\/product\\\/kadzidlo-spray-clear-k2\\\/#primaryimage\"},\"image\":{\"@id\":\"https:\\\/\\\/everydaychemshop.com\\\/pl\\\/product\\\/kadzidlo-spray-clear-k2\\\/#primaryimage\"},\"thumbnailUrl\":\"https:\\\/\\\/everydaychemshop.com\\\/pl\\\/wp-content\\\/uploads\\\/sites\\\/8\\\/2022\\\/11\\\/fa7e91aea60b0795348e8f445e66ce46.jpg\",\"datePublished\":\"2022-11-16T19:26:10+00:00\",\"dateModified\":\"2023-04-07T18:26:26+00:00\",\"description\":\"Kup K2 Kadzide\u0142ka w sprayu przez Internet. Sprzedajemy online najwy\u017cszej jako\u015bci spray do kadzide\u0142ek K2. Prosimy o kontakt w celu uzyskania dalszych informacji i cen.\",\"breadcrumb\":{\"@id\":\"https:\\\/\\\/everydaychemshop.com\\\/pl\\\/product\\\/kadzidlo-spray-clear-k2\\\/#breadcrumb\"},\"inLanguage\":\"en-US\",\"potentialAction\":[{\"@type\":\"ReadAction\",\"target\":[\"https:\\\/\\\/everydaychemshop.com\\\/pl\\\/product\\\/kadzidlo-spray-clear-k2\\\/\"]}]},{\"@type\":\"ImageObject\",\"inLanguage\":\"en-US\",\"@id\":\"https:\\\/\\\/everydaychemshop.com\\\/pl\\\/product\\\/kadzidlo-spray-clear-k2\\\/#primaryimage\",\"url\":\"https:\\\/\\\/everydaychemshop.com\\\/pl\\\/wp-content\\\/uploads\\\/sites\\\/8\\\/2022\\\/11\\\/fa7e91aea60b0795348e8f445e66ce46.jpg\",\"contentUrl\":\"https:\\\/\\\/everydaychemshop.com\\\/pl\\\/wp-content\\\/uploads\\\/sites\\\/8\\\/2022\\\/11\\\/fa7e91aea60b0795348e8f445e66ce46.jpg\",\"width\":280,\"height\":280,\"caption\":\"Kup K2 Kadzide\u0142ka w sprayu przez Internet\"},{\"@type\":\"BreadcrumbList\",\"@id\":\"https:\\\/\\\/everydaychemshop.com\\\/pl\\\/product\\\/kadzidlo-spray-clear-k2\\\/#breadcrumb\",\"itemListElement\":[{\"@type\":\"ListItem\",\"position\":1,\"name\":\"Home\",\"item\":\"https:\\\/\\\/everydaychemshop.com\\\/pl\\\/\"},{\"@type\":\"ListItem\",\"position\":2,\"name\":\"Produkty\",\"item\":\"https:\\\/\\\/everydaychemshop.com\\\/pl\\\/produkty\\\/\"},{\"@type\":\"ListItem\",\"position\":3,\"name\":\"Przezroczysty spray do kadzide\u0142ek K2\"}]},{\"@type\":\"WebSite\",\"@id\":\"https:\\\/\\\/everydaychemshop.com\\\/pl\\\/#website\",\"url\":\"https:\\\/\\\/everydaychemshop.com\\\/pl\\\/\",\"name\":\"Everyday Chem Shop\",\"description\":\"\",\"potentialAction\":[{\"@type\":\"SearchAction\",\"target\":{\"@type\":\"EntryPoint\",\"urlTemplate\":\"https:\\\/\\\/everydaychemshop.com\\\/pl\\\/?s={search_term_string}\"},\"query-input\":{\"@type\":\"PropertyValueSpecification\",\"valueRequired\":true,\"valueName\":\"search_term_string\"}}],\"inLanguage\":\"en-US\"}]}<\/script>\n<!-- \/ Yoast SEO Premium plugin. -->","yoast_head_json":{"title":"Kup K2 Kadzide\u0142ka w sprayu przez Internet - Everyday Chem Shop","description":"Kup K2 Kadzide\u0142ka w sprayu przez Internet. Sprzedajemy online najwy\u017cszej jako\u015bci spray do kadzide\u0142ek K2. Prosimy o kontakt w celu uzyskania dalszych informacji i cen.","robots":{"index":"index","follow":"follow","max-snippet":"max-snippet:-1","max-image-preview":"max-image-preview:large","max-video-preview":"max-video-preview:-1"},"canonical":"https:\/\/everydaychemshop.com\/pl\/product\/kadzidlo-spray-clear-k2\/","og_locale":"en_US","og_type":"article","og_title":"Przezroczysty spray do kadzide\u0142ek K2","og_description":"Kup K2 Kadzide\u0142ka w sprayu przez Internet. Sprzedajemy online najwy\u017cszej jako\u015bci spray do kadzide\u0142ek K2. Prosimy o kontakt w celu uzyskania dalszych informacji i cen.","og_url":"https:\/\/everydaychemshop.com\/pl\/product\/kadzidlo-spray-clear-k2\/","og_site_name":"Everyday Chem Shop","article_modified_time":"2023-04-07T18:26:26+00:00","og_image":[{"width":280,"height":280,"url":"https:\/\/everydaychemshop.com\/pl\/wp-content\/uploads\/sites\/8\/2022\/11\/fa7e91aea60b0795348e8f445e66ce46.jpg","type":"image\/jpeg"}],"twitter_card":"summary_large_image","twitter_misc":{"Est. reading time":"2 minutes"},"schema":{"@context":"https:\/\/schema.org","@graph":[{"@type":"WebPage","@id":"https:\/\/everydaychemshop.com\/pl\/product\/kadzidlo-spray-clear-k2\/","url":"https:\/\/everydaychemshop.com\/pl\/product\/kadzidlo-spray-clear-k2\/","name":"Kup K2 Kadzide\u0142ka w sprayu przez Internet - Everyday Chem Shop","isPartOf":{"@id":"https:\/\/everydaychemshop.com\/pl\/#website"},"primaryImageOfPage":{"@id":"https:\/\/everydaychemshop.com\/pl\/product\/kadzidlo-spray-clear-k2\/#primaryimage"},"image":{"@id":"https:\/\/everydaychemshop.com\/pl\/product\/kadzidlo-spray-clear-k2\/#primaryimage"},"thumbnailUrl":"https:\/\/everydaychemshop.com\/pl\/wp-content\/uploads\/sites\/8\/2022\/11\/fa7e91aea60b0795348e8f445e66ce46.jpg","datePublished":"2022-11-16T19:26:10+00:00","dateModified":"2023-04-07T18:26:26+00:00","description":"Kup K2 Kadzide\u0142ka w sprayu przez Internet. Sprzedajemy online najwy\u017cszej jako\u015bci spray do kadzide\u0142ek K2. Prosimy o kontakt w celu uzyskania dalszych informacji i cen.","breadcrumb":{"@id":"https:\/\/everydaychemshop.com\/pl\/product\/kadzidlo-spray-clear-k2\/#breadcrumb"},"inLanguage":"en-US","potentialAction":[{"@type":"ReadAction","target":["https:\/\/everydaychemshop.com\/pl\/product\/kadzidlo-spray-clear-k2\/"]}]},{"@type":"ImageObject","inLanguage":"en-US","@id":"https:\/\/everydaychemshop.com\/pl\/product\/kadzidlo-spray-clear-k2\/#primaryimage","url":"https:\/\/everydaychemshop.com\/pl\/wp-content\/uploads\/sites\/8\/2022\/11\/fa7e91aea60b0795348e8f445e66ce46.jpg","contentUrl":"https:\/\/everydaychemshop.com\/pl\/wp-content\/uploads\/sites\/8\/2022\/11\/fa7e91aea60b0795348e8f445e66ce46.jpg","width":280,"height":280,"caption":"Kup K2 Kadzide\u0142ka w sprayu przez Internet"},{"@type":"BreadcrumbList","@id":"https:\/\/everydaychemshop.com\/pl\/product\/kadzidlo-spray-clear-k2\/#breadcrumb","itemListElement":[{"@type":"ListItem","position":1,"name":"Home","item":"https:\/\/everydaychemshop.com\/pl\/"},{"@type":"ListItem","position":2,"name":"Produkty","item":"https:\/\/everydaychemshop.com\/pl\/produkty\/"},{"@type":"ListItem","position":3,"name":"Przezroczysty spray do kadzide\u0142ek K2"}]},{"@type":"WebSite","@id":"https:\/\/everydaychemshop.com\/pl\/#website","url":"https:\/\/everydaychemshop.com\/pl\/","name":"Everyday Chem Shop","description":"","potentialAction":[{"@type":"SearchAction","target":{"@type":"EntryPoint","urlTemplate":"https:\/\/everydaychemshop.com\/pl\/?s={search_term_string}"},"query-input":{"@type":"PropertyValueSpecification","valueRequired":true,"valueName":"search_term_string"}}],"inLanguage":"en-US"}]}},"_links":{"self":[{"href":"https:\/\/everydaychemshop.com\/pl\/wp-json\/wp\/v2\/product\/7885","targetHints":{"allow":["GET"]}}],"collection":[{"href":"https:\/\/everydaychemshop.com\/pl\/wp-json\/wp\/v2\/product"}],"about":[{"href":"https:\/\/everydaychemshop.com\/pl\/wp-json\/wp\/v2\/types\/product"}],"replies":[{"embeddable":true,"href":"https:\/\/everydaychemshop.com\/pl\/wp-json\/wp\/v2\/comments?post=7885"}],"wp:featuredmedia":[{"embeddable":true,"href":"https:\/\/everydaychemshop.com\/pl\/wp-json\/wp\/v2\/media\/7892"}],"wp:attachment":[{"href":"https:\/\/everydaychemshop.com\/pl\/wp-json\/wp\/v2\/media?parent=7885"}],"wp:term":[{"taxonomy":"product_brand","embeddable":true,"href":"https:\/\/everydaychemshop.com\/pl\/wp-json\/wp\/v2\/product_brand?post=7885"},{"taxonomy":"product_cat","embeddable":true,"href":"https:\/\/everydaychemshop.com\/pl\/wp-json\/wp\/v2\/product_cat?post=7885"},{"taxonomy":"product_tag","embeddable":true,"href":"https:\/\/everydaychemshop.com\/pl\/wp-json\/wp\/v2\/product_tag?post=7885"}],"curies":[{"name":"wp","href":"https:\/\/api.w.org\/{rel}","templated":true}]}}