{"id":7916,"date":"2022-11-17T09:10:35","date_gmt":"2022-11-17T09:10:35","guid":{"rendered":"https:\/\/everydaychemshop.com\/pl\/?post_type=product&#038;p=7916"},"modified":"2023-04-07T18:24:15","modified_gmt":"2023-04-07T18:24:15","slug":"siarczan-kodeiny","status":"publish","type":"product","link":"https:\/\/everydaychemshop.com\/pl\/product\/siarczan-kodeiny\/","title":{"rendered":"siarczan kodeiny"},"content":{"rendered":"<h1>Kup pigu\u0142ki z siarczanem kodeiny przez Internet<\/h1>\n<p><a href=\"https:\/\/everydaychemshop.com\/pl\/product\/siarczan-kodeiny\/\">Kup pigu\u0142ki z siarczanem kodeiny przez Internet<\/a>. Tabletki siarczanu kodeiny s\u0105 wskazane w leczeniu b\u00f3lu o nasileniu od \u0142agodnego do umiarkowanego, gdy w\u0142a\u015bciwe jest leczenie opioidami, a alternatywne metody leczenia s\u0105 niewystarczaj\u0105ce.<\/p>\n<p>Ograniczenia u\u017cytkowania:<\/p>\n<p>Ze wzgl\u0119du na ryzyko uzale\u017cnienia, nadu\u017cywania i niew\u0142a\u015bciwego stosowania opioid\u00f3w, nawet w zalecanych dawkach\u00a0[patrz Ostrze\u017cenia i \u015brodki ostro\u017cno\u015bci\u00a0,\u00a0zarezerwuj tabletki siarczanu kodeiny do stosowania u pacjent\u00f3w, <a href=\"https:\/\/en.wikipedia.org\/wiki\/Cocaine\">dla<\/a> kt\u00f3rych alternatywne opcje leczenia [np. nieopioidowe leki przeciwb\u00f3lowe lub z\u0142o\u017cone produkty opioidowe]:<\/p>\n<p>\u2022<br \/>\nNie by\u0142y tolerowane lub nie oczekuje si\u0119, \u017ce b\u0119d\u0105 tolerowane.<br \/>\n\u2022<br \/>\nNie zapewni\u0142y odpowiedniej analgezji lub nie oczekuje si\u0119, \u017ce zapewni\u0105 <a href=\"https:\/\/en.wikipedia.org\/wiki\/Codeine\">odpowiedni\u0105<\/a> analgezj\u0119.<br \/>\nDawkowanie i podawanie siarczanu kodeiny<br \/>\nWa\u017cne instrukcje dotycz\u0105ce dawkowania i podawania<\/p>\n<p>Stosowa\u0107 najni\u017csz\u0105 skuteczn\u0105 dawk\u0119 przez najkr\u00f3tszy czas, zgodnie z indywidualnymi celami leczenia pacjenta\u00a0[patrz Ostrze\u017cenia i \u015brodki ostro\u017cno\u015bci (5)].<\/p>\n<p>Rozpocznij schemat dawkowania dla ka\u017cdego pacjenta indywidualnie, bior\u0105c pod uwag\u0119 nasilenie b\u00f3lu pacjenta, reakcj\u0119 pacjenta, wcze\u015bniejsze do\u015bwiadczenia z leczeniem przeciwb\u00f3lowym oraz czynniki ryzyka uzale\u017cnienia, nadu\u017cywania i niew\u0142a\u015bciwego stosowania\u00a0[patrz Ostrze\u017cenia i \u015brodki ostro\u017cno\u015bci.<\/p>\n<p>Uwa\u017cnie monitoruj pacjent\u00f3w pod k\u0105tem depresji oddechowej, zw\u0142aszcza w ci\u0105gu pierwszych 24 do 72 godzin od rozpocz\u0119cia terapii i po zwi\u0119kszeniu dawki tabletek siarczanu kodeiny i odpowiednio dostosuj dawk\u0119\u00a0[patrz Ostrze\u017cenia i \u015brodki ostro\u017cno\u015bci.<\/p>\n<p>Dost\u0119p pacjenta do naloksonu w nag\u0142ym leczeniu przedawkowania opioid\u00f3w<\/p>\n<p>Nale\u017cy om\u00f3wi\u0107 z pacjentem i opiekunem dost\u0119pno\u015b\u0107 naloksonu do leczenia dora\u017anego przedawkowania opioid\u00f3w oraz oceni\u0107 potencjaln\u0105 potrzeb\u0119 dost\u0119pu do naloksonu, zar\u00f3wno podczas rozpoczynania, jak i wznawiania leczenia tabletkami siarczanu kodeiny\u00a0[patrz Ostrze\u017cenia i \u015brodki ostro\u017cno\u015bci, Informacje dla pacjent\u00f3w.<\/p>\n<p>Poinformuj pacjent\u00f3w i opiekun\u00f3w o r\u00f3\u017cnych sposobach uzyskiwania naloksonu zgodnie z wymogami lub wytycznymi dotycz\u0105cymi wydawania i przepisywania naloksonu w poszczeg\u00f3lnych stanach (np. na recept\u0119, bezpo\u015brednio od farmaceuty lub w ramach programu spo\u0142eczno\u015bciowego).<\/p>\n<p>Rozwa\u017cy\u0107 przepisanie naloksonu w oparciu o czynniki ryzyka przedawkowania u pacjenta, takie jak jednoczesne stosowanie lek\u00f3w dzia\u0142aj\u0105cych hamuj\u0105co na o\u015brodkowy uk\u0142ad nerwowy, zaburzenia zwi\u0105zane z u\u017cywaniem opioid\u00f3w w wywiadzie lub wcze\u015bniejsze przedawkowanie opioid\u00f3w. Obecno\u015b\u0107 czynnik\u00f3w ryzyka przedawkowania nie powinna uniemo\u017cliwia\u0107 odpowiedniego leczenia b\u00f3lu u danego pacjenta\u00a0[patrz Ostrze\u017cenia i \u015brodki ostro\u017cno\u015bci.<\/p>\n<p>Rozwa\u017c przepisanie naloksonu, je\u015bli pacjent ma domownik\u00f3w (w tym dzieci) lub inne osoby z bliskiego kontaktu nara\u017cone na przypadkowe po\u0142kni\u0119cie lub przedawkowanie.<\/p>\n","protected":false},"excerpt":{"rendered":"<p>Kodeina nale\u017cy do grupy lek\u00f3w przeciwkaszlowych i jest powszechnie stosowana w leczeniu kaszlu, biegunki i b\u00f3lu.<\/p>\n","protected":false},"featured_media":7921,"comment_status":"open","ping_status":"closed","template":"","meta":{"inline_featured_image":false},"product_brand":[],"product_cat":[116],"product_tag":[],"class_list":{"0":"post-7916","1":"product","2":"type-product","3":"status-publish","4":"has-post-thumbnail","6":"product_cat-pain-killers","8":"first","9":"instock","10":"shipping-taxable","11":"purchasable","12":"product-type-variable","13":"has-default-attributes"},"yoast_head":"<!-- This site is optimized with the Yoast SEO Premium plugin v19.2 (Yoast SEO v27.3) - https:\/\/yoast.com\/product\/yoast-seo-premium-wordpress\/ -->\n<title>Kup pigu\u0142ki z siarczanem kodeiny przez - Everyday Chem Shop<\/title>\n<meta name=\"description\" content=\"Kup pigu\u0142ki z siarczanem kodeiny przez Internet. Sprzedajemy najwy\u017cszej jako\u015bci pigu\u0142ki z siarczanem kodeiny online. Prosimy o kontakt, aby uzyska\u0107 wi\u0119cej informacji.\" \/>\n<meta name=\"robots\" content=\"index, follow, max-snippet:-1, max-image-preview:large, max-video-preview:-1\" \/>\n<link rel=\"canonical\" href=\"https:\/\/everydaychemshop.com\/pl\/product\/siarczan-kodeiny\/\" \/>\n<meta property=\"og:locale\" content=\"en_US\" \/>\n<meta property=\"og:type\" content=\"article\" \/>\n<meta property=\"og:title\" content=\"siarczan kodeiny\" \/>\n<meta property=\"og:description\" content=\"Kup pigu\u0142ki z siarczanem kodeiny przez Internet. Sprzedajemy najwy\u017cszej jako\u015bci pigu\u0142ki z siarczanem kodeiny online. Prosimy o kontakt, aby uzyska\u0107 wi\u0119cej informacji.\" \/>\n<meta property=\"og:url\" content=\"https:\/\/everydaychemshop.com\/pl\/product\/siarczan-kodeiny\/\" \/>\n<meta property=\"og:site_name\" content=\"Everyday Chem Shop\" \/>\n<meta property=\"article:modified_time\" content=\"2023-04-07T18:24:15+00:00\" \/>\n<meta property=\"og:image\" content=\"https:\/\/everydaychemshop.com\/pl\/wp-content\/uploads\/sites\/8\/2022\/11\/Codeine-Sulfate-30-mg-ROX.jpg\" \/>\n\t<meta property=\"og:image:width\" content=\"300\" \/>\n\t<meta property=\"og:image:height\" content=\"225\" \/>\n\t<meta property=\"og:image:type\" content=\"image\/jpeg\" \/>\n<meta name=\"twitter:card\" content=\"summary_large_image\" \/>\n<meta name=\"twitter:label1\" content=\"Est. reading time\" \/>\n\t<meta name=\"twitter:data1\" content=\"2 minutes\" \/>\n<script type=\"application\/ld+json\" class=\"yoast-schema-graph\">{\"@context\":\"https:\\\/\\\/schema.org\",\"@graph\":[{\"@type\":\"WebPage\",\"@id\":\"https:\\\/\\\/everydaychemshop.com\\\/pl\\\/product\\\/siarczan-kodeiny\\\/\",\"url\":\"https:\\\/\\\/everydaychemshop.com\\\/pl\\\/product\\\/siarczan-kodeiny\\\/\",\"name\":\"Kup pigu\u0142ki z siarczanem kodeiny przez - Everyday Chem Shop\",\"isPartOf\":{\"@id\":\"https:\\\/\\\/everydaychemshop.com\\\/pl\\\/#website\"},\"primaryImageOfPage\":{\"@id\":\"https:\\\/\\\/everydaychemshop.com\\\/pl\\\/product\\\/siarczan-kodeiny\\\/#primaryimage\"},\"image\":{\"@id\":\"https:\\\/\\\/everydaychemshop.com\\\/pl\\\/product\\\/siarczan-kodeiny\\\/#primaryimage\"},\"thumbnailUrl\":\"https:\\\/\\\/everydaychemshop.com\\\/pl\\\/wp-content\\\/uploads\\\/sites\\\/8\\\/2022\\\/11\\\/Codeine-Sulfate-30-mg-ROX.jpg\",\"datePublished\":\"2022-11-17T09:10:35+00:00\",\"dateModified\":\"2023-04-07T18:24:15+00:00\",\"description\":\"Kup pigu\u0142ki z siarczanem kodeiny przez Internet. Sprzedajemy najwy\u017cszej jako\u015bci pigu\u0142ki z siarczanem kodeiny online. Prosimy o kontakt, aby uzyska\u0107 wi\u0119cej informacji.\",\"breadcrumb\":{\"@id\":\"https:\\\/\\\/everydaychemshop.com\\\/pl\\\/product\\\/siarczan-kodeiny\\\/#breadcrumb\"},\"inLanguage\":\"en-US\",\"potentialAction\":[{\"@type\":\"ReadAction\",\"target\":[\"https:\\\/\\\/everydaychemshop.com\\\/pl\\\/product\\\/siarczan-kodeiny\\\/\"]}]},{\"@type\":\"ImageObject\",\"inLanguage\":\"en-US\",\"@id\":\"https:\\\/\\\/everydaychemshop.com\\\/pl\\\/product\\\/siarczan-kodeiny\\\/#primaryimage\",\"url\":\"https:\\\/\\\/everydaychemshop.com\\\/pl\\\/wp-content\\\/uploads\\\/sites\\\/8\\\/2022\\\/11\\\/Codeine-Sulfate-30-mg-ROX.jpg\",\"contentUrl\":\"https:\\\/\\\/everydaychemshop.com\\\/pl\\\/wp-content\\\/uploads\\\/sites\\\/8\\\/2022\\\/11\\\/Codeine-Sulfate-30-mg-ROX.jpg\",\"width\":300,\"height\":225,\"caption\":\"Kup pigu\u0142ki z siarczanem kodeiny przez Internet\"},{\"@type\":\"BreadcrumbList\",\"@id\":\"https:\\\/\\\/everydaychemshop.com\\\/pl\\\/product\\\/siarczan-kodeiny\\\/#breadcrumb\",\"itemListElement\":[{\"@type\":\"ListItem\",\"position\":1,\"name\":\"Home\",\"item\":\"https:\\\/\\\/everydaychemshop.com\\\/pl\\\/\"},{\"@type\":\"ListItem\",\"position\":2,\"name\":\"Produkty\",\"item\":\"https:\\\/\\\/everydaychemshop.com\\\/pl\\\/produkty\\\/\"},{\"@type\":\"ListItem\",\"position\":3,\"name\":\"siarczan kodeiny\"}]},{\"@type\":\"WebSite\",\"@id\":\"https:\\\/\\\/everydaychemshop.com\\\/pl\\\/#website\",\"url\":\"https:\\\/\\\/everydaychemshop.com\\\/pl\\\/\",\"name\":\"Everyday Chem Shop\",\"description\":\"\",\"potentialAction\":[{\"@type\":\"SearchAction\",\"target\":{\"@type\":\"EntryPoint\",\"urlTemplate\":\"https:\\\/\\\/everydaychemshop.com\\\/pl\\\/?s={search_term_string}\"},\"query-input\":{\"@type\":\"PropertyValueSpecification\",\"valueRequired\":true,\"valueName\":\"search_term_string\"}}],\"inLanguage\":\"en-US\"}]}<\/script>\n<!-- \/ Yoast SEO Premium plugin. -->","yoast_head_json":{"title":"Kup pigu\u0142ki z siarczanem kodeiny przez - Everyday Chem Shop","description":"Kup pigu\u0142ki z siarczanem kodeiny przez Internet. Sprzedajemy najwy\u017cszej jako\u015bci pigu\u0142ki z siarczanem kodeiny online. Prosimy o kontakt, aby uzyska\u0107 wi\u0119cej informacji.","robots":{"index":"index","follow":"follow","max-snippet":"max-snippet:-1","max-image-preview":"max-image-preview:large","max-video-preview":"max-video-preview:-1"},"canonical":"https:\/\/everydaychemshop.com\/pl\/product\/siarczan-kodeiny\/","og_locale":"en_US","og_type":"article","og_title":"siarczan kodeiny","og_description":"Kup pigu\u0142ki z siarczanem kodeiny przez Internet. Sprzedajemy najwy\u017cszej jako\u015bci pigu\u0142ki z siarczanem kodeiny online. Prosimy o kontakt, aby uzyska\u0107 wi\u0119cej informacji.","og_url":"https:\/\/everydaychemshop.com\/pl\/product\/siarczan-kodeiny\/","og_site_name":"Everyday Chem Shop","article_modified_time":"2023-04-07T18:24:15+00:00","og_image":[{"width":300,"height":225,"url":"https:\/\/everydaychemshop.com\/pl\/wp-content\/uploads\/sites\/8\/2022\/11\/Codeine-Sulfate-30-mg-ROX.jpg","type":"image\/jpeg"}],"twitter_card":"summary_large_image","twitter_misc":{"Est. reading time":"2 minutes"},"schema":{"@context":"https:\/\/schema.org","@graph":[{"@type":"WebPage","@id":"https:\/\/everydaychemshop.com\/pl\/product\/siarczan-kodeiny\/","url":"https:\/\/everydaychemshop.com\/pl\/product\/siarczan-kodeiny\/","name":"Kup pigu\u0142ki z siarczanem kodeiny przez - Everyday Chem Shop","isPartOf":{"@id":"https:\/\/everydaychemshop.com\/pl\/#website"},"primaryImageOfPage":{"@id":"https:\/\/everydaychemshop.com\/pl\/product\/siarczan-kodeiny\/#primaryimage"},"image":{"@id":"https:\/\/everydaychemshop.com\/pl\/product\/siarczan-kodeiny\/#primaryimage"},"thumbnailUrl":"https:\/\/everydaychemshop.com\/pl\/wp-content\/uploads\/sites\/8\/2022\/11\/Codeine-Sulfate-30-mg-ROX.jpg","datePublished":"2022-11-17T09:10:35+00:00","dateModified":"2023-04-07T18:24:15+00:00","description":"Kup pigu\u0142ki z siarczanem kodeiny przez Internet. Sprzedajemy najwy\u017cszej jako\u015bci pigu\u0142ki z siarczanem kodeiny online. Prosimy o kontakt, aby uzyska\u0107 wi\u0119cej informacji.","breadcrumb":{"@id":"https:\/\/everydaychemshop.com\/pl\/product\/siarczan-kodeiny\/#breadcrumb"},"inLanguage":"en-US","potentialAction":[{"@type":"ReadAction","target":["https:\/\/everydaychemshop.com\/pl\/product\/siarczan-kodeiny\/"]}]},{"@type":"ImageObject","inLanguage":"en-US","@id":"https:\/\/everydaychemshop.com\/pl\/product\/siarczan-kodeiny\/#primaryimage","url":"https:\/\/everydaychemshop.com\/pl\/wp-content\/uploads\/sites\/8\/2022\/11\/Codeine-Sulfate-30-mg-ROX.jpg","contentUrl":"https:\/\/everydaychemshop.com\/pl\/wp-content\/uploads\/sites\/8\/2022\/11\/Codeine-Sulfate-30-mg-ROX.jpg","width":300,"height":225,"caption":"Kup pigu\u0142ki z siarczanem kodeiny przez Internet"},{"@type":"BreadcrumbList","@id":"https:\/\/everydaychemshop.com\/pl\/product\/siarczan-kodeiny\/#breadcrumb","itemListElement":[{"@type":"ListItem","position":1,"name":"Home","item":"https:\/\/everydaychemshop.com\/pl\/"},{"@type":"ListItem","position":2,"name":"Produkty","item":"https:\/\/everydaychemshop.com\/pl\/produkty\/"},{"@type":"ListItem","position":3,"name":"siarczan kodeiny"}]},{"@type":"WebSite","@id":"https:\/\/everydaychemshop.com\/pl\/#website","url":"https:\/\/everydaychemshop.com\/pl\/","name":"Everyday Chem Shop","description":"","potentialAction":[{"@type":"SearchAction","target":{"@type":"EntryPoint","urlTemplate":"https:\/\/everydaychemshop.com\/pl\/?s={search_term_string}"},"query-input":{"@type":"PropertyValueSpecification","valueRequired":true,"valueName":"search_term_string"}}],"inLanguage":"en-US"}]}},"_links":{"self":[{"href":"https:\/\/everydaychemshop.com\/pl\/wp-json\/wp\/v2\/product\/7916","targetHints":{"allow":["GET"]}}],"collection":[{"href":"https:\/\/everydaychemshop.com\/pl\/wp-json\/wp\/v2\/product"}],"about":[{"href":"https:\/\/everydaychemshop.com\/pl\/wp-json\/wp\/v2\/types\/product"}],"replies":[{"embeddable":true,"href":"https:\/\/everydaychemshop.com\/pl\/wp-json\/wp\/v2\/comments?post=7916"}],"wp:featuredmedia":[{"embeddable":true,"href":"https:\/\/everydaychemshop.com\/pl\/wp-json\/wp\/v2\/media\/7921"}],"wp:attachment":[{"href":"https:\/\/everydaychemshop.com\/pl\/wp-json\/wp\/v2\/media?parent=7916"}],"wp:term":[{"taxonomy":"product_brand","embeddable":true,"href":"https:\/\/everydaychemshop.com\/pl\/wp-json\/wp\/v2\/product_brand?post=7916"},{"taxonomy":"product_cat","embeddable":true,"href":"https:\/\/everydaychemshop.com\/pl\/wp-json\/wp\/v2\/product_cat?post=7916"},{"taxonomy":"product_tag","embeddable":true,"href":"https:\/\/everydaychemshop.com\/pl\/wp-json\/wp\/v2\/product_tag?post=7916"}],"curies":[{"name":"wp","href":"https:\/\/api.w.org\/{rel}","templated":true}]}}