{"id":7922,"date":"2022-11-17T09:26:52","date_gmt":"2022-11-17T09:26:52","guid":{"rendered":"https:\/\/everydaychemshop.com\/pl\/?post_type=product&#038;p=7922"},"modified":"2023-04-07T18:22:09","modified_gmt":"2023-04-07T18:22:09","slug":"klonopin-klonazepam","status":"publish","type":"product","link":"https:\/\/everydaychemshop.com\/pl\/product\/klonopin-klonazepam\/","title":{"rendered":"Klonopin Clonazepam"},"content":{"rendered":"<h1>Kup pigu\u0142ki Klonopin online<\/h1>\n<p><a href=\"https:\/\/everydaychemshop.com\/pl\/product\/klonopin-klonazepam\/\">Kup pigu\u0142ki Klonopin online<\/a>. Klonopin jest benzodiazepin\u0105 (ben-zoe-dye-AZE-eh-peen). Uwa\u017ca si\u0119, \u017ce benzodiazepiny dzia\u0142aj\u0105 poprzez zwi\u0119kszenie aktywno\u015bci niekt\u00f3rych neuroprzeka\u017anik\u00f3w w m\u00f3zgu.<\/p>\n<p>Klonopin jest stosowany w leczeniu niekt\u00f3rych zaburze\u0144 napadowych (w tym napad\u00f3w nie\u015bwiadomo\u015bci lub zespo\u0142u Lennoxa-Gastauta) u doros\u0142ych i dzieci.<\/p>\n<p>Klonopin jest r\u00f3wnie\u017c stosowany w leczeniu l\u0119ku napadowego (w tym agorafobii) u <a href=\"https:\/\/en.wikipedia.org\/wiki\/Clonazepam\">doros\u0142ych<\/a>.<\/p>\n<p>Ostrze\u017cenia<br \/>\nKlonopin mo\u017ce spowolni\u0107 lub zatrzyma\u0107 oddech, zw\u0142aszcza je\u015bli ostatnio stosowa\u0142e\u015b leki opioidowe, alkohol lub inne leki, kt\u00f3re mog\u0105 spowolni\u0107 oddychanie.<\/p>\n<p>NIEPRAWID\u0141OWE STOSOWANIE KLONAZEPAMU MO\u017bE SPOWODOWA\u0106 UZALE\u017bNIENIE, PRZEDAWKOWANIE LUB \u015aMIER\u0106. Przechowuj lek w miejscu, do kt\u00f3rego inni nie maj\u0105 dost\u0119pu. Nigdy nie udost\u0119pniaj Klonopin innej osobie. Sprzeda\u017c lub oddawanie tego leku jest niezgodne z prawem.<\/p>\n<p>Niekt\u00f3re osoby podczas przyjmowania leku Klonopin maj\u0105 my\u015bli samob\u00f3jcze. Nale\u017cy natychmiast powiedzie\u0107 lekarzowi, je\u015bli wyst\u0105pi\u0105 jakiekolwiek nag\u0142e zmiany nastroju lub zachowania albo my\u015bli samob\u00f3jcze.<\/p>\n<p>Natychmiast uzyskaj pomoc lekarsk\u0105, je\u015bli przestaniesz stosowa\u0107 Klonopin i wyst\u0105pi\u0105 objawy, takie jak: nietypowe ruchy mi\u0119\u015bni, zwi\u0119kszona aktywno\u015b\u0107 lub gadatliwo\u015b\u0107, nag\u0142e i powa\u017cne zmiany nastroju lub zachowania, spl\u0105tanie, omamy, drgawki lub my\u015bli samob\u00f3jcze.<\/p>\n<p>Nie nale\u017cy przerywa\u0107 stosowania leku Klonopin bez konsultacji z lekarzem. W przypadku nag\u0142ego przerwania stosowania leku po d\u0142ugotrwa\u0142ym stosowaniu mog\u0105 wyst\u0105pi\u0107 zagra\u017caj\u0105ce \u017cyciu objawy odstawienne. Niekt\u00f3re objawy odstawienia mog\u0105 utrzymywa\u0107 si\u0119 do 12 miesi\u0119cy lub d\u0142u\u017cej.<\/p>\n","protected":false},"excerpt":{"rendered":"<p>Klonopin (klonazepam) nale\u017cy do grupy benzodiazepinowych lek\u00f3w przeciwdrgawkowych i jest powszechnie stosowany w leczeniu padaczki, zespo\u0142u l\u0119ku napadowego i zapobiegania napadom padaczkowym.<\/p>\n","protected":false},"featured_media":7928,"comment_status":"open","ping_status":"closed","template":"","meta":{"inline_featured_image":false},"product_brand":[],"product_cat":[116],"product_tag":[],"class_list":{"0":"post-7922","1":"product","2":"type-product","3":"status-publish","4":"has-post-thumbnail","6":"product_cat-pain-killers","8":"first","9":"instock","10":"shipping-taxable","11":"purchasable","12":"product-type-variable","13":"has-default-attributes"},"yoast_head":"<!-- This site is optimized with the Yoast SEO Premium plugin v19.2 (Yoast SEO v27.3) - https:\/\/yoast.com\/product\/yoast-seo-premium-wordpress\/ -->\n<title>Kup pigu\u0142ki Klonopin online - Everyday Chem Shop<\/title>\n<meta name=\"description\" content=\"Kup pigu\u0142ki Klonopin online. Sprzedajemy najwy\u017cszej jako\u015bci pigu\u0142ki Klonopin\u00a0 online. Uprzejmie prosimy o kontakt w celu uzyskania dalszych informacji i cen.\" \/>\n<meta name=\"robots\" content=\"index, follow, max-snippet:-1, max-image-preview:large, max-video-preview:-1\" \/>\n<link rel=\"canonical\" href=\"https:\/\/everydaychemshop.com\/pl\/product\/klonopin-klonazepam\/\" \/>\n<meta property=\"og:locale\" content=\"en_US\" \/>\n<meta property=\"og:type\" content=\"article\" \/>\n<meta property=\"og:title\" content=\"Klonopin Clonazepam\" \/>\n<meta property=\"og:description\" content=\"Kup pigu\u0142ki Klonopin online. Sprzedajemy najwy\u017cszej jako\u015bci pigu\u0142ki Klonopin\u00a0 online. Uprzejmie prosimy o kontakt w celu uzyskania dalszych informacji i cen.\" \/>\n<meta property=\"og:url\" content=\"https:\/\/everydaychemshop.com\/pl\/product\/klonopin-klonazepam\/\" \/>\n<meta property=\"og:site_name\" content=\"Everyday Chem Shop\" \/>\n<meta property=\"article:modified_time\" content=\"2023-04-07T18:22:09+00:00\" \/>\n<meta property=\"og:image\" content=\"https:\/\/everydaychemshop.com\/pl\/wp-content\/uploads\/sites\/8\/2022\/11\/Klonopin-1-mg.jpg\" \/>\n\t<meta property=\"og:image:width\" content=\"300\" \/>\n\t<meta property=\"og:image:height\" content=\"225\" \/>\n\t<meta property=\"og:image:type\" content=\"image\/jpeg\" \/>\n<meta name=\"twitter:card\" content=\"summary_large_image\" \/>\n<meta name=\"twitter:label1\" content=\"Est. reading time\" \/>\n\t<meta name=\"twitter:data1\" content=\"1 minute\" \/>\n<script type=\"application\/ld+json\" class=\"yoast-schema-graph\">{\"@context\":\"https:\\\/\\\/schema.org\",\"@graph\":[{\"@type\":\"WebPage\",\"@id\":\"https:\\\/\\\/everydaychemshop.com\\\/pl\\\/product\\\/klonopin-klonazepam\\\/\",\"url\":\"https:\\\/\\\/everydaychemshop.com\\\/pl\\\/product\\\/klonopin-klonazepam\\\/\",\"name\":\"Kup pigu\u0142ki Klonopin online - Everyday Chem Shop\",\"isPartOf\":{\"@id\":\"https:\\\/\\\/everydaychemshop.com\\\/pl\\\/#website\"},\"primaryImageOfPage\":{\"@id\":\"https:\\\/\\\/everydaychemshop.com\\\/pl\\\/product\\\/klonopin-klonazepam\\\/#primaryimage\"},\"image\":{\"@id\":\"https:\\\/\\\/everydaychemshop.com\\\/pl\\\/product\\\/klonopin-klonazepam\\\/#primaryimage\"},\"thumbnailUrl\":\"https:\\\/\\\/everydaychemshop.com\\\/pl\\\/wp-content\\\/uploads\\\/sites\\\/8\\\/2022\\\/11\\\/Klonopin-1-mg.jpg\",\"datePublished\":\"2022-11-17T09:26:52+00:00\",\"dateModified\":\"2023-04-07T18:22:09+00:00\",\"description\":\"Kup pigu\u0142ki Klonopin online. Sprzedajemy najwy\u017cszej jako\u015bci pigu\u0142ki Klonopin\u00a0 online. Uprzejmie prosimy o kontakt w celu uzyskania dalszych informacji i cen.\",\"breadcrumb\":{\"@id\":\"https:\\\/\\\/everydaychemshop.com\\\/pl\\\/product\\\/klonopin-klonazepam\\\/#breadcrumb\"},\"inLanguage\":\"en-US\",\"potentialAction\":[{\"@type\":\"ReadAction\",\"target\":[\"https:\\\/\\\/everydaychemshop.com\\\/pl\\\/product\\\/klonopin-klonazepam\\\/\"]}]},{\"@type\":\"ImageObject\",\"inLanguage\":\"en-US\",\"@id\":\"https:\\\/\\\/everydaychemshop.com\\\/pl\\\/product\\\/klonopin-klonazepam\\\/#primaryimage\",\"url\":\"https:\\\/\\\/everydaychemshop.com\\\/pl\\\/wp-content\\\/uploads\\\/sites\\\/8\\\/2022\\\/11\\\/Klonopin-1-mg.jpg\",\"contentUrl\":\"https:\\\/\\\/everydaychemshop.com\\\/pl\\\/wp-content\\\/uploads\\\/sites\\\/8\\\/2022\\\/11\\\/Klonopin-1-mg.jpg\",\"width\":300,\"height\":225,\"caption\":\"Kup pigu\u0142ki Klonopin online\"},{\"@type\":\"BreadcrumbList\",\"@id\":\"https:\\\/\\\/everydaychemshop.com\\\/pl\\\/product\\\/klonopin-klonazepam\\\/#breadcrumb\",\"itemListElement\":[{\"@type\":\"ListItem\",\"position\":1,\"name\":\"Home\",\"item\":\"https:\\\/\\\/everydaychemshop.com\\\/pl\\\/\"},{\"@type\":\"ListItem\",\"position\":2,\"name\":\"Produkty\",\"item\":\"https:\\\/\\\/everydaychemshop.com\\\/pl\\\/produkty\\\/\"},{\"@type\":\"ListItem\",\"position\":3,\"name\":\"Klonopin Clonazepam\"}]},{\"@type\":\"WebSite\",\"@id\":\"https:\\\/\\\/everydaychemshop.com\\\/pl\\\/#website\",\"url\":\"https:\\\/\\\/everydaychemshop.com\\\/pl\\\/\",\"name\":\"Everyday Chem Shop\",\"description\":\"\",\"potentialAction\":[{\"@type\":\"SearchAction\",\"target\":{\"@type\":\"EntryPoint\",\"urlTemplate\":\"https:\\\/\\\/everydaychemshop.com\\\/pl\\\/?s={search_term_string}\"},\"query-input\":{\"@type\":\"PropertyValueSpecification\",\"valueRequired\":true,\"valueName\":\"search_term_string\"}}],\"inLanguage\":\"en-US\"}]}<\/script>\n<!-- \/ Yoast SEO Premium plugin. -->","yoast_head_json":{"title":"Kup pigu\u0142ki Klonopin online - Everyday Chem Shop","description":"Kup pigu\u0142ki Klonopin online. Sprzedajemy najwy\u017cszej jako\u015bci pigu\u0142ki Klonopin\u00a0 online. Uprzejmie prosimy o kontakt w celu uzyskania dalszych informacji i cen.","robots":{"index":"index","follow":"follow","max-snippet":"max-snippet:-1","max-image-preview":"max-image-preview:large","max-video-preview":"max-video-preview:-1"},"canonical":"https:\/\/everydaychemshop.com\/pl\/product\/klonopin-klonazepam\/","og_locale":"en_US","og_type":"article","og_title":"Klonopin Clonazepam","og_description":"Kup pigu\u0142ki Klonopin online. Sprzedajemy najwy\u017cszej jako\u015bci pigu\u0142ki Klonopin\u00a0 online. Uprzejmie prosimy o kontakt w celu uzyskania dalszych informacji i cen.","og_url":"https:\/\/everydaychemshop.com\/pl\/product\/klonopin-klonazepam\/","og_site_name":"Everyday Chem Shop","article_modified_time":"2023-04-07T18:22:09+00:00","og_image":[{"width":300,"height":225,"url":"https:\/\/everydaychemshop.com\/pl\/wp-content\/uploads\/sites\/8\/2022\/11\/Klonopin-1-mg.jpg","type":"image\/jpeg"}],"twitter_card":"summary_large_image","twitter_misc":{"Est. reading time":"1 minute"},"schema":{"@context":"https:\/\/schema.org","@graph":[{"@type":"WebPage","@id":"https:\/\/everydaychemshop.com\/pl\/product\/klonopin-klonazepam\/","url":"https:\/\/everydaychemshop.com\/pl\/product\/klonopin-klonazepam\/","name":"Kup pigu\u0142ki Klonopin online - Everyday Chem Shop","isPartOf":{"@id":"https:\/\/everydaychemshop.com\/pl\/#website"},"primaryImageOfPage":{"@id":"https:\/\/everydaychemshop.com\/pl\/product\/klonopin-klonazepam\/#primaryimage"},"image":{"@id":"https:\/\/everydaychemshop.com\/pl\/product\/klonopin-klonazepam\/#primaryimage"},"thumbnailUrl":"https:\/\/everydaychemshop.com\/pl\/wp-content\/uploads\/sites\/8\/2022\/11\/Klonopin-1-mg.jpg","datePublished":"2022-11-17T09:26:52+00:00","dateModified":"2023-04-07T18:22:09+00:00","description":"Kup pigu\u0142ki Klonopin online. Sprzedajemy najwy\u017cszej jako\u015bci pigu\u0142ki Klonopin\u00a0 online. Uprzejmie prosimy o kontakt w celu uzyskania dalszych informacji i cen.","breadcrumb":{"@id":"https:\/\/everydaychemshop.com\/pl\/product\/klonopin-klonazepam\/#breadcrumb"},"inLanguage":"en-US","potentialAction":[{"@type":"ReadAction","target":["https:\/\/everydaychemshop.com\/pl\/product\/klonopin-klonazepam\/"]}]},{"@type":"ImageObject","inLanguage":"en-US","@id":"https:\/\/everydaychemshop.com\/pl\/product\/klonopin-klonazepam\/#primaryimage","url":"https:\/\/everydaychemshop.com\/pl\/wp-content\/uploads\/sites\/8\/2022\/11\/Klonopin-1-mg.jpg","contentUrl":"https:\/\/everydaychemshop.com\/pl\/wp-content\/uploads\/sites\/8\/2022\/11\/Klonopin-1-mg.jpg","width":300,"height":225,"caption":"Kup pigu\u0142ki Klonopin online"},{"@type":"BreadcrumbList","@id":"https:\/\/everydaychemshop.com\/pl\/product\/klonopin-klonazepam\/#breadcrumb","itemListElement":[{"@type":"ListItem","position":1,"name":"Home","item":"https:\/\/everydaychemshop.com\/pl\/"},{"@type":"ListItem","position":2,"name":"Produkty","item":"https:\/\/everydaychemshop.com\/pl\/produkty\/"},{"@type":"ListItem","position":3,"name":"Klonopin Clonazepam"}]},{"@type":"WebSite","@id":"https:\/\/everydaychemshop.com\/pl\/#website","url":"https:\/\/everydaychemshop.com\/pl\/","name":"Everyday Chem Shop","description":"","potentialAction":[{"@type":"SearchAction","target":{"@type":"EntryPoint","urlTemplate":"https:\/\/everydaychemshop.com\/pl\/?s={search_term_string}"},"query-input":{"@type":"PropertyValueSpecification","valueRequired":true,"valueName":"search_term_string"}}],"inLanguage":"en-US"}]}},"_links":{"self":[{"href":"https:\/\/everydaychemshop.com\/pl\/wp-json\/wp\/v2\/product\/7922","targetHints":{"allow":["GET"]}}],"collection":[{"href":"https:\/\/everydaychemshop.com\/pl\/wp-json\/wp\/v2\/product"}],"about":[{"href":"https:\/\/everydaychemshop.com\/pl\/wp-json\/wp\/v2\/types\/product"}],"replies":[{"embeddable":true,"href":"https:\/\/everydaychemshop.com\/pl\/wp-json\/wp\/v2\/comments?post=7922"}],"wp:featuredmedia":[{"embeddable":true,"href":"https:\/\/everydaychemshop.com\/pl\/wp-json\/wp\/v2\/media\/7928"}],"wp:attachment":[{"href":"https:\/\/everydaychemshop.com\/pl\/wp-json\/wp\/v2\/media?parent=7922"}],"wp:term":[{"taxonomy":"product_brand","embeddable":true,"href":"https:\/\/everydaychemshop.com\/pl\/wp-json\/wp\/v2\/product_brand?post=7922"},{"taxonomy":"product_cat","embeddable":true,"href":"https:\/\/everydaychemshop.com\/pl\/wp-json\/wp\/v2\/product_cat?post=7922"},{"taxonomy":"product_tag","embeddable":true,"href":"https:\/\/everydaychemshop.com\/pl\/wp-json\/wp\/v2\/product_tag?post=7922"}],"curies":[{"name":"wp","href":"https:\/\/api.w.org\/{rel}","templated":true}]}}