{"id":7935,"date":"2022-11-17T10:00:02","date_gmt":"2022-11-17T10:00:02","guid":{"rendered":"https:\/\/everydaychemshop.com\/pl\/?post_type=product&#038;p=7935"},"modified":"2023-04-07T18:20:03","modified_gmt":"2023-04-07T18:20:03","slug":"tramadol","status":"publish","type":"product","link":"https:\/\/everydaychemshop.com\/pl\/product\/tramadol\/","title":{"rendered":"Tramadol"},"content":{"rendered":"<h1>Kup tabletki Tramadol online<\/h1>\n<p><a href=\"https:\/\/everydaychemshop.com\/pl\/product\/tramadol\/\">Kup tabletki Tramadol online<\/a>. Tramadol jest silnym lekiem przeciwb\u00f3lowym stosowanym w leczeniu b\u00f3lu o nasileniu umiarkowanym do silnego, kt\u00f3ry nie jest u\u015bmierzany przez inne rodzaje lek\u00f3w przeciwb\u00f3lowych. Tramadol jest syntetycznym opioidem i dzia\u0142a na m\u00f3zg i kr\u0119gos\u0142up (o\u015brodkowy uk\u0142ad nerwowy), zmniejszaj\u0105c <a href=\"https:\/\/en.wikipedia.org\/wiki\/Tramadol\">odczuwany<\/a> b\u00f3l.<\/p>\n<p>Posta\u0107 tramadolu o przed\u0142u\u017conym uwalnianiu jest przeznaczona do ca\u0142odobowego leczenia b\u00f3lu. Ta posta\u0107 tramadolu nie jest przeznaczona do stosowania w razie potrzeby w przypadku b\u00f3lu.<\/p>\n","protected":false},"excerpt":{"rendered":"<p>Tramadol nale\u017cy do grupy lek\u00f3w opioidowych (narkotycznych \u015brodk\u00f3w przeciwb\u00f3lowych) i jest powszechnie stosowany w stanach l\u0119kowych, b\u00f3lu plec\u00f3w, b\u00f3lu przewlek\u0142ym i innych.<\/p>\n","protected":false},"featured_media":7962,"comment_status":"open","ping_status":"closed","template":"","meta":{"inline_featured_image":false},"product_brand":[],"product_cat":[116],"product_tag":[],"class_list":{"0":"post-7935","1":"product","2":"type-product","3":"status-publish","4":"has-post-thumbnail","6":"product_cat-pain-killers","8":"first","9":"instock","10":"shipping-taxable","11":"purchasable","12":"product-type-variable","13":"has-default-attributes"},"yoast_head":"<!-- This site is optimized with the Yoast SEO Premium plugin v19.2 (Yoast SEO v27.3) - https:\/\/yoast.com\/product\/yoast-seo-premium-wordpress\/ -->\n<title>Kup tabletki Tramadol online - Everyday Chem Shop<\/title>\n<meta name=\"description\" content=\"Kup tabletki Tramadol online. Sprzedajemy najwy\u017cszej jako\u015bci pigu\u0142ki Tramadol online. Prosimy o kontakt, aby uzyska\u0107 wi\u0119cej informacji i ceny za zam\u00f3wienie.\" \/>\n<meta name=\"robots\" content=\"index, follow, max-snippet:-1, max-image-preview:large, max-video-preview:-1\" \/>\n<link rel=\"canonical\" href=\"https:\/\/everydaychemshop.com\/pl\/product\/tramadol\/\" \/>\n<meta property=\"og:locale\" content=\"en_US\" \/>\n<meta property=\"og:type\" content=\"article\" \/>\n<meta property=\"og:title\" content=\"Tramadol\" \/>\n<meta property=\"og:description\" content=\"Kup tabletki Tramadol online. Sprzedajemy najwy\u017cszej jako\u015bci pigu\u0142ki Tramadol online. Prosimy o kontakt, aby uzyska\u0107 wi\u0119cej informacji i ceny za zam\u00f3wienie.\" \/>\n<meta property=\"og:url\" content=\"https:\/\/everydaychemshop.com\/pl\/product\/tramadol\/\" \/>\n<meta property=\"og:site_name\" content=\"Everyday Chem Shop\" \/>\n<meta property=\"article:modified_time\" content=\"2023-04-07T18:20:03+00:00\" \/>\n<meta property=\"og:image\" content=\"https:\/\/everydaychemshop.com\/pl\/wp-content\/uploads\/sites\/8\/2022\/11\/CCA03770.jpg\" \/>\n\t<meta property=\"og:image:width\" content=\"288\" \/>\n\t<meta property=\"og:image:height\" content=\"216\" \/>\n\t<meta property=\"og:image:type\" content=\"image\/jpeg\" \/>\n<meta name=\"twitter:card\" content=\"summary_large_image\" \/>\n<meta name=\"twitter:label1\" content=\"Est. reading time\" \/>\n\t<meta name=\"twitter:data1\" content=\"1 minute\" \/>\n<script type=\"application\/ld+json\" class=\"yoast-schema-graph\">{\"@context\":\"https:\\\/\\\/schema.org\",\"@graph\":[{\"@type\":\"WebPage\",\"@id\":\"https:\\\/\\\/everydaychemshop.com\\\/pl\\\/product\\\/tramadol\\\/\",\"url\":\"https:\\\/\\\/everydaychemshop.com\\\/pl\\\/product\\\/tramadol\\\/\",\"name\":\"Kup tabletki Tramadol online - Everyday Chem Shop\",\"isPartOf\":{\"@id\":\"https:\\\/\\\/everydaychemshop.com\\\/pl\\\/#website\"},\"primaryImageOfPage\":{\"@id\":\"https:\\\/\\\/everydaychemshop.com\\\/pl\\\/product\\\/tramadol\\\/#primaryimage\"},\"image\":{\"@id\":\"https:\\\/\\\/everydaychemshop.com\\\/pl\\\/product\\\/tramadol\\\/#primaryimage\"},\"thumbnailUrl\":\"https:\\\/\\\/everydaychemshop.com\\\/pl\\\/wp-content\\\/uploads\\\/sites\\\/8\\\/2022\\\/11\\\/CCA03770.jpg\",\"datePublished\":\"2022-11-17T10:00:02+00:00\",\"dateModified\":\"2023-04-07T18:20:03+00:00\",\"description\":\"Kup tabletki Tramadol online. Sprzedajemy najwy\u017cszej jako\u015bci pigu\u0142ki Tramadol online. Prosimy o kontakt, aby uzyska\u0107 wi\u0119cej informacji i ceny za zam\u00f3wienie.\",\"breadcrumb\":{\"@id\":\"https:\\\/\\\/everydaychemshop.com\\\/pl\\\/product\\\/tramadol\\\/#breadcrumb\"},\"inLanguage\":\"en-US\",\"potentialAction\":[{\"@type\":\"ReadAction\",\"target\":[\"https:\\\/\\\/everydaychemshop.com\\\/pl\\\/product\\\/tramadol\\\/\"]}]},{\"@type\":\"ImageObject\",\"inLanguage\":\"en-US\",\"@id\":\"https:\\\/\\\/everydaychemshop.com\\\/pl\\\/product\\\/tramadol\\\/#primaryimage\",\"url\":\"https:\\\/\\\/everydaychemshop.com\\\/pl\\\/wp-content\\\/uploads\\\/sites\\\/8\\\/2022\\\/11\\\/CCA03770.jpg\",\"contentUrl\":\"https:\\\/\\\/everydaychemshop.com\\\/pl\\\/wp-content\\\/uploads\\\/sites\\\/8\\\/2022\\\/11\\\/CCA03770.jpg\",\"width\":288,\"height\":216,\"caption\":\"Kup tabletki Tramadol online\"},{\"@type\":\"BreadcrumbList\",\"@id\":\"https:\\\/\\\/everydaychemshop.com\\\/pl\\\/product\\\/tramadol\\\/#breadcrumb\",\"itemListElement\":[{\"@type\":\"ListItem\",\"position\":1,\"name\":\"Home\",\"item\":\"https:\\\/\\\/everydaychemshop.com\\\/pl\\\/\"},{\"@type\":\"ListItem\",\"position\":2,\"name\":\"Produkty\",\"item\":\"https:\\\/\\\/everydaychemshop.com\\\/pl\\\/produkty\\\/\"},{\"@type\":\"ListItem\",\"position\":3,\"name\":\"Tramadol\"}]},{\"@type\":\"WebSite\",\"@id\":\"https:\\\/\\\/everydaychemshop.com\\\/pl\\\/#website\",\"url\":\"https:\\\/\\\/everydaychemshop.com\\\/pl\\\/\",\"name\":\"Everyday Chem Shop\",\"description\":\"\",\"potentialAction\":[{\"@type\":\"SearchAction\",\"target\":{\"@type\":\"EntryPoint\",\"urlTemplate\":\"https:\\\/\\\/everydaychemshop.com\\\/pl\\\/?s={search_term_string}\"},\"query-input\":{\"@type\":\"PropertyValueSpecification\",\"valueRequired\":true,\"valueName\":\"search_term_string\"}}],\"inLanguage\":\"en-US\"}]}<\/script>\n<!-- \/ Yoast SEO Premium plugin. -->","yoast_head_json":{"title":"Kup tabletki Tramadol online - Everyday Chem Shop","description":"Kup tabletki Tramadol online. Sprzedajemy najwy\u017cszej jako\u015bci pigu\u0142ki Tramadol online. Prosimy o kontakt, aby uzyska\u0107 wi\u0119cej informacji i ceny za zam\u00f3wienie.","robots":{"index":"index","follow":"follow","max-snippet":"max-snippet:-1","max-image-preview":"max-image-preview:large","max-video-preview":"max-video-preview:-1"},"canonical":"https:\/\/everydaychemshop.com\/pl\/product\/tramadol\/","og_locale":"en_US","og_type":"article","og_title":"Tramadol","og_description":"Kup tabletki Tramadol online. Sprzedajemy najwy\u017cszej jako\u015bci pigu\u0142ki Tramadol online. Prosimy o kontakt, aby uzyska\u0107 wi\u0119cej informacji i ceny za zam\u00f3wienie.","og_url":"https:\/\/everydaychemshop.com\/pl\/product\/tramadol\/","og_site_name":"Everyday Chem Shop","article_modified_time":"2023-04-07T18:20:03+00:00","og_image":[{"width":288,"height":216,"url":"https:\/\/everydaychemshop.com\/pl\/wp-content\/uploads\/sites\/8\/2022\/11\/CCA03770.jpg","type":"image\/jpeg"}],"twitter_card":"summary_large_image","twitter_misc":{"Est. reading time":"1 minute"},"schema":{"@context":"https:\/\/schema.org","@graph":[{"@type":"WebPage","@id":"https:\/\/everydaychemshop.com\/pl\/product\/tramadol\/","url":"https:\/\/everydaychemshop.com\/pl\/product\/tramadol\/","name":"Kup tabletki Tramadol online - Everyday Chem Shop","isPartOf":{"@id":"https:\/\/everydaychemshop.com\/pl\/#website"},"primaryImageOfPage":{"@id":"https:\/\/everydaychemshop.com\/pl\/product\/tramadol\/#primaryimage"},"image":{"@id":"https:\/\/everydaychemshop.com\/pl\/product\/tramadol\/#primaryimage"},"thumbnailUrl":"https:\/\/everydaychemshop.com\/pl\/wp-content\/uploads\/sites\/8\/2022\/11\/CCA03770.jpg","datePublished":"2022-11-17T10:00:02+00:00","dateModified":"2023-04-07T18:20:03+00:00","description":"Kup tabletki Tramadol online. Sprzedajemy najwy\u017cszej jako\u015bci pigu\u0142ki Tramadol online. Prosimy o kontakt, aby uzyska\u0107 wi\u0119cej informacji i ceny za zam\u00f3wienie.","breadcrumb":{"@id":"https:\/\/everydaychemshop.com\/pl\/product\/tramadol\/#breadcrumb"},"inLanguage":"en-US","potentialAction":[{"@type":"ReadAction","target":["https:\/\/everydaychemshop.com\/pl\/product\/tramadol\/"]}]},{"@type":"ImageObject","inLanguage":"en-US","@id":"https:\/\/everydaychemshop.com\/pl\/product\/tramadol\/#primaryimage","url":"https:\/\/everydaychemshop.com\/pl\/wp-content\/uploads\/sites\/8\/2022\/11\/CCA03770.jpg","contentUrl":"https:\/\/everydaychemshop.com\/pl\/wp-content\/uploads\/sites\/8\/2022\/11\/CCA03770.jpg","width":288,"height":216,"caption":"Kup tabletki Tramadol online"},{"@type":"BreadcrumbList","@id":"https:\/\/everydaychemshop.com\/pl\/product\/tramadol\/#breadcrumb","itemListElement":[{"@type":"ListItem","position":1,"name":"Home","item":"https:\/\/everydaychemshop.com\/pl\/"},{"@type":"ListItem","position":2,"name":"Produkty","item":"https:\/\/everydaychemshop.com\/pl\/produkty\/"},{"@type":"ListItem","position":3,"name":"Tramadol"}]},{"@type":"WebSite","@id":"https:\/\/everydaychemshop.com\/pl\/#website","url":"https:\/\/everydaychemshop.com\/pl\/","name":"Everyday Chem Shop","description":"","potentialAction":[{"@type":"SearchAction","target":{"@type":"EntryPoint","urlTemplate":"https:\/\/everydaychemshop.com\/pl\/?s={search_term_string}"},"query-input":{"@type":"PropertyValueSpecification","valueRequired":true,"valueName":"search_term_string"}}],"inLanguage":"en-US"}]}},"_links":{"self":[{"href":"https:\/\/everydaychemshop.com\/pl\/wp-json\/wp\/v2\/product\/7935","targetHints":{"allow":["GET"]}}],"collection":[{"href":"https:\/\/everydaychemshop.com\/pl\/wp-json\/wp\/v2\/product"}],"about":[{"href":"https:\/\/everydaychemshop.com\/pl\/wp-json\/wp\/v2\/types\/product"}],"replies":[{"embeddable":true,"href":"https:\/\/everydaychemshop.com\/pl\/wp-json\/wp\/v2\/comments?post=7935"}],"wp:featuredmedia":[{"embeddable":true,"href":"https:\/\/everydaychemshop.com\/pl\/wp-json\/wp\/v2\/media\/7962"}],"wp:attachment":[{"href":"https:\/\/everydaychemshop.com\/pl\/wp-json\/wp\/v2\/media?parent=7935"}],"wp:term":[{"taxonomy":"product_brand","embeddable":true,"href":"https:\/\/everydaychemshop.com\/pl\/wp-json\/wp\/v2\/product_brand?post=7935"},{"taxonomy":"product_cat","embeddable":true,"href":"https:\/\/everydaychemshop.com\/pl\/wp-json\/wp\/v2\/product_cat?post=7935"},{"taxonomy":"product_tag","embeddable":true,"href":"https:\/\/everydaychemshop.com\/pl\/wp-json\/wp\/v2\/product_tag?post=7935"}],"curies":[{"name":"wp","href":"https:\/\/api.w.org\/{rel}","templated":true}]}}